{"id":77011,"date":"2009-08-17T08:08:12","date_gmt":"2009-08-17T06:08:12","guid":{"rendered":"https:\/\/www.bagnoitalia.com\/product\/asco-bad-spiegelschrank-77x65x25cm"},"modified":"2024-05-11T00:13:31","modified_gmt":"2024-05-10T22:13:31","slug":"asco-bad-spiegelschrank-77x65x25cm","status":"publish","type":"product","link":"https:\/\/www.bagnoitalia.com\/de\/produkt\/asco-bad-spiegelschrank-77x65x25cm.html","title":{"rendered":"Asco Bad-Spiegelschrank, 77x65x25cm"},"content":{"rendered":"<p><strong><span style=\"color: #ff0000;\">Asco Bad-Spiegelschrank, multifunktional<\/span><\/strong><\/p>\n<p><strong><span style=\"color: #ff0000;\">Dieser Spiegel ist mit einer Steckdose, einem Schalter und internen Ablagen aus Glas ausgestattet, die Spiegelt\u00fcren \u00f6ffnen sich so, dass auch die Hinterseite des Kopfes betrachtet werden kann! <br \/><\/span><\/strong><\/p>\n<p><strong><span style=\"color: #ff0000;\">Der Schrank hat 3 T\u00fcren!<br \/><\/span><\/strong><\/p>\n<p>&nbsp;<\/p>\n<p><strong>Material:<\/strong>&nbsp;<\/p>\n<p>Struktur MDF-Holz (Mediodensit)<\/p>\n<p>Spiegelschrank<\/p>\n","protected":false},"excerpt":{"rendered":"<p>Der Asco Spiegelschrank ist 77x65x25cm gro\u00df. Das Produkt ist mit Spiegelt\u00fcren, einem Schalter, einer Steckdose und Ablagen best\u00fcckt.<\/p>\n","protected":false},"featured_media":9634,"comment_status":"open","ping_status":"closed","template":"","meta":[],"product_brand":[5011],"product_cat":[9680],"product_tag":[],"class_list":{"0":"post-77011","1":"product","2":"type-product","3":"status-publish","4":"has-post-thumbnail","6":"product_brand-baden-haus","7":"product_cat-spiegel","9":"first","10":"instock","11":"sale","12":"taxable","13":"shipping-taxable","14":"purchasable","15":"product-type-simple"},"exclude_global_add_ons":[],"addons":[],"yoast_head":"<!-- This site is optimized with the Yoast SEO plugin v26.7 - https:\/\/yoast.com\/wordpress\/plugins\/seo\/ -->\n<title>Asco Bad-Spiegelschrank, 77x65x25cm - Bagno Italia<\/title>\n<meta name=\"description\" content=\"Asco Modell Badezimmerspiegel mit Multifunktionsbeh\u00e4lter, Abmessungen 73x66x27cm. Ausgestattet mit interner Steckdose und Schalter, mit 2 Glasb\u00f6den.\" \/>\n<meta name=\"robots\" content=\"index, follow, max-snippet:-1, max-image-preview:large, max-video-preview:-1\" \/>\n<link rel=\"canonical\" href=\"https:\/\/www.bagnoitalia.com\/de\/produkt\/asco-bad-spiegelschrank-77x65x25cm.html\" \/>\n<meta property=\"og:locale\" content=\"de_DE\" \/>\n<meta property=\"og:type\" content=\"article\" \/>\n<meta property=\"og:title\" content=\"Asco Bad-Spiegelschrank, 77x65x25cm - Bagno Italia\" \/>\n<meta property=\"og:description\" content=\"Asco Modell Badezimmerspiegel mit Multifunktionsbeh\u00e4lter, Abmessungen 73x66x27cm. Ausgestattet mit interner Steckdose und Schalter, mit 2 Glasb\u00f6den.\" \/>\n<meta property=\"og:url\" content=\"https:\/\/www.bagnoitalia.com\/de\/produkt\/asco-bad-spiegelschrank-77x65x25cm.html\" \/>\n<meta property=\"og:site_name\" content=\"Bagno Italia\" \/>\n<meta property=\"article:modified_time\" content=\"2024-05-10T22:13:31+00:00\" \/>\n<meta property=\"og:image\" content=\"https:\/\/img.bagnoitalia.com\/wp-content\/uploads\/virtuemart\/product\/Bathroom-mirror-Ascoli-model-77x65hx25-1_1542702335_7872.jpg\" \/>\n\t<meta property=\"og:image:width\" content=\"494\" \/>\n\t<meta property=\"og:image:height\" content=\"494\" \/>\n\t<meta property=\"og:image:type\" content=\"image\/jpeg\" \/>\n<meta name=\"twitter:card\" content=\"summary_large_image\" \/>\n<script type=\"application\/ld+json\" class=\"yoast-schema-graph\">{\"@context\":\"https:\/\/schema.org\",\"@graph\":[{\"@type\":\"WebPage\",\"@id\":\"https:\/\/www.bagnoitalia.com\/de\/produkt\/asco-bad-spiegelschrank-77x65x25cm.html\",\"url\":\"https:\/\/www.bagnoitalia.com\/de\/produkt\/asco-bad-spiegelschrank-77x65x25cm.html\",\"name\":\"Asco Bad-Spiegelschrank, 77x65x25cm - Bagno Italia\",\"isPartOf\":{\"@id\":\"https:\/\/www.bagnoitalia.com\/de#website\"},\"primaryImageOfPage\":{\"@id\":\"https:\/\/www.bagnoitalia.com\/de\/produkt\/asco-bad-spiegelschrank-77x65x25cm.html#primaryimage\"},\"image\":{\"@id\":\"https:\/\/www.bagnoitalia.com\/de\/produkt\/asco-bad-spiegelschrank-77x65x25cm.html#primaryimage\"},\"thumbnailUrl\":\"https:\/\/img.bagnoitalia.com\/wp-content\/uploads\/virtuemart\/product\/Bathroom-mirror-Ascoli-model-77x65hx25-1_1542702335_7872.jpg\",\"datePublished\":\"2009-08-17T06:08:12+00:00\",\"dateModified\":\"2024-05-10T22:13:31+00:00\",\"description\":\"Asco Modell Badezimmerspiegel mit Multifunktionsbeh\u00e4lter, Abmessungen 73x66x27cm. Ausgestattet mit interner Steckdose und Schalter, mit 2 Glasb\u00f6den.\",\"breadcrumb\":{\"@id\":\"https:\/\/www.bagnoitalia.com\/de\/produkt\/asco-bad-spiegelschrank-77x65x25cm.html#breadcrumb\"},\"inLanguage\":\"de\",\"potentialAction\":[{\"@type\":\"ReadAction\",\"target\":[\"https:\/\/www.bagnoitalia.com\/de\/produkt\/asco-bad-spiegelschrank-77x65x25cm.html\"]}]},{\"@type\":\"ImageObject\",\"inLanguage\":\"de\",\"@id\":\"https:\/\/www.bagnoitalia.com\/de\/produkt\/asco-bad-spiegelschrank-77x65x25cm.html#primaryimage\",\"url\":\"https:\/\/img.bagnoitalia.com\/wp-content\/uploads\/virtuemart\/product\/Bathroom-mirror-Ascoli-model-77x65hx25-1_1542702335_7872.jpg\",\"contentUrl\":\"https:\/\/img.bagnoitalia.com\/wp-content\/uploads\/virtuemart\/product\/Bathroom-mirror-Ascoli-model-77x65hx25-1_1542702335_7872.jpg\",\"width\":494,\"height\":494},{\"@type\":\"BreadcrumbList\",\"@id\":\"https:\/\/www.bagnoitalia.com\/de\/produkt\/asco-bad-spiegelschrank-77x65x25cm.html#breadcrumb\",\"itemListElement\":[{\"@type\":\"ListItem\",\"position\":1,\"name\":\"Home\",\"item\":\"https:\/\/www.bagnoitalia.com\/de\"},{\"@type\":\"ListItem\",\"position\":2,\"name\":\"Produkte\",\"item\":\"https:\/\/www.bagnoitalia.com\/de\/shop\"},{\"@type\":\"ListItem\",\"position\":3,\"name\":\"Asco Bad-Spiegelschrank, 77x65x25cm\"}]},{\"@type\":\"WebSite\",\"@id\":\"https:\/\/www.bagnoitalia.com\/de#website\",\"url\":\"https:\/\/www.bagnoitalia.com\/de\",\"name\":\"Bagno Italia\",\"description\":\"\",\"publisher\":{\"@id\":\"https:\/\/www.bagnoitalia.com\/de#organization\"},\"potentialAction\":[{\"@type\":\"SearchAction\",\"target\":{\"@type\":\"EntryPoint\",\"urlTemplate\":\"https:\/\/www.bagnoitalia.com\/de?s={search_term_string}\"},\"query-input\":{\"@type\":\"PropertyValueSpecification\",\"valueRequired\":true,\"valueName\":\"search_term_string\"}}],\"inLanguage\":\"de\"},{\"@type\":\"Organization\",\"@id\":\"https:\/\/www.bagnoitalia.com\/de#organization\",\"name\":\"Bagno Italia\",\"url\":\"https:\/\/www.bagnoitalia.com\/de\",\"logo\":{\"@type\":\"ImageObject\",\"inLanguage\":\"de\",\"@id\":\"https:\/\/www.bagnoitalia.com\/de#\/schema\/logo\/image\/\",\"url\":\"https:\/\/img.bagnoitalia.com\/wp-content\/uploads\/logo-bagnoitalia.webp\",\"contentUrl\":\"https:\/\/img.bagnoitalia.com\/wp-content\/uploads\/logo-bagnoitalia.webp\",\"width\":400,\"height\":70,\"caption\":\"Bagno Italia\"},\"image\":{\"@id\":\"https:\/\/www.bagnoitalia.com\/de#\/schema\/logo\/image\/\"}}]}<\/script>\n<!-- \/ Yoast SEO plugin. -->","yoast_head_json":{"title":"Asco Bad-Spiegelschrank, 77x65x25cm - Bagno Italia","description":"Asco Modell Badezimmerspiegel mit Multifunktionsbeh\u00e4lter, Abmessungen 73x66x27cm. Ausgestattet mit interner Steckdose und Schalter, mit 2 Glasb\u00f6den.","robots":{"index":"index","follow":"follow","max-snippet":"max-snippet:-1","max-image-preview":"max-image-preview:large","max-video-preview":"max-video-preview:-1"},"canonical":"https:\/\/www.bagnoitalia.com\/de\/produkt\/asco-bad-spiegelschrank-77x65x25cm.html","og_locale":"de_DE","og_type":"article","og_title":"Asco Bad-Spiegelschrank, 77x65x25cm - Bagno Italia","og_description":"Asco Modell Badezimmerspiegel mit Multifunktionsbeh\u00e4lter, Abmessungen 73x66x27cm. Ausgestattet mit interner Steckdose und Schalter, mit 2 Glasb\u00f6den.","og_url":"https:\/\/www.bagnoitalia.com\/de\/produkt\/asco-bad-spiegelschrank-77x65x25cm.html","og_site_name":"Bagno Italia","article_modified_time":"2024-05-10T22:13:31+00:00","og_image":[{"width":494,"height":494,"url":"https:\/\/img.bagnoitalia.com\/wp-content\/uploads\/virtuemart\/product\/Bathroom-mirror-Ascoli-model-77x65hx25-1_1542702335_7872.jpg","type":"image\/jpeg"}],"twitter_card":"summary_large_image","schema":{"@context":"https:\/\/schema.org","@graph":[{"@type":"WebPage","@id":"https:\/\/www.bagnoitalia.com\/de\/produkt\/asco-bad-spiegelschrank-77x65x25cm.html","url":"https:\/\/www.bagnoitalia.com\/de\/produkt\/asco-bad-spiegelschrank-77x65x25cm.html","name":"Asco Bad-Spiegelschrank, 77x65x25cm - Bagno Italia","isPartOf":{"@id":"https:\/\/www.bagnoitalia.com\/de#website"},"primaryImageOfPage":{"@id":"https:\/\/www.bagnoitalia.com\/de\/produkt\/asco-bad-spiegelschrank-77x65x25cm.html#primaryimage"},"image":{"@id":"https:\/\/www.bagnoitalia.com\/de\/produkt\/asco-bad-spiegelschrank-77x65x25cm.html#primaryimage"},"thumbnailUrl":"https:\/\/img.bagnoitalia.com\/wp-content\/uploads\/virtuemart\/product\/Bathroom-mirror-Ascoli-model-77x65hx25-1_1542702335_7872.jpg","datePublished":"2009-08-17T06:08:12+00:00","dateModified":"2024-05-10T22:13:31+00:00","description":"Asco Modell Badezimmerspiegel mit Multifunktionsbeh\u00e4lter, Abmessungen 73x66x27cm. Ausgestattet mit interner Steckdose und Schalter, mit 2 Glasb\u00f6den.","breadcrumb":{"@id":"https:\/\/www.bagnoitalia.com\/de\/produkt\/asco-bad-spiegelschrank-77x65x25cm.html#breadcrumb"},"inLanguage":"de","potentialAction":[{"@type":"ReadAction","target":["https:\/\/www.bagnoitalia.com\/de\/produkt\/asco-bad-spiegelschrank-77x65x25cm.html"]}]},{"@type":"ImageObject","inLanguage":"de","@id":"https:\/\/www.bagnoitalia.com\/de\/produkt\/asco-bad-spiegelschrank-77x65x25cm.html#primaryimage","url":"https:\/\/img.bagnoitalia.com\/wp-content\/uploads\/virtuemart\/product\/Bathroom-mirror-Ascoli-model-77x65hx25-1_1542702335_7872.jpg","contentUrl":"https:\/\/img.bagnoitalia.com\/wp-content\/uploads\/virtuemart\/product\/Bathroom-mirror-Ascoli-model-77x65hx25-1_1542702335_7872.jpg","width":494,"height":494},{"@type":"BreadcrumbList","@id":"https:\/\/www.bagnoitalia.com\/de\/produkt\/asco-bad-spiegelschrank-77x65x25cm.html#breadcrumb","itemListElement":[{"@type":"ListItem","position":1,"name":"Home","item":"https:\/\/www.bagnoitalia.com\/de"},{"@type":"ListItem","position":2,"name":"Produkte","item":"https:\/\/www.bagnoitalia.com\/de\/shop"},{"@type":"ListItem","position":3,"name":"Asco Bad-Spiegelschrank, 77x65x25cm"}]},{"@type":"WebSite","@id":"https:\/\/www.bagnoitalia.com\/de#website","url":"https:\/\/www.bagnoitalia.com\/de","name":"Bagno Italia","description":"","publisher":{"@id":"https:\/\/www.bagnoitalia.com\/de#organization"},"potentialAction":[{"@type":"SearchAction","target":{"@type":"EntryPoint","urlTemplate":"https:\/\/www.bagnoitalia.com\/de?s={search_term_string}"},"query-input":{"@type":"PropertyValueSpecification","valueRequired":true,"valueName":"search_term_string"}}],"inLanguage":"de"},{"@type":"Organization","@id":"https:\/\/www.bagnoitalia.com\/de#organization","name":"Bagno Italia","url":"https:\/\/www.bagnoitalia.com\/de","logo":{"@type":"ImageObject","inLanguage":"de","@id":"https:\/\/www.bagnoitalia.com\/de#\/schema\/logo\/image\/","url":"https:\/\/img.bagnoitalia.com\/wp-content\/uploads\/logo-bagnoitalia.webp","contentUrl":"https:\/\/img.bagnoitalia.com\/wp-content\/uploads\/logo-bagnoitalia.webp","width":400,"height":70,"caption":"Bagno Italia"},"image":{"@id":"https:\/\/www.bagnoitalia.com\/de#\/schema\/logo\/image\/"}}]}},"_links":{"self":[{"href":"https:\/\/www.bagnoitalia.com\/de\/wp-json\/wp\/v2\/product\/77011","targetHints":{"allow":["GET"]}}],"collection":[{"href":"https:\/\/www.bagnoitalia.com\/de\/wp-json\/wp\/v2\/product"}],"about":[{"href":"https:\/\/www.bagnoitalia.com\/de\/wp-json\/wp\/v2\/types\/product"}],"replies":[{"embeddable":true,"href":"https:\/\/www.bagnoitalia.com\/de\/wp-json\/wp\/v2\/comments?post=77011"}],"version-history":[{"count":0,"href":"https:\/\/www.bagnoitalia.com\/de\/wp-json\/wp\/v2\/product\/77011\/revisions"}],"wp:featuredmedia":[{"embeddable":true,"href":"https:\/\/www.bagnoitalia.com\/de\/wp-json\/wp\/v2\/media\/9634"}],"wp:attachment":[{"href":"https:\/\/www.bagnoitalia.com\/de\/wp-json\/wp\/v2\/media?parent=77011"}],"wp:term":[{"taxonomy":"product_brand","embeddable":true,"href":"https:\/\/www.bagnoitalia.com\/de\/wp-json\/wp\/v2\/product_brand?post=77011"},{"taxonomy":"product_cat","embeddable":true,"href":"https:\/\/www.bagnoitalia.com\/de\/wp-json\/wp\/v2\/product_cat?post=77011"},{"taxonomy":"product_tag","embeddable":true,"href":"https:\/\/www.bagnoitalia.com\/de\/wp-json\/wp\/v2\/product_tag?post=77011"}],"curies":[{"name":"wp","href":"https:\/\/api.w.org\/{rel}","templated":true}]}}