{"id":76995,"date":"2009-08-06T16:30:36","date_gmt":"2009-08-06T14:30:36","guid":{"rendered":"https:\/\/www.bagnoitalia.com\/product\/waschbecken-waschtische-pilozza-1-tur-45x85hx50"},"modified":"2024-05-11T00:13:26","modified_gmt":"2024-05-10T22:13:26","slug":"waschbecken-waschtische-pilozza-1-tur-45x85hx50","status":"publish","type":"product","link":"https:\/\/www.bagnoitalia.com\/de\/produkt\/waschbecken-waschtische-pilozza-1-tur-45x85hx50.html","title":{"rendered":"Waschbecken mit Sp\u00fclenschrank, 45x85hx50 LAV90"},"content":{"rendered":"<p>&nbsp;<\/p>\n<p><strong>Materialien<\/strong><\/p>\n<p>&nbsp;<\/p>\n<p>Waschbecken Unterschrank: IDROPAN Melamin (20% wasserabweisend) mattwei\u00df<\/p>\n<p>T\u00fcr: IDROPAN Melamin (20% wasserabweisend) mattwei\u00df<\/p>\n<p>Waschbecken: Harz<\/p>\n<p>Scharniere: Metall<\/p>\n<p>Griffe: wei\u00df<\/p>\n<p>&nbsp;<\/p>\n<p><strong>Die Sp\u00fcle ist best\u00fcckt mit:<\/strong> <\/p>\n<p> <span style=\"text-decoration: underline;\">Methacrylat-Beh\u00e4lter einschlie\u00dflich Wasserverschluss und Ablauf (Innenma\u00dfe 30x33x27 prof.)<\/span> <\/p>\n<p> <span style=\"text-decoration: underline;\">Tisch aus Seesperrholz.<\/span><\/p>\n","protected":false},"excerpt":{"rendered":"<p>Sp\u00fclenschrank 45x85hx50 mit Wanne und Tisch<\/p>\n","protected":false},"featured_media":9530,"comment_status":"open","ping_status":"closed","template":"","meta":[],"product_brand":[5011],"product_cat":[9676],"product_tag":[],"class_list":{"0":"post-76995","1":"product","2":"type-product","3":"status-publish","4":"has-post-thumbnail","6":"product_brand-baden-haus","7":"product_cat-waschbecken","9":"first","10":"instock","11":"sale","12":"taxable","13":"shipping-taxable","14":"purchasable","15":"product-type-simple"},"exclude_global_add_ons":[],"addons":[],"yoast_head":"<!-- This site is optimized with the Yoast SEO plugin v26.7 - https:\/\/yoast.com\/wordpress\/plugins\/seo\/ -->\n<title>Pilozza Waschtisch 1 T\u00fcr, wei\u00dfe Farbe bh LAV90<\/title>\n<meta name=\"description\" content=\"Pilozza Waschtisch mit 1 T\u00fcr, verf\u00fcgbar in Wei\u00df. Komplett mit Wanne, Siphon und Sperrholztisch - Bagno Italia\" \/>\n<meta name=\"robots\" content=\"index, follow, max-snippet:-1, max-image-preview:large, max-video-preview:-1\" \/>\n<link rel=\"canonical\" href=\"https:\/\/www.bagnoitalia.com\/de\/produkt\/waschbecken-waschtische-pilozza-1-tur-45x85hx50.html\" \/>\n<meta property=\"og:locale\" content=\"de_DE\" \/>\n<meta property=\"og:type\" content=\"article\" \/>\n<meta property=\"og:title\" content=\"Pilozza Waschtisch 1 T\u00fcr, wei\u00dfe Farbe bh LAV90\" \/>\n<meta property=\"og:description\" content=\"Pilozza Waschtisch mit 1 T\u00fcr, verf\u00fcgbar in Wei\u00df. Komplett mit Wanne, Siphon und Sperrholztisch - Bagno Italia\" \/>\n<meta property=\"og:url\" content=\"https:\/\/www.bagnoitalia.com\/de\/produkt\/waschbecken-waschtische-pilozza-1-tur-45x85hx50.html\" \/>\n<meta property=\"og:site_name\" content=\"Bagno Italia\" \/>\n<meta property=\"article:modified_time\" content=\"2024-05-10T22:13:26+00:00\" \/>\n<meta property=\"og:image\" content=\"https:\/\/img.bagnoitalia.com\/wp-content\/uploads\/virtuemart\/product\/Laundry-sink-1-door-1_1542818548_505.jpg\" \/>\n\t<meta property=\"og:image:width\" content=\"743\" \/>\n\t<meta property=\"og:image:height\" content=\"1088\" \/>\n\t<meta property=\"og:image:type\" content=\"image\/jpeg\" \/>\n<meta name=\"twitter:card\" content=\"summary_large_image\" \/>\n<script type=\"application\/ld+json\" class=\"yoast-schema-graph\">{\"@context\":\"https:\/\/schema.org\",\"@graph\":[{\"@type\":\"WebPage\",\"@id\":\"https:\/\/www.bagnoitalia.com\/de\/produkt\/waschbecken-waschtische-pilozza-1-tur-45x85hx50.html\",\"url\":\"https:\/\/www.bagnoitalia.com\/de\/produkt\/waschbecken-waschtische-pilozza-1-tur-45x85hx50.html\",\"name\":\"Pilozza Waschtisch 1 T\u00fcr, wei\u00dfe Farbe bh LAV90\",\"isPartOf\":{\"@id\":\"https:\/\/www.bagnoitalia.com\/de#website\"},\"primaryImageOfPage\":{\"@id\":\"https:\/\/www.bagnoitalia.com\/de\/produkt\/waschbecken-waschtische-pilozza-1-tur-45x85hx50.html#primaryimage\"},\"image\":{\"@id\":\"https:\/\/www.bagnoitalia.com\/de\/produkt\/waschbecken-waschtische-pilozza-1-tur-45x85hx50.html#primaryimage\"},\"thumbnailUrl\":\"https:\/\/img.bagnoitalia.com\/wp-content\/uploads\/virtuemart\/product\/Laundry-sink-1-door-1_1542818548_505.jpg\",\"datePublished\":\"2009-08-06T14:30:36+00:00\",\"dateModified\":\"2024-05-10T22:13:26+00:00\",\"description\":\"Pilozza Waschtisch mit 1 T\u00fcr, verf\u00fcgbar in Wei\u00df. Komplett mit Wanne, Siphon und Sperrholztisch - Bagno Italia\",\"breadcrumb\":{\"@id\":\"https:\/\/www.bagnoitalia.com\/de\/produkt\/waschbecken-waschtische-pilozza-1-tur-45x85hx50.html#breadcrumb\"},\"inLanguage\":\"de\",\"potentialAction\":[{\"@type\":\"ReadAction\",\"target\":[\"https:\/\/www.bagnoitalia.com\/de\/produkt\/waschbecken-waschtische-pilozza-1-tur-45x85hx50.html\"]}]},{\"@type\":\"ImageObject\",\"inLanguage\":\"de\",\"@id\":\"https:\/\/www.bagnoitalia.com\/de\/produkt\/waschbecken-waschtische-pilozza-1-tur-45x85hx50.html#primaryimage\",\"url\":\"https:\/\/img.bagnoitalia.com\/wp-content\/uploads\/virtuemart\/product\/Laundry-sink-1-door-1_1542818548_505.jpg\",\"contentUrl\":\"https:\/\/img.bagnoitalia.com\/wp-content\/uploads\/virtuemart\/product\/Laundry-sink-1-door-1_1542818548_505.jpg\",\"width\":743,\"height\":1088},{\"@type\":\"BreadcrumbList\",\"@id\":\"https:\/\/www.bagnoitalia.com\/de\/produkt\/waschbecken-waschtische-pilozza-1-tur-45x85hx50.html#breadcrumb\",\"itemListElement\":[{\"@type\":\"ListItem\",\"position\":1,\"name\":\"Home\",\"item\":\"https:\/\/www.bagnoitalia.com\/de\"},{\"@type\":\"ListItem\",\"position\":2,\"name\":\"Produkte\",\"item\":\"https:\/\/www.bagnoitalia.com\/de\/shop\"},{\"@type\":\"ListItem\",\"position\":3,\"name\":\"Waschbecken mit Sp\u00fclenschrank, 45x85hx50 LAV90\"}]},{\"@type\":\"WebSite\",\"@id\":\"https:\/\/www.bagnoitalia.com\/de#website\",\"url\":\"https:\/\/www.bagnoitalia.com\/de\",\"name\":\"Bagno Italia\",\"description\":\"\",\"publisher\":{\"@id\":\"https:\/\/www.bagnoitalia.com\/de#organization\"},\"potentialAction\":[{\"@type\":\"SearchAction\",\"target\":{\"@type\":\"EntryPoint\",\"urlTemplate\":\"https:\/\/www.bagnoitalia.com\/de?s={search_term_string}\"},\"query-input\":{\"@type\":\"PropertyValueSpecification\",\"valueRequired\":true,\"valueName\":\"search_term_string\"}}],\"inLanguage\":\"de\"},{\"@type\":\"Organization\",\"@id\":\"https:\/\/www.bagnoitalia.com\/de#organization\",\"name\":\"Bagno Italia\",\"url\":\"https:\/\/www.bagnoitalia.com\/de\",\"logo\":{\"@type\":\"ImageObject\",\"inLanguage\":\"de\",\"@id\":\"https:\/\/www.bagnoitalia.com\/de#\/schema\/logo\/image\/\",\"url\":\"https:\/\/img.bagnoitalia.com\/wp-content\/uploads\/logo-bagnoitalia.webp\",\"contentUrl\":\"https:\/\/img.bagnoitalia.com\/wp-content\/uploads\/logo-bagnoitalia.webp\",\"width\":400,\"height\":70,\"caption\":\"Bagno Italia\"},\"image\":{\"@id\":\"https:\/\/www.bagnoitalia.com\/de#\/schema\/logo\/image\/\"}}]}<\/script>\n<!-- \/ Yoast SEO plugin. -->","yoast_head_json":{"title":"Pilozza Waschtisch 1 T\u00fcr, wei\u00dfe Farbe bh LAV90","description":"Pilozza Waschtisch mit 1 T\u00fcr, verf\u00fcgbar in Wei\u00df. Komplett mit Wanne, Siphon und Sperrholztisch - Bagno Italia","robots":{"index":"index","follow":"follow","max-snippet":"max-snippet:-1","max-image-preview":"max-image-preview:large","max-video-preview":"max-video-preview:-1"},"canonical":"https:\/\/www.bagnoitalia.com\/de\/produkt\/waschbecken-waschtische-pilozza-1-tur-45x85hx50.html","og_locale":"de_DE","og_type":"article","og_title":"Pilozza Waschtisch 1 T\u00fcr, wei\u00dfe Farbe bh LAV90","og_description":"Pilozza Waschtisch mit 1 T\u00fcr, verf\u00fcgbar in Wei\u00df. Komplett mit Wanne, Siphon und Sperrholztisch - Bagno Italia","og_url":"https:\/\/www.bagnoitalia.com\/de\/produkt\/waschbecken-waschtische-pilozza-1-tur-45x85hx50.html","og_site_name":"Bagno Italia","article_modified_time":"2024-05-10T22:13:26+00:00","og_image":[{"width":743,"height":1088,"url":"https:\/\/img.bagnoitalia.com\/wp-content\/uploads\/virtuemart\/product\/Laundry-sink-1-door-1_1542818548_505.jpg","type":"image\/jpeg"}],"twitter_card":"summary_large_image","schema":{"@context":"https:\/\/schema.org","@graph":[{"@type":"WebPage","@id":"https:\/\/www.bagnoitalia.com\/de\/produkt\/waschbecken-waschtische-pilozza-1-tur-45x85hx50.html","url":"https:\/\/www.bagnoitalia.com\/de\/produkt\/waschbecken-waschtische-pilozza-1-tur-45x85hx50.html","name":"Pilozza Waschtisch 1 T\u00fcr, wei\u00dfe Farbe bh LAV90","isPartOf":{"@id":"https:\/\/www.bagnoitalia.com\/de#website"},"primaryImageOfPage":{"@id":"https:\/\/www.bagnoitalia.com\/de\/produkt\/waschbecken-waschtische-pilozza-1-tur-45x85hx50.html#primaryimage"},"image":{"@id":"https:\/\/www.bagnoitalia.com\/de\/produkt\/waschbecken-waschtische-pilozza-1-tur-45x85hx50.html#primaryimage"},"thumbnailUrl":"https:\/\/img.bagnoitalia.com\/wp-content\/uploads\/virtuemart\/product\/Laundry-sink-1-door-1_1542818548_505.jpg","datePublished":"2009-08-06T14:30:36+00:00","dateModified":"2024-05-10T22:13:26+00:00","description":"Pilozza Waschtisch mit 1 T\u00fcr, verf\u00fcgbar in Wei\u00df. Komplett mit Wanne, Siphon und Sperrholztisch - Bagno Italia","breadcrumb":{"@id":"https:\/\/www.bagnoitalia.com\/de\/produkt\/waschbecken-waschtische-pilozza-1-tur-45x85hx50.html#breadcrumb"},"inLanguage":"de","potentialAction":[{"@type":"ReadAction","target":["https:\/\/www.bagnoitalia.com\/de\/produkt\/waschbecken-waschtische-pilozza-1-tur-45x85hx50.html"]}]},{"@type":"ImageObject","inLanguage":"de","@id":"https:\/\/www.bagnoitalia.com\/de\/produkt\/waschbecken-waschtische-pilozza-1-tur-45x85hx50.html#primaryimage","url":"https:\/\/img.bagnoitalia.com\/wp-content\/uploads\/virtuemart\/product\/Laundry-sink-1-door-1_1542818548_505.jpg","contentUrl":"https:\/\/img.bagnoitalia.com\/wp-content\/uploads\/virtuemart\/product\/Laundry-sink-1-door-1_1542818548_505.jpg","width":743,"height":1088},{"@type":"BreadcrumbList","@id":"https:\/\/www.bagnoitalia.com\/de\/produkt\/waschbecken-waschtische-pilozza-1-tur-45x85hx50.html#breadcrumb","itemListElement":[{"@type":"ListItem","position":1,"name":"Home","item":"https:\/\/www.bagnoitalia.com\/de"},{"@type":"ListItem","position":2,"name":"Produkte","item":"https:\/\/www.bagnoitalia.com\/de\/shop"},{"@type":"ListItem","position":3,"name":"Waschbecken mit Sp\u00fclenschrank, 45x85hx50 LAV90"}]},{"@type":"WebSite","@id":"https:\/\/www.bagnoitalia.com\/de#website","url":"https:\/\/www.bagnoitalia.com\/de","name":"Bagno Italia","description":"","publisher":{"@id":"https:\/\/www.bagnoitalia.com\/de#organization"},"potentialAction":[{"@type":"SearchAction","target":{"@type":"EntryPoint","urlTemplate":"https:\/\/www.bagnoitalia.com\/de?s={search_term_string}"},"query-input":{"@type":"PropertyValueSpecification","valueRequired":true,"valueName":"search_term_string"}}],"inLanguage":"de"},{"@type":"Organization","@id":"https:\/\/www.bagnoitalia.com\/de#organization","name":"Bagno Italia","url":"https:\/\/www.bagnoitalia.com\/de","logo":{"@type":"ImageObject","inLanguage":"de","@id":"https:\/\/www.bagnoitalia.com\/de#\/schema\/logo\/image\/","url":"https:\/\/img.bagnoitalia.com\/wp-content\/uploads\/logo-bagnoitalia.webp","contentUrl":"https:\/\/img.bagnoitalia.com\/wp-content\/uploads\/logo-bagnoitalia.webp","width":400,"height":70,"caption":"Bagno Italia"},"image":{"@id":"https:\/\/www.bagnoitalia.com\/de#\/schema\/logo\/image\/"}}]}},"_links":{"self":[{"href":"https:\/\/www.bagnoitalia.com\/de\/wp-json\/wp\/v2\/product\/76995","targetHints":{"allow":["GET"]}}],"collection":[{"href":"https:\/\/www.bagnoitalia.com\/de\/wp-json\/wp\/v2\/product"}],"about":[{"href":"https:\/\/www.bagnoitalia.com\/de\/wp-json\/wp\/v2\/types\/product"}],"replies":[{"embeddable":true,"href":"https:\/\/www.bagnoitalia.com\/de\/wp-json\/wp\/v2\/comments?post=76995"}],"version-history":[{"count":0,"href":"https:\/\/www.bagnoitalia.com\/de\/wp-json\/wp\/v2\/product\/76995\/revisions"}],"wp:featuredmedia":[{"embeddable":true,"href":"https:\/\/www.bagnoitalia.com\/de\/wp-json\/wp\/v2\/media\/9530"}],"wp:attachment":[{"href":"https:\/\/www.bagnoitalia.com\/de\/wp-json\/wp\/v2\/media?parent=76995"}],"wp:term":[{"taxonomy":"product_brand","embeddable":true,"href":"https:\/\/www.bagnoitalia.com\/de\/wp-json\/wp\/v2\/product_brand?post=76995"},{"taxonomy":"product_cat","embeddable":true,"href":"https:\/\/www.bagnoitalia.com\/de\/wp-json\/wp\/v2\/product_cat?post=76995"},{"taxonomy":"product_tag","embeddable":true,"href":"https:\/\/www.bagnoitalia.com\/de\/wp-json\/wp\/v2\/product_tag?post=76995"}],"curies":[{"name":"wp","href":"https:\/\/api.w.org\/{rel}","templated":true}]}}