{"id":76979,"date":"2009-08-06T02:24:59","date_gmt":"2009-08-06T00:24:59","guid":{"rendered":"https:\/\/www.bagnoitalia.com\/product\/zweifach-lackiertes-weises-oder-60x74hx27-badezimmerwandschrank"},"modified":"2024-09-20T16:28:53","modified_gmt":"2024-09-20T14:28:53","slug":"zweifach-lackiertes-weises-oder-60x74hx27-badezimmerwandschrank","status":"publish","type":"product","link":"https:\/\/www.bagnoitalia.com\/de\/produkt\/zweifach-lackiertes-weises-oder-60x74hx27-badezimmerwandschrank.html","title":{"rendered":"Doppelwandschrank, 60x74x27cm, in wei\u00df gl\u00e4nzend oder tabakbraun BM003"},"content":{"rendered":"<p><span style=\"text-decoration: underline; font-size: 12pt;\"><strong>60x74cm Doppelwandschrank in zwei Farben<br \/>\n<\/strong><\/span><\/p>\n<p>&nbsp;<\/p>\n<p><span style=\"text-decoration: underline;\"><span style=\"font-size: 12pt;\"><strong>Eigenschaften<\/strong><\/span><\/span><span style=\"text-decoration: underline; font-size: 12pt;\"><strong>:<\/strong><\/span><\/p>\n<p><span style=\"font-size: 12pt;\">Sturktur: MDF<\/span><\/p>\n<p><span style=\"font-size: 12pt;\">T\u00fcren: MDF, lackiert<\/span><\/p>\n<p>2 Einlegeb\u00f6den (fest)<\/p>\n<p><span style=\"font-size: 12pt;\">Wandschrank ohne Griffe (\u00fcber die Schrankt\u00fcr zu \u00f6ffnen)<\/span><\/p>\n<p><span style=\"font-size: 12pt;\">Farbe: wei\u00df gl\u00e4nzend oder tabakbraun<\/span><\/p>\n<p><span style=\"font-size: 12pt;\">T\u00fcren mit soft-close-System<\/span><\/p>\n<p>&nbsp;<\/p>\n","protected":false},"excerpt":{"rendered":"<p>60x74x27cm gro\u00dfer Doppelwandschrank in gl\u00e4nzendem wei\u00df oder tabakbraun.<\/p>\n","protected":false},"featured_media":9470,"comment_status":"open","ping_status":"closed","template":"","meta":[],"product_brand":[9898],"product_cat":[9668,9664],"product_tag":[],"class_list":{"0":"post-76979","1":"product","2":"type-product","3":"status-publish","4":"has-post-thumbnail","6":"product_brand-baden-haus-de","7":"product_cat-erganzende-mobel","8":"product_cat-wirtschaftliche-erganzende-mobel","10":"first","11":"instock","12":"sale","13":"taxable","14":"shipping-taxable","15":"purchasable","16":"product-type-simple"},"exclude_global_add_ons":false,"addons":[{"name":"Farbe","type":"multiple_choice","position":0,"required":true,"title_format":"heading","default":"","description_enable":false,"description":"","placeholder_enable":false,"placeholder":"","display":"select","restrictions_type":"any_text","adjust_price":false,"price":"","price_type":"flat_fee","restrictions":false,"min":"0","max":"0","options":[{"label":"Gl\u00e4nzend wei\u00df","price":"","price_type":"quantity_based","image":0,"visibility":true},{"label":"tabak","price":"20.33","price_type":"quantity_based","image":0,"visibility":true}],"id":1716568538}],"yoast_head":"<!-- This site is optimized with the Yoast SEO plugin v26.7 - https:\/\/yoast.com\/wordpress\/plugins\/seo\/ -->\n<title>Wandschrank aus doppelt lackiertem Wei\u00df oder Tabak<\/title>\n<meta name=\"description\" content=\"Badm\u00f6bel Shiny White oder Tabak, aus MDF-Holz, Gr\u00f6\u00dfe 60x74hx27cm - Bagno Italia\" \/>\n<meta name=\"robots\" content=\"index, follow, max-snippet:-1, max-image-preview:large, max-video-preview:-1\" \/>\n<link rel=\"canonical\" href=\"https:\/\/www.bagnoitalia.com\/de\/produkt\/zweifach-lackiertes-weises-oder-60x74hx27-badezimmerwandschrank.html\" \/>\n<meta property=\"og:locale\" content=\"de_DE\" \/>\n<meta property=\"og:type\" content=\"article\" \/>\n<meta property=\"og:title\" content=\"Wandschrank aus doppelt lackiertem Wei\u00df oder Tabak\" \/>\n<meta property=\"og:description\" content=\"Badm\u00f6bel Shiny White oder Tabak, aus MDF-Holz, Gr\u00f6\u00dfe 60x74hx27cm - Bagno Italia\" \/>\n<meta property=\"og:url\" content=\"https:\/\/www.bagnoitalia.com\/de\/produkt\/zweifach-lackiertes-weises-oder-60x74hx27-badezimmerwandschrank.html\" \/>\n<meta property=\"og:site_name\" content=\"Bagno Italia\" \/>\n<meta property=\"article:modified_time\" content=\"2024-09-20T14:28:53+00:00\" \/>\n<meta property=\"og:image\" content=\"https:\/\/img.bagnoitalia.com\/wp-content\/uploads\/virtuemart\/product\/Double-wall-cabinet-1645_1542711692_554.jpg\" \/>\n\t<meta property=\"og:image:width\" content=\"818\" \/>\n\t<meta property=\"og:image:height\" content=\"818\" \/>\n\t<meta property=\"og:image:type\" content=\"image\/jpeg\" \/>\n<meta name=\"twitter:card\" content=\"summary_large_image\" \/>\n<meta name=\"twitter:label1\" content=\"Gesch\u00e4tzte Lesezeit\" \/>\n\t<meta name=\"twitter:data1\" content=\"1\u00a0Minute\" \/>\n<script type=\"application\/ld+json\" class=\"yoast-schema-graph\">{\"@context\":\"https:\/\/schema.org\",\"@graph\":[{\"@type\":\"WebPage\",\"@id\":\"https:\/\/www.bagnoitalia.com\/de\/produkt\/zweifach-lackiertes-weises-oder-60x74hx27-badezimmerwandschrank.html\",\"url\":\"https:\/\/www.bagnoitalia.com\/de\/produkt\/zweifach-lackiertes-weises-oder-60x74hx27-badezimmerwandschrank.html\",\"name\":\"Wandschrank aus doppelt lackiertem Wei\u00df oder Tabak\",\"isPartOf\":{\"@id\":\"https:\/\/www.bagnoitalia.com\/de#website\"},\"primaryImageOfPage\":{\"@id\":\"https:\/\/www.bagnoitalia.com\/de\/produkt\/zweifach-lackiertes-weises-oder-60x74hx27-badezimmerwandschrank.html#primaryimage\"},\"image\":{\"@id\":\"https:\/\/www.bagnoitalia.com\/de\/produkt\/zweifach-lackiertes-weises-oder-60x74hx27-badezimmerwandschrank.html#primaryimage\"},\"thumbnailUrl\":\"https:\/\/img.bagnoitalia.com\/wp-content\/uploads\/virtuemart\/product\/Double-wall-cabinet-1645_1542711692_554.jpg\",\"datePublished\":\"2009-08-06T00:24:59+00:00\",\"dateModified\":\"2024-09-20T14:28:53+00:00\",\"description\":\"Badm\u00f6bel Shiny White oder Tabak, aus MDF-Holz, Gr\u00f6\u00dfe 60x74hx27cm - Bagno Italia\",\"breadcrumb\":{\"@id\":\"https:\/\/www.bagnoitalia.com\/de\/produkt\/zweifach-lackiertes-weises-oder-60x74hx27-badezimmerwandschrank.html#breadcrumb\"},\"inLanguage\":\"de\",\"potentialAction\":[{\"@type\":\"ReadAction\",\"target\":[\"https:\/\/www.bagnoitalia.com\/de\/produkt\/zweifach-lackiertes-weises-oder-60x74hx27-badezimmerwandschrank.html\"]}]},{\"@type\":\"ImageObject\",\"inLanguage\":\"de\",\"@id\":\"https:\/\/www.bagnoitalia.com\/de\/produkt\/zweifach-lackiertes-weises-oder-60x74hx27-badezimmerwandschrank.html#primaryimage\",\"url\":\"https:\/\/img.bagnoitalia.com\/wp-content\/uploads\/virtuemart\/product\/Double-wall-cabinet-1645_1542711692_554.jpg\",\"contentUrl\":\"https:\/\/img.bagnoitalia.com\/wp-content\/uploads\/virtuemart\/product\/Double-wall-cabinet-1645_1542711692_554.jpg\",\"width\":818,\"height\":818},{\"@type\":\"BreadcrumbList\",\"@id\":\"https:\/\/www.bagnoitalia.com\/de\/produkt\/zweifach-lackiertes-weises-oder-60x74hx27-badezimmerwandschrank.html#breadcrumb\",\"itemListElement\":[{\"@type\":\"ListItem\",\"position\":1,\"name\":\"Home\",\"item\":\"https:\/\/www.bagnoitalia.com\/de\"},{\"@type\":\"ListItem\",\"position\":2,\"name\":\"Produkte\",\"item\":\"https:\/\/www.bagnoitalia.com\/de\/shop\"},{\"@type\":\"ListItem\",\"position\":3,\"name\":\"Doppelwandschrank, 60x74x27cm, in wei\u00df gl\u00e4nzend oder tabakbraun BM003\"}]},{\"@type\":\"WebSite\",\"@id\":\"https:\/\/www.bagnoitalia.com\/de#website\",\"url\":\"https:\/\/www.bagnoitalia.com\/de\",\"name\":\"Bagno Italia\",\"description\":\"\",\"publisher\":{\"@id\":\"https:\/\/www.bagnoitalia.com\/de#organization\"},\"potentialAction\":[{\"@type\":\"SearchAction\",\"target\":{\"@type\":\"EntryPoint\",\"urlTemplate\":\"https:\/\/www.bagnoitalia.com\/de?s={search_term_string}\"},\"query-input\":{\"@type\":\"PropertyValueSpecification\",\"valueRequired\":true,\"valueName\":\"search_term_string\"}}],\"inLanguage\":\"de\"},{\"@type\":\"Organization\",\"@id\":\"https:\/\/www.bagnoitalia.com\/de#organization\",\"name\":\"Bagno Italia\",\"url\":\"https:\/\/www.bagnoitalia.com\/de\",\"logo\":{\"@type\":\"ImageObject\",\"inLanguage\":\"de\",\"@id\":\"https:\/\/www.bagnoitalia.com\/de#\/schema\/logo\/image\/\",\"url\":\"https:\/\/img.bagnoitalia.com\/wp-content\/uploads\/logo-bagnoitalia.webp\",\"contentUrl\":\"https:\/\/img.bagnoitalia.com\/wp-content\/uploads\/logo-bagnoitalia.webp\",\"width\":400,\"height\":70,\"caption\":\"Bagno Italia\"},\"image\":{\"@id\":\"https:\/\/www.bagnoitalia.com\/de#\/schema\/logo\/image\/\"}}]}<\/script>\n<!-- \/ Yoast SEO plugin. -->","yoast_head_json":{"title":"Wandschrank aus doppelt lackiertem Wei\u00df oder Tabak","description":"Badm\u00f6bel Shiny White oder Tabak, aus MDF-Holz, Gr\u00f6\u00dfe 60x74hx27cm - Bagno Italia","robots":{"index":"index","follow":"follow","max-snippet":"max-snippet:-1","max-image-preview":"max-image-preview:large","max-video-preview":"max-video-preview:-1"},"canonical":"https:\/\/www.bagnoitalia.com\/de\/produkt\/zweifach-lackiertes-weises-oder-60x74hx27-badezimmerwandschrank.html","og_locale":"de_DE","og_type":"article","og_title":"Wandschrank aus doppelt lackiertem Wei\u00df oder Tabak","og_description":"Badm\u00f6bel Shiny White oder Tabak, aus MDF-Holz, Gr\u00f6\u00dfe 60x74hx27cm - Bagno Italia","og_url":"https:\/\/www.bagnoitalia.com\/de\/produkt\/zweifach-lackiertes-weises-oder-60x74hx27-badezimmerwandschrank.html","og_site_name":"Bagno Italia","article_modified_time":"2024-09-20T14:28:53+00:00","og_image":[{"width":818,"height":818,"url":"https:\/\/img.bagnoitalia.com\/wp-content\/uploads\/virtuemart\/product\/Double-wall-cabinet-1645_1542711692_554.jpg","type":"image\/jpeg"}],"twitter_card":"summary_large_image","twitter_misc":{"Gesch\u00e4tzte Lesezeit":"1\u00a0Minute"},"schema":{"@context":"https:\/\/schema.org","@graph":[{"@type":"WebPage","@id":"https:\/\/www.bagnoitalia.com\/de\/produkt\/zweifach-lackiertes-weises-oder-60x74hx27-badezimmerwandschrank.html","url":"https:\/\/www.bagnoitalia.com\/de\/produkt\/zweifach-lackiertes-weises-oder-60x74hx27-badezimmerwandschrank.html","name":"Wandschrank aus doppelt lackiertem Wei\u00df oder Tabak","isPartOf":{"@id":"https:\/\/www.bagnoitalia.com\/de#website"},"primaryImageOfPage":{"@id":"https:\/\/www.bagnoitalia.com\/de\/produkt\/zweifach-lackiertes-weises-oder-60x74hx27-badezimmerwandschrank.html#primaryimage"},"image":{"@id":"https:\/\/www.bagnoitalia.com\/de\/produkt\/zweifach-lackiertes-weises-oder-60x74hx27-badezimmerwandschrank.html#primaryimage"},"thumbnailUrl":"https:\/\/img.bagnoitalia.com\/wp-content\/uploads\/virtuemart\/product\/Double-wall-cabinet-1645_1542711692_554.jpg","datePublished":"2009-08-06T00:24:59+00:00","dateModified":"2024-09-20T14:28:53+00:00","description":"Badm\u00f6bel Shiny White oder Tabak, aus MDF-Holz, Gr\u00f6\u00dfe 60x74hx27cm - Bagno Italia","breadcrumb":{"@id":"https:\/\/www.bagnoitalia.com\/de\/produkt\/zweifach-lackiertes-weises-oder-60x74hx27-badezimmerwandschrank.html#breadcrumb"},"inLanguage":"de","potentialAction":[{"@type":"ReadAction","target":["https:\/\/www.bagnoitalia.com\/de\/produkt\/zweifach-lackiertes-weises-oder-60x74hx27-badezimmerwandschrank.html"]}]},{"@type":"ImageObject","inLanguage":"de","@id":"https:\/\/www.bagnoitalia.com\/de\/produkt\/zweifach-lackiertes-weises-oder-60x74hx27-badezimmerwandschrank.html#primaryimage","url":"https:\/\/img.bagnoitalia.com\/wp-content\/uploads\/virtuemart\/product\/Double-wall-cabinet-1645_1542711692_554.jpg","contentUrl":"https:\/\/img.bagnoitalia.com\/wp-content\/uploads\/virtuemart\/product\/Double-wall-cabinet-1645_1542711692_554.jpg","width":818,"height":818},{"@type":"BreadcrumbList","@id":"https:\/\/www.bagnoitalia.com\/de\/produkt\/zweifach-lackiertes-weises-oder-60x74hx27-badezimmerwandschrank.html#breadcrumb","itemListElement":[{"@type":"ListItem","position":1,"name":"Home","item":"https:\/\/www.bagnoitalia.com\/de"},{"@type":"ListItem","position":2,"name":"Produkte","item":"https:\/\/www.bagnoitalia.com\/de\/shop"},{"@type":"ListItem","position":3,"name":"Doppelwandschrank, 60x74x27cm, in wei\u00df gl\u00e4nzend oder tabakbraun BM003"}]},{"@type":"WebSite","@id":"https:\/\/www.bagnoitalia.com\/de#website","url":"https:\/\/www.bagnoitalia.com\/de","name":"Bagno Italia","description":"","publisher":{"@id":"https:\/\/www.bagnoitalia.com\/de#organization"},"potentialAction":[{"@type":"SearchAction","target":{"@type":"EntryPoint","urlTemplate":"https:\/\/www.bagnoitalia.com\/de?s={search_term_string}"},"query-input":{"@type":"PropertyValueSpecification","valueRequired":true,"valueName":"search_term_string"}}],"inLanguage":"de"},{"@type":"Organization","@id":"https:\/\/www.bagnoitalia.com\/de#organization","name":"Bagno Italia","url":"https:\/\/www.bagnoitalia.com\/de","logo":{"@type":"ImageObject","inLanguage":"de","@id":"https:\/\/www.bagnoitalia.com\/de#\/schema\/logo\/image\/","url":"https:\/\/img.bagnoitalia.com\/wp-content\/uploads\/logo-bagnoitalia.webp","contentUrl":"https:\/\/img.bagnoitalia.com\/wp-content\/uploads\/logo-bagnoitalia.webp","width":400,"height":70,"caption":"Bagno Italia"},"image":{"@id":"https:\/\/www.bagnoitalia.com\/de#\/schema\/logo\/image\/"}}]}},"_links":{"self":[{"href":"https:\/\/www.bagnoitalia.com\/de\/wp-json\/wp\/v2\/product\/76979","targetHints":{"allow":["GET"]}}],"collection":[{"href":"https:\/\/www.bagnoitalia.com\/de\/wp-json\/wp\/v2\/product"}],"about":[{"href":"https:\/\/www.bagnoitalia.com\/de\/wp-json\/wp\/v2\/types\/product"}],"replies":[{"embeddable":true,"href":"https:\/\/www.bagnoitalia.com\/de\/wp-json\/wp\/v2\/comments?post=76979"}],"version-history":[{"count":3,"href":"https:\/\/www.bagnoitalia.com\/de\/wp-json\/wp\/v2\/product\/76979\/revisions"}],"predecessor-version":[{"id":92179,"href":"https:\/\/www.bagnoitalia.com\/de\/wp-json\/wp\/v2\/product\/76979\/revisions\/92179"}],"wp:featuredmedia":[{"embeddable":true,"href":"https:\/\/www.bagnoitalia.com\/de\/wp-json\/wp\/v2\/media\/9470"}],"wp:attachment":[{"href":"https:\/\/www.bagnoitalia.com\/de\/wp-json\/wp\/v2\/media?parent=76979"}],"wp:term":[{"taxonomy":"product_brand","embeddable":true,"href":"https:\/\/www.bagnoitalia.com\/de\/wp-json\/wp\/v2\/product_brand?post=76979"},{"taxonomy":"product_cat","embeddable":true,"href":"https:\/\/www.bagnoitalia.com\/de\/wp-json\/wp\/v2\/product_cat?post=76979"},{"taxonomy":"product_tag","embeddable":true,"href":"https:\/\/www.bagnoitalia.com\/de\/wp-json\/wp\/v2\/product_tag?post=76979"}],"curies":[{"name":"wp","href":"https:\/\/api.w.org\/{rel}","templated":true}]}}