{"id":76967,"date":"2009-08-06T00:11:39","date_gmt":"2009-08-05T22:11:39","guid":{"rendered":"https:\/\/www.bagnoitalia.com\/product\/b2-weise-wirbelsaule-33x190hx35-mit-spiegel"},"modified":"2024-06-17T10:27:56","modified_gmt":"2024-06-17T08:27:56","slug":"b2-weise-wirbelsaule-33x190hx35-mit-spiegel","status":"publish","type":"product","link":"https:\/\/www.bagnoitalia.com\/de\/produkt\/b2-weise-wirbelsaule-33x190hx35-mit-spiegel.html","title":{"rendered":"B2 Schranks\u00e4ule, 33x190x35cm, drehbar, wei\u00df, mit Spiegel BM035"},"content":{"rendered":"<p><strong><span style=\"font-size: medium;\">Drehbare, wei\u00df gl\u00e4nzende oder tabakbraune Schranks\u00e4ule zu 35x190x35cm mit Spiegel auf der R\u00fcckseite, sowie einem Handtuchhalter und Haken aus verchromtem Stahl.<\/span><\/strong><\/p>\n<p><span style=\"font-size: 12pt;\"><strong>Die S\u00e4ule hat eine jeweils eine oben und unten positionierte T\u00fcr, einer Schublade, und ein offenes Fach.<\/strong><\/span><span style=\"font-size: 12pt;\"><strong><br \/>\n<\/strong><\/span><\/p>\n<p><span style=\"font-size: 12pt;\"><strong>\u00a0<\/strong><\/span><\/p>\n<p><span style=\"font-size: 12pt;\"><strong>Material:<\/strong><\/span><\/p>\n<p><span style=\"font-size: 12pt;\">Struktur: MDF<\/span><\/p>\n<p><span style=\"font-size: 12pt;\">T\u00fcren: MDF (Mediodensit), lackiert (PVC)<\/span><\/p>\n<p><span style=\"font-size: 12pt;\"><span style=\"color: #000000;\"><span style=\"font-size: 12pt;\">T\u00fcren und Schubladen mit soft-close-System<\/span><\/span><\/span><\/p>\n<p>&nbsp;<\/p>\n<p>ACHTUNG! Dieses Produkt kann nicht einzeln, sondern nur zusammen mit einem anderen M\u00f6belst\u00fcck versandt werden.<\/p>\n","protected":false},"excerpt":{"rendered":"<p>Drehbare Schranks\u00e4ule zu 35x190x35cm in wei\u00df gl\u00e4nzend mit Spiegel, Kleiderhaken und Handtuchhalter.<\/p>\n","protected":false},"featured_media":9434,"comment_status":"open","ping_status":"closed","template":"","meta":[],"product_brand":[9898],"product_cat":[9668,9664],"product_tag":[],"class_list":{"0":"post-76967","1":"product","2":"type-product","3":"status-publish","4":"has-post-thumbnail","6":"product_brand-baden-haus-de","7":"product_cat-erganzende-mobel","8":"product_cat-wirtschaftliche-erganzende-mobel","10":"first","11":"instock","12":"sale","13":"taxable","14":"shipping-taxable","15":"purchasable","16":"product-type-simple"},"exclude_global_add_ons":[],"addons":[],"yoast_head":"<!-- This site is optimized with the Yoast SEO plugin v26.7 - https:\/\/yoast.com\/wordpress\/plugins\/seo\/ -->\n<title>Bad-Drehs\u00e4ule B2 aus PVC - Wei\u00df bh<\/title>\n<meta name=\"description\" content=\"Bad-Drehs\u00e4ule B2 mit Spiegel. Erh\u00e4ltlich in gl\u00e4nzendem Wei\u00df in mediodensitlackiertem PVC-Holz, Abmessungen 33x190x35cm. Jetzt kaufen\" \/>\n<meta name=\"robots\" content=\"index, follow, max-snippet:-1, max-image-preview:large, max-video-preview:-1\" \/>\n<link rel=\"canonical\" href=\"https:\/\/www.bagnoitalia.com\/de\/produkt\/b2-weise-wirbelsaule-33x190hx35-mit-spiegel.html\" \/>\n<meta property=\"og:locale\" content=\"de_DE\" \/>\n<meta property=\"og:type\" content=\"article\" \/>\n<meta property=\"og:title\" content=\"Bad-Drehs\u00e4ule B2 aus PVC - Wei\u00df bh\" \/>\n<meta property=\"og:description\" content=\"Bad-Drehs\u00e4ule B2 mit Spiegel. Erh\u00e4ltlich in gl\u00e4nzendem Wei\u00df in mediodensitlackiertem PVC-Holz, Abmessungen 33x190x35cm. Jetzt kaufen\" \/>\n<meta property=\"og:url\" content=\"https:\/\/www.bagnoitalia.com\/de\/produkt\/b2-weise-wirbelsaule-33x190hx35-mit-spiegel.html\" \/>\n<meta property=\"og:site_name\" content=\"Bagno Italia\" \/>\n<meta property=\"article:modified_time\" content=\"2024-06-17T08:27:56+00:00\" \/>\n<meta property=\"og:image\" content=\"https:\/\/img.bagnoitalia.com\/wp-content\/uploads\/virtuemart\/product\/Bathroom-Swivel-Column-Cabinet-8648_1542711895_288.jpg\" \/>\n\t<meta property=\"og:image:width\" content=\"730\" \/>\n\t<meta property=\"og:image:height\" content=\"911\" \/>\n\t<meta property=\"og:image:type\" content=\"image\/jpeg\" \/>\n<meta name=\"twitter:card\" content=\"summary_large_image\" \/>\n<meta name=\"twitter:label1\" content=\"Gesch\u00e4tzte Lesezeit\" \/>\n\t<meta name=\"twitter:data1\" content=\"1\u00a0Minute\" \/>\n<script type=\"application\/ld+json\" class=\"yoast-schema-graph\">{\"@context\":\"https:\/\/schema.org\",\"@graph\":[{\"@type\":\"WebPage\",\"@id\":\"https:\/\/www.bagnoitalia.com\/de\/produkt\/b2-weise-wirbelsaule-33x190hx35-mit-spiegel.html\",\"url\":\"https:\/\/www.bagnoitalia.com\/de\/produkt\/b2-weise-wirbelsaule-33x190hx35-mit-spiegel.html\",\"name\":\"Bad-Drehs\u00e4ule B2 aus PVC - Wei\u00df bh\",\"isPartOf\":{\"@id\":\"https:\/\/www.bagnoitalia.com\/de#website\"},\"primaryImageOfPage\":{\"@id\":\"https:\/\/www.bagnoitalia.com\/de\/produkt\/b2-weise-wirbelsaule-33x190hx35-mit-spiegel.html#primaryimage\"},\"image\":{\"@id\":\"https:\/\/www.bagnoitalia.com\/de\/produkt\/b2-weise-wirbelsaule-33x190hx35-mit-spiegel.html#primaryimage\"},\"thumbnailUrl\":\"https:\/\/img.bagnoitalia.com\/wp-content\/uploads\/virtuemart\/product\/Bathroom-Swivel-Column-Cabinet-8648_1542711895_288.jpg\",\"datePublished\":\"2009-08-05T22:11:39+00:00\",\"dateModified\":\"2024-06-17T08:27:56+00:00\",\"description\":\"Bad-Drehs\u00e4ule B2 mit Spiegel. Erh\u00e4ltlich in gl\u00e4nzendem Wei\u00df in mediodensitlackiertem PVC-Holz, Abmessungen 33x190x35cm. Jetzt kaufen\",\"breadcrumb\":{\"@id\":\"https:\/\/www.bagnoitalia.com\/de\/produkt\/b2-weise-wirbelsaule-33x190hx35-mit-spiegel.html#breadcrumb\"},\"inLanguage\":\"de\",\"potentialAction\":[{\"@type\":\"ReadAction\",\"target\":[\"https:\/\/www.bagnoitalia.com\/de\/produkt\/b2-weise-wirbelsaule-33x190hx35-mit-spiegel.html\"]}]},{\"@type\":\"ImageObject\",\"inLanguage\":\"de\",\"@id\":\"https:\/\/www.bagnoitalia.com\/de\/produkt\/b2-weise-wirbelsaule-33x190hx35-mit-spiegel.html#primaryimage\",\"url\":\"https:\/\/img.bagnoitalia.com\/wp-content\/uploads\/virtuemart\/product\/Bathroom-Swivel-Column-Cabinet-8648_1542711895_288.jpg\",\"contentUrl\":\"https:\/\/img.bagnoitalia.com\/wp-content\/uploads\/virtuemart\/product\/Bathroom-Swivel-Column-Cabinet-8648_1542711895_288.jpg\",\"width\":730,\"height\":911},{\"@type\":\"BreadcrumbList\",\"@id\":\"https:\/\/www.bagnoitalia.com\/de\/produkt\/b2-weise-wirbelsaule-33x190hx35-mit-spiegel.html#breadcrumb\",\"itemListElement\":[{\"@type\":\"ListItem\",\"position\":1,\"name\":\"Home\",\"item\":\"https:\/\/www.bagnoitalia.com\/de\"},{\"@type\":\"ListItem\",\"position\":2,\"name\":\"Produkte\",\"item\":\"https:\/\/www.bagnoitalia.com\/de\/shop\"},{\"@type\":\"ListItem\",\"position\":3,\"name\":\"B2 Schranks\u00e4ule, 33x190x35cm, drehbar, wei\u00df, mit Spiegel BM035\"}]},{\"@type\":\"WebSite\",\"@id\":\"https:\/\/www.bagnoitalia.com\/de#website\",\"url\":\"https:\/\/www.bagnoitalia.com\/de\",\"name\":\"Bagno Italia\",\"description\":\"\",\"publisher\":{\"@id\":\"https:\/\/www.bagnoitalia.com\/de#organization\"},\"potentialAction\":[{\"@type\":\"SearchAction\",\"target\":{\"@type\":\"EntryPoint\",\"urlTemplate\":\"https:\/\/www.bagnoitalia.com\/de?s={search_term_string}\"},\"query-input\":{\"@type\":\"PropertyValueSpecification\",\"valueRequired\":true,\"valueName\":\"search_term_string\"}}],\"inLanguage\":\"de\"},{\"@type\":\"Organization\",\"@id\":\"https:\/\/www.bagnoitalia.com\/de#organization\",\"name\":\"Bagno Italia\",\"url\":\"https:\/\/www.bagnoitalia.com\/de\",\"logo\":{\"@type\":\"ImageObject\",\"inLanguage\":\"de\",\"@id\":\"https:\/\/www.bagnoitalia.com\/de#\/schema\/logo\/image\/\",\"url\":\"https:\/\/img.bagnoitalia.com\/wp-content\/uploads\/logo-bagnoitalia.webp\",\"contentUrl\":\"https:\/\/img.bagnoitalia.com\/wp-content\/uploads\/logo-bagnoitalia.webp\",\"width\":400,\"height\":70,\"caption\":\"Bagno Italia\"},\"image\":{\"@id\":\"https:\/\/www.bagnoitalia.com\/de#\/schema\/logo\/image\/\"}}]}<\/script>\n<!-- \/ Yoast SEO plugin. -->","yoast_head_json":{"title":"Bad-Drehs\u00e4ule B2 aus PVC - Wei\u00df bh","description":"Bad-Drehs\u00e4ule B2 mit Spiegel. Erh\u00e4ltlich in gl\u00e4nzendem Wei\u00df in mediodensitlackiertem PVC-Holz, Abmessungen 33x190x35cm. Jetzt kaufen","robots":{"index":"index","follow":"follow","max-snippet":"max-snippet:-1","max-image-preview":"max-image-preview:large","max-video-preview":"max-video-preview:-1"},"canonical":"https:\/\/www.bagnoitalia.com\/de\/produkt\/b2-weise-wirbelsaule-33x190hx35-mit-spiegel.html","og_locale":"de_DE","og_type":"article","og_title":"Bad-Drehs\u00e4ule B2 aus PVC - Wei\u00df bh","og_description":"Bad-Drehs\u00e4ule B2 mit Spiegel. Erh\u00e4ltlich in gl\u00e4nzendem Wei\u00df in mediodensitlackiertem PVC-Holz, Abmessungen 33x190x35cm. Jetzt kaufen","og_url":"https:\/\/www.bagnoitalia.com\/de\/produkt\/b2-weise-wirbelsaule-33x190hx35-mit-spiegel.html","og_site_name":"Bagno Italia","article_modified_time":"2024-06-17T08:27:56+00:00","og_image":[{"width":730,"height":911,"url":"https:\/\/img.bagnoitalia.com\/wp-content\/uploads\/virtuemart\/product\/Bathroom-Swivel-Column-Cabinet-8648_1542711895_288.jpg","type":"image\/jpeg"}],"twitter_card":"summary_large_image","twitter_misc":{"Gesch\u00e4tzte Lesezeit":"1\u00a0Minute"},"schema":{"@context":"https:\/\/schema.org","@graph":[{"@type":"WebPage","@id":"https:\/\/www.bagnoitalia.com\/de\/produkt\/b2-weise-wirbelsaule-33x190hx35-mit-spiegel.html","url":"https:\/\/www.bagnoitalia.com\/de\/produkt\/b2-weise-wirbelsaule-33x190hx35-mit-spiegel.html","name":"Bad-Drehs\u00e4ule B2 aus PVC - Wei\u00df bh","isPartOf":{"@id":"https:\/\/www.bagnoitalia.com\/de#website"},"primaryImageOfPage":{"@id":"https:\/\/www.bagnoitalia.com\/de\/produkt\/b2-weise-wirbelsaule-33x190hx35-mit-spiegel.html#primaryimage"},"image":{"@id":"https:\/\/www.bagnoitalia.com\/de\/produkt\/b2-weise-wirbelsaule-33x190hx35-mit-spiegel.html#primaryimage"},"thumbnailUrl":"https:\/\/img.bagnoitalia.com\/wp-content\/uploads\/virtuemart\/product\/Bathroom-Swivel-Column-Cabinet-8648_1542711895_288.jpg","datePublished":"2009-08-05T22:11:39+00:00","dateModified":"2024-06-17T08:27:56+00:00","description":"Bad-Drehs\u00e4ule B2 mit Spiegel. Erh\u00e4ltlich in gl\u00e4nzendem Wei\u00df in mediodensitlackiertem PVC-Holz, Abmessungen 33x190x35cm. Jetzt kaufen","breadcrumb":{"@id":"https:\/\/www.bagnoitalia.com\/de\/produkt\/b2-weise-wirbelsaule-33x190hx35-mit-spiegel.html#breadcrumb"},"inLanguage":"de","potentialAction":[{"@type":"ReadAction","target":["https:\/\/www.bagnoitalia.com\/de\/produkt\/b2-weise-wirbelsaule-33x190hx35-mit-spiegel.html"]}]},{"@type":"ImageObject","inLanguage":"de","@id":"https:\/\/www.bagnoitalia.com\/de\/produkt\/b2-weise-wirbelsaule-33x190hx35-mit-spiegel.html#primaryimage","url":"https:\/\/img.bagnoitalia.com\/wp-content\/uploads\/virtuemart\/product\/Bathroom-Swivel-Column-Cabinet-8648_1542711895_288.jpg","contentUrl":"https:\/\/img.bagnoitalia.com\/wp-content\/uploads\/virtuemart\/product\/Bathroom-Swivel-Column-Cabinet-8648_1542711895_288.jpg","width":730,"height":911},{"@type":"BreadcrumbList","@id":"https:\/\/www.bagnoitalia.com\/de\/produkt\/b2-weise-wirbelsaule-33x190hx35-mit-spiegel.html#breadcrumb","itemListElement":[{"@type":"ListItem","position":1,"name":"Home","item":"https:\/\/www.bagnoitalia.com\/de"},{"@type":"ListItem","position":2,"name":"Produkte","item":"https:\/\/www.bagnoitalia.com\/de\/shop"},{"@type":"ListItem","position":3,"name":"B2 Schranks\u00e4ule, 33x190x35cm, drehbar, wei\u00df, mit Spiegel BM035"}]},{"@type":"WebSite","@id":"https:\/\/www.bagnoitalia.com\/de#website","url":"https:\/\/www.bagnoitalia.com\/de","name":"Bagno Italia","description":"","publisher":{"@id":"https:\/\/www.bagnoitalia.com\/de#organization"},"potentialAction":[{"@type":"SearchAction","target":{"@type":"EntryPoint","urlTemplate":"https:\/\/www.bagnoitalia.com\/de?s={search_term_string}"},"query-input":{"@type":"PropertyValueSpecification","valueRequired":true,"valueName":"search_term_string"}}],"inLanguage":"de"},{"@type":"Organization","@id":"https:\/\/www.bagnoitalia.com\/de#organization","name":"Bagno Italia","url":"https:\/\/www.bagnoitalia.com\/de","logo":{"@type":"ImageObject","inLanguage":"de","@id":"https:\/\/www.bagnoitalia.com\/de#\/schema\/logo\/image\/","url":"https:\/\/img.bagnoitalia.com\/wp-content\/uploads\/logo-bagnoitalia.webp","contentUrl":"https:\/\/img.bagnoitalia.com\/wp-content\/uploads\/logo-bagnoitalia.webp","width":400,"height":70,"caption":"Bagno Italia"},"image":{"@id":"https:\/\/www.bagnoitalia.com\/de#\/schema\/logo\/image\/"}}]}},"_links":{"self":[{"href":"https:\/\/www.bagnoitalia.com\/de\/wp-json\/wp\/v2\/product\/76967","targetHints":{"allow":["GET"]}}],"collection":[{"href":"https:\/\/www.bagnoitalia.com\/de\/wp-json\/wp\/v2\/product"}],"about":[{"href":"https:\/\/www.bagnoitalia.com\/de\/wp-json\/wp\/v2\/types\/product"}],"replies":[{"embeddable":true,"href":"https:\/\/www.bagnoitalia.com\/de\/wp-json\/wp\/v2\/comments?post=76967"}],"version-history":[{"count":2,"href":"https:\/\/www.bagnoitalia.com\/de\/wp-json\/wp\/v2\/product\/76967\/revisions"}],"predecessor-version":[{"id":92184,"href":"https:\/\/www.bagnoitalia.com\/de\/wp-json\/wp\/v2\/product\/76967\/revisions\/92184"}],"wp:featuredmedia":[{"embeddable":true,"href":"https:\/\/www.bagnoitalia.com\/de\/wp-json\/wp\/v2\/media\/9434"}],"wp:attachment":[{"href":"https:\/\/www.bagnoitalia.com\/de\/wp-json\/wp\/v2\/media?parent=76967"}],"wp:term":[{"taxonomy":"product_brand","embeddable":true,"href":"https:\/\/www.bagnoitalia.com\/de\/wp-json\/wp\/v2\/product_brand?post=76967"},{"taxonomy":"product_cat","embeddable":true,"href":"https:\/\/www.bagnoitalia.com\/de\/wp-json\/wp\/v2\/product_cat?post=76967"},{"taxonomy":"product_tag","embeddable":true,"href":"https:\/\/www.bagnoitalia.com\/de\/wp-json\/wp\/v2\/product_tag?post=76967"}],"curies":[{"name":"wp","href":"https:\/\/api.w.org\/{rel}","templated":true}]}}