{"id":76963,"date":"2009-08-06T00:05:09","date_gmt":"2009-08-05T22:05:09","guid":{"rendered":"https:\/\/www.bagnoitalia.com\/product\/30xh190xp33-5-weis-lackierte-oder-tabak-badezimmer-saule"},"modified":"2024-09-20T16:31:42","modified_gmt":"2024-09-20T14:31:42","slug":"30xh190xp33-5-weis-lackierte-oder-tabak-badezimmer-saule","status":"publish","type":"product","link":"https:\/\/www.bagnoitalia.com\/de\/produkt\/30xh190xp33-5-weis-lackierte-oder-tabak-badezimmer-saule.html","title":{"rendered":"Bad-Schranks\u00e4ule, 30x190x33.5cm, wei\u00df gl\u00e4nzend oder tabakbraun BM036"},"content":{"rendered":"<p><span style=\"font-size: 12pt;\"><strong>wei\u00dfe oder tabakbraune Schranks\u00e4ule mit Sockel. 30x190x33,5cm gro\u00df.<\/strong><\/span><\/p>\n<p>&nbsp;<\/p>\n<p style=\"margin-top: 0px; margin-bottom: 5px; text-align: justify;\"><span style=\"font-size: 12pt;\"><span style=\"color: #000000;\"><strong>Material:<\/strong><\/span><\/span><\/p>\n<ul>\n<li><span style=\"font-size: 12pt;\"><span style=\"color: #000000;\">Sturktur und T\u00fcren: MDF (Mediodensit)<\/span><\/span><\/li>\n<li><span style=\"font-size: 12pt;\"><span style=\"color: #000000;\"><span style=\"font-size: 12pt;\">T\u00fcren und Schubladen mit soft-close-System<\/span><\/span><\/span><\/li>\n<li><span style=\"font-size: 12pt;\">Ohne Griffe (\u00fcber die Schrankt\u00fcr zu \u00f6ffnen)<\/span><\/li>\n<li><span style=\"font-size: 12pt;\">Im unteren Fach befinden sich zwei Glasablagen, in der O<\/span><span style=\"font-size: 12pt;\">beren eine.<\/span><\/li>\n<li><span style=\"font-size: 12pt;\">Farbe: wei\u00df gl\u00e4nzend oder tabakbraun<\/span><\/li>\n<\/ul>\n","protected":false},"excerpt":{"rendered":"<p>Wei\u00df gl\u00e4nzende oder tabakbraune Bad-Schranks\u00e4ule zu 30x190x33,5cm.<\/p>\n","protected":false},"featured_media":9418,"comment_status":"open","ping_status":"closed","template":"","meta":[],"product_brand":[9898],"product_cat":[9668,9664],"product_tag":[],"class_list":{"0":"post-76963","1":"product","2":"type-product","3":"status-publish","4":"has-post-thumbnail","6":"product_brand-baden-haus-de","7":"product_cat-erganzende-mobel","8":"product_cat-wirtschaftliche-erganzende-mobel","10":"first","11":"instock","12":"sale","13":"taxable","14":"shipping-taxable","15":"purchasable","16":"product-type-simple"},"exclude_global_add_ons":false,"addons":[{"name":"Farbe","type":"multiple_choice","position":0,"required":true,"title_format":"heading","default":"","description_enable":false,"description":"","placeholder_enable":false,"placeholder":"","display":"select","restrictions_type":"any_text","adjust_price":false,"price":"","price_type":"flat_fee","restrictions":false,"min":"0","max":"0","options":[{"label":"Gl\u00e4nzend wei\u00df","price":"","price_type":"quantity_based","image":0,"visibility":true},{"label":"tabak","price":"30","price_type":"quantity_based","image":0,"visibility":true}],"id":1718039089}],"yoast_head":"<!-- This site is optimized with the Yoast SEO plugin v26.7 - https:\/\/yoast.com\/wordpress\/plugins\/seo\/ -->\n<title>Wei\u00df lackierte oder Tabak bh Badezimmers\u00e4ule<\/title>\n<meta name=\"description\" content=\"Bad hohe Einzels\u00e4ule, Polished White oder Tabakfarbe, aus MDF-Holz, mit Sockel, Abmessungen 30x190hx33,5cm - Badezimmer Italien\" \/>\n<meta name=\"robots\" content=\"index, follow, max-snippet:-1, max-image-preview:large, max-video-preview:-1\" \/>\n<link rel=\"canonical\" href=\"https:\/\/www.bagnoitalia.com\/de\/produkt\/30xh190xp33-5-weis-lackierte-oder-tabak-badezimmer-saule.html\" \/>\n<meta property=\"og:locale\" content=\"de_DE\" \/>\n<meta property=\"og:type\" content=\"article\" \/>\n<meta property=\"og:title\" content=\"Wei\u00df lackierte oder Tabak bh Badezimmers\u00e4ule\" \/>\n<meta property=\"og:description\" content=\"Bad hohe Einzels\u00e4ule, Polished White oder Tabakfarbe, aus MDF-Holz, mit Sockel, Abmessungen 30x190hx33,5cm - Badezimmer Italien\" \/>\n<meta property=\"og:url\" content=\"https:\/\/www.bagnoitalia.com\/de\/produkt\/30xh190xp33-5-weis-lackierte-oder-tabak-badezimmer-saule.html\" \/>\n<meta property=\"og:site_name\" content=\"Bagno Italia\" \/>\n<meta property=\"article:modified_time\" content=\"2024-09-20T14:31:42+00:00\" \/>\n<meta property=\"og:image\" content=\"https:\/\/img.bagnoitalia.com\/wp-content\/uploads\/virtuemart\/product\/Bathroom-Column-Cabinet-4984_1542711956_0.jpg\" \/>\n\t<meta property=\"og:image:width\" content=\"968\" \/>\n\t<meta property=\"og:image:height\" content=\"966\" \/>\n\t<meta property=\"og:image:type\" content=\"image\/jpeg\" \/>\n<meta name=\"twitter:card\" content=\"summary_large_image\" \/>\n<meta name=\"twitter:label1\" content=\"Gesch\u00e4tzte Lesezeit\" \/>\n\t<meta name=\"twitter:data1\" content=\"1\u00a0Minute\" \/>\n<script type=\"application\/ld+json\" class=\"yoast-schema-graph\">{\"@context\":\"https:\/\/schema.org\",\"@graph\":[{\"@type\":\"WebPage\",\"@id\":\"https:\/\/www.bagnoitalia.com\/de\/produkt\/30xh190xp33-5-weis-lackierte-oder-tabak-badezimmer-saule.html\",\"url\":\"https:\/\/www.bagnoitalia.com\/de\/produkt\/30xh190xp33-5-weis-lackierte-oder-tabak-badezimmer-saule.html\",\"name\":\"Wei\u00df lackierte oder Tabak bh Badezimmers\u00e4ule\",\"isPartOf\":{\"@id\":\"https:\/\/www.bagnoitalia.com\/de#website\"},\"primaryImageOfPage\":{\"@id\":\"https:\/\/www.bagnoitalia.com\/de\/produkt\/30xh190xp33-5-weis-lackierte-oder-tabak-badezimmer-saule.html#primaryimage\"},\"image\":{\"@id\":\"https:\/\/www.bagnoitalia.com\/de\/produkt\/30xh190xp33-5-weis-lackierte-oder-tabak-badezimmer-saule.html#primaryimage\"},\"thumbnailUrl\":\"https:\/\/img.bagnoitalia.com\/wp-content\/uploads\/virtuemart\/product\/Bathroom-Column-Cabinet-4984_1542711956_0.jpg\",\"datePublished\":\"2009-08-05T22:05:09+00:00\",\"dateModified\":\"2024-09-20T14:31:42+00:00\",\"description\":\"Bad hohe Einzels\u00e4ule, Polished White oder Tabakfarbe, aus MDF-Holz, mit Sockel, Abmessungen 30x190hx33,5cm - Badezimmer Italien\",\"breadcrumb\":{\"@id\":\"https:\/\/www.bagnoitalia.com\/de\/produkt\/30xh190xp33-5-weis-lackierte-oder-tabak-badezimmer-saule.html#breadcrumb\"},\"inLanguage\":\"de\",\"potentialAction\":[{\"@type\":\"ReadAction\",\"target\":[\"https:\/\/www.bagnoitalia.com\/de\/produkt\/30xh190xp33-5-weis-lackierte-oder-tabak-badezimmer-saule.html\"]}]},{\"@type\":\"ImageObject\",\"inLanguage\":\"de\",\"@id\":\"https:\/\/www.bagnoitalia.com\/de\/produkt\/30xh190xp33-5-weis-lackierte-oder-tabak-badezimmer-saule.html#primaryimage\",\"url\":\"https:\/\/img.bagnoitalia.com\/wp-content\/uploads\/virtuemart\/product\/Bathroom-Column-Cabinet-4984_1542711956_0.jpg\",\"contentUrl\":\"https:\/\/img.bagnoitalia.com\/wp-content\/uploads\/virtuemart\/product\/Bathroom-Column-Cabinet-4984_1542711956_0.jpg\",\"width\":968,\"height\":966},{\"@type\":\"BreadcrumbList\",\"@id\":\"https:\/\/www.bagnoitalia.com\/de\/produkt\/30xh190xp33-5-weis-lackierte-oder-tabak-badezimmer-saule.html#breadcrumb\",\"itemListElement\":[{\"@type\":\"ListItem\",\"position\":1,\"name\":\"Home\",\"item\":\"https:\/\/www.bagnoitalia.com\/de\"},{\"@type\":\"ListItem\",\"position\":2,\"name\":\"Produkte\",\"item\":\"https:\/\/www.bagnoitalia.com\/de\/shop\"},{\"@type\":\"ListItem\",\"position\":3,\"name\":\"Bad-Schranks\u00e4ule, 30x190x33.5cm, wei\u00df gl\u00e4nzend oder tabakbraun BM036\"}]},{\"@type\":\"WebSite\",\"@id\":\"https:\/\/www.bagnoitalia.com\/de#website\",\"url\":\"https:\/\/www.bagnoitalia.com\/de\",\"name\":\"Bagno Italia\",\"description\":\"\",\"publisher\":{\"@id\":\"https:\/\/www.bagnoitalia.com\/de#organization\"},\"potentialAction\":[{\"@type\":\"SearchAction\",\"target\":{\"@type\":\"EntryPoint\",\"urlTemplate\":\"https:\/\/www.bagnoitalia.com\/de?s={search_term_string}\"},\"query-input\":{\"@type\":\"PropertyValueSpecification\",\"valueRequired\":true,\"valueName\":\"search_term_string\"}}],\"inLanguage\":\"de\"},{\"@type\":\"Organization\",\"@id\":\"https:\/\/www.bagnoitalia.com\/de#organization\",\"name\":\"Bagno Italia\",\"url\":\"https:\/\/www.bagnoitalia.com\/de\",\"logo\":{\"@type\":\"ImageObject\",\"inLanguage\":\"de\",\"@id\":\"https:\/\/www.bagnoitalia.com\/de#\/schema\/logo\/image\/\",\"url\":\"https:\/\/img.bagnoitalia.com\/wp-content\/uploads\/logo-bagnoitalia.webp\",\"contentUrl\":\"https:\/\/img.bagnoitalia.com\/wp-content\/uploads\/logo-bagnoitalia.webp\",\"width\":400,\"height\":70,\"caption\":\"Bagno Italia\"},\"image\":{\"@id\":\"https:\/\/www.bagnoitalia.com\/de#\/schema\/logo\/image\/\"}}]}<\/script>\n<!-- \/ Yoast SEO plugin. -->","yoast_head_json":{"title":"Wei\u00df lackierte oder Tabak bh Badezimmers\u00e4ule","description":"Bad hohe Einzels\u00e4ule, Polished White oder Tabakfarbe, aus MDF-Holz, mit Sockel, Abmessungen 30x190hx33,5cm - Badezimmer Italien","robots":{"index":"index","follow":"follow","max-snippet":"max-snippet:-1","max-image-preview":"max-image-preview:large","max-video-preview":"max-video-preview:-1"},"canonical":"https:\/\/www.bagnoitalia.com\/de\/produkt\/30xh190xp33-5-weis-lackierte-oder-tabak-badezimmer-saule.html","og_locale":"de_DE","og_type":"article","og_title":"Wei\u00df lackierte oder Tabak bh Badezimmers\u00e4ule","og_description":"Bad hohe Einzels\u00e4ule, Polished White oder Tabakfarbe, aus MDF-Holz, mit Sockel, Abmessungen 30x190hx33,5cm - Badezimmer Italien","og_url":"https:\/\/www.bagnoitalia.com\/de\/produkt\/30xh190xp33-5-weis-lackierte-oder-tabak-badezimmer-saule.html","og_site_name":"Bagno Italia","article_modified_time":"2024-09-20T14:31:42+00:00","og_image":[{"width":968,"height":966,"url":"https:\/\/img.bagnoitalia.com\/wp-content\/uploads\/virtuemart\/product\/Bathroom-Column-Cabinet-4984_1542711956_0.jpg","type":"image\/jpeg"}],"twitter_card":"summary_large_image","twitter_misc":{"Gesch\u00e4tzte Lesezeit":"1\u00a0Minute"},"schema":{"@context":"https:\/\/schema.org","@graph":[{"@type":"WebPage","@id":"https:\/\/www.bagnoitalia.com\/de\/produkt\/30xh190xp33-5-weis-lackierte-oder-tabak-badezimmer-saule.html","url":"https:\/\/www.bagnoitalia.com\/de\/produkt\/30xh190xp33-5-weis-lackierte-oder-tabak-badezimmer-saule.html","name":"Wei\u00df lackierte oder Tabak bh Badezimmers\u00e4ule","isPartOf":{"@id":"https:\/\/www.bagnoitalia.com\/de#website"},"primaryImageOfPage":{"@id":"https:\/\/www.bagnoitalia.com\/de\/produkt\/30xh190xp33-5-weis-lackierte-oder-tabak-badezimmer-saule.html#primaryimage"},"image":{"@id":"https:\/\/www.bagnoitalia.com\/de\/produkt\/30xh190xp33-5-weis-lackierte-oder-tabak-badezimmer-saule.html#primaryimage"},"thumbnailUrl":"https:\/\/img.bagnoitalia.com\/wp-content\/uploads\/virtuemart\/product\/Bathroom-Column-Cabinet-4984_1542711956_0.jpg","datePublished":"2009-08-05T22:05:09+00:00","dateModified":"2024-09-20T14:31:42+00:00","description":"Bad hohe Einzels\u00e4ule, Polished White oder Tabakfarbe, aus MDF-Holz, mit Sockel, Abmessungen 30x190hx33,5cm - Badezimmer Italien","breadcrumb":{"@id":"https:\/\/www.bagnoitalia.com\/de\/produkt\/30xh190xp33-5-weis-lackierte-oder-tabak-badezimmer-saule.html#breadcrumb"},"inLanguage":"de","potentialAction":[{"@type":"ReadAction","target":["https:\/\/www.bagnoitalia.com\/de\/produkt\/30xh190xp33-5-weis-lackierte-oder-tabak-badezimmer-saule.html"]}]},{"@type":"ImageObject","inLanguage":"de","@id":"https:\/\/www.bagnoitalia.com\/de\/produkt\/30xh190xp33-5-weis-lackierte-oder-tabak-badezimmer-saule.html#primaryimage","url":"https:\/\/img.bagnoitalia.com\/wp-content\/uploads\/virtuemart\/product\/Bathroom-Column-Cabinet-4984_1542711956_0.jpg","contentUrl":"https:\/\/img.bagnoitalia.com\/wp-content\/uploads\/virtuemart\/product\/Bathroom-Column-Cabinet-4984_1542711956_0.jpg","width":968,"height":966},{"@type":"BreadcrumbList","@id":"https:\/\/www.bagnoitalia.com\/de\/produkt\/30xh190xp33-5-weis-lackierte-oder-tabak-badezimmer-saule.html#breadcrumb","itemListElement":[{"@type":"ListItem","position":1,"name":"Home","item":"https:\/\/www.bagnoitalia.com\/de"},{"@type":"ListItem","position":2,"name":"Produkte","item":"https:\/\/www.bagnoitalia.com\/de\/shop"},{"@type":"ListItem","position":3,"name":"Bad-Schranks\u00e4ule, 30x190x33.5cm, wei\u00df gl\u00e4nzend oder tabakbraun BM036"}]},{"@type":"WebSite","@id":"https:\/\/www.bagnoitalia.com\/de#website","url":"https:\/\/www.bagnoitalia.com\/de","name":"Bagno Italia","description":"","publisher":{"@id":"https:\/\/www.bagnoitalia.com\/de#organization"},"potentialAction":[{"@type":"SearchAction","target":{"@type":"EntryPoint","urlTemplate":"https:\/\/www.bagnoitalia.com\/de?s={search_term_string}"},"query-input":{"@type":"PropertyValueSpecification","valueRequired":true,"valueName":"search_term_string"}}],"inLanguage":"de"},{"@type":"Organization","@id":"https:\/\/www.bagnoitalia.com\/de#organization","name":"Bagno Italia","url":"https:\/\/www.bagnoitalia.com\/de","logo":{"@type":"ImageObject","inLanguage":"de","@id":"https:\/\/www.bagnoitalia.com\/de#\/schema\/logo\/image\/","url":"https:\/\/img.bagnoitalia.com\/wp-content\/uploads\/logo-bagnoitalia.webp","contentUrl":"https:\/\/img.bagnoitalia.com\/wp-content\/uploads\/logo-bagnoitalia.webp","width":400,"height":70,"caption":"Bagno Italia"},"image":{"@id":"https:\/\/www.bagnoitalia.com\/de#\/schema\/logo\/image\/"}}]}},"_links":{"self":[{"href":"https:\/\/www.bagnoitalia.com\/de\/wp-json\/wp\/v2\/product\/76963","targetHints":{"allow":["GET"]}}],"collection":[{"href":"https:\/\/www.bagnoitalia.com\/de\/wp-json\/wp\/v2\/product"}],"about":[{"href":"https:\/\/www.bagnoitalia.com\/de\/wp-json\/wp\/v2\/types\/product"}],"replies":[{"embeddable":true,"href":"https:\/\/www.bagnoitalia.com\/de\/wp-json\/wp\/v2\/comments?post=76963"}],"version-history":[{"count":3,"href":"https:\/\/www.bagnoitalia.com\/de\/wp-json\/wp\/v2\/product\/76963\/revisions"}],"predecessor-version":[{"id":92186,"href":"https:\/\/www.bagnoitalia.com\/de\/wp-json\/wp\/v2\/product\/76963\/revisions\/92186"}],"wp:featuredmedia":[{"embeddable":true,"href":"https:\/\/www.bagnoitalia.com\/de\/wp-json\/wp\/v2\/media\/9418"}],"wp:attachment":[{"href":"https:\/\/www.bagnoitalia.com\/de\/wp-json\/wp\/v2\/media?parent=76963"}],"wp:term":[{"taxonomy":"product_brand","embeddable":true,"href":"https:\/\/www.bagnoitalia.com\/de\/wp-json\/wp\/v2\/product_brand?post=76963"},{"taxonomy":"product_cat","embeddable":true,"href":"https:\/\/www.bagnoitalia.com\/de\/wp-json\/wp\/v2\/product_cat?post=76963"},{"taxonomy":"product_tag","embeddable":true,"href":"https:\/\/www.bagnoitalia.com\/de\/wp-json\/wp\/v2\/product_tag?post=76963"}],"curies":[{"name":"wp","href":"https:\/\/api.w.org\/{rel}","templated":true}]}}