{"id":76947,"date":"2009-08-05T11:20:56","date_gmt":"2009-08-05T09:20:56","guid":{"rendered":"https:\/\/www.bagnoitalia.com\/product\/b1-weise-badwanne-oder-double-high-multipurpose-60x156hx33-5-tabak"},"modified":"2024-09-20T16:37:12","modified_gmt":"2024-09-20T14:37:12","slug":"b1-weise-badwanne-oder-double-high-multipurpose-60x156hx33-5-tabak","status":"publish","type":"product","link":"https:\/\/www.bagnoitalia.com\/de\/produkt\/b1-weise-badwanne-oder-double-high-multipurpose-60x156hx33-5-tabak.html","title":{"rendered":"B1 Badschrank, 60x156x33,5cm, multifunktional, wei\u00df oder tabakfarben, BM040"},"content":{"rendered":"<p><span style=\"font-size: 12pt;\"><strong><strong>156x60x33.5cm <\/strong>multifunktionaler Badschrank, gl\u00e4nzend wei\u00df lackiert oder tabakfarben<br \/>\n<\/strong><\/span><\/p>\n<p><span style=\"font-size: 12pt;\"><strong>Der Badschrank, kann auch als Schuhablage verwendet werden<br \/>\n<\/strong><\/span><\/p>\n<p><span style=\"font-size: 12pt;\"><strong>Der Schrank ist aus MDF-Holz<br \/>\n<\/strong><\/span><\/p>\n<p><span style=\"font-size: 12pt;\"><strong>Der Schrank ist mit 1 Unterfach und 2 \u00dcberf\u00e4chen best\u00fcckt.<\/strong><\/span><\/p>\n<p>&nbsp;<\/p>\n<p><span style=\"font-size: 12pt;\"><strong>Material:<\/strong><\/span><\/p>\n<p><span style=\"font-size: 12pt;\">Struktur: MDF<\/span><br \/>\n<span style=\"font-size: 12pt;\">T\u00fcren: MDF (mediodensit)<\/span><br \/>\n<span style=\"font-size: medium;\">Ohne Griffe (\u00fcber die Schrankt\u00fcr zu \u00f6ffnen)<\/span><br \/>\n<span style=\"font-size: 12pt;\">T\u00fcren und Schubladen mit soft-close-System<\/span><br \/>\n<span style=\"font-size: 12pt;\">Farbe: wei\u00df gl\u00e4nzend oder tabakbraun<\/span><\/p>\n<p>&nbsp;<\/p>\n","protected":false},"excerpt":{"rendered":"<p>Multifunktionaler Badschrank zu 60x156x33,5cm. In wei\u00df oder tabakbraun.<\/p>\n","protected":false},"featured_media":9350,"comment_status":"open","ping_status":"closed","template":"","meta":[],"product_brand":[9898],"product_cat":[9668,9664],"product_tag":[],"class_list":{"0":"post-76947","1":"product","2":"type-product","3":"status-publish","4":"has-post-thumbnail","6":"product_brand-baden-haus-de","7":"product_cat-erganzende-mobel","8":"product_cat-wirtschaftliche-erganzende-mobel","10":"first","11":"instock","12":"sale","13":"taxable","14":"shipping-taxable","15":"purchasable","16":"product-type-simple"},"exclude_global_add_ons":false,"addons":[{"name":"Farbe","type":"multiple_choice","position":0,"required":true,"title_format":"heading","default":"","description_enable":false,"description":"","placeholder_enable":false,"placeholder":"","display":"select","restrictions_type":"any_text","adjust_price":false,"price":"","price_type":"flat_fee","restrictions":false,"min":"0","max":"0","options":[{"label":"Gl\u00e4nzend wei\u00df","price":"","price_type":"quantity_based","image":0,"visibility":true},{"label":"tabak","price":"50","price_type":"quantity_based","image":0,"visibility":true}],"id":1718622121}],"yoast_head":"<!-- This site is optimized with the Yoast SEO plugin v26.7 - https:\/\/yoast.com\/wordpress\/plugins\/seo\/ -->\n<title>Mobiles Mehrzweck-Badezimmerunterteil, Wei\u00df oder Tabak bh<\/title>\n<meta name=\"description\" content=\"Mehrzweck-Schuhschrank, Gr\u00f6\u00dfe 156x60x33,50cm, gl\u00e4nzend wei\u00df oder tabakfarben. Auch mit W\u00e4schebeh\u00e4lter erh\u00e4ltlich - Kaufen Sie bei Bagno Italia!\" \/>\n<meta name=\"robots\" content=\"index, follow, max-snippet:-1, max-image-preview:large, max-video-preview:-1\" \/>\n<link rel=\"canonical\" href=\"https:\/\/www.bagnoitalia.com\/de\/produkt\/b1-weise-badwanne-oder-double-high-multipurpose-60x156hx33-5-tabak.html\" \/>\n<meta property=\"og:locale\" content=\"de_DE\" \/>\n<meta property=\"og:type\" content=\"article\" \/>\n<meta property=\"og:title\" content=\"Mobiles Mehrzweck-Badezimmerunterteil, Wei\u00df oder Tabak bh\" \/>\n<meta property=\"og:description\" content=\"Mehrzweck-Schuhschrank, Gr\u00f6\u00dfe 156x60x33,50cm, gl\u00e4nzend wei\u00df oder tabakfarben. Auch mit W\u00e4schebeh\u00e4lter erh\u00e4ltlich - Kaufen Sie bei Bagno Italia!\" \/>\n<meta property=\"og:url\" content=\"https:\/\/www.bagnoitalia.com\/de\/produkt\/b1-weise-badwanne-oder-double-high-multipurpose-60x156hx33-5-tabak.html\" \/>\n<meta property=\"og:site_name\" content=\"Bagno Italia\" \/>\n<meta property=\"article:modified_time\" content=\"2024-09-20T14:37:12+00:00\" \/>\n<meta property=\"og:image\" content=\"https:\/\/img.bagnoitalia.com\/wp-content\/uploads\/virtuemart\/product\/Bathroom-base-cabinet-multipurpose-18489_1542712260_74.jpg\" \/>\n\t<meta property=\"og:image:width\" content=\"606\" \/>\n\t<meta property=\"og:image:height\" content=\"690\" \/>\n\t<meta property=\"og:image:type\" content=\"image\/jpeg\" \/>\n<meta name=\"twitter:card\" content=\"summary_large_image\" \/>\n<meta name=\"twitter:label1\" content=\"Gesch\u00e4tzte Lesezeit\" \/>\n\t<meta name=\"twitter:data1\" content=\"1\u00a0Minute\" \/>\n<script type=\"application\/ld+json\" class=\"yoast-schema-graph\">{\"@context\":\"https:\/\/schema.org\",\"@graph\":[{\"@type\":\"WebPage\",\"@id\":\"https:\/\/www.bagnoitalia.com\/de\/produkt\/b1-weise-badwanne-oder-double-high-multipurpose-60x156hx33-5-tabak.html\",\"url\":\"https:\/\/www.bagnoitalia.com\/de\/produkt\/b1-weise-badwanne-oder-double-high-multipurpose-60x156hx33-5-tabak.html\",\"name\":\"Mobiles Mehrzweck-Badezimmerunterteil, Wei\u00df oder Tabak bh\",\"isPartOf\":{\"@id\":\"https:\/\/www.bagnoitalia.com\/de#website\"},\"primaryImageOfPage\":{\"@id\":\"https:\/\/www.bagnoitalia.com\/de\/produkt\/b1-weise-badwanne-oder-double-high-multipurpose-60x156hx33-5-tabak.html#primaryimage\"},\"image\":{\"@id\":\"https:\/\/www.bagnoitalia.com\/de\/produkt\/b1-weise-badwanne-oder-double-high-multipurpose-60x156hx33-5-tabak.html#primaryimage\"},\"thumbnailUrl\":\"https:\/\/img.bagnoitalia.com\/wp-content\/uploads\/virtuemart\/product\/Bathroom-base-cabinet-multipurpose-18489_1542712260_74.jpg\",\"datePublished\":\"2009-08-05T09:20:56+00:00\",\"dateModified\":\"2024-09-20T14:37:12+00:00\",\"description\":\"Mehrzweck-Schuhschrank, Gr\u00f6\u00dfe 156x60x33,50cm, gl\u00e4nzend wei\u00df oder tabakfarben. Auch mit W\u00e4schebeh\u00e4lter erh\u00e4ltlich - Kaufen Sie bei Bagno Italia!\",\"breadcrumb\":{\"@id\":\"https:\/\/www.bagnoitalia.com\/de\/produkt\/b1-weise-badwanne-oder-double-high-multipurpose-60x156hx33-5-tabak.html#breadcrumb\"},\"inLanguage\":\"de\",\"potentialAction\":[{\"@type\":\"ReadAction\",\"target\":[\"https:\/\/www.bagnoitalia.com\/de\/produkt\/b1-weise-badwanne-oder-double-high-multipurpose-60x156hx33-5-tabak.html\"]}]},{\"@type\":\"ImageObject\",\"inLanguage\":\"de\",\"@id\":\"https:\/\/www.bagnoitalia.com\/de\/produkt\/b1-weise-badwanne-oder-double-high-multipurpose-60x156hx33-5-tabak.html#primaryimage\",\"url\":\"https:\/\/img.bagnoitalia.com\/wp-content\/uploads\/virtuemart\/product\/Bathroom-base-cabinet-multipurpose-18489_1542712260_74.jpg\",\"contentUrl\":\"https:\/\/img.bagnoitalia.com\/wp-content\/uploads\/virtuemart\/product\/Bathroom-base-cabinet-multipurpose-18489_1542712260_74.jpg\",\"width\":606,\"height\":690},{\"@type\":\"BreadcrumbList\",\"@id\":\"https:\/\/www.bagnoitalia.com\/de\/produkt\/b1-weise-badwanne-oder-double-high-multipurpose-60x156hx33-5-tabak.html#breadcrumb\",\"itemListElement\":[{\"@type\":\"ListItem\",\"position\":1,\"name\":\"Home\",\"item\":\"https:\/\/www.bagnoitalia.com\/de\"},{\"@type\":\"ListItem\",\"position\":2,\"name\":\"Produkte\",\"item\":\"https:\/\/www.bagnoitalia.com\/de\/shop\"},{\"@type\":\"ListItem\",\"position\":3,\"name\":\"B1 Badschrank, 60x156x33,5cm, multifunktional, wei\u00df oder tabakfarben, BM040\"}]},{\"@type\":\"WebSite\",\"@id\":\"https:\/\/www.bagnoitalia.com\/de#website\",\"url\":\"https:\/\/www.bagnoitalia.com\/de\",\"name\":\"Bagno Italia\",\"description\":\"\",\"publisher\":{\"@id\":\"https:\/\/www.bagnoitalia.com\/de#organization\"},\"potentialAction\":[{\"@type\":\"SearchAction\",\"target\":{\"@type\":\"EntryPoint\",\"urlTemplate\":\"https:\/\/www.bagnoitalia.com\/de?s={search_term_string}\"},\"query-input\":{\"@type\":\"PropertyValueSpecification\",\"valueRequired\":true,\"valueName\":\"search_term_string\"}}],\"inLanguage\":\"de\"},{\"@type\":\"Organization\",\"@id\":\"https:\/\/www.bagnoitalia.com\/de#organization\",\"name\":\"Bagno Italia\",\"url\":\"https:\/\/www.bagnoitalia.com\/de\",\"logo\":{\"@type\":\"ImageObject\",\"inLanguage\":\"de\",\"@id\":\"https:\/\/www.bagnoitalia.com\/de#\/schema\/logo\/image\/\",\"url\":\"https:\/\/img.bagnoitalia.com\/wp-content\/uploads\/logo-bagnoitalia.webp\",\"contentUrl\":\"https:\/\/img.bagnoitalia.com\/wp-content\/uploads\/logo-bagnoitalia.webp\",\"width\":400,\"height\":70,\"caption\":\"Bagno Italia\"},\"image\":{\"@id\":\"https:\/\/www.bagnoitalia.com\/de#\/schema\/logo\/image\/\"}}]}<\/script>\n<!-- \/ Yoast SEO plugin. -->","yoast_head_json":{"title":"Mobiles Mehrzweck-Badezimmerunterteil, Wei\u00df oder Tabak bh","description":"Mehrzweck-Schuhschrank, Gr\u00f6\u00dfe 156x60x33,50cm, gl\u00e4nzend wei\u00df oder tabakfarben. Auch mit W\u00e4schebeh\u00e4lter erh\u00e4ltlich - Kaufen Sie bei Bagno Italia!","robots":{"index":"index","follow":"follow","max-snippet":"max-snippet:-1","max-image-preview":"max-image-preview:large","max-video-preview":"max-video-preview:-1"},"canonical":"https:\/\/www.bagnoitalia.com\/de\/produkt\/b1-weise-badwanne-oder-double-high-multipurpose-60x156hx33-5-tabak.html","og_locale":"de_DE","og_type":"article","og_title":"Mobiles Mehrzweck-Badezimmerunterteil, Wei\u00df oder Tabak bh","og_description":"Mehrzweck-Schuhschrank, Gr\u00f6\u00dfe 156x60x33,50cm, gl\u00e4nzend wei\u00df oder tabakfarben. Auch mit W\u00e4schebeh\u00e4lter erh\u00e4ltlich - Kaufen Sie bei Bagno Italia!","og_url":"https:\/\/www.bagnoitalia.com\/de\/produkt\/b1-weise-badwanne-oder-double-high-multipurpose-60x156hx33-5-tabak.html","og_site_name":"Bagno Italia","article_modified_time":"2024-09-20T14:37:12+00:00","og_image":[{"width":606,"height":690,"url":"https:\/\/img.bagnoitalia.com\/wp-content\/uploads\/virtuemart\/product\/Bathroom-base-cabinet-multipurpose-18489_1542712260_74.jpg","type":"image\/jpeg"}],"twitter_card":"summary_large_image","twitter_misc":{"Gesch\u00e4tzte Lesezeit":"1\u00a0Minute"},"schema":{"@context":"https:\/\/schema.org","@graph":[{"@type":"WebPage","@id":"https:\/\/www.bagnoitalia.com\/de\/produkt\/b1-weise-badwanne-oder-double-high-multipurpose-60x156hx33-5-tabak.html","url":"https:\/\/www.bagnoitalia.com\/de\/produkt\/b1-weise-badwanne-oder-double-high-multipurpose-60x156hx33-5-tabak.html","name":"Mobiles Mehrzweck-Badezimmerunterteil, Wei\u00df oder Tabak bh","isPartOf":{"@id":"https:\/\/www.bagnoitalia.com\/de#website"},"primaryImageOfPage":{"@id":"https:\/\/www.bagnoitalia.com\/de\/produkt\/b1-weise-badwanne-oder-double-high-multipurpose-60x156hx33-5-tabak.html#primaryimage"},"image":{"@id":"https:\/\/www.bagnoitalia.com\/de\/produkt\/b1-weise-badwanne-oder-double-high-multipurpose-60x156hx33-5-tabak.html#primaryimage"},"thumbnailUrl":"https:\/\/img.bagnoitalia.com\/wp-content\/uploads\/virtuemart\/product\/Bathroom-base-cabinet-multipurpose-18489_1542712260_74.jpg","datePublished":"2009-08-05T09:20:56+00:00","dateModified":"2024-09-20T14:37:12+00:00","description":"Mehrzweck-Schuhschrank, Gr\u00f6\u00dfe 156x60x33,50cm, gl\u00e4nzend wei\u00df oder tabakfarben. Auch mit W\u00e4schebeh\u00e4lter erh\u00e4ltlich - Kaufen Sie bei Bagno Italia!","breadcrumb":{"@id":"https:\/\/www.bagnoitalia.com\/de\/produkt\/b1-weise-badwanne-oder-double-high-multipurpose-60x156hx33-5-tabak.html#breadcrumb"},"inLanguage":"de","potentialAction":[{"@type":"ReadAction","target":["https:\/\/www.bagnoitalia.com\/de\/produkt\/b1-weise-badwanne-oder-double-high-multipurpose-60x156hx33-5-tabak.html"]}]},{"@type":"ImageObject","inLanguage":"de","@id":"https:\/\/www.bagnoitalia.com\/de\/produkt\/b1-weise-badwanne-oder-double-high-multipurpose-60x156hx33-5-tabak.html#primaryimage","url":"https:\/\/img.bagnoitalia.com\/wp-content\/uploads\/virtuemart\/product\/Bathroom-base-cabinet-multipurpose-18489_1542712260_74.jpg","contentUrl":"https:\/\/img.bagnoitalia.com\/wp-content\/uploads\/virtuemart\/product\/Bathroom-base-cabinet-multipurpose-18489_1542712260_74.jpg","width":606,"height":690},{"@type":"BreadcrumbList","@id":"https:\/\/www.bagnoitalia.com\/de\/produkt\/b1-weise-badwanne-oder-double-high-multipurpose-60x156hx33-5-tabak.html#breadcrumb","itemListElement":[{"@type":"ListItem","position":1,"name":"Home","item":"https:\/\/www.bagnoitalia.com\/de"},{"@type":"ListItem","position":2,"name":"Produkte","item":"https:\/\/www.bagnoitalia.com\/de\/shop"},{"@type":"ListItem","position":3,"name":"B1 Badschrank, 60x156x33,5cm, multifunktional, wei\u00df oder tabakfarben, BM040"}]},{"@type":"WebSite","@id":"https:\/\/www.bagnoitalia.com\/de#website","url":"https:\/\/www.bagnoitalia.com\/de","name":"Bagno Italia","description":"","publisher":{"@id":"https:\/\/www.bagnoitalia.com\/de#organization"},"potentialAction":[{"@type":"SearchAction","target":{"@type":"EntryPoint","urlTemplate":"https:\/\/www.bagnoitalia.com\/de?s={search_term_string}"},"query-input":{"@type":"PropertyValueSpecification","valueRequired":true,"valueName":"search_term_string"}}],"inLanguage":"de"},{"@type":"Organization","@id":"https:\/\/www.bagnoitalia.com\/de#organization","name":"Bagno Italia","url":"https:\/\/www.bagnoitalia.com\/de","logo":{"@type":"ImageObject","inLanguage":"de","@id":"https:\/\/www.bagnoitalia.com\/de#\/schema\/logo\/image\/","url":"https:\/\/img.bagnoitalia.com\/wp-content\/uploads\/logo-bagnoitalia.webp","contentUrl":"https:\/\/img.bagnoitalia.com\/wp-content\/uploads\/logo-bagnoitalia.webp","width":400,"height":70,"caption":"Bagno Italia"},"image":{"@id":"https:\/\/www.bagnoitalia.com\/de#\/schema\/logo\/image\/"}}]}},"_links":{"self":[{"href":"https:\/\/www.bagnoitalia.com\/de\/wp-json\/wp\/v2\/product\/76947","targetHints":{"allow":["GET"]}}],"collection":[{"href":"https:\/\/www.bagnoitalia.com\/de\/wp-json\/wp\/v2\/product"}],"about":[{"href":"https:\/\/www.bagnoitalia.com\/de\/wp-json\/wp\/v2\/types\/product"}],"replies":[{"embeddable":true,"href":"https:\/\/www.bagnoitalia.com\/de\/wp-json\/wp\/v2\/comments?post=76947"}],"version-history":[{"count":3,"href":"https:\/\/www.bagnoitalia.com\/de\/wp-json\/wp\/v2\/product\/76947\/revisions"}],"predecessor-version":[{"id":92236,"href":"https:\/\/www.bagnoitalia.com\/de\/wp-json\/wp\/v2\/product\/76947\/revisions\/92236"}],"wp:featuredmedia":[{"embeddable":true,"href":"https:\/\/www.bagnoitalia.com\/de\/wp-json\/wp\/v2\/media\/9350"}],"wp:attachment":[{"href":"https:\/\/www.bagnoitalia.com\/de\/wp-json\/wp\/v2\/media?parent=76947"}],"wp:term":[{"taxonomy":"product_brand","embeddable":true,"href":"https:\/\/www.bagnoitalia.com\/de\/wp-json\/wp\/v2\/product_brand?post=76947"},{"taxonomy":"product_cat","embeddable":true,"href":"https:\/\/www.bagnoitalia.com\/de\/wp-json\/wp\/v2\/product_cat?post=76947"},{"taxonomy":"product_tag","embeddable":true,"href":"https:\/\/www.bagnoitalia.com\/de\/wp-json\/wp\/v2\/product_tag?post=76947"}],"curies":[{"name":"wp","href":"https:\/\/api.w.org\/{rel}","templated":true}]}}