{"id":76915,"date":"2009-07-30T16:50:29","date_gmt":"2009-07-30T14:50:29","guid":{"rendered":"https:\/\/www.bagnoitalia.com\/product\/saule-35x140hx20-spiegeltur-verfugbar-in-verschiedenen-farben"},"modified":"2024-12-02T10:04:55","modified_gmt":"2024-12-02T09:04:55","slug":"saule-35x140hx20-spiegeltur-verfugbar-in-verschiedenen-farben","status":"publish","type":"product","link":"https:\/\/www.bagnoitalia.com\/de\/produkt\/saule-35x140hx20-spiegeltur-verfugbar-in-verschiedenen-farben.html","title":{"rendered":"Schranks\u00e4ule, 35x140x20cm, mit Spiegelt\u00fcr, in verschiedenen Farben verf\u00fcgbar BM001"},"content":{"rendered":"<p><strong>Material:<\/strong><\/p>\n<p>Struktur: MDF (Mediodensit), lackiert<\/p>\n<p>Schrankt\u00fcr: MDF (Mediodensit) mit Spiegel<\/p>\n<p>Scharniere: aus Metall<\/p>\n<p>&nbsp;<\/p>\n<p>Farbe: dunkles Weng\u00e9, gl\u00e4nzendes wei\u00df, schwarz, rot (gewellt), hellgrau, dunkelgrau, violett, wei\u00df (gewellt)<\/p>\n","protected":false},"excerpt":{"rendered":"<p>Die 35x140x20cm gro\u00dfe S\u00e4ule ist in dunklem Weng\u00e9, gl\u00e4nzendem wei\u00df, schwarz, rot, hellgrau, dunkelgrau oder violett verf\u00fcgbar.<\/p>\n","protected":false},"featured_media":9234,"comment_status":"open","ping_status":"closed","template":"","meta":[],"product_brand":[5011],"product_cat":[9668],"product_tag":[],"class_list":{"0":"post-76915","1":"product","2":"type-product","3":"status-publish","4":"has-post-thumbnail","6":"product_brand-baden-haus","7":"product_cat-erganzende-mobel","9":"first","10":"instock","11":"sale","12":"taxable","13":"shipping-taxable","14":"purchasable","15":"product-type-simple"},"exclude_global_add_ons":false,"addons":[{"name":"Farbe","type":"multiple_choice","position":0,"required":true,"title_format":"heading","default":"","description_enable":false,"description":"","placeholder_enable":false,"placeholder":"","display":"select","restrictions_type":"any_text","adjust_price":false,"price":"","price_type":"flat_fee","restrictions":false,"min":"0","max":"0","options":[{"label":"Gl\u00e4nzend wei\u00df","price":"","price_type":"quantity_based","image":0,"visibility":true},{"label":"Gl\u00e4nzend Rot","price":"","price_type":"quantity_based","image":0,"visibility":true},{"label":"Gl\u00e4nzend grau","price":"","price_type":"quantity_based","image":0,"visibility":true},{"label":"Taupe grau","price":"","price_type":"quantity_based","image":0,"visibility":true},{"label":"Weiche Eiche","price":"","price_type":"quantity_based","image":0,"visibility":true},{"label":"Naturgrau","price":"","price_type":"quantity_based","image":0,"visibility":true},{"label":"Esche wei\u00df","price":"","price_type":"quantity_based","image":0,"visibility":true},{"label":"Weng\u00e8 Dunkelgrau","price":"","price_type":"quantity_based","image":0,"visibility":true},{"label":"L\u00e4rche","price":"","price_type":"quantity_based","image":0,"visibility":true},{"label":"Wei\u00dfe Eiche","price":"","price_type":"quantity_based","image":0,"visibility":true},{"label":"Tabak","price":"","price_type":"quantity_based","image":0,"visibility":true}],"id":1718119675}],"yoast_head":"<!-- This site is optimized with the Yoast SEO plugin v26.7 - https:\/\/yoast.com\/wordpress\/plugins\/seo\/ -->\n<title>S\u00e4ule 35x140hx20 Spiegelt\u00fcr bh<\/title>\n<meta name=\"description\" content=\"S\u00e4ule - Modernes Zubeh\u00f6r in verschiedenen Farben erh\u00e4ltlich, mit Spiegelt\u00fcr, Abmessungen 35x140hx20cm, mit Metallscharnieren.\" \/>\n<meta name=\"robots\" content=\"index, follow, max-snippet:-1, max-image-preview:large, max-video-preview:-1\" \/>\n<link rel=\"canonical\" href=\"https:\/\/www.bagnoitalia.com\/de\/produkt\/saule-35x140hx20-spiegeltur-verfugbar-in-verschiedenen-farben.html\" \/>\n<meta property=\"og:locale\" content=\"de_DE\" \/>\n<meta property=\"og:type\" content=\"article\" \/>\n<meta property=\"og:title\" content=\"S\u00e4ule 35x140hx20 Spiegelt\u00fcr bh\" \/>\n<meta property=\"og:description\" content=\"S\u00e4ule - Modernes Zubeh\u00f6r in verschiedenen Farben erh\u00e4ltlich, mit Spiegelt\u00fcr, Abmessungen 35x140hx20cm, mit Metallscharnieren.\" \/>\n<meta property=\"og:url\" content=\"https:\/\/www.bagnoitalia.com\/de\/produkt\/saule-35x140hx20-spiegeltur-verfugbar-in-verschiedenen-farben.html\" \/>\n<meta property=\"og:site_name\" content=\"Bagno Italia\" \/>\n<meta property=\"article:modified_time\" content=\"2024-12-02T09:04:55+00:00\" \/>\n<meta property=\"og:image\" content=\"https:\/\/img.bagnoitalia.com\/wp-content\/uploads\/virtuemart\/product\/column-cabinet-35-140h-20-mirror-door-1_1544543044_252.jpg\" \/>\n\t<meta property=\"og:image:width\" content=\"407\" \/>\n\t<meta property=\"og:image:height\" content=\"407\" \/>\n\t<meta property=\"og:image:type\" content=\"image\/jpeg\" \/>\n<meta name=\"twitter:card\" content=\"summary_large_image\" \/>\n<meta name=\"twitter:label1\" content=\"Gesch\u00e4tzte Lesezeit\" \/>\n\t<meta name=\"twitter:data1\" content=\"1\u00a0Minute\" \/>\n<script type=\"application\/ld+json\" class=\"yoast-schema-graph\">{\"@context\":\"https:\/\/schema.org\",\"@graph\":[{\"@type\":\"WebPage\",\"@id\":\"https:\/\/www.bagnoitalia.com\/de\/produkt\/saule-35x140hx20-spiegeltur-verfugbar-in-verschiedenen-farben.html\",\"url\":\"https:\/\/www.bagnoitalia.com\/de\/produkt\/saule-35x140hx20-spiegeltur-verfugbar-in-verschiedenen-farben.html\",\"name\":\"S\u00e4ule 35x140hx20 Spiegelt\u00fcr bh\",\"isPartOf\":{\"@id\":\"https:\/\/www.bagnoitalia.com\/de#website\"},\"primaryImageOfPage\":{\"@id\":\"https:\/\/www.bagnoitalia.com\/de\/produkt\/saule-35x140hx20-spiegeltur-verfugbar-in-verschiedenen-farben.html#primaryimage\"},\"image\":{\"@id\":\"https:\/\/www.bagnoitalia.com\/de\/produkt\/saule-35x140hx20-spiegeltur-verfugbar-in-verschiedenen-farben.html#primaryimage\"},\"thumbnailUrl\":\"https:\/\/img.bagnoitalia.com\/wp-content\/uploads\/virtuemart\/product\/column-cabinet-35-140h-20-mirror-door-1_1544543044_252.jpg\",\"datePublished\":\"2009-07-30T14:50:29+00:00\",\"dateModified\":\"2024-12-02T09:04:55+00:00\",\"description\":\"S\u00e4ule - Modernes Zubeh\u00f6r in verschiedenen Farben erh\u00e4ltlich, mit Spiegelt\u00fcr, Abmessungen 35x140hx20cm, mit Metallscharnieren.\",\"breadcrumb\":{\"@id\":\"https:\/\/www.bagnoitalia.com\/de\/produkt\/saule-35x140hx20-spiegeltur-verfugbar-in-verschiedenen-farben.html#breadcrumb\"},\"inLanguage\":\"de\",\"potentialAction\":[{\"@type\":\"ReadAction\",\"target\":[\"https:\/\/www.bagnoitalia.com\/de\/produkt\/saule-35x140hx20-spiegeltur-verfugbar-in-verschiedenen-farben.html\"]}]},{\"@type\":\"ImageObject\",\"inLanguage\":\"de\",\"@id\":\"https:\/\/www.bagnoitalia.com\/de\/produkt\/saule-35x140hx20-spiegeltur-verfugbar-in-verschiedenen-farben.html#primaryimage\",\"url\":\"https:\/\/img.bagnoitalia.com\/wp-content\/uploads\/virtuemart\/product\/column-cabinet-35-140h-20-mirror-door-1_1544543044_252.jpg\",\"contentUrl\":\"https:\/\/img.bagnoitalia.com\/wp-content\/uploads\/virtuemart\/product\/column-cabinet-35-140h-20-mirror-door-1_1544543044_252.jpg\",\"width\":407,\"height\":407},{\"@type\":\"BreadcrumbList\",\"@id\":\"https:\/\/www.bagnoitalia.com\/de\/produkt\/saule-35x140hx20-spiegeltur-verfugbar-in-verschiedenen-farben.html#breadcrumb\",\"itemListElement\":[{\"@type\":\"ListItem\",\"position\":1,\"name\":\"Home\",\"item\":\"https:\/\/www.bagnoitalia.com\/de\"},{\"@type\":\"ListItem\",\"position\":2,\"name\":\"Produkte\",\"item\":\"https:\/\/www.bagnoitalia.com\/de\/shop\"},{\"@type\":\"ListItem\",\"position\":3,\"name\":\"Schranks\u00e4ule, 35x140x20cm, mit Spiegelt\u00fcr, in verschiedenen Farben verf\u00fcgbar BM001\"}]},{\"@type\":\"WebSite\",\"@id\":\"https:\/\/www.bagnoitalia.com\/de#website\",\"url\":\"https:\/\/www.bagnoitalia.com\/de\",\"name\":\"Bagno Italia\",\"description\":\"\",\"publisher\":{\"@id\":\"https:\/\/www.bagnoitalia.com\/de#organization\"},\"potentialAction\":[{\"@type\":\"SearchAction\",\"target\":{\"@type\":\"EntryPoint\",\"urlTemplate\":\"https:\/\/www.bagnoitalia.com\/de?s={search_term_string}\"},\"query-input\":{\"@type\":\"PropertyValueSpecification\",\"valueRequired\":true,\"valueName\":\"search_term_string\"}}],\"inLanguage\":\"de\"},{\"@type\":\"Organization\",\"@id\":\"https:\/\/www.bagnoitalia.com\/de#organization\",\"name\":\"Bagno Italia\",\"url\":\"https:\/\/www.bagnoitalia.com\/de\",\"logo\":{\"@type\":\"ImageObject\",\"inLanguage\":\"de\",\"@id\":\"https:\/\/www.bagnoitalia.com\/de#\/schema\/logo\/image\/\",\"url\":\"https:\/\/img.bagnoitalia.com\/wp-content\/uploads\/logo-bagnoitalia.webp\",\"contentUrl\":\"https:\/\/img.bagnoitalia.com\/wp-content\/uploads\/logo-bagnoitalia.webp\",\"width\":400,\"height\":70,\"caption\":\"Bagno Italia\"},\"image\":{\"@id\":\"https:\/\/www.bagnoitalia.com\/de#\/schema\/logo\/image\/\"}}]}<\/script>\n<!-- \/ Yoast SEO plugin. -->","yoast_head_json":{"title":"S\u00e4ule 35x140hx20 Spiegelt\u00fcr bh","description":"S\u00e4ule - Modernes Zubeh\u00f6r in verschiedenen Farben erh\u00e4ltlich, mit Spiegelt\u00fcr, Abmessungen 35x140hx20cm, mit Metallscharnieren.","robots":{"index":"index","follow":"follow","max-snippet":"max-snippet:-1","max-image-preview":"max-image-preview:large","max-video-preview":"max-video-preview:-1"},"canonical":"https:\/\/www.bagnoitalia.com\/de\/produkt\/saule-35x140hx20-spiegeltur-verfugbar-in-verschiedenen-farben.html","og_locale":"de_DE","og_type":"article","og_title":"S\u00e4ule 35x140hx20 Spiegelt\u00fcr bh","og_description":"S\u00e4ule - Modernes Zubeh\u00f6r in verschiedenen Farben erh\u00e4ltlich, mit Spiegelt\u00fcr, Abmessungen 35x140hx20cm, mit Metallscharnieren.","og_url":"https:\/\/www.bagnoitalia.com\/de\/produkt\/saule-35x140hx20-spiegeltur-verfugbar-in-verschiedenen-farben.html","og_site_name":"Bagno Italia","article_modified_time":"2024-12-02T09:04:55+00:00","og_image":[{"width":407,"height":407,"url":"https:\/\/img.bagnoitalia.com\/wp-content\/uploads\/virtuemart\/product\/column-cabinet-35-140h-20-mirror-door-1_1544543044_252.jpg","type":"image\/jpeg"}],"twitter_card":"summary_large_image","twitter_misc":{"Gesch\u00e4tzte Lesezeit":"1\u00a0Minute"},"schema":{"@context":"https:\/\/schema.org","@graph":[{"@type":"WebPage","@id":"https:\/\/www.bagnoitalia.com\/de\/produkt\/saule-35x140hx20-spiegeltur-verfugbar-in-verschiedenen-farben.html","url":"https:\/\/www.bagnoitalia.com\/de\/produkt\/saule-35x140hx20-spiegeltur-verfugbar-in-verschiedenen-farben.html","name":"S\u00e4ule 35x140hx20 Spiegelt\u00fcr bh","isPartOf":{"@id":"https:\/\/www.bagnoitalia.com\/de#website"},"primaryImageOfPage":{"@id":"https:\/\/www.bagnoitalia.com\/de\/produkt\/saule-35x140hx20-spiegeltur-verfugbar-in-verschiedenen-farben.html#primaryimage"},"image":{"@id":"https:\/\/www.bagnoitalia.com\/de\/produkt\/saule-35x140hx20-spiegeltur-verfugbar-in-verschiedenen-farben.html#primaryimage"},"thumbnailUrl":"https:\/\/img.bagnoitalia.com\/wp-content\/uploads\/virtuemart\/product\/column-cabinet-35-140h-20-mirror-door-1_1544543044_252.jpg","datePublished":"2009-07-30T14:50:29+00:00","dateModified":"2024-12-02T09:04:55+00:00","description":"S\u00e4ule - Modernes Zubeh\u00f6r in verschiedenen Farben erh\u00e4ltlich, mit Spiegelt\u00fcr, Abmessungen 35x140hx20cm, mit Metallscharnieren.","breadcrumb":{"@id":"https:\/\/www.bagnoitalia.com\/de\/produkt\/saule-35x140hx20-spiegeltur-verfugbar-in-verschiedenen-farben.html#breadcrumb"},"inLanguage":"de","potentialAction":[{"@type":"ReadAction","target":["https:\/\/www.bagnoitalia.com\/de\/produkt\/saule-35x140hx20-spiegeltur-verfugbar-in-verschiedenen-farben.html"]}]},{"@type":"ImageObject","inLanguage":"de","@id":"https:\/\/www.bagnoitalia.com\/de\/produkt\/saule-35x140hx20-spiegeltur-verfugbar-in-verschiedenen-farben.html#primaryimage","url":"https:\/\/img.bagnoitalia.com\/wp-content\/uploads\/virtuemart\/product\/column-cabinet-35-140h-20-mirror-door-1_1544543044_252.jpg","contentUrl":"https:\/\/img.bagnoitalia.com\/wp-content\/uploads\/virtuemart\/product\/column-cabinet-35-140h-20-mirror-door-1_1544543044_252.jpg","width":407,"height":407},{"@type":"BreadcrumbList","@id":"https:\/\/www.bagnoitalia.com\/de\/produkt\/saule-35x140hx20-spiegeltur-verfugbar-in-verschiedenen-farben.html#breadcrumb","itemListElement":[{"@type":"ListItem","position":1,"name":"Home","item":"https:\/\/www.bagnoitalia.com\/de"},{"@type":"ListItem","position":2,"name":"Produkte","item":"https:\/\/www.bagnoitalia.com\/de\/shop"},{"@type":"ListItem","position":3,"name":"Schranks\u00e4ule, 35x140x20cm, mit Spiegelt\u00fcr, in verschiedenen Farben verf\u00fcgbar BM001"}]},{"@type":"WebSite","@id":"https:\/\/www.bagnoitalia.com\/de#website","url":"https:\/\/www.bagnoitalia.com\/de","name":"Bagno Italia","description":"","publisher":{"@id":"https:\/\/www.bagnoitalia.com\/de#organization"},"potentialAction":[{"@type":"SearchAction","target":{"@type":"EntryPoint","urlTemplate":"https:\/\/www.bagnoitalia.com\/de?s={search_term_string}"},"query-input":{"@type":"PropertyValueSpecification","valueRequired":true,"valueName":"search_term_string"}}],"inLanguage":"de"},{"@type":"Organization","@id":"https:\/\/www.bagnoitalia.com\/de#organization","name":"Bagno Italia","url":"https:\/\/www.bagnoitalia.com\/de","logo":{"@type":"ImageObject","inLanguage":"de","@id":"https:\/\/www.bagnoitalia.com\/de#\/schema\/logo\/image\/","url":"https:\/\/img.bagnoitalia.com\/wp-content\/uploads\/logo-bagnoitalia.webp","contentUrl":"https:\/\/img.bagnoitalia.com\/wp-content\/uploads\/logo-bagnoitalia.webp","width":400,"height":70,"caption":"Bagno Italia"},"image":{"@id":"https:\/\/www.bagnoitalia.com\/de#\/schema\/logo\/image\/"}}]}},"_links":{"self":[{"href":"https:\/\/www.bagnoitalia.com\/de\/wp-json\/wp\/v2\/product\/76915","targetHints":{"allow":["GET"]}}],"collection":[{"href":"https:\/\/www.bagnoitalia.com\/de\/wp-json\/wp\/v2\/product"}],"about":[{"href":"https:\/\/www.bagnoitalia.com\/de\/wp-json\/wp\/v2\/types\/product"}],"replies":[{"embeddable":true,"href":"https:\/\/www.bagnoitalia.com\/de\/wp-json\/wp\/v2\/comments?post=76915"}],"version-history":[{"count":2,"href":"https:\/\/www.bagnoitalia.com\/de\/wp-json\/wp\/v2\/product\/76915\/revisions"}],"predecessor-version":[{"id":92129,"href":"https:\/\/www.bagnoitalia.com\/de\/wp-json\/wp\/v2\/product\/76915\/revisions\/92129"}],"wp:featuredmedia":[{"embeddable":true,"href":"https:\/\/www.bagnoitalia.com\/de\/wp-json\/wp\/v2\/media\/9234"}],"wp:attachment":[{"href":"https:\/\/www.bagnoitalia.com\/de\/wp-json\/wp\/v2\/media?parent=76915"}],"wp:term":[{"taxonomy":"product_brand","embeddable":true,"href":"https:\/\/www.bagnoitalia.com\/de\/wp-json\/wp\/v2\/product_brand?post=76915"},{"taxonomy":"product_cat","embeddable":true,"href":"https:\/\/www.bagnoitalia.com\/de\/wp-json\/wp\/v2\/product_cat?post=76915"},{"taxonomy":"product_tag","embeddable":true,"href":"https:\/\/www.bagnoitalia.com\/de\/wp-json\/wp\/v2\/product_tag?post=76915"}],"curies":[{"name":"wp","href":"https:\/\/api.w.org\/{rel}","templated":true}]}}