{"id":76883,"date":"2014-04-30T14:22:04","date_gmt":"2014-04-30T12:22:04","guid":{"rendered":"https:\/\/www.bagnoitalia.com\/product\/badmobel-schlechte-kunst-portofino-75-cm-oder-65-massive-nussbaum"},"modified":"2025-07-07T14:32:57","modified_gmt":"2025-07-07T12:32:57","slug":"badmobel-schlechte-kunst-portofino-75-cm-oder-65-massive-nussbaum","status":"publish","type":"product","link":"https:\/\/www.bagnoitalia.com\/de\/produkt\/badmobel-schlechte-kunst-portofino-75-cm-oder-65-massive-nussbaum.html","title":{"rendered":"Portofino Badschrank in schlichtem Stil, 75 oder 65cm, nussbaumfarben"},"content":{"rendered":"<p>Der oben genannte Preis beinhaltet:<\/p>\n<p>1 Portofino-Unterschrank cm60 (mit 2 T\u00fcren) x Tiefe. 32,2 cm (maximale Tiefe in der Mitte des Waschbeckens 45,5 cm)<\/p>\n<p>Nr. 1 Keramikwaschbecken 65 cm<\/p>\n<p>Nr. 1 Spiegel 59,5 x H104 cm<\/p>\n<p>Nr. 1 Applikation<\/p>\n<p>&nbsp;<\/p>\n<p>&nbsp;<\/p>\n<p>Im Men\u00fc oben k\u00f6nnen Sie den 75-cm-Schrank w\u00e4hlen, der mit 3 T\u00fcren oder 2 T\u00fcren und 4 Schubladen erh\u00e4ltlich ist.<\/p>\n<p>&nbsp;<\/p>\n<p>&nbsp;<\/p>\n<p>Verwendete Materialien.<\/p>\n<p>Struktur: Holz.<\/p>\n<p>Waschbecken: Keramik<\/p>\n","protected":false},"excerpt":{"rendered":"<p>Der Portofino Badschrank in schlichter Kunst ist in 75 oder 65cm erh\u00e4ltlich. Bereit f\u00fcr die Lieferung!<\/p>\n","protected":false},"featured_media":9010,"comment_status":"open","ping_status":"closed","template":"","meta":[],"product_brand":[9883],"product_cat":[15,10116],"product_tag":[],"class_list":{"0":"post-76883","1":"product","2":"type-product","3":"status-publish","4":"has-post-thumbnail","6":"product_brand-deghi-de","7":"product_cat-senza-categoria","8":"product_cat-senza-categoria-de","10":"first","11":"outofstock","12":"taxable","13":"shipping-taxable","14":"purchasable","15":"product-type-simple"},"exclude_global_add_ons":false,"addons":[{"name":"CAMPI_MOBILE\r\n","type":"select","position":0,"required":true,"title_format":"label","default":"","description_enable":false,"description":"","placeholder_enable":false,"placeholder":"","display":"select","restrictions_type":"any_text","adjust_price":false,"price":"","price_type":"","restrictions":false,"min":"0","max":"0","options":[]}],"yoast_head":"<!-- This site is optimized with the Yoast SEO plugin v26.7 - https:\/\/yoast.com\/wordpress\/plugins\/seo\/ -->\n<title>Arte Povera Badm\u00f6bel, Portofino Modell<\/title>\n<meta name=\"description\" content=\"Portofino 65 Badm\u00f6bel in Arte Povera aus Nussbaumholz und massiver Pappel. Komplett mit Keramikwaschbecken, Spiegel und Wandleuchte. Jetzt kaufen\" \/>\n<meta name=\"robots\" content=\"index, follow, max-snippet:-1, max-image-preview:large, max-video-preview:-1\" \/>\n<link rel=\"canonical\" href=\"https:\/\/www.bagnoitalia.com\/de\/produkt\/badmobel-schlechte-kunst-portofino-75-cm-oder-65-massive-nussbaum.html\" \/>\n<meta property=\"og:locale\" content=\"de_DE\" \/>\n<meta property=\"og:type\" content=\"article\" \/>\n<meta property=\"og:title\" content=\"Arte Povera Badm\u00f6bel, Portofino Modell\" \/>\n<meta property=\"og:description\" content=\"Portofino 65 Badm\u00f6bel in Arte Povera aus Nussbaumholz und massiver Pappel. Komplett mit Keramikwaschbecken, Spiegel und Wandleuchte. Jetzt kaufen\" \/>\n<meta property=\"og:url\" content=\"https:\/\/www.bagnoitalia.com\/de\/produkt\/badmobel-schlechte-kunst-portofino-75-cm-oder-65-massive-nussbaum.html\" \/>\n<meta property=\"og:site_name\" content=\"Bagno Italia\" \/>\n<meta property=\"article:modified_time\" content=\"2025-07-07T12:32:57+00:00\" \/>\n<meta property=\"og:image\" content=\"https:\/\/img.bagnoitalia.com\/wp-content\/uploads\/virtuemart\/product\/Arte-povera-bathroom-vanity-01_1637845957_557.jpg\" \/>\n\t<meta property=\"og:image:width\" content=\"550\" \/>\n\t<meta property=\"og:image:height\" content=\"550\" \/>\n\t<meta property=\"og:image:type\" content=\"image\/jpeg\" \/>\n<meta name=\"twitter:card\" content=\"summary_large_image\" \/>\n<script type=\"application\/ld+json\" class=\"yoast-schema-graph\">{\"@context\":\"https:\/\/schema.org\",\"@graph\":[{\"@type\":\"WebPage\",\"@id\":\"https:\/\/www.bagnoitalia.com\/de\/produkt\/badmobel-schlechte-kunst-portofino-75-cm-oder-65-massive-nussbaum.html\",\"url\":\"https:\/\/www.bagnoitalia.com\/de\/produkt\/badmobel-schlechte-kunst-portofino-75-cm-oder-65-massive-nussbaum.html\",\"name\":\"Arte Povera Badm\u00f6bel, Portofino Modell\",\"isPartOf\":{\"@id\":\"https:\/\/www.bagnoitalia.com\/de#website\"},\"primaryImageOfPage\":{\"@id\":\"https:\/\/www.bagnoitalia.com\/de\/produkt\/badmobel-schlechte-kunst-portofino-75-cm-oder-65-massive-nussbaum.html#primaryimage\"},\"image\":{\"@id\":\"https:\/\/www.bagnoitalia.com\/de\/produkt\/badmobel-schlechte-kunst-portofino-75-cm-oder-65-massive-nussbaum.html#primaryimage\"},\"thumbnailUrl\":\"https:\/\/img.bagnoitalia.com\/wp-content\/uploads\/virtuemart\/product\/Arte-povera-bathroom-vanity-01_1637845957_557.jpg\",\"datePublished\":\"2014-04-30T12:22:04+00:00\",\"dateModified\":\"2025-07-07T12:32:57+00:00\",\"description\":\"Portofino 65 Badm\u00f6bel in Arte Povera aus Nussbaumholz und massiver Pappel. Komplett mit Keramikwaschbecken, Spiegel und Wandleuchte. Jetzt kaufen\",\"breadcrumb\":{\"@id\":\"https:\/\/www.bagnoitalia.com\/de\/produkt\/badmobel-schlechte-kunst-portofino-75-cm-oder-65-massive-nussbaum.html#breadcrumb\"},\"inLanguage\":\"de\",\"potentialAction\":[{\"@type\":\"ReadAction\",\"target\":[\"https:\/\/www.bagnoitalia.com\/de\/produkt\/badmobel-schlechte-kunst-portofino-75-cm-oder-65-massive-nussbaum.html\"]}]},{\"@type\":\"ImageObject\",\"inLanguage\":\"de\",\"@id\":\"https:\/\/www.bagnoitalia.com\/de\/produkt\/badmobel-schlechte-kunst-portofino-75-cm-oder-65-massive-nussbaum.html#primaryimage\",\"url\":\"https:\/\/img.bagnoitalia.com\/wp-content\/uploads\/virtuemart\/product\/Arte-povera-bathroom-vanity-01_1637845957_557.jpg\",\"contentUrl\":\"https:\/\/img.bagnoitalia.com\/wp-content\/uploads\/virtuemart\/product\/Arte-povera-bathroom-vanity-01_1637845957_557.jpg\",\"width\":550,\"height\":550},{\"@type\":\"BreadcrumbList\",\"@id\":\"https:\/\/www.bagnoitalia.com\/de\/produkt\/badmobel-schlechte-kunst-portofino-75-cm-oder-65-massive-nussbaum.html#breadcrumb\",\"itemListElement\":[{\"@type\":\"ListItem\",\"position\":1,\"name\":\"Home\",\"item\":\"https:\/\/www.bagnoitalia.com\/de\"},{\"@type\":\"ListItem\",\"position\":2,\"name\":\"Produkte\",\"item\":\"https:\/\/www.bagnoitalia.com\/de\/shop\"},{\"@type\":\"ListItem\",\"position\":3,\"name\":\"Portofino Badschrank in schlichtem Stil, 75 oder 65cm, nussbaumfarben\"}]},{\"@type\":\"WebSite\",\"@id\":\"https:\/\/www.bagnoitalia.com\/de#website\",\"url\":\"https:\/\/www.bagnoitalia.com\/de\",\"name\":\"Bagno Italia\",\"description\":\"\",\"publisher\":{\"@id\":\"https:\/\/www.bagnoitalia.com\/de#organization\"},\"potentialAction\":[{\"@type\":\"SearchAction\",\"target\":{\"@type\":\"EntryPoint\",\"urlTemplate\":\"https:\/\/www.bagnoitalia.com\/de?s={search_term_string}\"},\"query-input\":{\"@type\":\"PropertyValueSpecification\",\"valueRequired\":true,\"valueName\":\"search_term_string\"}}],\"inLanguage\":\"de\"},{\"@type\":\"Organization\",\"@id\":\"https:\/\/www.bagnoitalia.com\/de#organization\",\"name\":\"Bagno Italia\",\"url\":\"https:\/\/www.bagnoitalia.com\/de\",\"logo\":{\"@type\":\"ImageObject\",\"inLanguage\":\"de\",\"@id\":\"https:\/\/www.bagnoitalia.com\/de#\/schema\/logo\/image\/\",\"url\":\"https:\/\/img.bagnoitalia.com\/wp-content\/uploads\/logo-bagnoitalia.webp\",\"contentUrl\":\"https:\/\/img.bagnoitalia.com\/wp-content\/uploads\/logo-bagnoitalia.webp\",\"width\":400,\"height\":70,\"caption\":\"Bagno Italia\"},\"image\":{\"@id\":\"https:\/\/www.bagnoitalia.com\/de#\/schema\/logo\/image\/\"}}]}<\/script>\n<!-- \/ Yoast SEO plugin. -->","yoast_head_json":{"title":"Arte Povera Badm\u00f6bel, Portofino Modell","description":"Portofino 65 Badm\u00f6bel in Arte Povera aus Nussbaumholz und massiver Pappel. Komplett mit Keramikwaschbecken, Spiegel und Wandleuchte. Jetzt kaufen","robots":{"index":"index","follow":"follow","max-snippet":"max-snippet:-1","max-image-preview":"max-image-preview:large","max-video-preview":"max-video-preview:-1"},"canonical":"https:\/\/www.bagnoitalia.com\/de\/produkt\/badmobel-schlechte-kunst-portofino-75-cm-oder-65-massive-nussbaum.html","og_locale":"de_DE","og_type":"article","og_title":"Arte Povera Badm\u00f6bel, Portofino Modell","og_description":"Portofino 65 Badm\u00f6bel in Arte Povera aus Nussbaumholz und massiver Pappel. Komplett mit Keramikwaschbecken, Spiegel und Wandleuchte. Jetzt kaufen","og_url":"https:\/\/www.bagnoitalia.com\/de\/produkt\/badmobel-schlechte-kunst-portofino-75-cm-oder-65-massive-nussbaum.html","og_site_name":"Bagno Italia","article_modified_time":"2025-07-07T12:32:57+00:00","og_image":[{"width":550,"height":550,"url":"https:\/\/img.bagnoitalia.com\/wp-content\/uploads\/virtuemart\/product\/Arte-povera-bathroom-vanity-01_1637845957_557.jpg","type":"image\/jpeg"}],"twitter_card":"summary_large_image","schema":{"@context":"https:\/\/schema.org","@graph":[{"@type":"WebPage","@id":"https:\/\/www.bagnoitalia.com\/de\/produkt\/badmobel-schlechte-kunst-portofino-75-cm-oder-65-massive-nussbaum.html","url":"https:\/\/www.bagnoitalia.com\/de\/produkt\/badmobel-schlechte-kunst-portofino-75-cm-oder-65-massive-nussbaum.html","name":"Arte Povera Badm\u00f6bel, Portofino Modell","isPartOf":{"@id":"https:\/\/www.bagnoitalia.com\/de#website"},"primaryImageOfPage":{"@id":"https:\/\/www.bagnoitalia.com\/de\/produkt\/badmobel-schlechte-kunst-portofino-75-cm-oder-65-massive-nussbaum.html#primaryimage"},"image":{"@id":"https:\/\/www.bagnoitalia.com\/de\/produkt\/badmobel-schlechte-kunst-portofino-75-cm-oder-65-massive-nussbaum.html#primaryimage"},"thumbnailUrl":"https:\/\/img.bagnoitalia.com\/wp-content\/uploads\/virtuemart\/product\/Arte-povera-bathroom-vanity-01_1637845957_557.jpg","datePublished":"2014-04-30T12:22:04+00:00","dateModified":"2025-07-07T12:32:57+00:00","description":"Portofino 65 Badm\u00f6bel in Arte Povera aus Nussbaumholz und massiver Pappel. Komplett mit Keramikwaschbecken, Spiegel und Wandleuchte. Jetzt kaufen","breadcrumb":{"@id":"https:\/\/www.bagnoitalia.com\/de\/produkt\/badmobel-schlechte-kunst-portofino-75-cm-oder-65-massive-nussbaum.html#breadcrumb"},"inLanguage":"de","potentialAction":[{"@type":"ReadAction","target":["https:\/\/www.bagnoitalia.com\/de\/produkt\/badmobel-schlechte-kunst-portofino-75-cm-oder-65-massive-nussbaum.html"]}]},{"@type":"ImageObject","inLanguage":"de","@id":"https:\/\/www.bagnoitalia.com\/de\/produkt\/badmobel-schlechte-kunst-portofino-75-cm-oder-65-massive-nussbaum.html#primaryimage","url":"https:\/\/img.bagnoitalia.com\/wp-content\/uploads\/virtuemart\/product\/Arte-povera-bathroom-vanity-01_1637845957_557.jpg","contentUrl":"https:\/\/img.bagnoitalia.com\/wp-content\/uploads\/virtuemart\/product\/Arte-povera-bathroom-vanity-01_1637845957_557.jpg","width":550,"height":550},{"@type":"BreadcrumbList","@id":"https:\/\/www.bagnoitalia.com\/de\/produkt\/badmobel-schlechte-kunst-portofino-75-cm-oder-65-massive-nussbaum.html#breadcrumb","itemListElement":[{"@type":"ListItem","position":1,"name":"Home","item":"https:\/\/www.bagnoitalia.com\/de"},{"@type":"ListItem","position":2,"name":"Produkte","item":"https:\/\/www.bagnoitalia.com\/de\/shop"},{"@type":"ListItem","position":3,"name":"Portofino Badschrank in schlichtem Stil, 75 oder 65cm, nussbaumfarben"}]},{"@type":"WebSite","@id":"https:\/\/www.bagnoitalia.com\/de#website","url":"https:\/\/www.bagnoitalia.com\/de","name":"Bagno Italia","description":"","publisher":{"@id":"https:\/\/www.bagnoitalia.com\/de#organization"},"potentialAction":[{"@type":"SearchAction","target":{"@type":"EntryPoint","urlTemplate":"https:\/\/www.bagnoitalia.com\/de?s={search_term_string}"},"query-input":{"@type":"PropertyValueSpecification","valueRequired":true,"valueName":"search_term_string"}}],"inLanguage":"de"},{"@type":"Organization","@id":"https:\/\/www.bagnoitalia.com\/de#organization","name":"Bagno Italia","url":"https:\/\/www.bagnoitalia.com\/de","logo":{"@type":"ImageObject","inLanguage":"de","@id":"https:\/\/www.bagnoitalia.com\/de#\/schema\/logo\/image\/","url":"https:\/\/img.bagnoitalia.com\/wp-content\/uploads\/logo-bagnoitalia.webp","contentUrl":"https:\/\/img.bagnoitalia.com\/wp-content\/uploads\/logo-bagnoitalia.webp","width":400,"height":70,"caption":"Bagno Italia"},"image":{"@id":"https:\/\/www.bagnoitalia.com\/de#\/schema\/logo\/image\/"}}]}},"_links":{"self":[{"href":"https:\/\/www.bagnoitalia.com\/de\/wp-json\/wp\/v2\/product\/76883","targetHints":{"allow":["GET"]}}],"collection":[{"href":"https:\/\/www.bagnoitalia.com\/de\/wp-json\/wp\/v2\/product"}],"about":[{"href":"https:\/\/www.bagnoitalia.com\/de\/wp-json\/wp\/v2\/types\/product"}],"replies":[{"embeddable":true,"href":"https:\/\/www.bagnoitalia.com\/de\/wp-json\/wp\/v2\/comments?post=76883"}],"version-history":[{"count":0,"href":"https:\/\/www.bagnoitalia.com\/de\/wp-json\/wp\/v2\/product\/76883\/revisions"}],"wp:featuredmedia":[{"embeddable":true,"href":"https:\/\/www.bagnoitalia.com\/de\/wp-json\/wp\/v2\/media\/9010"}],"wp:attachment":[{"href":"https:\/\/www.bagnoitalia.com\/de\/wp-json\/wp\/v2\/media?parent=76883"}],"wp:term":[{"taxonomy":"product_brand","embeddable":true,"href":"https:\/\/www.bagnoitalia.com\/de\/wp-json\/wp\/v2\/product_brand?post=76883"},{"taxonomy":"product_cat","embeddable":true,"href":"https:\/\/www.bagnoitalia.com\/de\/wp-json\/wp\/v2\/product_cat?post=76883"},{"taxonomy":"product_tag","embeddable":true,"href":"https:\/\/www.bagnoitalia.com\/de\/wp-json\/wp\/v2\/product_tag?post=76883"}],"curies":[{"name":"wp","href":"https:\/\/api.w.org\/{rel}","templated":true}]}}