{"id":76871,"date":"2009-07-27T23:37:49","date_gmt":"2009-07-27T21:37:49","guid":{"rendered":"https:\/\/www.bagnoitalia.com\/product\/leo-badmobel-cm-85-weis-oder-dunkel-wenge"},"modified":"2025-02-26T20:39:25","modified_gmt":"2025-02-26T19:39:25","slug":"leo-badmobel-cm-85-weis-oder-dunkel-wenge","status":"publish","type":"product","link":"https:\/\/www.bagnoitalia.com\/de\/produkt\/leo-badmobel-cm-85-weis-oder-dunkel-wenge.html","title":{"rendered":"Leo Badm\u00f6bel cm 85 wei\u00df oder dunkel weng\u00e8"},"content":{"rendered":"<p> <strong><img fetchpriority=\"high\" decoding=\"async\" class=\" size-full wp-image-8414\" src=\"https:\/\/img.bagnoitalia.com\/wp-content\/uploads\/1a.png\" alt=\"halt\" width=\"676\" height=\"165\" srcset=\"https:\/\/img.bagnoitalia.com\/wp-content\/uploads\/1a.png 676w, https:\/\/img.bagnoitalia.com\/wp-content\/uploads\/1a-441x108.png 441w, https:\/\/img.bagnoitalia.com\/wp-content\/uploads\/1a-600x146.png 600w, https:\/\/img.bagnoitalia.com\/wp-content\/uploads\/1a-150x37.png 150w\" sizes=\"(max-width: 676px) 100vw, 676px\" \/><\/strong> <\/p>\n<p><strong>&nbsp;<\/strong><\/p>\n<p> <strong>Der oben angegebene Preis beinhaltet:<\/strong> <\/p>\n<p> N \u00b0 1 Leo Base cm 80 x 34 prof. x 190 h <\/p>\n<\/p>\n<p> Keramikwaschbecken Nr. 1 85 cm <\/p>\n<p> N \u00b0 1 Spiegel cm 55&#215;90 + Applikation <\/p>\n<p> <strong>Die F\u00fc\u00dfe, die nur die des sekund\u00e4ren Fotos geliefert werden!<\/strong> <\/p>\n<p> <strong>Anmerkung: Es ist m\u00f6glich, den Spiegeltyp im Men\u00fc unten zu \u00e4ndern<\/strong> <\/p>\n<p> <strong>Verwendete Materialien<\/strong> <\/p>\n<p> Waschbeckenhalter Basis: MDF <\/p>\n<p> T\u00fcren: in MDF (mediodensit) <\/p>\n<p> F\u00fchrungen: Blum mit Totalabsaugung mit Sto\u00dfd\u00e4mpfer. <\/p>\n<p> Waschbecken: Keramik <\/p>\n<p> Farben: verspieltes Wei\u00df, dunkles Wenge <\/p>\n<p> Griffe: Chrom poliert <\/p>\n","protected":false},"excerpt":{"rendered":"<p>Die Bagno Leo-Einheit ist 85 cm breit und ist in gl\u00e4nzendem Wei\u00df und dunklem Wenge erh\u00e4ltlich. Die Sp\u00fcle ist aus Keramik<\/p>\n","protected":false},"featured_media":8934,"comment_status":"open","ping_status":"closed","template":"","meta":[],"product_brand":[],"product_cat":[15,10116],"product_tag":[],"class_list":{"0":"post-76871","1":"product","2":"type-product","3":"status-publish","4":"has-post-thumbnail","6":"product_cat-senza-categoria","7":"product_cat-senza-categoria-de","9":"first","10":"outofstock","11":"taxable","12":"shipping-taxable","13":"purchasable","14":"product-type-simple"},"exclude_global_add_ons":false,"addons":[{"name":"CAMPI_BASE_CM_80\r\n","type":"select","position":0,"required":true,"title_format":"label","default":"","description_enable":false,"description":"","placeholder_enable":false,"placeholder":"","display":"select","restrictions_type":"any_text","adjust_price":false,"price":"","price_type":"","restrictions":false,"min":"0","max":"0","options":[]},{"name":"CAMPI_LAVABO\r\n","type":"select","position":0,"required":true,"title_format":"label","default":"","description_enable":false,"description":"","placeholder_enable":false,"placeholder":"","display":"select","restrictions_type":"any_text","adjust_price":false,"price":"","price_type":"","restrictions":false,"min":"0","max":"0","options":[]},{"name":"CAMPI_SPECCHIERA\r\n","type":"select","position":0,"required":true,"title_format":"label","default":"","description_enable":false,"description":"","placeholder_enable":false,"placeholder":"","display":"select","restrictions_type":"any_text","adjust_price":false,"price":"","price_type":"","restrictions":false,"min":"0","max":"0","options":[]}],"yoast_head":"<!-- This site is optimized with the Yoast SEO plugin v26.7 - https:\/\/yoast.com\/wordpress\/plugins\/seo\/ -->\n<title>Leo White oder Wenge &#039;Dark Badezimmerschrank, Keramikwaschtisch bh<\/title>\n<meta name=\"description\" content=\"Leo Badezimmerschrank - Komplett mit Leo Base, Keramikwaschbecken, Spiegel + Applikation. Erh\u00e4ltlich in Wei\u00df oder Dark Wenge. Super g\u00fcnstiger Preis!\" \/>\n<meta name=\"robots\" content=\"index, follow, max-snippet:-1, max-image-preview:large, max-video-preview:-1\" \/>\n<link rel=\"canonical\" href=\"https:\/\/www.bagnoitalia.com\/de\/produkt\/leo-badmobel-cm-85-weis-oder-dunkel-wenge.html\" \/>\n<meta property=\"og:locale\" content=\"de_DE\" \/>\n<meta property=\"og:type\" content=\"article\" \/>\n<meta property=\"og:title\" content=\"Leo White oder Wenge &#039;Dark Badezimmerschrank, Keramikwaschtisch bh\" \/>\n<meta property=\"og:description\" content=\"Leo Badezimmerschrank - Komplett mit Leo Base, Keramikwaschbecken, Spiegel + Applikation. Erh\u00e4ltlich in Wei\u00df oder Dark Wenge. Super g\u00fcnstiger Preis!\" \/>\n<meta property=\"og:url\" content=\"https:\/\/www.bagnoitalia.com\/de\/produkt\/leo-badmobel-cm-85-weis-oder-dunkel-wenge.html\" \/>\n<meta property=\"og:site_name\" content=\"Bagno Italia\" \/>\n<meta property=\"article:modified_time\" content=\"2025-02-26T19:39:25+00:00\" \/>\n<meta property=\"og:image\" content=\"https:\/\/img.bagnoitalia.com\/wp-content\/uploads\/virtuemart\/product\/3.jpg4aba5d243306d.jpg\" \/>\n\t<meta property=\"og:image:width\" content=\"461\" \/>\n\t<meta property=\"og:image:height\" content=\"500\" \/>\n\t<meta property=\"og:image:type\" content=\"image\/jpeg\" \/>\n<meta name=\"twitter:card\" content=\"summary_large_image\" \/>\n<script type=\"application\/ld+json\" class=\"yoast-schema-graph\">{\"@context\":\"https:\/\/schema.org\",\"@graph\":[{\"@type\":\"WebPage\",\"@id\":\"https:\/\/www.bagnoitalia.com\/de\/produkt\/leo-badmobel-cm-85-weis-oder-dunkel-wenge.html\",\"url\":\"https:\/\/www.bagnoitalia.com\/de\/produkt\/leo-badmobel-cm-85-weis-oder-dunkel-wenge.html\",\"name\":\"Leo White oder Wenge &#39;Dark Badezimmerschrank, Keramikwaschtisch bh\",\"isPartOf\":{\"@id\":\"https:\/\/www.bagnoitalia.com\/de#website\"},\"primaryImageOfPage\":{\"@id\":\"https:\/\/www.bagnoitalia.com\/de\/produkt\/leo-badmobel-cm-85-weis-oder-dunkel-wenge.html#primaryimage\"},\"image\":{\"@id\":\"https:\/\/www.bagnoitalia.com\/de\/produkt\/leo-badmobel-cm-85-weis-oder-dunkel-wenge.html#primaryimage\"},\"thumbnailUrl\":\"https:\/\/img.bagnoitalia.com\/wp-content\/uploads\/virtuemart\/product\/3.jpg4aba5d243306d.jpg\",\"datePublished\":\"2009-07-27T21:37:49+00:00\",\"dateModified\":\"2025-02-26T19:39:25+00:00\",\"description\":\"Leo Badezimmerschrank - Komplett mit Leo Base, Keramikwaschbecken, Spiegel + Applikation. Erh\u00e4ltlich in Wei\u00df oder Dark Wenge. Super g\u00fcnstiger Preis!\",\"breadcrumb\":{\"@id\":\"https:\/\/www.bagnoitalia.com\/de\/produkt\/leo-badmobel-cm-85-weis-oder-dunkel-wenge.html#breadcrumb\"},\"inLanguage\":\"de\",\"potentialAction\":[{\"@type\":\"ReadAction\",\"target\":[\"https:\/\/www.bagnoitalia.com\/de\/produkt\/leo-badmobel-cm-85-weis-oder-dunkel-wenge.html\"]}]},{\"@type\":\"ImageObject\",\"inLanguage\":\"de\",\"@id\":\"https:\/\/www.bagnoitalia.com\/de\/produkt\/leo-badmobel-cm-85-weis-oder-dunkel-wenge.html#primaryimage\",\"url\":\"https:\/\/img.bagnoitalia.com\/wp-content\/uploads\/virtuemart\/product\/3.jpg4aba5d243306d.jpg\",\"contentUrl\":\"https:\/\/img.bagnoitalia.com\/wp-content\/uploads\/virtuemart\/product\/3.jpg4aba5d243306d.jpg\",\"width\":461,\"height\":500},{\"@type\":\"BreadcrumbList\",\"@id\":\"https:\/\/www.bagnoitalia.com\/de\/produkt\/leo-badmobel-cm-85-weis-oder-dunkel-wenge.html#breadcrumb\",\"itemListElement\":[{\"@type\":\"ListItem\",\"position\":1,\"name\":\"Home\",\"item\":\"https:\/\/www.bagnoitalia.com\/de\"},{\"@type\":\"ListItem\",\"position\":2,\"name\":\"Produkte\",\"item\":\"https:\/\/www.bagnoitalia.com\/de\/shop\"},{\"@type\":\"ListItem\",\"position\":3,\"name\":\"Leo Badm\u00f6bel cm 85 wei\u00df oder dunkel weng\u00e8\"}]},{\"@type\":\"WebSite\",\"@id\":\"https:\/\/www.bagnoitalia.com\/de#website\",\"url\":\"https:\/\/www.bagnoitalia.com\/de\",\"name\":\"Bagno Italia\",\"description\":\"\",\"publisher\":{\"@id\":\"https:\/\/www.bagnoitalia.com\/de#organization\"},\"potentialAction\":[{\"@type\":\"SearchAction\",\"target\":{\"@type\":\"EntryPoint\",\"urlTemplate\":\"https:\/\/www.bagnoitalia.com\/de?s={search_term_string}\"},\"query-input\":{\"@type\":\"PropertyValueSpecification\",\"valueRequired\":true,\"valueName\":\"search_term_string\"}}],\"inLanguage\":\"de\"},{\"@type\":\"Organization\",\"@id\":\"https:\/\/www.bagnoitalia.com\/de#organization\",\"name\":\"Bagno Italia\",\"url\":\"https:\/\/www.bagnoitalia.com\/de\",\"logo\":{\"@type\":\"ImageObject\",\"inLanguage\":\"de\",\"@id\":\"https:\/\/www.bagnoitalia.com\/de#\/schema\/logo\/image\/\",\"url\":\"https:\/\/img.bagnoitalia.com\/wp-content\/uploads\/logo-bagnoitalia.webp\",\"contentUrl\":\"https:\/\/img.bagnoitalia.com\/wp-content\/uploads\/logo-bagnoitalia.webp\",\"width\":400,\"height\":70,\"caption\":\"Bagno Italia\"},\"image\":{\"@id\":\"https:\/\/www.bagnoitalia.com\/de#\/schema\/logo\/image\/\"}}]}<\/script>\n<!-- \/ Yoast SEO plugin. -->","yoast_head_json":{"title":"Leo White oder Wenge &#39;Dark Badezimmerschrank, Keramikwaschtisch bh","description":"Leo Badezimmerschrank - Komplett mit Leo Base, Keramikwaschbecken, Spiegel + Applikation. Erh\u00e4ltlich in Wei\u00df oder Dark Wenge. Super g\u00fcnstiger Preis!","robots":{"index":"index","follow":"follow","max-snippet":"max-snippet:-1","max-image-preview":"max-image-preview:large","max-video-preview":"max-video-preview:-1"},"canonical":"https:\/\/www.bagnoitalia.com\/de\/produkt\/leo-badmobel-cm-85-weis-oder-dunkel-wenge.html","og_locale":"de_DE","og_type":"article","og_title":"Leo White oder Wenge &#39;Dark Badezimmerschrank, Keramikwaschtisch bh","og_description":"Leo Badezimmerschrank - Komplett mit Leo Base, Keramikwaschbecken, Spiegel + Applikation. Erh\u00e4ltlich in Wei\u00df oder Dark Wenge. Super g\u00fcnstiger Preis!","og_url":"https:\/\/www.bagnoitalia.com\/de\/produkt\/leo-badmobel-cm-85-weis-oder-dunkel-wenge.html","og_site_name":"Bagno Italia","article_modified_time":"2025-02-26T19:39:25+00:00","og_image":[{"width":461,"height":500,"url":"https:\/\/img.bagnoitalia.com\/wp-content\/uploads\/virtuemart\/product\/3.jpg4aba5d243306d.jpg","type":"image\/jpeg"}],"twitter_card":"summary_large_image","schema":{"@context":"https:\/\/schema.org","@graph":[{"@type":"WebPage","@id":"https:\/\/www.bagnoitalia.com\/de\/produkt\/leo-badmobel-cm-85-weis-oder-dunkel-wenge.html","url":"https:\/\/www.bagnoitalia.com\/de\/produkt\/leo-badmobel-cm-85-weis-oder-dunkel-wenge.html","name":"Leo White oder Wenge &#39;Dark Badezimmerschrank, Keramikwaschtisch bh","isPartOf":{"@id":"https:\/\/www.bagnoitalia.com\/de#website"},"primaryImageOfPage":{"@id":"https:\/\/www.bagnoitalia.com\/de\/produkt\/leo-badmobel-cm-85-weis-oder-dunkel-wenge.html#primaryimage"},"image":{"@id":"https:\/\/www.bagnoitalia.com\/de\/produkt\/leo-badmobel-cm-85-weis-oder-dunkel-wenge.html#primaryimage"},"thumbnailUrl":"https:\/\/img.bagnoitalia.com\/wp-content\/uploads\/virtuemart\/product\/3.jpg4aba5d243306d.jpg","datePublished":"2009-07-27T21:37:49+00:00","dateModified":"2025-02-26T19:39:25+00:00","description":"Leo Badezimmerschrank - Komplett mit Leo Base, Keramikwaschbecken, Spiegel + Applikation. Erh\u00e4ltlich in Wei\u00df oder Dark Wenge. Super g\u00fcnstiger Preis!","breadcrumb":{"@id":"https:\/\/www.bagnoitalia.com\/de\/produkt\/leo-badmobel-cm-85-weis-oder-dunkel-wenge.html#breadcrumb"},"inLanguage":"de","potentialAction":[{"@type":"ReadAction","target":["https:\/\/www.bagnoitalia.com\/de\/produkt\/leo-badmobel-cm-85-weis-oder-dunkel-wenge.html"]}]},{"@type":"ImageObject","inLanguage":"de","@id":"https:\/\/www.bagnoitalia.com\/de\/produkt\/leo-badmobel-cm-85-weis-oder-dunkel-wenge.html#primaryimage","url":"https:\/\/img.bagnoitalia.com\/wp-content\/uploads\/virtuemart\/product\/3.jpg4aba5d243306d.jpg","contentUrl":"https:\/\/img.bagnoitalia.com\/wp-content\/uploads\/virtuemart\/product\/3.jpg4aba5d243306d.jpg","width":461,"height":500},{"@type":"BreadcrumbList","@id":"https:\/\/www.bagnoitalia.com\/de\/produkt\/leo-badmobel-cm-85-weis-oder-dunkel-wenge.html#breadcrumb","itemListElement":[{"@type":"ListItem","position":1,"name":"Home","item":"https:\/\/www.bagnoitalia.com\/de"},{"@type":"ListItem","position":2,"name":"Produkte","item":"https:\/\/www.bagnoitalia.com\/de\/shop"},{"@type":"ListItem","position":3,"name":"Leo Badm\u00f6bel cm 85 wei\u00df oder dunkel weng\u00e8"}]},{"@type":"WebSite","@id":"https:\/\/www.bagnoitalia.com\/de#website","url":"https:\/\/www.bagnoitalia.com\/de","name":"Bagno Italia","description":"","publisher":{"@id":"https:\/\/www.bagnoitalia.com\/de#organization"},"potentialAction":[{"@type":"SearchAction","target":{"@type":"EntryPoint","urlTemplate":"https:\/\/www.bagnoitalia.com\/de?s={search_term_string}"},"query-input":{"@type":"PropertyValueSpecification","valueRequired":true,"valueName":"search_term_string"}}],"inLanguage":"de"},{"@type":"Organization","@id":"https:\/\/www.bagnoitalia.com\/de#organization","name":"Bagno Italia","url":"https:\/\/www.bagnoitalia.com\/de","logo":{"@type":"ImageObject","inLanguage":"de","@id":"https:\/\/www.bagnoitalia.com\/de#\/schema\/logo\/image\/","url":"https:\/\/img.bagnoitalia.com\/wp-content\/uploads\/logo-bagnoitalia.webp","contentUrl":"https:\/\/img.bagnoitalia.com\/wp-content\/uploads\/logo-bagnoitalia.webp","width":400,"height":70,"caption":"Bagno Italia"},"image":{"@id":"https:\/\/www.bagnoitalia.com\/de#\/schema\/logo\/image\/"}}]}},"_links":{"self":[{"href":"https:\/\/www.bagnoitalia.com\/de\/wp-json\/wp\/v2\/product\/76871","targetHints":{"allow":["GET"]}}],"collection":[{"href":"https:\/\/www.bagnoitalia.com\/de\/wp-json\/wp\/v2\/product"}],"about":[{"href":"https:\/\/www.bagnoitalia.com\/de\/wp-json\/wp\/v2\/types\/product"}],"replies":[{"embeddable":true,"href":"https:\/\/www.bagnoitalia.com\/de\/wp-json\/wp\/v2\/comments?post=76871"}],"version-history":[{"count":0,"href":"https:\/\/www.bagnoitalia.com\/de\/wp-json\/wp\/v2\/product\/76871\/revisions"}],"wp:featuredmedia":[{"embeddable":true,"href":"https:\/\/www.bagnoitalia.com\/de\/wp-json\/wp\/v2\/media\/8934"}],"wp:attachment":[{"href":"https:\/\/www.bagnoitalia.com\/de\/wp-json\/wp\/v2\/media?parent=76871"}],"wp:term":[{"taxonomy":"product_brand","embeddable":true,"href":"https:\/\/www.bagnoitalia.com\/de\/wp-json\/wp\/v2\/product_brand?post=76871"},{"taxonomy":"product_cat","embeddable":true,"href":"https:\/\/www.bagnoitalia.com\/de\/wp-json\/wp\/v2\/product_cat?post=76871"},{"taxonomy":"product_tag","embeddable":true,"href":"https:\/\/www.bagnoitalia.com\/de\/wp-json\/wp\/v2\/product_tag?post=76871"}],"curies":[{"name":"wp","href":"https:\/\/api.w.org\/{rel}","templated":true}]}}