{"id":118324,"date":"2026-05-13T15:13:10","date_gmt":"2026-05-13T13:13:10","guid":{"rendered":"https:\/\/www.bagnoitalia.com\/shower-enclosure-with-double-sliding-door-in-various-sizes-6-mm-opaque-anti-limescale-glass-box086.html"},"modified":"2026-05-13T15:16:50","modified_gmt":"2026-05-13T13:16:50","slug":"shower-enclosure-with-double-sliding-door-in-various-sizes-6-mm-opaque-anti-limescale-glass-box086","status":"publish","type":"product","link":"https:\/\/www.bagnoitalia.com\/de\/produkt\/shower-enclosure-with-double-sliding-door-in-various-sizes-6-mm-opaque-anti-limescale-glass-box086.html","title":{"rendered":"Duschkabine mit Doppelschiebet\u00fcr in verschiedenen Gr\u00f6\u00dfen, 6 mm blickdichtes, kalkabweisendes Glas, BOX086"},"content":{"rendered":"<p>Blickdichte Schiebe-Duschkabine BOX086<\/p>\n<p>&nbsp;<\/p>\n<p>EIGENSCHAFTEN<\/p>\n<p>Eckduschkabine<\/p>\n<p>Doppelschiebet\u00fcr<\/p>\n<p>6 mm blickdichtes Sicherheitsglas (beidseitig glatt)<\/p>\n<p>Mit Antikalk-Beschichtung<\/p>\n<p>Erh\u00e4ltlich in verschiedenen Gr\u00f6\u00dfen. W\u00e4hlen Sie die gew\u00fcnschte Gr\u00f6\u00dfe im Dropdown-Men\u00fc.<\/p>\n<p>Verstellbarkeit: -20 mm bis +0,5 mm pro Seite<\/p>\n<p>H\u00f6he: 195 cm<\/p>\n<p>Wendebar<\/p>\n<p>Griffe: Edelstahl AISI 304<\/p>\n<p>16 Stahlkugellager<\/p>\n<p>Seidengl\u00e4nzende, eloxierte Aluminiumprofile<\/p>\n<p>&nbsp;<\/p>\n<p>&nbsp;<\/p>\n<p><img fetchpriority=\"high\" decoding=\"async\" class=\"alignnone size-full wp-image-120539\" src=\"https:\/\/www.bagnoitalia.it\/wp-content\/uploads\/box-doccia-opaco-6mm-anticalcare-scorrevole-scheda-tecnica.jpg\" alt=\"\" width=\"1000\" height=\"1000\" \/><\/p>\n","protected":false},"excerpt":{"rendered":"<p>Duschkabine in verschiedenen Gr\u00f6\u00dfen ab 195 cm H\u00f6he erh\u00e4ltlich. Wendbar. 6 mm starkes, blickdichtes Glas mit Antikalkbeschichtung.<\/p>\n","protected":false},"featured_media":118296,"comment_status":"open","ping_status":"closed","template":"","meta":[],"product_brand":[10120],"product_cat":[9808],"product_tag":[],"class_list":{"0":"post-118324","1":"product","2":"type-product","3":"status-publish","4":"has-post-thumbnail","6":"product_brand-mondialshop","7":"product_cat-eckdusche-duschkabine","9":"first","10":"instock","11":"sale","12":"taxable","13":"shipping-taxable","14":"purchasable","15":"product-type-simple"},"exclude_global_add_ons":false,"addons":[{"name":"Abmessungen","type":"multiple_choice","position":0,"required":true,"title_format":"heading","default":"","description_enable":false,"description":"","placeholder_enable":false,"placeholder":"","display":"select","restrictions_type":"any_text","adjust_price":false,"price":"","price_type":"flat_fee","restrictions":false,"min":"0","max":"0","options":[{"label":"70x70 cm","price":"","price_type":"quantity_based","image":0,"visibility":true},{"label":"70x80 cm","price":"4","price_type":"quantity_based","image":0,"visibility":true},{"label":"70x90 cm","price":"14","price_type":"quantity_based","image":0,"visibility":true},{"label":"70x100 cm","price":"34","price_type":"quantity_based","image":0,"visibility":true},{"label":"70x120 cm","price":"44","price_type":"quantity_based","image":0,"visibility":true},{"label":"80x80 cm","price":"14","price_type":"quantity_based","image":0,"visibility":true},{"label":"80x90 cm","price":"54","price_type":"quantity_based","image":0,"visibility":true},{"label":"80x100 cm","price":"64","price_type":"quantity_based","image":0,"visibility":true},{"label":"80x120 cm","price":"74","price_type":"quantity_based","image":0,"visibility":true},{"label":"90x90 cm","price":"44","price_type":"quantity_based","image":0,"visibility":true},{"label":"90x100 cm","price":"54","price_type":"quantity_based","image":0,"visibility":true},{"label":"90x120 cm","price":"84","price_type":"quantity_based","image":0,"visibility":true},{"label":"100x100 cm","price":"54","price_type":"quantity_based","image":0,"visibility":true},{"label":"100x120 cm","price":"84","price_type":"quantity_based","image":0,"visibility":true}],"id":1778685191}],"yoast_head":"<!-- This site is optimized with the Yoast SEO plugin v26.7 - https:\/\/yoast.com\/wordpress\/plugins\/seo\/ -->\n<title>Duschkabine mit Doppelschiebet\u00fcr in verschiedenen Gr\u00f6\u00dfen, 6 mm blickdichtes, kalkabweisendes Glas, BOX086 - Bagno Italia<\/title>\n<meta name=\"robots\" content=\"index, follow, max-snippet:-1, max-image-preview:large, max-video-preview:-1\" \/>\n<link rel=\"canonical\" href=\"https:\/\/www.bagnoitalia.com\/de\/produkt\/shower-enclosure-with-double-sliding-door-in-various-sizes-6-mm-opaque-anti-limescale-glass-box086.html\" \/>\n<meta property=\"og:locale\" content=\"de_DE\" \/>\n<meta property=\"og:type\" content=\"article\" \/>\n<meta property=\"og:title\" content=\"Duschkabine mit Doppelschiebet\u00fcr in verschiedenen Gr\u00f6\u00dfen, 6 mm blickdichtes, kalkabweisendes Glas, BOX086 - Bagno Italia\" \/>\n<meta property=\"og:description\" content=\"Duschkabine in verschiedenen Gr\u00f6\u00dfen ab 195 cm H\u00f6he erh\u00e4ltlich. Wendbar. 6 mm starkes, blickdichtes Glas mit Antikalkbeschichtung.\" \/>\n<meta property=\"og:url\" content=\"https:\/\/www.bagnoitalia.com\/de\/produkt\/shower-enclosure-with-double-sliding-door-in-various-sizes-6-mm-opaque-anti-limescale-glass-box086.html\" \/>\n<meta property=\"og:site_name\" content=\"Bagno Italia\" \/>\n<meta property=\"article:modified_time\" content=\"2026-05-13T13:16:50+00:00\" \/>\n<meta property=\"og:image\" content=\"https:\/\/img.bagnoitalia.com\/wp-content\/uploads\/1-131.jpg\" \/>\n\t<meta property=\"og:image:width\" content=\"1000\" \/>\n\t<meta property=\"og:image:height\" content=\"1000\" \/>\n\t<meta property=\"og:image:type\" content=\"image\/jpeg\" \/>\n<meta name=\"twitter:card\" content=\"summary_large_image\" \/>\n<meta name=\"twitter:label1\" content=\"Gesch\u00e4tzte Lesezeit\" \/>\n\t<meta name=\"twitter:data1\" content=\"1\u00a0Minute\" \/>\n<script type=\"application\/ld+json\" class=\"yoast-schema-graph\">{\"@context\":\"https:\/\/schema.org\",\"@graph\":[{\"@type\":\"WebPage\",\"@id\":\"https:\/\/www.bagnoitalia.com\/de\/produkt\/shower-enclosure-with-double-sliding-door-in-various-sizes-6-mm-opaque-anti-limescale-glass-box086.html\",\"url\":\"https:\/\/www.bagnoitalia.com\/de\/produkt\/shower-enclosure-with-double-sliding-door-in-various-sizes-6-mm-opaque-anti-limescale-glass-box086.html\",\"name\":\"Duschkabine mit Doppelschiebet\u00fcr in verschiedenen Gr\u00f6\u00dfen, 6 mm blickdichtes, kalkabweisendes Glas, BOX086 - Bagno Italia\",\"isPartOf\":{\"@id\":\"https:\/\/www.bagnoitalia.com\/de#website\"},\"primaryImageOfPage\":{\"@id\":\"https:\/\/www.bagnoitalia.com\/de\/produkt\/shower-enclosure-with-double-sliding-door-in-various-sizes-6-mm-opaque-anti-limescale-glass-box086.html#primaryimage\"},\"image\":{\"@id\":\"https:\/\/www.bagnoitalia.com\/de\/produkt\/shower-enclosure-with-double-sliding-door-in-various-sizes-6-mm-opaque-anti-limescale-glass-box086.html#primaryimage\"},\"thumbnailUrl\":\"https:\/\/img.bagnoitalia.com\/wp-content\/uploads\/1-131.jpg\",\"datePublished\":\"2026-05-13T13:13:10+00:00\",\"dateModified\":\"2026-05-13T13:16:50+00:00\",\"breadcrumb\":{\"@id\":\"https:\/\/www.bagnoitalia.com\/de\/produkt\/shower-enclosure-with-double-sliding-door-in-various-sizes-6-mm-opaque-anti-limescale-glass-box086.html#breadcrumb\"},\"inLanguage\":\"de\",\"potentialAction\":[{\"@type\":\"ReadAction\",\"target\":[\"https:\/\/www.bagnoitalia.com\/de\/produkt\/shower-enclosure-with-double-sliding-door-in-various-sizes-6-mm-opaque-anti-limescale-glass-box086.html\"]}]},{\"@type\":\"ImageObject\",\"inLanguage\":\"de\",\"@id\":\"https:\/\/www.bagnoitalia.com\/de\/produkt\/shower-enclosure-with-double-sliding-door-in-various-sizes-6-mm-opaque-anti-limescale-glass-box086.html#primaryimage\",\"url\":\"https:\/\/img.bagnoitalia.com\/wp-content\/uploads\/1-131.jpg\",\"contentUrl\":\"https:\/\/img.bagnoitalia.com\/wp-content\/uploads\/1-131.jpg\",\"width\":1000,\"height\":1000},{\"@type\":\"BreadcrumbList\",\"@id\":\"https:\/\/www.bagnoitalia.com\/de\/produkt\/shower-enclosure-with-double-sliding-door-in-various-sizes-6-mm-opaque-anti-limescale-glass-box086.html#breadcrumb\",\"itemListElement\":[{\"@type\":\"ListItem\",\"position\":1,\"name\":\"Home\",\"item\":\"https:\/\/www.bagnoitalia.com\/de\"},{\"@type\":\"ListItem\",\"position\":2,\"name\":\"Produkte\",\"item\":\"https:\/\/www.bagnoitalia.com\/de\/shop\"},{\"@type\":\"ListItem\",\"position\":3,\"name\":\"Duschkabine mit Doppelschiebet\u00fcr in verschiedenen Gr\u00f6\u00dfen, 6 mm blickdichtes, kalkabweisendes Glas, BOX086\"}]},{\"@type\":\"WebSite\",\"@id\":\"https:\/\/www.bagnoitalia.com\/de#website\",\"url\":\"https:\/\/www.bagnoitalia.com\/de\",\"name\":\"Bagno Italia\",\"description\":\"\",\"publisher\":{\"@id\":\"https:\/\/www.bagnoitalia.com\/de#organization\"},\"potentialAction\":[{\"@type\":\"SearchAction\",\"target\":{\"@type\":\"EntryPoint\",\"urlTemplate\":\"https:\/\/www.bagnoitalia.com\/de?s={search_term_string}\"},\"query-input\":{\"@type\":\"PropertyValueSpecification\",\"valueRequired\":true,\"valueName\":\"search_term_string\"}}],\"inLanguage\":\"de\"},{\"@type\":\"Organization\",\"@id\":\"https:\/\/www.bagnoitalia.com\/de#organization\",\"name\":\"Bagno Italia\",\"url\":\"https:\/\/www.bagnoitalia.com\/de\",\"logo\":{\"@type\":\"ImageObject\",\"inLanguage\":\"de\",\"@id\":\"https:\/\/www.bagnoitalia.com\/de#\/schema\/logo\/image\/\",\"url\":\"https:\/\/img.bagnoitalia.com\/wp-content\/uploads\/logo-bagnoitalia.webp\",\"contentUrl\":\"https:\/\/img.bagnoitalia.com\/wp-content\/uploads\/logo-bagnoitalia.webp\",\"width\":400,\"height\":70,\"caption\":\"Bagno Italia\"},\"image\":{\"@id\":\"https:\/\/www.bagnoitalia.com\/de#\/schema\/logo\/image\/\"}}]}<\/script>\n<!-- \/ Yoast SEO plugin. -->","yoast_head_json":{"title":"Duschkabine mit Doppelschiebet\u00fcr in verschiedenen Gr\u00f6\u00dfen, 6 mm blickdichtes, kalkabweisendes Glas, BOX086 - Bagno Italia","robots":{"index":"index","follow":"follow","max-snippet":"max-snippet:-1","max-image-preview":"max-image-preview:large","max-video-preview":"max-video-preview:-1"},"canonical":"https:\/\/www.bagnoitalia.com\/de\/produkt\/shower-enclosure-with-double-sliding-door-in-various-sizes-6-mm-opaque-anti-limescale-glass-box086.html","og_locale":"de_DE","og_type":"article","og_title":"Duschkabine mit Doppelschiebet\u00fcr in verschiedenen Gr\u00f6\u00dfen, 6 mm blickdichtes, kalkabweisendes Glas, BOX086 - Bagno Italia","og_description":"Duschkabine in verschiedenen Gr\u00f6\u00dfen ab 195 cm H\u00f6he erh\u00e4ltlich. Wendbar. 6 mm starkes, blickdichtes Glas mit Antikalkbeschichtung.","og_url":"https:\/\/www.bagnoitalia.com\/de\/produkt\/shower-enclosure-with-double-sliding-door-in-various-sizes-6-mm-opaque-anti-limescale-glass-box086.html","og_site_name":"Bagno Italia","article_modified_time":"2026-05-13T13:16:50+00:00","og_image":[{"width":1000,"height":1000,"url":"https:\/\/img.bagnoitalia.com\/wp-content\/uploads\/1-131.jpg","type":"image\/jpeg"}],"twitter_card":"summary_large_image","twitter_misc":{"Gesch\u00e4tzte Lesezeit":"1\u00a0Minute"},"schema":{"@context":"https:\/\/schema.org","@graph":[{"@type":"WebPage","@id":"https:\/\/www.bagnoitalia.com\/de\/produkt\/shower-enclosure-with-double-sliding-door-in-various-sizes-6-mm-opaque-anti-limescale-glass-box086.html","url":"https:\/\/www.bagnoitalia.com\/de\/produkt\/shower-enclosure-with-double-sliding-door-in-various-sizes-6-mm-opaque-anti-limescale-glass-box086.html","name":"Duschkabine mit Doppelschiebet\u00fcr in verschiedenen Gr\u00f6\u00dfen, 6 mm blickdichtes, kalkabweisendes Glas, BOX086 - Bagno Italia","isPartOf":{"@id":"https:\/\/www.bagnoitalia.com\/de#website"},"primaryImageOfPage":{"@id":"https:\/\/www.bagnoitalia.com\/de\/produkt\/shower-enclosure-with-double-sliding-door-in-various-sizes-6-mm-opaque-anti-limescale-glass-box086.html#primaryimage"},"image":{"@id":"https:\/\/www.bagnoitalia.com\/de\/produkt\/shower-enclosure-with-double-sliding-door-in-various-sizes-6-mm-opaque-anti-limescale-glass-box086.html#primaryimage"},"thumbnailUrl":"https:\/\/img.bagnoitalia.com\/wp-content\/uploads\/1-131.jpg","datePublished":"2026-05-13T13:13:10+00:00","dateModified":"2026-05-13T13:16:50+00:00","breadcrumb":{"@id":"https:\/\/www.bagnoitalia.com\/de\/produkt\/shower-enclosure-with-double-sliding-door-in-various-sizes-6-mm-opaque-anti-limescale-glass-box086.html#breadcrumb"},"inLanguage":"de","potentialAction":[{"@type":"ReadAction","target":["https:\/\/www.bagnoitalia.com\/de\/produkt\/shower-enclosure-with-double-sliding-door-in-various-sizes-6-mm-opaque-anti-limescale-glass-box086.html"]}]},{"@type":"ImageObject","inLanguage":"de","@id":"https:\/\/www.bagnoitalia.com\/de\/produkt\/shower-enclosure-with-double-sliding-door-in-various-sizes-6-mm-opaque-anti-limescale-glass-box086.html#primaryimage","url":"https:\/\/img.bagnoitalia.com\/wp-content\/uploads\/1-131.jpg","contentUrl":"https:\/\/img.bagnoitalia.com\/wp-content\/uploads\/1-131.jpg","width":1000,"height":1000},{"@type":"BreadcrumbList","@id":"https:\/\/www.bagnoitalia.com\/de\/produkt\/shower-enclosure-with-double-sliding-door-in-various-sizes-6-mm-opaque-anti-limescale-glass-box086.html#breadcrumb","itemListElement":[{"@type":"ListItem","position":1,"name":"Home","item":"https:\/\/www.bagnoitalia.com\/de"},{"@type":"ListItem","position":2,"name":"Produkte","item":"https:\/\/www.bagnoitalia.com\/de\/shop"},{"@type":"ListItem","position":3,"name":"Duschkabine mit Doppelschiebet\u00fcr in verschiedenen Gr\u00f6\u00dfen, 6 mm blickdichtes, kalkabweisendes Glas, BOX086"}]},{"@type":"WebSite","@id":"https:\/\/www.bagnoitalia.com\/de#website","url":"https:\/\/www.bagnoitalia.com\/de","name":"Bagno Italia","description":"","publisher":{"@id":"https:\/\/www.bagnoitalia.com\/de#organization"},"potentialAction":[{"@type":"SearchAction","target":{"@type":"EntryPoint","urlTemplate":"https:\/\/www.bagnoitalia.com\/de?s={search_term_string}"},"query-input":{"@type":"PropertyValueSpecification","valueRequired":true,"valueName":"search_term_string"}}],"inLanguage":"de"},{"@type":"Organization","@id":"https:\/\/www.bagnoitalia.com\/de#organization","name":"Bagno Italia","url":"https:\/\/www.bagnoitalia.com\/de","logo":{"@type":"ImageObject","inLanguage":"de","@id":"https:\/\/www.bagnoitalia.com\/de#\/schema\/logo\/image\/","url":"https:\/\/img.bagnoitalia.com\/wp-content\/uploads\/logo-bagnoitalia.webp","contentUrl":"https:\/\/img.bagnoitalia.com\/wp-content\/uploads\/logo-bagnoitalia.webp","width":400,"height":70,"caption":"Bagno Italia"},"image":{"@id":"https:\/\/www.bagnoitalia.com\/de#\/schema\/logo\/image\/"}}]}},"_links":{"self":[{"href":"https:\/\/www.bagnoitalia.com\/de\/wp-json\/wp\/v2\/product\/118324","targetHints":{"allow":["GET"]}}],"collection":[{"href":"https:\/\/www.bagnoitalia.com\/de\/wp-json\/wp\/v2\/product"}],"about":[{"href":"https:\/\/www.bagnoitalia.com\/de\/wp-json\/wp\/v2\/types\/product"}],"replies":[{"embeddable":true,"href":"https:\/\/www.bagnoitalia.com\/de\/wp-json\/wp\/v2\/comments?post=118324"}],"version-history":[{"count":1,"href":"https:\/\/www.bagnoitalia.com\/de\/wp-json\/wp\/v2\/product\/118324\/revisions"}],"predecessor-version":[{"id":118328,"href":"https:\/\/www.bagnoitalia.com\/de\/wp-json\/wp\/v2\/product\/118324\/revisions\/118328"}],"wp:featuredmedia":[{"embeddable":true,"href":"https:\/\/www.bagnoitalia.com\/de\/wp-json\/wp\/v2\/media\/118296"}],"wp:attachment":[{"href":"https:\/\/www.bagnoitalia.com\/de\/wp-json\/wp\/v2\/media?parent=118324"}],"wp:term":[{"taxonomy":"product_brand","embeddable":true,"href":"https:\/\/www.bagnoitalia.com\/de\/wp-json\/wp\/v2\/product_brand?post=118324"},{"taxonomy":"product_cat","embeddable":true,"href":"https:\/\/www.bagnoitalia.com\/de\/wp-json\/wp\/v2\/product_cat?post=118324"},{"taxonomy":"product_tag","embeddable":true,"href":"https:\/\/www.bagnoitalia.com\/de\/wp-json\/wp\/v2\/product_tag?post=118324"}],"curies":[{"name":"wp","href":"https:\/\/api.w.org\/{rel}","templated":true}]}}