{"id":117835,"date":"2026-05-05T15:37:05","date_gmt":"2026-05-05T13:37:05","guid":{"rendered":"https:\/\/www.bagnoitalia.com\/wooden-house-made-of-rough-fir-wood-298x298-cm-with-or-without-floor-cs050.html"},"modified":"2026-05-05T15:42:04","modified_gmt":"2026-05-05T13:42:04","slug":"wooden-house-made-of-rough-fir-wood-298x298-cm-with-or-without-floor-cs050","status":"publish","type":"product","link":"https:\/\/www.bagnoitalia.com\/de\/produkt\/wooden-house-made-of-rough-fir-wood-298x298-cm-with-or-without-floor-cs050.html","title":{"rendered":"Holzhaus aus grobem Tannenholz 298&#215;298 cm mit oder ohne Boden CS050"},"content":{"rendered":"<p>Gartenhaus \u201eCS050\u201c<\/p>\n<p>&nbsp;<\/p>\n<p>Bitte beachten Sie: Dieser Artikel kann nicht per Kurier entladen werden. Das Gartenhaus muss vom Kunden selbst entladen werden, indem er die Verpackung \u00f6ffnet und die einzelnen Teile entnimmt.<\/p>\n<p>&nbsp;<\/p>\n<p>EIGENSCHAFTEN<\/p>\n<p>Gartenhaus aus unbehandeltem, rohem Tannenholz<\/p>\n<p>Grundfl\u00e4che: 298 x 298 cm<\/p>\n<p>Maximale H\u00f6he: 226 cm<\/p>\n<p>Wandh\u00f6he: 187 cm<\/p>\n<p>Innenma\u00dfe: 274 x 274 cm<\/p>\n<p>Innenfl\u00e4che: 7,53 m\u00b2 (Bodenbelag optional)<\/p>\n<p>Doppelt\u00fcr mit Griff und Schloss: 149 x 182 cm<\/p>\n<p>Wandst\u00e4rke: 28 mm<\/p>\n<p>Dachleisten: 1,5 mm dick, 16 mm hoch<\/p>\n<p>Bitumenbahn inklusive<\/p>\n<p>Bauweise: Blockhaus<\/p>\n<p>Verpackungsma\u00dfe: 309 x 120 x 52 cm<\/p>\n<p>Bruttogewicht der Verpackung: 420 kg<\/p>\n<p>&nbsp;<\/p>\n<p>Hinweis: Der Bodenbelag ist nicht im Preis enthalten, kann aber \u00fcber das Dropdown-Men\u00fc hinzugef\u00fcgt werden.<\/p>\n<p>&nbsp;<\/p>\n<p>&nbsp;<\/p>\n<p>&nbsp;<\/p>\n<p>&nbsp;<\/p>\n<p>&nbsp;<\/p>\n<p>&nbsp;<\/p>\n<p>&nbsp;<\/p>\n<p>&nbsp;<\/p>\n<p>&nbsp;<\/p>\n<p>&nbsp;<\/p>\n<p>&nbsp;<\/p>\n<p>Astrid<\/p>\n","protected":false},"excerpt":{"rendered":"<p>Quadratisches Gartenhaus, Gesamth\u00f6he 226 cm, optionaler Boden (kann \u00fcber das Dropdown-Men\u00fc hinzugef\u00fcgt werden).<\/p>\n","protected":false},"featured_media":117810,"comment_status":"open","ping_status":"closed","template":"","meta":[],"product_brand":[9958],"product_cat":[10034],"product_tag":[],"class_list":{"0":"post-117835","1":"product","2":"type-product","3":"status-publish","4":"has-post-thumbnail","6":"product_brand-losa-legnami","7":"product_cat-outdoor-hauschen","9":"first","10":"instock","11":"sale","12":"taxable","13":"shipping-taxable","14":"purchasable","15":"product-type-simple"},"exclude_global_add_ons":false,"addons":[{"name":"Typ","type":"multiple_choice","position":0,"required":true,"title_format":"heading","default":"","description_enable":false,"description":"","placeholder_enable":false,"placeholder":"","display":"select","restrictions_type":"any_text","adjust_price":false,"price":"","price_type":"flat_fee","restrictions":false,"min":"0","max":"0","options":[{"label":"ohne Boden","price":"","price_type":"quantity_based","image":0,"visibility":true},{"label":"mit Boden","price":"529","price_type":"quantity_based","image":0,"visibility":true}],"id":1777995426}],"yoast_head":"<!-- This site is optimized with the Yoast SEO plugin v26.7 - https:\/\/yoast.com\/wordpress\/plugins\/seo\/ -->\n<title>Holzhaus aus grobem Tannenholz 298x298 cm mit oder ohne Boden CS050 - Bagno Italia<\/title>\n<meta name=\"robots\" content=\"index, follow, max-snippet:-1, max-image-preview:large, max-video-preview:-1\" \/>\n<link rel=\"canonical\" href=\"https:\/\/www.bagnoitalia.com\/de\/produkt\/wooden-house-made-of-rough-fir-wood-298x298-cm-with-or-without-floor-cs050.html\" \/>\n<meta property=\"og:locale\" content=\"de_DE\" \/>\n<meta property=\"og:type\" content=\"article\" \/>\n<meta property=\"og:title\" content=\"Holzhaus aus grobem Tannenholz 298x298 cm mit oder ohne Boden CS050 - Bagno Italia\" \/>\n<meta property=\"og:description\" content=\"Quadratisches Gartenhaus, Gesamth\u00f6he 226 cm, optionaler Boden (kann \u00fcber das Dropdown-Men\u00fc hinzugef\u00fcgt werden).\" \/>\n<meta property=\"og:url\" content=\"https:\/\/www.bagnoitalia.com\/de\/produkt\/wooden-house-made-of-rough-fir-wood-298x298-cm-with-or-without-floor-cs050.html\" \/>\n<meta property=\"og:site_name\" content=\"Bagno Italia\" \/>\n<meta property=\"article:modified_time\" content=\"2026-05-05T13:42:04+00:00\" \/>\n<meta property=\"og:image\" content=\"https:\/\/img.bagnoitalia.com\/wp-content\/uploads\/1-122.jpg\" \/>\n\t<meta property=\"og:image:width\" content=\"999\" \/>\n\t<meta property=\"og:image:height\" content=\"1000\" \/>\n\t<meta property=\"og:image:type\" content=\"image\/jpeg\" \/>\n<meta name=\"twitter:card\" content=\"summary_large_image\" \/>\n<meta name=\"twitter:label1\" content=\"Gesch\u00e4tzte Lesezeit\" \/>\n\t<meta name=\"twitter:data1\" content=\"1\u00a0Minute\" \/>\n<script type=\"application\/ld+json\" class=\"yoast-schema-graph\">{\"@context\":\"https:\/\/schema.org\",\"@graph\":[{\"@type\":\"WebPage\",\"@id\":\"https:\/\/www.bagnoitalia.com\/de\/produkt\/wooden-house-made-of-rough-fir-wood-298x298-cm-with-or-without-floor-cs050.html\",\"url\":\"https:\/\/www.bagnoitalia.com\/de\/produkt\/wooden-house-made-of-rough-fir-wood-298x298-cm-with-or-without-floor-cs050.html\",\"name\":\"Holzhaus aus grobem Tannenholz 298x298 cm mit oder ohne Boden CS050 - Bagno Italia\",\"isPartOf\":{\"@id\":\"https:\/\/www.bagnoitalia.com\/de#website\"},\"primaryImageOfPage\":{\"@id\":\"https:\/\/www.bagnoitalia.com\/de\/produkt\/wooden-house-made-of-rough-fir-wood-298x298-cm-with-or-without-floor-cs050.html#primaryimage\"},\"image\":{\"@id\":\"https:\/\/www.bagnoitalia.com\/de\/produkt\/wooden-house-made-of-rough-fir-wood-298x298-cm-with-or-without-floor-cs050.html#primaryimage\"},\"thumbnailUrl\":\"https:\/\/img.bagnoitalia.com\/wp-content\/uploads\/1-122.jpg\",\"datePublished\":\"2026-05-05T13:37:05+00:00\",\"dateModified\":\"2026-05-05T13:42:04+00:00\",\"breadcrumb\":{\"@id\":\"https:\/\/www.bagnoitalia.com\/de\/produkt\/wooden-house-made-of-rough-fir-wood-298x298-cm-with-or-without-floor-cs050.html#breadcrumb\"},\"inLanguage\":\"de\",\"potentialAction\":[{\"@type\":\"ReadAction\",\"target\":[\"https:\/\/www.bagnoitalia.com\/de\/produkt\/wooden-house-made-of-rough-fir-wood-298x298-cm-with-or-without-floor-cs050.html\"]}]},{\"@type\":\"ImageObject\",\"inLanguage\":\"de\",\"@id\":\"https:\/\/www.bagnoitalia.com\/de\/produkt\/wooden-house-made-of-rough-fir-wood-298x298-cm-with-or-without-floor-cs050.html#primaryimage\",\"url\":\"https:\/\/img.bagnoitalia.com\/wp-content\/uploads\/1-122.jpg\",\"contentUrl\":\"https:\/\/img.bagnoitalia.com\/wp-content\/uploads\/1-122.jpg\",\"width\":999,\"height\":1000},{\"@type\":\"BreadcrumbList\",\"@id\":\"https:\/\/www.bagnoitalia.com\/de\/produkt\/wooden-house-made-of-rough-fir-wood-298x298-cm-with-or-without-floor-cs050.html#breadcrumb\",\"itemListElement\":[{\"@type\":\"ListItem\",\"position\":1,\"name\":\"Home\",\"item\":\"https:\/\/www.bagnoitalia.com\/de\"},{\"@type\":\"ListItem\",\"position\":2,\"name\":\"Produkte\",\"item\":\"https:\/\/www.bagnoitalia.com\/de\/shop\"},{\"@type\":\"ListItem\",\"position\":3,\"name\":\"Holzhaus aus grobem Tannenholz 298&#215;298 cm mit oder ohne Boden CS050\"}]},{\"@type\":\"WebSite\",\"@id\":\"https:\/\/www.bagnoitalia.com\/de#website\",\"url\":\"https:\/\/www.bagnoitalia.com\/de\",\"name\":\"Bagno Italia\",\"description\":\"\",\"publisher\":{\"@id\":\"https:\/\/www.bagnoitalia.com\/de#organization\"},\"potentialAction\":[{\"@type\":\"SearchAction\",\"target\":{\"@type\":\"EntryPoint\",\"urlTemplate\":\"https:\/\/www.bagnoitalia.com\/de?s={search_term_string}\"},\"query-input\":{\"@type\":\"PropertyValueSpecification\",\"valueRequired\":true,\"valueName\":\"search_term_string\"}}],\"inLanguage\":\"de\"},{\"@type\":\"Organization\",\"@id\":\"https:\/\/www.bagnoitalia.com\/de#organization\",\"name\":\"Bagno Italia\",\"url\":\"https:\/\/www.bagnoitalia.com\/de\",\"logo\":{\"@type\":\"ImageObject\",\"inLanguage\":\"de\",\"@id\":\"https:\/\/www.bagnoitalia.com\/de#\/schema\/logo\/image\/\",\"url\":\"https:\/\/img.bagnoitalia.com\/wp-content\/uploads\/logo-bagnoitalia.webp\",\"contentUrl\":\"https:\/\/img.bagnoitalia.com\/wp-content\/uploads\/logo-bagnoitalia.webp\",\"width\":400,\"height\":70,\"caption\":\"Bagno Italia\"},\"image\":{\"@id\":\"https:\/\/www.bagnoitalia.com\/de#\/schema\/logo\/image\/\"}}]}<\/script>\n<!-- \/ Yoast SEO plugin. -->","yoast_head_json":{"title":"Holzhaus aus grobem Tannenholz 298x298 cm mit oder ohne Boden CS050 - Bagno Italia","robots":{"index":"index","follow":"follow","max-snippet":"max-snippet:-1","max-image-preview":"max-image-preview:large","max-video-preview":"max-video-preview:-1"},"canonical":"https:\/\/www.bagnoitalia.com\/de\/produkt\/wooden-house-made-of-rough-fir-wood-298x298-cm-with-or-without-floor-cs050.html","og_locale":"de_DE","og_type":"article","og_title":"Holzhaus aus grobem Tannenholz 298x298 cm mit oder ohne Boden CS050 - Bagno Italia","og_description":"Quadratisches Gartenhaus, Gesamth\u00f6he 226 cm, optionaler Boden (kann \u00fcber das Dropdown-Men\u00fc hinzugef\u00fcgt werden).","og_url":"https:\/\/www.bagnoitalia.com\/de\/produkt\/wooden-house-made-of-rough-fir-wood-298x298-cm-with-or-without-floor-cs050.html","og_site_name":"Bagno Italia","article_modified_time":"2026-05-05T13:42:04+00:00","og_image":[{"width":999,"height":1000,"url":"https:\/\/img.bagnoitalia.com\/wp-content\/uploads\/1-122.jpg","type":"image\/jpeg"}],"twitter_card":"summary_large_image","twitter_misc":{"Gesch\u00e4tzte Lesezeit":"1\u00a0Minute"},"schema":{"@context":"https:\/\/schema.org","@graph":[{"@type":"WebPage","@id":"https:\/\/www.bagnoitalia.com\/de\/produkt\/wooden-house-made-of-rough-fir-wood-298x298-cm-with-or-without-floor-cs050.html","url":"https:\/\/www.bagnoitalia.com\/de\/produkt\/wooden-house-made-of-rough-fir-wood-298x298-cm-with-or-without-floor-cs050.html","name":"Holzhaus aus grobem Tannenholz 298x298 cm mit oder ohne Boden CS050 - Bagno Italia","isPartOf":{"@id":"https:\/\/www.bagnoitalia.com\/de#website"},"primaryImageOfPage":{"@id":"https:\/\/www.bagnoitalia.com\/de\/produkt\/wooden-house-made-of-rough-fir-wood-298x298-cm-with-or-without-floor-cs050.html#primaryimage"},"image":{"@id":"https:\/\/www.bagnoitalia.com\/de\/produkt\/wooden-house-made-of-rough-fir-wood-298x298-cm-with-or-without-floor-cs050.html#primaryimage"},"thumbnailUrl":"https:\/\/img.bagnoitalia.com\/wp-content\/uploads\/1-122.jpg","datePublished":"2026-05-05T13:37:05+00:00","dateModified":"2026-05-05T13:42:04+00:00","breadcrumb":{"@id":"https:\/\/www.bagnoitalia.com\/de\/produkt\/wooden-house-made-of-rough-fir-wood-298x298-cm-with-or-without-floor-cs050.html#breadcrumb"},"inLanguage":"de","potentialAction":[{"@type":"ReadAction","target":["https:\/\/www.bagnoitalia.com\/de\/produkt\/wooden-house-made-of-rough-fir-wood-298x298-cm-with-or-without-floor-cs050.html"]}]},{"@type":"ImageObject","inLanguage":"de","@id":"https:\/\/www.bagnoitalia.com\/de\/produkt\/wooden-house-made-of-rough-fir-wood-298x298-cm-with-or-without-floor-cs050.html#primaryimage","url":"https:\/\/img.bagnoitalia.com\/wp-content\/uploads\/1-122.jpg","contentUrl":"https:\/\/img.bagnoitalia.com\/wp-content\/uploads\/1-122.jpg","width":999,"height":1000},{"@type":"BreadcrumbList","@id":"https:\/\/www.bagnoitalia.com\/de\/produkt\/wooden-house-made-of-rough-fir-wood-298x298-cm-with-or-without-floor-cs050.html#breadcrumb","itemListElement":[{"@type":"ListItem","position":1,"name":"Home","item":"https:\/\/www.bagnoitalia.com\/de"},{"@type":"ListItem","position":2,"name":"Produkte","item":"https:\/\/www.bagnoitalia.com\/de\/shop"},{"@type":"ListItem","position":3,"name":"Holzhaus aus grobem Tannenholz 298&#215;298 cm mit oder ohne Boden CS050"}]},{"@type":"WebSite","@id":"https:\/\/www.bagnoitalia.com\/de#website","url":"https:\/\/www.bagnoitalia.com\/de","name":"Bagno Italia","description":"","publisher":{"@id":"https:\/\/www.bagnoitalia.com\/de#organization"},"potentialAction":[{"@type":"SearchAction","target":{"@type":"EntryPoint","urlTemplate":"https:\/\/www.bagnoitalia.com\/de?s={search_term_string}"},"query-input":{"@type":"PropertyValueSpecification","valueRequired":true,"valueName":"search_term_string"}}],"inLanguage":"de"},{"@type":"Organization","@id":"https:\/\/www.bagnoitalia.com\/de#organization","name":"Bagno Italia","url":"https:\/\/www.bagnoitalia.com\/de","logo":{"@type":"ImageObject","inLanguage":"de","@id":"https:\/\/www.bagnoitalia.com\/de#\/schema\/logo\/image\/","url":"https:\/\/img.bagnoitalia.com\/wp-content\/uploads\/logo-bagnoitalia.webp","contentUrl":"https:\/\/img.bagnoitalia.com\/wp-content\/uploads\/logo-bagnoitalia.webp","width":400,"height":70,"caption":"Bagno Italia"},"image":{"@id":"https:\/\/www.bagnoitalia.com\/de#\/schema\/logo\/image\/"}}]}},"_links":{"self":[{"href":"https:\/\/www.bagnoitalia.com\/de\/wp-json\/wp\/v2\/product\/117835","targetHints":{"allow":["GET"]}}],"collection":[{"href":"https:\/\/www.bagnoitalia.com\/de\/wp-json\/wp\/v2\/product"}],"about":[{"href":"https:\/\/www.bagnoitalia.com\/de\/wp-json\/wp\/v2\/types\/product"}],"replies":[{"embeddable":true,"href":"https:\/\/www.bagnoitalia.com\/de\/wp-json\/wp\/v2\/comments?post=117835"}],"version-history":[{"count":1,"href":"https:\/\/www.bagnoitalia.com\/de\/wp-json\/wp\/v2\/product\/117835\/revisions"}],"predecessor-version":[{"id":117840,"href":"https:\/\/www.bagnoitalia.com\/de\/wp-json\/wp\/v2\/product\/117835\/revisions\/117840"}],"wp:featuredmedia":[{"embeddable":true,"href":"https:\/\/www.bagnoitalia.com\/de\/wp-json\/wp\/v2\/media\/117810"}],"wp:attachment":[{"href":"https:\/\/www.bagnoitalia.com\/de\/wp-json\/wp\/v2\/media?parent=117835"}],"wp:term":[{"taxonomy":"product_brand","embeddable":true,"href":"https:\/\/www.bagnoitalia.com\/de\/wp-json\/wp\/v2\/product_brand?post=117835"},{"taxonomy":"product_cat","embeddable":true,"href":"https:\/\/www.bagnoitalia.com\/de\/wp-json\/wp\/v2\/product_cat?post=117835"},{"taxonomy":"product_tag","embeddable":true,"href":"https:\/\/www.bagnoitalia.com\/de\/wp-json\/wp\/v2\/product_tag?post=117835"}],"curies":[{"name":"wp","href":"https:\/\/api.w.org\/{rel}","templated":true}]}}