{"id":117367,"date":"2026-04-21T15:22:57","date_gmt":"2026-04-21T13:22:57","guid":{"rendered":"https:\/\/www.bagnoitalia.com\/square-wooden-playhouse-with-or-without-a-floor-296x296-cm-for-gardens-and-outdoor-use-cs040.html"},"modified":"2026-04-21T15:31:14","modified_gmt":"2026-04-21T13:31:14","slug":"square-wooden-playhouse-with-or-without-a-floor-296x296-cm-for-gardens-and-outdoor-use-cs040","status":"publish","type":"product","link":"https:\/\/www.bagnoitalia.com\/de\/produkt\/square-wooden-playhouse-with-or-without-a-floor-296x296-cm-for-gardens-and-outdoor-use-cs040.html","title":{"rendered":"Quadratisches Spielhaus aus Holz mit oder ohne Boden, 296 x 296 cm, f\u00fcr den Garten und den Au\u00dfenbereich CS040"},"content":{"rendered":"<p>QUADRATISCHER GARTENHAUS 296 x 296 cm \u201eCS040\u201c<\/p>\n<p>&nbsp;<\/p>\n<p>BITTE BEACHTEN SIE: Dieser Artikel kann nicht vom Kurierdienst entladen werden, daher muss das Gartenhaus vom Kunden von Hand entladen werden, der die Verpackung \u00f6ffnen und die einzelnen Pakete herausnehmen muss.<\/p>\n<p>&nbsp;<\/p>\n<p>PRODUKTSPEZIFIKATIONEN<\/p>\n<p>Quadratischer Gartenschuppen<\/p>\n<p>Material: braunes, kammergetrocknetes, druckimpr\u00e4gniertes Fichtenholz<\/p>\n<p>Bodenma\u00dfe 296 x 296 cm<\/p>\n<p>Maximale H\u00f6he 235 cm<\/p>\n<p>Wandh\u00f6he 192 cm<\/p>\n<p>Vordere \u00dcberhang 12 cm<\/p>\n<p>Innenma\u00dfe 274 x 274 cm<\/p>\n<p>Innenbodenfl\u00e4che 7,5 m\u00b2 (Boden OPTIONAL)<\/p>\n<p>Doppelt\u00fcr mit Schloss, 161 x H 182 cm<\/p>\n<p>Wandst\u00e4rke 28 mm<\/p>\n<p>Dachlatten 16 mm dick im Lieferumfang enthalten<\/p>\n<p>Bitumen-Dachpappe im Lieferumfang enthalten<\/p>\n<p>Blockhausbauweise<\/p>\n<p>&nbsp;<\/p>\n<p>Verpackungsma\u00dfe 340 x 120 x 52 cm<\/p>\n<p>Bruttogewicht der Verpackung 560 kg<\/p>\n<p>&nbsp;<\/p>\n<p>Hinweis: Bodenbelag ist NICHT im Preis enthalten; er kann \u00fcber das Dropdown-Men\u00fc hinzugef\u00fcgt werden<\/p>\n<p>&nbsp;<\/p>\n<p>&nbsp;<\/p>\n<p>&nbsp;<\/p>\n<p>&nbsp;<\/p>\n<p>&nbsp;<\/p>\n<p>&nbsp;<\/p>\n<p>&nbsp;<\/p>\n<p>&nbsp;<\/p>\n<p>&nbsp;<\/p>\n<p>&nbsp;<\/p>\n<p>rita<\/p>\n","protected":false},"excerpt":{"rendered":"<p>Quadratischer Gartenschuppen, maximale H\u00f6he 235 cm, mit optionalem Boden (kann \u00fcber das Dropdown-Men\u00fc hinzugef\u00fcgt werden).<\/p>\n","protected":false},"featured_media":117347,"comment_status":"open","ping_status":"closed","template":"","meta":[],"product_brand":[9958],"product_cat":[10034],"product_tag":[],"class_list":{"0":"post-117367","1":"product","2":"type-product","3":"status-publish","4":"has-post-thumbnail","6":"product_brand-losa-legnami","7":"product_cat-outdoor-hauschen","9":"first","10":"instock","11":"sale","12":"taxable","13":"shipping-taxable","14":"purchasable","15":"product-type-simple"},"exclude_global_add_ons":false,"addons":[{"name":"Typ","type":"multiple_choice","position":0,"required":true,"title_format":"heading","default":"","description_enable":false,"description":"","placeholder_enable":false,"placeholder":"","display":"select","restrictions_type":"any_text","adjust_price":false,"price":"","price_type":"flat_fee","restrictions":false,"min":"0","max":"0","options":[{"label":"ohne Boden","price":"","price_type":"quantity_based","image":0,"visibility":true},{"label":"mit Boden","price":"529","price_type":"quantity_based","image":0,"visibility":true}],"id":1776784978}],"yoast_head":"<!-- This site is optimized with the Yoast SEO plugin v26.7 - https:\/\/yoast.com\/wordpress\/plugins\/seo\/ -->\n<title>Quadratisches Spielhaus aus Holz mit oder ohne Boden, 296 x 296 cm, f\u00fcr den Garten und den Au\u00dfenbereich CS040 - Bagno Italia<\/title>\n<meta name=\"robots\" content=\"index, follow, max-snippet:-1, max-image-preview:large, max-video-preview:-1\" \/>\n<link rel=\"canonical\" href=\"https:\/\/www.bagnoitalia.com\/de\/produkt\/square-wooden-playhouse-with-or-without-a-floor-296x296-cm-for-gardens-and-outdoor-use-cs040.html\" \/>\n<meta property=\"og:locale\" content=\"de_DE\" \/>\n<meta property=\"og:type\" content=\"article\" \/>\n<meta property=\"og:title\" content=\"Quadratisches Spielhaus aus Holz mit oder ohne Boden, 296 x 296 cm, f\u00fcr den Garten und den Au\u00dfenbereich CS040 - Bagno Italia\" \/>\n<meta property=\"og:description\" content=\"Quadratischer Gartenschuppen, maximale H\u00f6he 235 cm, mit optionalem Boden (kann \u00fcber das Dropdown-Men\u00fc hinzugef\u00fcgt werden).\" \/>\n<meta property=\"og:url\" content=\"https:\/\/www.bagnoitalia.com\/de\/produkt\/square-wooden-playhouse-with-or-without-a-floor-296x296-cm-for-gardens-and-outdoor-use-cs040.html\" \/>\n<meta property=\"og:site_name\" content=\"Bagno Italia\" \/>\n<meta property=\"article:modified_time\" content=\"2026-04-21T13:31:14+00:00\" \/>\n<meta property=\"og:image\" content=\"https:\/\/img.bagnoitalia.com\/wp-content\/uploads\/1-112.jpg\" \/>\n\t<meta property=\"og:image:width\" content=\"1000\" \/>\n\t<meta property=\"og:image:height\" content=\"1000\" \/>\n\t<meta property=\"og:image:type\" content=\"image\/jpeg\" \/>\n<meta name=\"twitter:card\" content=\"summary_large_image\" \/>\n<meta name=\"twitter:label1\" content=\"Gesch\u00e4tzte Lesezeit\" \/>\n\t<meta name=\"twitter:data1\" content=\"1\u00a0Minute\" \/>\n<script type=\"application\/ld+json\" class=\"yoast-schema-graph\">{\"@context\":\"https:\/\/schema.org\",\"@graph\":[{\"@type\":\"WebPage\",\"@id\":\"https:\/\/www.bagnoitalia.com\/de\/produkt\/square-wooden-playhouse-with-or-without-a-floor-296x296-cm-for-gardens-and-outdoor-use-cs040.html\",\"url\":\"https:\/\/www.bagnoitalia.com\/de\/produkt\/square-wooden-playhouse-with-or-without-a-floor-296x296-cm-for-gardens-and-outdoor-use-cs040.html\",\"name\":\"Quadratisches Spielhaus aus Holz mit oder ohne Boden, 296 x 296 cm, f\u00fcr den Garten und den Au\u00dfenbereich CS040 - Bagno Italia\",\"isPartOf\":{\"@id\":\"https:\/\/www.bagnoitalia.com\/de#website\"},\"primaryImageOfPage\":{\"@id\":\"https:\/\/www.bagnoitalia.com\/de\/produkt\/square-wooden-playhouse-with-or-without-a-floor-296x296-cm-for-gardens-and-outdoor-use-cs040.html#primaryimage\"},\"image\":{\"@id\":\"https:\/\/www.bagnoitalia.com\/de\/produkt\/square-wooden-playhouse-with-or-without-a-floor-296x296-cm-for-gardens-and-outdoor-use-cs040.html#primaryimage\"},\"thumbnailUrl\":\"https:\/\/img.bagnoitalia.com\/wp-content\/uploads\/1-112.jpg\",\"datePublished\":\"2026-04-21T13:22:57+00:00\",\"dateModified\":\"2026-04-21T13:31:14+00:00\",\"breadcrumb\":{\"@id\":\"https:\/\/www.bagnoitalia.com\/de\/produkt\/square-wooden-playhouse-with-or-without-a-floor-296x296-cm-for-gardens-and-outdoor-use-cs040.html#breadcrumb\"},\"inLanguage\":\"de\",\"potentialAction\":[{\"@type\":\"ReadAction\",\"target\":[\"https:\/\/www.bagnoitalia.com\/de\/produkt\/square-wooden-playhouse-with-or-without-a-floor-296x296-cm-for-gardens-and-outdoor-use-cs040.html\"]}]},{\"@type\":\"ImageObject\",\"inLanguage\":\"de\",\"@id\":\"https:\/\/www.bagnoitalia.com\/de\/produkt\/square-wooden-playhouse-with-or-without-a-floor-296x296-cm-for-gardens-and-outdoor-use-cs040.html#primaryimage\",\"url\":\"https:\/\/img.bagnoitalia.com\/wp-content\/uploads\/1-112.jpg\",\"contentUrl\":\"https:\/\/img.bagnoitalia.com\/wp-content\/uploads\/1-112.jpg\",\"width\":1000,\"height\":1000},{\"@type\":\"BreadcrumbList\",\"@id\":\"https:\/\/www.bagnoitalia.com\/de\/produkt\/square-wooden-playhouse-with-or-without-a-floor-296x296-cm-for-gardens-and-outdoor-use-cs040.html#breadcrumb\",\"itemListElement\":[{\"@type\":\"ListItem\",\"position\":1,\"name\":\"Home\",\"item\":\"https:\/\/www.bagnoitalia.com\/de\"},{\"@type\":\"ListItem\",\"position\":2,\"name\":\"Produkte\",\"item\":\"https:\/\/www.bagnoitalia.com\/de\/shop\"},{\"@type\":\"ListItem\",\"position\":3,\"name\":\"Quadratisches Spielhaus aus Holz mit oder ohne Boden, 296 x 296 cm, f\u00fcr den Garten und den Au\u00dfenbereich CS040\"}]},{\"@type\":\"WebSite\",\"@id\":\"https:\/\/www.bagnoitalia.com\/de#website\",\"url\":\"https:\/\/www.bagnoitalia.com\/de\",\"name\":\"Bagno Italia\",\"description\":\"\",\"publisher\":{\"@id\":\"https:\/\/www.bagnoitalia.com\/de#organization\"},\"potentialAction\":[{\"@type\":\"SearchAction\",\"target\":{\"@type\":\"EntryPoint\",\"urlTemplate\":\"https:\/\/www.bagnoitalia.com\/de?s={search_term_string}\"},\"query-input\":{\"@type\":\"PropertyValueSpecification\",\"valueRequired\":true,\"valueName\":\"search_term_string\"}}],\"inLanguage\":\"de\"},{\"@type\":\"Organization\",\"@id\":\"https:\/\/www.bagnoitalia.com\/de#organization\",\"name\":\"Bagno Italia\",\"url\":\"https:\/\/www.bagnoitalia.com\/de\",\"logo\":{\"@type\":\"ImageObject\",\"inLanguage\":\"de\",\"@id\":\"https:\/\/www.bagnoitalia.com\/de#\/schema\/logo\/image\/\",\"url\":\"https:\/\/img.bagnoitalia.com\/wp-content\/uploads\/logo-bagnoitalia.webp\",\"contentUrl\":\"https:\/\/img.bagnoitalia.com\/wp-content\/uploads\/logo-bagnoitalia.webp\",\"width\":400,\"height\":70,\"caption\":\"Bagno Italia\"},\"image\":{\"@id\":\"https:\/\/www.bagnoitalia.com\/de#\/schema\/logo\/image\/\"}}]}<\/script>\n<!-- \/ Yoast SEO plugin. -->","yoast_head_json":{"title":"Quadratisches Spielhaus aus Holz mit oder ohne Boden, 296 x 296 cm, f\u00fcr den Garten und den Au\u00dfenbereich CS040 - Bagno Italia","robots":{"index":"index","follow":"follow","max-snippet":"max-snippet:-1","max-image-preview":"max-image-preview:large","max-video-preview":"max-video-preview:-1"},"canonical":"https:\/\/www.bagnoitalia.com\/de\/produkt\/square-wooden-playhouse-with-or-without-a-floor-296x296-cm-for-gardens-and-outdoor-use-cs040.html","og_locale":"de_DE","og_type":"article","og_title":"Quadratisches Spielhaus aus Holz mit oder ohne Boden, 296 x 296 cm, f\u00fcr den Garten und den Au\u00dfenbereich CS040 - Bagno Italia","og_description":"Quadratischer Gartenschuppen, maximale H\u00f6he 235 cm, mit optionalem Boden (kann \u00fcber das Dropdown-Men\u00fc hinzugef\u00fcgt werden).","og_url":"https:\/\/www.bagnoitalia.com\/de\/produkt\/square-wooden-playhouse-with-or-without-a-floor-296x296-cm-for-gardens-and-outdoor-use-cs040.html","og_site_name":"Bagno Italia","article_modified_time":"2026-04-21T13:31:14+00:00","og_image":[{"width":1000,"height":1000,"url":"https:\/\/img.bagnoitalia.com\/wp-content\/uploads\/1-112.jpg","type":"image\/jpeg"}],"twitter_card":"summary_large_image","twitter_misc":{"Gesch\u00e4tzte Lesezeit":"1\u00a0Minute"},"schema":{"@context":"https:\/\/schema.org","@graph":[{"@type":"WebPage","@id":"https:\/\/www.bagnoitalia.com\/de\/produkt\/square-wooden-playhouse-with-or-without-a-floor-296x296-cm-for-gardens-and-outdoor-use-cs040.html","url":"https:\/\/www.bagnoitalia.com\/de\/produkt\/square-wooden-playhouse-with-or-without-a-floor-296x296-cm-for-gardens-and-outdoor-use-cs040.html","name":"Quadratisches Spielhaus aus Holz mit oder ohne Boden, 296 x 296 cm, f\u00fcr den Garten und den Au\u00dfenbereich CS040 - Bagno Italia","isPartOf":{"@id":"https:\/\/www.bagnoitalia.com\/de#website"},"primaryImageOfPage":{"@id":"https:\/\/www.bagnoitalia.com\/de\/produkt\/square-wooden-playhouse-with-or-without-a-floor-296x296-cm-for-gardens-and-outdoor-use-cs040.html#primaryimage"},"image":{"@id":"https:\/\/www.bagnoitalia.com\/de\/produkt\/square-wooden-playhouse-with-or-without-a-floor-296x296-cm-for-gardens-and-outdoor-use-cs040.html#primaryimage"},"thumbnailUrl":"https:\/\/img.bagnoitalia.com\/wp-content\/uploads\/1-112.jpg","datePublished":"2026-04-21T13:22:57+00:00","dateModified":"2026-04-21T13:31:14+00:00","breadcrumb":{"@id":"https:\/\/www.bagnoitalia.com\/de\/produkt\/square-wooden-playhouse-with-or-without-a-floor-296x296-cm-for-gardens-and-outdoor-use-cs040.html#breadcrumb"},"inLanguage":"de","potentialAction":[{"@type":"ReadAction","target":["https:\/\/www.bagnoitalia.com\/de\/produkt\/square-wooden-playhouse-with-or-without-a-floor-296x296-cm-for-gardens-and-outdoor-use-cs040.html"]}]},{"@type":"ImageObject","inLanguage":"de","@id":"https:\/\/www.bagnoitalia.com\/de\/produkt\/square-wooden-playhouse-with-or-without-a-floor-296x296-cm-for-gardens-and-outdoor-use-cs040.html#primaryimage","url":"https:\/\/img.bagnoitalia.com\/wp-content\/uploads\/1-112.jpg","contentUrl":"https:\/\/img.bagnoitalia.com\/wp-content\/uploads\/1-112.jpg","width":1000,"height":1000},{"@type":"BreadcrumbList","@id":"https:\/\/www.bagnoitalia.com\/de\/produkt\/square-wooden-playhouse-with-or-without-a-floor-296x296-cm-for-gardens-and-outdoor-use-cs040.html#breadcrumb","itemListElement":[{"@type":"ListItem","position":1,"name":"Home","item":"https:\/\/www.bagnoitalia.com\/de"},{"@type":"ListItem","position":2,"name":"Produkte","item":"https:\/\/www.bagnoitalia.com\/de\/shop"},{"@type":"ListItem","position":3,"name":"Quadratisches Spielhaus aus Holz mit oder ohne Boden, 296 x 296 cm, f\u00fcr den Garten und den Au\u00dfenbereich CS040"}]},{"@type":"WebSite","@id":"https:\/\/www.bagnoitalia.com\/de#website","url":"https:\/\/www.bagnoitalia.com\/de","name":"Bagno Italia","description":"","publisher":{"@id":"https:\/\/www.bagnoitalia.com\/de#organization"},"potentialAction":[{"@type":"SearchAction","target":{"@type":"EntryPoint","urlTemplate":"https:\/\/www.bagnoitalia.com\/de?s={search_term_string}"},"query-input":{"@type":"PropertyValueSpecification","valueRequired":true,"valueName":"search_term_string"}}],"inLanguage":"de"},{"@type":"Organization","@id":"https:\/\/www.bagnoitalia.com\/de#organization","name":"Bagno Italia","url":"https:\/\/www.bagnoitalia.com\/de","logo":{"@type":"ImageObject","inLanguage":"de","@id":"https:\/\/www.bagnoitalia.com\/de#\/schema\/logo\/image\/","url":"https:\/\/img.bagnoitalia.com\/wp-content\/uploads\/logo-bagnoitalia.webp","contentUrl":"https:\/\/img.bagnoitalia.com\/wp-content\/uploads\/logo-bagnoitalia.webp","width":400,"height":70,"caption":"Bagno Italia"},"image":{"@id":"https:\/\/www.bagnoitalia.com\/de#\/schema\/logo\/image\/"}}]}},"_links":{"self":[{"href":"https:\/\/www.bagnoitalia.com\/de\/wp-json\/wp\/v2\/product\/117367","targetHints":{"allow":["GET"]}}],"collection":[{"href":"https:\/\/www.bagnoitalia.com\/de\/wp-json\/wp\/v2\/product"}],"about":[{"href":"https:\/\/www.bagnoitalia.com\/de\/wp-json\/wp\/v2\/types\/product"}],"replies":[{"embeddable":true,"href":"https:\/\/www.bagnoitalia.com\/de\/wp-json\/wp\/v2\/comments?post=117367"}],"version-history":[{"count":2,"href":"https:\/\/www.bagnoitalia.com\/de\/wp-json\/wp\/v2\/product\/117367\/revisions"}],"predecessor-version":[{"id":117373,"href":"https:\/\/www.bagnoitalia.com\/de\/wp-json\/wp\/v2\/product\/117367\/revisions\/117373"}],"wp:featuredmedia":[{"embeddable":true,"href":"https:\/\/www.bagnoitalia.com\/de\/wp-json\/wp\/v2\/media\/117347"}],"wp:attachment":[{"href":"https:\/\/www.bagnoitalia.com\/de\/wp-json\/wp\/v2\/media?parent=117367"}],"wp:term":[{"taxonomy":"product_brand","embeddable":true,"href":"https:\/\/www.bagnoitalia.com\/de\/wp-json\/wp\/v2\/product_brand?post=117367"},{"taxonomy":"product_cat","embeddable":true,"href":"https:\/\/www.bagnoitalia.com\/de\/wp-json\/wp\/v2\/product_cat?post=117367"},{"taxonomy":"product_tag","embeddable":true,"href":"https:\/\/www.bagnoitalia.com\/de\/wp-json\/wp\/v2\/product_tag?post=117367"}],"curies":[{"name":"wp","href":"https:\/\/api.w.org\/{rel}","templated":true}]}}