{"id":115912,"date":"2022-02-24T14:18:49","date_gmt":"2022-02-24T13:18:49","guid":{"rendered":"https:\/\/www.bagnoitalia.com\/huber-bidet-tap-with-energysave-system-rb149.html"},"modified":"2026-01-26T16:03:12","modified_gmt":"2026-01-26T15:03:12","slug":"huber-bidet-tap-with-energysave-system-rb149","status":"publish","type":"product","link":"https:\/\/www.bagnoitalia.com\/de\/produkt\/huber-bidet-tap-with-energysave-system-rb149.html","title":{"rendered":"Huber Bidetarmatur mit Energysave-System RB149"},"content":{"rendered":"<p>HUBER BIDET-MISCHBATERRBAT RB149<\/p>\n<p>&nbsp;<\/p>\n<p>Wasserhahn mit Energie- und Wasserspartechnologie. Die Energieeinsparung besteht darin, dass das Warmwasser nur dann aktiviert wird, wenn der Knopf nach links gedreht wird. Die Wassereinsparung besteht darin, dass es zwei \u201eKlicks\u201d nach oben gibt: Der erste gibt Wasser in reduzierter Menge frei; durch erneutes Anheben des Knopfes kann man das Wasser vollst\u00e4ndig \u00f6ffnen. Dadurch muss das Wasser nicht st\u00e4ndig mit voller Durchflussmenge laufen.<\/p>\n<p>&nbsp;<\/p>\n<p>PRODUKTDETAILS:<\/p>\n<p>Einloch-Einhebel-Bidetarmatur<\/p>\n<p>Aus Messing<\/p>\n<p>Chromoberfl\u00e4che<\/p>\n<p>Schl\u00e4uche im Lieferumfang enthalten<\/p>\n<p>Ablaufgarnitur und Pop-up-Ablaufgarnitur im Lieferumfang enthalten<\/p>\n<p>&nbsp;<\/p>\n<p>&nbsp;<\/p>\n","protected":false},"excerpt":{"rendered":"<p>Moderne Bidet-Armatur der Marke Huber, komplett mit Ablaufventil und Pop-up-Ablaufventil. Aus verchromtem Messing.<\/p>\n","protected":false},"featured_media":48244,"comment_status":"open","ping_status":"closed","template":"","meta":[],"product_brand":[9901,9955],"product_cat":[10040],"product_tag":[],"class_list":{"0":"post-115912","1":"product","2":"type-product","3":"status-publish","4":"has-post-thumbnail","6":"product_brand-baritermo-de","7":"product_brand-thermo-professional-de","8":"product_cat-bidetarmaturen","10":"first","11":"instock","12":"sale","13":"taxable","14":"shipping-taxable","15":"purchasable","16":"product-type-simple"},"exclude_global_add_ons":[],"addons":[],"yoast_head":"<!-- This site is optimized with the Yoast SEO plugin v26.7 - https:\/\/yoast.com\/wordpress\/plugins\/seo\/ -->\n<title>Huber bidet tap with Energysave system RB149<\/title>\n<meta name=\"description\" content=\"Modern bidet mixer, brand Huber, complete with waste and pop-up waste. Made of chrome-plated brass.\" \/>\n<meta name=\"robots\" content=\"index, follow, max-snippet:-1, max-image-preview:large, max-video-preview:-1\" \/>\n<link rel=\"canonical\" href=\"https:\/\/www.bagnoitalia.com\/de\/produkt\/huber-bidet-tap-with-energysave-system-rb149.html\" \/>\n<meta property=\"og:locale\" content=\"de_DE\" \/>\n<meta property=\"og:type\" content=\"article\" \/>\n<meta property=\"og:title\" content=\"Huber bidet tap with Energysave system RB149\" \/>\n<meta property=\"og:description\" content=\"Modern bidet mixer, brand Huber, complete with waste and pop-up waste. Made of chrome-plated brass.\" \/>\n<meta property=\"og:url\" content=\"https:\/\/www.bagnoitalia.com\/de\/produkt\/huber-bidet-tap-with-energysave-system-rb149.html\" \/>\n<meta property=\"og:site_name\" content=\"Bagno Italia\" \/>\n<meta property=\"article:modified_time\" content=\"2026-01-26T15:03:12+00:00\" \/>\n<meta property=\"og:image\" content=\"https:\/\/img.bagnoitalia.com\/wp-content\/uploads\/virtuemart\/product\/mixer-for-bidet-rubet-huber2.jpg\" \/>\n\t<meta property=\"og:image:width\" content=\"500\" \/>\n\t<meta property=\"og:image:height\" content=\"500\" \/>\n\t<meta property=\"og:image:type\" content=\"image\/jpeg\" \/>\n<meta name=\"twitter:card\" content=\"summary_large_image\" \/>\n<meta name=\"twitter:label1\" content=\"Gesch\u00e4tzte Lesezeit\" \/>\n\t<meta name=\"twitter:data1\" content=\"1\u00a0Minute\" \/>\n<script type=\"application\/ld+json\" class=\"yoast-schema-graph\">{\"@context\":\"https:\/\/schema.org\",\"@graph\":[{\"@type\":\"WebPage\",\"@id\":\"https:\/\/www.bagnoitalia.com\/de\/produkt\/huber-bidet-tap-with-energysave-system-rb149.html\",\"url\":\"https:\/\/www.bagnoitalia.com\/de\/produkt\/huber-bidet-tap-with-energysave-system-rb149.html\",\"name\":\"Huber bidet tap with Energysave system RB149\",\"isPartOf\":{\"@id\":\"https:\/\/www.bagnoitalia.com\/de#website\"},\"primaryImageOfPage\":{\"@id\":\"https:\/\/www.bagnoitalia.com\/de\/produkt\/huber-bidet-tap-with-energysave-system-rb149.html#primaryimage\"},\"image\":{\"@id\":\"https:\/\/www.bagnoitalia.com\/de\/produkt\/huber-bidet-tap-with-energysave-system-rb149.html#primaryimage\"},\"thumbnailUrl\":\"https:\/\/img.bagnoitalia.com\/wp-content\/uploads\/virtuemart\/product\/mixer-for-bidet-rubet-huber2.jpg\",\"datePublished\":\"2022-02-24T13:18:49+00:00\",\"dateModified\":\"2026-01-26T15:03:12+00:00\",\"description\":\"Modern bidet mixer, brand Huber, complete with waste and pop-up waste. Made of chrome-plated brass.\",\"breadcrumb\":{\"@id\":\"https:\/\/www.bagnoitalia.com\/de\/produkt\/huber-bidet-tap-with-energysave-system-rb149.html#breadcrumb\"},\"inLanguage\":\"de\",\"potentialAction\":[{\"@type\":\"ReadAction\",\"target\":[\"https:\/\/www.bagnoitalia.com\/de\/produkt\/huber-bidet-tap-with-energysave-system-rb149.html\"]}]},{\"@type\":\"ImageObject\",\"inLanguage\":\"de\",\"@id\":\"https:\/\/www.bagnoitalia.com\/de\/produkt\/huber-bidet-tap-with-energysave-system-rb149.html#primaryimage\",\"url\":\"https:\/\/img.bagnoitalia.com\/wp-content\/uploads\/virtuemart\/product\/mixer-for-bidet-rubet-huber2.jpg\",\"contentUrl\":\"https:\/\/img.bagnoitalia.com\/wp-content\/uploads\/virtuemart\/product\/mixer-for-bidet-rubet-huber2.jpg\",\"width\":500,\"height\":500},{\"@type\":\"BreadcrumbList\",\"@id\":\"https:\/\/www.bagnoitalia.com\/de\/produkt\/huber-bidet-tap-with-energysave-system-rb149.html#breadcrumb\",\"itemListElement\":[{\"@type\":\"ListItem\",\"position\":1,\"name\":\"Home\",\"item\":\"https:\/\/www.bagnoitalia.com\/de\"},{\"@type\":\"ListItem\",\"position\":2,\"name\":\"Produkte\",\"item\":\"https:\/\/www.bagnoitalia.com\/de\/shop\"},{\"@type\":\"ListItem\",\"position\":3,\"name\":\"Huber Bidetarmatur mit Energysave-System RB149\"}]},{\"@type\":\"WebSite\",\"@id\":\"https:\/\/www.bagnoitalia.com\/de#website\",\"url\":\"https:\/\/www.bagnoitalia.com\/de\",\"name\":\"Bagno Italia\",\"description\":\"\",\"publisher\":{\"@id\":\"https:\/\/www.bagnoitalia.com\/de#organization\"},\"potentialAction\":[{\"@type\":\"SearchAction\",\"target\":{\"@type\":\"EntryPoint\",\"urlTemplate\":\"https:\/\/www.bagnoitalia.com\/de?s={search_term_string}\"},\"query-input\":{\"@type\":\"PropertyValueSpecification\",\"valueRequired\":true,\"valueName\":\"search_term_string\"}}],\"inLanguage\":\"de\"},{\"@type\":\"Organization\",\"@id\":\"https:\/\/www.bagnoitalia.com\/de#organization\",\"name\":\"Bagno Italia\",\"url\":\"https:\/\/www.bagnoitalia.com\/de\",\"logo\":{\"@type\":\"ImageObject\",\"inLanguage\":\"de\",\"@id\":\"https:\/\/www.bagnoitalia.com\/de#\/schema\/logo\/image\/\",\"url\":\"https:\/\/img.bagnoitalia.com\/wp-content\/uploads\/logo-bagnoitalia.webp\",\"contentUrl\":\"https:\/\/img.bagnoitalia.com\/wp-content\/uploads\/logo-bagnoitalia.webp\",\"width\":400,\"height\":70,\"caption\":\"Bagno Italia\"},\"image\":{\"@id\":\"https:\/\/www.bagnoitalia.com\/de#\/schema\/logo\/image\/\"}}]}<\/script>\n<!-- \/ Yoast SEO plugin. -->","yoast_head_json":{"title":"Huber bidet tap with Energysave system RB149","description":"Modern bidet mixer, brand Huber, complete with waste and pop-up waste. Made of chrome-plated brass.","robots":{"index":"index","follow":"follow","max-snippet":"max-snippet:-1","max-image-preview":"max-image-preview:large","max-video-preview":"max-video-preview:-1"},"canonical":"https:\/\/www.bagnoitalia.com\/de\/produkt\/huber-bidet-tap-with-energysave-system-rb149.html","og_locale":"de_DE","og_type":"article","og_title":"Huber bidet tap with Energysave system RB149","og_description":"Modern bidet mixer, brand Huber, complete with waste and pop-up waste. Made of chrome-plated brass.","og_url":"https:\/\/www.bagnoitalia.com\/de\/produkt\/huber-bidet-tap-with-energysave-system-rb149.html","og_site_name":"Bagno Italia","article_modified_time":"2026-01-26T15:03:12+00:00","og_image":[{"width":500,"height":500,"url":"https:\/\/img.bagnoitalia.com\/wp-content\/uploads\/virtuemart\/product\/mixer-for-bidet-rubet-huber2.jpg","type":"image\/jpeg"}],"twitter_card":"summary_large_image","twitter_misc":{"Gesch\u00e4tzte Lesezeit":"1\u00a0Minute"},"schema":{"@context":"https:\/\/schema.org","@graph":[{"@type":"WebPage","@id":"https:\/\/www.bagnoitalia.com\/de\/produkt\/huber-bidet-tap-with-energysave-system-rb149.html","url":"https:\/\/www.bagnoitalia.com\/de\/produkt\/huber-bidet-tap-with-energysave-system-rb149.html","name":"Huber bidet tap with Energysave system RB149","isPartOf":{"@id":"https:\/\/www.bagnoitalia.com\/de#website"},"primaryImageOfPage":{"@id":"https:\/\/www.bagnoitalia.com\/de\/produkt\/huber-bidet-tap-with-energysave-system-rb149.html#primaryimage"},"image":{"@id":"https:\/\/www.bagnoitalia.com\/de\/produkt\/huber-bidet-tap-with-energysave-system-rb149.html#primaryimage"},"thumbnailUrl":"https:\/\/img.bagnoitalia.com\/wp-content\/uploads\/virtuemart\/product\/mixer-for-bidet-rubet-huber2.jpg","datePublished":"2022-02-24T13:18:49+00:00","dateModified":"2026-01-26T15:03:12+00:00","description":"Modern bidet mixer, brand Huber, complete with waste and pop-up waste. Made of chrome-plated brass.","breadcrumb":{"@id":"https:\/\/www.bagnoitalia.com\/de\/produkt\/huber-bidet-tap-with-energysave-system-rb149.html#breadcrumb"},"inLanguage":"de","potentialAction":[{"@type":"ReadAction","target":["https:\/\/www.bagnoitalia.com\/de\/produkt\/huber-bidet-tap-with-energysave-system-rb149.html"]}]},{"@type":"ImageObject","inLanguage":"de","@id":"https:\/\/www.bagnoitalia.com\/de\/produkt\/huber-bidet-tap-with-energysave-system-rb149.html#primaryimage","url":"https:\/\/img.bagnoitalia.com\/wp-content\/uploads\/virtuemart\/product\/mixer-for-bidet-rubet-huber2.jpg","contentUrl":"https:\/\/img.bagnoitalia.com\/wp-content\/uploads\/virtuemart\/product\/mixer-for-bidet-rubet-huber2.jpg","width":500,"height":500},{"@type":"BreadcrumbList","@id":"https:\/\/www.bagnoitalia.com\/de\/produkt\/huber-bidet-tap-with-energysave-system-rb149.html#breadcrumb","itemListElement":[{"@type":"ListItem","position":1,"name":"Home","item":"https:\/\/www.bagnoitalia.com\/de"},{"@type":"ListItem","position":2,"name":"Produkte","item":"https:\/\/www.bagnoitalia.com\/de\/shop"},{"@type":"ListItem","position":3,"name":"Huber Bidetarmatur mit Energysave-System RB149"}]},{"@type":"WebSite","@id":"https:\/\/www.bagnoitalia.com\/de#website","url":"https:\/\/www.bagnoitalia.com\/de","name":"Bagno Italia","description":"","publisher":{"@id":"https:\/\/www.bagnoitalia.com\/de#organization"},"potentialAction":[{"@type":"SearchAction","target":{"@type":"EntryPoint","urlTemplate":"https:\/\/www.bagnoitalia.com\/de?s={search_term_string}"},"query-input":{"@type":"PropertyValueSpecification","valueRequired":true,"valueName":"search_term_string"}}],"inLanguage":"de"},{"@type":"Organization","@id":"https:\/\/www.bagnoitalia.com\/de#organization","name":"Bagno Italia","url":"https:\/\/www.bagnoitalia.com\/de","logo":{"@type":"ImageObject","inLanguage":"de","@id":"https:\/\/www.bagnoitalia.com\/de#\/schema\/logo\/image\/","url":"https:\/\/img.bagnoitalia.com\/wp-content\/uploads\/logo-bagnoitalia.webp","contentUrl":"https:\/\/img.bagnoitalia.com\/wp-content\/uploads\/logo-bagnoitalia.webp","width":400,"height":70,"caption":"Bagno Italia"},"image":{"@id":"https:\/\/www.bagnoitalia.com\/de#\/schema\/logo\/image\/"}}]}},"_links":{"self":[{"href":"https:\/\/www.bagnoitalia.com\/de\/wp-json\/wp\/v2\/product\/115912","targetHints":{"allow":["GET"]}}],"collection":[{"href":"https:\/\/www.bagnoitalia.com\/de\/wp-json\/wp\/v2\/product"}],"about":[{"href":"https:\/\/www.bagnoitalia.com\/de\/wp-json\/wp\/v2\/types\/product"}],"replies":[{"embeddable":true,"href":"https:\/\/www.bagnoitalia.com\/de\/wp-json\/wp\/v2\/comments?post=115912"}],"version-history":[{"count":2,"href":"https:\/\/www.bagnoitalia.com\/de\/wp-json\/wp\/v2\/product\/115912\/revisions"}],"predecessor-version":[{"id":115916,"href":"https:\/\/www.bagnoitalia.com\/de\/wp-json\/wp\/v2\/product\/115912\/revisions\/115916"}],"wp:featuredmedia":[{"embeddable":true,"href":"https:\/\/www.bagnoitalia.com\/de\/wp-json\/wp\/v2\/media\/48244"}],"wp:attachment":[{"href":"https:\/\/www.bagnoitalia.com\/de\/wp-json\/wp\/v2\/media?parent=115912"}],"wp:term":[{"taxonomy":"product_brand","embeddable":true,"href":"https:\/\/www.bagnoitalia.com\/de\/wp-json\/wp\/v2\/product_brand?post=115912"},{"taxonomy":"product_cat","embeddable":true,"href":"https:\/\/www.bagnoitalia.com\/de\/wp-json\/wp\/v2\/product_cat?post=115912"},{"taxonomy":"product_tag","embeddable":true,"href":"https:\/\/www.bagnoitalia.com\/de\/wp-json\/wp\/v2\/product_tag?post=115912"}],"curies":[{"name":"wp","href":"https:\/\/api.w.org\/{rel}","templated":true}]}}