{"id":114632,"date":"2025-11-12T16:24:48","date_gmt":"2025-11-12T15:24:48","guid":{"rendered":"https:\/\/www.bagnoitalia.com\/desk-table-150-or-180-cm-with-12-mm-ceramic-top-and-steel-legs-in-3-colours-tl080.html"},"modified":"2025-11-12T16:28:32","modified_gmt":"2025-11-12T15:28:32","slug":"desk-table-150-or-180-cm-with-12-mm-ceramic-top-and-steel-legs-in-3-colours-tl080","status":"publish","type":"product","link":"https:\/\/www.bagnoitalia.com\/de\/produkt\/desk-table-150-or-180-cm-with-12-mm-ceramic-top-and-steel-legs-in-3-colours-tl080.html","title":{"rendered":"Schreibtisch 150 oder 180 cm mit 12 mm Keramikplatte und Stahlbeinen in 3 Farben TL080"},"content":{"rendered":"<p>150 oder 180 Schreibtisch mit Keramikplatte in 3 Farben TL080<\/p>\n<p>&nbsp;<\/p>\n<p>VERF\u00dcGBARE FARBEN<\/p>\n<p>WEISS: wei\u00dfer Rahmen und wei\u00dfe Platte in Marmoroptik<\/p>\n<p>SCHWARZ: schwarzer Rahmen und schwarze Platte in Marmoroptik<\/p>\n<p>BEIGE-CREME: cremefarbener Rahmen und beigefarbene Platte in Travertinoptik<\/p>\n<p>W\u00e4hlen Sie die Farbe aus dem Dropdown-Men\u00fc aus.<\/p>\n<p>&nbsp;<\/p>\n<p>MATERIALIEN<\/p>\n<p>Platte\/Tischplatte: Keramik<\/p>\n<p>Gestell\/Beine: Stahl<\/p>\n<p>&nbsp;<\/p>\n<p>PRODUKTABMESSUNGEN UND DETAILS<\/p>\n<p>Ideal als Esstisch und Schreibtisch<\/p>\n<p>Zwei L\u00e4ngen zur Auswahl: 150 cm oder 180 cm (w\u00e4hlen Sie die Gr\u00f6\u00dfe aus dem Dropdown-Men\u00fc aus)<\/p>\n<p>Tiefe: 90 cm<\/p>\n<p>H\u00f6he: 75 cm<\/p>\n<p>Plattenst\u00e4rke: 12 mm<\/p>\n<p>&nbsp;<\/p>\n<p>Hinweis: St\u00fchle sind NICHT im Angebot enthalten.<\/p>\n<p>&nbsp;<\/p>\n<p>&nbsp;<\/p>\n<p>&nbsp;<\/p>\n<p>&nbsp;<\/p>\n<p>&nbsp;<\/p>\n<p>&nbsp;<\/p>\n<p>&nbsp;<\/p>\n<p>&nbsp;<\/p>\n<p>&nbsp;<\/p>\n<p>Masao<\/p>\n","protected":false},"excerpt":{"rendered":"<p>Dieses Produkt eignet sich als Schreibtisch f\u00fcr B\u00fcros oder Wohnungen oder als Esstisch und ist in zwei Gr\u00f6\u00dfen erh\u00e4ltlich. Es besteht aus einer eleganten Keramikplatte mit Marmor- oder Travertinoptik und einem Stahlgestell, das in drei Farben erh\u00e4ltlich ist.<\/p>\n","protected":false},"featured_media":114587,"comment_status":"open","ping_status":"closed","template":"","meta":[],"product_brand":[9883],"product_cat":[9998,10007],"product_tag":[],"class_list":{"0":"post-114632","1":"product","2":"type-product","3":"status-publish","4":"has-post-thumbnail","6":"product_brand-deghi-de","7":"product_cat-schreibtische","8":"product_cat-tische","10":"first","11":"instock","12":"sale","13":"taxable","14":"shipping-taxable","15":"purchasable","16":"product-type-simple"},"exclude_global_add_ons":false,"addons":[{"name":"Typ","type":"multiple_choice","position":0,"required":true,"title_format":"heading","default":"","description_enable":false,"description":"","placeholder_enable":false,"placeholder":"","display":"select","restrictions_type":"any_text","adjust_price":false,"price":"","price_type":"flat_fee","restrictions":false,"min":"0","max":"0","options":[{"label":"150 cm wei\u00df","price":"","price_type":"quantity_based","image":0,"visibility":true},{"label":"150 cm schwarz","price":"","price_type":"quantity_based","image":0,"visibility":true},{"label":"150 cm beige-cremefarben","price":"","price_type":"quantity_based","image":0,"visibility":true},{"label":"180 cm wei\u00df","price":"70","price_type":"quantity_based","image":0,"visibility":true},{"label":"180 cm schwarz","price":"70","price_type":"quantity_based","image":0,"visibility":true},{"label":"180 cm beige-cremefarben","price":"70","price_type":"quantity_based","image":0,"visibility":true}],"id":1762964689}],"yoast_head":"<!-- This site is optimized with the Yoast SEO plugin v26.7 - https:\/\/yoast.com\/wordpress\/plugins\/seo\/ -->\n<title>Schreibtisch 150 oder 180 cm mit 12 mm Keramikplatte und Stahlbeinen in 3 Farben TL080 - Bagno Italia<\/title>\n<meta name=\"robots\" content=\"index, follow, max-snippet:-1, max-image-preview:large, max-video-preview:-1\" \/>\n<link rel=\"canonical\" href=\"https:\/\/www.bagnoitalia.com\/de\/produkt\/desk-table-150-or-180-cm-with-12-mm-ceramic-top-and-steel-legs-in-3-colours-tl080.html\" \/>\n<meta property=\"og:locale\" content=\"de_DE\" \/>\n<meta property=\"og:type\" content=\"article\" \/>\n<meta property=\"og:title\" content=\"Schreibtisch 150 oder 180 cm mit 12 mm Keramikplatte und Stahlbeinen in 3 Farben TL080 - Bagno Italia\" \/>\n<meta property=\"og:description\" content=\"Dieses Produkt eignet sich als Schreibtisch f\u00fcr B\u00fcros oder Wohnungen oder als Esstisch und ist in zwei Gr\u00f6\u00dfen erh\u00e4ltlich. Es besteht aus einer eleganten Keramikplatte mit Marmor- oder Travertinoptik und einem Stahlgestell, das in drei Farben erh\u00e4ltlich ist.\" \/>\n<meta property=\"og:url\" content=\"https:\/\/www.bagnoitalia.com\/de\/produkt\/desk-table-150-or-180-cm-with-12-mm-ceramic-top-and-steel-legs-in-3-colours-tl080.html\" \/>\n<meta property=\"og:site_name\" content=\"Bagno Italia\" \/>\n<meta property=\"article:modified_time\" content=\"2025-11-12T15:28:32+00:00\" \/>\n<meta property=\"og:image\" content=\"https:\/\/img.bagnoitalia.com\/wp-content\/uploads\/1-92.jpg\" \/>\n\t<meta property=\"og:image:width\" content=\"1000\" \/>\n\t<meta property=\"og:image:height\" content=\"1000\" \/>\n\t<meta property=\"og:image:type\" content=\"image\/jpeg\" \/>\n<meta name=\"twitter:card\" content=\"summary_large_image\" \/>\n<meta name=\"twitter:label1\" content=\"Gesch\u00e4tzte Lesezeit\" \/>\n\t<meta name=\"twitter:data1\" content=\"1\u00a0Minute\" \/>\n<script type=\"application\/ld+json\" class=\"yoast-schema-graph\">{\"@context\":\"https:\/\/schema.org\",\"@graph\":[{\"@type\":\"WebPage\",\"@id\":\"https:\/\/www.bagnoitalia.com\/de\/produkt\/desk-table-150-or-180-cm-with-12-mm-ceramic-top-and-steel-legs-in-3-colours-tl080.html\",\"url\":\"https:\/\/www.bagnoitalia.com\/de\/produkt\/desk-table-150-or-180-cm-with-12-mm-ceramic-top-and-steel-legs-in-3-colours-tl080.html\",\"name\":\"Schreibtisch 150 oder 180 cm mit 12 mm Keramikplatte und Stahlbeinen in 3 Farben TL080 - Bagno Italia\",\"isPartOf\":{\"@id\":\"https:\/\/www.bagnoitalia.com\/de#website\"},\"primaryImageOfPage\":{\"@id\":\"https:\/\/www.bagnoitalia.com\/de\/produkt\/desk-table-150-or-180-cm-with-12-mm-ceramic-top-and-steel-legs-in-3-colours-tl080.html#primaryimage\"},\"image\":{\"@id\":\"https:\/\/www.bagnoitalia.com\/de\/produkt\/desk-table-150-or-180-cm-with-12-mm-ceramic-top-and-steel-legs-in-3-colours-tl080.html#primaryimage\"},\"thumbnailUrl\":\"https:\/\/img.bagnoitalia.com\/wp-content\/uploads\/1-92.jpg\",\"datePublished\":\"2025-11-12T15:24:48+00:00\",\"dateModified\":\"2025-11-12T15:28:32+00:00\",\"breadcrumb\":{\"@id\":\"https:\/\/www.bagnoitalia.com\/de\/produkt\/desk-table-150-or-180-cm-with-12-mm-ceramic-top-and-steel-legs-in-3-colours-tl080.html#breadcrumb\"},\"inLanguage\":\"de\",\"potentialAction\":[{\"@type\":\"ReadAction\",\"target\":[\"https:\/\/www.bagnoitalia.com\/de\/produkt\/desk-table-150-or-180-cm-with-12-mm-ceramic-top-and-steel-legs-in-3-colours-tl080.html\"]}]},{\"@type\":\"ImageObject\",\"inLanguage\":\"de\",\"@id\":\"https:\/\/www.bagnoitalia.com\/de\/produkt\/desk-table-150-or-180-cm-with-12-mm-ceramic-top-and-steel-legs-in-3-colours-tl080.html#primaryimage\",\"url\":\"https:\/\/img.bagnoitalia.com\/wp-content\/uploads\/1-92.jpg\",\"contentUrl\":\"https:\/\/img.bagnoitalia.com\/wp-content\/uploads\/1-92.jpg\",\"width\":1000,\"height\":1000},{\"@type\":\"BreadcrumbList\",\"@id\":\"https:\/\/www.bagnoitalia.com\/de\/produkt\/desk-table-150-or-180-cm-with-12-mm-ceramic-top-and-steel-legs-in-3-colours-tl080.html#breadcrumb\",\"itemListElement\":[{\"@type\":\"ListItem\",\"position\":1,\"name\":\"Home\",\"item\":\"https:\/\/www.bagnoitalia.com\/de\"},{\"@type\":\"ListItem\",\"position\":2,\"name\":\"Produkte\",\"item\":\"https:\/\/www.bagnoitalia.com\/de\/shop\"},{\"@type\":\"ListItem\",\"position\":3,\"name\":\"Schreibtisch 150 oder 180 cm mit 12 mm Keramikplatte und Stahlbeinen in 3 Farben TL080\"}]},{\"@type\":\"WebSite\",\"@id\":\"https:\/\/www.bagnoitalia.com\/de#website\",\"url\":\"https:\/\/www.bagnoitalia.com\/de\",\"name\":\"Bagno Italia\",\"description\":\"\",\"publisher\":{\"@id\":\"https:\/\/www.bagnoitalia.com\/de#organization\"},\"potentialAction\":[{\"@type\":\"SearchAction\",\"target\":{\"@type\":\"EntryPoint\",\"urlTemplate\":\"https:\/\/www.bagnoitalia.com\/de?s={search_term_string}\"},\"query-input\":{\"@type\":\"PropertyValueSpecification\",\"valueRequired\":true,\"valueName\":\"search_term_string\"}}],\"inLanguage\":\"de\"},{\"@type\":\"Organization\",\"@id\":\"https:\/\/www.bagnoitalia.com\/de#organization\",\"name\":\"Bagno Italia\",\"url\":\"https:\/\/www.bagnoitalia.com\/de\",\"logo\":{\"@type\":\"ImageObject\",\"inLanguage\":\"de\",\"@id\":\"https:\/\/www.bagnoitalia.com\/de#\/schema\/logo\/image\/\",\"url\":\"https:\/\/img.bagnoitalia.com\/wp-content\/uploads\/logo-bagnoitalia.webp\",\"contentUrl\":\"https:\/\/img.bagnoitalia.com\/wp-content\/uploads\/logo-bagnoitalia.webp\",\"width\":400,\"height\":70,\"caption\":\"Bagno Italia\"},\"image\":{\"@id\":\"https:\/\/www.bagnoitalia.com\/de#\/schema\/logo\/image\/\"}}]}<\/script>\n<!-- \/ Yoast SEO plugin. -->","yoast_head_json":{"title":"Schreibtisch 150 oder 180 cm mit 12 mm Keramikplatte und Stahlbeinen in 3 Farben TL080 - Bagno Italia","robots":{"index":"index","follow":"follow","max-snippet":"max-snippet:-1","max-image-preview":"max-image-preview:large","max-video-preview":"max-video-preview:-1"},"canonical":"https:\/\/www.bagnoitalia.com\/de\/produkt\/desk-table-150-or-180-cm-with-12-mm-ceramic-top-and-steel-legs-in-3-colours-tl080.html","og_locale":"de_DE","og_type":"article","og_title":"Schreibtisch 150 oder 180 cm mit 12 mm Keramikplatte und Stahlbeinen in 3 Farben TL080 - Bagno Italia","og_description":"Dieses Produkt eignet sich als Schreibtisch f\u00fcr B\u00fcros oder Wohnungen oder als Esstisch und ist in zwei Gr\u00f6\u00dfen erh\u00e4ltlich. Es besteht aus einer eleganten Keramikplatte mit Marmor- oder Travertinoptik und einem Stahlgestell, das in drei Farben erh\u00e4ltlich ist.","og_url":"https:\/\/www.bagnoitalia.com\/de\/produkt\/desk-table-150-or-180-cm-with-12-mm-ceramic-top-and-steel-legs-in-3-colours-tl080.html","og_site_name":"Bagno Italia","article_modified_time":"2025-11-12T15:28:32+00:00","og_image":[{"width":1000,"height":1000,"url":"https:\/\/img.bagnoitalia.com\/wp-content\/uploads\/1-92.jpg","type":"image\/jpeg"}],"twitter_card":"summary_large_image","twitter_misc":{"Gesch\u00e4tzte Lesezeit":"1\u00a0Minute"},"schema":{"@context":"https:\/\/schema.org","@graph":[{"@type":"WebPage","@id":"https:\/\/www.bagnoitalia.com\/de\/produkt\/desk-table-150-or-180-cm-with-12-mm-ceramic-top-and-steel-legs-in-3-colours-tl080.html","url":"https:\/\/www.bagnoitalia.com\/de\/produkt\/desk-table-150-or-180-cm-with-12-mm-ceramic-top-and-steel-legs-in-3-colours-tl080.html","name":"Schreibtisch 150 oder 180 cm mit 12 mm Keramikplatte und Stahlbeinen in 3 Farben TL080 - Bagno Italia","isPartOf":{"@id":"https:\/\/www.bagnoitalia.com\/de#website"},"primaryImageOfPage":{"@id":"https:\/\/www.bagnoitalia.com\/de\/produkt\/desk-table-150-or-180-cm-with-12-mm-ceramic-top-and-steel-legs-in-3-colours-tl080.html#primaryimage"},"image":{"@id":"https:\/\/www.bagnoitalia.com\/de\/produkt\/desk-table-150-or-180-cm-with-12-mm-ceramic-top-and-steel-legs-in-3-colours-tl080.html#primaryimage"},"thumbnailUrl":"https:\/\/img.bagnoitalia.com\/wp-content\/uploads\/1-92.jpg","datePublished":"2025-11-12T15:24:48+00:00","dateModified":"2025-11-12T15:28:32+00:00","breadcrumb":{"@id":"https:\/\/www.bagnoitalia.com\/de\/produkt\/desk-table-150-or-180-cm-with-12-mm-ceramic-top-and-steel-legs-in-3-colours-tl080.html#breadcrumb"},"inLanguage":"de","potentialAction":[{"@type":"ReadAction","target":["https:\/\/www.bagnoitalia.com\/de\/produkt\/desk-table-150-or-180-cm-with-12-mm-ceramic-top-and-steel-legs-in-3-colours-tl080.html"]}]},{"@type":"ImageObject","inLanguage":"de","@id":"https:\/\/www.bagnoitalia.com\/de\/produkt\/desk-table-150-or-180-cm-with-12-mm-ceramic-top-and-steel-legs-in-3-colours-tl080.html#primaryimage","url":"https:\/\/img.bagnoitalia.com\/wp-content\/uploads\/1-92.jpg","contentUrl":"https:\/\/img.bagnoitalia.com\/wp-content\/uploads\/1-92.jpg","width":1000,"height":1000},{"@type":"BreadcrumbList","@id":"https:\/\/www.bagnoitalia.com\/de\/produkt\/desk-table-150-or-180-cm-with-12-mm-ceramic-top-and-steel-legs-in-3-colours-tl080.html#breadcrumb","itemListElement":[{"@type":"ListItem","position":1,"name":"Home","item":"https:\/\/www.bagnoitalia.com\/de"},{"@type":"ListItem","position":2,"name":"Produkte","item":"https:\/\/www.bagnoitalia.com\/de\/shop"},{"@type":"ListItem","position":3,"name":"Schreibtisch 150 oder 180 cm mit 12 mm Keramikplatte und Stahlbeinen in 3 Farben TL080"}]},{"@type":"WebSite","@id":"https:\/\/www.bagnoitalia.com\/de#website","url":"https:\/\/www.bagnoitalia.com\/de","name":"Bagno Italia","description":"","publisher":{"@id":"https:\/\/www.bagnoitalia.com\/de#organization"},"potentialAction":[{"@type":"SearchAction","target":{"@type":"EntryPoint","urlTemplate":"https:\/\/www.bagnoitalia.com\/de?s={search_term_string}"},"query-input":{"@type":"PropertyValueSpecification","valueRequired":true,"valueName":"search_term_string"}}],"inLanguage":"de"},{"@type":"Organization","@id":"https:\/\/www.bagnoitalia.com\/de#organization","name":"Bagno Italia","url":"https:\/\/www.bagnoitalia.com\/de","logo":{"@type":"ImageObject","inLanguage":"de","@id":"https:\/\/www.bagnoitalia.com\/de#\/schema\/logo\/image\/","url":"https:\/\/img.bagnoitalia.com\/wp-content\/uploads\/logo-bagnoitalia.webp","contentUrl":"https:\/\/img.bagnoitalia.com\/wp-content\/uploads\/logo-bagnoitalia.webp","width":400,"height":70,"caption":"Bagno Italia"},"image":{"@id":"https:\/\/www.bagnoitalia.com\/de#\/schema\/logo\/image\/"}}]}},"_links":{"self":[{"href":"https:\/\/www.bagnoitalia.com\/de\/wp-json\/wp\/v2\/product\/114632","targetHints":{"allow":["GET"]}}],"collection":[{"href":"https:\/\/www.bagnoitalia.com\/de\/wp-json\/wp\/v2\/product"}],"about":[{"href":"https:\/\/www.bagnoitalia.com\/de\/wp-json\/wp\/v2\/types\/product"}],"replies":[{"embeddable":true,"href":"https:\/\/www.bagnoitalia.com\/de\/wp-json\/wp\/v2\/comments?post=114632"}],"version-history":[{"count":3,"href":"https:\/\/www.bagnoitalia.com\/de\/wp-json\/wp\/v2\/product\/114632\/revisions"}],"predecessor-version":[{"id":114640,"href":"https:\/\/www.bagnoitalia.com\/de\/wp-json\/wp\/v2\/product\/114632\/revisions\/114640"}],"wp:featuredmedia":[{"embeddable":true,"href":"https:\/\/www.bagnoitalia.com\/de\/wp-json\/wp\/v2\/media\/114587"}],"wp:attachment":[{"href":"https:\/\/www.bagnoitalia.com\/de\/wp-json\/wp\/v2\/media?parent=114632"}],"wp:term":[{"taxonomy":"product_brand","embeddable":true,"href":"https:\/\/www.bagnoitalia.com\/de\/wp-json\/wp\/v2\/product_brand?post=114632"},{"taxonomy":"product_cat","embeddable":true,"href":"https:\/\/www.bagnoitalia.com\/de\/wp-json\/wp\/v2\/product_cat?post=114632"},{"taxonomy":"product_tag","embeddable":true,"href":"https:\/\/www.bagnoitalia.com\/de\/wp-json\/wp\/v2\/product_tag?post=114632"}],"curies":[{"name":"wp","href":"https:\/\/api.w.org\/{rel}","templated":true}]}}