{"id":113904,"date":"2025-10-28T14:23:12","date_gmt":"2025-10-28T13:23:12","guid":{"rendered":"https:\/\/www.bagnoitalia.com\/hot-tub-round-180-cm-6-seater-with-136-jets-textile-effect-colour-mp78.html"},"modified":"2025-10-28T14:26:20","modified_gmt":"2025-10-28T13:26:20","slug":"hot-tub-round-180-cm-6-seater-with-136-jets-textile-effect-colour-mp78","status":"publish","type":"product","link":"https:\/\/www.bagnoitalia.com\/de\/produkt\/hot-tub-round-180-cm-6-seater-with-136-jets-textile-effect-colour-mp78.html","title":{"rendered":"Whirlpool rund 180 cm 6-Sitzer mit 136 D\u00fcsen, Textileffektfarbe MP78"},"content":{"rendered":"<p>180 cm MP78 Mini-Whirlpool mit Textileffekt<\/p>\n<p>&nbsp;<\/p>\n<p>MERKMALE<\/p>\n<p>Runder Mini-Whirlpool f\u00fcr den Au\u00dfenbereich f\u00fcr 6 Personen<\/p>\n<p>Au\u00dfenma\u00dfe 180 x H65 cm<\/p>\n<p>136 D\u00fcsen, darunter 130 Luftd\u00fcsen und 6 Wasserd\u00fcsen<\/p>\n<p>Externes Bedienfeld<\/p>\n<p>Farbtherapie<\/p>\n<p>WLAN-Verbindung f\u00fcr die Fernsteuerung \u00fcber eine Smartphone-App<\/p>\n<p>Neue \u201eSyncJet\u201d-D\u00fcsen<\/p>\n<p>UVC-antibakterielle Wirkung<\/p>\n<p>Heizung<\/p>\n<p>Intelligentes Wasserfiltersystem 12 V\/60 W (2 Filter im Lieferumfang enthalten)<\/p>\n<p>Frostschutzsystem (innovativ)<\/p>\n<p>Kindersicherung<\/p>\n<p>Abdeckung zur Temperaturerhaltung<\/p>\n<p>Skimmer f\u00fcr Produkte im Lieferumfang enthalten\/Dosiervorrichtung<\/p>\n<p>2 Kartuschenfilter<\/p>\n<p>Schaumstoffmatte<\/p>\n<p>Abflussrohr-Adapter<\/p>\n<p>&nbsp;<\/p>\n<p>MATERIALIEN<\/p>\n<p>EPE-Platten (antibakterielle Technologie f\u00fcr leichtere Reinigung, hohe W\u00e4rmeisolierung und gr\u00f6\u00dfere Widerstandsf\u00e4higkeit)<\/p>\n<p>Verst\u00e4rktes PVC mit Muster (Textileffekt)<\/p>\n<p>Rhino-Tech\u2122 Premium 6-lagiges verst\u00e4rktes PVC<\/p>\n<p>Verst\u00e4rkte PVC-Abdeckung im Lieferumfang enthalten, Rei\u00dfverschluss<\/p>\n<p>&nbsp;<\/p>\n<p>TECHNISCHE DETAILS<\/p>\n<p>Heizung: 2,2 kW<\/p>\n<p>Maximales Fassungsverm\u00f6gen: 850 Liter<\/p>\n<p>Wasserpumpe: 1,1 kW<\/p>\n<p>3-stufige Luftpumpe: Stufe 1 300 W; Stufe 2 500 W; Stufe 3 720 W<\/p>\n<p>12 V\/60 W Filterung<\/p>\n<p>Leistung 220-240 V<\/p>\n<p>&nbsp;<\/p>\n<p>ZERTIFIZIERUNGEN: CE, ISO9001-2008<\/p>\n","protected":false},"excerpt":{"rendered":"<p>Runde Au\u00dfenwanne, geeignet f\u00fcr bis zu 6 Personen. Mit einer von Stoff inspirierten Au\u00dfenverkleidung aus Textil. Komplett mit LEDs f\u00fcr Farbtherapie, UVC-Desinfektion und Heizung.<\/p>\n","protected":false},"featured_media":113848,"comment_status":"open","ping_status":"closed","template":"","meta":[],"product_brand":[9925],"product_cat":[10070],"product_tag":[],"class_list":{"0":"post-113904","1":"product","2":"type-product","3":"status-publish","4":"has-post-thumbnail","6":"product_brand-predator-arredo-casa-de","7":"product_cat-whirlpools-im-freien","9":"first","10":"instock","11":"sale","12":"taxable","13":"shipping-taxable","14":"purchasable","15":"product-type-simple"},"exclude_global_add_ons":false,"addons":[{"name":"Zubeh\u00f6r","type":"multiple_choice","position":0,"required":true,"title_format":"heading","default":"","description_enable":false,"description":"","placeholder_enable":false,"placeholder":"","display":"select","restrictions_type":"any_text","adjust_price":false,"price":"","price_type":"flat_fee","restrictions":false,"min":"0","max":"0","options":[{"label":"ohne Leiter","price":"","price_type":"quantity_based","image":0,"visibility":true},{"label":"mit Leiter","price":"229","price_type":"quantity_based","image":0,"visibility":true}],"id":1761661393}],"yoast_head":"<!-- This site is optimized with the Yoast SEO plugin v26.7 - https:\/\/yoast.com\/wordpress\/plugins\/seo\/ -->\n<title>Whirlpool rund 180 cm 6-Sitzer mit 136 D\u00fcsen, Textileffektfarbe MP78 - Bagno Italia<\/title>\n<meta name=\"robots\" content=\"index, follow, max-snippet:-1, max-image-preview:large, max-video-preview:-1\" \/>\n<link rel=\"canonical\" href=\"https:\/\/www.bagnoitalia.com\/de\/produkt\/hot-tub-round-180-cm-6-seater-with-136-jets-textile-effect-colour-mp78.html\" \/>\n<meta property=\"og:locale\" content=\"de_DE\" \/>\n<meta property=\"og:type\" content=\"article\" \/>\n<meta property=\"og:title\" content=\"Whirlpool rund 180 cm 6-Sitzer mit 136 D\u00fcsen, Textileffektfarbe MP78 - Bagno Italia\" \/>\n<meta property=\"og:description\" content=\"Runde Au\u00dfenwanne, geeignet f\u00fcr bis zu 6 Personen. Mit einer von Stoff inspirierten Au\u00dfenverkleidung aus Textil. Komplett mit LEDs f\u00fcr Farbtherapie, UVC-Desinfektion und Heizung.\" \/>\n<meta property=\"og:url\" content=\"https:\/\/www.bagnoitalia.com\/de\/produkt\/hot-tub-round-180-cm-6-seater-with-136-jets-textile-effect-colour-mp78.html\" \/>\n<meta property=\"og:site_name\" content=\"Bagno Italia\" \/>\n<meta property=\"article:modified_time\" content=\"2025-10-28T13:26:20+00:00\" \/>\n<meta property=\"og:image\" content=\"https:\/\/img.bagnoitalia.com\/wp-content\/uploads\/1-79.jpg\" \/>\n\t<meta property=\"og:image:width\" content=\"997\" \/>\n\t<meta property=\"og:image:height\" content=\"1000\" \/>\n\t<meta property=\"og:image:type\" content=\"image\/jpeg\" \/>\n<meta name=\"twitter:card\" content=\"summary_large_image\" \/>\n<meta name=\"twitter:label1\" content=\"Gesch\u00e4tzte Lesezeit\" \/>\n\t<meta name=\"twitter:data1\" content=\"1\u00a0Minute\" \/>\n<script type=\"application\/ld+json\" class=\"yoast-schema-graph\">{\"@context\":\"https:\/\/schema.org\",\"@graph\":[{\"@type\":\"WebPage\",\"@id\":\"https:\/\/www.bagnoitalia.com\/de\/produkt\/hot-tub-round-180-cm-6-seater-with-136-jets-textile-effect-colour-mp78.html\",\"url\":\"https:\/\/www.bagnoitalia.com\/de\/produkt\/hot-tub-round-180-cm-6-seater-with-136-jets-textile-effect-colour-mp78.html\",\"name\":\"Whirlpool rund 180 cm 6-Sitzer mit 136 D\u00fcsen, Textileffektfarbe MP78 - Bagno Italia\",\"isPartOf\":{\"@id\":\"https:\/\/www.bagnoitalia.com\/de#website\"},\"primaryImageOfPage\":{\"@id\":\"https:\/\/www.bagnoitalia.com\/de\/produkt\/hot-tub-round-180-cm-6-seater-with-136-jets-textile-effect-colour-mp78.html#primaryimage\"},\"image\":{\"@id\":\"https:\/\/www.bagnoitalia.com\/de\/produkt\/hot-tub-round-180-cm-6-seater-with-136-jets-textile-effect-colour-mp78.html#primaryimage\"},\"thumbnailUrl\":\"https:\/\/img.bagnoitalia.com\/wp-content\/uploads\/1-79.jpg\",\"datePublished\":\"2025-10-28T13:23:12+00:00\",\"dateModified\":\"2025-10-28T13:26:20+00:00\",\"breadcrumb\":{\"@id\":\"https:\/\/www.bagnoitalia.com\/de\/produkt\/hot-tub-round-180-cm-6-seater-with-136-jets-textile-effect-colour-mp78.html#breadcrumb\"},\"inLanguage\":\"de\",\"potentialAction\":[{\"@type\":\"ReadAction\",\"target\":[\"https:\/\/www.bagnoitalia.com\/de\/produkt\/hot-tub-round-180-cm-6-seater-with-136-jets-textile-effect-colour-mp78.html\"]}]},{\"@type\":\"ImageObject\",\"inLanguage\":\"de\",\"@id\":\"https:\/\/www.bagnoitalia.com\/de\/produkt\/hot-tub-round-180-cm-6-seater-with-136-jets-textile-effect-colour-mp78.html#primaryimage\",\"url\":\"https:\/\/img.bagnoitalia.com\/wp-content\/uploads\/1-79.jpg\",\"contentUrl\":\"https:\/\/img.bagnoitalia.com\/wp-content\/uploads\/1-79.jpg\",\"width\":997,\"height\":1000},{\"@type\":\"BreadcrumbList\",\"@id\":\"https:\/\/www.bagnoitalia.com\/de\/produkt\/hot-tub-round-180-cm-6-seater-with-136-jets-textile-effect-colour-mp78.html#breadcrumb\",\"itemListElement\":[{\"@type\":\"ListItem\",\"position\":1,\"name\":\"Home\",\"item\":\"https:\/\/www.bagnoitalia.com\/de\"},{\"@type\":\"ListItem\",\"position\":2,\"name\":\"Produkte\",\"item\":\"https:\/\/www.bagnoitalia.com\/de\/shop\"},{\"@type\":\"ListItem\",\"position\":3,\"name\":\"Whirlpool rund 180 cm 6-Sitzer mit 136 D\u00fcsen, Textileffektfarbe MP78\"}]},{\"@type\":\"WebSite\",\"@id\":\"https:\/\/www.bagnoitalia.com\/de#website\",\"url\":\"https:\/\/www.bagnoitalia.com\/de\",\"name\":\"Bagno Italia\",\"description\":\"\",\"publisher\":{\"@id\":\"https:\/\/www.bagnoitalia.com\/de#organization\"},\"potentialAction\":[{\"@type\":\"SearchAction\",\"target\":{\"@type\":\"EntryPoint\",\"urlTemplate\":\"https:\/\/www.bagnoitalia.com\/de?s={search_term_string}\"},\"query-input\":{\"@type\":\"PropertyValueSpecification\",\"valueRequired\":true,\"valueName\":\"search_term_string\"}}],\"inLanguage\":\"de\"},{\"@type\":\"Organization\",\"@id\":\"https:\/\/www.bagnoitalia.com\/de#organization\",\"name\":\"Bagno Italia\",\"url\":\"https:\/\/www.bagnoitalia.com\/de\",\"logo\":{\"@type\":\"ImageObject\",\"inLanguage\":\"de\",\"@id\":\"https:\/\/www.bagnoitalia.com\/de#\/schema\/logo\/image\/\",\"url\":\"https:\/\/img.bagnoitalia.com\/wp-content\/uploads\/logo-bagnoitalia.webp\",\"contentUrl\":\"https:\/\/img.bagnoitalia.com\/wp-content\/uploads\/logo-bagnoitalia.webp\",\"width\":400,\"height\":70,\"caption\":\"Bagno Italia\"},\"image\":{\"@id\":\"https:\/\/www.bagnoitalia.com\/de#\/schema\/logo\/image\/\"}}]}<\/script>\n<!-- \/ Yoast SEO plugin. -->","yoast_head_json":{"title":"Whirlpool rund 180 cm 6-Sitzer mit 136 D\u00fcsen, Textileffektfarbe MP78 - Bagno Italia","robots":{"index":"index","follow":"follow","max-snippet":"max-snippet:-1","max-image-preview":"max-image-preview:large","max-video-preview":"max-video-preview:-1"},"canonical":"https:\/\/www.bagnoitalia.com\/de\/produkt\/hot-tub-round-180-cm-6-seater-with-136-jets-textile-effect-colour-mp78.html","og_locale":"de_DE","og_type":"article","og_title":"Whirlpool rund 180 cm 6-Sitzer mit 136 D\u00fcsen, Textileffektfarbe MP78 - Bagno Italia","og_description":"Runde Au\u00dfenwanne, geeignet f\u00fcr bis zu 6 Personen. Mit einer von Stoff inspirierten Au\u00dfenverkleidung aus Textil. Komplett mit LEDs f\u00fcr Farbtherapie, UVC-Desinfektion und Heizung.","og_url":"https:\/\/www.bagnoitalia.com\/de\/produkt\/hot-tub-round-180-cm-6-seater-with-136-jets-textile-effect-colour-mp78.html","og_site_name":"Bagno Italia","article_modified_time":"2025-10-28T13:26:20+00:00","og_image":[{"width":997,"height":1000,"url":"https:\/\/img.bagnoitalia.com\/wp-content\/uploads\/1-79.jpg","type":"image\/jpeg"}],"twitter_card":"summary_large_image","twitter_misc":{"Gesch\u00e4tzte Lesezeit":"1\u00a0Minute"},"schema":{"@context":"https:\/\/schema.org","@graph":[{"@type":"WebPage","@id":"https:\/\/www.bagnoitalia.com\/de\/produkt\/hot-tub-round-180-cm-6-seater-with-136-jets-textile-effect-colour-mp78.html","url":"https:\/\/www.bagnoitalia.com\/de\/produkt\/hot-tub-round-180-cm-6-seater-with-136-jets-textile-effect-colour-mp78.html","name":"Whirlpool rund 180 cm 6-Sitzer mit 136 D\u00fcsen, Textileffektfarbe MP78 - Bagno Italia","isPartOf":{"@id":"https:\/\/www.bagnoitalia.com\/de#website"},"primaryImageOfPage":{"@id":"https:\/\/www.bagnoitalia.com\/de\/produkt\/hot-tub-round-180-cm-6-seater-with-136-jets-textile-effect-colour-mp78.html#primaryimage"},"image":{"@id":"https:\/\/www.bagnoitalia.com\/de\/produkt\/hot-tub-round-180-cm-6-seater-with-136-jets-textile-effect-colour-mp78.html#primaryimage"},"thumbnailUrl":"https:\/\/img.bagnoitalia.com\/wp-content\/uploads\/1-79.jpg","datePublished":"2025-10-28T13:23:12+00:00","dateModified":"2025-10-28T13:26:20+00:00","breadcrumb":{"@id":"https:\/\/www.bagnoitalia.com\/de\/produkt\/hot-tub-round-180-cm-6-seater-with-136-jets-textile-effect-colour-mp78.html#breadcrumb"},"inLanguage":"de","potentialAction":[{"@type":"ReadAction","target":["https:\/\/www.bagnoitalia.com\/de\/produkt\/hot-tub-round-180-cm-6-seater-with-136-jets-textile-effect-colour-mp78.html"]}]},{"@type":"ImageObject","inLanguage":"de","@id":"https:\/\/www.bagnoitalia.com\/de\/produkt\/hot-tub-round-180-cm-6-seater-with-136-jets-textile-effect-colour-mp78.html#primaryimage","url":"https:\/\/img.bagnoitalia.com\/wp-content\/uploads\/1-79.jpg","contentUrl":"https:\/\/img.bagnoitalia.com\/wp-content\/uploads\/1-79.jpg","width":997,"height":1000},{"@type":"BreadcrumbList","@id":"https:\/\/www.bagnoitalia.com\/de\/produkt\/hot-tub-round-180-cm-6-seater-with-136-jets-textile-effect-colour-mp78.html#breadcrumb","itemListElement":[{"@type":"ListItem","position":1,"name":"Home","item":"https:\/\/www.bagnoitalia.com\/de"},{"@type":"ListItem","position":2,"name":"Produkte","item":"https:\/\/www.bagnoitalia.com\/de\/shop"},{"@type":"ListItem","position":3,"name":"Whirlpool rund 180 cm 6-Sitzer mit 136 D\u00fcsen, Textileffektfarbe MP78"}]},{"@type":"WebSite","@id":"https:\/\/www.bagnoitalia.com\/de#website","url":"https:\/\/www.bagnoitalia.com\/de","name":"Bagno Italia","description":"","publisher":{"@id":"https:\/\/www.bagnoitalia.com\/de#organization"},"potentialAction":[{"@type":"SearchAction","target":{"@type":"EntryPoint","urlTemplate":"https:\/\/www.bagnoitalia.com\/de?s={search_term_string}"},"query-input":{"@type":"PropertyValueSpecification","valueRequired":true,"valueName":"search_term_string"}}],"inLanguage":"de"},{"@type":"Organization","@id":"https:\/\/www.bagnoitalia.com\/de#organization","name":"Bagno Italia","url":"https:\/\/www.bagnoitalia.com\/de","logo":{"@type":"ImageObject","inLanguage":"de","@id":"https:\/\/www.bagnoitalia.com\/de#\/schema\/logo\/image\/","url":"https:\/\/img.bagnoitalia.com\/wp-content\/uploads\/logo-bagnoitalia.webp","contentUrl":"https:\/\/img.bagnoitalia.com\/wp-content\/uploads\/logo-bagnoitalia.webp","width":400,"height":70,"caption":"Bagno Italia"},"image":{"@id":"https:\/\/www.bagnoitalia.com\/de#\/schema\/logo\/image\/"}}]}},"_links":{"self":[{"href":"https:\/\/www.bagnoitalia.com\/de\/wp-json\/wp\/v2\/product\/113904","targetHints":{"allow":["GET"]}}],"collection":[{"href":"https:\/\/www.bagnoitalia.com\/de\/wp-json\/wp\/v2\/product"}],"about":[{"href":"https:\/\/www.bagnoitalia.com\/de\/wp-json\/wp\/v2\/types\/product"}],"replies":[{"embeddable":true,"href":"https:\/\/www.bagnoitalia.com\/de\/wp-json\/wp\/v2\/comments?post=113904"}],"version-history":[{"count":3,"href":"https:\/\/www.bagnoitalia.com\/de\/wp-json\/wp\/v2\/product\/113904\/revisions"}],"predecessor-version":[{"id":113911,"href":"https:\/\/www.bagnoitalia.com\/de\/wp-json\/wp\/v2\/product\/113904\/revisions\/113911"}],"wp:featuredmedia":[{"embeddable":true,"href":"https:\/\/www.bagnoitalia.com\/de\/wp-json\/wp\/v2\/media\/113848"}],"wp:attachment":[{"href":"https:\/\/www.bagnoitalia.com\/de\/wp-json\/wp\/v2\/media?parent=113904"}],"wp:term":[{"taxonomy":"product_brand","embeddable":true,"href":"https:\/\/www.bagnoitalia.com\/de\/wp-json\/wp\/v2\/product_brand?post=113904"},{"taxonomy":"product_cat","embeddable":true,"href":"https:\/\/www.bagnoitalia.com\/de\/wp-json\/wp\/v2\/product_cat?post=113904"},{"taxonomy":"product_tag","embeddable":true,"href":"https:\/\/www.bagnoitalia.com\/de\/wp-json\/wp\/v2\/product_tag?post=113904"}],"curies":[{"name":"wp","href":"https:\/\/api.w.org\/{rel}","templated":true}]}}