{"id":113731,"date":"2025-10-24T16:01:45","date_gmt":"2025-10-24T14:01:45","guid":{"rendered":"https:\/\/www.bagnoitalia.com\/mini-hot-tub-180x180-cm-with-8-seats-148-silent-pump-jets-and-mp76-eco-tech-heater.html"},"modified":"2025-12-15T15:36:17","modified_gmt":"2025-12-15T14:36:17","slug":"mini-hot-tub-180x180-cm-with-8-seats-148-silent-pump-jets-and-mp76-eco-tech-heater","status":"publish","type":"product","link":"https:\/\/www.bagnoitalia.com\/de\/produkt\/mini-hot-tub-180x180-cm-with-8-seats-148-silent-pump-jets-and-mp76-eco-tech-heater.html","title":{"rendered":"Mini-Whirlpool 180 x 180 cm mit 8 Sitzen, 148 leisen Pumpend\u00fcsen und MP76 Eco-Tech-Heizung"},"content":{"rendered":"<p>180 x 180 cm gro\u00dfer Mini-Whirlpool mit Vollausstattung MP76<\/p>\n<p>&nbsp;<\/p>\n<p>MERKMALE<\/p>\n<p>Quadratischer Mini-Whirlpool f\u00fcr den Au\u00dfenbereich f\u00fcr 6\u20138 Personen<\/p>\n<p>Abmessungen 180 x 180 x H 65 cm<\/p>\n<p>148 Eco-Pulse-D\u00fcsen, darunter 140 Luftd\u00fcsen und 8 (einstellbare) Wasserd\u00fcsen<\/p>\n<p>Kissen im Lieferumfang enthalten<\/p>\n<p>Ozontherapie<\/p>\n<p>Desinfektionsmittel UVC Plus: beseitigt sch\u00e4dliche Bakterien f\u00fcr eine sicherere Hydromassage, neue Desinfektionstechnologie<\/p>\n<p>Farbtherapie<\/p>\n<p>interne mehrfarbige LED-Streifen<\/p>\n<p>Eco-Tech-Heizung<\/p>\n<p>OLED-Touchscreen-Bedienfeld<\/p>\n<p>Eco-Verbrauchstimer<\/p>\n<p>WLAN-Fernbedienung f\u00fcr Smartphone-App<\/p>\n<p>Doppelpumpe: Luft und Wasser<\/p>\n<p>Kindersicherung<\/p>\n<p>Frostschutzsystem<\/p>\n<p>TempXcel\u2122 Thermische Zwischenschicht und thermische Bodenmatte f\u00fcr lang anhaltende W\u00e4rme<\/p>\n<p>St\u00fctzmatte<\/p>\n<p>Thermische Abdeckung<\/p>\n<p>Skimmer<\/p>\n<p>&nbsp;<\/p>\n<p>WEITERE DETAILS<\/p>\n<p>Heizung: 2,2 kW<\/p>\n<p>3-stufige Pumpenleistungsregelung<\/p>\n<p>14 % Steigerung der Heizleistung<\/p>\n<p>38 % Reduzierung des W\u00e4rmeenergieverbrauchs<\/p>\n<p>Whispa\u2122 Silent-Pump ger\u00e4uscharmes Motorsystem<\/p>\n<p>Hochwertiges, strapazierf\u00e4higes Metal Aero-Gewebe (Tragkonstruktionen und Verst\u00e4rkungen von WPC auf Metallkomponenten aufger\u00fcstet)<\/p>\n<p>Kunststoffmaterial in Holzoptik (Plastic Wood)<\/p>\n<p>Cloudy White Rhino-TechTM 6-lagige verst\u00e4rkte PVC-Leine<\/p>\n<p>AcrySkin\u2122<\/p>\n<p>Maximales Fassungsverm\u00f6gen: 1150 Liter<\/p>\n<p>Wasserpumpe: 1,1 kW<\/p>\n<p>3-stufige Luftpumpe: Stufe 1 300 W; Stufe 2 500 W; Stufe 3 720 W<\/p>\n<p>220\u2013240 V<\/p>\n<p>ZERTIFIZIERUNGEN: CE, ISO9001-2008<\/p>\n","protected":false},"excerpt":{"rendered":"<p>Quadratischer Au\u00dfenwhirlpool f\u00fcr bis zu 8 Personen. Mit verst\u00e4rkter Struktur, extrem leisem Motor, UVC-Desinfektion, Heizung und WLAN-Verbindung f\u00fcr die Fernsteuerung.<\/p>\n","protected":false},"featured_media":115247,"comment_status":"open","ping_status":"closed","template":"","meta":[],"product_brand":[9925],"product_cat":[10070],"product_tag":[],"class_list":{"0":"post-113731","1":"product","2":"type-product","3":"status-publish","4":"has-post-thumbnail","6":"product_brand-predator-arredo-casa-de","7":"product_cat-whirlpools-im-freien","9":"first","10":"instock","11":"sale","12":"taxable","13":"shipping-taxable","14":"purchasable","15":"product-type-simple"},"exclude_global_add_ons":false,"addons":[{"name":"Zubeh\u00f6r","type":"multiple_choice","position":0,"required":true,"title_format":"heading","default":"","description_enable":false,"description":"","placeholder_enable":false,"placeholder":"","display":"select","restrictions_type":"any_text","adjust_price":false,"price":"","price_type":"flat_fee","restrictions":false,"min":"0","max":"0","options":[{"label":"ohne Leiter","price":"","price_type":"quantity_based","image":0,"visibility":true},{"label":"mit Leiter","price":"229","price_type":"quantity_based","image":0,"visibility":true}],"id":1761321706}],"yoast_head":"<!-- This site is optimized with the Yoast SEO plugin v26.7 - https:\/\/yoast.com\/wordpress\/plugins\/seo\/ -->\n<title>Mini-Whirlpool 180 x 180 cm mit 8 Sitzen, 148 leisen Pumpend\u00fcsen und MP76 Eco-Tech-Heizung - Bagno Italia<\/title>\n<meta name=\"robots\" content=\"index, follow, max-snippet:-1, max-image-preview:large, max-video-preview:-1\" \/>\n<link rel=\"canonical\" href=\"https:\/\/www.bagnoitalia.com\/de\/produkt\/mini-hot-tub-180x180-cm-with-8-seats-148-silent-pump-jets-and-mp76-eco-tech-heater.html\" \/>\n<meta property=\"og:locale\" content=\"de_DE\" \/>\n<meta property=\"og:type\" content=\"article\" \/>\n<meta property=\"og:title\" content=\"Mini-Whirlpool 180 x 180 cm mit 8 Sitzen, 148 leisen Pumpend\u00fcsen und MP76 Eco-Tech-Heizung - Bagno Italia\" \/>\n<meta property=\"og:description\" content=\"Quadratischer Au\u00dfenwhirlpool f\u00fcr bis zu 8 Personen. Mit verst\u00e4rkter Struktur, extrem leisem Motor, UVC-Desinfektion, Heizung und WLAN-Verbindung f\u00fcr die Fernsteuerung.\" \/>\n<meta property=\"og:url\" content=\"https:\/\/www.bagnoitalia.com\/de\/produkt\/mini-hot-tub-180x180-cm-with-8-seats-148-silent-pump-jets-and-mp76-eco-tech-heater.html\" \/>\n<meta property=\"og:site_name\" content=\"Bagno Italia\" \/>\n<meta property=\"article:modified_time\" content=\"2025-12-15T14:36:17+00:00\" \/>\n<meta property=\"og:image\" content=\"https:\/\/img.bagnoitalia.com\/wp-content\/uploads\/1-77.jpg\" \/>\n\t<meta property=\"og:image:width\" content=\"1000\" \/>\n\t<meta property=\"og:image:height\" content=\"1000\" \/>\n\t<meta property=\"og:image:type\" content=\"image\/jpeg\" \/>\n<meta name=\"twitter:card\" content=\"summary_large_image\" \/>\n<meta name=\"twitter:label1\" content=\"Gesch\u00e4tzte Lesezeit\" \/>\n\t<meta name=\"twitter:data1\" content=\"1\u00a0Minute\" \/>\n<script type=\"application\/ld+json\" class=\"yoast-schema-graph\">{\"@context\":\"https:\/\/schema.org\",\"@graph\":[{\"@type\":\"WebPage\",\"@id\":\"https:\/\/www.bagnoitalia.com\/de\/produkt\/mini-hot-tub-180x180-cm-with-8-seats-148-silent-pump-jets-and-mp76-eco-tech-heater.html\",\"url\":\"https:\/\/www.bagnoitalia.com\/de\/produkt\/mini-hot-tub-180x180-cm-with-8-seats-148-silent-pump-jets-and-mp76-eco-tech-heater.html\",\"name\":\"Mini-Whirlpool 180 x 180 cm mit 8 Sitzen, 148 leisen Pumpend\u00fcsen und MP76 Eco-Tech-Heizung - Bagno Italia\",\"isPartOf\":{\"@id\":\"https:\/\/www.bagnoitalia.com\/de#website\"},\"primaryImageOfPage\":{\"@id\":\"https:\/\/www.bagnoitalia.com\/de\/produkt\/mini-hot-tub-180x180-cm-with-8-seats-148-silent-pump-jets-and-mp76-eco-tech-heater.html#primaryimage\"},\"image\":{\"@id\":\"https:\/\/www.bagnoitalia.com\/de\/produkt\/mini-hot-tub-180x180-cm-with-8-seats-148-silent-pump-jets-and-mp76-eco-tech-heater.html#primaryimage\"},\"thumbnailUrl\":\"https:\/\/img.bagnoitalia.com\/wp-content\/uploads\/minipiscina-vasca-idromassaggio-180x180-led.jpg\",\"datePublished\":\"2025-10-24T14:01:45+00:00\",\"dateModified\":\"2025-12-15T14:36:17+00:00\",\"breadcrumb\":{\"@id\":\"https:\/\/www.bagnoitalia.com\/de\/produkt\/mini-hot-tub-180x180-cm-with-8-seats-148-silent-pump-jets-and-mp76-eco-tech-heater.html#breadcrumb\"},\"inLanguage\":\"de\",\"potentialAction\":[{\"@type\":\"ReadAction\",\"target\":[\"https:\/\/www.bagnoitalia.com\/de\/produkt\/mini-hot-tub-180x180-cm-with-8-seats-148-silent-pump-jets-and-mp76-eco-tech-heater.html\"]}]},{\"@type\":\"ImageObject\",\"inLanguage\":\"de\",\"@id\":\"https:\/\/www.bagnoitalia.com\/de\/produkt\/mini-hot-tub-180x180-cm-with-8-seats-148-silent-pump-jets-and-mp76-eco-tech-heater.html#primaryimage\",\"url\":\"https:\/\/img.bagnoitalia.com\/wp-content\/uploads\/minipiscina-vasca-idromassaggio-180x180-led.jpg\",\"contentUrl\":\"https:\/\/img.bagnoitalia.com\/wp-content\/uploads\/minipiscina-vasca-idromassaggio-180x180-led.jpg\",\"width\":682,\"height\":682},{\"@type\":\"BreadcrumbList\",\"@id\":\"https:\/\/www.bagnoitalia.com\/de\/produkt\/mini-hot-tub-180x180-cm-with-8-seats-148-silent-pump-jets-and-mp76-eco-tech-heater.html#breadcrumb\",\"itemListElement\":[{\"@type\":\"ListItem\",\"position\":1,\"name\":\"Home\",\"item\":\"https:\/\/www.bagnoitalia.com\/de\"},{\"@type\":\"ListItem\",\"position\":2,\"name\":\"Produkte\",\"item\":\"https:\/\/www.bagnoitalia.com\/de\/shop\"},{\"@type\":\"ListItem\",\"position\":3,\"name\":\"Mini-Whirlpool 180 x 180 cm mit 8 Sitzen, 148 leisen Pumpend\u00fcsen und MP76 Eco-Tech-Heizung\"}]},{\"@type\":\"WebSite\",\"@id\":\"https:\/\/www.bagnoitalia.com\/de#website\",\"url\":\"https:\/\/www.bagnoitalia.com\/de\",\"name\":\"Bagno Italia\",\"description\":\"\",\"publisher\":{\"@id\":\"https:\/\/www.bagnoitalia.com\/de#organization\"},\"potentialAction\":[{\"@type\":\"SearchAction\",\"target\":{\"@type\":\"EntryPoint\",\"urlTemplate\":\"https:\/\/www.bagnoitalia.com\/de?s={search_term_string}\"},\"query-input\":{\"@type\":\"PropertyValueSpecification\",\"valueRequired\":true,\"valueName\":\"search_term_string\"}}],\"inLanguage\":\"de\"},{\"@type\":\"Organization\",\"@id\":\"https:\/\/www.bagnoitalia.com\/de#organization\",\"name\":\"Bagno Italia\",\"url\":\"https:\/\/www.bagnoitalia.com\/de\",\"logo\":{\"@type\":\"ImageObject\",\"inLanguage\":\"de\",\"@id\":\"https:\/\/www.bagnoitalia.com\/de#\/schema\/logo\/image\/\",\"url\":\"https:\/\/img.bagnoitalia.com\/wp-content\/uploads\/logo-bagnoitalia.webp\",\"contentUrl\":\"https:\/\/img.bagnoitalia.com\/wp-content\/uploads\/logo-bagnoitalia.webp\",\"width\":400,\"height\":70,\"caption\":\"Bagno Italia\"},\"image\":{\"@id\":\"https:\/\/www.bagnoitalia.com\/de#\/schema\/logo\/image\/\"}}]}<\/script>\n<!-- \/ Yoast SEO plugin. -->","yoast_head_json":{"title":"Mini-Whirlpool 180 x 180 cm mit 8 Sitzen, 148 leisen Pumpend\u00fcsen und MP76 Eco-Tech-Heizung - Bagno Italia","robots":{"index":"index","follow":"follow","max-snippet":"max-snippet:-1","max-image-preview":"max-image-preview:large","max-video-preview":"max-video-preview:-1"},"canonical":"https:\/\/www.bagnoitalia.com\/de\/produkt\/mini-hot-tub-180x180-cm-with-8-seats-148-silent-pump-jets-and-mp76-eco-tech-heater.html","og_locale":"de_DE","og_type":"article","og_title":"Mini-Whirlpool 180 x 180 cm mit 8 Sitzen, 148 leisen Pumpend\u00fcsen und MP76 Eco-Tech-Heizung - Bagno Italia","og_description":"Quadratischer Au\u00dfenwhirlpool f\u00fcr bis zu 8 Personen. Mit verst\u00e4rkter Struktur, extrem leisem Motor, UVC-Desinfektion, Heizung und WLAN-Verbindung f\u00fcr die Fernsteuerung.","og_url":"https:\/\/www.bagnoitalia.com\/de\/produkt\/mini-hot-tub-180x180-cm-with-8-seats-148-silent-pump-jets-and-mp76-eco-tech-heater.html","og_site_name":"Bagno Italia","article_modified_time":"2025-12-15T14:36:17+00:00","og_image":[{"width":1000,"height":1000,"url":"https:\/\/img.bagnoitalia.com\/wp-content\/uploads\/1-77.jpg","type":"image\/jpeg"}],"twitter_card":"summary_large_image","twitter_misc":{"Gesch\u00e4tzte Lesezeit":"1\u00a0Minute"},"schema":{"@context":"https:\/\/schema.org","@graph":[{"@type":"WebPage","@id":"https:\/\/www.bagnoitalia.com\/de\/produkt\/mini-hot-tub-180x180-cm-with-8-seats-148-silent-pump-jets-and-mp76-eco-tech-heater.html","url":"https:\/\/www.bagnoitalia.com\/de\/produkt\/mini-hot-tub-180x180-cm-with-8-seats-148-silent-pump-jets-and-mp76-eco-tech-heater.html","name":"Mini-Whirlpool 180 x 180 cm mit 8 Sitzen, 148 leisen Pumpend\u00fcsen und MP76 Eco-Tech-Heizung - Bagno Italia","isPartOf":{"@id":"https:\/\/www.bagnoitalia.com\/de#website"},"primaryImageOfPage":{"@id":"https:\/\/www.bagnoitalia.com\/de\/produkt\/mini-hot-tub-180x180-cm-with-8-seats-148-silent-pump-jets-and-mp76-eco-tech-heater.html#primaryimage"},"image":{"@id":"https:\/\/www.bagnoitalia.com\/de\/produkt\/mini-hot-tub-180x180-cm-with-8-seats-148-silent-pump-jets-and-mp76-eco-tech-heater.html#primaryimage"},"thumbnailUrl":"https:\/\/img.bagnoitalia.com\/wp-content\/uploads\/minipiscina-vasca-idromassaggio-180x180-led.jpg","datePublished":"2025-10-24T14:01:45+00:00","dateModified":"2025-12-15T14:36:17+00:00","breadcrumb":{"@id":"https:\/\/www.bagnoitalia.com\/de\/produkt\/mini-hot-tub-180x180-cm-with-8-seats-148-silent-pump-jets-and-mp76-eco-tech-heater.html#breadcrumb"},"inLanguage":"de","potentialAction":[{"@type":"ReadAction","target":["https:\/\/www.bagnoitalia.com\/de\/produkt\/mini-hot-tub-180x180-cm-with-8-seats-148-silent-pump-jets-and-mp76-eco-tech-heater.html"]}]},{"@type":"ImageObject","inLanguage":"de","@id":"https:\/\/www.bagnoitalia.com\/de\/produkt\/mini-hot-tub-180x180-cm-with-8-seats-148-silent-pump-jets-and-mp76-eco-tech-heater.html#primaryimage","url":"https:\/\/img.bagnoitalia.com\/wp-content\/uploads\/minipiscina-vasca-idromassaggio-180x180-led.jpg","contentUrl":"https:\/\/img.bagnoitalia.com\/wp-content\/uploads\/minipiscina-vasca-idromassaggio-180x180-led.jpg","width":682,"height":682},{"@type":"BreadcrumbList","@id":"https:\/\/www.bagnoitalia.com\/de\/produkt\/mini-hot-tub-180x180-cm-with-8-seats-148-silent-pump-jets-and-mp76-eco-tech-heater.html#breadcrumb","itemListElement":[{"@type":"ListItem","position":1,"name":"Home","item":"https:\/\/www.bagnoitalia.com\/de"},{"@type":"ListItem","position":2,"name":"Produkte","item":"https:\/\/www.bagnoitalia.com\/de\/shop"},{"@type":"ListItem","position":3,"name":"Mini-Whirlpool 180 x 180 cm mit 8 Sitzen, 148 leisen Pumpend\u00fcsen und MP76 Eco-Tech-Heizung"}]},{"@type":"WebSite","@id":"https:\/\/www.bagnoitalia.com\/de#website","url":"https:\/\/www.bagnoitalia.com\/de","name":"Bagno Italia","description":"","publisher":{"@id":"https:\/\/www.bagnoitalia.com\/de#organization"},"potentialAction":[{"@type":"SearchAction","target":{"@type":"EntryPoint","urlTemplate":"https:\/\/www.bagnoitalia.com\/de?s={search_term_string}"},"query-input":{"@type":"PropertyValueSpecification","valueRequired":true,"valueName":"search_term_string"}}],"inLanguage":"de"},{"@type":"Organization","@id":"https:\/\/www.bagnoitalia.com\/de#organization","name":"Bagno Italia","url":"https:\/\/www.bagnoitalia.com\/de","logo":{"@type":"ImageObject","inLanguage":"de","@id":"https:\/\/www.bagnoitalia.com\/de#\/schema\/logo\/image\/","url":"https:\/\/img.bagnoitalia.com\/wp-content\/uploads\/logo-bagnoitalia.webp","contentUrl":"https:\/\/img.bagnoitalia.com\/wp-content\/uploads\/logo-bagnoitalia.webp","width":400,"height":70,"caption":"Bagno Italia"},"image":{"@id":"https:\/\/www.bagnoitalia.com\/de#\/schema\/logo\/image\/"}}]}},"_links":{"self":[{"href":"https:\/\/www.bagnoitalia.com\/de\/wp-json\/wp\/v2\/product\/113731","targetHints":{"allow":["GET"]}}],"collection":[{"href":"https:\/\/www.bagnoitalia.com\/de\/wp-json\/wp\/v2\/product"}],"about":[{"href":"https:\/\/www.bagnoitalia.com\/de\/wp-json\/wp\/v2\/types\/product"}],"replies":[{"embeddable":true,"href":"https:\/\/www.bagnoitalia.com\/de\/wp-json\/wp\/v2\/comments?post=113731"}],"version-history":[{"count":5,"href":"https:\/\/www.bagnoitalia.com\/de\/wp-json\/wp\/v2\/product\/113731\/revisions"}],"predecessor-version":[{"id":115185,"href":"https:\/\/www.bagnoitalia.com\/de\/wp-json\/wp\/v2\/product\/113731\/revisions\/115185"}],"wp:featuredmedia":[{"embeddable":true,"href":"https:\/\/www.bagnoitalia.com\/de\/wp-json\/wp\/v2\/media\/115247"}],"wp:attachment":[{"href":"https:\/\/www.bagnoitalia.com\/de\/wp-json\/wp\/v2\/media?parent=113731"}],"wp:term":[{"taxonomy":"product_brand","embeddable":true,"href":"https:\/\/www.bagnoitalia.com\/de\/wp-json\/wp\/v2\/product_brand?post=113731"},{"taxonomy":"product_cat","embeddable":true,"href":"https:\/\/www.bagnoitalia.com\/de\/wp-json\/wp\/v2\/product_cat?post=113731"},{"taxonomy":"product_tag","embeddable":true,"href":"https:\/\/www.bagnoitalia.com\/de\/wp-json\/wp\/v2\/product_tag?post=113731"}],"curies":[{"name":"wp","href":"https:\/\/api.w.org\/{rel}","templated":true}]}}