{"id":113440,"date":"2025-10-21T15:38:36","date_gmt":"2025-10-21T13:38:36","guid":{"rendered":"https:\/\/www.bagnoitalia.com\/white-console-table-with-metal-frame-and-wooden-top-extendable-from-50-to-275-cm-tl050.html"},"modified":"2025-10-23T16:30:50","modified_gmt":"2025-10-23T14:30:50","slug":"white-console-table-with-metal-frame-and-wooden-top-extendable-from-50-to-275-cm-tl050","status":"publish","type":"product","link":"https:\/\/www.bagnoitalia.com\/de\/produkt\/white-console-table-with-metal-frame-and-wooden-top-extendable-from-50-to-275-cm-tl050.html","title":{"rendered":"Wei\u00dfer Konsolentisch mit Metallgestell und Holzplatte, ausziehbar von 50 bis 275 cm TL070"},"content":{"rendered":"<p>Wei\u00dfer ausziehbarer Tisch 50\u2013275 cm \u201eTL070\u201d<\/p>\n<p>&nbsp;<\/p>\n<p>VERF\u00dcGBARE KONFIGURATIONEN<\/p>\n<p>50 x 90 cm (ohne Verl\u00e4ngerungen)<\/p>\n<p>95 x 90 cm (mit 1 Verl\u00e4ngerung)<\/p>\n<p>140 x 90 cm (mit 2 Verl\u00e4ngerungen)<\/p>\n<p>185 x 90 cm (mit 3 Verl\u00e4ngerungen)<\/p>\n<p>230 x 90 cm (mit 4 Verl\u00e4ngerungen)<\/p>\n<p>275 x 90 cm (mit 5 Verl\u00e4ngerungen)<\/p>\n<p>&nbsp;<\/p>\n<p>PRODUKTDETAILS<\/p>\n<p>Farbe: Wei\u00df<\/p>\n<p>Metallgestell<\/p>\n<p>18 mm starke MDF-Holzplatte<\/p>\n<p>Mindestl\u00e4nge: 50 cm<\/p>\n<p>5 Verl\u00e4ngerungen, jeweils 45 cm lang<\/p>\n<p>Maximale L\u00e4nge: 275 cm<\/p>\n<p>Tiefe: 90 cm<\/p>\n<p>Gesamth\u00f6he: 75 cm<\/p>\n<p>&nbsp;<\/p>\n<p>&nbsp;<\/p>\n<p>&nbsp;<\/p>\n<p>&nbsp;<\/p>\n<p>Hinweis: St\u00fchle sind NICHT im Angebot enthalten.<\/p>\n<p>&nbsp;<\/p>\n<p>&nbsp;<\/p>\n<p>&nbsp;<\/p>\n<p>&nbsp;<\/p>\n<p>&nbsp;<\/p>\n<p>&nbsp;<\/p>\n<p>&nbsp;<\/p>\n<p>&nbsp;<\/p>\n<p>&nbsp;<\/p>\n<p>&nbsp;<\/p>\n<p>&nbsp;<\/p>\n<p>&nbsp;<\/p>\n<p>&nbsp;<\/p>\n<p>&nbsp;<\/p>\n<p>&nbsp;<\/p>\n<p>&nbsp;<\/p>\n<p>Breeze BRZ-27B<\/p>\n","protected":false},"excerpt":{"rendered":"<p>50 cm langer Konsolentisch, komplett in Wei\u00df. Kann dank 5 Verl\u00e4ngerungen \u00e0 45 cm in einen Esstisch umgewandelt werden. Das Gestell besteht aus Metall, w\u00e4hrend die Tischplatte aus MDF-Holz gefertigt ist.<\/p>\n","protected":false},"featured_media":113416,"comment_status":"open","ping_status":"closed","template":"","meta":[],"product_brand":[9883],"product_cat":[10007],"product_tag":[],"class_list":{"0":"post-113440","1":"product","2":"type-product","3":"status-publish","4":"has-post-thumbnail","6":"product_brand-deghi-de","7":"product_cat-tische","9":"first","10":"instock","11":"sale","12":"taxable","13":"shipping-taxable","14":"purchasable","15":"product-type-simple"},"exclude_global_add_ons":[],"addons":[],"yoast_head":"<!-- This site is optimized with the Yoast SEO plugin v26.7 - https:\/\/yoast.com\/wordpress\/plugins\/seo\/ -->\n<title>Wei\u00dfer Konsolentisch mit Metallgestell und Holzplatte, ausziehbar von 50 bis 275 cm TL070 - Bagno Italia<\/title>\n<meta name=\"robots\" content=\"index, follow, max-snippet:-1, max-image-preview:large, max-video-preview:-1\" \/>\n<link rel=\"canonical\" href=\"https:\/\/www.bagnoitalia.com\/de\/produkt\/white-console-table-with-metal-frame-and-wooden-top-extendable-from-50-to-275-cm-tl050.html\" \/>\n<meta property=\"og:locale\" content=\"de_DE\" \/>\n<meta property=\"og:type\" content=\"article\" \/>\n<meta property=\"og:title\" content=\"Wei\u00dfer Konsolentisch mit Metallgestell und Holzplatte, ausziehbar von 50 bis 275 cm TL070 - Bagno Italia\" \/>\n<meta property=\"og:description\" content=\"50 cm langer Konsolentisch, komplett in Wei\u00df. Kann dank 5 Verl\u00e4ngerungen \u00e0 45 cm in einen Esstisch umgewandelt werden. Das Gestell besteht aus Metall, w\u00e4hrend die Tischplatte aus MDF-Holz gefertigt ist.\" \/>\n<meta property=\"og:url\" content=\"https:\/\/www.bagnoitalia.com\/de\/produkt\/white-console-table-with-metal-frame-and-wooden-top-extendable-from-50-to-275-cm-tl050.html\" \/>\n<meta property=\"og:site_name\" content=\"Bagno Italia\" \/>\n<meta property=\"article:modified_time\" content=\"2025-10-23T14:30:50+00:00\" \/>\n<meta property=\"og:image\" content=\"https:\/\/img.bagnoitalia.com\/wp-content\/uploads\/1-74.jpg\" \/>\n\t<meta property=\"og:image:width\" content=\"1000\" \/>\n\t<meta property=\"og:image:height\" content=\"1000\" \/>\n\t<meta property=\"og:image:type\" content=\"image\/jpeg\" \/>\n<meta name=\"twitter:card\" content=\"summary_large_image\" \/>\n<meta name=\"twitter:label1\" content=\"Gesch\u00e4tzte Lesezeit\" \/>\n\t<meta name=\"twitter:data1\" content=\"1\u00a0Minute\" \/>\n<script type=\"application\/ld+json\" class=\"yoast-schema-graph\">{\"@context\":\"https:\/\/schema.org\",\"@graph\":[{\"@type\":\"WebPage\",\"@id\":\"https:\/\/www.bagnoitalia.com\/de\/produkt\/white-console-table-with-metal-frame-and-wooden-top-extendable-from-50-to-275-cm-tl050.html\",\"url\":\"https:\/\/www.bagnoitalia.com\/de\/produkt\/white-console-table-with-metal-frame-and-wooden-top-extendable-from-50-to-275-cm-tl050.html\",\"name\":\"Wei\u00dfer Konsolentisch mit Metallgestell und Holzplatte, ausziehbar von 50 bis 275 cm TL070 - Bagno Italia\",\"isPartOf\":{\"@id\":\"https:\/\/www.bagnoitalia.com\/de#website\"},\"primaryImageOfPage\":{\"@id\":\"https:\/\/www.bagnoitalia.com\/de\/produkt\/white-console-table-with-metal-frame-and-wooden-top-extendable-from-50-to-275-cm-tl050.html#primaryimage\"},\"image\":{\"@id\":\"https:\/\/www.bagnoitalia.com\/de\/produkt\/white-console-table-with-metal-frame-and-wooden-top-extendable-from-50-to-275-cm-tl050.html#primaryimage\"},\"thumbnailUrl\":\"https:\/\/img.bagnoitalia.com\/wp-content\/uploads\/1-74.jpg\",\"datePublished\":\"2025-10-21T13:38:36+00:00\",\"dateModified\":\"2025-10-23T14:30:50+00:00\",\"breadcrumb\":{\"@id\":\"https:\/\/www.bagnoitalia.com\/de\/produkt\/white-console-table-with-metal-frame-and-wooden-top-extendable-from-50-to-275-cm-tl050.html#breadcrumb\"},\"inLanguage\":\"de\",\"potentialAction\":[{\"@type\":\"ReadAction\",\"target\":[\"https:\/\/www.bagnoitalia.com\/de\/produkt\/white-console-table-with-metal-frame-and-wooden-top-extendable-from-50-to-275-cm-tl050.html\"]}]},{\"@type\":\"ImageObject\",\"inLanguage\":\"de\",\"@id\":\"https:\/\/www.bagnoitalia.com\/de\/produkt\/white-console-table-with-metal-frame-and-wooden-top-extendable-from-50-to-275-cm-tl050.html#primaryimage\",\"url\":\"https:\/\/img.bagnoitalia.com\/wp-content\/uploads\/1-74.jpg\",\"contentUrl\":\"https:\/\/img.bagnoitalia.com\/wp-content\/uploads\/1-74.jpg\",\"width\":1000,\"height\":1000},{\"@type\":\"BreadcrumbList\",\"@id\":\"https:\/\/www.bagnoitalia.com\/de\/produkt\/white-console-table-with-metal-frame-and-wooden-top-extendable-from-50-to-275-cm-tl050.html#breadcrumb\",\"itemListElement\":[{\"@type\":\"ListItem\",\"position\":1,\"name\":\"Home\",\"item\":\"https:\/\/www.bagnoitalia.com\/de\"},{\"@type\":\"ListItem\",\"position\":2,\"name\":\"Produkte\",\"item\":\"https:\/\/www.bagnoitalia.com\/de\/shop\"},{\"@type\":\"ListItem\",\"position\":3,\"name\":\"Wei\u00dfer Konsolentisch mit Metallgestell und Holzplatte, ausziehbar von 50 bis 275 cm TL070\"}]},{\"@type\":\"WebSite\",\"@id\":\"https:\/\/www.bagnoitalia.com\/de#website\",\"url\":\"https:\/\/www.bagnoitalia.com\/de\",\"name\":\"Bagno Italia\",\"description\":\"\",\"publisher\":{\"@id\":\"https:\/\/www.bagnoitalia.com\/de#organization\"},\"potentialAction\":[{\"@type\":\"SearchAction\",\"target\":{\"@type\":\"EntryPoint\",\"urlTemplate\":\"https:\/\/www.bagnoitalia.com\/de?s={search_term_string}\"},\"query-input\":{\"@type\":\"PropertyValueSpecification\",\"valueRequired\":true,\"valueName\":\"search_term_string\"}}],\"inLanguage\":\"de\"},{\"@type\":\"Organization\",\"@id\":\"https:\/\/www.bagnoitalia.com\/de#organization\",\"name\":\"Bagno Italia\",\"url\":\"https:\/\/www.bagnoitalia.com\/de\",\"logo\":{\"@type\":\"ImageObject\",\"inLanguage\":\"de\",\"@id\":\"https:\/\/www.bagnoitalia.com\/de#\/schema\/logo\/image\/\",\"url\":\"https:\/\/img.bagnoitalia.com\/wp-content\/uploads\/logo-bagnoitalia.webp\",\"contentUrl\":\"https:\/\/img.bagnoitalia.com\/wp-content\/uploads\/logo-bagnoitalia.webp\",\"width\":400,\"height\":70,\"caption\":\"Bagno Italia\"},\"image\":{\"@id\":\"https:\/\/www.bagnoitalia.com\/de#\/schema\/logo\/image\/\"}}]}<\/script>\n<!-- \/ Yoast SEO plugin. -->","yoast_head_json":{"title":"Wei\u00dfer Konsolentisch mit Metallgestell und Holzplatte, ausziehbar von 50 bis 275 cm TL070 - Bagno Italia","robots":{"index":"index","follow":"follow","max-snippet":"max-snippet:-1","max-image-preview":"max-image-preview:large","max-video-preview":"max-video-preview:-1"},"canonical":"https:\/\/www.bagnoitalia.com\/de\/produkt\/white-console-table-with-metal-frame-and-wooden-top-extendable-from-50-to-275-cm-tl050.html","og_locale":"de_DE","og_type":"article","og_title":"Wei\u00dfer Konsolentisch mit Metallgestell und Holzplatte, ausziehbar von 50 bis 275 cm TL070 - Bagno Italia","og_description":"50 cm langer Konsolentisch, komplett in Wei\u00df. Kann dank 5 Verl\u00e4ngerungen \u00e0 45 cm in einen Esstisch umgewandelt werden. Das Gestell besteht aus Metall, w\u00e4hrend die Tischplatte aus MDF-Holz gefertigt ist.","og_url":"https:\/\/www.bagnoitalia.com\/de\/produkt\/white-console-table-with-metal-frame-and-wooden-top-extendable-from-50-to-275-cm-tl050.html","og_site_name":"Bagno Italia","article_modified_time":"2025-10-23T14:30:50+00:00","og_image":[{"width":1000,"height":1000,"url":"https:\/\/img.bagnoitalia.com\/wp-content\/uploads\/1-74.jpg","type":"image\/jpeg"}],"twitter_card":"summary_large_image","twitter_misc":{"Gesch\u00e4tzte Lesezeit":"1\u00a0Minute"},"schema":{"@context":"https:\/\/schema.org","@graph":[{"@type":"WebPage","@id":"https:\/\/www.bagnoitalia.com\/de\/produkt\/white-console-table-with-metal-frame-and-wooden-top-extendable-from-50-to-275-cm-tl050.html","url":"https:\/\/www.bagnoitalia.com\/de\/produkt\/white-console-table-with-metal-frame-and-wooden-top-extendable-from-50-to-275-cm-tl050.html","name":"Wei\u00dfer Konsolentisch mit Metallgestell und Holzplatte, ausziehbar von 50 bis 275 cm TL070 - Bagno Italia","isPartOf":{"@id":"https:\/\/www.bagnoitalia.com\/de#website"},"primaryImageOfPage":{"@id":"https:\/\/www.bagnoitalia.com\/de\/produkt\/white-console-table-with-metal-frame-and-wooden-top-extendable-from-50-to-275-cm-tl050.html#primaryimage"},"image":{"@id":"https:\/\/www.bagnoitalia.com\/de\/produkt\/white-console-table-with-metal-frame-and-wooden-top-extendable-from-50-to-275-cm-tl050.html#primaryimage"},"thumbnailUrl":"https:\/\/img.bagnoitalia.com\/wp-content\/uploads\/1-74.jpg","datePublished":"2025-10-21T13:38:36+00:00","dateModified":"2025-10-23T14:30:50+00:00","breadcrumb":{"@id":"https:\/\/www.bagnoitalia.com\/de\/produkt\/white-console-table-with-metal-frame-and-wooden-top-extendable-from-50-to-275-cm-tl050.html#breadcrumb"},"inLanguage":"de","potentialAction":[{"@type":"ReadAction","target":["https:\/\/www.bagnoitalia.com\/de\/produkt\/white-console-table-with-metal-frame-and-wooden-top-extendable-from-50-to-275-cm-tl050.html"]}]},{"@type":"ImageObject","inLanguage":"de","@id":"https:\/\/www.bagnoitalia.com\/de\/produkt\/white-console-table-with-metal-frame-and-wooden-top-extendable-from-50-to-275-cm-tl050.html#primaryimage","url":"https:\/\/img.bagnoitalia.com\/wp-content\/uploads\/1-74.jpg","contentUrl":"https:\/\/img.bagnoitalia.com\/wp-content\/uploads\/1-74.jpg","width":1000,"height":1000},{"@type":"BreadcrumbList","@id":"https:\/\/www.bagnoitalia.com\/de\/produkt\/white-console-table-with-metal-frame-and-wooden-top-extendable-from-50-to-275-cm-tl050.html#breadcrumb","itemListElement":[{"@type":"ListItem","position":1,"name":"Home","item":"https:\/\/www.bagnoitalia.com\/de"},{"@type":"ListItem","position":2,"name":"Produkte","item":"https:\/\/www.bagnoitalia.com\/de\/shop"},{"@type":"ListItem","position":3,"name":"Wei\u00dfer Konsolentisch mit Metallgestell und Holzplatte, ausziehbar von 50 bis 275 cm TL070"}]},{"@type":"WebSite","@id":"https:\/\/www.bagnoitalia.com\/de#website","url":"https:\/\/www.bagnoitalia.com\/de","name":"Bagno Italia","description":"","publisher":{"@id":"https:\/\/www.bagnoitalia.com\/de#organization"},"potentialAction":[{"@type":"SearchAction","target":{"@type":"EntryPoint","urlTemplate":"https:\/\/www.bagnoitalia.com\/de?s={search_term_string}"},"query-input":{"@type":"PropertyValueSpecification","valueRequired":true,"valueName":"search_term_string"}}],"inLanguage":"de"},{"@type":"Organization","@id":"https:\/\/www.bagnoitalia.com\/de#organization","name":"Bagno Italia","url":"https:\/\/www.bagnoitalia.com\/de","logo":{"@type":"ImageObject","inLanguage":"de","@id":"https:\/\/www.bagnoitalia.com\/de#\/schema\/logo\/image\/","url":"https:\/\/img.bagnoitalia.com\/wp-content\/uploads\/logo-bagnoitalia.webp","contentUrl":"https:\/\/img.bagnoitalia.com\/wp-content\/uploads\/logo-bagnoitalia.webp","width":400,"height":70,"caption":"Bagno Italia"},"image":{"@id":"https:\/\/www.bagnoitalia.com\/de#\/schema\/logo\/image\/"}}]}},"_links":{"self":[{"href":"https:\/\/www.bagnoitalia.com\/de\/wp-json\/wp\/v2\/product\/113440","targetHints":{"allow":["GET"]}}],"collection":[{"href":"https:\/\/www.bagnoitalia.com\/de\/wp-json\/wp\/v2\/product"}],"about":[{"href":"https:\/\/www.bagnoitalia.com\/de\/wp-json\/wp\/v2\/types\/product"}],"replies":[{"embeddable":true,"href":"https:\/\/www.bagnoitalia.com\/de\/wp-json\/wp\/v2\/comments?post=113440"}],"version-history":[{"count":3,"href":"https:\/\/www.bagnoitalia.com\/de\/wp-json\/wp\/v2\/product\/113440\/revisions"}],"predecessor-version":[{"id":113650,"href":"https:\/\/www.bagnoitalia.com\/de\/wp-json\/wp\/v2\/product\/113440\/revisions\/113650"}],"wp:featuredmedia":[{"embeddable":true,"href":"https:\/\/www.bagnoitalia.com\/de\/wp-json\/wp\/v2\/media\/113416"}],"wp:attachment":[{"href":"https:\/\/www.bagnoitalia.com\/de\/wp-json\/wp\/v2\/media?parent=113440"}],"wp:term":[{"taxonomy":"product_brand","embeddable":true,"href":"https:\/\/www.bagnoitalia.com\/de\/wp-json\/wp\/v2\/product_brand?post=113440"},{"taxonomy":"product_cat","embeddable":true,"href":"https:\/\/www.bagnoitalia.com\/de\/wp-json\/wp\/v2\/product_cat?post=113440"},{"taxonomy":"product_tag","embeddable":true,"href":"https:\/\/www.bagnoitalia.com\/de\/wp-json\/wp\/v2\/product_tag?post=113440"}],"curies":[{"name":"wp","href":"https:\/\/api.w.org\/{rel}","templated":true}]}}