{"id":113325,"date":"2025-10-21T14:52:04","date_gmt":"2025-10-21T12:52:04","guid":{"rendered":"https:\/\/www.bagnoitalia.com\/anthracite-coloured-console-table-50-cm-extendable-up-to-185-cm-tl047.html"},"modified":"2025-10-23T16:27:51","modified_gmt":"2025-10-23T14:27:51","slug":"anthracite-coloured-console-table-50-cm-extendable-up-to-185-cm-tl047","status":"publish","type":"product","link":"https:\/\/www.bagnoitalia.com\/de\/produkt\/anthracite-coloured-console-table-50-cm-extendable-up-to-185-cm-tl047.html","title":{"rendered":"Anthrazitfarbener Konsolentisch, 50 cm, ausziehbar bis zu 185 cm TL067"},"content":{"rendered":"<p>Anthrazitfarbener Konsolentisch 50\u2013185 cm \u201eTL067\u201d<\/p>\n<p>&nbsp;<\/p>\n<p>EIGENSCHAFTEN<\/p>\n<p>Konsolentisch 50 x 90 cm, der in folgende Konfigurationen umgebaut werden kann:<\/p>\n<p>95 x 90 cm (durch Hinzuf\u00fcgen von 1 Verl\u00e4ngerung)<\/p>\n<p>140 x 90 cm (durch Hinzuf\u00fcgen von 2 Verl\u00e4ngerungen)<\/p>\n<p>185 x 90 cm (durch Hinzuf\u00fcgen von 3 Verl\u00e4ngerungen)<\/p>\n<p>Mindestl\u00e4nge 50 cm<\/p>\n<p>3 Verl\u00e4ngerungen, jeweils 45 cm lang<\/p>\n<p>Maximale L\u00e4nge 275 cm<\/p>\n<p>Tiefe 90 cm<\/p>\n<p>Gesamth\u00f6he 75 cm<\/p>\n<p>Metallgestell<\/p>\n<p>Gestellfarbe: Anthrazit<\/p>\n<p>Tischplatte aus MDF-Holz<\/p>\n<p>Tischplattenfarbe: Anthrazit<\/p>\n<p>&nbsp;<\/p>\n<p>&nbsp;<\/p>\n<p>&nbsp;<\/p>\n<p>&nbsp;<\/p>\n<p>&nbsp;<\/p>\n<p>&nbsp;<\/p>\n<p>&nbsp;<\/p>\n<p>&nbsp;<\/p>\n<p>&nbsp;<\/p>\n<p>&nbsp;<\/p>\n<p>&nbsp;<\/p>\n<p>&nbsp;<\/p>\n<p>&nbsp;<\/p>\n<p>Breeze BRZ-18A<\/p>\n","protected":false},"excerpt":{"rendered":"<p>50 cm gro\u00dfer rechteckiger Couchtisch, der dank drei 45 cm langen Verl\u00e4ngerungen in einen Tisch f\u00fcr 4-6-8 Personen umgewandelt werden kann. Die Struktur ist anthrazitfarben, mit Metallbeinen und einer Holzplatte.<\/p>\n","protected":false},"featured_media":113305,"comment_status":"open","ping_status":"closed","template":"","meta":[],"product_brand":[9883],"product_cat":[10007],"product_tag":[],"class_list":{"0":"post-113325","1":"product","2":"type-product","3":"status-publish","4":"has-post-thumbnail","6":"product_brand-deghi-de","7":"product_cat-tische","9":"first","10":"instock","11":"sale","12":"taxable","13":"shipping-taxable","14":"purchasable","15":"product-type-simple"},"exclude_global_add_ons":[],"addons":[],"yoast_head":"<!-- This site is optimized with the Yoast SEO plugin v26.7 - https:\/\/yoast.com\/wordpress\/plugins\/seo\/ -->\n<title>Anthrazitfarbener Konsolentisch, 50 cm, ausziehbar bis zu 185 cm TL067 - Bagno Italia<\/title>\n<meta name=\"robots\" content=\"index, follow, max-snippet:-1, max-image-preview:large, max-video-preview:-1\" \/>\n<link rel=\"canonical\" href=\"https:\/\/www.bagnoitalia.com\/de\/produkt\/anthracite-coloured-console-table-50-cm-extendable-up-to-185-cm-tl047.html\" \/>\n<meta property=\"og:locale\" content=\"de_DE\" \/>\n<meta property=\"og:type\" content=\"article\" \/>\n<meta property=\"og:title\" content=\"Anthrazitfarbener Konsolentisch, 50 cm, ausziehbar bis zu 185 cm TL067 - Bagno Italia\" \/>\n<meta property=\"og:description\" content=\"50 cm gro\u00dfer rechteckiger Couchtisch, der dank drei 45 cm langen Verl\u00e4ngerungen in einen Tisch f\u00fcr 4-6-8 Personen umgewandelt werden kann. Die Struktur ist anthrazitfarben, mit Metallbeinen und einer Holzplatte.\" \/>\n<meta property=\"og:url\" content=\"https:\/\/www.bagnoitalia.com\/de\/produkt\/anthracite-coloured-console-table-50-cm-extendable-up-to-185-cm-tl047.html\" \/>\n<meta property=\"og:site_name\" content=\"Bagno Italia\" \/>\n<meta property=\"article:modified_time\" content=\"2025-10-23T14:27:51+00:00\" \/>\n<meta property=\"og:image\" content=\"https:\/\/img.bagnoitalia.com\/wp-content\/uploads\/1-71.jpg\" \/>\n\t<meta property=\"og:image:width\" content=\"1000\" \/>\n\t<meta property=\"og:image:height\" content=\"1000\" \/>\n\t<meta property=\"og:image:type\" content=\"image\/jpeg\" \/>\n<meta name=\"twitter:card\" content=\"summary_large_image\" \/>\n<meta name=\"twitter:label1\" content=\"Gesch\u00e4tzte Lesezeit\" \/>\n\t<meta name=\"twitter:data1\" content=\"1\u00a0Minute\" \/>\n<script type=\"application\/ld+json\" class=\"yoast-schema-graph\">{\"@context\":\"https:\/\/schema.org\",\"@graph\":[{\"@type\":\"WebPage\",\"@id\":\"https:\/\/www.bagnoitalia.com\/de\/produkt\/anthracite-coloured-console-table-50-cm-extendable-up-to-185-cm-tl047.html\",\"url\":\"https:\/\/www.bagnoitalia.com\/de\/produkt\/anthracite-coloured-console-table-50-cm-extendable-up-to-185-cm-tl047.html\",\"name\":\"Anthrazitfarbener Konsolentisch, 50 cm, ausziehbar bis zu 185 cm TL067 - Bagno Italia\",\"isPartOf\":{\"@id\":\"https:\/\/www.bagnoitalia.com\/de#website\"},\"primaryImageOfPage\":{\"@id\":\"https:\/\/www.bagnoitalia.com\/de\/produkt\/anthracite-coloured-console-table-50-cm-extendable-up-to-185-cm-tl047.html#primaryimage\"},\"image\":{\"@id\":\"https:\/\/www.bagnoitalia.com\/de\/produkt\/anthracite-coloured-console-table-50-cm-extendable-up-to-185-cm-tl047.html#primaryimage\"},\"thumbnailUrl\":\"https:\/\/img.bagnoitalia.com\/wp-content\/uploads\/1-71.jpg\",\"datePublished\":\"2025-10-21T12:52:04+00:00\",\"dateModified\":\"2025-10-23T14:27:51+00:00\",\"breadcrumb\":{\"@id\":\"https:\/\/www.bagnoitalia.com\/de\/produkt\/anthracite-coloured-console-table-50-cm-extendable-up-to-185-cm-tl047.html#breadcrumb\"},\"inLanguage\":\"de\",\"potentialAction\":[{\"@type\":\"ReadAction\",\"target\":[\"https:\/\/www.bagnoitalia.com\/de\/produkt\/anthracite-coloured-console-table-50-cm-extendable-up-to-185-cm-tl047.html\"]}]},{\"@type\":\"ImageObject\",\"inLanguage\":\"de\",\"@id\":\"https:\/\/www.bagnoitalia.com\/de\/produkt\/anthracite-coloured-console-table-50-cm-extendable-up-to-185-cm-tl047.html#primaryimage\",\"url\":\"https:\/\/img.bagnoitalia.com\/wp-content\/uploads\/1-71.jpg\",\"contentUrl\":\"https:\/\/img.bagnoitalia.com\/wp-content\/uploads\/1-71.jpg\",\"width\":1000,\"height\":1000},{\"@type\":\"BreadcrumbList\",\"@id\":\"https:\/\/www.bagnoitalia.com\/de\/produkt\/anthracite-coloured-console-table-50-cm-extendable-up-to-185-cm-tl047.html#breadcrumb\",\"itemListElement\":[{\"@type\":\"ListItem\",\"position\":1,\"name\":\"Home\",\"item\":\"https:\/\/www.bagnoitalia.com\/de\"},{\"@type\":\"ListItem\",\"position\":2,\"name\":\"Produkte\",\"item\":\"https:\/\/www.bagnoitalia.com\/de\/shop\"},{\"@type\":\"ListItem\",\"position\":3,\"name\":\"Anthrazitfarbener Konsolentisch, 50 cm, ausziehbar bis zu 185 cm TL067\"}]},{\"@type\":\"WebSite\",\"@id\":\"https:\/\/www.bagnoitalia.com\/de#website\",\"url\":\"https:\/\/www.bagnoitalia.com\/de\",\"name\":\"Bagno Italia\",\"description\":\"\",\"publisher\":{\"@id\":\"https:\/\/www.bagnoitalia.com\/de#organization\"},\"potentialAction\":[{\"@type\":\"SearchAction\",\"target\":{\"@type\":\"EntryPoint\",\"urlTemplate\":\"https:\/\/www.bagnoitalia.com\/de?s={search_term_string}\"},\"query-input\":{\"@type\":\"PropertyValueSpecification\",\"valueRequired\":true,\"valueName\":\"search_term_string\"}}],\"inLanguage\":\"de\"},{\"@type\":\"Organization\",\"@id\":\"https:\/\/www.bagnoitalia.com\/de#organization\",\"name\":\"Bagno Italia\",\"url\":\"https:\/\/www.bagnoitalia.com\/de\",\"logo\":{\"@type\":\"ImageObject\",\"inLanguage\":\"de\",\"@id\":\"https:\/\/www.bagnoitalia.com\/de#\/schema\/logo\/image\/\",\"url\":\"https:\/\/img.bagnoitalia.com\/wp-content\/uploads\/logo-bagnoitalia.webp\",\"contentUrl\":\"https:\/\/img.bagnoitalia.com\/wp-content\/uploads\/logo-bagnoitalia.webp\",\"width\":400,\"height\":70,\"caption\":\"Bagno Italia\"},\"image\":{\"@id\":\"https:\/\/www.bagnoitalia.com\/de#\/schema\/logo\/image\/\"}}]}<\/script>\n<!-- \/ Yoast SEO plugin. -->","yoast_head_json":{"title":"Anthrazitfarbener Konsolentisch, 50 cm, ausziehbar bis zu 185 cm TL067 - Bagno Italia","robots":{"index":"index","follow":"follow","max-snippet":"max-snippet:-1","max-image-preview":"max-image-preview:large","max-video-preview":"max-video-preview:-1"},"canonical":"https:\/\/www.bagnoitalia.com\/de\/produkt\/anthracite-coloured-console-table-50-cm-extendable-up-to-185-cm-tl047.html","og_locale":"de_DE","og_type":"article","og_title":"Anthrazitfarbener Konsolentisch, 50 cm, ausziehbar bis zu 185 cm TL067 - Bagno Italia","og_description":"50 cm gro\u00dfer rechteckiger Couchtisch, der dank drei 45 cm langen Verl\u00e4ngerungen in einen Tisch f\u00fcr 4-6-8 Personen umgewandelt werden kann. Die Struktur ist anthrazitfarben, mit Metallbeinen und einer Holzplatte.","og_url":"https:\/\/www.bagnoitalia.com\/de\/produkt\/anthracite-coloured-console-table-50-cm-extendable-up-to-185-cm-tl047.html","og_site_name":"Bagno Italia","article_modified_time":"2025-10-23T14:27:51+00:00","og_image":[{"width":1000,"height":1000,"url":"https:\/\/img.bagnoitalia.com\/wp-content\/uploads\/1-71.jpg","type":"image\/jpeg"}],"twitter_card":"summary_large_image","twitter_misc":{"Gesch\u00e4tzte Lesezeit":"1\u00a0Minute"},"schema":{"@context":"https:\/\/schema.org","@graph":[{"@type":"WebPage","@id":"https:\/\/www.bagnoitalia.com\/de\/produkt\/anthracite-coloured-console-table-50-cm-extendable-up-to-185-cm-tl047.html","url":"https:\/\/www.bagnoitalia.com\/de\/produkt\/anthracite-coloured-console-table-50-cm-extendable-up-to-185-cm-tl047.html","name":"Anthrazitfarbener Konsolentisch, 50 cm, ausziehbar bis zu 185 cm TL067 - Bagno Italia","isPartOf":{"@id":"https:\/\/www.bagnoitalia.com\/de#website"},"primaryImageOfPage":{"@id":"https:\/\/www.bagnoitalia.com\/de\/produkt\/anthracite-coloured-console-table-50-cm-extendable-up-to-185-cm-tl047.html#primaryimage"},"image":{"@id":"https:\/\/www.bagnoitalia.com\/de\/produkt\/anthracite-coloured-console-table-50-cm-extendable-up-to-185-cm-tl047.html#primaryimage"},"thumbnailUrl":"https:\/\/img.bagnoitalia.com\/wp-content\/uploads\/1-71.jpg","datePublished":"2025-10-21T12:52:04+00:00","dateModified":"2025-10-23T14:27:51+00:00","breadcrumb":{"@id":"https:\/\/www.bagnoitalia.com\/de\/produkt\/anthracite-coloured-console-table-50-cm-extendable-up-to-185-cm-tl047.html#breadcrumb"},"inLanguage":"de","potentialAction":[{"@type":"ReadAction","target":["https:\/\/www.bagnoitalia.com\/de\/produkt\/anthracite-coloured-console-table-50-cm-extendable-up-to-185-cm-tl047.html"]}]},{"@type":"ImageObject","inLanguage":"de","@id":"https:\/\/www.bagnoitalia.com\/de\/produkt\/anthracite-coloured-console-table-50-cm-extendable-up-to-185-cm-tl047.html#primaryimage","url":"https:\/\/img.bagnoitalia.com\/wp-content\/uploads\/1-71.jpg","contentUrl":"https:\/\/img.bagnoitalia.com\/wp-content\/uploads\/1-71.jpg","width":1000,"height":1000},{"@type":"BreadcrumbList","@id":"https:\/\/www.bagnoitalia.com\/de\/produkt\/anthracite-coloured-console-table-50-cm-extendable-up-to-185-cm-tl047.html#breadcrumb","itemListElement":[{"@type":"ListItem","position":1,"name":"Home","item":"https:\/\/www.bagnoitalia.com\/de"},{"@type":"ListItem","position":2,"name":"Produkte","item":"https:\/\/www.bagnoitalia.com\/de\/shop"},{"@type":"ListItem","position":3,"name":"Anthrazitfarbener Konsolentisch, 50 cm, ausziehbar bis zu 185 cm TL067"}]},{"@type":"WebSite","@id":"https:\/\/www.bagnoitalia.com\/de#website","url":"https:\/\/www.bagnoitalia.com\/de","name":"Bagno Italia","description":"","publisher":{"@id":"https:\/\/www.bagnoitalia.com\/de#organization"},"potentialAction":[{"@type":"SearchAction","target":{"@type":"EntryPoint","urlTemplate":"https:\/\/www.bagnoitalia.com\/de?s={search_term_string}"},"query-input":{"@type":"PropertyValueSpecification","valueRequired":true,"valueName":"search_term_string"}}],"inLanguage":"de"},{"@type":"Organization","@id":"https:\/\/www.bagnoitalia.com\/de#organization","name":"Bagno Italia","url":"https:\/\/www.bagnoitalia.com\/de","logo":{"@type":"ImageObject","inLanguage":"de","@id":"https:\/\/www.bagnoitalia.com\/de#\/schema\/logo\/image\/","url":"https:\/\/img.bagnoitalia.com\/wp-content\/uploads\/logo-bagnoitalia.webp","contentUrl":"https:\/\/img.bagnoitalia.com\/wp-content\/uploads\/logo-bagnoitalia.webp","width":400,"height":70,"caption":"Bagno Italia"},"image":{"@id":"https:\/\/www.bagnoitalia.com\/de#\/schema\/logo\/image\/"}}]}},"_links":{"self":[{"href":"https:\/\/www.bagnoitalia.com\/de\/wp-json\/wp\/v2\/product\/113325","targetHints":{"allow":["GET"]}}],"collection":[{"href":"https:\/\/www.bagnoitalia.com\/de\/wp-json\/wp\/v2\/product"}],"about":[{"href":"https:\/\/www.bagnoitalia.com\/de\/wp-json\/wp\/v2\/types\/product"}],"replies":[{"embeddable":true,"href":"https:\/\/www.bagnoitalia.com\/de\/wp-json\/wp\/v2\/comments?post=113325"}],"version-history":[{"count":3,"href":"https:\/\/www.bagnoitalia.com\/de\/wp-json\/wp\/v2\/product\/113325\/revisions"}],"predecessor-version":[{"id":113627,"href":"https:\/\/www.bagnoitalia.com\/de\/wp-json\/wp\/v2\/product\/113325\/revisions\/113627"}],"wp:featuredmedia":[{"embeddable":true,"href":"https:\/\/www.bagnoitalia.com\/de\/wp-json\/wp\/v2\/media\/113305"}],"wp:attachment":[{"href":"https:\/\/www.bagnoitalia.com\/de\/wp-json\/wp\/v2\/media?parent=113325"}],"wp:term":[{"taxonomy":"product_brand","embeddable":true,"href":"https:\/\/www.bagnoitalia.com\/de\/wp-json\/wp\/v2\/product_brand?post=113325"},{"taxonomy":"product_cat","embeddable":true,"href":"https:\/\/www.bagnoitalia.com\/de\/wp-json\/wp\/v2\/product_cat?post=113325"},{"taxonomy":"product_tag","embeddable":true,"href":"https:\/\/www.bagnoitalia.com\/de\/wp-json\/wp\/v2\/product_tag?post=113325"}],"curies":[{"name":"wp","href":"https:\/\/api.w.org\/{rel}","templated":true}]}}