{"id":112052,"date":"2025-09-29T15:34:44","date_gmt":"2025-09-29T13:34:44","guid":{"rendered":"https:\/\/www.bagnoitalia.com\/lion6-120-cm-wall-mounted-bathroom-cabinet-with-right-or-left-hand-washbasin-2-drawers-and-1-door.html"},"modified":"2025-09-29T15:42:42","modified_gmt":"2025-09-29T13:42:42","slug":"lion6-120-cm-wall-mounted-bathroom-cabinet-with-right-or-left-hand-washbasin-2-drawers-and-1-door","status":"publish","type":"product","link":"https:\/\/www.bagnoitalia.com\/de\/produkt\/lion6-120-cm-wall-mounted-bathroom-cabinet-with-right-or-left-hand-washbasin-2-drawers-and-1-door.html","title":{"rendered":"Lion6 120 cm Wand-Badezimmerschrank mit Waschbecken rechts oder links, 2 Schubladen und 1 T\u00fcr"},"content":{"rendered":"<p>Badezimmerschrank \u201eLion6\u201d 120 cm, 2 Schubladen + 1 T\u00fcr<\/p>\n<p>&nbsp;<\/p>\n<p>PRODUKTDETAILS<\/p>\n<p>Wandmontierter Badezimmerschrank 120 x T 45 x H 54 cm<\/p>\n<p>Rechteckiger, beidseitig verwendbarer Spiegel, 120 x 70 cm<\/p>\n<p>Hochgl\u00e4nzendes wei\u00dfes Keramikwaschbecken, mit Beckenversatz nach RECHTS oder LINKS<\/p>\n<p>Mit \u00dcberlaufloch<\/p>\n<p>Mit Hahnloch (Mischbatterie NICHT im Preis inbegriffen)<\/p>\n<p>MDF-Unterschrank, bestehend aus zwei Schubladen und einer T\u00fcr<\/p>\n<p>Aluminiumgriffe<\/p>\n<p>Soft-Close-Mechanismus<\/p>\n<p>Schubladenfronten mit Rippeneffekt, T\u00fcr mit matter Oberfl\u00e4che<\/p>\n<p>M\u00f6belst\u00fcck in einfarbig oder zweifarbig erh\u00e4ltlich, mit einer Auswahl der folgenden Optionen:<\/p>\n<p>Afrikanische Eiche<\/p>\n<p>Maya-Nussbaum<\/p>\n<p>Mattwei\u00df<\/p>\n<p>Terrarossa<\/p>\n<p>Waldgr\u00fcn<\/p>\n<p>Afrikanische Eiche mit SCHWARZER T\u00dcR<\/p>\n<p>Maya-Nussbaum mit SCHWARZER T\u00dcR<\/p>\n<p>Mattwei\u00df mit SCHWARZER T\u00dcR<\/p>\n<p>Terrarossa mit SCHWARZER T\u00dcR<\/p>\n<p>Waldgr\u00fcn mit SCHWARZER T\u00dcR<\/p>\n<p>Die Wandleuchte ist nicht im Preis inbegriffen, kann aber \u00fcber das Dropdown-Men\u00fc oben hinzugef\u00fcgt werden.<\/p>\n<p>\u00dcBER DAS DROP-DOWN-MEN\u00dc k\u00f6nnen Sie auch eine passende H\u00e4nges\u00e4ule mit den Ma\u00dfen 35 x 35 x 160 cm, 2 T\u00fcren (Push&amp;Pull) und Innenregalen hinzuf\u00fcgen.<\/p>\n<p>&nbsp;<\/p>\n<p>&nbsp;<\/p>\n<p>&nbsp;<\/p>\n<p>&nbsp;<\/p>\n<p>&nbsp;<\/p>\n<p>&nbsp;<\/p>\n<p>&nbsp;<\/p>\n<p>Lameck<\/p>\n","protected":false},"excerpt":{"rendered":"<p>Wandmontierter Badezimmerschrank, erh\u00e4ltlich mit nach rechts oder links versetztem Waschbecken. Erh\u00e4ltlich in 5 Farben, mit passender oder schwarzer T\u00fcr. Unterschrank bestehend aus zwei Schubladen mit geriffelten Fronten und einer satinierten T\u00fcr. Spiegel im Preis inbegriffen.<\/p>\n","protected":false},"featured_media":111932,"comment_status":"open","ping_status":"closed","template":"","meta":[],"product_brand":[9883],"product_cat":[9724],"product_tag":[],"class_list":{"0":"post-112052","1":"product","2":"type-product","3":"status-publish","4":"has-post-thumbnail","6":"product_brand-deghi-de","7":"product_cat-badmobel-von-101-bis-220-cm-moderne-mobel","9":"first","10":"instock","11":"sale","12":"taxable","13":"shipping-taxable","14":"purchasable","15":"product-type-simple"},"exclude_global_add_ons":false,"addons":[{"name":"Typ","type":"multiple_choice","position":0,"required":true,"title_format":"heading","default":"","description_enable":false,"description":"","placeholder_enable":false,"placeholder":"","display":"select","restrictions_type":"any_text","adjust_price":false,"price":"","price_type":"flat_fee","restrictions":false,"min":"0","max":"0","options":[{"label":"RECHTS Afrikanische Eiche","price":"","price_type":"quantity_based","image":0,"visibility":true},{"label":"RECHTS Maya-Nussbaum","price":"","price_type":"quantity_based","image":0,"visibility":true},{"label":"RECHTS Mattwei\u00df","price":"","price_type":"quantity_based","image":0,"visibility":true},{"label":"RECHTS Terrakottarot","price":"","price_type":"quantity_based","image":0,"visibility":true},{"label":"RECHTS Waldgr\u00fcn","price":"","price_type":"quantity_based","image":0,"visibility":true},{"label":"RECHTS Afrikanische Eiche mit schwarzer T\u00fcr","price":"","price_type":"quantity_based","image":0,"visibility":true},{"label":"RECHTS Maya-Nussbaum mit schwarzer T\u00fcr","price":"","price_type":"quantity_based","image":0,"visibility":true},{"label":"RECHTS Mattwei\u00df mit schwarzer T\u00fcr","price":"","price_type":"quantity_based","image":0,"visibility":true},{"label":"RECHTS Terrakottarot mit schwarzer T\u00fcr","price":"","price_type":"quantity_based","image":0,"visibility":true},{"label":"RECHTS Waldgr\u00fcn mit schwarzer T\u00fcr","price":"","price_type":"quantity_based","image":0,"visibility":true},{"label":"LINKS Afrikanische Eiche","price":"","price_type":"quantity_based","image":0,"visibility":true},{"label":"LINKS Maya-Nussbaum","price":"","price_type":"quantity_based","image":0,"visibility":true},{"label":"LINKS Mattwei\u00df","price":"","price_type":"quantity_based","image":0,"visibility":true},{"label":"LINKS Terrarossa","price":"","price_type":"quantity_based","image":0,"visibility":true},{"label":"LINKS Waldgr\u00fcn","price":"","price_type":"quantity_based","image":0,"visibility":true},{"label":"LINKS Afrikanische Eiche mit schwarzer T\u00fcr","price":"","price_type":"quantity_based","image":0,"visibility":true},{"label":"LINKS Maya-Nussbaum mit schwarzer T\u00fcr","price":"","price_type":"quantity_based","image":0,"visibility":true},{"label":"LINKS Mattwei\u00df mit schwarzer T\u00fcr","price":"","price_type":"quantity_based","image":0,"visibility":true},{"label":"LINKS Terrakotta-Rot mit schwarzer T\u00fcr","price":"","price_type":"quantity_based","image":0,"visibility":true},{"label":"LINKS Waldgr\u00fcn mit schwarzer T\u00fcr","price":"","price_type":"quantity_based","image":0,"visibility":true}],"id":1759160087},{"name":"S\u00e4ule","type":"multiple_choice","position":1,"required":true,"title_format":"heading","default":"","description_enable":false,"description":"","placeholder_enable":false,"placeholder":"","display":"select","restrictions_type":"any_text","adjust_price":false,"price":"","price_type":"flat_fee","restrictions":false,"min":"0","max":"0","options":[{"label":"NO","price":"","price_type":"quantity_based","image":0,"visibility":true},{"label":"1 S\u00e4ule 35 x 35 x H 160 cm","price":"619","price_type":"quantity_based","image":0,"visibility":true}],"id":1759160085},{"name":"LED-Wandleuchte","type":"multiple_choice","position":2,"required":true,"title_format":"heading","default":"","description_enable":false,"description":"","placeholder_enable":false,"placeholder":"","display":"select","restrictions_type":"any_text","adjust_price":false,"price":"","price_type":"flat_fee","restrictions":false,"min":"0","max":"0","options":[{"label":"No","price":"","price_type":"quantity_based","image":0,"visibility":true},{"label":"Chrom-LED-Wandleuchte","price":"20","price_type":"quantity_based","image":0,"visibility":true},{"label":"mattschwarze LED-Wandleuchte","price":"25","price_type":"quantity_based","image":0,"visibility":true}],"id":1759160086}],"yoast_head":"<!-- This site is optimized with the Yoast SEO plugin v26.7 - https:\/\/yoast.com\/wordpress\/plugins\/seo\/ -->\n<title>Lion6 120 cm Wand-Badezimmerschrank mit Waschbecken rechts oder links, 2 Schubladen und 1 T\u00fcr - Bagno Italia<\/title>\n<meta name=\"robots\" content=\"index, follow, max-snippet:-1, max-image-preview:large, max-video-preview:-1\" \/>\n<link rel=\"canonical\" href=\"https:\/\/www.bagnoitalia.com\/de\/produkt\/lion6-120-cm-wall-mounted-bathroom-cabinet-with-right-or-left-hand-washbasin-2-drawers-and-1-door.html\" \/>\n<meta property=\"og:locale\" content=\"de_DE\" \/>\n<meta property=\"og:type\" content=\"article\" \/>\n<meta property=\"og:title\" content=\"Lion6 120 cm Wand-Badezimmerschrank mit Waschbecken rechts oder links, 2 Schubladen und 1 T\u00fcr - Bagno Italia\" \/>\n<meta property=\"og:description\" content=\"Wandmontierter Badezimmerschrank, erh\u00e4ltlich mit nach rechts oder links versetztem Waschbecken. Erh\u00e4ltlich in 5 Farben, mit passender oder schwarzer T\u00fcr. Unterschrank bestehend aus zwei Schubladen mit geriffelten Fronten und einer satinierten T\u00fcr. Spiegel im Preis inbegriffen.\" \/>\n<meta property=\"og:url\" content=\"https:\/\/www.bagnoitalia.com\/de\/produkt\/lion6-120-cm-wall-mounted-bathroom-cabinet-with-right-or-left-hand-washbasin-2-drawers-and-1-door.html\" \/>\n<meta property=\"og:site_name\" content=\"Bagno Italia\" \/>\n<meta property=\"article:modified_time\" content=\"2025-09-29T13:42:42+00:00\" \/>\n<meta property=\"og:image\" content=\"https:\/\/img.bagnoitalia.com\/wp-content\/uploads\/1-57.jpg\" \/>\n\t<meta property=\"og:image:width\" content=\"1000\" \/>\n\t<meta property=\"og:image:height\" content=\"1000\" \/>\n\t<meta property=\"og:image:type\" content=\"image\/jpeg\" \/>\n<meta name=\"twitter:card\" content=\"summary_large_image\" \/>\n<meta name=\"twitter:label1\" content=\"Gesch\u00e4tzte Lesezeit\" \/>\n\t<meta name=\"twitter:data1\" content=\"1\u00a0Minute\" \/>\n<script type=\"application\/ld+json\" class=\"yoast-schema-graph\">{\"@context\":\"https:\/\/schema.org\",\"@graph\":[{\"@type\":\"WebPage\",\"@id\":\"https:\/\/www.bagnoitalia.com\/de\/produkt\/lion6-120-cm-wall-mounted-bathroom-cabinet-with-right-or-left-hand-washbasin-2-drawers-and-1-door.html\",\"url\":\"https:\/\/www.bagnoitalia.com\/de\/produkt\/lion6-120-cm-wall-mounted-bathroom-cabinet-with-right-or-left-hand-washbasin-2-drawers-and-1-door.html\",\"name\":\"Lion6 120 cm Wand-Badezimmerschrank mit Waschbecken rechts oder links, 2 Schubladen und 1 T\u00fcr - Bagno Italia\",\"isPartOf\":{\"@id\":\"https:\/\/www.bagnoitalia.com\/de#website\"},\"primaryImageOfPage\":{\"@id\":\"https:\/\/www.bagnoitalia.com\/de\/produkt\/lion6-120-cm-wall-mounted-bathroom-cabinet-with-right-or-left-hand-washbasin-2-drawers-and-1-door.html#primaryimage\"},\"image\":{\"@id\":\"https:\/\/www.bagnoitalia.com\/de\/produkt\/lion6-120-cm-wall-mounted-bathroom-cabinet-with-right-or-left-hand-washbasin-2-drawers-and-1-door.html#primaryimage\"},\"thumbnailUrl\":\"https:\/\/img.bagnoitalia.com\/wp-content\/uploads\/1-57.jpg\",\"datePublished\":\"2025-09-29T13:34:44+00:00\",\"dateModified\":\"2025-09-29T13:42:42+00:00\",\"breadcrumb\":{\"@id\":\"https:\/\/www.bagnoitalia.com\/de\/produkt\/lion6-120-cm-wall-mounted-bathroom-cabinet-with-right-or-left-hand-washbasin-2-drawers-and-1-door.html#breadcrumb\"},\"inLanguage\":\"de\",\"potentialAction\":[{\"@type\":\"ReadAction\",\"target\":[\"https:\/\/www.bagnoitalia.com\/de\/produkt\/lion6-120-cm-wall-mounted-bathroom-cabinet-with-right-or-left-hand-washbasin-2-drawers-and-1-door.html\"]}]},{\"@type\":\"ImageObject\",\"inLanguage\":\"de\",\"@id\":\"https:\/\/www.bagnoitalia.com\/de\/produkt\/lion6-120-cm-wall-mounted-bathroom-cabinet-with-right-or-left-hand-washbasin-2-drawers-and-1-door.html#primaryimage\",\"url\":\"https:\/\/img.bagnoitalia.com\/wp-content\/uploads\/1-57.jpg\",\"contentUrl\":\"https:\/\/img.bagnoitalia.com\/wp-content\/uploads\/1-57.jpg\",\"width\":1000,\"height\":1000},{\"@type\":\"BreadcrumbList\",\"@id\":\"https:\/\/www.bagnoitalia.com\/de\/produkt\/lion6-120-cm-wall-mounted-bathroom-cabinet-with-right-or-left-hand-washbasin-2-drawers-and-1-door.html#breadcrumb\",\"itemListElement\":[{\"@type\":\"ListItem\",\"position\":1,\"name\":\"Home\",\"item\":\"https:\/\/www.bagnoitalia.com\/de\"},{\"@type\":\"ListItem\",\"position\":2,\"name\":\"Produkte\",\"item\":\"https:\/\/www.bagnoitalia.com\/de\/shop\"},{\"@type\":\"ListItem\",\"position\":3,\"name\":\"Lion6 120 cm Wand-Badezimmerschrank mit Waschbecken rechts oder links, 2 Schubladen und 1 T\u00fcr\"}]},{\"@type\":\"WebSite\",\"@id\":\"https:\/\/www.bagnoitalia.com\/de#website\",\"url\":\"https:\/\/www.bagnoitalia.com\/de\",\"name\":\"Bagno Italia\",\"description\":\"\",\"publisher\":{\"@id\":\"https:\/\/www.bagnoitalia.com\/de#organization\"},\"potentialAction\":[{\"@type\":\"SearchAction\",\"target\":{\"@type\":\"EntryPoint\",\"urlTemplate\":\"https:\/\/www.bagnoitalia.com\/de?s={search_term_string}\"},\"query-input\":{\"@type\":\"PropertyValueSpecification\",\"valueRequired\":true,\"valueName\":\"search_term_string\"}}],\"inLanguage\":\"de\"},{\"@type\":\"Organization\",\"@id\":\"https:\/\/www.bagnoitalia.com\/de#organization\",\"name\":\"Bagno Italia\",\"url\":\"https:\/\/www.bagnoitalia.com\/de\",\"logo\":{\"@type\":\"ImageObject\",\"inLanguage\":\"de\",\"@id\":\"https:\/\/www.bagnoitalia.com\/de#\/schema\/logo\/image\/\",\"url\":\"https:\/\/img.bagnoitalia.com\/wp-content\/uploads\/logo-bagnoitalia.webp\",\"contentUrl\":\"https:\/\/img.bagnoitalia.com\/wp-content\/uploads\/logo-bagnoitalia.webp\",\"width\":400,\"height\":70,\"caption\":\"Bagno Italia\"},\"image\":{\"@id\":\"https:\/\/www.bagnoitalia.com\/de#\/schema\/logo\/image\/\"}}]}<\/script>\n<!-- \/ Yoast SEO plugin. -->","yoast_head_json":{"title":"Lion6 120 cm Wand-Badezimmerschrank mit Waschbecken rechts oder links, 2 Schubladen und 1 T\u00fcr - Bagno Italia","robots":{"index":"index","follow":"follow","max-snippet":"max-snippet:-1","max-image-preview":"max-image-preview:large","max-video-preview":"max-video-preview:-1"},"canonical":"https:\/\/www.bagnoitalia.com\/de\/produkt\/lion6-120-cm-wall-mounted-bathroom-cabinet-with-right-or-left-hand-washbasin-2-drawers-and-1-door.html","og_locale":"de_DE","og_type":"article","og_title":"Lion6 120 cm Wand-Badezimmerschrank mit Waschbecken rechts oder links, 2 Schubladen und 1 T\u00fcr - Bagno Italia","og_description":"Wandmontierter Badezimmerschrank, erh\u00e4ltlich mit nach rechts oder links versetztem Waschbecken. Erh\u00e4ltlich in 5 Farben, mit passender oder schwarzer T\u00fcr. Unterschrank bestehend aus zwei Schubladen mit geriffelten Fronten und einer satinierten T\u00fcr. Spiegel im Preis inbegriffen.","og_url":"https:\/\/www.bagnoitalia.com\/de\/produkt\/lion6-120-cm-wall-mounted-bathroom-cabinet-with-right-or-left-hand-washbasin-2-drawers-and-1-door.html","og_site_name":"Bagno Italia","article_modified_time":"2025-09-29T13:42:42+00:00","og_image":[{"width":1000,"height":1000,"url":"https:\/\/img.bagnoitalia.com\/wp-content\/uploads\/1-57.jpg","type":"image\/jpeg"}],"twitter_card":"summary_large_image","twitter_misc":{"Gesch\u00e4tzte Lesezeit":"1\u00a0Minute"},"schema":{"@context":"https:\/\/schema.org","@graph":[{"@type":"WebPage","@id":"https:\/\/www.bagnoitalia.com\/de\/produkt\/lion6-120-cm-wall-mounted-bathroom-cabinet-with-right-or-left-hand-washbasin-2-drawers-and-1-door.html","url":"https:\/\/www.bagnoitalia.com\/de\/produkt\/lion6-120-cm-wall-mounted-bathroom-cabinet-with-right-or-left-hand-washbasin-2-drawers-and-1-door.html","name":"Lion6 120 cm Wand-Badezimmerschrank mit Waschbecken rechts oder links, 2 Schubladen und 1 T\u00fcr - Bagno Italia","isPartOf":{"@id":"https:\/\/www.bagnoitalia.com\/de#website"},"primaryImageOfPage":{"@id":"https:\/\/www.bagnoitalia.com\/de\/produkt\/lion6-120-cm-wall-mounted-bathroom-cabinet-with-right-or-left-hand-washbasin-2-drawers-and-1-door.html#primaryimage"},"image":{"@id":"https:\/\/www.bagnoitalia.com\/de\/produkt\/lion6-120-cm-wall-mounted-bathroom-cabinet-with-right-or-left-hand-washbasin-2-drawers-and-1-door.html#primaryimage"},"thumbnailUrl":"https:\/\/img.bagnoitalia.com\/wp-content\/uploads\/1-57.jpg","datePublished":"2025-09-29T13:34:44+00:00","dateModified":"2025-09-29T13:42:42+00:00","breadcrumb":{"@id":"https:\/\/www.bagnoitalia.com\/de\/produkt\/lion6-120-cm-wall-mounted-bathroom-cabinet-with-right-or-left-hand-washbasin-2-drawers-and-1-door.html#breadcrumb"},"inLanguage":"de","potentialAction":[{"@type":"ReadAction","target":["https:\/\/www.bagnoitalia.com\/de\/produkt\/lion6-120-cm-wall-mounted-bathroom-cabinet-with-right-or-left-hand-washbasin-2-drawers-and-1-door.html"]}]},{"@type":"ImageObject","inLanguage":"de","@id":"https:\/\/www.bagnoitalia.com\/de\/produkt\/lion6-120-cm-wall-mounted-bathroom-cabinet-with-right-or-left-hand-washbasin-2-drawers-and-1-door.html#primaryimage","url":"https:\/\/img.bagnoitalia.com\/wp-content\/uploads\/1-57.jpg","contentUrl":"https:\/\/img.bagnoitalia.com\/wp-content\/uploads\/1-57.jpg","width":1000,"height":1000},{"@type":"BreadcrumbList","@id":"https:\/\/www.bagnoitalia.com\/de\/produkt\/lion6-120-cm-wall-mounted-bathroom-cabinet-with-right-or-left-hand-washbasin-2-drawers-and-1-door.html#breadcrumb","itemListElement":[{"@type":"ListItem","position":1,"name":"Home","item":"https:\/\/www.bagnoitalia.com\/de"},{"@type":"ListItem","position":2,"name":"Produkte","item":"https:\/\/www.bagnoitalia.com\/de\/shop"},{"@type":"ListItem","position":3,"name":"Lion6 120 cm Wand-Badezimmerschrank mit Waschbecken rechts oder links, 2 Schubladen und 1 T\u00fcr"}]},{"@type":"WebSite","@id":"https:\/\/www.bagnoitalia.com\/de#website","url":"https:\/\/www.bagnoitalia.com\/de","name":"Bagno Italia","description":"","publisher":{"@id":"https:\/\/www.bagnoitalia.com\/de#organization"},"potentialAction":[{"@type":"SearchAction","target":{"@type":"EntryPoint","urlTemplate":"https:\/\/www.bagnoitalia.com\/de?s={search_term_string}"},"query-input":{"@type":"PropertyValueSpecification","valueRequired":true,"valueName":"search_term_string"}}],"inLanguage":"de"},{"@type":"Organization","@id":"https:\/\/www.bagnoitalia.com\/de#organization","name":"Bagno Italia","url":"https:\/\/www.bagnoitalia.com\/de","logo":{"@type":"ImageObject","inLanguage":"de","@id":"https:\/\/www.bagnoitalia.com\/de#\/schema\/logo\/image\/","url":"https:\/\/img.bagnoitalia.com\/wp-content\/uploads\/logo-bagnoitalia.webp","contentUrl":"https:\/\/img.bagnoitalia.com\/wp-content\/uploads\/logo-bagnoitalia.webp","width":400,"height":70,"caption":"Bagno Italia"},"image":{"@id":"https:\/\/www.bagnoitalia.com\/de#\/schema\/logo\/image\/"}}]}},"_links":{"self":[{"href":"https:\/\/www.bagnoitalia.com\/de\/wp-json\/wp\/v2\/product\/112052","targetHints":{"allow":["GET"]}}],"collection":[{"href":"https:\/\/www.bagnoitalia.com\/de\/wp-json\/wp\/v2\/product"}],"about":[{"href":"https:\/\/www.bagnoitalia.com\/de\/wp-json\/wp\/v2\/types\/product"}],"replies":[{"embeddable":true,"href":"https:\/\/www.bagnoitalia.com\/de\/wp-json\/wp\/v2\/comments?post=112052"}],"version-history":[{"count":2,"href":"https:\/\/www.bagnoitalia.com\/de\/wp-json\/wp\/v2\/product\/112052\/revisions"}],"predecessor-version":[{"id":112057,"href":"https:\/\/www.bagnoitalia.com\/de\/wp-json\/wp\/v2\/product\/112052\/revisions\/112057"}],"wp:featuredmedia":[{"embeddable":true,"href":"https:\/\/www.bagnoitalia.com\/de\/wp-json\/wp\/v2\/media\/111932"}],"wp:attachment":[{"href":"https:\/\/www.bagnoitalia.com\/de\/wp-json\/wp\/v2\/media?parent=112052"}],"wp:term":[{"taxonomy":"product_brand","embeddable":true,"href":"https:\/\/www.bagnoitalia.com\/de\/wp-json\/wp\/v2\/product_brand?post=112052"},{"taxonomy":"product_cat","embeddable":true,"href":"https:\/\/www.bagnoitalia.com\/de\/wp-json\/wp\/v2\/product_cat?post=112052"},{"taxonomy":"product_tag","embeddable":true,"href":"https:\/\/www.bagnoitalia.com\/de\/wp-json\/wp\/v2\/product_tag?post=112052"}],"curies":[{"name":"wp","href":"https:\/\/api.w.org\/{rel}","templated":true}]}}