{"id":111738,"date":"2025-09-23T16:04:49","date_gmt":"2025-09-23T14:04:49","guid":{"rendered":"https:\/\/www.bagnoitalia.com\/lion4-bathroom-cabinet-with-drawer-unit-and-90-or-100-cm-door-right-or-left-hand-washbasin-available-in-11-colours.html"},"modified":"2025-09-23T16:23:00","modified_gmt":"2025-09-23T14:23:00","slug":"lion4-bathroom-cabinet-with-drawer-unit-and-90-or-100-cm-door-right-or-left-hand-washbasin-available-in-11-colours","status":"publish","type":"product","link":"https:\/\/www.bagnoitalia.com\/de\/produkt\/lion4-bathroom-cabinet-with-drawer-unit-and-90-or-100-cm-door-right-or-left-hand-washbasin-available-in-11-colours.html","title":{"rendered":"Lion4 Badezimmerschrank mit Schubladeneinheit und 90 oder 100 cm T\u00fcr, Waschbecken rechts oder links, erh\u00e4ltlich in 11 Farben"},"content":{"rendered":"<p>Badezimmerschrank mit Kommode + T\u00fcr \u201eLion4\u201d<\/p>\n<p>&nbsp;<\/p>\n<p>TYPEN UND ABMESSUNGEN<\/p>\n<p>Unterschrank in zwei L\u00e4ngen erh\u00e4ltlich:<\/p>\n<p>90 cm mit Spiegel 70 x 90 cm<br \/>\n100 cm mit Spiegel 70 x 100 cm<\/p>\n<p>Tiefe: 45 cm<\/p>\n<p>H\u00f6he: 40,5 cm<\/p>\n<p>Waschbecken mit Beckenversatz nach RECHTS oder LINKS (\u00fcber der Kommode)<\/p>\n<p>Unterschrank in einfarbig oder zweifarbig erh\u00e4ltlich, wahlweise in folgenden Ausf\u00fchrungen:<\/p>\n<p>Afrikanische Eiche<br \/>\nMaya-Nussbaum<br \/>\nMattwei\u00df<br \/>\nTerrarossa<br \/>\nWaldgr\u00fcn<br \/>\nAfrikanische Eiche mit SCHWARZER T\u00dcR<br \/>\nMaya-Nussbaum mit SCHWARZER T\u00dcR<br \/>\nMattwei\u00df mit SCHWARZER T\u00dcR<br \/>\nTerrarossa mit SCHWARZER T\u00dcR<br \/>\nWaldgr\u00fcn mit SCHWARZER T\u00dcR<br \/>\nEiseneiche mit SCHWARZER T\u00dcR<\/p>\n<p>W\u00c4HLEN SIE DIE GR\u00d6SSE, AUSF\u00dcHRUNG UND FARBE AUS DEM DROP-DOWN-MEN\u00dc<\/p>\n<p>&nbsp;<\/p>\n<p>WEITERE DETAILS<\/p>\n<p>Wandh\u00e4ngender Badezimmerschrank<\/p>\n<p>Unterschrank bestehend aus einer gro\u00dfen Schublade und einer T\u00fcr mit Soft-Close-Mechanismus<\/p>\n<p>Schubladenfront mit Rippeneffekt, T\u00fcr mit matter Oberfl\u00e4che<\/p>\n<p>Hochgl\u00e4nzendes wei\u00dfes Keramikwaschbecken<\/p>\n<p>Mit \u00dcberlaufloch<\/p>\n<p>Mit Hahnloch (Mischbatterie NICHT im Preis inbegriffen)<\/p>\n<p>Rechteckiger Spiegel, beidseitig verwendbar<\/p>\n<p>Schrankstruktur aus MDF-Holz<\/p>\n<p>Aluminiumgriffe<\/p>\n<p>&nbsp;<\/p>\n<p>\u00dcBER DAS DROP-DOWN-MEN\u00dc k\u00f6nnen Sie das M\u00f6belst\u00fcck auch mit einer 35 x 35 x 160 cm gro\u00dfen Wand-S\u00e4ule erg\u00e4nzen, die aus 2 T\u00fcren (Push&amp;Pull) und Innenregalen besteht.<\/p>\n<p>&nbsp;<\/p>\n<p>&nbsp;<\/p>\n<p>&nbsp;<\/p>\n<p>&nbsp;<\/p>\n<p>&nbsp;<\/p>\n<p>&nbsp;<\/p>\n<p>&nbsp;<\/p>\n<p>Lameck<\/p>\n","protected":false},"excerpt":{"rendered":"<p>Wandmontierter Badezimmerschrank, erh\u00e4ltlich in zwei Gr\u00f6\u00dfen und 11 Farben, einfarbig oder mit schwarzen T\u00fcren. Unterschrank bestehend aus einer gro\u00dfen Schublade mit geriffelter Front und einer satinierten T\u00fcr. Das Waschbecken (mit versetztem Becken) und der Spiegel sind im Preis inbegriffen.<\/p>\n","protected":false},"featured_media":111602,"comment_status":"open","ping_status":"closed","template":"","meta":[],"product_brand":[9883],"product_cat":[9720],"product_tag":[],"class_list":{"0":"post-111738","1":"product","2":"type-product","3":"status-publish","4":"has-post-thumbnail","6":"product_brand-deghi-de","7":"product_cat-badmobel-von-71-bis-100-cm-moderne-mobel","9":"first","10":"instock","11":"sale","12":"taxable","13":"shipping-taxable","14":"purchasable","15":"product-type-simple"},"exclude_global_add_ons":false,"addons":[{"name":"Typ","type":"multiple_choice","position":0,"required":true,"title_format":"heading","default":"","description_enable":false,"description":"","placeholder_enable":false,"placeholder":"","display":"select","restrictions_type":"any_text","adjust_price":false,"price":"","price_type":"flat_fee","restrictions":false,"min":"0","max":"0","options":[{"label":"90 cm RECHTS Afrikanische Eiche","price":"","price_type":"quantity_based","image":0,"visibility":true},{"label":"90 cm RECHTS Maya-Nussbaum","price":"","price_type":"quantity_based","image":0,"visibility":true},{"label":"90 cm RECHTS Mattwei\u00df","price":"","price_type":"quantity_based","image":0,"visibility":true},{"label":"90 cm RECHTS Terrakotta-Rot","price":"","price_type":"quantity_based","image":0,"visibility":true},{"label":"90 cm RECHTS Dschungelgr\u00fcn","price":"","price_type":"quantity_based","image":0,"visibility":true},{"label":"90 cm RECHTS Afrikanische Eiche mit schwarzer T\u00fcr","price":"","price_type":"quantity_based","image":0,"visibility":true},{"label":"90 cm RECHTS Maya-Nussbaum mit schwarzer T\u00fcr","price":"","price_type":"quantity_based","image":0,"visibility":true},{"label":"90 cm RECHTS Mattwei\u00df mit schwarzer T\u00fcr","price":"","price_type":"quantity_based","image":0,"visibility":true},{"label":"90 cm RECHTS Terrakotta-Rot mit schwarzer T\u00fcr","price":"","price_type":"quantity_based","image":0,"visibility":true},{"label":"90 cm RECHTS Dschungelgr\u00fcn mit schwarzer T\u00fcr","price":"","price_type":"quantity_based","image":0,"visibility":true},{"label":"90 cm RECHTS EISEN Eiche mit schwarzer T\u00fcr","price":"","price_type":"quantity_based","image":0,"visibility":true},{"label":"90 cm LINKS Afrikanische Eiche","price":"","price_type":"quantity_based","image":0,"visibility":true},{"label":"90 cm LINKS Maya-Nussbaum","price":"","price_type":"quantity_based","image":0,"visibility":true},{"label":"90 cm LINKS mattwei\u00df","price":"","price_type":"quantity_based","image":0,"visibility":true},{"label":"90 cm LINKS terrarot","price":"","price_type":"quantity_based","image":0,"visibility":true},{"label":"90 cm LINKS dschungelgr\u00fcn","price":"","price_type":"quantity_based","image":0,"visibility":true},{"label":"90 cm LINKS afrikanische Eiche mit schwarzer T\u00fcr","price":"","price_type":"quantity_based","image":0,"visibility":true},{"label":"90 cm LINKS Maya-Nussbaum mit schwarzer T\u00fcr","price":"","price_type":"quantity_based","image":0,"visibility":true},{"label":"90 cm LINKS mattwei\u00df mit schwarzer T\u00fcr","price":"","price_type":"quantity_based","image":0,"visibility":true},{"label":"90 cm LINKS terrarot mit schwarzer T\u00fcr","price":"","price_type":"quantity_based","image":0,"visibility":true},{"label":"90 cm LINKS dschungelgr\u00fcn mit schwarzer T\u00fcr","price":"","price_type":"quantity_based","image":0,"visibility":true},{"label":"90 cm LINKS EISEN-Eiche mit schwarzer T\u00fcr","price":"","price_type":"quantity_based","image":0,"visibility":true},{"label":"100 cm RECHTS Afrikanische Eiche","price":"50","price_type":"quantity_based","image":0,"visibility":true},{"label":"100 cm RECHTS Maya-Nussbaum","price":"50","price_type":"quantity_based","image":0,"visibility":true},{"label":"100 cm RECHTS Mattwei\u00df","price":"50","price_type":"quantity_based","image":0,"visibility":true},{"label":"100 cm RECHTS Terrakotta-Rot","price":"50","price_type":"quantity_based","image":0,"visibility":true},{"label":"100 cm RECHTS Dschungelgr\u00fcn","price":"50","price_type":"quantity_based","image":0,"visibility":true},{"label":"100 cm RECHTS Afrikanische Eiche mit schwarzer T\u00fcr","price":"50","price_type":"quantity_based","image":0,"visibility":true},{"label":"100 cm RECHTS Maya-Nussbaum mit schwarzer T\u00fcr","price":"50","price_type":"quantity_based","image":0,"visibility":true},{"label":"100 cm RECHTS Mattwei\u00df mit schwarzer T\u00fcr","price":"50","price_type":"quantity_based","image":0,"visibility":true},{"label":"100 cm RECHTS Terrakotta-Rot mit schwarzer T\u00fcr","price":"50","price_type":"quantity_based","image":0,"visibility":true},{"label":"100 cm RECHTS Dschungelgr\u00fcn mit schwarzer T\u00fcr","price":"50","price_type":"quantity_based","image":0,"visibility":true},{"label":"100 cm RECHTS EISEN Eiche mit schwarzer T\u00fcr","price":"50","price_type":"quantity_based","image":0,"visibility":true},{"label":"100 cm LINKS Afrikanische Eiche","price":"50","price_type":"quantity_based","image":0,"visibility":true},{"label":"100 cm LINKS Maya-Nussbaum","price":"50","price_type":"quantity_based","image":0,"visibility":true},{"label":"100 cm LINKS Mattwei\u00df","price":"50","price_type":"quantity_based","image":0,"visibility":true},{"label":"100 cm LINKS Terrakotta-Rot","price":"50","price_type":"quantity_based","image":0,"visibility":true},{"label":"100 cm LINKS Dschungelgr\u00fcn","price":"50","price_type":"quantity_based","image":0,"visibility":true},{"label":"100 cm LINKS Afrikanische Eiche mit schwarzer T\u00fcr","price":"50","price_type":"quantity_based","image":0,"visibility":true},{"label":"100 cm LINKS Maya-Nussbaum mit schwarzer T\u00fcr","price":"50","price_type":"quantity_based","image":0,"visibility":true},{"label":"100 cm LINKS Mattwei\u00df mit schwarzer T\u00fcr","price":"50","price_type":"quantity_based","image":0,"visibility":true},{"label":"100 cm LINKS Terrarot mit schwarzer T\u00fcr","price":"50","price_type":"quantity_based","image":0,"visibility":true},{"label":"100 cm LINKS Dschungelgr\u00fcn mit schwarzer T\u00fcr","price":"50","price_type":"quantity_based","image":0,"visibility":true},{"label":"100 cm LINKS Eiche IRON mit schwarzer T\u00fcr","price":"50","price_type":"quantity_based","image":0,"visibility":true}],"id":1758643490},{"name":"S\u00e4ule","type":"multiple_choice","position":1,"required":true,"title_format":"heading","default":"","description_enable":false,"description":"","placeholder_enable":false,"placeholder":"","display":"select","restrictions_type":"any_text","adjust_price":false,"price":"","price_type":"flat_fee","restrictions":false,"min":"0","max":"0","options":[{"label":"NO","price":"","price_type":"quantity_based","image":0,"visibility":true},{"label":"1 S\u00e4ule 35 x 35 x H 160 cm","price":"619","price_type":"quantity_based","image":0,"visibility":true}],"id":1758643491}],"yoast_head":"<!-- This site is optimized with the Yoast SEO plugin v26.7 - https:\/\/yoast.com\/wordpress\/plugins\/seo\/ -->\n<title>Lion4 Badezimmerschrank mit Schubladeneinheit und 90 oder 100 cm T\u00fcr, Waschbecken rechts oder links, erh\u00e4ltlich in 11 Farben - Bagno Italia<\/title>\n<meta name=\"robots\" content=\"index, follow, max-snippet:-1, max-image-preview:large, max-video-preview:-1\" \/>\n<link rel=\"canonical\" href=\"https:\/\/www.bagnoitalia.com\/de\/produkt\/lion4-bathroom-cabinet-with-drawer-unit-and-90-or-100-cm-door-right-or-left-hand-washbasin-available-in-11-colours.html\" \/>\n<meta property=\"og:locale\" content=\"de_DE\" \/>\n<meta property=\"og:type\" content=\"article\" \/>\n<meta property=\"og:title\" content=\"Lion4 Badezimmerschrank mit Schubladeneinheit und 90 oder 100 cm T\u00fcr, Waschbecken rechts oder links, erh\u00e4ltlich in 11 Farben - Bagno Italia\" \/>\n<meta property=\"og:description\" content=\"Wandmontierter Badezimmerschrank, erh\u00e4ltlich in zwei Gr\u00f6\u00dfen und 11 Farben, einfarbig oder mit schwarzen T\u00fcren. Unterschrank bestehend aus einer gro\u00dfen Schublade mit geriffelter Front und einer satinierten T\u00fcr. Das Waschbecken (mit versetztem Becken) und der Spiegel sind im Preis inbegriffen.\" \/>\n<meta property=\"og:url\" content=\"https:\/\/www.bagnoitalia.com\/de\/produkt\/lion4-bathroom-cabinet-with-drawer-unit-and-90-or-100-cm-door-right-or-left-hand-washbasin-available-in-11-colours.html\" \/>\n<meta property=\"og:site_name\" content=\"Bagno Italia\" \/>\n<meta property=\"article:modified_time\" content=\"2025-09-23T14:23:00+00:00\" \/>\n<meta property=\"og:image\" content=\"https:\/\/img.bagnoitalia.com\/wp-content\/uploads\/1-54.jpg\" \/>\n\t<meta property=\"og:image:width\" content=\"1000\" \/>\n\t<meta property=\"og:image:height\" content=\"1000\" \/>\n\t<meta property=\"og:image:type\" content=\"image\/jpeg\" \/>\n<meta name=\"twitter:card\" content=\"summary_large_image\" \/>\n<meta name=\"twitter:label1\" content=\"Gesch\u00e4tzte Lesezeit\" \/>\n\t<meta name=\"twitter:data1\" content=\"1\u00a0Minute\" \/>\n<script type=\"application\/ld+json\" class=\"yoast-schema-graph\">{\"@context\":\"https:\/\/schema.org\",\"@graph\":[{\"@type\":\"WebPage\",\"@id\":\"https:\/\/www.bagnoitalia.com\/de\/produkt\/lion4-bathroom-cabinet-with-drawer-unit-and-90-or-100-cm-door-right-or-left-hand-washbasin-available-in-11-colours.html\",\"url\":\"https:\/\/www.bagnoitalia.com\/de\/produkt\/lion4-bathroom-cabinet-with-drawer-unit-and-90-or-100-cm-door-right-or-left-hand-washbasin-available-in-11-colours.html\",\"name\":\"Lion4 Badezimmerschrank mit Schubladeneinheit und 90 oder 100 cm T\u00fcr, Waschbecken rechts oder links, erh\u00e4ltlich in 11 Farben - Bagno Italia\",\"isPartOf\":{\"@id\":\"https:\/\/www.bagnoitalia.com\/de#website\"},\"primaryImageOfPage\":{\"@id\":\"https:\/\/www.bagnoitalia.com\/de\/produkt\/lion4-bathroom-cabinet-with-drawer-unit-and-90-or-100-cm-door-right-or-left-hand-washbasin-available-in-11-colours.html#primaryimage\"},\"image\":{\"@id\":\"https:\/\/www.bagnoitalia.com\/de\/produkt\/lion4-bathroom-cabinet-with-drawer-unit-and-90-or-100-cm-door-right-or-left-hand-washbasin-available-in-11-colours.html#primaryimage\"},\"thumbnailUrl\":\"https:\/\/img.bagnoitalia.com\/wp-content\/uploads\/1-54.jpg\",\"datePublished\":\"2025-09-23T14:04:49+00:00\",\"dateModified\":\"2025-09-23T14:23:00+00:00\",\"breadcrumb\":{\"@id\":\"https:\/\/www.bagnoitalia.com\/de\/produkt\/lion4-bathroom-cabinet-with-drawer-unit-and-90-or-100-cm-door-right-or-left-hand-washbasin-available-in-11-colours.html#breadcrumb\"},\"inLanguage\":\"de\",\"potentialAction\":[{\"@type\":\"ReadAction\",\"target\":[\"https:\/\/www.bagnoitalia.com\/de\/produkt\/lion4-bathroom-cabinet-with-drawer-unit-and-90-or-100-cm-door-right-or-left-hand-washbasin-available-in-11-colours.html\"]}]},{\"@type\":\"ImageObject\",\"inLanguage\":\"de\",\"@id\":\"https:\/\/www.bagnoitalia.com\/de\/produkt\/lion4-bathroom-cabinet-with-drawer-unit-and-90-or-100-cm-door-right-or-left-hand-washbasin-available-in-11-colours.html#primaryimage\",\"url\":\"https:\/\/img.bagnoitalia.com\/wp-content\/uploads\/1-54.jpg\",\"contentUrl\":\"https:\/\/img.bagnoitalia.com\/wp-content\/uploads\/1-54.jpg\",\"width\":1000,\"height\":1000},{\"@type\":\"BreadcrumbList\",\"@id\":\"https:\/\/www.bagnoitalia.com\/de\/produkt\/lion4-bathroom-cabinet-with-drawer-unit-and-90-or-100-cm-door-right-or-left-hand-washbasin-available-in-11-colours.html#breadcrumb\",\"itemListElement\":[{\"@type\":\"ListItem\",\"position\":1,\"name\":\"Home\",\"item\":\"https:\/\/www.bagnoitalia.com\/de\"},{\"@type\":\"ListItem\",\"position\":2,\"name\":\"Produkte\",\"item\":\"https:\/\/www.bagnoitalia.com\/de\/shop\"},{\"@type\":\"ListItem\",\"position\":3,\"name\":\"Lion4 Badezimmerschrank mit Schubladeneinheit und 90 oder 100 cm T\u00fcr, Waschbecken rechts oder links, erh\u00e4ltlich in 11 Farben\"}]},{\"@type\":\"WebSite\",\"@id\":\"https:\/\/www.bagnoitalia.com\/de#website\",\"url\":\"https:\/\/www.bagnoitalia.com\/de\",\"name\":\"Bagno Italia\",\"description\":\"\",\"publisher\":{\"@id\":\"https:\/\/www.bagnoitalia.com\/de#organization\"},\"potentialAction\":[{\"@type\":\"SearchAction\",\"target\":{\"@type\":\"EntryPoint\",\"urlTemplate\":\"https:\/\/www.bagnoitalia.com\/de?s={search_term_string}\"},\"query-input\":{\"@type\":\"PropertyValueSpecification\",\"valueRequired\":true,\"valueName\":\"search_term_string\"}}],\"inLanguage\":\"de\"},{\"@type\":\"Organization\",\"@id\":\"https:\/\/www.bagnoitalia.com\/de#organization\",\"name\":\"Bagno Italia\",\"url\":\"https:\/\/www.bagnoitalia.com\/de\",\"logo\":{\"@type\":\"ImageObject\",\"inLanguage\":\"de\",\"@id\":\"https:\/\/www.bagnoitalia.com\/de#\/schema\/logo\/image\/\",\"url\":\"https:\/\/img.bagnoitalia.com\/wp-content\/uploads\/logo-bagnoitalia.webp\",\"contentUrl\":\"https:\/\/img.bagnoitalia.com\/wp-content\/uploads\/logo-bagnoitalia.webp\",\"width\":400,\"height\":70,\"caption\":\"Bagno Italia\"},\"image\":{\"@id\":\"https:\/\/www.bagnoitalia.com\/de#\/schema\/logo\/image\/\"}}]}<\/script>\n<!-- \/ Yoast SEO plugin. -->","yoast_head_json":{"title":"Lion4 Badezimmerschrank mit Schubladeneinheit und 90 oder 100 cm T\u00fcr, Waschbecken rechts oder links, erh\u00e4ltlich in 11 Farben - Bagno Italia","robots":{"index":"index","follow":"follow","max-snippet":"max-snippet:-1","max-image-preview":"max-image-preview:large","max-video-preview":"max-video-preview:-1"},"canonical":"https:\/\/www.bagnoitalia.com\/de\/produkt\/lion4-bathroom-cabinet-with-drawer-unit-and-90-or-100-cm-door-right-or-left-hand-washbasin-available-in-11-colours.html","og_locale":"de_DE","og_type":"article","og_title":"Lion4 Badezimmerschrank mit Schubladeneinheit und 90 oder 100 cm T\u00fcr, Waschbecken rechts oder links, erh\u00e4ltlich in 11 Farben - Bagno Italia","og_description":"Wandmontierter Badezimmerschrank, erh\u00e4ltlich in zwei Gr\u00f6\u00dfen und 11 Farben, einfarbig oder mit schwarzen T\u00fcren. Unterschrank bestehend aus einer gro\u00dfen Schublade mit geriffelter Front und einer satinierten T\u00fcr. Das Waschbecken (mit versetztem Becken) und der Spiegel sind im Preis inbegriffen.","og_url":"https:\/\/www.bagnoitalia.com\/de\/produkt\/lion4-bathroom-cabinet-with-drawer-unit-and-90-or-100-cm-door-right-or-left-hand-washbasin-available-in-11-colours.html","og_site_name":"Bagno Italia","article_modified_time":"2025-09-23T14:23:00+00:00","og_image":[{"width":1000,"height":1000,"url":"https:\/\/img.bagnoitalia.com\/wp-content\/uploads\/1-54.jpg","type":"image\/jpeg"}],"twitter_card":"summary_large_image","twitter_misc":{"Gesch\u00e4tzte Lesezeit":"1\u00a0Minute"},"schema":{"@context":"https:\/\/schema.org","@graph":[{"@type":"WebPage","@id":"https:\/\/www.bagnoitalia.com\/de\/produkt\/lion4-bathroom-cabinet-with-drawer-unit-and-90-or-100-cm-door-right-or-left-hand-washbasin-available-in-11-colours.html","url":"https:\/\/www.bagnoitalia.com\/de\/produkt\/lion4-bathroom-cabinet-with-drawer-unit-and-90-or-100-cm-door-right-or-left-hand-washbasin-available-in-11-colours.html","name":"Lion4 Badezimmerschrank mit Schubladeneinheit und 90 oder 100 cm T\u00fcr, Waschbecken rechts oder links, erh\u00e4ltlich in 11 Farben - Bagno Italia","isPartOf":{"@id":"https:\/\/www.bagnoitalia.com\/de#website"},"primaryImageOfPage":{"@id":"https:\/\/www.bagnoitalia.com\/de\/produkt\/lion4-bathroom-cabinet-with-drawer-unit-and-90-or-100-cm-door-right-or-left-hand-washbasin-available-in-11-colours.html#primaryimage"},"image":{"@id":"https:\/\/www.bagnoitalia.com\/de\/produkt\/lion4-bathroom-cabinet-with-drawer-unit-and-90-or-100-cm-door-right-or-left-hand-washbasin-available-in-11-colours.html#primaryimage"},"thumbnailUrl":"https:\/\/img.bagnoitalia.com\/wp-content\/uploads\/1-54.jpg","datePublished":"2025-09-23T14:04:49+00:00","dateModified":"2025-09-23T14:23:00+00:00","breadcrumb":{"@id":"https:\/\/www.bagnoitalia.com\/de\/produkt\/lion4-bathroom-cabinet-with-drawer-unit-and-90-or-100-cm-door-right-or-left-hand-washbasin-available-in-11-colours.html#breadcrumb"},"inLanguage":"de","potentialAction":[{"@type":"ReadAction","target":["https:\/\/www.bagnoitalia.com\/de\/produkt\/lion4-bathroom-cabinet-with-drawer-unit-and-90-or-100-cm-door-right-or-left-hand-washbasin-available-in-11-colours.html"]}]},{"@type":"ImageObject","inLanguage":"de","@id":"https:\/\/www.bagnoitalia.com\/de\/produkt\/lion4-bathroom-cabinet-with-drawer-unit-and-90-or-100-cm-door-right-or-left-hand-washbasin-available-in-11-colours.html#primaryimage","url":"https:\/\/img.bagnoitalia.com\/wp-content\/uploads\/1-54.jpg","contentUrl":"https:\/\/img.bagnoitalia.com\/wp-content\/uploads\/1-54.jpg","width":1000,"height":1000},{"@type":"BreadcrumbList","@id":"https:\/\/www.bagnoitalia.com\/de\/produkt\/lion4-bathroom-cabinet-with-drawer-unit-and-90-or-100-cm-door-right-or-left-hand-washbasin-available-in-11-colours.html#breadcrumb","itemListElement":[{"@type":"ListItem","position":1,"name":"Home","item":"https:\/\/www.bagnoitalia.com\/de"},{"@type":"ListItem","position":2,"name":"Produkte","item":"https:\/\/www.bagnoitalia.com\/de\/shop"},{"@type":"ListItem","position":3,"name":"Lion4 Badezimmerschrank mit Schubladeneinheit und 90 oder 100 cm T\u00fcr, Waschbecken rechts oder links, erh\u00e4ltlich in 11 Farben"}]},{"@type":"WebSite","@id":"https:\/\/www.bagnoitalia.com\/de#website","url":"https:\/\/www.bagnoitalia.com\/de","name":"Bagno Italia","description":"","publisher":{"@id":"https:\/\/www.bagnoitalia.com\/de#organization"},"potentialAction":[{"@type":"SearchAction","target":{"@type":"EntryPoint","urlTemplate":"https:\/\/www.bagnoitalia.com\/de?s={search_term_string}"},"query-input":{"@type":"PropertyValueSpecification","valueRequired":true,"valueName":"search_term_string"}}],"inLanguage":"de"},{"@type":"Organization","@id":"https:\/\/www.bagnoitalia.com\/de#organization","name":"Bagno Italia","url":"https:\/\/www.bagnoitalia.com\/de","logo":{"@type":"ImageObject","inLanguage":"de","@id":"https:\/\/www.bagnoitalia.com\/de#\/schema\/logo\/image\/","url":"https:\/\/img.bagnoitalia.com\/wp-content\/uploads\/logo-bagnoitalia.webp","contentUrl":"https:\/\/img.bagnoitalia.com\/wp-content\/uploads\/logo-bagnoitalia.webp","width":400,"height":70,"caption":"Bagno Italia"},"image":{"@id":"https:\/\/www.bagnoitalia.com\/de#\/schema\/logo\/image\/"}}]}},"_links":{"self":[{"href":"https:\/\/www.bagnoitalia.com\/de\/wp-json\/wp\/v2\/product\/111738","targetHints":{"allow":["GET"]}}],"collection":[{"href":"https:\/\/www.bagnoitalia.com\/de\/wp-json\/wp\/v2\/product"}],"about":[{"href":"https:\/\/www.bagnoitalia.com\/de\/wp-json\/wp\/v2\/types\/product"}],"replies":[{"embeddable":true,"href":"https:\/\/www.bagnoitalia.com\/de\/wp-json\/wp\/v2\/comments?post=111738"}],"version-history":[{"count":3,"href":"https:\/\/www.bagnoitalia.com\/de\/wp-json\/wp\/v2\/product\/111738\/revisions"}],"predecessor-version":[{"id":111746,"href":"https:\/\/www.bagnoitalia.com\/de\/wp-json\/wp\/v2\/product\/111738\/revisions\/111746"}],"wp:featuredmedia":[{"embeddable":true,"href":"https:\/\/www.bagnoitalia.com\/de\/wp-json\/wp\/v2\/media\/111602"}],"wp:attachment":[{"href":"https:\/\/www.bagnoitalia.com\/de\/wp-json\/wp\/v2\/media?parent=111738"}],"wp:term":[{"taxonomy":"product_brand","embeddable":true,"href":"https:\/\/www.bagnoitalia.com\/de\/wp-json\/wp\/v2\/product_brand?post=111738"},{"taxonomy":"product_cat","embeddable":true,"href":"https:\/\/www.bagnoitalia.com\/de\/wp-json\/wp\/v2\/product_cat?post=111738"},{"taxonomy":"product_tag","embeddable":true,"href":"https:\/\/www.bagnoitalia.com\/de\/wp-json\/wp\/v2\/product_tag?post=111738"}],"curies":[{"name":"wp","href":"https:\/\/api.w.org\/{rel}","templated":true}]}}