{"id":111588,"date":"2025-09-22T15:59:21","date_gmt":"2025-09-22T13:59:21","guid":{"rendered":"https:\/\/www.bagnoitalia.com\/lion3-wall-mounted-bathroom-cabinet-90-or-100-cm-with-2-drawers-and-1-door-washbasin-on-the-right-or-left.html"},"modified":"2025-09-22T16:14:17","modified_gmt":"2025-09-22T14:14:17","slug":"lion3-wall-mounted-bathroom-cabinet-90-or-100-cm-with-2-drawers-and-1-door-washbasin-on-the-right-or-left","status":"publish","type":"product","link":"https:\/\/www.bagnoitalia.com\/de\/produkt\/lion3-wall-mounted-bathroom-cabinet-90-or-100-cm-with-2-drawers-and-1-door-washbasin-on-the-right-or-left.html","title":{"rendered":"Lion3 Wand-Badezimmerschrank, 90 oder 100 cm, mit 2 Schubladen und 1 T\u00fcr, Waschbecken rechts oder links"},"content":{"rendered":"<p>Badezimmerschrank mit 2 Schubladen + 1 T\u00fcr, Modell \u201eLion3\u201d<\/p>\n<p>&nbsp;<\/p>\n<p>ABMESSUNGEN DES SCHRANKS<\/p>\n<p>2 L\u00e4ngen verf\u00fcgbar (w\u00e4hlen Sie die Gr\u00f6\u00dfe aus dem Dropdown-Men\u00fc oben):<\/p>\n<p>90 cm mit 70 x 90 cm Spiegel<\/p>\n<p>100 cm mit 70 x 100 cm Spiegel<\/p>\n<p>Tiefe: 45 cm<\/p>\n<p>H\u00f6he: 54 cm<\/p>\n<p>&nbsp;<\/p>\n<p>HAUPTMERKMALE DES PRODUKTS<\/p>\n<p>Wandmontierter Badezimmerschrank<\/p>\n<p>Bestehend aus zwei Schubladen und einer T\u00fcr mit Soft-Close-Mechanismus<\/p>\n<p>Hochgl\u00e4nzendes wei\u00dfes Keramikwaschbecken, mit Beckenversatz nach RECHTS oder LINKS (\u00fcber den Schubladen)<\/p>\n<p>Mit \u00dcberlaufloch<\/p>\n<p>Mit Hahnloch (Mischbatterie NICHT im Preis inbegriffen)<\/p>\n<p>Aluminiumgriffe<\/p>\n<p>Schubladenfronten mit Rippenstruktur, T\u00fcr mit matter Oberfl\u00e4che<\/p>\n<p>Sockel in einfarbig oder zweifarbig erh\u00e4ltlich, wahlweise in folgenden Ausf\u00fchrungen:<\/p>\n<p>Afrikanische Eiche<\/p>\n<p>Maya-Nussbaum<\/p>\n<p>Mattwei\u00df<\/p>\n<p>Terrarossa<\/p>\n<p>Waldgr\u00fcn<\/p>\n<p>Afrikanische Eiche mit SCHWARZER T\u00dcR<\/p>\n<p>Maya-Nussbaum mit SCHWARZER T\u00dcR<\/p>\n<p>Mattwei\u00df mit SCHWARZER T\u00dcR<\/p>\n<p>Terrarossa mit SCHWARZER T\u00dcR<\/p>\n<p>Waldgr\u00fcn mit SCHWARZER T\u00dcR<\/p>\n<p>MDF-Holzstruktur<\/p>\n<p>Rechteckiger, beidseitig verwendbarer Spiegel<\/p>\n<p>\u00dcber das Dropdown-Men\u00fc k\u00f6nnen Sie auch einen passenden H\u00e4ngeschrank mit den Ma\u00dfen 35 x 35 x 160 cm, 2 T\u00fcren (Push&amp;Pull) und Innenregalen hinzuf\u00fcgen.<\/p>\n<p>&nbsp;<\/p>\n<p>&nbsp;<\/p>\n<p>&nbsp;<\/p>\n<p>&nbsp;<\/p>\n<p>&nbsp;<\/p>\n<p>&nbsp;<\/p>\n<p>&nbsp;<\/p>\n<p>Lameck<\/p>\n","protected":false},"excerpt":{"rendered":"<p>Wandmontierter Badezimmerschrank, erh\u00e4ltlich in zwei Gr\u00f6\u00dfen und 10 Farbkombinationen. Unterschrank bestehend aus zwei Schubladen mit geriffelten Fronten und einer satinierten T\u00fcr. Das Waschbecken (mit versetztem Becken) und der Spiegel sind im Preis inbegriffen.<\/p>\n","protected":false},"featured_media":111460,"comment_status":"open","ping_status":"closed","template":"","meta":[],"product_brand":[9883],"product_cat":[9720],"product_tag":[],"class_list":{"0":"post-111588","1":"product","2":"type-product","3":"status-publish","4":"has-post-thumbnail","6":"product_brand-deghi-de","7":"product_cat-badmobel-von-71-bis-100-cm-moderne-mobel","9":"first","10":"instock","11":"sale","12":"taxable","13":"shipping-taxable","14":"purchasable","15":"product-type-simple"},"exclude_global_add_ons":false,"addons":[{"name":"Typ","type":"multiple_choice","position":0,"required":true,"title_format":"heading","default":"","description_enable":false,"description":"","placeholder_enable":false,"placeholder":"","display":"select","restrictions_type":"any_text","adjust_price":false,"price":"","price_type":"flat_fee","restrictions":false,"min":"0","max":"0","options":[{"label":"90 cm RECHTS Eiche Afrika","price":"","price_type":"quantity_based","image":0,"visibility":true},{"label":"90 cm RECHTS Maya-Nussbaum","price":"","price_type":"quantity_based","image":0,"visibility":true},{"label":"90 cm RECHTS Mattwei\u00df","price":"","price_type":"quantity_based","image":0,"visibility":true},{"label":"90 cm RECHTS Terrarossa","price":"","price_type":"quantity_based","image":0,"visibility":true},{"label":"90 cm RECHTS Waldgr\u00fcn","price":"","price_type":"quantity_based","image":0,"visibility":true},{"label":"90 cm RECHTS Eiche Afrika mit schwarzer T\u00fcr","price":"","price_type":"quantity_based","image":0,"visibility":true},{"label":"90 cm RECHTS Maya-Nussbaum mit schwarzer T\u00fcr","price":"","price_type":"quantity_based","image":0,"visibility":true},{"label":"90 cm RECHTS Mattwei\u00df mit schwarzer T\u00fcr","price":"","price_type":"quantity_based","image":0,"visibility":true},{"label":"90 cm RECHTS Terrarossa mit schwarzer T\u00fcr","price":"","price_type":"quantity_based","image":0,"visibility":true},{"label":"90 cm RECHTS Waldgr\u00fcn mit schwarzer T\u00fcr","price":"","price_type":"quantity_based","image":0,"visibility":true},{"label":"90 cm LINKS Eiche Afrika","price":"","price_type":"quantity_based","image":0,"visibility":true},{"label":"90 cm LINKS Maya-Nussbaum","price":"","price_type":"quantity_based","image":0,"visibility":true},{"label":"90 cm LINKS Mattwei\u00df","price":"","price_type":"quantity_based","image":0,"visibility":true},{"label":"90 cm LINKS Terrarossa","price":"","price_type":"quantity_based","image":0,"visibility":true},{"label":"90 cm LINKS Waldgr\u00fcn","price":"","price_type":"quantity_based","image":0,"visibility":true},{"label":"90 cm LINKS Eiche Afrika mit schwarzer T\u00fcr","price":"","price_type":"quantity_based","image":0,"visibility":true},{"label":"90 cm LINKS Maya-Nussbaum mit schwarzer T\u00fcr","price":"","price_type":"quantity_based","image":0,"visibility":true},{"label":"90 cm LINKS mattwei\u00df mit schwarzer T\u00fcr","price":"","price_type":"quantity_based","image":0,"visibility":true},{"label":"90 cm LINKS Terrarossa mit schwarzer T\u00fcr","price":"","price_type":"quantity_based","image":0,"visibility":true},{"label":"90 cm LINKS Waldgr\u00fcn mit schwarzer T\u00fcr","price":"","price_type":"quantity_based","image":0,"visibility":true},{"label":"100 cm RECHTS Eiche Afrika","price":"40","price_type":"quantity_based","image":0,"visibility":true},{"label":"100 cm RECHTS Maya-Nussbaum","price":"40","price_type":"quantity_based","image":0,"visibility":true},{"label":"100 cm RECHTS mattwei\u00df","price":"40","price_type":"quantity_based","image":0,"visibility":true},{"label":"100 cm RECHTS Terrarossa","price":"40","price_type":"quantity_based","image":0,"visibility":true},{"label":"100 cm RECHTS Waldgr\u00fcn","price":"40","price_type":"quantity_based","image":0,"visibility":true},{"label":"100 cm RECHTS Eiche Afrika mit schwarzer T\u00fcr","price":"40","price_type":"quantity_based","image":0,"visibility":true},{"label":"100 cm RECHTS Maya-Nussbaum mit schwarzer T\u00fcr","price":"40","price_type":"quantity_based","image":0,"visibility":true},{"label":"100 cm RECHTS mattwei\u00df mit schwarzer T\u00fcr","price":"40","price_type":"quantity_based","image":0,"visibility":true},{"label":"100 cm RECHTS Terrarossa mit schwarzer T\u00fcr","price":"40","price_type":"quantity_based","image":0,"visibility":true},{"label":"100 cm RECHTS Waldgr\u00fcn mit schwarzer T\u00fcr","price":"40","price_type":"quantity_based","image":0,"visibility":true},{"label":"100 cm LINKS Eiche Afrika","price":"40","price_type":"quantity_based","image":0,"visibility":true},{"label":"100 cm LINKS Maya-Nussbaum","price":"40","price_type":"quantity_based","image":0,"visibility":true},{"label":"100 cm LINKS mattwei\u00df","price":"40","price_type":"quantity_based","image":0,"visibility":true},{"label":"100 cm LINKS Terrarossa","price":"40","price_type":"quantity_based","image":0,"visibility":true},{"label":"100 cm LINKS Waldgr\u00fcn","price":"40","price_type":"quantity_based","image":0,"visibility":true},{"label":"100 cm LINKS Eiche Afrika mit schwarzer T\u00fcr","price":"40","price_type":"quantity_based","image":0,"visibility":true},{"label":"100 cm LINKS Maya-Nussbaum mit schwarzer T\u00fcr","price":"40","price_type":"quantity_based","image":0,"visibility":true},{"label":"100 cm LINKS Mattwei\u00df mit schwarzer T\u00fcr","price":"40","price_type":"quantity_based","image":0,"visibility":true},{"label":"100 cm LINKS Terrarossa mit schwarzer T\u00fcr","price":"40","price_type":"quantity_based","image":0,"visibility":true},{"label":"100 cm LINKS Waldgr\u00fcn mit schwarzer T\u00fcr","price":"40","price_type":"quantity_based","image":0,"visibility":true}],"id":1758556762},{"name":"S\u00e4ule","type":"multiple_choice","position":1,"required":true,"title_format":"heading","default":"","description_enable":false,"description":"","placeholder_enable":false,"placeholder":"","display":"select","restrictions_type":"any_text","adjust_price":false,"price":"","price_type":"flat_fee","restrictions":false,"min":"0","max":"0","options":[{"label":"NO","price":"","price_type":"quantity_based","image":0,"visibility":true},{"label":"1 S\u00e4ule 35 x 35 x H 160 cm","price":"619","price_type":"quantity_based","image":0,"visibility":true}],"id":1758556763}],"yoast_head":"<!-- This site is optimized with the Yoast SEO plugin v26.7 - https:\/\/yoast.com\/wordpress\/plugins\/seo\/ -->\n<title>Lion3 Wand-Badezimmerschrank, 90 oder 100 cm, mit 2 Schubladen und 1 T\u00fcr, Waschbecken rechts oder links - Bagno Italia<\/title>\n<meta name=\"robots\" content=\"index, follow, max-snippet:-1, max-image-preview:large, max-video-preview:-1\" \/>\n<link rel=\"canonical\" href=\"https:\/\/www.bagnoitalia.com\/de\/produkt\/lion3-wall-mounted-bathroom-cabinet-90-or-100-cm-with-2-drawers-and-1-door-washbasin-on-the-right-or-left.html\" \/>\n<meta property=\"og:locale\" content=\"de_DE\" \/>\n<meta property=\"og:type\" content=\"article\" \/>\n<meta property=\"og:title\" content=\"Lion3 Wand-Badezimmerschrank, 90 oder 100 cm, mit 2 Schubladen und 1 T\u00fcr, Waschbecken rechts oder links - Bagno Italia\" \/>\n<meta property=\"og:description\" content=\"Wandmontierter Badezimmerschrank, erh\u00e4ltlich in zwei Gr\u00f6\u00dfen und 10 Farbkombinationen. Unterschrank bestehend aus zwei Schubladen mit geriffelten Fronten und einer satinierten T\u00fcr. Das Waschbecken (mit versetztem Becken) und der Spiegel sind im Preis inbegriffen.\" \/>\n<meta property=\"og:url\" content=\"https:\/\/www.bagnoitalia.com\/de\/produkt\/lion3-wall-mounted-bathroom-cabinet-90-or-100-cm-with-2-drawers-and-1-door-washbasin-on-the-right-or-left.html\" \/>\n<meta property=\"og:site_name\" content=\"Bagno Italia\" \/>\n<meta property=\"article:modified_time\" content=\"2025-09-22T14:14:17+00:00\" \/>\n<meta property=\"og:image\" content=\"https:\/\/img.bagnoitalia.com\/wp-content\/uploads\/1-53.jpg\" \/>\n\t<meta property=\"og:image:width\" content=\"1000\" \/>\n\t<meta property=\"og:image:height\" content=\"1000\" \/>\n\t<meta property=\"og:image:type\" content=\"image\/jpeg\" \/>\n<meta name=\"twitter:card\" content=\"summary_large_image\" \/>\n<meta name=\"twitter:label1\" content=\"Gesch\u00e4tzte Lesezeit\" \/>\n\t<meta name=\"twitter:data1\" content=\"1\u00a0Minute\" \/>\n<script type=\"application\/ld+json\" class=\"yoast-schema-graph\">{\"@context\":\"https:\/\/schema.org\",\"@graph\":[{\"@type\":\"WebPage\",\"@id\":\"https:\/\/www.bagnoitalia.com\/de\/produkt\/lion3-wall-mounted-bathroom-cabinet-90-or-100-cm-with-2-drawers-and-1-door-washbasin-on-the-right-or-left.html\",\"url\":\"https:\/\/www.bagnoitalia.com\/de\/produkt\/lion3-wall-mounted-bathroom-cabinet-90-or-100-cm-with-2-drawers-and-1-door-washbasin-on-the-right-or-left.html\",\"name\":\"Lion3 Wand-Badezimmerschrank, 90 oder 100 cm, mit 2 Schubladen und 1 T\u00fcr, Waschbecken rechts oder links - Bagno Italia\",\"isPartOf\":{\"@id\":\"https:\/\/www.bagnoitalia.com\/de#website\"},\"primaryImageOfPage\":{\"@id\":\"https:\/\/www.bagnoitalia.com\/de\/produkt\/lion3-wall-mounted-bathroom-cabinet-90-or-100-cm-with-2-drawers-and-1-door-washbasin-on-the-right-or-left.html#primaryimage\"},\"image\":{\"@id\":\"https:\/\/www.bagnoitalia.com\/de\/produkt\/lion3-wall-mounted-bathroom-cabinet-90-or-100-cm-with-2-drawers-and-1-door-washbasin-on-the-right-or-left.html#primaryimage\"},\"thumbnailUrl\":\"https:\/\/img.bagnoitalia.com\/wp-content\/uploads\/1-53.jpg\",\"datePublished\":\"2025-09-22T13:59:21+00:00\",\"dateModified\":\"2025-09-22T14:14:17+00:00\",\"breadcrumb\":{\"@id\":\"https:\/\/www.bagnoitalia.com\/de\/produkt\/lion3-wall-mounted-bathroom-cabinet-90-or-100-cm-with-2-drawers-and-1-door-washbasin-on-the-right-or-left.html#breadcrumb\"},\"inLanguage\":\"de\",\"potentialAction\":[{\"@type\":\"ReadAction\",\"target\":[\"https:\/\/www.bagnoitalia.com\/de\/produkt\/lion3-wall-mounted-bathroom-cabinet-90-or-100-cm-with-2-drawers-and-1-door-washbasin-on-the-right-or-left.html\"]}]},{\"@type\":\"ImageObject\",\"inLanguage\":\"de\",\"@id\":\"https:\/\/www.bagnoitalia.com\/de\/produkt\/lion3-wall-mounted-bathroom-cabinet-90-or-100-cm-with-2-drawers-and-1-door-washbasin-on-the-right-or-left.html#primaryimage\",\"url\":\"https:\/\/img.bagnoitalia.com\/wp-content\/uploads\/1-53.jpg\",\"contentUrl\":\"https:\/\/img.bagnoitalia.com\/wp-content\/uploads\/1-53.jpg\",\"width\":1000,\"height\":1000},{\"@type\":\"BreadcrumbList\",\"@id\":\"https:\/\/www.bagnoitalia.com\/de\/produkt\/lion3-wall-mounted-bathroom-cabinet-90-or-100-cm-with-2-drawers-and-1-door-washbasin-on-the-right-or-left.html#breadcrumb\",\"itemListElement\":[{\"@type\":\"ListItem\",\"position\":1,\"name\":\"Home\",\"item\":\"https:\/\/www.bagnoitalia.com\/de\"},{\"@type\":\"ListItem\",\"position\":2,\"name\":\"Produkte\",\"item\":\"https:\/\/www.bagnoitalia.com\/de\/shop\"},{\"@type\":\"ListItem\",\"position\":3,\"name\":\"Lion3 Wand-Badezimmerschrank, 90 oder 100 cm, mit 2 Schubladen und 1 T\u00fcr, Waschbecken rechts oder links\"}]},{\"@type\":\"WebSite\",\"@id\":\"https:\/\/www.bagnoitalia.com\/de#website\",\"url\":\"https:\/\/www.bagnoitalia.com\/de\",\"name\":\"Bagno Italia\",\"description\":\"\",\"publisher\":{\"@id\":\"https:\/\/www.bagnoitalia.com\/de#organization\"},\"potentialAction\":[{\"@type\":\"SearchAction\",\"target\":{\"@type\":\"EntryPoint\",\"urlTemplate\":\"https:\/\/www.bagnoitalia.com\/de?s={search_term_string}\"},\"query-input\":{\"@type\":\"PropertyValueSpecification\",\"valueRequired\":true,\"valueName\":\"search_term_string\"}}],\"inLanguage\":\"de\"},{\"@type\":\"Organization\",\"@id\":\"https:\/\/www.bagnoitalia.com\/de#organization\",\"name\":\"Bagno Italia\",\"url\":\"https:\/\/www.bagnoitalia.com\/de\",\"logo\":{\"@type\":\"ImageObject\",\"inLanguage\":\"de\",\"@id\":\"https:\/\/www.bagnoitalia.com\/de#\/schema\/logo\/image\/\",\"url\":\"https:\/\/img.bagnoitalia.com\/wp-content\/uploads\/logo-bagnoitalia.webp\",\"contentUrl\":\"https:\/\/img.bagnoitalia.com\/wp-content\/uploads\/logo-bagnoitalia.webp\",\"width\":400,\"height\":70,\"caption\":\"Bagno Italia\"},\"image\":{\"@id\":\"https:\/\/www.bagnoitalia.com\/de#\/schema\/logo\/image\/\"}}]}<\/script>\n<!-- \/ Yoast SEO plugin. -->","yoast_head_json":{"title":"Lion3 Wand-Badezimmerschrank, 90 oder 100 cm, mit 2 Schubladen und 1 T\u00fcr, Waschbecken rechts oder links - Bagno Italia","robots":{"index":"index","follow":"follow","max-snippet":"max-snippet:-1","max-image-preview":"max-image-preview:large","max-video-preview":"max-video-preview:-1"},"canonical":"https:\/\/www.bagnoitalia.com\/de\/produkt\/lion3-wall-mounted-bathroom-cabinet-90-or-100-cm-with-2-drawers-and-1-door-washbasin-on-the-right-or-left.html","og_locale":"de_DE","og_type":"article","og_title":"Lion3 Wand-Badezimmerschrank, 90 oder 100 cm, mit 2 Schubladen und 1 T\u00fcr, Waschbecken rechts oder links - Bagno Italia","og_description":"Wandmontierter Badezimmerschrank, erh\u00e4ltlich in zwei Gr\u00f6\u00dfen und 10 Farbkombinationen. Unterschrank bestehend aus zwei Schubladen mit geriffelten Fronten und einer satinierten T\u00fcr. Das Waschbecken (mit versetztem Becken) und der Spiegel sind im Preis inbegriffen.","og_url":"https:\/\/www.bagnoitalia.com\/de\/produkt\/lion3-wall-mounted-bathroom-cabinet-90-or-100-cm-with-2-drawers-and-1-door-washbasin-on-the-right-or-left.html","og_site_name":"Bagno Italia","article_modified_time":"2025-09-22T14:14:17+00:00","og_image":[{"width":1000,"height":1000,"url":"https:\/\/img.bagnoitalia.com\/wp-content\/uploads\/1-53.jpg","type":"image\/jpeg"}],"twitter_card":"summary_large_image","twitter_misc":{"Gesch\u00e4tzte Lesezeit":"1\u00a0Minute"},"schema":{"@context":"https:\/\/schema.org","@graph":[{"@type":"WebPage","@id":"https:\/\/www.bagnoitalia.com\/de\/produkt\/lion3-wall-mounted-bathroom-cabinet-90-or-100-cm-with-2-drawers-and-1-door-washbasin-on-the-right-or-left.html","url":"https:\/\/www.bagnoitalia.com\/de\/produkt\/lion3-wall-mounted-bathroom-cabinet-90-or-100-cm-with-2-drawers-and-1-door-washbasin-on-the-right-or-left.html","name":"Lion3 Wand-Badezimmerschrank, 90 oder 100 cm, mit 2 Schubladen und 1 T\u00fcr, Waschbecken rechts oder links - Bagno Italia","isPartOf":{"@id":"https:\/\/www.bagnoitalia.com\/de#website"},"primaryImageOfPage":{"@id":"https:\/\/www.bagnoitalia.com\/de\/produkt\/lion3-wall-mounted-bathroom-cabinet-90-or-100-cm-with-2-drawers-and-1-door-washbasin-on-the-right-or-left.html#primaryimage"},"image":{"@id":"https:\/\/www.bagnoitalia.com\/de\/produkt\/lion3-wall-mounted-bathroom-cabinet-90-or-100-cm-with-2-drawers-and-1-door-washbasin-on-the-right-or-left.html#primaryimage"},"thumbnailUrl":"https:\/\/img.bagnoitalia.com\/wp-content\/uploads\/1-53.jpg","datePublished":"2025-09-22T13:59:21+00:00","dateModified":"2025-09-22T14:14:17+00:00","breadcrumb":{"@id":"https:\/\/www.bagnoitalia.com\/de\/produkt\/lion3-wall-mounted-bathroom-cabinet-90-or-100-cm-with-2-drawers-and-1-door-washbasin-on-the-right-or-left.html#breadcrumb"},"inLanguage":"de","potentialAction":[{"@type":"ReadAction","target":["https:\/\/www.bagnoitalia.com\/de\/produkt\/lion3-wall-mounted-bathroom-cabinet-90-or-100-cm-with-2-drawers-and-1-door-washbasin-on-the-right-or-left.html"]}]},{"@type":"ImageObject","inLanguage":"de","@id":"https:\/\/www.bagnoitalia.com\/de\/produkt\/lion3-wall-mounted-bathroom-cabinet-90-or-100-cm-with-2-drawers-and-1-door-washbasin-on-the-right-or-left.html#primaryimage","url":"https:\/\/img.bagnoitalia.com\/wp-content\/uploads\/1-53.jpg","contentUrl":"https:\/\/img.bagnoitalia.com\/wp-content\/uploads\/1-53.jpg","width":1000,"height":1000},{"@type":"BreadcrumbList","@id":"https:\/\/www.bagnoitalia.com\/de\/produkt\/lion3-wall-mounted-bathroom-cabinet-90-or-100-cm-with-2-drawers-and-1-door-washbasin-on-the-right-or-left.html#breadcrumb","itemListElement":[{"@type":"ListItem","position":1,"name":"Home","item":"https:\/\/www.bagnoitalia.com\/de"},{"@type":"ListItem","position":2,"name":"Produkte","item":"https:\/\/www.bagnoitalia.com\/de\/shop"},{"@type":"ListItem","position":3,"name":"Lion3 Wand-Badezimmerschrank, 90 oder 100 cm, mit 2 Schubladen und 1 T\u00fcr, Waschbecken rechts oder links"}]},{"@type":"WebSite","@id":"https:\/\/www.bagnoitalia.com\/de#website","url":"https:\/\/www.bagnoitalia.com\/de","name":"Bagno Italia","description":"","publisher":{"@id":"https:\/\/www.bagnoitalia.com\/de#organization"},"potentialAction":[{"@type":"SearchAction","target":{"@type":"EntryPoint","urlTemplate":"https:\/\/www.bagnoitalia.com\/de?s={search_term_string}"},"query-input":{"@type":"PropertyValueSpecification","valueRequired":true,"valueName":"search_term_string"}}],"inLanguage":"de"},{"@type":"Organization","@id":"https:\/\/www.bagnoitalia.com\/de#organization","name":"Bagno Italia","url":"https:\/\/www.bagnoitalia.com\/de","logo":{"@type":"ImageObject","inLanguage":"de","@id":"https:\/\/www.bagnoitalia.com\/de#\/schema\/logo\/image\/","url":"https:\/\/img.bagnoitalia.com\/wp-content\/uploads\/logo-bagnoitalia.webp","contentUrl":"https:\/\/img.bagnoitalia.com\/wp-content\/uploads\/logo-bagnoitalia.webp","width":400,"height":70,"caption":"Bagno Italia"},"image":{"@id":"https:\/\/www.bagnoitalia.com\/de#\/schema\/logo\/image\/"}}]}},"_links":{"self":[{"href":"https:\/\/www.bagnoitalia.com\/de\/wp-json\/wp\/v2\/product\/111588","targetHints":{"allow":["GET"]}}],"collection":[{"href":"https:\/\/www.bagnoitalia.com\/de\/wp-json\/wp\/v2\/product"}],"about":[{"href":"https:\/\/www.bagnoitalia.com\/de\/wp-json\/wp\/v2\/types\/product"}],"replies":[{"embeddable":true,"href":"https:\/\/www.bagnoitalia.com\/de\/wp-json\/wp\/v2\/comments?post=111588"}],"version-history":[{"count":3,"href":"https:\/\/www.bagnoitalia.com\/de\/wp-json\/wp\/v2\/product\/111588\/revisions"}],"predecessor-version":[{"id":111596,"href":"https:\/\/www.bagnoitalia.com\/de\/wp-json\/wp\/v2\/product\/111588\/revisions\/111596"}],"wp:featuredmedia":[{"embeddable":true,"href":"https:\/\/www.bagnoitalia.com\/de\/wp-json\/wp\/v2\/media\/111460"}],"wp:attachment":[{"href":"https:\/\/www.bagnoitalia.com\/de\/wp-json\/wp\/v2\/media?parent=111588"}],"wp:term":[{"taxonomy":"product_brand","embeddable":true,"href":"https:\/\/www.bagnoitalia.com\/de\/wp-json\/wp\/v2\/product_brand?post=111588"},{"taxonomy":"product_cat","embeddable":true,"href":"https:\/\/www.bagnoitalia.com\/de\/wp-json\/wp\/v2\/product_cat?post=111588"},{"taxonomy":"product_tag","embeddable":true,"href":"https:\/\/www.bagnoitalia.com\/de\/wp-json\/wp\/v2\/product_tag?post=111588"}],"curies":[{"name":"wp","href":"https:\/\/api.w.org\/{rel}","templated":true}]}}