{"id":111297,"date":"2025-09-16T15:51:34","date_gmt":"2025-09-16T13:51:34","guid":{"rendered":"https:\/\/www.bagnoitalia.com\/lion1-bathroom-cabinet-in-5-sizes-and-7-colours-with-washbasin-mirror-and-slatted-chest-of-drawers.html"},"modified":"2025-09-16T16:19:16","modified_gmt":"2025-09-16T14:19:16","slug":"lion1-bathroom-cabinet-in-5-sizes-and-7-colours-with-washbasin-mirror-and-slatted-chest-of-drawers","status":"publish","type":"product","link":"https:\/\/www.bagnoitalia.com\/de\/produkt\/lion1-bathroom-cabinet-in-5-sizes-and-7-colours-with-washbasin-mirror-and-slatted-chest-of-drawers.html","title":{"rendered":"Lion1 Badezimmerschrank in 5 Gr\u00f6\u00dfen und 7 Farben mit Waschbecken, Spiegel und Kommode mit Lattenrost"},"content":{"rendered":"<p>&#8222;Lion1\u201d BADEZIMMERSCHRANK in 5 Gr\u00f6\u00dfen und 7 Farben<\/p>\n<p>&nbsp;<\/p>\n<p>PRODUKTABMESSUNGEN<\/p>\n<p>Verf\u00fcgbare L\u00e4ngen (w\u00e4hlen Sie die Gr\u00f6\u00dfe aus dem Dropdown-Men\u00fc):<\/p>\n<p>60 cm mit Spiegel \u00d8 70 cm<br \/>\n70 cm mit Spiegel \u00d8 70 cm<br \/>\n80 cm mit Spiegel \u00d8 70 cm<br \/>\n90 cm mit Spiegel \u00d8 80 cm<br \/>\n100 cm mit Spiegel \u00d8 80 cm<\/p>\n<p>Tiefe: 45 cm<\/p>\n<p>H\u00f6he: 40,5 cm<\/p>\n<p>&nbsp;<\/p>\n<p>PRODUKTMERKMALE<\/p>\n<p>Wandmontierter Badezimmerschrank mit einer Soft-Close-Schublade<\/p>\n<p>Aluminiumgriff<\/p>\n<p>Schubladenfront mit Rippeneffekt<\/p>\n<p>7 Farben verf\u00fcgbar:<\/p>\n<p>Afrikanische Eiche<br \/>\nMaya-Nussbaum<br \/>\nMattwei\u00df<br \/>\nMattschwarz<br \/>\nTerrarossa<br \/>\nSelva-Gr\u00fcn<br \/>\nEisen-Eiche<\/p>\n<p>MDF-Holzstruktur<\/p>\n<p>Hochgl\u00e4nzendes wei\u00dfes Keramikwaschbecken<\/p>\n<p>Mit \u00dcberlaufloch<\/p>\n<p>Mit Mischbatterieausschnitt<\/p>\n<p>Mischbatterie NICHT im Preis inbegriffen<\/p>\n<p>\u00dcber das Dropdown-Men\u00fc k\u00f6nnen Sie auch einen passenden Wandschrank mit den Ma\u00dfen 35 x 35 x 160 cm, 2 T\u00fcren (Push&amp;Pull) und Innenregalen hinzuf\u00fcgen.<\/p>\n<p>&nbsp;<\/p>\n<p>&nbsp;<\/p>\n<p>&nbsp;<\/p>\n<p>&nbsp;<\/p>\n<p>&nbsp;<\/p>\n<p>&nbsp;<\/p>\n<p>&nbsp;<\/p>\n<p>&nbsp;<\/p>\n<p>Lameck<\/p>\n","protected":false},"excerpt":{"rendered":"<p>Wandmontierter Badezimmerschrank, erh\u00e4ltlich in den Breiten 60, 70, 80, 90 oder 100 cm und in den Farben Afrikanische Eiche, Maya-Nussbaum, Mattwei\u00df, Mattschwarz, Terrarot, Waldgr\u00fcn und Eisen-Eiche mit Rippeneffekt. Waschbecken und Spiegel sind im Preis inbegriffen.<\/p>\n","protected":false},"featured_media":111181,"comment_status":"open","ping_status":"closed","template":"","meta":[],"product_brand":[9883],"product_cat":[9716,9720],"product_tag":[],"class_list":{"0":"post-111297","1":"product","2":"type-product","3":"status-publish","4":"has-post-thumbnail","6":"product_brand-deghi-de","7":"product_cat-badmobel-von-40-bis-70-cm-moderne-mobel","8":"product_cat-badmobel-von-71-bis-100-cm-moderne-mobel","10":"first","11":"instock","12":"sale","13":"taxable","14":"shipping-taxable","15":"purchasable","16":"product-type-simple"},"exclude_global_add_ons":false,"addons":[{"name":"Typ","type":"multiple_choice","position":0,"required":true,"title_format":"heading","default":"","description_enable":false,"description":"","placeholder_enable":false,"placeholder":"","display":"select","restrictions_type":"any_text","adjust_price":false,"price":"","price_type":"flat_fee","restrictions":false,"min":"0","max":"0","options":[{"label":"60 cm Afrikanische Eiche","price":"","price_type":"quantity_based","image":0,"visibility":true},{"label":"60 cm Maya-Nussbaum","price":"","price_type":"quantity_based","image":0,"visibility":true},{"label":"60 cm Mattwei\u00df","price":"","price_type":"quantity_based","image":0,"visibility":true},{"label":"60 cm Mattschwarz","price":"","price_type":"quantity_based","image":0,"visibility":true},{"label":"60 cm Terrarot","price":"","price_type":"quantity_based","image":0,"visibility":true},{"label":"60 cm Waldgr\u00fcn","price":"","price_type":"quantity_based","image":0,"visibility":true},{"label":"60 cm Eisen-Eiche","price":"","price_type":"quantity_based","image":0,"visibility":true},{"label":"70cm Afrikanische Eiche","price":"30","price_type":"quantity_based","image":0,"visibility":true},{"label":"70cm Maya-Nussbaum","price":"30","price_type":"quantity_based","image":0,"visibility":true},{"label":"70cm Mattwei\u00df","price":"30","price_type":"quantity_based","image":0,"visibility":true},{"label":"70cm Mattschwarz","price":"30","price_type":"quantity_based","image":0,"visibility":true},{"label":"70cm Terrarot","price":"30","price_type":"quantity_based","image":0,"visibility":true},{"label":"70 cm Waldgr\u00fcn","price":"30","price_type":"quantity_based","image":0,"visibility":true},{"label":"70cm Eisen-Eiche","price":"30","price_type":"quantity_based","image":0,"visibility":true},{"label":"80cm Afrikanische Eiche","price":"70","price_type":"quantity_based","image":0,"visibility":true},{"label":"80cm Maya-Nussbaum","price":"70","price_type":"quantity_based","image":0,"visibility":true},{"label":"80cm Mattwei\u00df","price":"70","price_type":"quantity_based","image":0,"visibility":true},{"label":"80cm Mattschwarz","price":"70","price_type":"quantity_based","image":0,"visibility":true},{"label":"80cm Terrarot","price":"70","price_type":"quantity_based","image":0,"visibility":true},{"label":"80 cm Waldgr\u00fcn","price":"70","price_type":"quantity_based","image":0,"visibility":true},{"label":"80cm Eisen-Eiche","price":"70","price_type":"quantity_based","image":0,"visibility":true},{"label":"90cm Afrikanische Eiche","price":"100","price_type":"quantity_based","image":0,"visibility":true},{"label":"90cm Maya-Nussbaum","price":"100","price_type":"quantity_based","image":0,"visibility":true},{"label":"90cm Mattwei\u00df","price":"100","price_type":"quantity_based","image":0,"visibility":true},{"label":"90cm Mattschwarz","price":"100","price_type":"quantity_based","image":0,"visibility":true},{"label":"90cm Terrarot","price":"100","price_type":"quantity_based","image":0,"visibility":true},{"label":"90cm Waldgr\u00fcn","price":"100","price_type":"quantity_based","image":0,"visibility":true},{"label":"90cm Eisen-Eiche","price":"100","price_type":"quantity_based","image":0,"visibility":true},{"label":"100cm Afrikanische Eiche","price":"140","price_type":"quantity_based","image":0,"visibility":true},{"label":"100cm Maya-Nussbaum","price":"140","price_type":"quantity_based","image":0,"visibility":true},{"label":"100cm Mattwei\u00df","price":"140","price_type":"quantity_based","image":0,"visibility":true},{"label":"100cm Mattschwarz","price":"140","price_type":"quantity_based","image":0,"visibility":true},{"label":"100cm Terrarot","price":"140","price_type":"quantity_based","image":0,"visibility":true},{"label":"100cm Waldgr\u00fcn","price":"140","price_type":"quantity_based","image":0,"visibility":true},{"label":"100cm Eisen-Eiche","price":"140","price_type":"quantity_based","image":0,"visibility":true}],"id":1758037895},{"name":"S\u00e4ule","type":"multiple_choice","position":1,"required":true,"title_format":"heading","default":"","description_enable":false,"description":"","placeholder_enable":false,"placeholder":"","display":"select","restrictions_type":"any_text","adjust_price":false,"price":"","price_type":"flat_fee","restrictions":false,"min":"0","max":"0","options":[{"label":"NO","price":"","price_type":"quantity_based","image":0,"visibility":true},{"label":"1 S\u00e4ule 35 x 35 x H 160 cm","price":"619","price_type":"quantity_based","image":0,"visibility":true}],"id":1758037896}],"yoast_head":"<!-- This site is optimized with the Yoast SEO plugin v26.7 - https:\/\/yoast.com\/wordpress\/plugins\/seo\/ -->\n<title>Lion1 Badezimmerschrank in 5 Gr\u00f6\u00dfen und 7 Farben mit Waschbecken, Spiegel und Kommode mit Lattenrost - Bagno Italia<\/title>\n<meta name=\"robots\" content=\"index, follow, max-snippet:-1, max-image-preview:large, max-video-preview:-1\" \/>\n<link rel=\"canonical\" href=\"https:\/\/www.bagnoitalia.com\/de\/produkt\/lion1-bathroom-cabinet-in-5-sizes-and-7-colours-with-washbasin-mirror-and-slatted-chest-of-drawers.html\" \/>\n<meta property=\"og:locale\" content=\"de_DE\" \/>\n<meta property=\"og:type\" content=\"article\" \/>\n<meta property=\"og:title\" content=\"Lion1 Badezimmerschrank in 5 Gr\u00f6\u00dfen und 7 Farben mit Waschbecken, Spiegel und Kommode mit Lattenrost - Bagno Italia\" \/>\n<meta property=\"og:description\" content=\"Wandmontierter Badezimmerschrank, erh\u00e4ltlich in den Breiten 60, 70, 80, 90 oder 100 cm und in den Farben Afrikanische Eiche, Maya-Nussbaum, Mattwei\u00df, Mattschwarz, Terrarot, Waldgr\u00fcn und Eisen-Eiche mit Rippeneffekt. Waschbecken und Spiegel sind im Preis inbegriffen.\" \/>\n<meta property=\"og:url\" content=\"https:\/\/www.bagnoitalia.com\/de\/produkt\/lion1-bathroom-cabinet-in-5-sizes-and-7-colours-with-washbasin-mirror-and-slatted-chest-of-drawers.html\" \/>\n<meta property=\"og:site_name\" content=\"Bagno Italia\" \/>\n<meta property=\"article:modified_time\" content=\"2025-09-16T14:19:16+00:00\" \/>\n<meta property=\"og:image\" content=\"https:\/\/img.bagnoitalia.com\/wp-content\/uploads\/1-51.jpg\" \/>\n\t<meta property=\"og:image:width\" content=\"1000\" \/>\n\t<meta property=\"og:image:height\" content=\"1000\" \/>\n\t<meta property=\"og:image:type\" content=\"image\/jpeg\" \/>\n<meta name=\"twitter:card\" content=\"summary_large_image\" \/>\n<meta name=\"twitter:label1\" content=\"Gesch\u00e4tzte Lesezeit\" \/>\n\t<meta name=\"twitter:data1\" content=\"1\u00a0Minute\" \/>\n<script type=\"application\/ld+json\" class=\"yoast-schema-graph\">{\"@context\":\"https:\/\/schema.org\",\"@graph\":[{\"@type\":\"WebPage\",\"@id\":\"https:\/\/www.bagnoitalia.com\/de\/produkt\/lion1-bathroom-cabinet-in-5-sizes-and-7-colours-with-washbasin-mirror-and-slatted-chest-of-drawers.html\",\"url\":\"https:\/\/www.bagnoitalia.com\/de\/produkt\/lion1-bathroom-cabinet-in-5-sizes-and-7-colours-with-washbasin-mirror-and-slatted-chest-of-drawers.html\",\"name\":\"Lion1 Badezimmerschrank in 5 Gr\u00f6\u00dfen und 7 Farben mit Waschbecken, Spiegel und Kommode mit Lattenrost - Bagno Italia\",\"isPartOf\":{\"@id\":\"https:\/\/www.bagnoitalia.com\/de#website\"},\"primaryImageOfPage\":{\"@id\":\"https:\/\/www.bagnoitalia.com\/de\/produkt\/lion1-bathroom-cabinet-in-5-sizes-and-7-colours-with-washbasin-mirror-and-slatted-chest-of-drawers.html#primaryimage\"},\"image\":{\"@id\":\"https:\/\/www.bagnoitalia.com\/de\/produkt\/lion1-bathroom-cabinet-in-5-sizes-and-7-colours-with-washbasin-mirror-and-slatted-chest-of-drawers.html#primaryimage\"},\"thumbnailUrl\":\"https:\/\/img.bagnoitalia.com\/wp-content\/uploads\/1-51.jpg\",\"datePublished\":\"2025-09-16T13:51:34+00:00\",\"dateModified\":\"2025-09-16T14:19:16+00:00\",\"breadcrumb\":{\"@id\":\"https:\/\/www.bagnoitalia.com\/de\/produkt\/lion1-bathroom-cabinet-in-5-sizes-and-7-colours-with-washbasin-mirror-and-slatted-chest-of-drawers.html#breadcrumb\"},\"inLanguage\":\"de\",\"potentialAction\":[{\"@type\":\"ReadAction\",\"target\":[\"https:\/\/www.bagnoitalia.com\/de\/produkt\/lion1-bathroom-cabinet-in-5-sizes-and-7-colours-with-washbasin-mirror-and-slatted-chest-of-drawers.html\"]}]},{\"@type\":\"ImageObject\",\"inLanguage\":\"de\",\"@id\":\"https:\/\/www.bagnoitalia.com\/de\/produkt\/lion1-bathroom-cabinet-in-5-sizes-and-7-colours-with-washbasin-mirror-and-slatted-chest-of-drawers.html#primaryimage\",\"url\":\"https:\/\/img.bagnoitalia.com\/wp-content\/uploads\/1-51.jpg\",\"contentUrl\":\"https:\/\/img.bagnoitalia.com\/wp-content\/uploads\/1-51.jpg\",\"width\":1000,\"height\":1000},{\"@type\":\"BreadcrumbList\",\"@id\":\"https:\/\/www.bagnoitalia.com\/de\/produkt\/lion1-bathroom-cabinet-in-5-sizes-and-7-colours-with-washbasin-mirror-and-slatted-chest-of-drawers.html#breadcrumb\",\"itemListElement\":[{\"@type\":\"ListItem\",\"position\":1,\"name\":\"Home\",\"item\":\"https:\/\/www.bagnoitalia.com\/de\"},{\"@type\":\"ListItem\",\"position\":2,\"name\":\"Produkte\",\"item\":\"https:\/\/www.bagnoitalia.com\/de\/shop\"},{\"@type\":\"ListItem\",\"position\":3,\"name\":\"Lion1 Badezimmerschrank in 5 Gr\u00f6\u00dfen und 7 Farben mit Waschbecken, Spiegel und Kommode mit Lattenrost\"}]},{\"@type\":\"WebSite\",\"@id\":\"https:\/\/www.bagnoitalia.com\/de#website\",\"url\":\"https:\/\/www.bagnoitalia.com\/de\",\"name\":\"Bagno Italia\",\"description\":\"\",\"publisher\":{\"@id\":\"https:\/\/www.bagnoitalia.com\/de#organization\"},\"potentialAction\":[{\"@type\":\"SearchAction\",\"target\":{\"@type\":\"EntryPoint\",\"urlTemplate\":\"https:\/\/www.bagnoitalia.com\/de?s={search_term_string}\"},\"query-input\":{\"@type\":\"PropertyValueSpecification\",\"valueRequired\":true,\"valueName\":\"search_term_string\"}}],\"inLanguage\":\"de\"},{\"@type\":\"Organization\",\"@id\":\"https:\/\/www.bagnoitalia.com\/de#organization\",\"name\":\"Bagno Italia\",\"url\":\"https:\/\/www.bagnoitalia.com\/de\",\"logo\":{\"@type\":\"ImageObject\",\"inLanguage\":\"de\",\"@id\":\"https:\/\/www.bagnoitalia.com\/de#\/schema\/logo\/image\/\",\"url\":\"https:\/\/img.bagnoitalia.com\/wp-content\/uploads\/logo-bagnoitalia.webp\",\"contentUrl\":\"https:\/\/img.bagnoitalia.com\/wp-content\/uploads\/logo-bagnoitalia.webp\",\"width\":400,\"height\":70,\"caption\":\"Bagno Italia\"},\"image\":{\"@id\":\"https:\/\/www.bagnoitalia.com\/de#\/schema\/logo\/image\/\"}}]}<\/script>\n<!-- \/ Yoast SEO plugin. -->","yoast_head_json":{"title":"Lion1 Badezimmerschrank in 5 Gr\u00f6\u00dfen und 7 Farben mit Waschbecken, Spiegel und Kommode mit Lattenrost - Bagno Italia","robots":{"index":"index","follow":"follow","max-snippet":"max-snippet:-1","max-image-preview":"max-image-preview:large","max-video-preview":"max-video-preview:-1"},"canonical":"https:\/\/www.bagnoitalia.com\/de\/produkt\/lion1-bathroom-cabinet-in-5-sizes-and-7-colours-with-washbasin-mirror-and-slatted-chest-of-drawers.html","og_locale":"de_DE","og_type":"article","og_title":"Lion1 Badezimmerschrank in 5 Gr\u00f6\u00dfen und 7 Farben mit Waschbecken, Spiegel und Kommode mit Lattenrost - Bagno Italia","og_description":"Wandmontierter Badezimmerschrank, erh\u00e4ltlich in den Breiten 60, 70, 80, 90 oder 100 cm und in den Farben Afrikanische Eiche, Maya-Nussbaum, Mattwei\u00df, Mattschwarz, Terrarot, Waldgr\u00fcn und Eisen-Eiche mit Rippeneffekt. Waschbecken und Spiegel sind im Preis inbegriffen.","og_url":"https:\/\/www.bagnoitalia.com\/de\/produkt\/lion1-bathroom-cabinet-in-5-sizes-and-7-colours-with-washbasin-mirror-and-slatted-chest-of-drawers.html","og_site_name":"Bagno Italia","article_modified_time":"2025-09-16T14:19:16+00:00","og_image":[{"width":1000,"height":1000,"url":"https:\/\/img.bagnoitalia.com\/wp-content\/uploads\/1-51.jpg","type":"image\/jpeg"}],"twitter_card":"summary_large_image","twitter_misc":{"Gesch\u00e4tzte Lesezeit":"1\u00a0Minute"},"schema":{"@context":"https:\/\/schema.org","@graph":[{"@type":"WebPage","@id":"https:\/\/www.bagnoitalia.com\/de\/produkt\/lion1-bathroom-cabinet-in-5-sizes-and-7-colours-with-washbasin-mirror-and-slatted-chest-of-drawers.html","url":"https:\/\/www.bagnoitalia.com\/de\/produkt\/lion1-bathroom-cabinet-in-5-sizes-and-7-colours-with-washbasin-mirror-and-slatted-chest-of-drawers.html","name":"Lion1 Badezimmerschrank in 5 Gr\u00f6\u00dfen und 7 Farben mit Waschbecken, Spiegel und Kommode mit Lattenrost - Bagno Italia","isPartOf":{"@id":"https:\/\/www.bagnoitalia.com\/de#website"},"primaryImageOfPage":{"@id":"https:\/\/www.bagnoitalia.com\/de\/produkt\/lion1-bathroom-cabinet-in-5-sizes-and-7-colours-with-washbasin-mirror-and-slatted-chest-of-drawers.html#primaryimage"},"image":{"@id":"https:\/\/www.bagnoitalia.com\/de\/produkt\/lion1-bathroom-cabinet-in-5-sizes-and-7-colours-with-washbasin-mirror-and-slatted-chest-of-drawers.html#primaryimage"},"thumbnailUrl":"https:\/\/img.bagnoitalia.com\/wp-content\/uploads\/1-51.jpg","datePublished":"2025-09-16T13:51:34+00:00","dateModified":"2025-09-16T14:19:16+00:00","breadcrumb":{"@id":"https:\/\/www.bagnoitalia.com\/de\/produkt\/lion1-bathroom-cabinet-in-5-sizes-and-7-colours-with-washbasin-mirror-and-slatted-chest-of-drawers.html#breadcrumb"},"inLanguage":"de","potentialAction":[{"@type":"ReadAction","target":["https:\/\/www.bagnoitalia.com\/de\/produkt\/lion1-bathroom-cabinet-in-5-sizes-and-7-colours-with-washbasin-mirror-and-slatted-chest-of-drawers.html"]}]},{"@type":"ImageObject","inLanguage":"de","@id":"https:\/\/www.bagnoitalia.com\/de\/produkt\/lion1-bathroom-cabinet-in-5-sizes-and-7-colours-with-washbasin-mirror-and-slatted-chest-of-drawers.html#primaryimage","url":"https:\/\/img.bagnoitalia.com\/wp-content\/uploads\/1-51.jpg","contentUrl":"https:\/\/img.bagnoitalia.com\/wp-content\/uploads\/1-51.jpg","width":1000,"height":1000},{"@type":"BreadcrumbList","@id":"https:\/\/www.bagnoitalia.com\/de\/produkt\/lion1-bathroom-cabinet-in-5-sizes-and-7-colours-with-washbasin-mirror-and-slatted-chest-of-drawers.html#breadcrumb","itemListElement":[{"@type":"ListItem","position":1,"name":"Home","item":"https:\/\/www.bagnoitalia.com\/de"},{"@type":"ListItem","position":2,"name":"Produkte","item":"https:\/\/www.bagnoitalia.com\/de\/shop"},{"@type":"ListItem","position":3,"name":"Lion1 Badezimmerschrank in 5 Gr\u00f6\u00dfen und 7 Farben mit Waschbecken, Spiegel und Kommode mit Lattenrost"}]},{"@type":"WebSite","@id":"https:\/\/www.bagnoitalia.com\/de#website","url":"https:\/\/www.bagnoitalia.com\/de","name":"Bagno Italia","description":"","publisher":{"@id":"https:\/\/www.bagnoitalia.com\/de#organization"},"potentialAction":[{"@type":"SearchAction","target":{"@type":"EntryPoint","urlTemplate":"https:\/\/www.bagnoitalia.com\/de?s={search_term_string}"},"query-input":{"@type":"PropertyValueSpecification","valueRequired":true,"valueName":"search_term_string"}}],"inLanguage":"de"},{"@type":"Organization","@id":"https:\/\/www.bagnoitalia.com\/de#organization","name":"Bagno Italia","url":"https:\/\/www.bagnoitalia.com\/de","logo":{"@type":"ImageObject","inLanguage":"de","@id":"https:\/\/www.bagnoitalia.com\/de#\/schema\/logo\/image\/","url":"https:\/\/img.bagnoitalia.com\/wp-content\/uploads\/logo-bagnoitalia.webp","contentUrl":"https:\/\/img.bagnoitalia.com\/wp-content\/uploads\/logo-bagnoitalia.webp","width":400,"height":70,"caption":"Bagno Italia"},"image":{"@id":"https:\/\/www.bagnoitalia.com\/de#\/schema\/logo\/image\/"}}]}},"_links":{"self":[{"href":"https:\/\/www.bagnoitalia.com\/de\/wp-json\/wp\/v2\/product\/111297","targetHints":{"allow":["GET"]}}],"collection":[{"href":"https:\/\/www.bagnoitalia.com\/de\/wp-json\/wp\/v2\/product"}],"about":[{"href":"https:\/\/www.bagnoitalia.com\/de\/wp-json\/wp\/v2\/types\/product"}],"replies":[{"embeddable":true,"href":"https:\/\/www.bagnoitalia.com\/de\/wp-json\/wp\/v2\/comments?post=111297"}],"version-history":[{"count":3,"href":"https:\/\/www.bagnoitalia.com\/de\/wp-json\/wp\/v2\/product\/111297\/revisions"}],"predecessor-version":[{"id":111305,"href":"https:\/\/www.bagnoitalia.com\/de\/wp-json\/wp\/v2\/product\/111297\/revisions\/111305"}],"wp:featuredmedia":[{"embeddable":true,"href":"https:\/\/www.bagnoitalia.com\/de\/wp-json\/wp\/v2\/media\/111181"}],"wp:attachment":[{"href":"https:\/\/www.bagnoitalia.com\/de\/wp-json\/wp\/v2\/media?parent=111297"}],"wp:term":[{"taxonomy":"product_brand","embeddable":true,"href":"https:\/\/www.bagnoitalia.com\/de\/wp-json\/wp\/v2\/product_brand?post=111297"},{"taxonomy":"product_cat","embeddable":true,"href":"https:\/\/www.bagnoitalia.com\/de\/wp-json\/wp\/v2\/product_cat?post=111297"},{"taxonomy":"product_tag","embeddable":true,"href":"https:\/\/www.bagnoitalia.com\/de\/wp-json\/wp\/v2\/product_tag?post=111297"}],"curies":[{"name":"wp","href":"https:\/\/api.w.org\/{rel}","templated":true}]}}