{"id":109004,"date":"2025-06-11T15:34:31","date_gmt":"2025-06-11T13:34:31","guid":{"rendered":"https:\/\/www.bagnoitalia.com\/whirlpool-210x160-cm-with-blue-interior-33-jets-heater-and-leds-mp72.html"},"modified":"2025-06-13T14:46:18","modified_gmt":"2025-06-13T12:46:18","slug":"whirlpool-210x160-cm-with-blue-interior-33-jets-heater-and-leds-mp72","status":"publish","type":"product","link":"https:\/\/www.bagnoitalia.com\/de\/produkt\/whirlpool-210x160-cm-with-blue-interior-33-jets-heater-and-leds-mp72.html","title":{"rendered":"Whirlpool 210&#215;160 cm mit blauem Innenraum 33 D\u00fcsen Heizung und LEDs MP72"},"content":{"rendered":"<p>Mini-Pool f\u00fcr 3 Personen mit Wasser- und Luftmassage MP72<\/p>\n<p>Acryl-Whirlpool, insgesamt 33 Aluminiumd\u00fcsen, Umw\u00e4lzpumpe, Luftpumpe, Whirlpoolpumpe, Balboa-Bedienfeld, Balboa-Heizung, UV-Desinfektionsmittel, Filtersystem, LED-Beleuchtung, 3 Sitze (1 Lounge).<\/p>\n<p>Isothermische Abdeckung inklusive.<\/p>\n<p>Leergewicht 270 kg, Wasservolumen 0,95 m3, CE-zertifiziert.<\/p>\n<p>Innenfarbe: blau;<\/p>\n<p>Au\u00dfenfarbe: grau.<\/p>\n<p>Abmessungen: 2100 x 1600 x 790 mm<\/p>\n<p>ANGEBOT: ISOTHERMAL-DECKEN im Wert von 380 \u20ac als Geschenk.<\/p>\n<p>Installationsanleitung f\u00fcr den Whirlpool:<\/p>\n<p>&#8211; inklusive Bef\u00fcllung\/Entleerung mittels F\u00fcll- und Ablassventil,<\/p>\n<p>&#8211; einfacher Anschluss an das Stromnetz durch einen einfachen Stecker,<\/p>\n<p>&#8211; anpassungsf\u00e4hig an geschlossene und offene R\u00e4ume.<\/p>\n<p>Der maximale Verbrauch liegt bei 3 kW, da eingestellt ist, dass sich die Whirlpoolpumpen automatisch abschalten, wenn die Heizung in Betrieb ist und umgekehrt. Diese Einstellung kann \u00fcber das Bedienfeld ge\u00e4ndert werden.<\/p>\n<p>&nbsp;<\/p>\n<p>ABMESSUNGEN 2100 x 1600 x 790 mm<br \/>\nMATERIAL ACRYLIC (glasfaserverst\u00e4rktes Harz)<br \/>\nAUSSENBESCHICHTUNG PVC-HOLZ-EFFEKT<br \/>\nELEKTRISCHE ANFORDERUNGEN 220V\/50HZ<br \/>\nHYDROMASSAGEPUMPEN(2hp) 1<br \/>\nLUFTPUMPE (400w) 1<br \/>\nREKYCLINGPUMPE (0. 35hp) 1<br \/>\nHEIZUNG max. 40\u00b0 (3kw) 1 (BALBOA)<br \/>\nUV-DESINFERKTIONSMITTEL 1<br \/>\nFILTER SYSTEM 1 FILTER<br \/>\nBALBOA GS501Z COMPUTERISED CONTROL BOX<br \/>\nLED LIGHTER UNDERGROUND CHROMOTHERAPY 1<br \/>\nHYDROMASSAGE JETS 27<br \/>\nAIR JETS 6<br \/>\nINTERIOR COLOUR BLUE<br \/>\nACRYLIC BASE SI<br \/>\nSEATS 2<br \/>\nLOUNGE 1<br \/>\nHEADREST 3<br \/>\nISOTHERMAL COVER 1<br \/>\nEMPTY WEIGHT 270kg<br \/>\nWATER VOLUME 0. 95 m3<\/p>\n","protected":false},"excerpt":{"rendered":"<p>Mini-Whirlpool mit Wasser und Luft, 33 D\u00fcsen, f\u00fcr 3 Personen, UV-Desinfektionsmittel, Heizung.<\/p>\n","protected":false},"featured_media":108983,"comment_status":"open","ping_status":"closed","template":"","meta":[],"product_brand":[9910],"product_cat":[10070],"product_tag":[],"class_list":{"0":"post-109004","1":"product","2":"type-product","3":"status-publish","4":"has-post-thumbnail","6":"product_brand-puntorelax-de","7":"product_cat-whirlpools-im-freien","9":"first","10":"instock","11":"sale","12":"taxable","13":"shipping-taxable","14":"purchasable","15":"product-type-simple"},"exclude_global_add_ons":false,"addons":[{"name":"Zubeh\u00f6r","type":"multiple_choice","position":0,"required":true,"title_format":"heading","default":"","description_enable":false,"description":"","placeholder_enable":false,"placeholder":"","display":"select","restrictions_type":"any_text","adjust_price":false,"price":"","price_type":"flat_fee","restrictions":false,"min":"0","max":"0","options":[{"label":"ohne Leiter","price":"","price_type":"quantity_based","image":0,"visibility":true},{"label":"mit Leiter","price":"229","price_type":"quantity_based","image":0,"visibility":true}],"id":1749656073}],"yoast_head":"<!-- This site is optimized with the Yoast SEO plugin v26.7 - https:\/\/yoast.com\/wordpress\/plugins\/seo\/ -->\n<title>Whirlpool 210x160 cm mit blauem Innenraum 33 D\u00fcsen Heizung und LEDs MP72 - Bagno Italia<\/title>\n<meta name=\"robots\" content=\"index, follow, max-snippet:-1, max-image-preview:large, max-video-preview:-1\" \/>\n<link rel=\"canonical\" href=\"https:\/\/www.bagnoitalia.com\/de\/produkt\/whirlpool-210x160-cm-with-blue-interior-33-jets-heater-and-leds-mp72.html\" \/>\n<meta property=\"og:locale\" content=\"de_DE\" \/>\n<meta property=\"og:type\" content=\"article\" \/>\n<meta property=\"og:title\" content=\"Whirlpool 210x160 cm mit blauem Innenraum 33 D\u00fcsen Heizung und LEDs MP72 - Bagno Italia\" \/>\n<meta property=\"og:description\" content=\"Mini-Whirlpool mit Wasser und Luft, 33 D\u00fcsen, f\u00fcr 3 Personen, UV-Desinfektionsmittel, Heizung.\" \/>\n<meta property=\"og:url\" content=\"https:\/\/www.bagnoitalia.com\/de\/produkt\/whirlpool-210x160-cm-with-blue-interior-33-jets-heater-and-leds-mp72.html\" \/>\n<meta property=\"og:site_name\" content=\"Bagno Italia\" \/>\n<meta property=\"article:modified_time\" content=\"2025-06-13T12:46:18+00:00\" \/>\n<meta property=\"og:image\" content=\"https:\/\/img.bagnoitalia.com\/wp-content\/uploads\/1-31.jpg\" \/>\n\t<meta property=\"og:image:width\" content=\"1000\" \/>\n\t<meta property=\"og:image:height\" content=\"1000\" \/>\n\t<meta property=\"og:image:type\" content=\"image\/jpeg\" \/>\n<meta name=\"twitter:card\" content=\"summary_large_image\" \/>\n<meta name=\"twitter:label1\" content=\"Gesch\u00e4tzte Lesezeit\" \/>\n\t<meta name=\"twitter:data1\" content=\"2\u00a0Minuten\" \/>\n<script type=\"application\/ld+json\" class=\"yoast-schema-graph\">{\"@context\":\"https:\/\/schema.org\",\"@graph\":[{\"@type\":\"WebPage\",\"@id\":\"https:\/\/www.bagnoitalia.com\/de\/produkt\/whirlpool-210x160-cm-with-blue-interior-33-jets-heater-and-leds-mp72.html\",\"url\":\"https:\/\/www.bagnoitalia.com\/de\/produkt\/whirlpool-210x160-cm-with-blue-interior-33-jets-heater-and-leds-mp72.html\",\"name\":\"Whirlpool 210x160 cm mit blauem Innenraum 33 D\u00fcsen Heizung und LEDs MP72 - Bagno Italia\",\"isPartOf\":{\"@id\":\"https:\/\/www.bagnoitalia.com\/de#website\"},\"primaryImageOfPage\":{\"@id\":\"https:\/\/www.bagnoitalia.com\/de\/produkt\/whirlpool-210x160-cm-with-blue-interior-33-jets-heater-and-leds-mp72.html#primaryimage\"},\"image\":{\"@id\":\"https:\/\/www.bagnoitalia.com\/de\/produkt\/whirlpool-210x160-cm-with-blue-interior-33-jets-heater-and-leds-mp72.html#primaryimage\"},\"thumbnailUrl\":\"https:\/\/img.bagnoitalia.com\/wp-content\/uploads\/1-31.jpg\",\"datePublished\":\"2025-06-11T13:34:31+00:00\",\"dateModified\":\"2025-06-13T12:46:18+00:00\",\"breadcrumb\":{\"@id\":\"https:\/\/www.bagnoitalia.com\/de\/produkt\/whirlpool-210x160-cm-with-blue-interior-33-jets-heater-and-leds-mp72.html#breadcrumb\"},\"inLanguage\":\"de\",\"potentialAction\":[{\"@type\":\"ReadAction\",\"target\":[\"https:\/\/www.bagnoitalia.com\/de\/produkt\/whirlpool-210x160-cm-with-blue-interior-33-jets-heater-and-leds-mp72.html\"]}]},{\"@type\":\"ImageObject\",\"inLanguage\":\"de\",\"@id\":\"https:\/\/www.bagnoitalia.com\/de\/produkt\/whirlpool-210x160-cm-with-blue-interior-33-jets-heater-and-leds-mp72.html#primaryimage\",\"url\":\"https:\/\/img.bagnoitalia.com\/wp-content\/uploads\/1-31.jpg\",\"contentUrl\":\"https:\/\/img.bagnoitalia.com\/wp-content\/uploads\/1-31.jpg\",\"width\":1000,\"height\":1000},{\"@type\":\"BreadcrumbList\",\"@id\":\"https:\/\/www.bagnoitalia.com\/de\/produkt\/whirlpool-210x160-cm-with-blue-interior-33-jets-heater-and-leds-mp72.html#breadcrumb\",\"itemListElement\":[{\"@type\":\"ListItem\",\"position\":1,\"name\":\"Home\",\"item\":\"https:\/\/www.bagnoitalia.com\/de\"},{\"@type\":\"ListItem\",\"position\":2,\"name\":\"Produkte\",\"item\":\"https:\/\/www.bagnoitalia.com\/de\/shop\"},{\"@type\":\"ListItem\",\"position\":3,\"name\":\"Whirlpool 210&#215;160 cm mit blauem Innenraum 33 D\u00fcsen Heizung und LEDs MP72\"}]},{\"@type\":\"WebSite\",\"@id\":\"https:\/\/www.bagnoitalia.com\/de#website\",\"url\":\"https:\/\/www.bagnoitalia.com\/de\",\"name\":\"Bagno Italia\",\"description\":\"\",\"publisher\":{\"@id\":\"https:\/\/www.bagnoitalia.com\/de#organization\"},\"potentialAction\":[{\"@type\":\"SearchAction\",\"target\":{\"@type\":\"EntryPoint\",\"urlTemplate\":\"https:\/\/www.bagnoitalia.com\/de?s={search_term_string}\"},\"query-input\":{\"@type\":\"PropertyValueSpecification\",\"valueRequired\":true,\"valueName\":\"search_term_string\"}}],\"inLanguage\":\"de\"},{\"@type\":\"Organization\",\"@id\":\"https:\/\/www.bagnoitalia.com\/de#organization\",\"name\":\"Bagno Italia\",\"url\":\"https:\/\/www.bagnoitalia.com\/de\",\"logo\":{\"@type\":\"ImageObject\",\"inLanguage\":\"de\",\"@id\":\"https:\/\/www.bagnoitalia.com\/de#\/schema\/logo\/image\/\",\"url\":\"https:\/\/img.bagnoitalia.com\/wp-content\/uploads\/logo-bagnoitalia.webp\",\"contentUrl\":\"https:\/\/img.bagnoitalia.com\/wp-content\/uploads\/logo-bagnoitalia.webp\",\"width\":400,\"height\":70,\"caption\":\"Bagno Italia\"},\"image\":{\"@id\":\"https:\/\/www.bagnoitalia.com\/de#\/schema\/logo\/image\/\"}}]}<\/script>\n<!-- \/ Yoast SEO plugin. -->","yoast_head_json":{"title":"Whirlpool 210x160 cm mit blauem Innenraum 33 D\u00fcsen Heizung und LEDs MP72 - Bagno Italia","robots":{"index":"index","follow":"follow","max-snippet":"max-snippet:-1","max-image-preview":"max-image-preview:large","max-video-preview":"max-video-preview:-1"},"canonical":"https:\/\/www.bagnoitalia.com\/de\/produkt\/whirlpool-210x160-cm-with-blue-interior-33-jets-heater-and-leds-mp72.html","og_locale":"de_DE","og_type":"article","og_title":"Whirlpool 210x160 cm mit blauem Innenraum 33 D\u00fcsen Heizung und LEDs MP72 - Bagno Italia","og_description":"Mini-Whirlpool mit Wasser und Luft, 33 D\u00fcsen, f\u00fcr 3 Personen, UV-Desinfektionsmittel, Heizung.","og_url":"https:\/\/www.bagnoitalia.com\/de\/produkt\/whirlpool-210x160-cm-with-blue-interior-33-jets-heater-and-leds-mp72.html","og_site_name":"Bagno Italia","article_modified_time":"2025-06-13T12:46:18+00:00","og_image":[{"width":1000,"height":1000,"url":"https:\/\/img.bagnoitalia.com\/wp-content\/uploads\/1-31.jpg","type":"image\/jpeg"}],"twitter_card":"summary_large_image","twitter_misc":{"Gesch\u00e4tzte Lesezeit":"2\u00a0Minuten"},"schema":{"@context":"https:\/\/schema.org","@graph":[{"@type":"WebPage","@id":"https:\/\/www.bagnoitalia.com\/de\/produkt\/whirlpool-210x160-cm-with-blue-interior-33-jets-heater-and-leds-mp72.html","url":"https:\/\/www.bagnoitalia.com\/de\/produkt\/whirlpool-210x160-cm-with-blue-interior-33-jets-heater-and-leds-mp72.html","name":"Whirlpool 210x160 cm mit blauem Innenraum 33 D\u00fcsen Heizung und LEDs MP72 - Bagno Italia","isPartOf":{"@id":"https:\/\/www.bagnoitalia.com\/de#website"},"primaryImageOfPage":{"@id":"https:\/\/www.bagnoitalia.com\/de\/produkt\/whirlpool-210x160-cm-with-blue-interior-33-jets-heater-and-leds-mp72.html#primaryimage"},"image":{"@id":"https:\/\/www.bagnoitalia.com\/de\/produkt\/whirlpool-210x160-cm-with-blue-interior-33-jets-heater-and-leds-mp72.html#primaryimage"},"thumbnailUrl":"https:\/\/img.bagnoitalia.com\/wp-content\/uploads\/1-31.jpg","datePublished":"2025-06-11T13:34:31+00:00","dateModified":"2025-06-13T12:46:18+00:00","breadcrumb":{"@id":"https:\/\/www.bagnoitalia.com\/de\/produkt\/whirlpool-210x160-cm-with-blue-interior-33-jets-heater-and-leds-mp72.html#breadcrumb"},"inLanguage":"de","potentialAction":[{"@type":"ReadAction","target":["https:\/\/www.bagnoitalia.com\/de\/produkt\/whirlpool-210x160-cm-with-blue-interior-33-jets-heater-and-leds-mp72.html"]}]},{"@type":"ImageObject","inLanguage":"de","@id":"https:\/\/www.bagnoitalia.com\/de\/produkt\/whirlpool-210x160-cm-with-blue-interior-33-jets-heater-and-leds-mp72.html#primaryimage","url":"https:\/\/img.bagnoitalia.com\/wp-content\/uploads\/1-31.jpg","contentUrl":"https:\/\/img.bagnoitalia.com\/wp-content\/uploads\/1-31.jpg","width":1000,"height":1000},{"@type":"BreadcrumbList","@id":"https:\/\/www.bagnoitalia.com\/de\/produkt\/whirlpool-210x160-cm-with-blue-interior-33-jets-heater-and-leds-mp72.html#breadcrumb","itemListElement":[{"@type":"ListItem","position":1,"name":"Home","item":"https:\/\/www.bagnoitalia.com\/de"},{"@type":"ListItem","position":2,"name":"Produkte","item":"https:\/\/www.bagnoitalia.com\/de\/shop"},{"@type":"ListItem","position":3,"name":"Whirlpool 210&#215;160 cm mit blauem Innenraum 33 D\u00fcsen Heizung und LEDs MP72"}]},{"@type":"WebSite","@id":"https:\/\/www.bagnoitalia.com\/de#website","url":"https:\/\/www.bagnoitalia.com\/de","name":"Bagno Italia","description":"","publisher":{"@id":"https:\/\/www.bagnoitalia.com\/de#organization"},"potentialAction":[{"@type":"SearchAction","target":{"@type":"EntryPoint","urlTemplate":"https:\/\/www.bagnoitalia.com\/de?s={search_term_string}"},"query-input":{"@type":"PropertyValueSpecification","valueRequired":true,"valueName":"search_term_string"}}],"inLanguage":"de"},{"@type":"Organization","@id":"https:\/\/www.bagnoitalia.com\/de#organization","name":"Bagno Italia","url":"https:\/\/www.bagnoitalia.com\/de","logo":{"@type":"ImageObject","inLanguage":"de","@id":"https:\/\/www.bagnoitalia.com\/de#\/schema\/logo\/image\/","url":"https:\/\/img.bagnoitalia.com\/wp-content\/uploads\/logo-bagnoitalia.webp","contentUrl":"https:\/\/img.bagnoitalia.com\/wp-content\/uploads\/logo-bagnoitalia.webp","width":400,"height":70,"caption":"Bagno Italia"},"image":{"@id":"https:\/\/www.bagnoitalia.com\/de#\/schema\/logo\/image\/"}}]}},"_links":{"self":[{"href":"https:\/\/www.bagnoitalia.com\/de\/wp-json\/wp\/v2\/product\/109004","targetHints":{"allow":["GET"]}}],"collection":[{"href":"https:\/\/www.bagnoitalia.com\/de\/wp-json\/wp\/v2\/product"}],"about":[{"href":"https:\/\/www.bagnoitalia.com\/de\/wp-json\/wp\/v2\/types\/product"}],"replies":[{"embeddable":true,"href":"https:\/\/www.bagnoitalia.com\/de\/wp-json\/wp\/v2\/comments?post=109004"}],"version-history":[{"count":3,"href":"https:\/\/www.bagnoitalia.com\/de\/wp-json\/wp\/v2\/product\/109004\/revisions"}],"predecessor-version":[{"id":109017,"href":"https:\/\/www.bagnoitalia.com\/de\/wp-json\/wp\/v2\/product\/109004\/revisions\/109017"}],"wp:featuredmedia":[{"embeddable":true,"href":"https:\/\/www.bagnoitalia.com\/de\/wp-json\/wp\/v2\/media\/108983"}],"wp:attachment":[{"href":"https:\/\/www.bagnoitalia.com\/de\/wp-json\/wp\/v2\/media?parent=109004"}],"wp:term":[{"taxonomy":"product_brand","embeddable":true,"href":"https:\/\/www.bagnoitalia.com\/de\/wp-json\/wp\/v2\/product_brand?post=109004"},{"taxonomy":"product_cat","embeddable":true,"href":"https:\/\/www.bagnoitalia.com\/de\/wp-json\/wp\/v2\/product_cat?post=109004"},{"taxonomy":"product_tag","embeddable":true,"href":"https:\/\/www.bagnoitalia.com\/de\/wp-json\/wp\/v2\/product_tag?post=109004"}],"curies":[{"name":"wp","href":"https:\/\/api.w.org\/{rel}","templated":true}]}}