{"id":108951,"date":"2025-06-05T16:02:28","date_gmt":"2025-06-05T14:02:28","guid":{"rendered":"https:\/\/www.bagnoitalia.com\/glossy-cream-marble-countertop-washbasin-40-cm-with-or-without-tap-hole-lav109.html"},"modified":"2025-06-05T16:08:50","modified_gmt":"2025-06-05T14:08:50","slug":"glossy-cream-marble-countertop-washbasin-40-cm-with-or-without-tap-hole-lav109","status":"publish","type":"product","link":"https:\/\/www.bagnoitalia.com\/de\/produkt\/glossy-cream-marble-countertop-washbasin-40-cm-with-or-without-tap-hole-lav109.html","title":{"rendered":"Aufsatzwaschtisch aus cremefarbenem Marmor 40 cm mit oder ohne Hahnloch LAV109"},"content":{"rendered":"<p>LAV109&#8243; RUNDES WASCHBECKEN AUS POLIERTEM CREMEFARBENEM MARMOR<\/p>\n<p>&nbsp;<\/p>\n<p>TYPEN und ABMESSUNGEN<\/p>\n<p>Ohne Hahnloch: ab 40x40xH12,5 cm<\/p>\n<p>Mit Wasserhahnloch: ab 40x40xH15,5 cm<\/p>\n<p>&nbsp;<\/p>\n<p>HAUPTEIGENSCHAFTEN<\/p>\n<p>Form: rund<\/p>\n<p>Art der Installation: Arbeitsplatte<\/p>\n<p>Material: Marmor<\/p>\n<p>Farbe: creme<\/p>\n<p>Ausf\u00fchrung: poliert<\/p>\n<p>Wasserh\u00e4hne und Ablaufgarnitur NICHT enthalten<\/p>\n<p>Ablaufgarnitur im Dropdown-Men\u00fc w\u00e4hlbar<\/p>\n<p>&nbsp;<\/p>\n<p>&nbsp;<\/p>\n<p>&nbsp;<\/p>\n<p>ACHTUNG: Aufgrund des verwendeten Naturmaterials ist jedes Produkt ein Unikat. Daher k\u00f6nnen Farbe, Maserung und Textur von den Abbildungen abweichen. Vermeiden Sie die Verwendung von aggressiven Produkten zur Reinigung des Waschbeckens; wir empfehlen die Verwendung von Produkten, die f\u00fcr die Behandlung von Naturstein\/Marmor geeignet sind.<\/p>\n<p>&nbsp;<\/p>\n<p>&nbsp;<\/p>\n<p>&nbsp;<\/p>\n<p>&nbsp;<\/p>\n<p>&nbsp;<\/p>\n<p>&nbsp;<\/p>\n<p>&nbsp;<\/p>\n<p>LAP-4MC<\/p>\n<p>LAP-415C<\/p>\n","protected":false},"excerpt":{"rendered":"<p>Handgefertigtes Waschbecken aus cremefarbenem Marmor mit polierter Oberfl\u00e4che und einem Durchmesser von 40 cm. Erh\u00e4ltlich mit oder ohne Loch f\u00fcr Mischbatterie.<\/p>\n","protected":false},"featured_media":108899,"comment_status":"open","ping_status":"closed","template":"","meta":[],"product_brand":[9883],"product_cat":[9700],"product_tag":[],"class_list":{"0":"post-108951","1":"product","2":"type-product","3":"status-publish","4":"has-post-thumbnail","6":"product_brand-deghi-de","7":"product_cat-aufsatzwaschbecken","9":"first","10":"instock","11":"sale","12":"taxable","13":"shipping-taxable","14":"purchasable","15":"product-type-simple"},"exclude_global_add_ons":false,"addons":[{"name":"Typ","type":"multiple_choice","position":0,"required":true,"title_format":"heading","default":"","description_enable":false,"description":"","placeholder_enable":false,"placeholder":"","display":"select","restrictions_type":"any_text","adjust_price":false,"price":"","price_type":"flat_fee","restrictions":false,"min":"0","max":"0","options":[{"label":"Ohne Gewindebohrung","price":"","price_type":"quantity_based","image":0,"visibility":true},{"label":"Mit Gewindebohrung","price":"20","price_type":"quantity_based","image":0,"visibility":true}],"id":1749139349},{"name":"Abfluss","type":"multiple_choice","position":1,"required":true,"title_format":"heading","default":"","description_enable":false,"description":"","placeholder_enable":false,"placeholder":"","display":"select","restrictions_type":"any_text","adjust_price":false,"price":"","price_type":"flat_fee","restrictions":false,"min":"0","max":"0","options":[{"label":"kein Abfluss","price":"","price_type":"quantity_based","image":0,"visibility":true},{"label":"Verchromter Ablauf","price":"15","price_type":"quantity_based","image":0,"visibility":true},{"label":"Schwarzer Abfluss","price":"25","price_type":"quantity_based","image":0,"visibility":true}],"id":1749139350}],"yoast_head":"<!-- This site is optimized with the Yoast SEO plugin v26.7 - https:\/\/yoast.com\/wordpress\/plugins\/seo\/ -->\n<title>Aufsatzwaschtisch aus cremefarbenem Marmor 40 cm mit oder ohne Hahnloch LAV109 - Bagno Italia<\/title>\n<meta name=\"robots\" content=\"index, follow, max-snippet:-1, max-image-preview:large, max-video-preview:-1\" \/>\n<link rel=\"canonical\" href=\"https:\/\/www.bagnoitalia.com\/de\/produkt\/glossy-cream-marble-countertop-washbasin-40-cm-with-or-without-tap-hole-lav109.html\" \/>\n<meta property=\"og:locale\" content=\"de_DE\" \/>\n<meta property=\"og:type\" content=\"article\" \/>\n<meta property=\"og:title\" content=\"Aufsatzwaschtisch aus cremefarbenem Marmor 40 cm mit oder ohne Hahnloch LAV109 - Bagno Italia\" \/>\n<meta property=\"og:description\" content=\"Handgefertigtes Waschbecken aus cremefarbenem Marmor mit polierter Oberfl\u00e4che und einem Durchmesser von 40 cm. Erh\u00e4ltlich mit oder ohne Loch f\u00fcr Mischbatterie.\" \/>\n<meta property=\"og:url\" content=\"https:\/\/www.bagnoitalia.com\/de\/produkt\/glossy-cream-marble-countertop-washbasin-40-cm-with-or-without-tap-hole-lav109.html\" \/>\n<meta property=\"og:site_name\" content=\"Bagno Italia\" \/>\n<meta property=\"article:modified_time\" content=\"2025-06-05T14:08:50+00:00\" \/>\n<meta property=\"og:image\" content=\"https:\/\/img.bagnoitalia.com\/wp-content\/uploads\/1-30.jpg\" \/>\n\t<meta property=\"og:image:width\" content=\"1000\" \/>\n\t<meta property=\"og:image:height\" content=\"1000\" \/>\n\t<meta property=\"og:image:type\" content=\"image\/jpeg\" \/>\n<meta name=\"twitter:card\" content=\"summary_large_image\" \/>\n<meta name=\"twitter:label1\" content=\"Gesch\u00e4tzte Lesezeit\" \/>\n\t<meta name=\"twitter:data1\" content=\"1\u00a0Minute\" \/>\n<script type=\"application\/ld+json\" class=\"yoast-schema-graph\">{\"@context\":\"https:\/\/schema.org\",\"@graph\":[{\"@type\":\"WebPage\",\"@id\":\"https:\/\/www.bagnoitalia.com\/de\/produkt\/glossy-cream-marble-countertop-washbasin-40-cm-with-or-without-tap-hole-lav109.html\",\"url\":\"https:\/\/www.bagnoitalia.com\/de\/produkt\/glossy-cream-marble-countertop-washbasin-40-cm-with-or-without-tap-hole-lav109.html\",\"name\":\"Aufsatzwaschtisch aus cremefarbenem Marmor 40 cm mit oder ohne Hahnloch LAV109 - Bagno Italia\",\"isPartOf\":{\"@id\":\"https:\/\/www.bagnoitalia.com\/de#website\"},\"primaryImageOfPage\":{\"@id\":\"https:\/\/www.bagnoitalia.com\/de\/produkt\/glossy-cream-marble-countertop-washbasin-40-cm-with-or-without-tap-hole-lav109.html#primaryimage\"},\"image\":{\"@id\":\"https:\/\/www.bagnoitalia.com\/de\/produkt\/glossy-cream-marble-countertop-washbasin-40-cm-with-or-without-tap-hole-lav109.html#primaryimage\"},\"thumbnailUrl\":\"https:\/\/img.bagnoitalia.com\/wp-content\/uploads\/1-30.jpg\",\"datePublished\":\"2025-06-05T14:02:28+00:00\",\"dateModified\":\"2025-06-05T14:08:50+00:00\",\"breadcrumb\":{\"@id\":\"https:\/\/www.bagnoitalia.com\/de\/produkt\/glossy-cream-marble-countertop-washbasin-40-cm-with-or-without-tap-hole-lav109.html#breadcrumb\"},\"inLanguage\":\"de\",\"potentialAction\":[{\"@type\":\"ReadAction\",\"target\":[\"https:\/\/www.bagnoitalia.com\/de\/produkt\/glossy-cream-marble-countertop-washbasin-40-cm-with-or-without-tap-hole-lav109.html\"]}]},{\"@type\":\"ImageObject\",\"inLanguage\":\"de\",\"@id\":\"https:\/\/www.bagnoitalia.com\/de\/produkt\/glossy-cream-marble-countertop-washbasin-40-cm-with-or-without-tap-hole-lav109.html#primaryimage\",\"url\":\"https:\/\/img.bagnoitalia.com\/wp-content\/uploads\/1-30.jpg\",\"contentUrl\":\"https:\/\/img.bagnoitalia.com\/wp-content\/uploads\/1-30.jpg\",\"width\":1000,\"height\":1000},{\"@type\":\"BreadcrumbList\",\"@id\":\"https:\/\/www.bagnoitalia.com\/de\/produkt\/glossy-cream-marble-countertop-washbasin-40-cm-with-or-without-tap-hole-lav109.html#breadcrumb\",\"itemListElement\":[{\"@type\":\"ListItem\",\"position\":1,\"name\":\"Home\",\"item\":\"https:\/\/www.bagnoitalia.com\/de\"},{\"@type\":\"ListItem\",\"position\":2,\"name\":\"Produkte\",\"item\":\"https:\/\/www.bagnoitalia.com\/de\/shop\"},{\"@type\":\"ListItem\",\"position\":3,\"name\":\"Aufsatzwaschtisch aus cremefarbenem Marmor 40 cm mit oder ohne Hahnloch LAV109\"}]},{\"@type\":\"WebSite\",\"@id\":\"https:\/\/www.bagnoitalia.com\/de#website\",\"url\":\"https:\/\/www.bagnoitalia.com\/de\",\"name\":\"Bagno Italia\",\"description\":\"\",\"publisher\":{\"@id\":\"https:\/\/www.bagnoitalia.com\/de#organization\"},\"potentialAction\":[{\"@type\":\"SearchAction\",\"target\":{\"@type\":\"EntryPoint\",\"urlTemplate\":\"https:\/\/www.bagnoitalia.com\/de?s={search_term_string}\"},\"query-input\":{\"@type\":\"PropertyValueSpecification\",\"valueRequired\":true,\"valueName\":\"search_term_string\"}}],\"inLanguage\":\"de\"},{\"@type\":\"Organization\",\"@id\":\"https:\/\/www.bagnoitalia.com\/de#organization\",\"name\":\"Bagno Italia\",\"url\":\"https:\/\/www.bagnoitalia.com\/de\",\"logo\":{\"@type\":\"ImageObject\",\"inLanguage\":\"de\",\"@id\":\"https:\/\/www.bagnoitalia.com\/de#\/schema\/logo\/image\/\",\"url\":\"https:\/\/img.bagnoitalia.com\/wp-content\/uploads\/logo-bagnoitalia.webp\",\"contentUrl\":\"https:\/\/img.bagnoitalia.com\/wp-content\/uploads\/logo-bagnoitalia.webp\",\"width\":400,\"height\":70,\"caption\":\"Bagno Italia\"},\"image\":{\"@id\":\"https:\/\/www.bagnoitalia.com\/de#\/schema\/logo\/image\/\"}}]}<\/script>\n<!-- \/ Yoast SEO plugin. -->","yoast_head_json":{"title":"Aufsatzwaschtisch aus cremefarbenem Marmor 40 cm mit oder ohne Hahnloch LAV109 - Bagno Italia","robots":{"index":"index","follow":"follow","max-snippet":"max-snippet:-1","max-image-preview":"max-image-preview:large","max-video-preview":"max-video-preview:-1"},"canonical":"https:\/\/www.bagnoitalia.com\/de\/produkt\/glossy-cream-marble-countertop-washbasin-40-cm-with-or-without-tap-hole-lav109.html","og_locale":"de_DE","og_type":"article","og_title":"Aufsatzwaschtisch aus cremefarbenem Marmor 40 cm mit oder ohne Hahnloch LAV109 - Bagno Italia","og_description":"Handgefertigtes Waschbecken aus cremefarbenem Marmor mit polierter Oberfl\u00e4che und einem Durchmesser von 40 cm. Erh\u00e4ltlich mit oder ohne Loch f\u00fcr Mischbatterie.","og_url":"https:\/\/www.bagnoitalia.com\/de\/produkt\/glossy-cream-marble-countertop-washbasin-40-cm-with-or-without-tap-hole-lav109.html","og_site_name":"Bagno Italia","article_modified_time":"2025-06-05T14:08:50+00:00","og_image":[{"width":1000,"height":1000,"url":"https:\/\/img.bagnoitalia.com\/wp-content\/uploads\/1-30.jpg","type":"image\/jpeg"}],"twitter_card":"summary_large_image","twitter_misc":{"Gesch\u00e4tzte Lesezeit":"1\u00a0Minute"},"schema":{"@context":"https:\/\/schema.org","@graph":[{"@type":"WebPage","@id":"https:\/\/www.bagnoitalia.com\/de\/produkt\/glossy-cream-marble-countertop-washbasin-40-cm-with-or-without-tap-hole-lav109.html","url":"https:\/\/www.bagnoitalia.com\/de\/produkt\/glossy-cream-marble-countertop-washbasin-40-cm-with-or-without-tap-hole-lav109.html","name":"Aufsatzwaschtisch aus cremefarbenem Marmor 40 cm mit oder ohne Hahnloch LAV109 - Bagno Italia","isPartOf":{"@id":"https:\/\/www.bagnoitalia.com\/de#website"},"primaryImageOfPage":{"@id":"https:\/\/www.bagnoitalia.com\/de\/produkt\/glossy-cream-marble-countertop-washbasin-40-cm-with-or-without-tap-hole-lav109.html#primaryimage"},"image":{"@id":"https:\/\/www.bagnoitalia.com\/de\/produkt\/glossy-cream-marble-countertop-washbasin-40-cm-with-or-without-tap-hole-lav109.html#primaryimage"},"thumbnailUrl":"https:\/\/img.bagnoitalia.com\/wp-content\/uploads\/1-30.jpg","datePublished":"2025-06-05T14:02:28+00:00","dateModified":"2025-06-05T14:08:50+00:00","breadcrumb":{"@id":"https:\/\/www.bagnoitalia.com\/de\/produkt\/glossy-cream-marble-countertop-washbasin-40-cm-with-or-without-tap-hole-lav109.html#breadcrumb"},"inLanguage":"de","potentialAction":[{"@type":"ReadAction","target":["https:\/\/www.bagnoitalia.com\/de\/produkt\/glossy-cream-marble-countertop-washbasin-40-cm-with-or-without-tap-hole-lav109.html"]}]},{"@type":"ImageObject","inLanguage":"de","@id":"https:\/\/www.bagnoitalia.com\/de\/produkt\/glossy-cream-marble-countertop-washbasin-40-cm-with-or-without-tap-hole-lav109.html#primaryimage","url":"https:\/\/img.bagnoitalia.com\/wp-content\/uploads\/1-30.jpg","contentUrl":"https:\/\/img.bagnoitalia.com\/wp-content\/uploads\/1-30.jpg","width":1000,"height":1000},{"@type":"BreadcrumbList","@id":"https:\/\/www.bagnoitalia.com\/de\/produkt\/glossy-cream-marble-countertop-washbasin-40-cm-with-or-without-tap-hole-lav109.html#breadcrumb","itemListElement":[{"@type":"ListItem","position":1,"name":"Home","item":"https:\/\/www.bagnoitalia.com\/de"},{"@type":"ListItem","position":2,"name":"Produkte","item":"https:\/\/www.bagnoitalia.com\/de\/shop"},{"@type":"ListItem","position":3,"name":"Aufsatzwaschtisch aus cremefarbenem Marmor 40 cm mit oder ohne Hahnloch LAV109"}]},{"@type":"WebSite","@id":"https:\/\/www.bagnoitalia.com\/de#website","url":"https:\/\/www.bagnoitalia.com\/de","name":"Bagno Italia","description":"","publisher":{"@id":"https:\/\/www.bagnoitalia.com\/de#organization"},"potentialAction":[{"@type":"SearchAction","target":{"@type":"EntryPoint","urlTemplate":"https:\/\/www.bagnoitalia.com\/de?s={search_term_string}"},"query-input":{"@type":"PropertyValueSpecification","valueRequired":true,"valueName":"search_term_string"}}],"inLanguage":"de"},{"@type":"Organization","@id":"https:\/\/www.bagnoitalia.com\/de#organization","name":"Bagno Italia","url":"https:\/\/www.bagnoitalia.com\/de","logo":{"@type":"ImageObject","inLanguage":"de","@id":"https:\/\/www.bagnoitalia.com\/de#\/schema\/logo\/image\/","url":"https:\/\/img.bagnoitalia.com\/wp-content\/uploads\/logo-bagnoitalia.webp","contentUrl":"https:\/\/img.bagnoitalia.com\/wp-content\/uploads\/logo-bagnoitalia.webp","width":400,"height":70,"caption":"Bagno Italia"},"image":{"@id":"https:\/\/www.bagnoitalia.com\/de#\/schema\/logo\/image\/"}}]}},"_links":{"self":[{"href":"https:\/\/www.bagnoitalia.com\/de\/wp-json\/wp\/v2\/product\/108951","targetHints":{"allow":["GET"]}}],"collection":[{"href":"https:\/\/www.bagnoitalia.com\/de\/wp-json\/wp\/v2\/product"}],"about":[{"href":"https:\/\/www.bagnoitalia.com\/de\/wp-json\/wp\/v2\/types\/product"}],"replies":[{"embeddable":true,"href":"https:\/\/www.bagnoitalia.com\/de\/wp-json\/wp\/v2\/comments?post=108951"}],"version-history":[{"count":2,"href":"https:\/\/www.bagnoitalia.com\/de\/wp-json\/wp\/v2\/product\/108951\/revisions"}],"predecessor-version":[{"id":108954,"href":"https:\/\/www.bagnoitalia.com\/de\/wp-json\/wp\/v2\/product\/108951\/revisions\/108954"}],"wp:featuredmedia":[{"embeddable":true,"href":"https:\/\/www.bagnoitalia.com\/de\/wp-json\/wp\/v2\/media\/108899"}],"wp:attachment":[{"href":"https:\/\/www.bagnoitalia.com\/de\/wp-json\/wp\/v2\/media?parent=108951"}],"wp:term":[{"taxonomy":"product_brand","embeddable":true,"href":"https:\/\/www.bagnoitalia.com\/de\/wp-json\/wp\/v2\/product_brand?post=108951"},{"taxonomy":"product_cat","embeddable":true,"href":"https:\/\/www.bagnoitalia.com\/de\/wp-json\/wp\/v2\/product_cat?post=108951"},{"taxonomy":"product_tag","embeddable":true,"href":"https:\/\/www.bagnoitalia.com\/de\/wp-json\/wp\/v2\/product_tag?post=108951"}],"curies":[{"name":"wp","href":"https:\/\/api.w.org\/{rel}","templated":true}]}}