{"id":107564,"date":"2025-04-30T15:51:00","date_gmt":"2025-04-30T13:51:00","guid":{"rendered":"https:\/\/www.bagnoitalia.com\/tundra-bathroom-furniture-60-75-or-100-cm-suspended-or-with-feet-2-drawers-5-colours.html"},"modified":"2025-04-30T15:54:15","modified_gmt":"2025-04-30T13:54:15","slug":"tundra-bathroom-furniture-60-75-or-100-cm-suspended-or-with-feet-2-drawers-5-colours","status":"publish","type":"product","link":"https:\/\/www.bagnoitalia.com\/de\/produkt\/tundra-bathroom-furniture-60-75-or-100-cm-suspended-or-with-feet-2-drawers-5-colours.html","title":{"rendered":"Tundra Badm\u00f6bel 60, 75 oder 100 cm h\u00e4ngend oder mit F\u00fc\u00dfen 2 Schubladen 5 Farben"},"content":{"rendered":"<p>TUNDRA&#8216; BADM\u00d6BEL IN 5 FARBEN<\/p>\n<p>&nbsp;<\/p>\n<p>SCHRANKABMESSUNGEN<\/p>\n<p>3 L\u00e4ngen zur Auswahl: 60, 75 oder 100 cm W\u00c4HLEN SIE DIE GR\u00d6SSE AUS DEM \u00dcBERBLICKMEN\u00dc<\/p>\n<p>Tiefe: 46 cm<\/p>\n<p>H\u00f6he (nur des Sockels): 55 cm<\/p>\n<p>&nbsp;<\/p>\n<p>PRODUKTMERKMALE<\/p>\n<p>Waschtischunterbau aus MDF und PVC-Beschichtung<\/p>\n<p>Bestehend aus 2 Schubladen mit Soft-Close-Funktion, Metallschienen, verchromten Griffen und Innenausstattung aus Stoff<\/p>\n<p>Integriertes wei\u00dfes Hochglanz-Waschbecken, erh\u00e4ltlich in Keramik oder Marmor-Harz (Typ im Men\u00fc oben ausw\u00e4hlen)<\/p>\n<p>Verf\u00fcgbare Farben: Mattwei\u00df, Graphit, Petrolblau, Wolkengrau, Mattgr\u00fcn<\/p>\n<p>&nbsp;<\/p>\n<p>\u00dcber die Dropdown-Men\u00fcs k\u00f6nnen Sie auch hinzuf\u00fcgen:<\/p>\n<p>1 Paar 35 cm hohe Massivholzf\u00fc\u00dfe<\/p>\n<p>1 Spiegel mit Rahmen (in der gleichen Farbe wie der Schrank), mit LED-Beleuchtung, in 3 Gr\u00f6\u00dfen zur Auswahl: 59xP4xH90 cm, 73xP4xH90 cm, 98xP4xH90 cm<\/p>\n<p>1 H\u00e4ngeschrank 30xP20xH55 cm mit einer T\u00fcr, sanft schlie\u00dfend, einem Glaseinlegeboden, Chromgriff, Innenausstattung aus Stoff<\/p>\n<p>1 Hochschrank 34xP32xH114 cm mit zwei T\u00fcren, sanft schlie\u00dfend, zwei Glaseinlegeb\u00f6den und einem Holzeinlegeboden, Chromgriffe, Innenausstattung aus Stoff<\/p>\n<p>&nbsp;<\/p>\n<p>ACHTUNG: ABLAUF, ABLAUFGARNITUR UND MISCHER NICHT IM PREIS ENTHALTEN<\/p>\n<p>&nbsp;<\/p>\n<p>&nbsp;<\/p>\n<p>&nbsp;<\/p>\n","protected":false},"excerpt":{"rendered":"<p>Moderne Badm\u00f6bel, erh\u00e4ltlich in Mattwei\u00df, Graphit, Petrolblau, Wolkengrau, Mattgr\u00fcn. Waschbecken in zwei Materialien zur Auswahl: Keramik oder Marmor-Harz. Es ist auch m\u00f6glich, einen H\u00e4ngeschrank, einen Hochschrank und einen gerahmten Spiegel zu kombinieren.<\/p>\n","protected":false},"featured_media":107504,"comment_status":"open","ping_status":"closed","template":"","meta":[],"product_brand":[9898],"product_cat":[9716,9720],"product_tag":[],"class_list":{"0":"post-107564","1":"product","2":"type-product","3":"status-publish","4":"has-post-thumbnail","6":"product_brand-baden-haus-de","7":"product_cat-badmobel-von-40-bis-70-cm-moderne-mobel","8":"product_cat-badmobel-von-71-bis-100-cm-moderne-mobel","10":"first","11":"instock","12":"sale","13":"taxable","14":"shipping-taxable","15":"purchasable","16":"product-type-simple"},"exclude_global_add_ons":false,"addons":[{"name":"Waschtisch","type":"multiple_choice","position":0,"required":false,"title_format":"label","default":"","description_enable":false,"description":"","placeholder_enable":false,"placeholder":"","display":"select","restrictions_type":"any_text","adjust_price":false,"price":"","price_type":"flat_fee","restrictions":false,"min":"0","max":"0","options":[{"label":"Keramik","price":"","price_type":"flat_fee","image":0,"visibility":true},{"label":"Marmor-Harz","price":"","price_type":"flat_fee","image":0,"visibility":true}],"id":1746028261},{"name":"Abmessungen","type":"multiple_choice","position":1,"required":false,"title_format":"label","default":"","description_enable":false,"description":"","placeholder_enable":false,"placeholder":"","display":"select","restrictions_type":"any_text","adjust_price":false,"price":"","price_type":"flat_fee","restrictions":false,"min":"0","max":"0","options":[{"label":"60 cm","price":"","price_type":"flat_fee","image":0,"visibility":true},{"label":"75 cm","price":"71","price_type":"flat_fee","image":0,"visibility":true},{"label":"100 cm","price":"151","price_type":"flat_fee","image":0,"visibility":true}],"id":1746028262},{"name":"Farbe","type":"multiple_choice","position":2,"required":false,"title_format":"label","default":"","description_enable":false,"description":"","placeholder_enable":false,"placeholder":"","display":"select","restrictions_type":"any_text","adjust_price":false,"price":"","price_type":"flat_fee","restrictions":false,"min":"0","max":"0","options":[{"label":"Mattes Wei\u00df","price":"","price_type":"flat_fee","image":0,"visibility":true},{"label":"Graphit","price":"","price_type":"flat_fee","image":0,"visibility":true},{"label":"Petrolblau","price":"","price_type":"flat_fee","image":0,"visibility":true},{"label":"Wolkengrau","price":"","price_type":"flat_fee","image":0,"visibility":true},{"label":"Mattes Gr\u00fcn","price":"","price_type":"flat_fee","image":0,"visibility":true}],"id":1746028263},{"name":"F\u00fc\u00dfe","type":"multiple_choice","position":3,"required":false,"title_format":"label","default":"","description_enable":false,"description":"","placeholder_enable":false,"placeholder":"","display":"select","restrictions_type":"any_text","adjust_price":false,"price":"","price_type":"flat_fee","restrictions":false,"min":"0","max":"0","options":[{"label":"Nein","price":"","price_type":"flat_fee","image":0,"visibility":true},{"label":"1 Paar aus Massivholz","price":"130","price_type":"flat_fee","image":0,"visibility":true}],"id":1746028264},{"name":"Oberschrank","type":"multiple_choice","position":4,"required":false,"title_format":"label","default":"","description_enable":false,"description":"","placeholder_enable":false,"placeholder":"","display":"select","restrictions_type":"any_text","adjust_price":false,"price":"","price_type":"flat_fee","restrictions":false,"min":"0","max":"0","options":[{"label":"Nein","price":"","price_type":"flat_fee","image":0,"visibility":true},{"label":"1 H\u00e4ngeelement 30xP20xH55 cm","price":"110","price_type":"flat_fee","image":0,"visibility":true}],"id":1746028265},{"name":"S\u00e4ule","type":"multiple_choice","position":5,"required":false,"title_format":"label","default":"","description_enable":false,"description":"","placeholder_enable":false,"placeholder":"","display":"select","restrictions_type":"any_text","adjust_price":false,"price":"","price_type":"flat_fee","restrictions":false,"min":"0","max":"0","options":[{"label":"Nein","price":"","price_type":"flat_fee","image":0,"visibility":true},{"label":"1 S\u00e4ule 34xP32xH114 cm","price":"250","price_type":"flat_fee","image":0,"visibility":true}],"id":1746028266},{"name":"Spiegel","type":"multiple_choice","position":6,"required":false,"title_format":"label","default":"","description_enable":false,"description":"","placeholder_enable":false,"placeholder":"","display":"select","restrictions_type":"any_text","adjust_price":false,"price":"","price_type":"flat_fee","restrictions":false,"min":"0","max":"0","options":[{"label":"Nein","price":"","price_type":"flat_fee","image":0,"visibility":true},{"label":"Gerahmter Spiegel 59xH90 cm","price":"160","price_type":"flat_fee","image":0,"visibility":true},{"label":"Gerahmter Spiegel 73xH90 cm","price":"185","price_type":"flat_fee","image":0,"visibility":true},{"label":"Gerahmter Spiegel 98xH90 cm","price":"210","price_type":"flat_fee","image":0,"visibility":true}],"id":1746028267}],"yoast_head":"<!-- This site is optimized with the Yoast SEO plugin v26.7 - https:\/\/yoast.com\/wordpress\/plugins\/seo\/ -->\n<title>Tundra Badm\u00f6bel 60, 75 oder 100 cm h\u00e4ngend oder mit F\u00fc\u00dfen 2 Schubladen 5 Farben - Bagno Italia<\/title>\n<meta name=\"robots\" content=\"index, follow, max-snippet:-1, max-image-preview:large, max-video-preview:-1\" \/>\n<link rel=\"canonical\" href=\"https:\/\/www.bagnoitalia.com\/de\/produkt\/tundra-bathroom-furniture-60-75-or-100-cm-suspended-or-with-feet-2-drawers-5-colours.html\" \/>\n<meta property=\"og:locale\" content=\"de_DE\" \/>\n<meta property=\"og:type\" content=\"article\" \/>\n<meta property=\"og:title\" content=\"Tundra Badm\u00f6bel 60, 75 oder 100 cm h\u00e4ngend oder mit F\u00fc\u00dfen 2 Schubladen 5 Farben - Bagno Italia\" \/>\n<meta property=\"og:description\" content=\"Moderne Badm\u00f6bel, erh\u00e4ltlich in Mattwei\u00df, Graphit, Petrolblau, Wolkengrau, Mattgr\u00fcn. Waschbecken in zwei Materialien zur Auswahl: Keramik oder Marmor-Harz. Es ist auch m\u00f6glich, einen H\u00e4ngeschrank, einen Hochschrank und einen gerahmten Spiegel zu kombinieren.\" \/>\n<meta property=\"og:url\" content=\"https:\/\/www.bagnoitalia.com\/de\/produkt\/tundra-bathroom-furniture-60-75-or-100-cm-suspended-or-with-feet-2-drawers-5-colours.html\" \/>\n<meta property=\"og:site_name\" content=\"Bagno Italia\" \/>\n<meta property=\"article:modified_time\" content=\"2025-04-30T13:54:15+00:00\" \/>\n<meta property=\"og:image\" content=\"https:\/\/img.bagnoitalia.com\/wp-content\/uploads\/1-19.jpg\" \/>\n\t<meta property=\"og:image:width\" content=\"1000\" \/>\n\t<meta property=\"og:image:height\" content=\"1000\" \/>\n\t<meta property=\"og:image:type\" content=\"image\/jpeg\" \/>\n<meta name=\"twitter:card\" content=\"summary_large_image\" \/>\n<meta name=\"twitter:label1\" content=\"Gesch\u00e4tzte Lesezeit\" \/>\n\t<meta name=\"twitter:data1\" content=\"1\u00a0Minute\" \/>\n<script type=\"application\/ld+json\" class=\"yoast-schema-graph\">{\"@context\":\"https:\/\/schema.org\",\"@graph\":[{\"@type\":\"WebPage\",\"@id\":\"https:\/\/www.bagnoitalia.com\/de\/produkt\/tundra-bathroom-furniture-60-75-or-100-cm-suspended-or-with-feet-2-drawers-5-colours.html\",\"url\":\"https:\/\/www.bagnoitalia.com\/de\/produkt\/tundra-bathroom-furniture-60-75-or-100-cm-suspended-or-with-feet-2-drawers-5-colours.html\",\"name\":\"Tundra Badm\u00f6bel 60, 75 oder 100 cm h\u00e4ngend oder mit F\u00fc\u00dfen 2 Schubladen 5 Farben - Bagno Italia\",\"isPartOf\":{\"@id\":\"https:\/\/www.bagnoitalia.com\/de#website\"},\"primaryImageOfPage\":{\"@id\":\"https:\/\/www.bagnoitalia.com\/de\/produkt\/tundra-bathroom-furniture-60-75-or-100-cm-suspended-or-with-feet-2-drawers-5-colours.html#primaryimage\"},\"image\":{\"@id\":\"https:\/\/www.bagnoitalia.com\/de\/produkt\/tundra-bathroom-furniture-60-75-or-100-cm-suspended-or-with-feet-2-drawers-5-colours.html#primaryimage\"},\"thumbnailUrl\":\"https:\/\/img.bagnoitalia.com\/wp-content\/uploads\/1-19.jpg\",\"datePublished\":\"2025-04-30T13:51:00+00:00\",\"dateModified\":\"2025-04-30T13:54:15+00:00\",\"breadcrumb\":{\"@id\":\"https:\/\/www.bagnoitalia.com\/de\/produkt\/tundra-bathroom-furniture-60-75-or-100-cm-suspended-or-with-feet-2-drawers-5-colours.html#breadcrumb\"},\"inLanguage\":\"de\",\"potentialAction\":[{\"@type\":\"ReadAction\",\"target\":[\"https:\/\/www.bagnoitalia.com\/de\/produkt\/tundra-bathroom-furniture-60-75-or-100-cm-suspended-or-with-feet-2-drawers-5-colours.html\"]}]},{\"@type\":\"ImageObject\",\"inLanguage\":\"de\",\"@id\":\"https:\/\/www.bagnoitalia.com\/de\/produkt\/tundra-bathroom-furniture-60-75-or-100-cm-suspended-or-with-feet-2-drawers-5-colours.html#primaryimage\",\"url\":\"https:\/\/img.bagnoitalia.com\/wp-content\/uploads\/1-19.jpg\",\"contentUrl\":\"https:\/\/img.bagnoitalia.com\/wp-content\/uploads\/1-19.jpg\",\"width\":1000,\"height\":1000},{\"@type\":\"BreadcrumbList\",\"@id\":\"https:\/\/www.bagnoitalia.com\/de\/produkt\/tundra-bathroom-furniture-60-75-or-100-cm-suspended-or-with-feet-2-drawers-5-colours.html#breadcrumb\",\"itemListElement\":[{\"@type\":\"ListItem\",\"position\":1,\"name\":\"Home\",\"item\":\"https:\/\/www.bagnoitalia.com\/de\"},{\"@type\":\"ListItem\",\"position\":2,\"name\":\"Produkte\",\"item\":\"https:\/\/www.bagnoitalia.com\/de\/shop\"},{\"@type\":\"ListItem\",\"position\":3,\"name\":\"Tundra Badm\u00f6bel 60, 75 oder 100 cm h\u00e4ngend oder mit F\u00fc\u00dfen 2 Schubladen 5 Farben\"}]},{\"@type\":\"WebSite\",\"@id\":\"https:\/\/www.bagnoitalia.com\/de#website\",\"url\":\"https:\/\/www.bagnoitalia.com\/de\",\"name\":\"Bagno Italia\",\"description\":\"\",\"publisher\":{\"@id\":\"https:\/\/www.bagnoitalia.com\/de#organization\"},\"potentialAction\":[{\"@type\":\"SearchAction\",\"target\":{\"@type\":\"EntryPoint\",\"urlTemplate\":\"https:\/\/www.bagnoitalia.com\/de?s={search_term_string}\"},\"query-input\":{\"@type\":\"PropertyValueSpecification\",\"valueRequired\":true,\"valueName\":\"search_term_string\"}}],\"inLanguage\":\"de\"},{\"@type\":\"Organization\",\"@id\":\"https:\/\/www.bagnoitalia.com\/de#organization\",\"name\":\"Bagno Italia\",\"url\":\"https:\/\/www.bagnoitalia.com\/de\",\"logo\":{\"@type\":\"ImageObject\",\"inLanguage\":\"de\",\"@id\":\"https:\/\/www.bagnoitalia.com\/de#\/schema\/logo\/image\/\",\"url\":\"https:\/\/img.bagnoitalia.com\/wp-content\/uploads\/logo-bagnoitalia.webp\",\"contentUrl\":\"https:\/\/img.bagnoitalia.com\/wp-content\/uploads\/logo-bagnoitalia.webp\",\"width\":400,\"height\":70,\"caption\":\"Bagno Italia\"},\"image\":{\"@id\":\"https:\/\/www.bagnoitalia.com\/de#\/schema\/logo\/image\/\"}}]}<\/script>\n<!-- \/ Yoast SEO plugin. -->","yoast_head_json":{"title":"Tundra Badm\u00f6bel 60, 75 oder 100 cm h\u00e4ngend oder mit F\u00fc\u00dfen 2 Schubladen 5 Farben - Bagno Italia","robots":{"index":"index","follow":"follow","max-snippet":"max-snippet:-1","max-image-preview":"max-image-preview:large","max-video-preview":"max-video-preview:-1"},"canonical":"https:\/\/www.bagnoitalia.com\/de\/produkt\/tundra-bathroom-furniture-60-75-or-100-cm-suspended-or-with-feet-2-drawers-5-colours.html","og_locale":"de_DE","og_type":"article","og_title":"Tundra Badm\u00f6bel 60, 75 oder 100 cm h\u00e4ngend oder mit F\u00fc\u00dfen 2 Schubladen 5 Farben - Bagno Italia","og_description":"Moderne Badm\u00f6bel, erh\u00e4ltlich in Mattwei\u00df, Graphit, Petrolblau, Wolkengrau, Mattgr\u00fcn. Waschbecken in zwei Materialien zur Auswahl: Keramik oder Marmor-Harz. Es ist auch m\u00f6glich, einen H\u00e4ngeschrank, einen Hochschrank und einen gerahmten Spiegel zu kombinieren.","og_url":"https:\/\/www.bagnoitalia.com\/de\/produkt\/tundra-bathroom-furniture-60-75-or-100-cm-suspended-or-with-feet-2-drawers-5-colours.html","og_site_name":"Bagno Italia","article_modified_time":"2025-04-30T13:54:15+00:00","og_image":[{"width":1000,"height":1000,"url":"https:\/\/img.bagnoitalia.com\/wp-content\/uploads\/1-19.jpg","type":"image\/jpeg"}],"twitter_card":"summary_large_image","twitter_misc":{"Gesch\u00e4tzte Lesezeit":"1\u00a0Minute"},"schema":{"@context":"https:\/\/schema.org","@graph":[{"@type":"WebPage","@id":"https:\/\/www.bagnoitalia.com\/de\/produkt\/tundra-bathroom-furniture-60-75-or-100-cm-suspended-or-with-feet-2-drawers-5-colours.html","url":"https:\/\/www.bagnoitalia.com\/de\/produkt\/tundra-bathroom-furniture-60-75-or-100-cm-suspended-or-with-feet-2-drawers-5-colours.html","name":"Tundra Badm\u00f6bel 60, 75 oder 100 cm h\u00e4ngend oder mit F\u00fc\u00dfen 2 Schubladen 5 Farben - Bagno Italia","isPartOf":{"@id":"https:\/\/www.bagnoitalia.com\/de#website"},"primaryImageOfPage":{"@id":"https:\/\/www.bagnoitalia.com\/de\/produkt\/tundra-bathroom-furniture-60-75-or-100-cm-suspended-or-with-feet-2-drawers-5-colours.html#primaryimage"},"image":{"@id":"https:\/\/www.bagnoitalia.com\/de\/produkt\/tundra-bathroom-furniture-60-75-or-100-cm-suspended-or-with-feet-2-drawers-5-colours.html#primaryimage"},"thumbnailUrl":"https:\/\/img.bagnoitalia.com\/wp-content\/uploads\/1-19.jpg","datePublished":"2025-04-30T13:51:00+00:00","dateModified":"2025-04-30T13:54:15+00:00","breadcrumb":{"@id":"https:\/\/www.bagnoitalia.com\/de\/produkt\/tundra-bathroom-furniture-60-75-or-100-cm-suspended-or-with-feet-2-drawers-5-colours.html#breadcrumb"},"inLanguage":"de","potentialAction":[{"@type":"ReadAction","target":["https:\/\/www.bagnoitalia.com\/de\/produkt\/tundra-bathroom-furniture-60-75-or-100-cm-suspended-or-with-feet-2-drawers-5-colours.html"]}]},{"@type":"ImageObject","inLanguage":"de","@id":"https:\/\/www.bagnoitalia.com\/de\/produkt\/tundra-bathroom-furniture-60-75-or-100-cm-suspended-or-with-feet-2-drawers-5-colours.html#primaryimage","url":"https:\/\/img.bagnoitalia.com\/wp-content\/uploads\/1-19.jpg","contentUrl":"https:\/\/img.bagnoitalia.com\/wp-content\/uploads\/1-19.jpg","width":1000,"height":1000},{"@type":"BreadcrumbList","@id":"https:\/\/www.bagnoitalia.com\/de\/produkt\/tundra-bathroom-furniture-60-75-or-100-cm-suspended-or-with-feet-2-drawers-5-colours.html#breadcrumb","itemListElement":[{"@type":"ListItem","position":1,"name":"Home","item":"https:\/\/www.bagnoitalia.com\/de"},{"@type":"ListItem","position":2,"name":"Produkte","item":"https:\/\/www.bagnoitalia.com\/de\/shop"},{"@type":"ListItem","position":3,"name":"Tundra Badm\u00f6bel 60, 75 oder 100 cm h\u00e4ngend oder mit F\u00fc\u00dfen 2 Schubladen 5 Farben"}]},{"@type":"WebSite","@id":"https:\/\/www.bagnoitalia.com\/de#website","url":"https:\/\/www.bagnoitalia.com\/de","name":"Bagno Italia","description":"","publisher":{"@id":"https:\/\/www.bagnoitalia.com\/de#organization"},"potentialAction":[{"@type":"SearchAction","target":{"@type":"EntryPoint","urlTemplate":"https:\/\/www.bagnoitalia.com\/de?s={search_term_string}"},"query-input":{"@type":"PropertyValueSpecification","valueRequired":true,"valueName":"search_term_string"}}],"inLanguage":"de"},{"@type":"Organization","@id":"https:\/\/www.bagnoitalia.com\/de#organization","name":"Bagno Italia","url":"https:\/\/www.bagnoitalia.com\/de","logo":{"@type":"ImageObject","inLanguage":"de","@id":"https:\/\/www.bagnoitalia.com\/de#\/schema\/logo\/image\/","url":"https:\/\/img.bagnoitalia.com\/wp-content\/uploads\/logo-bagnoitalia.webp","contentUrl":"https:\/\/img.bagnoitalia.com\/wp-content\/uploads\/logo-bagnoitalia.webp","width":400,"height":70,"caption":"Bagno Italia"},"image":{"@id":"https:\/\/www.bagnoitalia.com\/de#\/schema\/logo\/image\/"}}]}},"_links":{"self":[{"href":"https:\/\/www.bagnoitalia.com\/de\/wp-json\/wp\/v2\/product\/107564","targetHints":{"allow":["GET"]}}],"collection":[{"href":"https:\/\/www.bagnoitalia.com\/de\/wp-json\/wp\/v2\/product"}],"about":[{"href":"https:\/\/www.bagnoitalia.com\/de\/wp-json\/wp\/v2\/types\/product"}],"replies":[{"embeddable":true,"href":"https:\/\/www.bagnoitalia.com\/de\/wp-json\/wp\/v2\/comments?post=107564"}],"version-history":[{"count":2,"href":"https:\/\/www.bagnoitalia.com\/de\/wp-json\/wp\/v2\/product\/107564\/revisions"}],"predecessor-version":[{"id":107567,"href":"https:\/\/www.bagnoitalia.com\/de\/wp-json\/wp\/v2\/product\/107564\/revisions\/107567"}],"wp:featuredmedia":[{"embeddable":true,"href":"https:\/\/www.bagnoitalia.com\/de\/wp-json\/wp\/v2\/media\/107504"}],"wp:attachment":[{"href":"https:\/\/www.bagnoitalia.com\/de\/wp-json\/wp\/v2\/media?parent=107564"}],"wp:term":[{"taxonomy":"product_brand","embeddable":true,"href":"https:\/\/www.bagnoitalia.com\/de\/wp-json\/wp\/v2\/product_brand?post=107564"},{"taxonomy":"product_cat","embeddable":true,"href":"https:\/\/www.bagnoitalia.com\/de\/wp-json\/wp\/v2\/product_cat?post=107564"},{"taxonomy":"product_tag","embeddable":true,"href":"https:\/\/www.bagnoitalia.com\/de\/wp-json\/wp\/v2\/product_tag?post=107564"}],"curies":[{"name":"wp","href":"https:\/\/api.w.org\/{rel}","templated":true}]}}