{"id":106915,"date":"2025-04-22T15:12:32","date_gmt":"2025-04-22T13:12:32","guid":{"rendered":"https:\/\/www.bagnoitalia.com\/single-hole-round-half-freestanding-washbasin-45xh38-cm-in-white-ceramic-lav106.html"},"modified":"2025-04-22T15:13:44","modified_gmt":"2025-04-22T13:13:44","slug":"single-hole-round-half-freestanding-washbasin-45xh38-cm-in-white-ceramic-lav106","status":"publish","type":"product","link":"https:\/\/www.bagnoitalia.com\/de\/produkt\/single-hole-round-half-freestanding-washbasin-45xh38-cm-in-white-ceramic-lav106.html","title":{"rendered":"Runder halb-freistehender Waschtisch 45xH38 cm aus wei\u00dfer Keramik LAV106"},"content":{"rendered":"<p>Runder halb-freistehender Waschtisch &#8222;LAV106&#8220;<\/p>\n<p>&nbsp;<\/p>\n<p>&nbsp;<\/p>\n<p>&nbsp;<\/p>\n<p>&nbsp;<\/p>\n<p>MERKMALE<\/p>\n<p>Abgerundeter Waschtisch, f\u00fcr halb-freistehende Montage<\/p>\n<p>Durchmesser: 45 cm<\/p>\n<p>Gesamth\u00f6he: 38 cm<\/p>\n<p>Beckeninnenh\u00f6he: 15,5 cm<\/p>\n<p>MIT \u00dcberlaufloch<\/p>\n<p>MIT Mischbatterieloch<\/p>\n<p>Material: Keramik<\/p>\n<p>Farbe: wei\u00df<\/p>\n<p>Oberfl\u00e4che: poliert<\/p>\n<p>&nbsp;<\/p>\n<p>&nbsp;<\/p>\n<p>&nbsp;<\/p>\n<p>&nbsp;<\/p>\n<p>ACHTUNG: Wasserh\u00e4hne, Ablauf und Ablaufgarnitur NICHT im Preis enthalten<\/p>\n<p>&nbsp;<\/p>\n<p>&nbsp;<\/p>\n<p>&nbsp;<\/p>\n<p>&nbsp;<\/p>\n<p>&nbsp;<\/p>\n<p>&nbsp;<\/p>\n<p>&nbsp;<\/p>\n<p>&nbsp;<\/p>\n<p>&nbsp;<\/p>\n<p>&nbsp;<\/p>\n<p>&nbsp;<\/p>\n<p>&nbsp;<\/p>\n<p>&nbsp;<\/p>\n<p>&nbsp;<\/p>\n<p>&nbsp;<\/p>\n<p>&nbsp;<\/p>\n<p>&nbsp;<\/p>\n<p>&nbsp;<\/p>\n<p>&nbsp;<\/p>\n<p>&nbsp;<\/p>\n<p>&nbsp;<\/p>\n<p>&nbsp;<\/p>\n<p>&nbsp;<\/p>\n<p>&nbsp;<\/p>\n<p>&nbsp;<\/p>\n<p>&nbsp;<\/p>\n<p>&nbsp;<\/p>\n<p>&nbsp;<\/p>\n<p>&nbsp;<\/p>\n<p>&nbsp;<\/p>\n<p>&nbsp;<\/p>\n<p>&nbsp;<\/p>\n<p>&nbsp;<\/p>\n<p>&nbsp;<\/p>\n<p>guinea<br \/>\nGNA-F2BL<\/p>\n","protected":false},"excerpt":{"rendered":"<p>Ein abgerundetes Waschbecken aus wei\u00dfer Keramik mit polierter Oberfl\u00e4che. Komplett mit Hahnloch und \u00dcberlaufloch. Halb freistehende Installation.<\/p>\n","protected":false},"featured_media":106903,"comment_status":"open","ping_status":"closed","template":"","meta":[],"product_brand":[9882],"product_cat":[9989],"product_tag":[],"class_list":{"0":"post-106915","1":"product","2":"type-product","3":"status-publish","4":"has-post-thumbnail","6":"product_brand-deghi-fr","7":"product_cat-freistehende-spule","9":"first","10":"instock","11":"sale","12":"taxable","13":"shipping-taxable","14":"purchasable","15":"product-type-simple"},"exclude_global_add_ons":[],"addons":[],"yoast_head":"<!-- This site is optimized with the Yoast SEO plugin v26.7 - https:\/\/yoast.com\/wordpress\/plugins\/seo\/ -->\n<title>Runder halb-freistehender Waschtisch 45xH38 cm aus wei\u00dfer Keramik LAV106 - Bagno Italia<\/title>\n<meta name=\"robots\" content=\"index, follow, max-snippet:-1, max-image-preview:large, max-video-preview:-1\" \/>\n<link rel=\"canonical\" href=\"https:\/\/www.bagnoitalia.com\/de\/produkt\/single-hole-round-half-freestanding-washbasin-45xh38-cm-in-white-ceramic-lav106.html\" \/>\n<meta property=\"og:locale\" content=\"de_DE\" \/>\n<meta property=\"og:type\" content=\"article\" \/>\n<meta property=\"og:title\" content=\"Runder halb-freistehender Waschtisch 45xH38 cm aus wei\u00dfer Keramik LAV106 - Bagno Italia\" \/>\n<meta property=\"og:description\" content=\"Ein abgerundetes Waschbecken aus wei\u00dfer Keramik mit polierter Oberfl\u00e4che. Komplett mit Hahnloch und \u00dcberlaufloch. Halb freistehende Installation.\" \/>\n<meta property=\"og:url\" content=\"https:\/\/www.bagnoitalia.com\/de\/produkt\/single-hole-round-half-freestanding-washbasin-45xh38-cm-in-white-ceramic-lav106.html\" \/>\n<meta property=\"og:site_name\" content=\"Bagno Italia\" \/>\n<meta property=\"article:modified_time\" content=\"2025-04-22T13:13:44+00:00\" \/>\n<meta property=\"og:image\" content=\"https:\/\/img.bagnoitalia.com\/wp-content\/uploads\/1-8.jpg\" \/>\n\t<meta property=\"og:image:width\" content=\"1000\" \/>\n\t<meta property=\"og:image:height\" content=\"1000\" \/>\n\t<meta property=\"og:image:type\" content=\"image\/jpeg\" \/>\n<meta name=\"twitter:card\" content=\"summary_large_image\" \/>\n<meta name=\"twitter:label1\" content=\"Gesch\u00e4tzte Lesezeit\" \/>\n\t<meta name=\"twitter:data1\" content=\"1\u00a0Minute\" \/>\n<script type=\"application\/ld+json\" class=\"yoast-schema-graph\">{\"@context\":\"https:\/\/schema.org\",\"@graph\":[{\"@type\":\"WebPage\",\"@id\":\"https:\/\/www.bagnoitalia.com\/de\/produkt\/single-hole-round-half-freestanding-washbasin-45xh38-cm-in-white-ceramic-lav106.html\",\"url\":\"https:\/\/www.bagnoitalia.com\/de\/produkt\/single-hole-round-half-freestanding-washbasin-45xh38-cm-in-white-ceramic-lav106.html\",\"name\":\"Runder halb-freistehender Waschtisch 45xH38 cm aus wei\u00dfer Keramik LAV106 - Bagno Italia\",\"isPartOf\":{\"@id\":\"https:\/\/www.bagnoitalia.com\/de#website\"},\"primaryImageOfPage\":{\"@id\":\"https:\/\/www.bagnoitalia.com\/de\/produkt\/single-hole-round-half-freestanding-washbasin-45xh38-cm-in-white-ceramic-lav106.html#primaryimage\"},\"image\":{\"@id\":\"https:\/\/www.bagnoitalia.com\/de\/produkt\/single-hole-round-half-freestanding-washbasin-45xh38-cm-in-white-ceramic-lav106.html#primaryimage\"},\"thumbnailUrl\":\"https:\/\/img.bagnoitalia.com\/wp-content\/uploads\/1-8.jpg\",\"datePublished\":\"2025-04-22T13:12:32+00:00\",\"dateModified\":\"2025-04-22T13:13:44+00:00\",\"breadcrumb\":{\"@id\":\"https:\/\/www.bagnoitalia.com\/de\/produkt\/single-hole-round-half-freestanding-washbasin-45xh38-cm-in-white-ceramic-lav106.html#breadcrumb\"},\"inLanguage\":\"de\",\"potentialAction\":[{\"@type\":\"ReadAction\",\"target\":[\"https:\/\/www.bagnoitalia.com\/de\/produkt\/single-hole-round-half-freestanding-washbasin-45xh38-cm-in-white-ceramic-lav106.html\"]}]},{\"@type\":\"ImageObject\",\"inLanguage\":\"de\",\"@id\":\"https:\/\/www.bagnoitalia.com\/de\/produkt\/single-hole-round-half-freestanding-washbasin-45xh38-cm-in-white-ceramic-lav106.html#primaryimage\",\"url\":\"https:\/\/img.bagnoitalia.com\/wp-content\/uploads\/1-8.jpg\",\"contentUrl\":\"https:\/\/img.bagnoitalia.com\/wp-content\/uploads\/1-8.jpg\",\"width\":1000,\"height\":1000},{\"@type\":\"BreadcrumbList\",\"@id\":\"https:\/\/www.bagnoitalia.com\/de\/produkt\/single-hole-round-half-freestanding-washbasin-45xh38-cm-in-white-ceramic-lav106.html#breadcrumb\",\"itemListElement\":[{\"@type\":\"ListItem\",\"position\":1,\"name\":\"Home\",\"item\":\"https:\/\/www.bagnoitalia.com\/de\"},{\"@type\":\"ListItem\",\"position\":2,\"name\":\"Produkte\",\"item\":\"https:\/\/www.bagnoitalia.com\/de\/shop\"},{\"@type\":\"ListItem\",\"position\":3,\"name\":\"Runder halb-freistehender Waschtisch 45xH38 cm aus wei\u00dfer Keramik LAV106\"}]},{\"@type\":\"WebSite\",\"@id\":\"https:\/\/www.bagnoitalia.com\/de#website\",\"url\":\"https:\/\/www.bagnoitalia.com\/de\",\"name\":\"Bagno Italia\",\"description\":\"\",\"publisher\":{\"@id\":\"https:\/\/www.bagnoitalia.com\/de#organization\"},\"potentialAction\":[{\"@type\":\"SearchAction\",\"target\":{\"@type\":\"EntryPoint\",\"urlTemplate\":\"https:\/\/www.bagnoitalia.com\/de?s={search_term_string}\"},\"query-input\":{\"@type\":\"PropertyValueSpecification\",\"valueRequired\":true,\"valueName\":\"search_term_string\"}}],\"inLanguage\":\"de\"},{\"@type\":\"Organization\",\"@id\":\"https:\/\/www.bagnoitalia.com\/de#organization\",\"name\":\"Bagno Italia\",\"url\":\"https:\/\/www.bagnoitalia.com\/de\",\"logo\":{\"@type\":\"ImageObject\",\"inLanguage\":\"de\",\"@id\":\"https:\/\/www.bagnoitalia.com\/de#\/schema\/logo\/image\/\",\"url\":\"https:\/\/img.bagnoitalia.com\/wp-content\/uploads\/logo-bagnoitalia.webp\",\"contentUrl\":\"https:\/\/img.bagnoitalia.com\/wp-content\/uploads\/logo-bagnoitalia.webp\",\"width\":400,\"height\":70,\"caption\":\"Bagno Italia\"},\"image\":{\"@id\":\"https:\/\/www.bagnoitalia.com\/de#\/schema\/logo\/image\/\"}}]}<\/script>\n<!-- \/ Yoast SEO plugin. -->","yoast_head_json":{"title":"Runder halb-freistehender Waschtisch 45xH38 cm aus wei\u00dfer Keramik LAV106 - Bagno Italia","robots":{"index":"index","follow":"follow","max-snippet":"max-snippet:-1","max-image-preview":"max-image-preview:large","max-video-preview":"max-video-preview:-1"},"canonical":"https:\/\/www.bagnoitalia.com\/de\/produkt\/single-hole-round-half-freestanding-washbasin-45xh38-cm-in-white-ceramic-lav106.html","og_locale":"de_DE","og_type":"article","og_title":"Runder halb-freistehender Waschtisch 45xH38 cm aus wei\u00dfer Keramik LAV106 - Bagno Italia","og_description":"Ein abgerundetes Waschbecken aus wei\u00dfer Keramik mit polierter Oberfl\u00e4che. Komplett mit Hahnloch und \u00dcberlaufloch. Halb freistehende Installation.","og_url":"https:\/\/www.bagnoitalia.com\/de\/produkt\/single-hole-round-half-freestanding-washbasin-45xh38-cm-in-white-ceramic-lav106.html","og_site_name":"Bagno Italia","article_modified_time":"2025-04-22T13:13:44+00:00","og_image":[{"width":1000,"height":1000,"url":"https:\/\/img.bagnoitalia.com\/wp-content\/uploads\/1-8.jpg","type":"image\/jpeg"}],"twitter_card":"summary_large_image","twitter_misc":{"Gesch\u00e4tzte Lesezeit":"1\u00a0Minute"},"schema":{"@context":"https:\/\/schema.org","@graph":[{"@type":"WebPage","@id":"https:\/\/www.bagnoitalia.com\/de\/produkt\/single-hole-round-half-freestanding-washbasin-45xh38-cm-in-white-ceramic-lav106.html","url":"https:\/\/www.bagnoitalia.com\/de\/produkt\/single-hole-round-half-freestanding-washbasin-45xh38-cm-in-white-ceramic-lav106.html","name":"Runder halb-freistehender Waschtisch 45xH38 cm aus wei\u00dfer Keramik LAV106 - Bagno Italia","isPartOf":{"@id":"https:\/\/www.bagnoitalia.com\/de#website"},"primaryImageOfPage":{"@id":"https:\/\/www.bagnoitalia.com\/de\/produkt\/single-hole-round-half-freestanding-washbasin-45xh38-cm-in-white-ceramic-lav106.html#primaryimage"},"image":{"@id":"https:\/\/www.bagnoitalia.com\/de\/produkt\/single-hole-round-half-freestanding-washbasin-45xh38-cm-in-white-ceramic-lav106.html#primaryimage"},"thumbnailUrl":"https:\/\/img.bagnoitalia.com\/wp-content\/uploads\/1-8.jpg","datePublished":"2025-04-22T13:12:32+00:00","dateModified":"2025-04-22T13:13:44+00:00","breadcrumb":{"@id":"https:\/\/www.bagnoitalia.com\/de\/produkt\/single-hole-round-half-freestanding-washbasin-45xh38-cm-in-white-ceramic-lav106.html#breadcrumb"},"inLanguage":"de","potentialAction":[{"@type":"ReadAction","target":["https:\/\/www.bagnoitalia.com\/de\/produkt\/single-hole-round-half-freestanding-washbasin-45xh38-cm-in-white-ceramic-lav106.html"]}]},{"@type":"ImageObject","inLanguage":"de","@id":"https:\/\/www.bagnoitalia.com\/de\/produkt\/single-hole-round-half-freestanding-washbasin-45xh38-cm-in-white-ceramic-lav106.html#primaryimage","url":"https:\/\/img.bagnoitalia.com\/wp-content\/uploads\/1-8.jpg","contentUrl":"https:\/\/img.bagnoitalia.com\/wp-content\/uploads\/1-8.jpg","width":1000,"height":1000},{"@type":"BreadcrumbList","@id":"https:\/\/www.bagnoitalia.com\/de\/produkt\/single-hole-round-half-freestanding-washbasin-45xh38-cm-in-white-ceramic-lav106.html#breadcrumb","itemListElement":[{"@type":"ListItem","position":1,"name":"Home","item":"https:\/\/www.bagnoitalia.com\/de"},{"@type":"ListItem","position":2,"name":"Produkte","item":"https:\/\/www.bagnoitalia.com\/de\/shop"},{"@type":"ListItem","position":3,"name":"Runder halb-freistehender Waschtisch 45xH38 cm aus wei\u00dfer Keramik LAV106"}]},{"@type":"WebSite","@id":"https:\/\/www.bagnoitalia.com\/de#website","url":"https:\/\/www.bagnoitalia.com\/de","name":"Bagno Italia","description":"","publisher":{"@id":"https:\/\/www.bagnoitalia.com\/de#organization"},"potentialAction":[{"@type":"SearchAction","target":{"@type":"EntryPoint","urlTemplate":"https:\/\/www.bagnoitalia.com\/de?s={search_term_string}"},"query-input":{"@type":"PropertyValueSpecification","valueRequired":true,"valueName":"search_term_string"}}],"inLanguage":"de"},{"@type":"Organization","@id":"https:\/\/www.bagnoitalia.com\/de#organization","name":"Bagno Italia","url":"https:\/\/www.bagnoitalia.com\/de","logo":{"@type":"ImageObject","inLanguage":"de","@id":"https:\/\/www.bagnoitalia.com\/de#\/schema\/logo\/image\/","url":"https:\/\/img.bagnoitalia.com\/wp-content\/uploads\/logo-bagnoitalia.webp","contentUrl":"https:\/\/img.bagnoitalia.com\/wp-content\/uploads\/logo-bagnoitalia.webp","width":400,"height":70,"caption":"Bagno Italia"},"image":{"@id":"https:\/\/www.bagnoitalia.com\/de#\/schema\/logo\/image\/"}}]}},"_links":{"self":[{"href":"https:\/\/www.bagnoitalia.com\/de\/wp-json\/wp\/v2\/product\/106915","targetHints":{"allow":["GET"]}}],"collection":[{"href":"https:\/\/www.bagnoitalia.com\/de\/wp-json\/wp\/v2\/product"}],"about":[{"href":"https:\/\/www.bagnoitalia.com\/de\/wp-json\/wp\/v2\/types\/product"}],"replies":[{"embeddable":true,"href":"https:\/\/www.bagnoitalia.com\/de\/wp-json\/wp\/v2\/comments?post=106915"}],"version-history":[{"count":1,"href":"https:\/\/www.bagnoitalia.com\/de\/wp-json\/wp\/v2\/product\/106915\/revisions"}],"predecessor-version":[{"id":106917,"href":"https:\/\/www.bagnoitalia.com\/de\/wp-json\/wp\/v2\/product\/106915\/revisions\/106917"}],"wp:featuredmedia":[{"embeddable":true,"href":"https:\/\/www.bagnoitalia.com\/de\/wp-json\/wp\/v2\/media\/106903"}],"wp:attachment":[{"href":"https:\/\/www.bagnoitalia.com\/de\/wp-json\/wp\/v2\/media?parent=106915"}],"wp:term":[{"taxonomy":"product_brand","embeddable":true,"href":"https:\/\/www.bagnoitalia.com\/de\/wp-json\/wp\/v2\/product_brand?post=106915"},{"taxonomy":"product_cat","embeddable":true,"href":"https:\/\/www.bagnoitalia.com\/de\/wp-json\/wp\/v2\/product_cat?post=106915"},{"taxonomy":"product_tag","embeddable":true,"href":"https:\/\/www.bagnoitalia.com\/de\/wp-json\/wp\/v2\/product_tag?post=106915"}],"curies":[{"name":"wp","href":"https:\/\/api.w.org\/{rel}","templated":true}]}}