{"id":106605,"date":"2025-04-14T15:20:55","date_gmt":"2025-04-14T13:20:55","guid":{"rendered":"https:\/\/www.bagnoitalia.com\/5-7-seater-whirlpool-235x215-cm-with-75-led-jets-ozone-therapy-heater-mp71.html"},"modified":"2025-04-14T15:22:25","modified_gmt":"2025-04-14T13:22:25","slug":"5-7-seater-whirlpool-235x215-cm-with-75-led-jets-ozone-therapy-heater-mp71","status":"publish","type":"product","link":"https:\/\/www.bagnoitalia.com\/de\/produkt\/5-7-seater-whirlpool-235x215-cm-with-75-led-jets-ozone-therapy-heater-mp71.html","title":{"rendered":"5-7-Sitzer Whirlpool 235&#215;215 cm mit 75 LED-D\u00fcsen Ozontherapie-Heizung MP71"},"content":{"rendered":"<p>Schwarz Whirlpool 235&#215;215 cm MP71<\/p>\n<p>&nbsp;<\/p>\n<p>&nbsp;<\/p>\n<p>&nbsp;<\/p>\n<p>&nbsp;<\/p>\n<p>HAUPTMERKMALE DES PRODUKTS<\/p>\n<p>Whirlpool f\u00fcr drau\u00dfen<\/p>\n<p>Abmessungen: 235x215xH91cm<\/p>\n<p>Farbe schwarz marmoriert<\/p>\n<p>Geeignet f\u00fcr 5-7 Personen<\/p>\n<p>75 D\u00fcsen (davon 12 am Boden beleuchtet)<\/p>\n<p>Chromotherapie mit 7 Farbvarianten (mit internen und externen LEDs)<\/p>\n<p>Farbige LED-Wasserstandsleuchten<\/p>\n<p>Surround-Lautsprecher<\/p>\n<p>Bluetooth<\/p>\n<p>Ozon-Therapie<\/p>\n<p>Eco-tech Heizsystem mit Vorfilterung und Frostschutzsystem<\/p>\n<p>Usb<\/p>\n<p>Perimeter-Led-Streifen + zwei Rgb-Innovationsdesign-Led-Boxen<\/p>\n<p>Thermische Isolierung<\/p>\n<p>Elektronischer Wasserstandssensor<\/p>\n<p>Inklusive Wasserh\u00e4hne<\/p>\n<p>Touch-Bedienfeld<\/p>\n<p>&nbsp;<\/p>\n<p>&nbsp;<\/p>\n<p>&nbsp;<\/p>\n<p>&nbsp;<\/p>\n<p>TECHNISCHE DETAILS UND MATERIALIEN<\/p>\n<p>2,2 cm Glasfaserschale<\/p>\n<p>Hochwertiges kratzfestes Acryl mit W\u00e4rmed\u00e4mmung<\/p>\n<p>Stahlrahmen<\/p>\n<p>Abs-Harz-Au\u00dfenbeschichtung<\/p>\n<p>Ecoplus Energiesparpumpe<\/p>\n<p>3kW-Heizung<\/p>\n<p>Fassungsverm\u00f6gen: 1470 Liter<\/p>\n<p>n.4 Pumpen<\/p>\n<p>n.2 Wasserpumpen mit 2 PS<br \/>\n1 x 0,5 PS Luftpumpe<br \/>\nn.1 1-PS-Umw\u00e4lzpumpe<\/p>\n<p>&nbsp;<\/p>\n<p>&nbsp;<\/p>\n<p>&nbsp;<\/p>\n<p>&nbsp;<\/p>\n<p>&nbsp;<\/p>\n","protected":false},"excerpt":{"rendered":"<p>Voll ausgestattete Badewanne f\u00fcr den Au\u00dfenbereich, modernes Design, geeignet f\u00fcr bis zu 7 Personen. Zu den Funktionen geh\u00f6ren: Ozontherapie, Farbtherapie (mit internen und externen LEDs), Heizsystem, Bluetooth-Verbindung, 75 Luft- und Wasserd\u00fcsen f\u00fcr die Hydromassage.<\/p>\n","protected":false},"featured_media":106537,"comment_status":"open","ping_status":"closed","template":"","meta":[],"product_brand":[9925],"product_cat":[10070],"product_tag":[],"class_list":{"0":"post-106605","1":"product","2":"type-product","3":"status-publish","4":"has-post-thumbnail","6":"product_brand-predator-arredo-casa-de","7":"product_cat-whirlpools-im-freien","9":"first","10":"instock","11":"sale","12":"taxable","13":"shipping-taxable","14":"purchasable","15":"product-type-simple"},"exclude_global_add_ons":false,"addons":[{"name":"Zubeh\u00f6r","type":"multiple_choice","position":0,"required":false,"title_format":"label","default":"","description_enable":false,"description":"","placeholder_enable":false,"placeholder":"","display":"select","restrictions_type":"any_text","adjust_price":false,"price":"","price_type":"flat_fee","restrictions":false,"min":"0","max":"0","options":[{"label":"Nein","price":"","price_type":"flat_fee","image":0,"visibility":true},{"label":"mit Leiter","price":"229","price_type":"flat_fee","image":0,"visibility":true}],"id":1744644056}],"yoast_head":"<!-- This site is optimized with the Yoast SEO plugin v26.7 - https:\/\/yoast.com\/wordpress\/plugins\/seo\/ -->\n<title>5-7-Sitzer Whirlpool 235x215 cm mit 75 LED-D\u00fcsen Ozontherapie-Heizung MP71 - Bagno Italia<\/title>\n<meta name=\"robots\" content=\"index, follow, max-snippet:-1, max-image-preview:large, max-video-preview:-1\" \/>\n<link rel=\"canonical\" href=\"https:\/\/www.bagnoitalia.com\/de\/produkt\/5-7-seater-whirlpool-235x215-cm-with-75-led-jets-ozone-therapy-heater-mp71.html\" \/>\n<meta property=\"og:locale\" content=\"de_DE\" \/>\n<meta property=\"og:type\" content=\"article\" \/>\n<meta property=\"og:title\" content=\"5-7-Sitzer Whirlpool 235x215 cm mit 75 LED-D\u00fcsen Ozontherapie-Heizung MP71 - Bagno Italia\" \/>\n<meta property=\"og:description\" content=\"Voll ausgestattete Badewanne f\u00fcr den Au\u00dfenbereich, modernes Design, geeignet f\u00fcr bis zu 7 Personen. Zu den Funktionen geh\u00f6ren: Ozontherapie, Farbtherapie (mit internen und externen LEDs), Heizsystem, Bluetooth-Verbindung, 75 Luft- und Wasserd\u00fcsen f\u00fcr die Hydromassage.\" \/>\n<meta property=\"og:url\" content=\"https:\/\/www.bagnoitalia.com\/de\/produkt\/5-7-seater-whirlpool-235x215-cm-with-75-led-jets-ozone-therapy-heater-mp71.html\" \/>\n<meta property=\"og:site_name\" content=\"Bagno Italia\" \/>\n<meta property=\"article:modified_time\" content=\"2025-04-14T13:22:25+00:00\" \/>\n<meta property=\"og:image\" content=\"https:\/\/img.bagnoitalia.com\/wp-content\/uploads\/1-266.webp\" \/>\n\t<meta property=\"og:image:width\" content=\"1737\" \/>\n\t<meta property=\"og:image:height\" content=\"1737\" \/>\n\t<meta property=\"og:image:type\" content=\"image\/webp\" \/>\n<meta name=\"twitter:card\" content=\"summary_large_image\" \/>\n<meta name=\"twitter:label1\" content=\"Gesch\u00e4tzte Lesezeit\" \/>\n\t<meta name=\"twitter:data1\" content=\"1\u00a0Minute\" \/>\n<script type=\"application\/ld+json\" class=\"yoast-schema-graph\">{\"@context\":\"https:\/\/schema.org\",\"@graph\":[{\"@type\":\"WebPage\",\"@id\":\"https:\/\/www.bagnoitalia.com\/de\/produkt\/5-7-seater-whirlpool-235x215-cm-with-75-led-jets-ozone-therapy-heater-mp71.html\",\"url\":\"https:\/\/www.bagnoitalia.com\/de\/produkt\/5-7-seater-whirlpool-235x215-cm-with-75-led-jets-ozone-therapy-heater-mp71.html\",\"name\":\"5-7-Sitzer Whirlpool 235x215 cm mit 75 LED-D\u00fcsen Ozontherapie-Heizung MP71 - Bagno Italia\",\"isPartOf\":{\"@id\":\"https:\/\/www.bagnoitalia.com\/de#website\"},\"primaryImageOfPage\":{\"@id\":\"https:\/\/www.bagnoitalia.com\/de\/produkt\/5-7-seater-whirlpool-235x215-cm-with-75-led-jets-ozone-therapy-heater-mp71.html#primaryimage\"},\"image\":{\"@id\":\"https:\/\/www.bagnoitalia.com\/de\/produkt\/5-7-seater-whirlpool-235x215-cm-with-75-led-jets-ozone-therapy-heater-mp71.html#primaryimage\"},\"thumbnailUrl\":\"https:\/\/img.bagnoitalia.com\/wp-content\/uploads\/1-266.webp\",\"datePublished\":\"2025-04-14T13:20:55+00:00\",\"dateModified\":\"2025-04-14T13:22:25+00:00\",\"breadcrumb\":{\"@id\":\"https:\/\/www.bagnoitalia.com\/de\/produkt\/5-7-seater-whirlpool-235x215-cm-with-75-led-jets-ozone-therapy-heater-mp71.html#breadcrumb\"},\"inLanguage\":\"de\",\"potentialAction\":[{\"@type\":\"ReadAction\",\"target\":[\"https:\/\/www.bagnoitalia.com\/de\/produkt\/5-7-seater-whirlpool-235x215-cm-with-75-led-jets-ozone-therapy-heater-mp71.html\"]}]},{\"@type\":\"ImageObject\",\"inLanguage\":\"de\",\"@id\":\"https:\/\/www.bagnoitalia.com\/de\/produkt\/5-7-seater-whirlpool-235x215-cm-with-75-led-jets-ozone-therapy-heater-mp71.html#primaryimage\",\"url\":\"https:\/\/img.bagnoitalia.com\/wp-content\/uploads\/1-266.webp\",\"contentUrl\":\"https:\/\/img.bagnoitalia.com\/wp-content\/uploads\/1-266.webp\",\"width\":1737,\"height\":1737},{\"@type\":\"BreadcrumbList\",\"@id\":\"https:\/\/www.bagnoitalia.com\/de\/produkt\/5-7-seater-whirlpool-235x215-cm-with-75-led-jets-ozone-therapy-heater-mp71.html#breadcrumb\",\"itemListElement\":[{\"@type\":\"ListItem\",\"position\":1,\"name\":\"Home\",\"item\":\"https:\/\/www.bagnoitalia.com\/de\"},{\"@type\":\"ListItem\",\"position\":2,\"name\":\"Produkte\",\"item\":\"https:\/\/www.bagnoitalia.com\/de\/shop\"},{\"@type\":\"ListItem\",\"position\":3,\"name\":\"5-7-Sitzer Whirlpool 235&#215;215 cm mit 75 LED-D\u00fcsen Ozontherapie-Heizung MP71\"}]},{\"@type\":\"WebSite\",\"@id\":\"https:\/\/www.bagnoitalia.com\/de#website\",\"url\":\"https:\/\/www.bagnoitalia.com\/de\",\"name\":\"Bagno Italia\",\"description\":\"\",\"publisher\":{\"@id\":\"https:\/\/www.bagnoitalia.com\/de#organization\"},\"potentialAction\":[{\"@type\":\"SearchAction\",\"target\":{\"@type\":\"EntryPoint\",\"urlTemplate\":\"https:\/\/www.bagnoitalia.com\/de?s={search_term_string}\"},\"query-input\":{\"@type\":\"PropertyValueSpecification\",\"valueRequired\":true,\"valueName\":\"search_term_string\"}}],\"inLanguage\":\"de\"},{\"@type\":\"Organization\",\"@id\":\"https:\/\/www.bagnoitalia.com\/de#organization\",\"name\":\"Bagno Italia\",\"url\":\"https:\/\/www.bagnoitalia.com\/de\",\"logo\":{\"@type\":\"ImageObject\",\"inLanguage\":\"de\",\"@id\":\"https:\/\/www.bagnoitalia.com\/de#\/schema\/logo\/image\/\",\"url\":\"https:\/\/img.bagnoitalia.com\/wp-content\/uploads\/logo-bagnoitalia.webp\",\"contentUrl\":\"https:\/\/img.bagnoitalia.com\/wp-content\/uploads\/logo-bagnoitalia.webp\",\"width\":400,\"height\":70,\"caption\":\"Bagno Italia\"},\"image\":{\"@id\":\"https:\/\/www.bagnoitalia.com\/de#\/schema\/logo\/image\/\"}}]}<\/script>\n<!-- \/ Yoast SEO plugin. -->","yoast_head_json":{"title":"5-7-Sitzer Whirlpool 235x215 cm mit 75 LED-D\u00fcsen Ozontherapie-Heizung MP71 - Bagno Italia","robots":{"index":"index","follow":"follow","max-snippet":"max-snippet:-1","max-image-preview":"max-image-preview:large","max-video-preview":"max-video-preview:-1"},"canonical":"https:\/\/www.bagnoitalia.com\/de\/produkt\/5-7-seater-whirlpool-235x215-cm-with-75-led-jets-ozone-therapy-heater-mp71.html","og_locale":"de_DE","og_type":"article","og_title":"5-7-Sitzer Whirlpool 235x215 cm mit 75 LED-D\u00fcsen Ozontherapie-Heizung MP71 - Bagno Italia","og_description":"Voll ausgestattete Badewanne f\u00fcr den Au\u00dfenbereich, modernes Design, geeignet f\u00fcr bis zu 7 Personen. Zu den Funktionen geh\u00f6ren: Ozontherapie, Farbtherapie (mit internen und externen LEDs), Heizsystem, Bluetooth-Verbindung, 75 Luft- und Wasserd\u00fcsen f\u00fcr die Hydromassage.","og_url":"https:\/\/www.bagnoitalia.com\/de\/produkt\/5-7-seater-whirlpool-235x215-cm-with-75-led-jets-ozone-therapy-heater-mp71.html","og_site_name":"Bagno Italia","article_modified_time":"2025-04-14T13:22:25+00:00","og_image":[{"width":1737,"height":1737,"url":"https:\/\/img.bagnoitalia.com\/wp-content\/uploads\/1-266.webp","type":"image\/webp"}],"twitter_card":"summary_large_image","twitter_misc":{"Gesch\u00e4tzte Lesezeit":"1\u00a0Minute"},"schema":{"@context":"https:\/\/schema.org","@graph":[{"@type":"WebPage","@id":"https:\/\/www.bagnoitalia.com\/de\/produkt\/5-7-seater-whirlpool-235x215-cm-with-75-led-jets-ozone-therapy-heater-mp71.html","url":"https:\/\/www.bagnoitalia.com\/de\/produkt\/5-7-seater-whirlpool-235x215-cm-with-75-led-jets-ozone-therapy-heater-mp71.html","name":"5-7-Sitzer Whirlpool 235x215 cm mit 75 LED-D\u00fcsen Ozontherapie-Heizung MP71 - Bagno Italia","isPartOf":{"@id":"https:\/\/www.bagnoitalia.com\/de#website"},"primaryImageOfPage":{"@id":"https:\/\/www.bagnoitalia.com\/de\/produkt\/5-7-seater-whirlpool-235x215-cm-with-75-led-jets-ozone-therapy-heater-mp71.html#primaryimage"},"image":{"@id":"https:\/\/www.bagnoitalia.com\/de\/produkt\/5-7-seater-whirlpool-235x215-cm-with-75-led-jets-ozone-therapy-heater-mp71.html#primaryimage"},"thumbnailUrl":"https:\/\/img.bagnoitalia.com\/wp-content\/uploads\/1-266.webp","datePublished":"2025-04-14T13:20:55+00:00","dateModified":"2025-04-14T13:22:25+00:00","breadcrumb":{"@id":"https:\/\/www.bagnoitalia.com\/de\/produkt\/5-7-seater-whirlpool-235x215-cm-with-75-led-jets-ozone-therapy-heater-mp71.html#breadcrumb"},"inLanguage":"de","potentialAction":[{"@type":"ReadAction","target":["https:\/\/www.bagnoitalia.com\/de\/produkt\/5-7-seater-whirlpool-235x215-cm-with-75-led-jets-ozone-therapy-heater-mp71.html"]}]},{"@type":"ImageObject","inLanguage":"de","@id":"https:\/\/www.bagnoitalia.com\/de\/produkt\/5-7-seater-whirlpool-235x215-cm-with-75-led-jets-ozone-therapy-heater-mp71.html#primaryimage","url":"https:\/\/img.bagnoitalia.com\/wp-content\/uploads\/1-266.webp","contentUrl":"https:\/\/img.bagnoitalia.com\/wp-content\/uploads\/1-266.webp","width":1737,"height":1737},{"@type":"BreadcrumbList","@id":"https:\/\/www.bagnoitalia.com\/de\/produkt\/5-7-seater-whirlpool-235x215-cm-with-75-led-jets-ozone-therapy-heater-mp71.html#breadcrumb","itemListElement":[{"@type":"ListItem","position":1,"name":"Home","item":"https:\/\/www.bagnoitalia.com\/de"},{"@type":"ListItem","position":2,"name":"Produkte","item":"https:\/\/www.bagnoitalia.com\/de\/shop"},{"@type":"ListItem","position":3,"name":"5-7-Sitzer Whirlpool 235&#215;215 cm mit 75 LED-D\u00fcsen Ozontherapie-Heizung MP71"}]},{"@type":"WebSite","@id":"https:\/\/www.bagnoitalia.com\/de#website","url":"https:\/\/www.bagnoitalia.com\/de","name":"Bagno Italia","description":"","publisher":{"@id":"https:\/\/www.bagnoitalia.com\/de#organization"},"potentialAction":[{"@type":"SearchAction","target":{"@type":"EntryPoint","urlTemplate":"https:\/\/www.bagnoitalia.com\/de?s={search_term_string}"},"query-input":{"@type":"PropertyValueSpecification","valueRequired":true,"valueName":"search_term_string"}}],"inLanguage":"de"},{"@type":"Organization","@id":"https:\/\/www.bagnoitalia.com\/de#organization","name":"Bagno Italia","url":"https:\/\/www.bagnoitalia.com\/de","logo":{"@type":"ImageObject","inLanguage":"de","@id":"https:\/\/www.bagnoitalia.com\/de#\/schema\/logo\/image\/","url":"https:\/\/img.bagnoitalia.com\/wp-content\/uploads\/logo-bagnoitalia.webp","contentUrl":"https:\/\/img.bagnoitalia.com\/wp-content\/uploads\/logo-bagnoitalia.webp","width":400,"height":70,"caption":"Bagno Italia"},"image":{"@id":"https:\/\/www.bagnoitalia.com\/de#\/schema\/logo\/image\/"}}]}},"_links":{"self":[{"href":"https:\/\/www.bagnoitalia.com\/de\/wp-json\/wp\/v2\/product\/106605","targetHints":{"allow":["GET"]}}],"collection":[{"href":"https:\/\/www.bagnoitalia.com\/de\/wp-json\/wp\/v2\/product"}],"about":[{"href":"https:\/\/www.bagnoitalia.com\/de\/wp-json\/wp\/v2\/types\/product"}],"replies":[{"embeddable":true,"href":"https:\/\/www.bagnoitalia.com\/de\/wp-json\/wp\/v2\/comments?post=106605"}],"version-history":[{"count":2,"href":"https:\/\/www.bagnoitalia.com\/de\/wp-json\/wp\/v2\/product\/106605\/revisions"}],"predecessor-version":[{"id":106608,"href":"https:\/\/www.bagnoitalia.com\/de\/wp-json\/wp\/v2\/product\/106605\/revisions\/106608"}],"wp:featuredmedia":[{"embeddable":true,"href":"https:\/\/www.bagnoitalia.com\/de\/wp-json\/wp\/v2\/media\/106537"}],"wp:attachment":[{"href":"https:\/\/www.bagnoitalia.com\/de\/wp-json\/wp\/v2\/media?parent=106605"}],"wp:term":[{"taxonomy":"product_brand","embeddable":true,"href":"https:\/\/www.bagnoitalia.com\/de\/wp-json\/wp\/v2\/product_brand?post=106605"},{"taxonomy":"product_cat","embeddable":true,"href":"https:\/\/www.bagnoitalia.com\/de\/wp-json\/wp\/v2\/product_cat?post=106605"},{"taxonomy":"product_tag","embeddable":true,"href":"https:\/\/www.bagnoitalia.com\/de\/wp-json\/wp\/v2\/product_tag?post=106605"}],"curies":[{"name":"wp","href":"https:\/\/api.w.org\/{rel}","templated":true}]}}