{"id":106021,"date":"2025-04-02T15:09:04","date_gmt":"2025-04-02T13:09:04","guid":{"rendered":"https:\/\/www.bagnoitalia.com\/tiger3-washbasin-base-unit-cm-130-in-4-finishes-with-drawers-and-compartments-or-doors-or-dressing-table.html"},"modified":"2025-04-02T15:21:43","modified_gmt":"2025-04-02T13:21:43","slug":"tiger3-washbasin-base-unit-cm-130-in-4-finishes-with-drawers-and-compartments-or-doors-or-dressing-table","status":"publish","type":"product","link":"https:\/\/www.bagnoitalia.com\/de\/produkt\/tiger3-washbasin-base-unit-cm-130-in-4-finishes-with-drawers-and-compartments-or-doors-or-dressing-table.html","title":{"rendered":"Tiger3 Waschtischunterschrank cm 130 in 4 Ausf\u00fchrungen mit Schubladen und F\u00e4chern oder T\u00fcren oder Frisiertisch"},"content":{"rendered":"<p>130cm &#8218;TIGER3&#8216; Unterschrank mit T\u00fcr\/offenen F\u00e4chern+Schubladen<\/p>\n<p>&nbsp;<\/p>\n<p>&nbsp;<\/p>\n<p>&nbsp;<\/p>\n<p>&nbsp;<\/p>\n<p>TYPEN und ABMESSUNGEN<\/p>\n<p>Abmessungen des Unterschranks: 130xP45,2xH55,8 cm<\/p>\n<p>Rechteckiger Spiegel 70&#215;110 cm (umkehrbar)<\/p>\n<p>Das Untergestell ist in den folgenden Typen und Farben erh\u00e4ltlich<\/p>\n<p>mit 2 mittleren Schubladen + 4 Seitenf\u00e4chern (2 rechts und 2 links) in der Farbe Nussbaum<br \/>\nmit 2 Seitenschubladen + 1 Seitent\u00fcr in den Farben Nussbaum, Wei\u00df, Schwarz<br \/>\nmit 2 seitlichen Schubladen + 2 offenen Seitenf\u00e4chern in Nussbaum, wei\u00df, schwarz, wei\u00df mit grauer Platte<br \/>\nmit 2 seitlichen Schubladen + 1 Seitenschrank in den Farben Nussbaum, wei\u00df, schwarz<\/p>\n<p>&nbsp;<\/p>\n<p>W\u00c4HLEN SIE TYP UND FARBE AUS DEM DROPDOWN-MEN\u00dc OBEN<\/p>\n<p>&nbsp;<\/p>\n<p>ACHTUNG: Waschbecken, Abfluss und Armaturen NICHT im Preis enthalten<\/p>\n<p>&nbsp;<\/p>\n<p>Klicken Sie hier, um passende Aufsatzwaschtische zu sehen<\/p>\n<p>&nbsp;<\/p>\n<p>MEHR DETAILS<\/p>\n<p>Wandh\u00e4ngender Badezimmerschrank, ideal f\u00fcr Aufsatzwaschbecken<\/p>\n<p>Umkehrbar: Sie k\u00f6nnen die Position der Schubladen mit der der T\u00fcr oder des Waschtischunterschranks vertauschen (au\u00dfer beim Unterschrank mit zentralen Schubladen)<\/p>\n<p>Umkehrbarer Filolucido-Spiegel<\/p>\n<p>Schubladen\/T\u00fcr ohne Griff (Rillen\u00f6ffnung)<\/p>\n<p>Schubladen\/Schubladenfronten mit Slow-Close-Mechanismus (Soft-Close)<\/p>\n<p>Struktur aus melaminbeschichtetem Holz<\/p>\n<p>&nbsp;<\/p>\n<p>\u00dcber das Dropdown-Men\u00fc ist es auch m\u00f6glich, eine LED-Wandleuchte (Chrom oder Schwarz) f\u00fcr den Spiegel und\/oder eine passende H\u00e4nges\u00e4ule 30xD24xH140 cm hinzuzuf\u00fcgen<\/p>\n<p>&nbsp;<\/p>\n<p>&nbsp;<\/p>\n<p>&nbsp;<\/p>\n<p>&nbsp;<\/p>\n<p>&nbsp;<\/p>\n<p>&nbsp;<\/p>\n<p>&nbsp;<\/p>\n<p>&nbsp;<\/p>\n<p>&nbsp;<\/p>\n<p>&nbsp;<\/p>\n<p>&nbsp;<\/p>\n<p>&nbsp;<\/p>\n<p>&nbsp;<\/p>\n<p>&nbsp;<\/p>\n<p>&nbsp;<\/p>\n<p>&nbsp;<\/p>\n<p>&nbsp;<\/p>\n<p>&nbsp;<\/p>\n<p>&nbsp;<\/p>\n<p>Anami<\/p>\n<p>&nbsp;<\/p>\n<p>&nbsp;<\/p>\n","protected":false},"excerpt":{"rendered":"<p>Moderner Badschrank f\u00fcr die h\u00e4ngende Montage, ideal f\u00fcr Aufsatzwaschbecken, komplett mit Spiegel. Unterschrank bestehend aus 2 Schubladen und: 4 offenen F\u00e4chern, oder 1 T\u00fcr, oder 2 offenen F\u00e4chern, oder 1 Waschtischunterschrank. Verf\u00fcgbare Farben: wei\u00df, schwarz, nussbaumfarben, wei\u00df mit grauer Platte. Der Waschtisch ist NICHT im Preis inbegriffen. Es ist m\u00f6glich, einen passenden Hochschrank hinzuzuf\u00fcgen.<\/p>\n","protected":false},"featured_media":105917,"comment_status":"open","ping_status":"closed","template":"","meta":[],"product_brand":[9883],"product_cat":[9724],"product_tag":[],"class_list":{"0":"post-106021","1":"product","2":"type-product","3":"status-publish","4":"has-post-thumbnail","6":"product_brand-deghi-de","7":"product_cat-badmobel-von-101-bis-220-cm-moderne-mobel","9":"first","10":"instock","11":"sale","12":"taxable","13":"shipping-taxable","14":"purchasable","15":"product-type-simple"},"exclude_global_add_ons":false,"addons":[{"name":"Typ","type":"multiple_choice","position":0,"required":false,"title_format":"label","default":"","description_enable":false,"description":"","placeholder_enable":false,"placeholder":"","display":"select","restrictions_type":"any_text","adjust_price":false,"price":"","price_type":"flat_fee","restrictions":false,"min":"0","max":"0","options":[{"label":"Walnuss mit 4 F\u00e4chern","price":"","price_type":"flat_fee","image":0,"visibility":true},{"label":"Wei\u00df mit 2 F\u00e4chern","price":"10","price_type":"flat_fee","image":0,"visibility":true},{"label":"Schwarz mit 2 F\u00e4chern","price":"10","price_type":"flat_fee","image":0,"visibility":true},{"label":"Walnuss mit 2 F\u00e4chern","price":"10","price_type":"flat_fee","image":0,"visibility":true},{"label":"Wei\u00df und Top Grey mit 2 F\u00e4chern","price":"10","price_type":"flat_fee","image":0,"visibility":true},{"label":"Wei\u00df mit 1 T\u00fcr","price":"110","price_type":"flat_fee","image":0,"visibility":true},{"label":"Schwarz mit 1 T\u00fcr","price":"110","price_type":"flat_fee","image":0,"visibility":true},{"label":"Walnuss mit 1 T\u00fcr","price":"110","price_type":"flat_fee","image":0,"visibility":true},{"label":"Wei\u00df mit 1 T\u00fcr","price":"250","price_type":"flat_fee","image":0,"visibility":true},{"label":"Schwarz mit 1 Toilette","price":"250","price_type":"flat_fee","image":0,"visibility":true},{"label":"Walnuss mit 1 Toilette","price":"250","price_type":"flat_fee","image":0,"visibility":true}],"id":1743606545},{"name":"S\u00e4ule","type":"multiple_choice","position":1,"required":false,"title_format":"label","default":"","description_enable":false,"description":"","placeholder_enable":false,"placeholder":"","display":"select","restrictions_type":"any_text","adjust_price":false,"price":"","price_type":"flat_fee","restrictions":false,"min":"0","max":"0","options":[{"label":"Nein","price":"","price_type":"flat_fee","image":0,"visibility":true},{"label":"1 S\u00e4ule 30xP24xH140 cm","price":"319","price_type":"flat_fee","image":0,"visibility":true}],"id":1743606546},{"name":"Applique","type":"multiple_choice","position":2,"required":false,"title_format":"label","default":"","description_enable":false,"description":"","placeholder_enable":false,"placeholder":"","display":"select","restrictions_type":"any_text","adjust_price":false,"price":"","price_type":"flat_fee","restrictions":false,"min":"0","max":"0","options":[{"label":"Nein","price":"","price_type":"flat_fee","image":0,"visibility":true},{"label":"Verchromter Scheinwerfer","price":"20","price_type":"flat_fee","image":0,"visibility":true},{"label":"Led-Strahler mattschwarz","price":"25","price_type":"flat_fee","image":0,"visibility":true}],"id":1743606547}],"yoast_head":"<!-- This site is optimized with the Yoast SEO plugin v26.7 - https:\/\/yoast.com\/wordpress\/plugins\/seo\/ -->\n<title>Tiger3 Waschtischunterschrank cm 130 in 4 Ausf\u00fchrungen mit Schubladen und F\u00e4chern oder T\u00fcren oder Frisiertisch - Bagno Italia<\/title>\n<meta name=\"robots\" content=\"index, follow, max-snippet:-1, max-image-preview:large, max-video-preview:-1\" \/>\n<link rel=\"canonical\" href=\"https:\/\/www.bagnoitalia.com\/de\/produkt\/tiger3-washbasin-base-unit-cm-130-in-4-finishes-with-drawers-and-compartments-or-doors-or-dressing-table.html\" \/>\n<meta property=\"og:locale\" content=\"de_DE\" \/>\n<meta property=\"og:type\" content=\"article\" \/>\n<meta property=\"og:title\" content=\"Tiger3 Waschtischunterschrank cm 130 in 4 Ausf\u00fchrungen mit Schubladen und F\u00e4chern oder T\u00fcren oder Frisiertisch - Bagno Italia\" \/>\n<meta property=\"og:description\" content=\"Moderner Badschrank f\u00fcr die h\u00e4ngende Montage, ideal f\u00fcr Aufsatzwaschbecken, komplett mit Spiegel. Unterschrank bestehend aus 2 Schubladen und: 4 offenen F\u00e4chern, oder 1 T\u00fcr, oder 2 offenen F\u00e4chern, oder 1 Waschtischunterschrank. Verf\u00fcgbare Farben: wei\u00df, schwarz, nussbaumfarben, wei\u00df mit grauer Platte. Der Waschtisch ist NICHT im Preis inbegriffen. Es ist m\u00f6glich, einen passenden Hochschrank hinzuzuf\u00fcgen.\" \/>\n<meta property=\"og:url\" content=\"https:\/\/www.bagnoitalia.com\/de\/produkt\/tiger3-washbasin-base-unit-cm-130-in-4-finishes-with-drawers-and-compartments-or-doors-or-dressing-table.html\" \/>\n<meta property=\"og:site_name\" content=\"Bagno Italia\" \/>\n<meta property=\"article:modified_time\" content=\"2025-04-02T13:21:43+00:00\" \/>\n<meta property=\"og:image\" content=\"https:\/\/img.bagnoitalia.com\/wp-content\/uploads\/1-253.webp\" \/>\n\t<meta property=\"og:image:width\" content=\"1000\" \/>\n\t<meta property=\"og:image:height\" content=\"1000\" \/>\n\t<meta property=\"og:image:type\" content=\"image\/webp\" \/>\n<meta name=\"twitter:card\" content=\"summary_large_image\" \/>\n<meta name=\"twitter:label1\" content=\"Gesch\u00e4tzte Lesezeit\" \/>\n\t<meta name=\"twitter:data1\" content=\"1\u00a0Minute\" \/>\n<script type=\"application\/ld+json\" class=\"yoast-schema-graph\">{\"@context\":\"https:\/\/schema.org\",\"@graph\":[{\"@type\":\"WebPage\",\"@id\":\"https:\/\/www.bagnoitalia.com\/de\/produkt\/tiger3-washbasin-base-unit-cm-130-in-4-finishes-with-drawers-and-compartments-or-doors-or-dressing-table.html\",\"url\":\"https:\/\/www.bagnoitalia.com\/de\/produkt\/tiger3-washbasin-base-unit-cm-130-in-4-finishes-with-drawers-and-compartments-or-doors-or-dressing-table.html\",\"name\":\"Tiger3 Waschtischunterschrank cm 130 in 4 Ausf\u00fchrungen mit Schubladen und F\u00e4chern oder T\u00fcren oder Frisiertisch - Bagno Italia\",\"isPartOf\":{\"@id\":\"https:\/\/www.bagnoitalia.com\/de#website\"},\"primaryImageOfPage\":{\"@id\":\"https:\/\/www.bagnoitalia.com\/de\/produkt\/tiger3-washbasin-base-unit-cm-130-in-4-finishes-with-drawers-and-compartments-or-doors-or-dressing-table.html#primaryimage\"},\"image\":{\"@id\":\"https:\/\/www.bagnoitalia.com\/de\/produkt\/tiger3-washbasin-base-unit-cm-130-in-4-finishes-with-drawers-and-compartments-or-doors-or-dressing-table.html#primaryimage\"},\"thumbnailUrl\":\"https:\/\/img.bagnoitalia.com\/wp-content\/uploads\/1-253.webp\",\"datePublished\":\"2025-04-02T13:09:04+00:00\",\"dateModified\":\"2025-04-02T13:21:43+00:00\",\"breadcrumb\":{\"@id\":\"https:\/\/www.bagnoitalia.com\/de\/produkt\/tiger3-washbasin-base-unit-cm-130-in-4-finishes-with-drawers-and-compartments-or-doors-or-dressing-table.html#breadcrumb\"},\"inLanguage\":\"de\",\"potentialAction\":[{\"@type\":\"ReadAction\",\"target\":[\"https:\/\/www.bagnoitalia.com\/de\/produkt\/tiger3-washbasin-base-unit-cm-130-in-4-finishes-with-drawers-and-compartments-or-doors-or-dressing-table.html\"]}]},{\"@type\":\"ImageObject\",\"inLanguage\":\"de\",\"@id\":\"https:\/\/www.bagnoitalia.com\/de\/produkt\/tiger3-washbasin-base-unit-cm-130-in-4-finishes-with-drawers-and-compartments-or-doors-or-dressing-table.html#primaryimage\",\"url\":\"https:\/\/img.bagnoitalia.com\/wp-content\/uploads\/1-253.webp\",\"contentUrl\":\"https:\/\/img.bagnoitalia.com\/wp-content\/uploads\/1-253.webp\",\"width\":1000,\"height\":1000},{\"@type\":\"BreadcrumbList\",\"@id\":\"https:\/\/www.bagnoitalia.com\/de\/produkt\/tiger3-washbasin-base-unit-cm-130-in-4-finishes-with-drawers-and-compartments-or-doors-or-dressing-table.html#breadcrumb\",\"itemListElement\":[{\"@type\":\"ListItem\",\"position\":1,\"name\":\"Home\",\"item\":\"https:\/\/www.bagnoitalia.com\/de\"},{\"@type\":\"ListItem\",\"position\":2,\"name\":\"Produkte\",\"item\":\"https:\/\/www.bagnoitalia.com\/de\/shop\"},{\"@type\":\"ListItem\",\"position\":3,\"name\":\"Tiger3 Waschtischunterschrank cm 130 in 4 Ausf\u00fchrungen mit Schubladen und F\u00e4chern oder T\u00fcren oder Frisiertisch\"}]},{\"@type\":\"WebSite\",\"@id\":\"https:\/\/www.bagnoitalia.com\/de#website\",\"url\":\"https:\/\/www.bagnoitalia.com\/de\",\"name\":\"Bagno Italia\",\"description\":\"\",\"publisher\":{\"@id\":\"https:\/\/www.bagnoitalia.com\/de#organization\"},\"potentialAction\":[{\"@type\":\"SearchAction\",\"target\":{\"@type\":\"EntryPoint\",\"urlTemplate\":\"https:\/\/www.bagnoitalia.com\/de?s={search_term_string}\"},\"query-input\":{\"@type\":\"PropertyValueSpecification\",\"valueRequired\":true,\"valueName\":\"search_term_string\"}}],\"inLanguage\":\"de\"},{\"@type\":\"Organization\",\"@id\":\"https:\/\/www.bagnoitalia.com\/de#organization\",\"name\":\"Bagno Italia\",\"url\":\"https:\/\/www.bagnoitalia.com\/de\",\"logo\":{\"@type\":\"ImageObject\",\"inLanguage\":\"de\",\"@id\":\"https:\/\/www.bagnoitalia.com\/de#\/schema\/logo\/image\/\",\"url\":\"https:\/\/img.bagnoitalia.com\/wp-content\/uploads\/logo-bagnoitalia.webp\",\"contentUrl\":\"https:\/\/img.bagnoitalia.com\/wp-content\/uploads\/logo-bagnoitalia.webp\",\"width\":400,\"height\":70,\"caption\":\"Bagno Italia\"},\"image\":{\"@id\":\"https:\/\/www.bagnoitalia.com\/de#\/schema\/logo\/image\/\"}}]}<\/script>\n<!-- \/ Yoast SEO plugin. -->","yoast_head_json":{"title":"Tiger3 Waschtischunterschrank cm 130 in 4 Ausf\u00fchrungen mit Schubladen und F\u00e4chern oder T\u00fcren oder Frisiertisch - Bagno Italia","robots":{"index":"index","follow":"follow","max-snippet":"max-snippet:-1","max-image-preview":"max-image-preview:large","max-video-preview":"max-video-preview:-1"},"canonical":"https:\/\/www.bagnoitalia.com\/de\/produkt\/tiger3-washbasin-base-unit-cm-130-in-4-finishes-with-drawers-and-compartments-or-doors-or-dressing-table.html","og_locale":"de_DE","og_type":"article","og_title":"Tiger3 Waschtischunterschrank cm 130 in 4 Ausf\u00fchrungen mit Schubladen und F\u00e4chern oder T\u00fcren oder Frisiertisch - Bagno Italia","og_description":"Moderner Badschrank f\u00fcr die h\u00e4ngende Montage, ideal f\u00fcr Aufsatzwaschbecken, komplett mit Spiegel. Unterschrank bestehend aus 2 Schubladen und: 4 offenen F\u00e4chern, oder 1 T\u00fcr, oder 2 offenen F\u00e4chern, oder 1 Waschtischunterschrank. Verf\u00fcgbare Farben: wei\u00df, schwarz, nussbaumfarben, wei\u00df mit grauer Platte. Der Waschtisch ist NICHT im Preis inbegriffen. Es ist m\u00f6glich, einen passenden Hochschrank hinzuzuf\u00fcgen.","og_url":"https:\/\/www.bagnoitalia.com\/de\/produkt\/tiger3-washbasin-base-unit-cm-130-in-4-finishes-with-drawers-and-compartments-or-doors-or-dressing-table.html","og_site_name":"Bagno Italia","article_modified_time":"2025-04-02T13:21:43+00:00","og_image":[{"width":1000,"height":1000,"url":"https:\/\/img.bagnoitalia.com\/wp-content\/uploads\/1-253.webp","type":"image\/webp"}],"twitter_card":"summary_large_image","twitter_misc":{"Gesch\u00e4tzte Lesezeit":"1\u00a0Minute"},"schema":{"@context":"https:\/\/schema.org","@graph":[{"@type":"WebPage","@id":"https:\/\/www.bagnoitalia.com\/de\/produkt\/tiger3-washbasin-base-unit-cm-130-in-4-finishes-with-drawers-and-compartments-or-doors-or-dressing-table.html","url":"https:\/\/www.bagnoitalia.com\/de\/produkt\/tiger3-washbasin-base-unit-cm-130-in-4-finishes-with-drawers-and-compartments-or-doors-or-dressing-table.html","name":"Tiger3 Waschtischunterschrank cm 130 in 4 Ausf\u00fchrungen mit Schubladen und F\u00e4chern oder T\u00fcren oder Frisiertisch - Bagno Italia","isPartOf":{"@id":"https:\/\/www.bagnoitalia.com\/de#website"},"primaryImageOfPage":{"@id":"https:\/\/www.bagnoitalia.com\/de\/produkt\/tiger3-washbasin-base-unit-cm-130-in-4-finishes-with-drawers-and-compartments-or-doors-or-dressing-table.html#primaryimage"},"image":{"@id":"https:\/\/www.bagnoitalia.com\/de\/produkt\/tiger3-washbasin-base-unit-cm-130-in-4-finishes-with-drawers-and-compartments-or-doors-or-dressing-table.html#primaryimage"},"thumbnailUrl":"https:\/\/img.bagnoitalia.com\/wp-content\/uploads\/1-253.webp","datePublished":"2025-04-02T13:09:04+00:00","dateModified":"2025-04-02T13:21:43+00:00","breadcrumb":{"@id":"https:\/\/www.bagnoitalia.com\/de\/produkt\/tiger3-washbasin-base-unit-cm-130-in-4-finishes-with-drawers-and-compartments-or-doors-or-dressing-table.html#breadcrumb"},"inLanguage":"de","potentialAction":[{"@type":"ReadAction","target":["https:\/\/www.bagnoitalia.com\/de\/produkt\/tiger3-washbasin-base-unit-cm-130-in-4-finishes-with-drawers-and-compartments-or-doors-or-dressing-table.html"]}]},{"@type":"ImageObject","inLanguage":"de","@id":"https:\/\/www.bagnoitalia.com\/de\/produkt\/tiger3-washbasin-base-unit-cm-130-in-4-finishes-with-drawers-and-compartments-or-doors-or-dressing-table.html#primaryimage","url":"https:\/\/img.bagnoitalia.com\/wp-content\/uploads\/1-253.webp","contentUrl":"https:\/\/img.bagnoitalia.com\/wp-content\/uploads\/1-253.webp","width":1000,"height":1000},{"@type":"BreadcrumbList","@id":"https:\/\/www.bagnoitalia.com\/de\/produkt\/tiger3-washbasin-base-unit-cm-130-in-4-finishes-with-drawers-and-compartments-or-doors-or-dressing-table.html#breadcrumb","itemListElement":[{"@type":"ListItem","position":1,"name":"Home","item":"https:\/\/www.bagnoitalia.com\/de"},{"@type":"ListItem","position":2,"name":"Produkte","item":"https:\/\/www.bagnoitalia.com\/de\/shop"},{"@type":"ListItem","position":3,"name":"Tiger3 Waschtischunterschrank cm 130 in 4 Ausf\u00fchrungen mit Schubladen und F\u00e4chern oder T\u00fcren oder Frisiertisch"}]},{"@type":"WebSite","@id":"https:\/\/www.bagnoitalia.com\/de#website","url":"https:\/\/www.bagnoitalia.com\/de","name":"Bagno Italia","description":"","publisher":{"@id":"https:\/\/www.bagnoitalia.com\/de#organization"},"potentialAction":[{"@type":"SearchAction","target":{"@type":"EntryPoint","urlTemplate":"https:\/\/www.bagnoitalia.com\/de?s={search_term_string}"},"query-input":{"@type":"PropertyValueSpecification","valueRequired":true,"valueName":"search_term_string"}}],"inLanguage":"de"},{"@type":"Organization","@id":"https:\/\/www.bagnoitalia.com\/de#organization","name":"Bagno Italia","url":"https:\/\/www.bagnoitalia.com\/de","logo":{"@type":"ImageObject","inLanguage":"de","@id":"https:\/\/www.bagnoitalia.com\/de#\/schema\/logo\/image\/","url":"https:\/\/img.bagnoitalia.com\/wp-content\/uploads\/logo-bagnoitalia.webp","contentUrl":"https:\/\/img.bagnoitalia.com\/wp-content\/uploads\/logo-bagnoitalia.webp","width":400,"height":70,"caption":"Bagno Italia"},"image":{"@id":"https:\/\/www.bagnoitalia.com\/de#\/schema\/logo\/image\/"}}]}},"_links":{"self":[{"href":"https:\/\/www.bagnoitalia.com\/de\/wp-json\/wp\/v2\/product\/106021","targetHints":{"allow":["GET"]}}],"collection":[{"href":"https:\/\/www.bagnoitalia.com\/de\/wp-json\/wp\/v2\/product"}],"about":[{"href":"https:\/\/www.bagnoitalia.com\/de\/wp-json\/wp\/v2\/types\/product"}],"replies":[{"embeddable":true,"href":"https:\/\/www.bagnoitalia.com\/de\/wp-json\/wp\/v2\/comments?post=106021"}],"version-history":[{"count":2,"href":"https:\/\/www.bagnoitalia.com\/de\/wp-json\/wp\/v2\/product\/106021\/revisions"}],"predecessor-version":[{"id":106024,"href":"https:\/\/www.bagnoitalia.com\/de\/wp-json\/wp\/v2\/product\/106021\/revisions\/106024"}],"wp:featuredmedia":[{"embeddable":true,"href":"https:\/\/www.bagnoitalia.com\/de\/wp-json\/wp\/v2\/media\/105917"}],"wp:attachment":[{"href":"https:\/\/www.bagnoitalia.com\/de\/wp-json\/wp\/v2\/media?parent=106021"}],"wp:term":[{"taxonomy":"product_brand","embeddable":true,"href":"https:\/\/www.bagnoitalia.com\/de\/wp-json\/wp\/v2\/product_brand?post=106021"},{"taxonomy":"product_cat","embeddable":true,"href":"https:\/\/www.bagnoitalia.com\/de\/wp-json\/wp\/v2\/product_cat?post=106021"},{"taxonomy":"product_tag","embeddable":true,"href":"https:\/\/www.bagnoitalia.com\/de\/wp-json\/wp\/v2\/product_tag?post=106021"}],"curies":[{"name":"wp","href":"https:\/\/api.w.org\/{rel}","templated":true}]}}