{"id":105379,"date":"2025-03-26T15:50:05","date_gmt":"2025-03-26T14:50:05","guid":{"rendered":"https:\/\/www.bagnoitalia.com\/base-unit-for-double-washbasin-luke2-120-or-140-cm-in-9-colours-4-drawers-mirror-included.html"},"modified":"2025-03-26T15:52:34","modified_gmt":"2025-03-26T14:52:34","slug":"base-unit-for-double-washbasin-luke2-120-or-140-cm-in-9-colours-4-drawers-mirror-included","status":"publish","type":"product","link":"https:\/\/www.bagnoitalia.com\/de\/produkt\/base-unit-for-double-washbasin-luke2-120-or-140-cm-in-9-colours-4-drawers-mirror-included.html","title":{"rendered":"Unterschrank f\u00fcr Doppelwaschtisch Luke2 120 oder 140 cm in 9 Farben 4 Schubladen inklusive Spiegel"},"content":{"rendered":"<p>Luke2&#8242; Waschtischunterschrank 120 oder 140 cm<\/p>\n<p>&nbsp;<\/p>\n<p>&nbsp;<\/p>\n<p>&nbsp;<\/p>\n<p>&nbsp;<\/p>\n<p>HAUPTMERKMALE DES PRODUKTS<\/p>\n<p>Moderner Badunterschrank, geeignet f\u00fcr Aufsatzwaschtische<\/p>\n<p>H\u00e4ngender Einbau<\/p>\n<p>Bestehend aus 4 Schubladen<\/p>\n<p>Verf\u00fcgbare Typen<\/p>\n<p>120cm matt wei\u00df mit Spiegel 70x110cm RECTANGULAR<br \/>\n120cm mattschwarz mit Spiegel 70x110cm RECTANGULAR<br \/>\n120cm Walnuss mit Spiegel 70x110cm RECTANGULAR<br \/>\n120cm blau matt mit 70x110cm Spiegel RECTANGULAR<br \/>\n120cm Eiche mit 2 x 50&#215;100 cm OVAL-Spiegeln<br \/>\n120cm Mattweiss mit Eichenplatte und 2 OVAL-Spiegeln 50x100cm<br \/>\n120cm matt blau mit Eichenplatte und 2 x 50&#215;100 cm OVAL-Spiegeln<br \/>\n120cm Mattschwarz mit Eichenplatte und 2 OVAL-Spiegeln 50&#215;100 cm<br \/>\n120cm Nussbaum mit Eichenplatte und 2 x 50&#215;100 cm OVAL-Spiegeln<br \/>\n140cm matt wei\u00df mit Spiegeln 70x120cm RECHTECKIG<br \/>\n140cm mattschwarz mit 70x120cm RECTANGULAR Spiegel<br \/>\n140 cm Nussbaum mit Spiegel RECTANGULAR 70x120cm<br \/>\n140cm matt blau mit 70x120cm RECTANGULAR Spiegel<br \/>\n140cm Eiche mit 2 x 50x100cm OVAL-Spiegeln<br \/>\n140cm mattweiss mit Eichenplatte und 2 x 50&#215;100 cm OVAL-Spiegeln<br \/>\n140cm matt blau mit Eichenplatte und 2 x 50&#215;100 cm OVAL-Spiegeln<br \/>\n140cm mattschwarz mit Eichenplatte und 2 x 50&#215;100 cm OVAL-Spiegeln<br \/>\n140cm Nussbaum mit Eichenplatte und 2 OVAL-Spiegeln 50&#215;100 cm<\/p>\n<p>W\u00c4HLEN SIE AUS DEM DROPDOWN-MEN\u00dc OBEN DEN TYP<\/p>\n<p>ACHTUNG: Waschbecken und Wasserh\u00e4hne sind NICHT im Preis enthalten<\/p>\n<p>Klicken Sie hier, um passende Aufsatzwaschtische zu sehen<\/p>\n<p>Spiegel filolucido und reversibel<\/p>\n<p>Aufgeh\u00e4ngte Installation<\/p>\n<p>Grifflose Schubladen (Rillen\u00f6ffnung)<\/p>\n<p>Langsames Schlie\u00dfen (Soft-Close)<\/p>\n<p>Struktur aus melaminbeschichtetem Holz<\/p>\n<p>Die S\u00e4ule ist NICHT im Preis enthalten, sie kann \u00fcber das Dropdown-Men\u00fc hinzugef\u00fcgt werden (Gr\u00f6\u00dfe 30xD24xH140 cm)<\/p>\n<p>&nbsp;<\/p>\n<p>&nbsp;<\/p>\n<p>&nbsp;<\/p>\n<p>&nbsp;<\/p>\n<p>&nbsp;<\/p>\n<p>&nbsp;<\/p>\n<p>&nbsp;<\/p>\n<p>&nbsp;<\/p>\n<p>&nbsp;<\/p>\n<p>&nbsp;<\/p>\n<p>&nbsp;<\/p>\n<p>&nbsp;<\/p>\n<p>&nbsp;<\/p>\n<p>&nbsp;<\/p>\n<p>&nbsp;<\/p>\n<p>&nbsp;<\/p>\n<p>&nbsp;<\/p>\n<p>&nbsp;<\/p>\n<p>&nbsp;<\/p>\n<p>&nbsp;<\/p>\n<p>&nbsp;<\/p>\n<p>&nbsp;<\/p>\n<p>&nbsp;<\/p>\n<p>&nbsp;<\/p>\n<p>&nbsp;<\/p>\n<p>&nbsp;<\/p>\n<p>&nbsp;<\/p>\n<p>Anami<\/p>\n<p>&nbsp;<\/p>\n<p>&nbsp;<\/p>\n","protected":false},"excerpt":{"rendered":"<p>Modernes Badm\u00f6bel f\u00fcr die h\u00e4ngende Montage, ideal f\u00fcr 2 Aufsatzwaschtische. Auswahl an Farben: wei\u00df, schwarz, Eiche, blau, Nussbaum, wei\u00df mit Eichenplatte, blau mit Eichenplatte, schwarz mit Eichenplatte, Nussbaum mit Eichenplatte. Bestehend aus 4 Schubladen, mit doppeltem ovalen Spiegel f\u00fcr M\u00f6bel mit Eichenplatte und einem rechteckigen Spiegel f\u00fcr andere M\u00f6bel. Die Waschbecken sind NICHT enthalten.<\/p>\n<p>&nbsp;<\/p>\n","protected":false},"featured_media":105315,"comment_status":"open","ping_status":"closed","template":"","meta":[],"product_brand":[9883],"product_cat":[9704],"product_tag":[],"class_list":{"0":"post-105379","1":"product","2":"type-product","3":"status-publish","4":"has-post-thumbnail","6":"product_brand-deghi-de","7":"product_cat-badmobel-mit-doppelwaschbecken","9":"first","10":"instock","11":"sale","12":"taxable","13":"shipping-taxable","14":"purchasable","15":"product-type-simple"},"exclude_global_add_ons":false,"addons":[{"name":"Typ","type":"multiple_choice","position":0,"required":false,"title_format":"label","default":"","description_enable":false,"description":"","placeholder_enable":false,"placeholder":"","display":"select","restrictions_type":"any_text","adjust_price":false,"price":"","price_type":"flat_fee","restrictions":false,"min":"0","max":"0","options":[{"label":"120 cm matt wei\u00df","price":"","price_type":"flat_fee","image":0,"visibility":true},{"label":"120 cm matt schwarz","price":"","price_type":"flat_fee","image":0,"visibility":true},{"label":"120 cm Walnuss","price":"","price_type":"flat_fee","image":0,"visibility":true},{"label":"120 cm matt blau","price":"","price_type":"flat_fee","image":0,"visibility":true},{"label":"120 cm Eiche","price":"","price_type":"flat_fee","image":0,"visibility":true},{"label":"120 cm Eiche-wei\u00df","price":"","price_type":"flat_fee","image":0,"visibility":true},{"label":"120 cm Puder-Blau","price":"","price_type":"flat_fee","image":0,"visibility":true},{"label":"120 cm schwarz-staub","price":"","price_type":"flat_fee","image":0,"visibility":true},{"label":"120 cm Walnuss-Staub","price":"","price_type":"flat_fee","image":0,"visibility":true},{"label":"140 cm matt-wei\u00df","price":"60","price_type":"flat_fee","image":0,"visibility":true},{"label":"140 cm matt schwarz","price":"60","price_type":"flat_fee","image":0,"visibility":true},{"label":"140 cm Nussbaum","price":"60","price_type":"flat_fee","image":0,"visibility":true},{"label":"140 cm mattblau","price":"60","price_type":"flat_fee","image":0,"visibility":true},{"label":"140 cm Eiche","price":"60","price_type":"flat_fee","image":0,"visibility":true},{"label":"140 cm Eiche-wei\u00df","price":"60","price_type":"flat_fee","image":0,"visibility":true},{"label":"140 cm Puder-Blau","price":"60","price_type":"flat_fee","image":0,"visibility":true},{"label":"140 cm schwarz-staub","price":"60","price_type":"flat_fee","image":0,"visibility":true},{"label":"140 cm Walnuss-Staub","price":"60","price_type":"flat_fee","image":0,"visibility":true}],"id":1743004207},{"name":"S\u00e4ule","type":"multiple_choice","position":1,"required":false,"title_format":"label","default":"","description_enable":false,"description":"","placeholder_enable":false,"placeholder":"","display":"select","restrictions_type":"any_text","adjust_price":false,"price":"","price_type":"flat_fee","restrictions":false,"min":"0","max":"0","options":[{"label":"Nein","price":"","price_type":"flat_fee","image":0,"visibility":true},{"label":"1 S\u00e4ule 30xP24xH140 cm","price":"319","price_type":"flat_fee","image":0,"visibility":true}],"id":1743004208}],"yoast_head":"<!-- This site is optimized with the Yoast SEO plugin v26.7 - https:\/\/yoast.com\/wordpress\/plugins\/seo\/ -->\n<title>Unterschrank f\u00fcr Doppelwaschtisch Luke2 120 oder 140 cm in 9 Farben 4 Schubladen inklusive Spiegel - Bagno Italia<\/title>\n<meta name=\"robots\" content=\"index, follow, max-snippet:-1, max-image-preview:large, max-video-preview:-1\" \/>\n<link rel=\"canonical\" href=\"https:\/\/www.bagnoitalia.com\/de\/produkt\/base-unit-for-double-washbasin-luke2-120-or-140-cm-in-9-colours-4-drawers-mirror-included.html\" \/>\n<meta property=\"og:locale\" content=\"de_DE\" \/>\n<meta property=\"og:type\" content=\"article\" \/>\n<meta property=\"og:title\" content=\"Unterschrank f\u00fcr Doppelwaschtisch Luke2 120 oder 140 cm in 9 Farben 4 Schubladen inklusive Spiegel - Bagno Italia\" \/>\n<meta property=\"og:description\" content=\"Modernes Badm\u00f6bel f\u00fcr die h\u00e4ngende Montage, ideal f\u00fcr 2 Aufsatzwaschtische. Auswahl an Farben: wei\u00df, schwarz, Eiche, blau, Nussbaum, wei\u00df mit Eichenplatte, blau mit Eichenplatte, schwarz mit Eichenplatte, Nussbaum mit Eichenplatte. Bestehend aus 4 Schubladen, mit doppeltem ovalen Spiegel f\u00fcr M\u00f6bel mit Eichenplatte und einem rechteckigen Spiegel f\u00fcr andere M\u00f6bel. Die Waschbecken sind NICHT enthalten.  &nbsp;\" \/>\n<meta property=\"og:url\" content=\"https:\/\/www.bagnoitalia.com\/de\/produkt\/base-unit-for-double-washbasin-luke2-120-or-140-cm-in-9-colours-4-drawers-mirror-included.html\" \/>\n<meta property=\"og:site_name\" content=\"Bagno Italia\" \/>\n<meta property=\"article:modified_time\" content=\"2025-03-26T14:52:34+00:00\" \/>\n<meta property=\"og:image\" content=\"https:\/\/img.bagnoitalia.com\/wp-content\/uploads\/1-247.webp\" \/>\n\t<meta property=\"og:image:width\" content=\"1000\" \/>\n\t<meta property=\"og:image:height\" content=\"1000\" \/>\n\t<meta property=\"og:image:type\" content=\"image\/webp\" \/>\n<meta name=\"twitter:card\" content=\"summary_large_image\" \/>\n<meta name=\"twitter:label1\" content=\"Gesch\u00e4tzte Lesezeit\" \/>\n\t<meta name=\"twitter:data1\" content=\"2\u00a0Minuten\" \/>\n<script type=\"application\/ld+json\" class=\"yoast-schema-graph\">{\"@context\":\"https:\/\/schema.org\",\"@graph\":[{\"@type\":\"WebPage\",\"@id\":\"https:\/\/www.bagnoitalia.com\/de\/produkt\/base-unit-for-double-washbasin-luke2-120-or-140-cm-in-9-colours-4-drawers-mirror-included.html\",\"url\":\"https:\/\/www.bagnoitalia.com\/de\/produkt\/base-unit-for-double-washbasin-luke2-120-or-140-cm-in-9-colours-4-drawers-mirror-included.html\",\"name\":\"Unterschrank f\u00fcr Doppelwaschtisch Luke2 120 oder 140 cm in 9 Farben 4 Schubladen inklusive Spiegel - Bagno Italia\",\"isPartOf\":{\"@id\":\"https:\/\/www.bagnoitalia.com\/de#website\"},\"primaryImageOfPage\":{\"@id\":\"https:\/\/www.bagnoitalia.com\/de\/produkt\/base-unit-for-double-washbasin-luke2-120-or-140-cm-in-9-colours-4-drawers-mirror-included.html#primaryimage\"},\"image\":{\"@id\":\"https:\/\/www.bagnoitalia.com\/de\/produkt\/base-unit-for-double-washbasin-luke2-120-or-140-cm-in-9-colours-4-drawers-mirror-included.html#primaryimage\"},\"thumbnailUrl\":\"https:\/\/img.bagnoitalia.com\/wp-content\/uploads\/1-247.webp\",\"datePublished\":\"2025-03-26T14:50:05+00:00\",\"dateModified\":\"2025-03-26T14:52:34+00:00\",\"breadcrumb\":{\"@id\":\"https:\/\/www.bagnoitalia.com\/de\/produkt\/base-unit-for-double-washbasin-luke2-120-or-140-cm-in-9-colours-4-drawers-mirror-included.html#breadcrumb\"},\"inLanguage\":\"de\",\"potentialAction\":[{\"@type\":\"ReadAction\",\"target\":[\"https:\/\/www.bagnoitalia.com\/de\/produkt\/base-unit-for-double-washbasin-luke2-120-or-140-cm-in-9-colours-4-drawers-mirror-included.html\"]}]},{\"@type\":\"ImageObject\",\"inLanguage\":\"de\",\"@id\":\"https:\/\/www.bagnoitalia.com\/de\/produkt\/base-unit-for-double-washbasin-luke2-120-or-140-cm-in-9-colours-4-drawers-mirror-included.html#primaryimage\",\"url\":\"https:\/\/img.bagnoitalia.com\/wp-content\/uploads\/1-247.webp\",\"contentUrl\":\"https:\/\/img.bagnoitalia.com\/wp-content\/uploads\/1-247.webp\",\"width\":1000,\"height\":1000},{\"@type\":\"BreadcrumbList\",\"@id\":\"https:\/\/www.bagnoitalia.com\/de\/produkt\/base-unit-for-double-washbasin-luke2-120-or-140-cm-in-9-colours-4-drawers-mirror-included.html#breadcrumb\",\"itemListElement\":[{\"@type\":\"ListItem\",\"position\":1,\"name\":\"Home\",\"item\":\"https:\/\/www.bagnoitalia.com\/de\"},{\"@type\":\"ListItem\",\"position\":2,\"name\":\"Produkte\",\"item\":\"https:\/\/www.bagnoitalia.com\/de\/shop\"},{\"@type\":\"ListItem\",\"position\":3,\"name\":\"Unterschrank f\u00fcr Doppelwaschtisch Luke2 120 oder 140 cm in 9 Farben 4 Schubladen inklusive Spiegel\"}]},{\"@type\":\"WebSite\",\"@id\":\"https:\/\/www.bagnoitalia.com\/de#website\",\"url\":\"https:\/\/www.bagnoitalia.com\/de\",\"name\":\"Bagno Italia\",\"description\":\"\",\"publisher\":{\"@id\":\"https:\/\/www.bagnoitalia.com\/de#organization\"},\"potentialAction\":[{\"@type\":\"SearchAction\",\"target\":{\"@type\":\"EntryPoint\",\"urlTemplate\":\"https:\/\/www.bagnoitalia.com\/de?s={search_term_string}\"},\"query-input\":{\"@type\":\"PropertyValueSpecification\",\"valueRequired\":true,\"valueName\":\"search_term_string\"}}],\"inLanguage\":\"de\"},{\"@type\":\"Organization\",\"@id\":\"https:\/\/www.bagnoitalia.com\/de#organization\",\"name\":\"Bagno Italia\",\"url\":\"https:\/\/www.bagnoitalia.com\/de\",\"logo\":{\"@type\":\"ImageObject\",\"inLanguage\":\"de\",\"@id\":\"https:\/\/www.bagnoitalia.com\/de#\/schema\/logo\/image\/\",\"url\":\"https:\/\/img.bagnoitalia.com\/wp-content\/uploads\/logo-bagnoitalia.webp\",\"contentUrl\":\"https:\/\/img.bagnoitalia.com\/wp-content\/uploads\/logo-bagnoitalia.webp\",\"width\":400,\"height\":70,\"caption\":\"Bagno Italia\"},\"image\":{\"@id\":\"https:\/\/www.bagnoitalia.com\/de#\/schema\/logo\/image\/\"}}]}<\/script>\n<!-- \/ Yoast SEO plugin. -->","yoast_head_json":{"title":"Unterschrank f\u00fcr Doppelwaschtisch Luke2 120 oder 140 cm in 9 Farben 4 Schubladen inklusive Spiegel - Bagno Italia","robots":{"index":"index","follow":"follow","max-snippet":"max-snippet:-1","max-image-preview":"max-image-preview:large","max-video-preview":"max-video-preview:-1"},"canonical":"https:\/\/www.bagnoitalia.com\/de\/produkt\/base-unit-for-double-washbasin-luke2-120-or-140-cm-in-9-colours-4-drawers-mirror-included.html","og_locale":"de_DE","og_type":"article","og_title":"Unterschrank f\u00fcr Doppelwaschtisch Luke2 120 oder 140 cm in 9 Farben 4 Schubladen inklusive Spiegel - Bagno Italia","og_description":"Modernes Badm\u00f6bel f\u00fcr die h\u00e4ngende Montage, ideal f\u00fcr 2 Aufsatzwaschtische. Auswahl an Farben: wei\u00df, schwarz, Eiche, blau, Nussbaum, wei\u00df mit Eichenplatte, blau mit Eichenplatte, schwarz mit Eichenplatte, Nussbaum mit Eichenplatte. Bestehend aus 4 Schubladen, mit doppeltem ovalen Spiegel f\u00fcr M\u00f6bel mit Eichenplatte und einem rechteckigen Spiegel f\u00fcr andere M\u00f6bel. Die Waschbecken sind NICHT enthalten.  &nbsp;","og_url":"https:\/\/www.bagnoitalia.com\/de\/produkt\/base-unit-for-double-washbasin-luke2-120-or-140-cm-in-9-colours-4-drawers-mirror-included.html","og_site_name":"Bagno Italia","article_modified_time":"2025-03-26T14:52:34+00:00","og_image":[{"width":1000,"height":1000,"url":"https:\/\/img.bagnoitalia.com\/wp-content\/uploads\/1-247.webp","type":"image\/webp"}],"twitter_card":"summary_large_image","twitter_misc":{"Gesch\u00e4tzte Lesezeit":"2\u00a0Minuten"},"schema":{"@context":"https:\/\/schema.org","@graph":[{"@type":"WebPage","@id":"https:\/\/www.bagnoitalia.com\/de\/produkt\/base-unit-for-double-washbasin-luke2-120-or-140-cm-in-9-colours-4-drawers-mirror-included.html","url":"https:\/\/www.bagnoitalia.com\/de\/produkt\/base-unit-for-double-washbasin-luke2-120-or-140-cm-in-9-colours-4-drawers-mirror-included.html","name":"Unterschrank f\u00fcr Doppelwaschtisch Luke2 120 oder 140 cm in 9 Farben 4 Schubladen inklusive Spiegel - Bagno Italia","isPartOf":{"@id":"https:\/\/www.bagnoitalia.com\/de#website"},"primaryImageOfPage":{"@id":"https:\/\/www.bagnoitalia.com\/de\/produkt\/base-unit-for-double-washbasin-luke2-120-or-140-cm-in-9-colours-4-drawers-mirror-included.html#primaryimage"},"image":{"@id":"https:\/\/www.bagnoitalia.com\/de\/produkt\/base-unit-for-double-washbasin-luke2-120-or-140-cm-in-9-colours-4-drawers-mirror-included.html#primaryimage"},"thumbnailUrl":"https:\/\/img.bagnoitalia.com\/wp-content\/uploads\/1-247.webp","datePublished":"2025-03-26T14:50:05+00:00","dateModified":"2025-03-26T14:52:34+00:00","breadcrumb":{"@id":"https:\/\/www.bagnoitalia.com\/de\/produkt\/base-unit-for-double-washbasin-luke2-120-or-140-cm-in-9-colours-4-drawers-mirror-included.html#breadcrumb"},"inLanguage":"de","potentialAction":[{"@type":"ReadAction","target":["https:\/\/www.bagnoitalia.com\/de\/produkt\/base-unit-for-double-washbasin-luke2-120-or-140-cm-in-9-colours-4-drawers-mirror-included.html"]}]},{"@type":"ImageObject","inLanguage":"de","@id":"https:\/\/www.bagnoitalia.com\/de\/produkt\/base-unit-for-double-washbasin-luke2-120-or-140-cm-in-9-colours-4-drawers-mirror-included.html#primaryimage","url":"https:\/\/img.bagnoitalia.com\/wp-content\/uploads\/1-247.webp","contentUrl":"https:\/\/img.bagnoitalia.com\/wp-content\/uploads\/1-247.webp","width":1000,"height":1000},{"@type":"BreadcrumbList","@id":"https:\/\/www.bagnoitalia.com\/de\/produkt\/base-unit-for-double-washbasin-luke2-120-or-140-cm-in-9-colours-4-drawers-mirror-included.html#breadcrumb","itemListElement":[{"@type":"ListItem","position":1,"name":"Home","item":"https:\/\/www.bagnoitalia.com\/de"},{"@type":"ListItem","position":2,"name":"Produkte","item":"https:\/\/www.bagnoitalia.com\/de\/shop"},{"@type":"ListItem","position":3,"name":"Unterschrank f\u00fcr Doppelwaschtisch Luke2 120 oder 140 cm in 9 Farben 4 Schubladen inklusive Spiegel"}]},{"@type":"WebSite","@id":"https:\/\/www.bagnoitalia.com\/de#website","url":"https:\/\/www.bagnoitalia.com\/de","name":"Bagno Italia","description":"","publisher":{"@id":"https:\/\/www.bagnoitalia.com\/de#organization"},"potentialAction":[{"@type":"SearchAction","target":{"@type":"EntryPoint","urlTemplate":"https:\/\/www.bagnoitalia.com\/de?s={search_term_string}"},"query-input":{"@type":"PropertyValueSpecification","valueRequired":true,"valueName":"search_term_string"}}],"inLanguage":"de"},{"@type":"Organization","@id":"https:\/\/www.bagnoitalia.com\/de#organization","name":"Bagno Italia","url":"https:\/\/www.bagnoitalia.com\/de","logo":{"@type":"ImageObject","inLanguage":"de","@id":"https:\/\/www.bagnoitalia.com\/de#\/schema\/logo\/image\/","url":"https:\/\/img.bagnoitalia.com\/wp-content\/uploads\/logo-bagnoitalia.webp","contentUrl":"https:\/\/img.bagnoitalia.com\/wp-content\/uploads\/logo-bagnoitalia.webp","width":400,"height":70,"caption":"Bagno Italia"},"image":{"@id":"https:\/\/www.bagnoitalia.com\/de#\/schema\/logo\/image\/"}}]}},"_links":{"self":[{"href":"https:\/\/www.bagnoitalia.com\/de\/wp-json\/wp\/v2\/product\/105379","targetHints":{"allow":["GET"]}}],"collection":[{"href":"https:\/\/www.bagnoitalia.com\/de\/wp-json\/wp\/v2\/product"}],"about":[{"href":"https:\/\/www.bagnoitalia.com\/de\/wp-json\/wp\/v2\/types\/product"}],"replies":[{"embeddable":true,"href":"https:\/\/www.bagnoitalia.com\/de\/wp-json\/wp\/v2\/comments?post=105379"}],"version-history":[{"count":2,"href":"https:\/\/www.bagnoitalia.com\/de\/wp-json\/wp\/v2\/product\/105379\/revisions"}],"predecessor-version":[{"id":105382,"href":"https:\/\/www.bagnoitalia.com\/de\/wp-json\/wp\/v2\/product\/105379\/revisions\/105382"}],"wp:featuredmedia":[{"embeddable":true,"href":"https:\/\/www.bagnoitalia.com\/de\/wp-json\/wp\/v2\/media\/105315"}],"wp:attachment":[{"href":"https:\/\/www.bagnoitalia.com\/de\/wp-json\/wp\/v2\/media?parent=105379"}],"wp:term":[{"taxonomy":"product_brand","embeddable":true,"href":"https:\/\/www.bagnoitalia.com\/de\/wp-json\/wp\/v2\/product_brand?post=105379"},{"taxonomy":"product_cat","embeddable":true,"href":"https:\/\/www.bagnoitalia.com\/de\/wp-json\/wp\/v2\/product_cat?post=105379"},{"taxonomy":"product_tag","embeddable":true,"href":"https:\/\/www.bagnoitalia.com\/de\/wp-json\/wp\/v2\/product_tag?post=105379"}],"curies":[{"name":"wp","href":"https:\/\/api.w.org\/{rel}","templated":true}]}}