{"id":105304,"date":"2025-03-26T14:22:57","date_gmt":"2025-03-26T13:22:57","guid":{"rendered":"https:\/\/www.bagnoitalia.com\/luke-bathroom-cabinet-with-double-washbasin-120-140-or-160-cm-in-5-colours-mirror-included.html"},"modified":"2025-03-26T14:25:17","modified_gmt":"2025-03-26T13:25:17","slug":"luke-bathroom-cabinet-with-double-washbasin-120-140-or-160-cm-in-5-colours-mirror-included","status":"publish","type":"product","link":"https:\/\/www.bagnoitalia.com\/de\/produkt\/luke-bathroom-cabinet-with-double-washbasin-120-140-or-160-cm-in-5-colours-mirror-included.html","title":{"rendered":"Luke Badezimmerschrank mit Doppelwaschbecken 120, 140 oder 160 cm in 5 Farben inklusive Spiegel"},"content":{"rendered":"<p>LUKE&#8216; DOPPELWASCHBECKENKABINE in 3 Gr\u00f6\u00dfen<\/p>\n<p>&nbsp;<\/p>\n<p>&nbsp;<\/p>\n<p>&nbsp;<\/p>\n<p>&nbsp;<\/p>\n<p>VERF\u00dcGBARE TYPEN<\/p>\n<p>Badezimmerschrank in 3 L\u00e4ngen zur Auswahl:<\/p>\n<p>120 cm mit wei\u00dfem Keramikwaschbecken in Hochglanz und rechteckigem Spiegel 70&#215;110 cm<br \/>\n140cm mit mattwei\u00dfem Harz-Waschbecken und rechteckigem Spiegel 70&#215;120 cm<br \/>\n160cm mit mattwei\u00dfem Mineralmarmor-Waschtisch und 2 ovalen Spiegeln, je 50&#215;100 cm<\/p>\n<p>5 Farben verf\u00fcgbar<\/p>\n<p>wei\u00df<br \/>\nschwarz<br \/>\nEiche<br \/>\nblau<br \/>\nWalnuss<\/p>\n<p>&nbsp;<\/p>\n<p>W\u00c4HLEN SIE GR\u00d6SSE UND FARBE AUS DEM DROPDOWN-MEN\u00dc OBEN<\/p>\n<p>&nbsp;<\/p>\n<p>MERKMALE<\/p>\n<p>Badm\u00f6bel zur h\u00e4ngenden Montage<\/p>\n<p>Waschtisch mit Doppelwaschbecken und \u00dcberlaufloch<\/p>\n<p>Unterschrank mit 4 Schubladen<\/p>\n<p>Ohne Griff, \u00d6ffnung durch eine Rille erleichtert<\/p>\n<p>Langsam schlie\u00dfend (soft-close)<\/p>\n<p>Umkehrbarer Filolucido-Spiegel<\/p>\n<p>Veredelte Holzstruktur<\/p>\n<p>&nbsp;<\/p>\n<p>NB: Wasserh\u00e4hne, Wandleuchten, Ablaufgarnitur und S\u00e4ule sind NICHT im Preis enthalten<\/p>\n<p>\u00dcber das Dropdown-Men\u00fc k\u00f6nnen Sie den passenden H\u00e4ngeschrank 30xT24xH140 cm hinzuf\u00fcgen.<\/p>\n<p>&nbsp;<\/p>\n<p>&nbsp;<\/p>\n<p>&nbsp;<\/p>\n<p>&nbsp;<\/p>\n<p>&nbsp;<\/p>\n<p>&nbsp;<\/p>\n<p>&nbsp;<\/p>\n<p>&nbsp;<\/p>\n<p>&nbsp;<\/p>\n<p>&nbsp;<\/p>\n<p>&nbsp;<\/p>\n<p>&nbsp;<\/p>\n<p>&nbsp;<\/p>\n<p>&nbsp;<\/p>\n<p>&nbsp;<\/p>\n<p>&nbsp;<\/p>\n<p>&nbsp;<\/p>\n<p>&nbsp;<\/p>\n<p>&nbsp;<\/p>\n<p>&nbsp;<\/p>\n<p>&nbsp;<\/p>\n<p>&nbsp;<\/p>\n<p>&nbsp;<\/p>\n<p>&nbsp;<\/p>\n<p>&nbsp;<\/p>\n<p>&nbsp;<\/p>\n<p>&nbsp;<\/p>\n<p>Anami<\/p>\n<p>&nbsp;<\/p>\n<p>&nbsp;<\/p>\n","protected":false},"excerpt":{"rendered":"<p>Modernes Badm\u00f6bel f\u00fcr die h\u00e4ngende Installation, komplett mit Waschbecken mit Doppelwaschbecken. Sockel in verschiedenen Farben: wei\u00df, schwarz, Eiche, blau, Nussbaum. 3 Typen verf\u00fcgbar: 120 oder 140 cm mit rechteckigem Spiegel oder 160 cm mit ovalem Doppelspiegel.<\/p>\n","protected":false},"featured_media":105220,"comment_status":"open","ping_status":"closed","template":"","meta":[],"product_brand":[9883],"product_cat":[9704],"product_tag":[],"class_list":{"0":"post-105304","1":"product","2":"type-product","3":"status-publish","4":"has-post-thumbnail","6":"product_brand-deghi-de","7":"product_cat-badmobel-mit-doppelwaschbecken","9":"first","10":"instock","11":"sale","12":"taxable","13":"shipping-taxable","14":"purchasable","15":"product-type-simple"},"exclude_global_add_ons":false,"addons":[{"name":"Typ","type":"multiple_choice","position":0,"required":false,"title_format":"label","default":"","description_enable":false,"description":"","placeholder_enable":false,"placeholder":"","display":"select","restrictions_type":"any_text","adjust_price":false,"price":"","price_type":"flat_fee","restrictions":false,"min":"0","max":"0","options":[{"label":"120 cm matt wei\u00df","price":"","price_type":"flat_fee","image":0,"visibility":true},{"label":"120 cm matt schwarz","price":"","price_type":"flat_fee","image":0,"visibility":true},{"label":"120 cm Eiche","price":"","price_type":"flat_fee","image":0,"visibility":true},{"label":"120 cm Nussbaum","price":"","price_type":"flat_fee","image":0,"visibility":true},{"label":"120 cm matt blau","price":"","price_type":"flat_fee","image":0,"visibility":true},{"label":"140 cm matt wei\u00df","price":"410","price_type":"flat_fee","image":0,"visibility":true},{"label":"140 cm matt schwarz","price":"410","price_type":"flat_fee","image":0,"visibility":true},{"label":"140 cm Eiche","price":"410","price_type":"flat_fee","image":0,"visibility":true},{"label":"140 cm Nussbaum","price":"410","price_type":"flat_fee","image":0,"visibility":true},{"label":"140 cm mattblau","price":"410","price_type":"flat_fee","image":0,"visibility":true},{"label":"Nicht verf\u00fcgbar - 160 cm matt wei\u00df","price":"830","price_type":"flat_fee","image":0,"visibility":true},{"label":"160 cm matt schwarz","price":"830","price_type":"flat_fee","image":0,"visibility":true},{"label":"160 cm Eiche","price":"830","price_type":"flat_fee","image":0,"visibility":true},{"label":"160 cm Nussbaum","price":"830","price_type":"flat_fee","image":0,"visibility":true},{"label":"160 cm matt blau","price":"830","price_type":"flat_fee","image":0,"visibility":true}],"id":1742998978},{"name":"S\u00e4ule","type":"multiple_choice","position":1,"required":false,"title_format":"label","default":"","description_enable":false,"description":"","placeholder_enable":false,"placeholder":"","display":"select","restrictions_type":"any_text","adjust_price":false,"price":"","price_type":"flat_fee","restrictions":false,"min":"0","max":"0","options":[{"label":"Nein","price":"","price_type":"flat_fee","image":0,"visibility":true},{"label":"1 S\u00e4ule 30xP24xH140 cm","price":"319","price_type":"flat_fee","image":0,"visibility":true}],"id":1742998979}],"yoast_head":"<!-- This site is optimized with the Yoast SEO plugin v26.7 - https:\/\/yoast.com\/wordpress\/plugins\/seo\/ -->\n<title>Luke Badezimmerschrank mit Doppelwaschbecken 120, 140 oder 160 cm in 5 Farben inklusive Spiegel - Bagno Italia<\/title>\n<meta name=\"robots\" content=\"index, follow, max-snippet:-1, max-image-preview:large, max-video-preview:-1\" \/>\n<link rel=\"canonical\" href=\"https:\/\/www.bagnoitalia.com\/de\/produkt\/luke-bathroom-cabinet-with-double-washbasin-120-140-or-160-cm-in-5-colours-mirror-included.html\" \/>\n<meta property=\"og:locale\" content=\"de_DE\" \/>\n<meta property=\"og:type\" content=\"article\" \/>\n<meta property=\"og:title\" content=\"Luke Badezimmerschrank mit Doppelwaschbecken 120, 140 oder 160 cm in 5 Farben inklusive Spiegel - Bagno Italia\" \/>\n<meta property=\"og:description\" content=\"Modernes Badm\u00f6bel f\u00fcr die h\u00e4ngende Installation, komplett mit Waschbecken mit Doppelwaschbecken. Sockel in verschiedenen Farben: wei\u00df, schwarz, Eiche, blau, Nussbaum. 3 Typen verf\u00fcgbar: 120 oder 140 cm mit rechteckigem Spiegel oder 160 cm mit ovalem Doppelspiegel.\" \/>\n<meta property=\"og:url\" content=\"https:\/\/www.bagnoitalia.com\/de\/produkt\/luke-bathroom-cabinet-with-double-washbasin-120-140-or-160-cm-in-5-colours-mirror-included.html\" \/>\n<meta property=\"og:site_name\" content=\"Bagno Italia\" \/>\n<meta property=\"article:modified_time\" content=\"2025-03-26T13:25:17+00:00\" \/>\n<meta property=\"og:image\" content=\"https:\/\/img.bagnoitalia.com\/wp-content\/uploads\/1-246.webp\" \/>\n\t<meta property=\"og:image:width\" content=\"1000\" \/>\n\t<meta property=\"og:image:height\" content=\"1000\" \/>\n\t<meta property=\"og:image:type\" content=\"image\/webp\" \/>\n<meta name=\"twitter:card\" content=\"summary_large_image\" \/>\n<meta name=\"twitter:label1\" content=\"Gesch\u00e4tzte Lesezeit\" \/>\n\t<meta name=\"twitter:data1\" content=\"1\u00a0Minute\" \/>\n<script type=\"application\/ld+json\" class=\"yoast-schema-graph\">{\"@context\":\"https:\/\/schema.org\",\"@graph\":[{\"@type\":\"WebPage\",\"@id\":\"https:\/\/www.bagnoitalia.com\/de\/produkt\/luke-bathroom-cabinet-with-double-washbasin-120-140-or-160-cm-in-5-colours-mirror-included.html\",\"url\":\"https:\/\/www.bagnoitalia.com\/de\/produkt\/luke-bathroom-cabinet-with-double-washbasin-120-140-or-160-cm-in-5-colours-mirror-included.html\",\"name\":\"Luke Badezimmerschrank mit Doppelwaschbecken 120, 140 oder 160 cm in 5 Farben inklusive Spiegel - Bagno Italia\",\"isPartOf\":{\"@id\":\"https:\/\/www.bagnoitalia.com\/de#website\"},\"primaryImageOfPage\":{\"@id\":\"https:\/\/www.bagnoitalia.com\/de\/produkt\/luke-bathroom-cabinet-with-double-washbasin-120-140-or-160-cm-in-5-colours-mirror-included.html#primaryimage\"},\"image\":{\"@id\":\"https:\/\/www.bagnoitalia.com\/de\/produkt\/luke-bathroom-cabinet-with-double-washbasin-120-140-or-160-cm-in-5-colours-mirror-included.html#primaryimage\"},\"thumbnailUrl\":\"https:\/\/img.bagnoitalia.com\/wp-content\/uploads\/1-246.webp\",\"datePublished\":\"2025-03-26T13:22:57+00:00\",\"dateModified\":\"2025-03-26T13:25:17+00:00\",\"breadcrumb\":{\"@id\":\"https:\/\/www.bagnoitalia.com\/de\/produkt\/luke-bathroom-cabinet-with-double-washbasin-120-140-or-160-cm-in-5-colours-mirror-included.html#breadcrumb\"},\"inLanguage\":\"de\",\"potentialAction\":[{\"@type\":\"ReadAction\",\"target\":[\"https:\/\/www.bagnoitalia.com\/de\/produkt\/luke-bathroom-cabinet-with-double-washbasin-120-140-or-160-cm-in-5-colours-mirror-included.html\"]}]},{\"@type\":\"ImageObject\",\"inLanguage\":\"de\",\"@id\":\"https:\/\/www.bagnoitalia.com\/de\/produkt\/luke-bathroom-cabinet-with-double-washbasin-120-140-or-160-cm-in-5-colours-mirror-included.html#primaryimage\",\"url\":\"https:\/\/img.bagnoitalia.com\/wp-content\/uploads\/1-246.webp\",\"contentUrl\":\"https:\/\/img.bagnoitalia.com\/wp-content\/uploads\/1-246.webp\",\"width\":1000,\"height\":1000},{\"@type\":\"BreadcrumbList\",\"@id\":\"https:\/\/www.bagnoitalia.com\/de\/produkt\/luke-bathroom-cabinet-with-double-washbasin-120-140-or-160-cm-in-5-colours-mirror-included.html#breadcrumb\",\"itemListElement\":[{\"@type\":\"ListItem\",\"position\":1,\"name\":\"Home\",\"item\":\"https:\/\/www.bagnoitalia.com\/de\"},{\"@type\":\"ListItem\",\"position\":2,\"name\":\"Produkte\",\"item\":\"https:\/\/www.bagnoitalia.com\/de\/shop\"},{\"@type\":\"ListItem\",\"position\":3,\"name\":\"Luke Badezimmerschrank mit Doppelwaschbecken 120, 140 oder 160 cm in 5 Farben inklusive Spiegel\"}]},{\"@type\":\"WebSite\",\"@id\":\"https:\/\/www.bagnoitalia.com\/de#website\",\"url\":\"https:\/\/www.bagnoitalia.com\/de\",\"name\":\"Bagno Italia\",\"description\":\"\",\"publisher\":{\"@id\":\"https:\/\/www.bagnoitalia.com\/de#organization\"},\"potentialAction\":[{\"@type\":\"SearchAction\",\"target\":{\"@type\":\"EntryPoint\",\"urlTemplate\":\"https:\/\/www.bagnoitalia.com\/de?s={search_term_string}\"},\"query-input\":{\"@type\":\"PropertyValueSpecification\",\"valueRequired\":true,\"valueName\":\"search_term_string\"}}],\"inLanguage\":\"de\"},{\"@type\":\"Organization\",\"@id\":\"https:\/\/www.bagnoitalia.com\/de#organization\",\"name\":\"Bagno Italia\",\"url\":\"https:\/\/www.bagnoitalia.com\/de\",\"logo\":{\"@type\":\"ImageObject\",\"inLanguage\":\"de\",\"@id\":\"https:\/\/www.bagnoitalia.com\/de#\/schema\/logo\/image\/\",\"url\":\"https:\/\/img.bagnoitalia.com\/wp-content\/uploads\/logo-bagnoitalia.webp\",\"contentUrl\":\"https:\/\/img.bagnoitalia.com\/wp-content\/uploads\/logo-bagnoitalia.webp\",\"width\":400,\"height\":70,\"caption\":\"Bagno Italia\"},\"image\":{\"@id\":\"https:\/\/www.bagnoitalia.com\/de#\/schema\/logo\/image\/\"}}]}<\/script>\n<!-- \/ Yoast SEO plugin. -->","yoast_head_json":{"title":"Luke Badezimmerschrank mit Doppelwaschbecken 120, 140 oder 160 cm in 5 Farben inklusive Spiegel - Bagno Italia","robots":{"index":"index","follow":"follow","max-snippet":"max-snippet:-1","max-image-preview":"max-image-preview:large","max-video-preview":"max-video-preview:-1"},"canonical":"https:\/\/www.bagnoitalia.com\/de\/produkt\/luke-bathroom-cabinet-with-double-washbasin-120-140-or-160-cm-in-5-colours-mirror-included.html","og_locale":"de_DE","og_type":"article","og_title":"Luke Badezimmerschrank mit Doppelwaschbecken 120, 140 oder 160 cm in 5 Farben inklusive Spiegel - Bagno Italia","og_description":"Modernes Badm\u00f6bel f\u00fcr die h\u00e4ngende Installation, komplett mit Waschbecken mit Doppelwaschbecken. Sockel in verschiedenen Farben: wei\u00df, schwarz, Eiche, blau, Nussbaum. 3 Typen verf\u00fcgbar: 120 oder 140 cm mit rechteckigem Spiegel oder 160 cm mit ovalem Doppelspiegel.","og_url":"https:\/\/www.bagnoitalia.com\/de\/produkt\/luke-bathroom-cabinet-with-double-washbasin-120-140-or-160-cm-in-5-colours-mirror-included.html","og_site_name":"Bagno Italia","article_modified_time":"2025-03-26T13:25:17+00:00","og_image":[{"width":1000,"height":1000,"url":"https:\/\/img.bagnoitalia.com\/wp-content\/uploads\/1-246.webp","type":"image\/webp"}],"twitter_card":"summary_large_image","twitter_misc":{"Gesch\u00e4tzte Lesezeit":"1\u00a0Minute"},"schema":{"@context":"https:\/\/schema.org","@graph":[{"@type":"WebPage","@id":"https:\/\/www.bagnoitalia.com\/de\/produkt\/luke-bathroom-cabinet-with-double-washbasin-120-140-or-160-cm-in-5-colours-mirror-included.html","url":"https:\/\/www.bagnoitalia.com\/de\/produkt\/luke-bathroom-cabinet-with-double-washbasin-120-140-or-160-cm-in-5-colours-mirror-included.html","name":"Luke Badezimmerschrank mit Doppelwaschbecken 120, 140 oder 160 cm in 5 Farben inklusive Spiegel - Bagno Italia","isPartOf":{"@id":"https:\/\/www.bagnoitalia.com\/de#website"},"primaryImageOfPage":{"@id":"https:\/\/www.bagnoitalia.com\/de\/produkt\/luke-bathroom-cabinet-with-double-washbasin-120-140-or-160-cm-in-5-colours-mirror-included.html#primaryimage"},"image":{"@id":"https:\/\/www.bagnoitalia.com\/de\/produkt\/luke-bathroom-cabinet-with-double-washbasin-120-140-or-160-cm-in-5-colours-mirror-included.html#primaryimage"},"thumbnailUrl":"https:\/\/img.bagnoitalia.com\/wp-content\/uploads\/1-246.webp","datePublished":"2025-03-26T13:22:57+00:00","dateModified":"2025-03-26T13:25:17+00:00","breadcrumb":{"@id":"https:\/\/www.bagnoitalia.com\/de\/produkt\/luke-bathroom-cabinet-with-double-washbasin-120-140-or-160-cm-in-5-colours-mirror-included.html#breadcrumb"},"inLanguage":"de","potentialAction":[{"@type":"ReadAction","target":["https:\/\/www.bagnoitalia.com\/de\/produkt\/luke-bathroom-cabinet-with-double-washbasin-120-140-or-160-cm-in-5-colours-mirror-included.html"]}]},{"@type":"ImageObject","inLanguage":"de","@id":"https:\/\/www.bagnoitalia.com\/de\/produkt\/luke-bathroom-cabinet-with-double-washbasin-120-140-or-160-cm-in-5-colours-mirror-included.html#primaryimage","url":"https:\/\/img.bagnoitalia.com\/wp-content\/uploads\/1-246.webp","contentUrl":"https:\/\/img.bagnoitalia.com\/wp-content\/uploads\/1-246.webp","width":1000,"height":1000},{"@type":"BreadcrumbList","@id":"https:\/\/www.bagnoitalia.com\/de\/produkt\/luke-bathroom-cabinet-with-double-washbasin-120-140-or-160-cm-in-5-colours-mirror-included.html#breadcrumb","itemListElement":[{"@type":"ListItem","position":1,"name":"Home","item":"https:\/\/www.bagnoitalia.com\/de"},{"@type":"ListItem","position":2,"name":"Produkte","item":"https:\/\/www.bagnoitalia.com\/de\/shop"},{"@type":"ListItem","position":3,"name":"Luke Badezimmerschrank mit Doppelwaschbecken 120, 140 oder 160 cm in 5 Farben inklusive Spiegel"}]},{"@type":"WebSite","@id":"https:\/\/www.bagnoitalia.com\/de#website","url":"https:\/\/www.bagnoitalia.com\/de","name":"Bagno Italia","description":"","publisher":{"@id":"https:\/\/www.bagnoitalia.com\/de#organization"},"potentialAction":[{"@type":"SearchAction","target":{"@type":"EntryPoint","urlTemplate":"https:\/\/www.bagnoitalia.com\/de?s={search_term_string}"},"query-input":{"@type":"PropertyValueSpecification","valueRequired":true,"valueName":"search_term_string"}}],"inLanguage":"de"},{"@type":"Organization","@id":"https:\/\/www.bagnoitalia.com\/de#organization","name":"Bagno Italia","url":"https:\/\/www.bagnoitalia.com\/de","logo":{"@type":"ImageObject","inLanguage":"de","@id":"https:\/\/www.bagnoitalia.com\/de#\/schema\/logo\/image\/","url":"https:\/\/img.bagnoitalia.com\/wp-content\/uploads\/logo-bagnoitalia.webp","contentUrl":"https:\/\/img.bagnoitalia.com\/wp-content\/uploads\/logo-bagnoitalia.webp","width":400,"height":70,"caption":"Bagno Italia"},"image":{"@id":"https:\/\/www.bagnoitalia.com\/de#\/schema\/logo\/image\/"}}]}},"_links":{"self":[{"href":"https:\/\/www.bagnoitalia.com\/de\/wp-json\/wp\/v2\/product\/105304","targetHints":{"allow":["GET"]}}],"collection":[{"href":"https:\/\/www.bagnoitalia.com\/de\/wp-json\/wp\/v2\/product"}],"about":[{"href":"https:\/\/www.bagnoitalia.com\/de\/wp-json\/wp\/v2\/types\/product"}],"replies":[{"embeddable":true,"href":"https:\/\/www.bagnoitalia.com\/de\/wp-json\/wp\/v2\/comments?post=105304"}],"version-history":[{"count":2,"href":"https:\/\/www.bagnoitalia.com\/de\/wp-json\/wp\/v2\/product\/105304\/revisions"}],"predecessor-version":[{"id":105307,"href":"https:\/\/www.bagnoitalia.com\/de\/wp-json\/wp\/v2\/product\/105304\/revisions\/105307"}],"wp:featuredmedia":[{"embeddable":true,"href":"https:\/\/www.bagnoitalia.com\/de\/wp-json\/wp\/v2\/media\/105220"}],"wp:attachment":[{"href":"https:\/\/www.bagnoitalia.com\/de\/wp-json\/wp\/v2\/media?parent=105304"}],"wp:term":[{"taxonomy":"product_brand","embeddable":true,"href":"https:\/\/www.bagnoitalia.com\/de\/wp-json\/wp\/v2\/product_brand?post=105304"},{"taxonomy":"product_cat","embeddable":true,"href":"https:\/\/www.bagnoitalia.com\/de\/wp-json\/wp\/v2\/product_cat?post=105304"},{"taxonomy":"product_tag","embeddable":true,"href":"https:\/\/www.bagnoitalia.com\/de\/wp-json\/wp\/v2\/product_tag?post=105304"}],"curies":[{"name":"wp","href":"https:\/\/api.w.org\/{rel}","templated":true}]}}