{"id":105117,"date":"2025-03-24T16:11:10","date_gmt":"2025-03-24T15:11:10","guid":{"rendered":"https:\/\/www.bagnoitalia.com\/anouk2-cabinet-150-or-190-cm-base-unit-for-double-washbasin-with-compartments-or-door-or-dressing-table.html"},"modified":"2025-03-26T12:29:45","modified_gmt":"2025-03-26T11:29:45","slug":"anouk2-cabinet-150-or-190-cm-base-unit-for-double-washbasin-with-compartments-or-door-or-dressing-table","status":"publish","type":"product","link":"https:\/\/www.bagnoitalia.com\/de\/produkt\/anouk2-cabinet-150-or-190-cm-base-unit-for-double-washbasin-with-compartments-or-door-or-dressing-table.html","title":{"rendered":"Anouk2 Schrank 150 oder 190 cm Unterschrank f\u00fcr Doppelwaschbecken mit F\u00e4chern oder T\u00fcr oder Frisiertisch"},"content":{"rendered":"<p>Waschtischunterschrank &#8218;Anouk2&#8216; 150 oder 190 cm<\/p>\n<p>&nbsp;<\/p>\n<p>&nbsp;<\/p>\n<p>&nbsp;<\/p>\n<p>&nbsp;<\/p>\n<p>TYPEN und ABMESSUNGEN<\/p>\n<p>Badezimmerschrank in zwei L\u00e4ngen erh\u00e4ltlich: 150cm oder 190cm<\/p>\n<p>Verf\u00fcgbare Typen<\/p>\n<p>mit 4 Schubladen + offenen F\u00e4chern<br \/>\nmit 4 Schubladen + T\u00fcr<br \/>\nmit 4 Schubladen + Toilette<\/p>\n<p>7 Farben verf\u00fcgbar<\/p>\n<p>wei\u00df<br \/>\nschwarz<br \/>\nEiche<br \/>\nwei\u00df mit Eichenplatte<br \/>\nblau mit Eichenplatte<br \/>\nschwarz mit Eichenplatte<br \/>\nWalnuss mit Eichenplatte<\/p>\n<p>&nbsp;<\/p>\n<p>W\u00c4HLEN SIE GR\u00d6SSE, TYP UND FARBE AUS DEM DROPDOWN-MEN\u00dc OBEN<\/p>\n<p>&nbsp;<\/p>\n<p>ACHTUNG: Waschbecken und Wasserh\u00e4hne sind NICHT im Preis enthalten<\/p>\n<p>Klicken Sie hier, um passende Aufsatzwaschtische zu sehen<\/p>\n<p>&nbsp;<\/p>\n<p>FEATURES<\/p>\n<p>Unterschrank f\u00fcr modernes Bad, geeignet f\u00fcr Aufsatzwaschbecken<\/p>\n<p>H\u00e4ngende Installation<\/p>\n<p>Mit zwei Filolucido-Spiegeln 50&#215;100 cm<\/p>\n<p>Schubladen und T\u00fcr ohne Griff<\/p>\n<p>Langsam schlie\u00dfend (soft-close)<\/p>\n<p>Struktur aus melaminharzbeschichtetem Holz<\/p>\n<p>&nbsp;<\/p>\n<p>&nbsp;<\/p>\n<p>&nbsp;<\/p>\n<p>&nbsp;<\/p>\n<p>\u00dcber das Dropdown-Men\u00fc ist es auch m\u00f6glich, die passende H\u00e4nges\u00e4ule 30xD24xH140 cm hinzuzuf\u00fcgen<\/p>\n<p>&nbsp;<\/p>\n<p>&nbsp;<\/p>\n<p>&nbsp;<\/p>\n<p>&nbsp;<\/p>\n<p>&nbsp;<\/p>\n<p>&nbsp;<\/p>\n<p>&nbsp;<\/p>\n<p>&nbsp;<\/p>\n<p>&nbsp;<\/p>\n<p>&nbsp;<\/p>\n<p>&nbsp;<\/p>\n<p>&nbsp;<\/p>\n<p>&nbsp;<\/p>\n<p>&nbsp;<\/p>\n<p>&nbsp;<\/p>\n<p>&nbsp;<\/p>\n<p>&nbsp;<\/p>\n<p>&nbsp;<\/p>\n<p>&nbsp;<\/p>\n<p>&nbsp;<\/p>\n<p>&nbsp;<\/p>\n<p>&nbsp;<\/p>\n<p>&nbsp;<\/p>\n<p>&nbsp;<\/p>\n<p>&nbsp;<\/p>\n<p>&nbsp;<\/p>\n<p>&nbsp;<\/p>\n<p>Anami<\/p>\n<p>&nbsp;<\/p>\n<p>&nbsp;<\/p>\n","protected":false},"excerpt":{"rendered":"<p>Modernes Badm\u00f6bel f\u00fcr die h\u00e4ngende Montage, ideal f\u00fcr 2 Aufsatzwaschbecken. Erh\u00e4ltlich in zwei Gr\u00f6\u00dfen, Farbauswahl: wei\u00df, schwarz, Eiche, wei\u00df mit Eichenplatte, blau mit Eichenplatte, schwarz mit Eichenplatte, Nussbaum mit Eichenplatte. Bestehend aus 4 Schubladen, mit einer T\u00fcr oder mit 2 offenen F\u00e4chern oder mit Frisiertisch. Die Waschbecken sind NICHT enthalten.<\/p>\n","protected":false},"featured_media":104985,"comment_status":"open","ping_status":"closed","template":"","meta":[],"product_brand":[9882],"product_cat":[9704],"product_tag":[],"class_list":{"0":"post-105117","1":"product","2":"type-product","3":"status-publish","4":"has-post-thumbnail","6":"product_brand-deghi-fr","7":"product_cat-badmobel-mit-doppelwaschbecken","9":"first","10":"instock","11":"sale","12":"taxable","13":"shipping-taxable","14":"purchasable","15":"product-type-simple"},"exclude_global_add_ons":false,"addons":[{"name":"Typ","type":"multiple_choice","position":0,"required":false,"title_format":"label","default":"","description_enable":false,"description":"","placeholder_enable":false,"placeholder":"","display":"select","restrictions_type":"any_text","adjust_price":false,"price":"","price_type":"flat_fee","restrictions":false,"min":"0","max":"0","options":[{"label":"150 cm mit offenen F\u00e4chern","price":"","price_type":"flat_fee","image":0,"visibility":true},{"label":"150 cm mit T\u00fcr","price":"70","price_type":"flat_fee","image":0,"visibility":true},{"label":"150 cm mit Frisiertisch","price":"180","price_type":"flat_fee","image":0,"visibility":true},{"label":"190 cm mit offenen F\u00e4chern","price":"230","price_type":"flat_fee","image":0,"visibility":true},{"label":"190 cm mit T\u00fcr","price":"300","price_type":"flat_fee","image":0,"visibility":true},{"label":"190 cm mit Frisierkommode","price":"420","price_type":"flat_fee","image":0,"visibility":true}],"id":1742832671},{"name":"Farbe","type":"multiple_choice","position":1,"required":false,"title_format":"label","default":"","description_enable":false,"description":"","placeholder_enable":false,"placeholder":"","display":"select","restrictions_type":"any_text","adjust_price":false,"price":"","price_type":"flat_fee","restrictions":false,"min":"0","max":"0","options":[{"label":"matt wei\u00df","price":"","price_type":"flat_fee","image":0,"visibility":true},{"label":"schwarz matt","price":"","price_type":"flat_fee","image":0,"visibility":true},{"label":"Eiche","price":"","price_type":"flat_fee","image":0,"visibility":true},{"label":"Walnuss mit Eichenplatte","price":"","price_type":"flat_fee","image":0,"visibility":true},{"label":"schwarz mit Eichenplatte","price":"","price_type":"flat_fee","image":0,"visibility":true},{"label":"blau mit Eichenplatte","price":"","price_type":"flat_fee","image":0,"visibility":true},{"label":"wei\u00df mit Eichenplatte","price":"","price_type":"flat_fee","image":0,"visibility":true}],"id":1742832672},{"name":"S\u00e4ule","type":"multiple_choice","position":2,"required":false,"title_format":"label","default":"","description_enable":false,"description":"","placeholder_enable":false,"placeholder":"","display":"select","restrictions_type":"any_text","adjust_price":false,"price":"","price_type":"flat_fee","restrictions":false,"min":"0","max":"0","options":[{"label":"Nein","price":"","price_type":"flat_fee","image":0,"visibility":true},{"label":"1 S\u00e4ule 30xP24xH140 cm","price":"319","price_type":"flat_fee","image":0,"visibility":true}],"id":1742832673}],"yoast_head":"<!-- This site is optimized with the Yoast SEO plugin v26.7 - https:\/\/yoast.com\/wordpress\/plugins\/seo\/ -->\n<title>Anouk2 Schrank 150 oder 190 cm Unterschrank f\u00fcr Doppelwaschbecken mit F\u00e4chern oder T\u00fcr oder Frisiertisch - Bagno Italia<\/title>\n<meta name=\"robots\" content=\"index, follow, max-snippet:-1, max-image-preview:large, max-video-preview:-1\" \/>\n<link rel=\"canonical\" href=\"https:\/\/www.bagnoitalia.com\/de\/produkt\/anouk2-cabinet-150-or-190-cm-base-unit-for-double-washbasin-with-compartments-or-door-or-dressing-table.html\" \/>\n<meta property=\"og:locale\" content=\"de_DE\" \/>\n<meta property=\"og:type\" content=\"article\" \/>\n<meta property=\"og:title\" content=\"Anouk2 Schrank 150 oder 190 cm Unterschrank f\u00fcr Doppelwaschbecken mit F\u00e4chern oder T\u00fcr oder Frisiertisch - Bagno Italia\" \/>\n<meta property=\"og:description\" content=\"Modernes Badm\u00f6bel f\u00fcr die h\u00e4ngende Montage, ideal f\u00fcr 2 Aufsatzwaschbecken. Erh\u00e4ltlich in zwei Gr\u00f6\u00dfen, Farbauswahl: wei\u00df, schwarz, Eiche, wei\u00df mit Eichenplatte, blau mit Eichenplatte, schwarz mit Eichenplatte, Nussbaum mit Eichenplatte. Bestehend aus 4 Schubladen, mit einer T\u00fcr oder mit 2 offenen F\u00e4chern oder mit Frisiertisch. Die Waschbecken sind NICHT enthalten.\" \/>\n<meta property=\"og:url\" content=\"https:\/\/www.bagnoitalia.com\/de\/produkt\/anouk2-cabinet-150-or-190-cm-base-unit-for-double-washbasin-with-compartments-or-door-or-dressing-table.html\" \/>\n<meta property=\"og:site_name\" content=\"Bagno Italia\" \/>\n<meta property=\"article:modified_time\" content=\"2025-03-26T11:29:45+00:00\" \/>\n<meta property=\"og:image\" content=\"https:\/\/img.bagnoitalia.com\/wp-content\/uploads\/1-243.webp\" \/>\n\t<meta property=\"og:image:width\" content=\"1000\" \/>\n\t<meta property=\"og:image:height\" content=\"1000\" \/>\n\t<meta property=\"og:image:type\" content=\"image\/webp\" \/>\n<meta name=\"twitter:card\" content=\"summary_large_image\" \/>\n<meta name=\"twitter:label1\" content=\"Gesch\u00e4tzte Lesezeit\" \/>\n\t<meta name=\"twitter:data1\" content=\"1\u00a0Minute\" \/>\n<script type=\"application\/ld+json\" class=\"yoast-schema-graph\">{\"@context\":\"https:\/\/schema.org\",\"@graph\":[{\"@type\":\"WebPage\",\"@id\":\"https:\/\/www.bagnoitalia.com\/de\/produkt\/anouk2-cabinet-150-or-190-cm-base-unit-for-double-washbasin-with-compartments-or-door-or-dressing-table.html\",\"url\":\"https:\/\/www.bagnoitalia.com\/de\/produkt\/anouk2-cabinet-150-or-190-cm-base-unit-for-double-washbasin-with-compartments-or-door-or-dressing-table.html\",\"name\":\"Anouk2 Schrank 150 oder 190 cm Unterschrank f\u00fcr Doppelwaschbecken mit F\u00e4chern oder T\u00fcr oder Frisiertisch - Bagno Italia\",\"isPartOf\":{\"@id\":\"https:\/\/www.bagnoitalia.com\/de#website\"},\"primaryImageOfPage\":{\"@id\":\"https:\/\/www.bagnoitalia.com\/de\/produkt\/anouk2-cabinet-150-or-190-cm-base-unit-for-double-washbasin-with-compartments-or-door-or-dressing-table.html#primaryimage\"},\"image\":{\"@id\":\"https:\/\/www.bagnoitalia.com\/de\/produkt\/anouk2-cabinet-150-or-190-cm-base-unit-for-double-washbasin-with-compartments-or-door-or-dressing-table.html#primaryimage\"},\"thumbnailUrl\":\"https:\/\/img.bagnoitalia.com\/wp-content\/uploads\/1-243.webp\",\"datePublished\":\"2025-03-24T15:11:10+00:00\",\"dateModified\":\"2025-03-26T11:29:45+00:00\",\"breadcrumb\":{\"@id\":\"https:\/\/www.bagnoitalia.com\/de\/produkt\/anouk2-cabinet-150-or-190-cm-base-unit-for-double-washbasin-with-compartments-or-door-or-dressing-table.html#breadcrumb\"},\"inLanguage\":\"de\",\"potentialAction\":[{\"@type\":\"ReadAction\",\"target\":[\"https:\/\/www.bagnoitalia.com\/de\/produkt\/anouk2-cabinet-150-or-190-cm-base-unit-for-double-washbasin-with-compartments-or-door-or-dressing-table.html\"]}]},{\"@type\":\"ImageObject\",\"inLanguage\":\"de\",\"@id\":\"https:\/\/www.bagnoitalia.com\/de\/produkt\/anouk2-cabinet-150-or-190-cm-base-unit-for-double-washbasin-with-compartments-or-door-or-dressing-table.html#primaryimage\",\"url\":\"https:\/\/img.bagnoitalia.com\/wp-content\/uploads\/1-243.webp\",\"contentUrl\":\"https:\/\/img.bagnoitalia.com\/wp-content\/uploads\/1-243.webp\",\"width\":1000,\"height\":1000},{\"@type\":\"BreadcrumbList\",\"@id\":\"https:\/\/www.bagnoitalia.com\/de\/produkt\/anouk2-cabinet-150-or-190-cm-base-unit-for-double-washbasin-with-compartments-or-door-or-dressing-table.html#breadcrumb\",\"itemListElement\":[{\"@type\":\"ListItem\",\"position\":1,\"name\":\"Home\",\"item\":\"https:\/\/www.bagnoitalia.com\/de\"},{\"@type\":\"ListItem\",\"position\":2,\"name\":\"Produkte\",\"item\":\"https:\/\/www.bagnoitalia.com\/de\/shop\"},{\"@type\":\"ListItem\",\"position\":3,\"name\":\"Anouk2 Schrank 150 oder 190 cm Unterschrank f\u00fcr Doppelwaschbecken mit F\u00e4chern oder T\u00fcr oder Frisiertisch\"}]},{\"@type\":\"WebSite\",\"@id\":\"https:\/\/www.bagnoitalia.com\/de#website\",\"url\":\"https:\/\/www.bagnoitalia.com\/de\",\"name\":\"Bagno Italia\",\"description\":\"\",\"publisher\":{\"@id\":\"https:\/\/www.bagnoitalia.com\/de#organization\"},\"potentialAction\":[{\"@type\":\"SearchAction\",\"target\":{\"@type\":\"EntryPoint\",\"urlTemplate\":\"https:\/\/www.bagnoitalia.com\/de?s={search_term_string}\"},\"query-input\":{\"@type\":\"PropertyValueSpecification\",\"valueRequired\":true,\"valueName\":\"search_term_string\"}}],\"inLanguage\":\"de\"},{\"@type\":\"Organization\",\"@id\":\"https:\/\/www.bagnoitalia.com\/de#organization\",\"name\":\"Bagno Italia\",\"url\":\"https:\/\/www.bagnoitalia.com\/de\",\"logo\":{\"@type\":\"ImageObject\",\"inLanguage\":\"de\",\"@id\":\"https:\/\/www.bagnoitalia.com\/de#\/schema\/logo\/image\/\",\"url\":\"https:\/\/img.bagnoitalia.com\/wp-content\/uploads\/logo-bagnoitalia.webp\",\"contentUrl\":\"https:\/\/img.bagnoitalia.com\/wp-content\/uploads\/logo-bagnoitalia.webp\",\"width\":400,\"height\":70,\"caption\":\"Bagno Italia\"},\"image\":{\"@id\":\"https:\/\/www.bagnoitalia.com\/de#\/schema\/logo\/image\/\"}}]}<\/script>\n<!-- \/ Yoast SEO plugin. -->","yoast_head_json":{"title":"Anouk2 Schrank 150 oder 190 cm Unterschrank f\u00fcr Doppelwaschbecken mit F\u00e4chern oder T\u00fcr oder Frisiertisch - Bagno Italia","robots":{"index":"index","follow":"follow","max-snippet":"max-snippet:-1","max-image-preview":"max-image-preview:large","max-video-preview":"max-video-preview:-1"},"canonical":"https:\/\/www.bagnoitalia.com\/de\/produkt\/anouk2-cabinet-150-or-190-cm-base-unit-for-double-washbasin-with-compartments-or-door-or-dressing-table.html","og_locale":"de_DE","og_type":"article","og_title":"Anouk2 Schrank 150 oder 190 cm Unterschrank f\u00fcr Doppelwaschbecken mit F\u00e4chern oder T\u00fcr oder Frisiertisch - Bagno Italia","og_description":"Modernes Badm\u00f6bel f\u00fcr die h\u00e4ngende Montage, ideal f\u00fcr 2 Aufsatzwaschbecken. Erh\u00e4ltlich in zwei Gr\u00f6\u00dfen, Farbauswahl: wei\u00df, schwarz, Eiche, wei\u00df mit Eichenplatte, blau mit Eichenplatte, schwarz mit Eichenplatte, Nussbaum mit Eichenplatte. Bestehend aus 4 Schubladen, mit einer T\u00fcr oder mit 2 offenen F\u00e4chern oder mit Frisiertisch. Die Waschbecken sind NICHT enthalten.","og_url":"https:\/\/www.bagnoitalia.com\/de\/produkt\/anouk2-cabinet-150-or-190-cm-base-unit-for-double-washbasin-with-compartments-or-door-or-dressing-table.html","og_site_name":"Bagno Italia","article_modified_time":"2025-03-26T11:29:45+00:00","og_image":[{"width":1000,"height":1000,"url":"https:\/\/img.bagnoitalia.com\/wp-content\/uploads\/1-243.webp","type":"image\/webp"}],"twitter_card":"summary_large_image","twitter_misc":{"Gesch\u00e4tzte Lesezeit":"1\u00a0Minute"},"schema":{"@context":"https:\/\/schema.org","@graph":[{"@type":"WebPage","@id":"https:\/\/www.bagnoitalia.com\/de\/produkt\/anouk2-cabinet-150-or-190-cm-base-unit-for-double-washbasin-with-compartments-or-door-or-dressing-table.html","url":"https:\/\/www.bagnoitalia.com\/de\/produkt\/anouk2-cabinet-150-or-190-cm-base-unit-for-double-washbasin-with-compartments-or-door-or-dressing-table.html","name":"Anouk2 Schrank 150 oder 190 cm Unterschrank f\u00fcr Doppelwaschbecken mit F\u00e4chern oder T\u00fcr oder Frisiertisch - Bagno Italia","isPartOf":{"@id":"https:\/\/www.bagnoitalia.com\/de#website"},"primaryImageOfPage":{"@id":"https:\/\/www.bagnoitalia.com\/de\/produkt\/anouk2-cabinet-150-or-190-cm-base-unit-for-double-washbasin-with-compartments-or-door-or-dressing-table.html#primaryimage"},"image":{"@id":"https:\/\/www.bagnoitalia.com\/de\/produkt\/anouk2-cabinet-150-or-190-cm-base-unit-for-double-washbasin-with-compartments-or-door-or-dressing-table.html#primaryimage"},"thumbnailUrl":"https:\/\/img.bagnoitalia.com\/wp-content\/uploads\/1-243.webp","datePublished":"2025-03-24T15:11:10+00:00","dateModified":"2025-03-26T11:29:45+00:00","breadcrumb":{"@id":"https:\/\/www.bagnoitalia.com\/de\/produkt\/anouk2-cabinet-150-or-190-cm-base-unit-for-double-washbasin-with-compartments-or-door-or-dressing-table.html#breadcrumb"},"inLanguage":"de","potentialAction":[{"@type":"ReadAction","target":["https:\/\/www.bagnoitalia.com\/de\/produkt\/anouk2-cabinet-150-or-190-cm-base-unit-for-double-washbasin-with-compartments-or-door-or-dressing-table.html"]}]},{"@type":"ImageObject","inLanguage":"de","@id":"https:\/\/www.bagnoitalia.com\/de\/produkt\/anouk2-cabinet-150-or-190-cm-base-unit-for-double-washbasin-with-compartments-or-door-or-dressing-table.html#primaryimage","url":"https:\/\/img.bagnoitalia.com\/wp-content\/uploads\/1-243.webp","contentUrl":"https:\/\/img.bagnoitalia.com\/wp-content\/uploads\/1-243.webp","width":1000,"height":1000},{"@type":"BreadcrumbList","@id":"https:\/\/www.bagnoitalia.com\/de\/produkt\/anouk2-cabinet-150-or-190-cm-base-unit-for-double-washbasin-with-compartments-or-door-or-dressing-table.html#breadcrumb","itemListElement":[{"@type":"ListItem","position":1,"name":"Home","item":"https:\/\/www.bagnoitalia.com\/de"},{"@type":"ListItem","position":2,"name":"Produkte","item":"https:\/\/www.bagnoitalia.com\/de\/shop"},{"@type":"ListItem","position":3,"name":"Anouk2 Schrank 150 oder 190 cm Unterschrank f\u00fcr Doppelwaschbecken mit F\u00e4chern oder T\u00fcr oder Frisiertisch"}]},{"@type":"WebSite","@id":"https:\/\/www.bagnoitalia.com\/de#website","url":"https:\/\/www.bagnoitalia.com\/de","name":"Bagno Italia","description":"","publisher":{"@id":"https:\/\/www.bagnoitalia.com\/de#organization"},"potentialAction":[{"@type":"SearchAction","target":{"@type":"EntryPoint","urlTemplate":"https:\/\/www.bagnoitalia.com\/de?s={search_term_string}"},"query-input":{"@type":"PropertyValueSpecification","valueRequired":true,"valueName":"search_term_string"}}],"inLanguage":"de"},{"@type":"Organization","@id":"https:\/\/www.bagnoitalia.com\/de#organization","name":"Bagno Italia","url":"https:\/\/www.bagnoitalia.com\/de","logo":{"@type":"ImageObject","inLanguage":"de","@id":"https:\/\/www.bagnoitalia.com\/de#\/schema\/logo\/image\/","url":"https:\/\/img.bagnoitalia.com\/wp-content\/uploads\/logo-bagnoitalia.webp","contentUrl":"https:\/\/img.bagnoitalia.com\/wp-content\/uploads\/logo-bagnoitalia.webp","width":400,"height":70,"caption":"Bagno Italia"},"image":{"@id":"https:\/\/www.bagnoitalia.com\/de#\/schema\/logo\/image\/"}}]}},"_links":{"self":[{"href":"https:\/\/www.bagnoitalia.com\/de\/wp-json\/wp\/v2\/product\/105117","targetHints":{"allow":["GET"]}}],"collection":[{"href":"https:\/\/www.bagnoitalia.com\/de\/wp-json\/wp\/v2\/product"}],"about":[{"href":"https:\/\/www.bagnoitalia.com\/de\/wp-json\/wp\/v2\/types\/product"}],"replies":[{"embeddable":true,"href":"https:\/\/www.bagnoitalia.com\/de\/wp-json\/wp\/v2\/comments?post=105117"}],"version-history":[{"count":2,"href":"https:\/\/www.bagnoitalia.com\/de\/wp-json\/wp\/v2\/product\/105117\/revisions"}],"predecessor-version":[{"id":105120,"href":"https:\/\/www.bagnoitalia.com\/de\/wp-json\/wp\/v2\/product\/105117\/revisions\/105120"}],"wp:featuredmedia":[{"embeddable":true,"href":"https:\/\/www.bagnoitalia.com\/de\/wp-json\/wp\/v2\/media\/104985"}],"wp:attachment":[{"href":"https:\/\/www.bagnoitalia.com\/de\/wp-json\/wp\/v2\/media?parent=105117"}],"wp:term":[{"taxonomy":"product_brand","embeddable":true,"href":"https:\/\/www.bagnoitalia.com\/de\/wp-json\/wp\/v2\/product_brand?post=105117"},{"taxonomy":"product_cat","embeddable":true,"href":"https:\/\/www.bagnoitalia.com\/de\/wp-json\/wp\/v2\/product_cat?post=105117"},{"taxonomy":"product_tag","embeddable":true,"href":"https:\/\/www.bagnoitalia.com\/de\/wp-json\/wp\/v2\/product_tag?post=105117"}],"curies":[{"name":"wp","href":"https:\/\/api.w.org\/{rel}","templated":true}]}}