{"id":104622,"date":"2025-03-20T10:09:49","date_gmt":"2025-03-20T09:09:49","guid":{"rendered":"https:\/\/www.bagnoitalia.com\/ariel-90-or-100-cm-wall-mounted-bathroom-furniture-2-drawers-1-door-washbasin-right-or-left-and-mirror.html"},"modified":"2025-03-20T10:13:08","modified_gmt":"2025-03-20T09:13:08","slug":"ariel-90-or-100-cm-wall-mounted-bathroom-furniture-2-drawers-1-door-washbasin-right-or-left-and-mirror","status":"publish","type":"product","link":"https:\/\/www.bagnoitalia.com\/de\/produkt\/ariel-90-or-100-cm-wall-mounted-bathroom-furniture-2-drawers-1-door-washbasin-right-or-left-and-mirror.html","title":{"rendered":"Ariel 90 oder 100 cm wandmontiertes Badm\u00f6bel 2 Schubladen 1 T\u00fcr Waschbecken rechts oder links und Spiegel"},"content":{"rendered":"<p>Ariel &#8218; Badezimmerschrank mit Waschbecken auf der rechten oder linken Seite<\/p>\n<p>&nbsp;<\/p>\n<p>VERF\u00dcGBARE TYPEN<\/p>\n<p>Badezimmerm\u00f6bel erh\u00e4ltlich ab<\/p>\n<p>90 cm mit Spiegel 70&#215;90 cm<br \/>\n100 cm mit Spiegel 70&#215;100 cm<\/p>\n<p>Verf\u00fcgbare Versionen:<\/p>\n<p>LINKS: mit Waschbecken (und Schubladen) auf der linken Seite<br \/>\nRECHTS: mit Waschbecken (und Schubladen) auf der rechten Seite<\/p>\n<p>5 Verf\u00fcgbare Farben<\/p>\n<p>Blaue Eiche<br \/>\nWei\u00df matt<br \/>\nEiche<br \/>\nnussbaum<br \/>\nschwarz matt<\/p>\n<p>W\u00c4HLEN SIE GR\u00d6SSE, AUSF\u00dcHRUNG UND FARBE AUS DEM DROPDOWN-MEN\u00dc OBEN<\/p>\n<p>&nbsp;<\/p>\n<p>WEITERE DETAILS ZUM PRODUKT<\/p>\n<p>H\u00e4ngender Badezimmerschrank<\/p>\n<p>Tiefe: cm 45,2<\/p>\n<p>H\u00f6he: 54 cm<\/p>\n<p>Bestehend aus zwei Schubladen und einer T\u00fcr<\/p>\n<p>Gl\u00e4nzend wei\u00dfes Keramik-Waschtischbecken<\/p>\n<p>Mit Bohrung f\u00fcr Mischbatterie<\/p>\n<p>Mit \u00dcberlaufloch<\/p>\n<p>Umkehrbarer Filolucido-Spiegel<\/p>\n<p>Sockel aus furniertem Holz<\/p>\n<p>\u00d6ffnung der Schubladen\/T\u00fcren: Rille<\/p>\n<p>Schubladen-\/T\u00fcrverschluss: Soft-Close<\/p>\n<p>&nbsp;<\/p>\n<p>&nbsp;<\/p>\n<p>&nbsp;<\/p>\n<p>&nbsp;<\/p>\n<p>NB: Wasserh\u00e4hne, Abfluss und Ablauf sind NICHT im Preis enthalten<\/p>\n<p>&nbsp;<\/p>\n<p>\u00dcber das Dropdown-Men\u00fc k\u00f6nnen Sie auch die LED-Wandleuchte (Chrom oder Schwarz) und die passende H\u00e4nges\u00e4ule 30xD24xH140 cm hinzuf\u00fcgen.<\/p>\n<p>&nbsp;<\/p>\n<p>&nbsp;<\/p>\n<p>&nbsp;<\/p>\n<p>&nbsp;<\/p>\n<p>&nbsp;<\/p>\n<p>&nbsp;<\/p>\n<p>&nbsp;<\/p>\n<p>&nbsp;<\/p>\n<p>&nbsp;<\/p>\n<p>&nbsp;<\/p>\n<p>&nbsp;<\/p>\n<p>&nbsp;<\/p>\n<p>&nbsp;<\/p>\n<p>&nbsp;<\/p>\n<p>&nbsp;<\/p>\n<p>&nbsp;<\/p>\n<p>&nbsp;<\/p>\n<p>&nbsp;<\/p>\n<p>&nbsp;<\/p>\n<p>Anami<\/p>\n<p>&nbsp;<\/p>\n<p>&nbsp;<\/p>\n","protected":false},"excerpt":{"rendered":"<p>Modernes H\u00e4ngem\u00f6bel, bestehend aus 2 Schubladen und einer T\u00fcr, erh\u00e4ltlich in 2 Gr\u00f6\u00dfen und in rechter oder linker Ausf\u00fchrung. Sockel in verschiedenen Farben: wei\u00df, blau-eiche, schwarz, eiche, nussbaum. Das gl\u00e4nzend wei\u00dfe Keramikwaschbecken und der Spiegel sind im Preis inbegriffen. Es ist auch m\u00f6glich, eine H\u00e4nges\u00e4ule zu kombinieren.<\/p>\n","protected":false},"featured_media":104514,"comment_status":"open","ping_status":"closed","template":"","meta":[],"product_brand":[5006],"product_cat":[9720],"product_tag":[],"class_list":{"0":"post-104622","1":"product","2":"type-product","3":"status-publish","4":"has-post-thumbnail","6":"product_brand-deghi","7":"product_cat-badmobel-von-71-bis-100-cm-moderne-mobel","9":"first","10":"instock","11":"sale","12":"taxable","13":"shipping-taxable","14":"purchasable","15":"product-type-simple"},"exclude_global_add_ons":false,"addons":[{"name":"Typ","type":"multiple_choice","position":0,"required":false,"title_format":"label","default":"","description_enable":false,"description":"","placeholder_enable":false,"placeholder":"","display":"select","restrictions_type":"any_text","adjust_price":false,"price":"","price_type":"flat_fee","restrictions":false,"min":"0","max":"0","options":[{"label":"90 cm wei\u00df matt Version RECHTS","price":"","price_type":"flat_fee","image":0,"visibility":true},{"label":"90 cm matt wei\u00df LINKS-Version","price":"","price_type":"flat_fee","image":0,"visibility":true},{"label":"90 cm Eiche RECHTS-Version","price":"","price_type":"flat_fee","image":0,"visibility":true},{"label":"90 cm Eiche, LINKS-Version","price":"","price_type":"flat_fee","image":0,"visibility":true},{"label":"90 cm Nussbaum Version RECHTS","price":"","price_type":"flat_fee","image":0,"visibility":true},{"label":"90 cm Nussbaum Version LINKS","price":"","price_type":"flat_fee","image":0,"visibility":true},{"label":"90 cm Eiche-blau Version RECHTS","price":"","price_type":"flat_fee","image":0,"visibility":true},{"label":"90 cm Eiche-blau Version LINKS","price":"","price_type":"flat_fee","image":0,"visibility":true},{"label":"90 cm mattschwarz Version RECHTS","price":"","price_type":"flat_fee","image":0,"visibility":true},{"label":"90 cm mattschwarz LINKS-Version","price":"","price_type":"flat_fee","image":0,"visibility":true},{"label":"100 cm wei\u00df matt Version RECHTS","price":"40","price_type":"flat_fee","image":0,"visibility":true},{"label":"100 cm matt wei\u00df LINKS Version","price":"40","price_type":"flat_fee","image":0,"visibility":true},{"label":"100 cm Eiche RECHTS Version","price":"40","price_type":"flat_fee","image":0,"visibility":true},{"label":"100 cm Eiche Version LINKS","price":"40","price_type":"flat_fee","image":0,"visibility":true},{"label":"100 cm Nussbaum Version RECHTS","price":"40","price_type":"flat_fee","image":0,"visibility":true},{"label":"100 cm Nussbaum Version LINKS","price":"40","price_type":"flat_fee","image":0,"visibility":true},{"label":"100 cm Eiche-blau Version RECHTS","price":"40","price_type":"flat_fee","image":0,"visibility":true},{"label":"100 cm Eiche-blau Version LINKS","price":"40","price_type":"flat_fee","image":0,"visibility":true},{"label":"100 cm mattschwarz Version RECHTS","price":"40","price_type":"flat_fee","image":0,"visibility":true},{"label":"100 cm mattschwarz LINKS-Version","price":"40","price_type":"flat_fee","image":0,"visibility":true}],"id":1742465390},{"name":"S\u00e4ule","type":"multiple_choice","position":1,"required":false,"title_format":"label","default":"","description_enable":false,"description":"","placeholder_enable":false,"placeholder":"","display":"select","restrictions_type":"any_text","adjust_price":false,"price":"","price_type":"flat_fee","restrictions":false,"min":"0","max":"0","options":[{"label":"Nein","price":"","price_type":"flat_fee","image":0,"visibility":true},{"label":"1 S\u00e4ule 30xP24xH140 cm","price":"319","price_type":"flat_fee","image":0,"visibility":true}],"id":1742465391},{"name":"Applique","type":"multiple_choice","position":2,"required":false,"title_format":"label","default":"","description_enable":false,"description":"","placeholder_enable":false,"placeholder":"","display":"select","restrictions_type":"any_text","adjust_price":false,"price":"","price_type":"flat_fee","restrictions":false,"min":"0","max":"0","options":[{"label":"Nein","price":"","price_type":"flat_fee","image":0,"visibility":true},{"label":"Verchromter Scheinwerfer","price":"20","price_type":"flat_fee","image":0,"visibility":true},{"label":"Led-Strahler mattschwarz","price":"25","price_type":"flat_fee","image":0,"visibility":true}],"id":1742465392}],"yoast_head":"<!-- This site is optimized with the Yoast SEO plugin v26.7 - https:\/\/yoast.com\/wordpress\/plugins\/seo\/ -->\n<title>Ariel 90 oder 100 cm wandmontiertes Badm\u00f6bel 2 Schubladen 1 T\u00fcr Waschbecken rechts oder links und Spiegel - Bagno Italia<\/title>\n<meta name=\"robots\" content=\"index, follow, max-snippet:-1, max-image-preview:large, max-video-preview:-1\" \/>\n<link rel=\"canonical\" href=\"https:\/\/www.bagnoitalia.com\/de\/produkt\/ariel-90-or-100-cm-wall-mounted-bathroom-furniture-2-drawers-1-door-washbasin-right-or-left-and-mirror.html\" \/>\n<meta property=\"og:locale\" content=\"de_DE\" \/>\n<meta property=\"og:type\" content=\"article\" \/>\n<meta property=\"og:title\" content=\"Ariel 90 oder 100 cm wandmontiertes Badm\u00f6bel 2 Schubladen 1 T\u00fcr Waschbecken rechts oder links und Spiegel - Bagno Italia\" \/>\n<meta property=\"og:description\" content=\"Modernes H\u00e4ngem\u00f6bel, bestehend aus 2 Schubladen und einer T\u00fcr, erh\u00e4ltlich in 2 Gr\u00f6\u00dfen und in rechter oder linker Ausf\u00fchrung. Sockel in verschiedenen Farben: wei\u00df, blau-eiche, schwarz, eiche, nussbaum. Das gl\u00e4nzend wei\u00dfe Keramikwaschbecken und der Spiegel sind im Preis inbegriffen. Es ist auch m\u00f6glich, eine H\u00e4nges\u00e4ule zu kombinieren.\" \/>\n<meta property=\"og:url\" content=\"https:\/\/www.bagnoitalia.com\/de\/produkt\/ariel-90-or-100-cm-wall-mounted-bathroom-furniture-2-drawers-1-door-washbasin-right-or-left-and-mirror.html\" \/>\n<meta property=\"og:site_name\" content=\"Bagno Italia\" \/>\n<meta property=\"article:modified_time\" content=\"2025-03-20T09:13:08+00:00\" \/>\n<meta property=\"og:image\" content=\"https:\/\/img.bagnoitalia.com\/wp-content\/uploads\/1-238.webp\" \/>\n\t<meta property=\"og:image:width\" content=\"1000\" \/>\n\t<meta property=\"og:image:height\" content=\"1000\" \/>\n\t<meta property=\"og:image:type\" content=\"image\/webp\" \/>\n<meta name=\"twitter:card\" content=\"summary_large_image\" \/>\n<meta name=\"twitter:label1\" content=\"Gesch\u00e4tzte Lesezeit\" \/>\n\t<meta name=\"twitter:data1\" content=\"1\u00a0Minute\" \/>\n<script type=\"application\/ld+json\" class=\"yoast-schema-graph\">{\"@context\":\"https:\/\/schema.org\",\"@graph\":[{\"@type\":\"WebPage\",\"@id\":\"https:\/\/www.bagnoitalia.com\/de\/produkt\/ariel-90-or-100-cm-wall-mounted-bathroom-furniture-2-drawers-1-door-washbasin-right-or-left-and-mirror.html\",\"url\":\"https:\/\/www.bagnoitalia.com\/de\/produkt\/ariel-90-or-100-cm-wall-mounted-bathroom-furniture-2-drawers-1-door-washbasin-right-or-left-and-mirror.html\",\"name\":\"Ariel 90 oder 100 cm wandmontiertes Badm\u00f6bel 2 Schubladen 1 T\u00fcr Waschbecken rechts oder links und Spiegel - Bagno Italia\",\"isPartOf\":{\"@id\":\"https:\/\/www.bagnoitalia.com\/de#website\"},\"primaryImageOfPage\":{\"@id\":\"https:\/\/www.bagnoitalia.com\/de\/produkt\/ariel-90-or-100-cm-wall-mounted-bathroom-furniture-2-drawers-1-door-washbasin-right-or-left-and-mirror.html#primaryimage\"},\"image\":{\"@id\":\"https:\/\/www.bagnoitalia.com\/de\/produkt\/ariel-90-or-100-cm-wall-mounted-bathroom-furniture-2-drawers-1-door-washbasin-right-or-left-and-mirror.html#primaryimage\"},\"thumbnailUrl\":\"https:\/\/img.bagnoitalia.com\/wp-content\/uploads\/1-238.webp\",\"datePublished\":\"2025-03-20T09:09:49+00:00\",\"dateModified\":\"2025-03-20T09:13:08+00:00\",\"breadcrumb\":{\"@id\":\"https:\/\/www.bagnoitalia.com\/de\/produkt\/ariel-90-or-100-cm-wall-mounted-bathroom-furniture-2-drawers-1-door-washbasin-right-or-left-and-mirror.html#breadcrumb\"},\"inLanguage\":\"de\",\"potentialAction\":[{\"@type\":\"ReadAction\",\"target\":[\"https:\/\/www.bagnoitalia.com\/de\/produkt\/ariel-90-or-100-cm-wall-mounted-bathroom-furniture-2-drawers-1-door-washbasin-right-or-left-and-mirror.html\"]}]},{\"@type\":\"ImageObject\",\"inLanguage\":\"de\",\"@id\":\"https:\/\/www.bagnoitalia.com\/de\/produkt\/ariel-90-or-100-cm-wall-mounted-bathroom-furniture-2-drawers-1-door-washbasin-right-or-left-and-mirror.html#primaryimage\",\"url\":\"https:\/\/img.bagnoitalia.com\/wp-content\/uploads\/1-238.webp\",\"contentUrl\":\"https:\/\/img.bagnoitalia.com\/wp-content\/uploads\/1-238.webp\",\"width\":1000,\"height\":1000},{\"@type\":\"BreadcrumbList\",\"@id\":\"https:\/\/www.bagnoitalia.com\/de\/produkt\/ariel-90-or-100-cm-wall-mounted-bathroom-furniture-2-drawers-1-door-washbasin-right-or-left-and-mirror.html#breadcrumb\",\"itemListElement\":[{\"@type\":\"ListItem\",\"position\":1,\"name\":\"Home\",\"item\":\"https:\/\/www.bagnoitalia.com\/de\"},{\"@type\":\"ListItem\",\"position\":2,\"name\":\"Produkte\",\"item\":\"https:\/\/www.bagnoitalia.com\/de\/shop\"},{\"@type\":\"ListItem\",\"position\":3,\"name\":\"Ariel 90 oder 100 cm wandmontiertes Badm\u00f6bel 2 Schubladen 1 T\u00fcr Waschbecken rechts oder links und Spiegel\"}]},{\"@type\":\"WebSite\",\"@id\":\"https:\/\/www.bagnoitalia.com\/de#website\",\"url\":\"https:\/\/www.bagnoitalia.com\/de\",\"name\":\"Bagno Italia\",\"description\":\"\",\"publisher\":{\"@id\":\"https:\/\/www.bagnoitalia.com\/de#organization\"},\"potentialAction\":[{\"@type\":\"SearchAction\",\"target\":{\"@type\":\"EntryPoint\",\"urlTemplate\":\"https:\/\/www.bagnoitalia.com\/de?s={search_term_string}\"},\"query-input\":{\"@type\":\"PropertyValueSpecification\",\"valueRequired\":true,\"valueName\":\"search_term_string\"}}],\"inLanguage\":\"de\"},{\"@type\":\"Organization\",\"@id\":\"https:\/\/www.bagnoitalia.com\/de#organization\",\"name\":\"Bagno Italia\",\"url\":\"https:\/\/www.bagnoitalia.com\/de\",\"logo\":{\"@type\":\"ImageObject\",\"inLanguage\":\"de\",\"@id\":\"https:\/\/www.bagnoitalia.com\/de#\/schema\/logo\/image\/\",\"url\":\"https:\/\/img.bagnoitalia.com\/wp-content\/uploads\/logo-bagnoitalia.webp\",\"contentUrl\":\"https:\/\/img.bagnoitalia.com\/wp-content\/uploads\/logo-bagnoitalia.webp\",\"width\":400,\"height\":70,\"caption\":\"Bagno Italia\"},\"image\":{\"@id\":\"https:\/\/www.bagnoitalia.com\/de#\/schema\/logo\/image\/\"}}]}<\/script>\n<!-- \/ Yoast SEO plugin. -->","yoast_head_json":{"title":"Ariel 90 oder 100 cm wandmontiertes Badm\u00f6bel 2 Schubladen 1 T\u00fcr Waschbecken rechts oder links und Spiegel - Bagno Italia","robots":{"index":"index","follow":"follow","max-snippet":"max-snippet:-1","max-image-preview":"max-image-preview:large","max-video-preview":"max-video-preview:-1"},"canonical":"https:\/\/www.bagnoitalia.com\/de\/produkt\/ariel-90-or-100-cm-wall-mounted-bathroom-furniture-2-drawers-1-door-washbasin-right-or-left-and-mirror.html","og_locale":"de_DE","og_type":"article","og_title":"Ariel 90 oder 100 cm wandmontiertes Badm\u00f6bel 2 Schubladen 1 T\u00fcr Waschbecken rechts oder links und Spiegel - Bagno Italia","og_description":"Modernes H\u00e4ngem\u00f6bel, bestehend aus 2 Schubladen und einer T\u00fcr, erh\u00e4ltlich in 2 Gr\u00f6\u00dfen und in rechter oder linker Ausf\u00fchrung. Sockel in verschiedenen Farben: wei\u00df, blau-eiche, schwarz, eiche, nussbaum. Das gl\u00e4nzend wei\u00dfe Keramikwaschbecken und der Spiegel sind im Preis inbegriffen. Es ist auch m\u00f6glich, eine H\u00e4nges\u00e4ule zu kombinieren.","og_url":"https:\/\/www.bagnoitalia.com\/de\/produkt\/ariel-90-or-100-cm-wall-mounted-bathroom-furniture-2-drawers-1-door-washbasin-right-or-left-and-mirror.html","og_site_name":"Bagno Italia","article_modified_time":"2025-03-20T09:13:08+00:00","og_image":[{"width":1000,"height":1000,"url":"https:\/\/img.bagnoitalia.com\/wp-content\/uploads\/1-238.webp","type":"image\/webp"}],"twitter_card":"summary_large_image","twitter_misc":{"Gesch\u00e4tzte Lesezeit":"1\u00a0Minute"},"schema":{"@context":"https:\/\/schema.org","@graph":[{"@type":"WebPage","@id":"https:\/\/www.bagnoitalia.com\/de\/produkt\/ariel-90-or-100-cm-wall-mounted-bathroom-furniture-2-drawers-1-door-washbasin-right-or-left-and-mirror.html","url":"https:\/\/www.bagnoitalia.com\/de\/produkt\/ariel-90-or-100-cm-wall-mounted-bathroom-furniture-2-drawers-1-door-washbasin-right-or-left-and-mirror.html","name":"Ariel 90 oder 100 cm wandmontiertes Badm\u00f6bel 2 Schubladen 1 T\u00fcr Waschbecken rechts oder links und Spiegel - Bagno Italia","isPartOf":{"@id":"https:\/\/www.bagnoitalia.com\/de#website"},"primaryImageOfPage":{"@id":"https:\/\/www.bagnoitalia.com\/de\/produkt\/ariel-90-or-100-cm-wall-mounted-bathroom-furniture-2-drawers-1-door-washbasin-right-or-left-and-mirror.html#primaryimage"},"image":{"@id":"https:\/\/www.bagnoitalia.com\/de\/produkt\/ariel-90-or-100-cm-wall-mounted-bathroom-furniture-2-drawers-1-door-washbasin-right-or-left-and-mirror.html#primaryimage"},"thumbnailUrl":"https:\/\/img.bagnoitalia.com\/wp-content\/uploads\/1-238.webp","datePublished":"2025-03-20T09:09:49+00:00","dateModified":"2025-03-20T09:13:08+00:00","breadcrumb":{"@id":"https:\/\/www.bagnoitalia.com\/de\/produkt\/ariel-90-or-100-cm-wall-mounted-bathroom-furniture-2-drawers-1-door-washbasin-right-or-left-and-mirror.html#breadcrumb"},"inLanguage":"de","potentialAction":[{"@type":"ReadAction","target":["https:\/\/www.bagnoitalia.com\/de\/produkt\/ariel-90-or-100-cm-wall-mounted-bathroom-furniture-2-drawers-1-door-washbasin-right-or-left-and-mirror.html"]}]},{"@type":"ImageObject","inLanguage":"de","@id":"https:\/\/www.bagnoitalia.com\/de\/produkt\/ariel-90-or-100-cm-wall-mounted-bathroom-furniture-2-drawers-1-door-washbasin-right-or-left-and-mirror.html#primaryimage","url":"https:\/\/img.bagnoitalia.com\/wp-content\/uploads\/1-238.webp","contentUrl":"https:\/\/img.bagnoitalia.com\/wp-content\/uploads\/1-238.webp","width":1000,"height":1000},{"@type":"BreadcrumbList","@id":"https:\/\/www.bagnoitalia.com\/de\/produkt\/ariel-90-or-100-cm-wall-mounted-bathroom-furniture-2-drawers-1-door-washbasin-right-or-left-and-mirror.html#breadcrumb","itemListElement":[{"@type":"ListItem","position":1,"name":"Home","item":"https:\/\/www.bagnoitalia.com\/de"},{"@type":"ListItem","position":2,"name":"Produkte","item":"https:\/\/www.bagnoitalia.com\/de\/shop"},{"@type":"ListItem","position":3,"name":"Ariel 90 oder 100 cm wandmontiertes Badm\u00f6bel 2 Schubladen 1 T\u00fcr Waschbecken rechts oder links und Spiegel"}]},{"@type":"WebSite","@id":"https:\/\/www.bagnoitalia.com\/de#website","url":"https:\/\/www.bagnoitalia.com\/de","name":"Bagno Italia","description":"","publisher":{"@id":"https:\/\/www.bagnoitalia.com\/de#organization"},"potentialAction":[{"@type":"SearchAction","target":{"@type":"EntryPoint","urlTemplate":"https:\/\/www.bagnoitalia.com\/de?s={search_term_string}"},"query-input":{"@type":"PropertyValueSpecification","valueRequired":true,"valueName":"search_term_string"}}],"inLanguage":"de"},{"@type":"Organization","@id":"https:\/\/www.bagnoitalia.com\/de#organization","name":"Bagno Italia","url":"https:\/\/www.bagnoitalia.com\/de","logo":{"@type":"ImageObject","inLanguage":"de","@id":"https:\/\/www.bagnoitalia.com\/de#\/schema\/logo\/image\/","url":"https:\/\/img.bagnoitalia.com\/wp-content\/uploads\/logo-bagnoitalia.webp","contentUrl":"https:\/\/img.bagnoitalia.com\/wp-content\/uploads\/logo-bagnoitalia.webp","width":400,"height":70,"caption":"Bagno Italia"},"image":{"@id":"https:\/\/www.bagnoitalia.com\/de#\/schema\/logo\/image\/"}}]}},"_links":{"self":[{"href":"https:\/\/www.bagnoitalia.com\/de\/wp-json\/wp\/v2\/product\/104622","targetHints":{"allow":["GET"]}}],"collection":[{"href":"https:\/\/www.bagnoitalia.com\/de\/wp-json\/wp\/v2\/product"}],"about":[{"href":"https:\/\/www.bagnoitalia.com\/de\/wp-json\/wp\/v2\/types\/product"}],"replies":[{"embeddable":true,"href":"https:\/\/www.bagnoitalia.com\/de\/wp-json\/wp\/v2\/comments?post=104622"}],"version-history":[{"count":2,"href":"https:\/\/www.bagnoitalia.com\/de\/wp-json\/wp\/v2\/product\/104622\/revisions"}],"predecessor-version":[{"id":104625,"href":"https:\/\/www.bagnoitalia.com\/de\/wp-json\/wp\/v2\/product\/104622\/revisions\/104625"}],"wp:featuredmedia":[{"embeddable":true,"href":"https:\/\/www.bagnoitalia.com\/de\/wp-json\/wp\/v2\/media\/104514"}],"wp:attachment":[{"href":"https:\/\/www.bagnoitalia.com\/de\/wp-json\/wp\/v2\/media?parent=104622"}],"wp:term":[{"taxonomy":"product_brand","embeddable":true,"href":"https:\/\/www.bagnoitalia.com\/de\/wp-json\/wp\/v2\/product_brand?post=104622"},{"taxonomy":"product_cat","embeddable":true,"href":"https:\/\/www.bagnoitalia.com\/de\/wp-json\/wp\/v2\/product_cat?post=104622"},{"taxonomy":"product_tag","embeddable":true,"href":"https:\/\/www.bagnoitalia.com\/de\/wp-json\/wp\/v2\/product_tag?post=104622"}],"curies":[{"name":"wp","href":"https:\/\/api.w.org\/{rel}","templated":true}]}}