{"id":104360,"date":"2025-03-18T16:34:07","date_gmt":"2025-03-18T15:34:07","guid":{"rendered":"https:\/\/www.bagnoitalia.com\/ariete-60-or-70-cm-wall-mounted-bathroom-unit-2-drawers-with-washbasin-top-and-mirror.html"},"modified":"2025-03-19T15:34:24","modified_gmt":"2025-03-19T14:34:24","slug":"ariete-60-or-70-cm-wall-mounted-bathroom-unit-2-drawers-with-washbasin-top-and-mirror","status":"publish","type":"product","link":"https:\/\/www.bagnoitalia.com\/de\/produkt\/ariete-60-or-70-cm-wall-mounted-bathroom-unit-2-drawers-with-washbasin-top-and-mirror.html","title":{"rendered":"Ariete 60 oder 70 cm Wandbadezimmerschrank 2 Schubladen mit Waschtischplatte und Spiegel"},"content":{"rendered":"<p>Badm\u00f6bel &#8218;Ariete&#8216; 60 oder 70 cm mit Waschbeckenaufsatz<\/p>\n<p>&nbsp;<\/p>\n<p>&nbsp;<\/p>\n<p>&nbsp;<\/p>\n<p>&nbsp;<\/p>\n<p>HAUPTEIGENSCHAFTEN<\/p>\n<p>Moderner Badezimmerschrank mit 2 Schubladen, erh\u00e4ltlich von:<\/p>\n<p>60 cm<br \/>\n70 cm<\/p>\n<p>Verf\u00fcgbare Farben:<\/p>\n<p>satinblau<br \/>\nEiche<br \/>\nWalnuss<br \/>\nschwarz matt<br \/>\nmattes Wei\u00df<\/p>\n<p>W\u00c4HLEN SIE GR\u00d6SSE UND FARBE AUS DEM DROPDOWN-MEN\u00dc OBEN<\/p>\n<p>Filolucido runder Spiegel \u00d8 70 cm<\/p>\n<p>Waschtisch aus mattwei\u00dfem Harz<\/p>\n<p>Vorbereitet f\u00fcr Wasserhahnloch<\/p>\n<p>Mit \u00dcberlaufbohrung<\/p>\n<p>Sockel aus furniertem Holz<\/p>\n<p>Abgeh\u00e4ngte Installation<\/p>\n<p>\u00d6ffnung der Schubladen: Rille<\/p>\n<p>Schlie\u00dfung der Schublade: Soft-Close<\/p>\n<p>Tiefe: 45 cm<\/p>\n<p>H\u00f6he: cm 54<\/p>\n<p>&nbsp;<\/p>\n<p>NB: Wasserh\u00e4hne, Abfluss und Ablauf sind NICHT im Preis enthalten<\/p>\n<p>&nbsp;<\/p>\n<p>\u00dcber das Dropdown-Men\u00fc k\u00f6nnen Sie auch den passenden Hochschrank 30xT24xH140 cm hinzuf\u00fcgen<\/p>\n<p>&nbsp;<\/p>\n<p>&nbsp;<\/p>\n<p>&nbsp;<\/p>\n<p>&nbsp;<\/p>\n<p>&nbsp;<\/p>\n<p>&nbsp;<\/p>\n<p>&nbsp;<\/p>\n<p>&nbsp;<\/p>\n<p>&nbsp;<\/p>\n<p>&nbsp;<\/p>\n<p>&nbsp;<\/p>\n<p>&nbsp;<\/p>\n<p>&nbsp;<\/p>\n<p>&nbsp;<\/p>\n<p>&nbsp;<\/p>\n<p>&nbsp;<\/p>\n<p>&nbsp;<\/p>\n<p>&nbsp;<\/p>\n<p>&nbsp;<\/p>\n<p>Anami<\/p>\n<p>&nbsp;<\/p>\n<p>&nbsp;<\/p>\n","protected":false},"excerpt":{"rendered":"<p>Modernes M\u00f6bel f\u00fcr die h\u00e4ngende Montage, bestehend aus 2 Schubladen, erh\u00e4ltlich in 2 Gr\u00f6\u00dfen. Basis in einer Auswahl von Farben: wei\u00df, schwarz, blau, Eiche, Nussbaum. Im Preis inbegriffen sind ein mattwei\u00dfes Waschbecken aus Harz und ein runder Spiegel. Es ist auch m\u00f6glich, eine H\u00e4nges\u00e4ule zu kombinieren.<\/p>\n","protected":false},"featured_media":104304,"comment_status":"open","ping_status":"closed","template":"","meta":[],"product_brand":[9882],"product_cat":[9716],"product_tag":[],"class_list":{"0":"post-104360","1":"product","2":"type-product","3":"status-publish","4":"has-post-thumbnail","6":"product_brand-deghi-fr","7":"product_cat-badmobel-von-40-bis-70-cm-moderne-mobel","9":"first","10":"instock","11":"sale","12":"taxable","13":"shipping-taxable","14":"purchasable","15":"product-type-simple"},"exclude_global_add_ons":false,"addons":[{"name":"Typ","type":"multiple_choice","position":0,"required":false,"title_format":"label","default":"","description_enable":false,"description":"","placeholder_enable":false,"placeholder":"","display":"select","restrictions_type":"any_text","adjust_price":false,"price":"","price_type":"flat_fee","restrictions":false,"min":"0","max":"0","options":[{"label":"60 cm mattschwarz","price":"","price_type":"flat_fee","image":0,"visibility":true},{"label":"60 cm Eiche","price":"","price_type":"flat_fee","image":0,"visibility":true},{"label":"60 cm matt wei\u00df","price":"","price_type":"flat_fee","image":0,"visibility":true},{"label":"60 cm satiniert blau","price":"","price_type":"flat_fee","image":0,"visibility":true},{"label":"60 cm Walnuss","price":"","price_type":"flat_fee","image":0,"visibility":true},{"label":"70 cm mattschwarz","price":"30","price_type":"flat_fee","image":0,"visibility":true},{"label":"70 cm Eiche","price":"30","price_type":"flat_fee","image":0,"visibility":true},{"label":"70 cm matt wei\u00df","price":"30","price_type":"flat_fee","image":0,"visibility":true},{"label":"70 cm satiniert blau","price":"30","price_type":"flat_fee","image":0,"visibility":true},{"label":"70 cm Walnuss","price":"30","price_type":"flat_fee","image":0,"visibility":true}],"id":1742315648},{"name":"S\u00e4ule","type":"multiple_choice","position":1,"required":false,"title_format":"label","default":"","description_enable":false,"description":"","placeholder_enable":false,"placeholder":"","display":"select","restrictions_type":"any_text","adjust_price":false,"price":"","price_type":"flat_fee","restrictions":false,"min":"0","max":"0","options":[{"label":"No","price":"","price_type":"flat_fee","image":0,"visibility":true},{"label":"1 S\u00e4ule 30xP24xH140 cm","price":"319","price_type":"flat_fee","image":0,"visibility":true}],"id":1742315649}],"yoast_head":"<!-- This site is optimized with the Yoast SEO plugin v26.7 - https:\/\/yoast.com\/wordpress\/plugins\/seo\/ -->\n<title>Ariete 60 oder 70 cm Wandbadezimmerschrank 2 Schubladen mit Waschtischplatte und Spiegel - Bagno Italia<\/title>\n<meta name=\"robots\" content=\"index, follow, max-snippet:-1, max-image-preview:large, max-video-preview:-1\" \/>\n<link rel=\"canonical\" href=\"https:\/\/www.bagnoitalia.com\/de\/produkt\/ariete-60-or-70-cm-wall-mounted-bathroom-unit-2-drawers-with-washbasin-top-and-mirror.html\" \/>\n<meta property=\"og:locale\" content=\"de_DE\" \/>\n<meta property=\"og:type\" content=\"article\" \/>\n<meta property=\"og:title\" content=\"Ariete 60 oder 70 cm Wandbadezimmerschrank 2 Schubladen mit Waschtischplatte und Spiegel - Bagno Italia\" \/>\n<meta property=\"og:description\" content=\"Modernes M\u00f6bel f\u00fcr die h\u00e4ngende Montage, bestehend aus 2 Schubladen, erh\u00e4ltlich in 2 Gr\u00f6\u00dfen. Basis in einer Auswahl von Farben: wei\u00df, schwarz, blau, Eiche, Nussbaum. Im Preis inbegriffen sind ein mattwei\u00dfes Waschbecken aus Harz und ein runder Spiegel. Es ist auch m\u00f6glich, eine H\u00e4nges\u00e4ule zu kombinieren.\" \/>\n<meta property=\"og:url\" content=\"https:\/\/www.bagnoitalia.com\/de\/produkt\/ariete-60-or-70-cm-wall-mounted-bathroom-unit-2-drawers-with-washbasin-top-and-mirror.html\" \/>\n<meta property=\"og:site_name\" content=\"Bagno Italia\" \/>\n<meta property=\"article:modified_time\" content=\"2025-03-19T14:34:24+00:00\" \/>\n<meta property=\"og:image\" content=\"https:\/\/img.bagnoitalia.com\/wp-content\/uploads\/1-235.webp\" \/>\n\t<meta property=\"og:image:width\" content=\"1000\" \/>\n\t<meta property=\"og:image:height\" content=\"1000\" \/>\n\t<meta property=\"og:image:type\" content=\"image\/webp\" \/>\n<meta name=\"twitter:card\" content=\"summary_large_image\" \/>\n<meta name=\"twitter:label1\" content=\"Gesch\u00e4tzte Lesezeit\" \/>\n\t<meta name=\"twitter:data1\" content=\"1\u00a0Minute\" \/>\n<script type=\"application\/ld+json\" class=\"yoast-schema-graph\">{\"@context\":\"https:\/\/schema.org\",\"@graph\":[{\"@type\":\"WebPage\",\"@id\":\"https:\/\/www.bagnoitalia.com\/de\/produkt\/ariete-60-or-70-cm-wall-mounted-bathroom-unit-2-drawers-with-washbasin-top-and-mirror.html\",\"url\":\"https:\/\/www.bagnoitalia.com\/de\/produkt\/ariete-60-or-70-cm-wall-mounted-bathroom-unit-2-drawers-with-washbasin-top-and-mirror.html\",\"name\":\"Ariete 60 oder 70 cm Wandbadezimmerschrank 2 Schubladen mit Waschtischplatte und Spiegel - Bagno Italia\",\"isPartOf\":{\"@id\":\"https:\/\/www.bagnoitalia.com\/de#website\"},\"primaryImageOfPage\":{\"@id\":\"https:\/\/www.bagnoitalia.com\/de\/produkt\/ariete-60-or-70-cm-wall-mounted-bathroom-unit-2-drawers-with-washbasin-top-and-mirror.html#primaryimage\"},\"image\":{\"@id\":\"https:\/\/www.bagnoitalia.com\/de\/produkt\/ariete-60-or-70-cm-wall-mounted-bathroom-unit-2-drawers-with-washbasin-top-and-mirror.html#primaryimage\"},\"thumbnailUrl\":\"https:\/\/img.bagnoitalia.com\/wp-content\/uploads\/1-235.webp\",\"datePublished\":\"2025-03-18T15:34:07+00:00\",\"dateModified\":\"2025-03-19T14:34:24+00:00\",\"breadcrumb\":{\"@id\":\"https:\/\/www.bagnoitalia.com\/de\/produkt\/ariete-60-or-70-cm-wall-mounted-bathroom-unit-2-drawers-with-washbasin-top-and-mirror.html#breadcrumb\"},\"inLanguage\":\"de\",\"potentialAction\":[{\"@type\":\"ReadAction\",\"target\":[\"https:\/\/www.bagnoitalia.com\/de\/produkt\/ariete-60-or-70-cm-wall-mounted-bathroom-unit-2-drawers-with-washbasin-top-and-mirror.html\"]}]},{\"@type\":\"ImageObject\",\"inLanguage\":\"de\",\"@id\":\"https:\/\/www.bagnoitalia.com\/de\/produkt\/ariete-60-or-70-cm-wall-mounted-bathroom-unit-2-drawers-with-washbasin-top-and-mirror.html#primaryimage\",\"url\":\"https:\/\/img.bagnoitalia.com\/wp-content\/uploads\/1-235.webp\",\"contentUrl\":\"https:\/\/img.bagnoitalia.com\/wp-content\/uploads\/1-235.webp\",\"width\":1000,\"height\":1000},{\"@type\":\"BreadcrumbList\",\"@id\":\"https:\/\/www.bagnoitalia.com\/de\/produkt\/ariete-60-or-70-cm-wall-mounted-bathroom-unit-2-drawers-with-washbasin-top-and-mirror.html#breadcrumb\",\"itemListElement\":[{\"@type\":\"ListItem\",\"position\":1,\"name\":\"Home\",\"item\":\"https:\/\/www.bagnoitalia.com\/de\"},{\"@type\":\"ListItem\",\"position\":2,\"name\":\"Produkte\",\"item\":\"https:\/\/www.bagnoitalia.com\/de\/shop\"},{\"@type\":\"ListItem\",\"position\":3,\"name\":\"Ariete 60 oder 70 cm Wandbadezimmerschrank 2 Schubladen mit Waschtischplatte und Spiegel\"}]},{\"@type\":\"WebSite\",\"@id\":\"https:\/\/www.bagnoitalia.com\/de#website\",\"url\":\"https:\/\/www.bagnoitalia.com\/de\",\"name\":\"Bagno Italia\",\"description\":\"\",\"publisher\":{\"@id\":\"https:\/\/www.bagnoitalia.com\/de#organization\"},\"potentialAction\":[{\"@type\":\"SearchAction\",\"target\":{\"@type\":\"EntryPoint\",\"urlTemplate\":\"https:\/\/www.bagnoitalia.com\/de?s={search_term_string}\"},\"query-input\":{\"@type\":\"PropertyValueSpecification\",\"valueRequired\":true,\"valueName\":\"search_term_string\"}}],\"inLanguage\":\"de\"},{\"@type\":\"Organization\",\"@id\":\"https:\/\/www.bagnoitalia.com\/de#organization\",\"name\":\"Bagno Italia\",\"url\":\"https:\/\/www.bagnoitalia.com\/de\",\"logo\":{\"@type\":\"ImageObject\",\"inLanguage\":\"de\",\"@id\":\"https:\/\/www.bagnoitalia.com\/de#\/schema\/logo\/image\/\",\"url\":\"https:\/\/img.bagnoitalia.com\/wp-content\/uploads\/logo-bagnoitalia.webp\",\"contentUrl\":\"https:\/\/img.bagnoitalia.com\/wp-content\/uploads\/logo-bagnoitalia.webp\",\"width\":400,\"height\":70,\"caption\":\"Bagno Italia\"},\"image\":{\"@id\":\"https:\/\/www.bagnoitalia.com\/de#\/schema\/logo\/image\/\"}}]}<\/script>\n<!-- \/ Yoast SEO plugin. -->","yoast_head_json":{"title":"Ariete 60 oder 70 cm Wandbadezimmerschrank 2 Schubladen mit Waschtischplatte und Spiegel - Bagno Italia","robots":{"index":"index","follow":"follow","max-snippet":"max-snippet:-1","max-image-preview":"max-image-preview:large","max-video-preview":"max-video-preview:-1"},"canonical":"https:\/\/www.bagnoitalia.com\/de\/produkt\/ariete-60-or-70-cm-wall-mounted-bathroom-unit-2-drawers-with-washbasin-top-and-mirror.html","og_locale":"de_DE","og_type":"article","og_title":"Ariete 60 oder 70 cm Wandbadezimmerschrank 2 Schubladen mit Waschtischplatte und Spiegel - Bagno Italia","og_description":"Modernes M\u00f6bel f\u00fcr die h\u00e4ngende Montage, bestehend aus 2 Schubladen, erh\u00e4ltlich in 2 Gr\u00f6\u00dfen. Basis in einer Auswahl von Farben: wei\u00df, schwarz, blau, Eiche, Nussbaum. Im Preis inbegriffen sind ein mattwei\u00dfes Waschbecken aus Harz und ein runder Spiegel. Es ist auch m\u00f6glich, eine H\u00e4nges\u00e4ule zu kombinieren.","og_url":"https:\/\/www.bagnoitalia.com\/de\/produkt\/ariete-60-or-70-cm-wall-mounted-bathroom-unit-2-drawers-with-washbasin-top-and-mirror.html","og_site_name":"Bagno Italia","article_modified_time":"2025-03-19T14:34:24+00:00","og_image":[{"width":1000,"height":1000,"url":"https:\/\/img.bagnoitalia.com\/wp-content\/uploads\/1-235.webp","type":"image\/webp"}],"twitter_card":"summary_large_image","twitter_misc":{"Gesch\u00e4tzte Lesezeit":"1\u00a0Minute"},"schema":{"@context":"https:\/\/schema.org","@graph":[{"@type":"WebPage","@id":"https:\/\/www.bagnoitalia.com\/de\/produkt\/ariete-60-or-70-cm-wall-mounted-bathroom-unit-2-drawers-with-washbasin-top-and-mirror.html","url":"https:\/\/www.bagnoitalia.com\/de\/produkt\/ariete-60-or-70-cm-wall-mounted-bathroom-unit-2-drawers-with-washbasin-top-and-mirror.html","name":"Ariete 60 oder 70 cm Wandbadezimmerschrank 2 Schubladen mit Waschtischplatte und Spiegel - Bagno Italia","isPartOf":{"@id":"https:\/\/www.bagnoitalia.com\/de#website"},"primaryImageOfPage":{"@id":"https:\/\/www.bagnoitalia.com\/de\/produkt\/ariete-60-or-70-cm-wall-mounted-bathroom-unit-2-drawers-with-washbasin-top-and-mirror.html#primaryimage"},"image":{"@id":"https:\/\/www.bagnoitalia.com\/de\/produkt\/ariete-60-or-70-cm-wall-mounted-bathroom-unit-2-drawers-with-washbasin-top-and-mirror.html#primaryimage"},"thumbnailUrl":"https:\/\/img.bagnoitalia.com\/wp-content\/uploads\/1-235.webp","datePublished":"2025-03-18T15:34:07+00:00","dateModified":"2025-03-19T14:34:24+00:00","breadcrumb":{"@id":"https:\/\/www.bagnoitalia.com\/de\/produkt\/ariete-60-or-70-cm-wall-mounted-bathroom-unit-2-drawers-with-washbasin-top-and-mirror.html#breadcrumb"},"inLanguage":"de","potentialAction":[{"@type":"ReadAction","target":["https:\/\/www.bagnoitalia.com\/de\/produkt\/ariete-60-or-70-cm-wall-mounted-bathroom-unit-2-drawers-with-washbasin-top-and-mirror.html"]}]},{"@type":"ImageObject","inLanguage":"de","@id":"https:\/\/www.bagnoitalia.com\/de\/produkt\/ariete-60-or-70-cm-wall-mounted-bathroom-unit-2-drawers-with-washbasin-top-and-mirror.html#primaryimage","url":"https:\/\/img.bagnoitalia.com\/wp-content\/uploads\/1-235.webp","contentUrl":"https:\/\/img.bagnoitalia.com\/wp-content\/uploads\/1-235.webp","width":1000,"height":1000},{"@type":"BreadcrumbList","@id":"https:\/\/www.bagnoitalia.com\/de\/produkt\/ariete-60-or-70-cm-wall-mounted-bathroom-unit-2-drawers-with-washbasin-top-and-mirror.html#breadcrumb","itemListElement":[{"@type":"ListItem","position":1,"name":"Home","item":"https:\/\/www.bagnoitalia.com\/de"},{"@type":"ListItem","position":2,"name":"Produkte","item":"https:\/\/www.bagnoitalia.com\/de\/shop"},{"@type":"ListItem","position":3,"name":"Ariete 60 oder 70 cm Wandbadezimmerschrank 2 Schubladen mit Waschtischplatte und Spiegel"}]},{"@type":"WebSite","@id":"https:\/\/www.bagnoitalia.com\/de#website","url":"https:\/\/www.bagnoitalia.com\/de","name":"Bagno Italia","description":"","publisher":{"@id":"https:\/\/www.bagnoitalia.com\/de#organization"},"potentialAction":[{"@type":"SearchAction","target":{"@type":"EntryPoint","urlTemplate":"https:\/\/www.bagnoitalia.com\/de?s={search_term_string}"},"query-input":{"@type":"PropertyValueSpecification","valueRequired":true,"valueName":"search_term_string"}}],"inLanguage":"de"},{"@type":"Organization","@id":"https:\/\/www.bagnoitalia.com\/de#organization","name":"Bagno Italia","url":"https:\/\/www.bagnoitalia.com\/de","logo":{"@type":"ImageObject","inLanguage":"de","@id":"https:\/\/www.bagnoitalia.com\/de#\/schema\/logo\/image\/","url":"https:\/\/img.bagnoitalia.com\/wp-content\/uploads\/logo-bagnoitalia.webp","contentUrl":"https:\/\/img.bagnoitalia.com\/wp-content\/uploads\/logo-bagnoitalia.webp","width":400,"height":70,"caption":"Bagno Italia"},"image":{"@id":"https:\/\/www.bagnoitalia.com\/de#\/schema\/logo\/image\/"}}]}},"_links":{"self":[{"href":"https:\/\/www.bagnoitalia.com\/de\/wp-json\/wp\/v2\/product\/104360","targetHints":{"allow":["GET"]}}],"collection":[{"href":"https:\/\/www.bagnoitalia.com\/de\/wp-json\/wp\/v2\/product"}],"about":[{"href":"https:\/\/www.bagnoitalia.com\/de\/wp-json\/wp\/v2\/types\/product"}],"replies":[{"embeddable":true,"href":"https:\/\/www.bagnoitalia.com\/de\/wp-json\/wp\/v2\/comments?post=104360"}],"version-history":[{"count":3,"href":"https:\/\/www.bagnoitalia.com\/de\/wp-json\/wp\/v2\/product\/104360\/revisions"}],"predecessor-version":[{"id":104454,"href":"https:\/\/www.bagnoitalia.com\/de\/wp-json\/wp\/v2\/product\/104360\/revisions\/104454"}],"wp:featuredmedia":[{"embeddable":true,"href":"https:\/\/www.bagnoitalia.com\/de\/wp-json\/wp\/v2\/media\/104304"}],"wp:attachment":[{"href":"https:\/\/www.bagnoitalia.com\/de\/wp-json\/wp\/v2\/media?parent=104360"}],"wp:term":[{"taxonomy":"product_brand","embeddable":true,"href":"https:\/\/www.bagnoitalia.com\/de\/wp-json\/wp\/v2\/product_brand?post=104360"},{"taxonomy":"product_cat","embeddable":true,"href":"https:\/\/www.bagnoitalia.com\/de\/wp-json\/wp\/v2\/product_cat?post=104360"},{"taxonomy":"product_tag","embeddable":true,"href":"https:\/\/www.bagnoitalia.com\/de\/wp-json\/wp\/v2\/product_tag?post=104360"}],"curies":[{"name":"wp","href":"https:\/\/api.w.org\/{rel}","templated":true}]}}