{"id":103906,"date":"2025-03-14T15:01:58","date_gmt":"2025-03-14T14:01:58","guid":{"rendered":"https:\/\/www.bagnoitalia.com\/freestanding-rectangular-170x75-cm-bathtub-white-vs165.html"},"modified":"2025-03-14T15:03:23","modified_gmt":"2025-03-14T14:03:23","slug":"freestanding-rectangular-170x75-cm-bathtub-white-vs165","status":"publish","type":"product","link":"https:\/\/www.bagnoitalia.com\/de\/produkt\/freestanding-rectangular-170x75-cm-bathtub-white-vs165.html","title":{"rendered":"Freistehende rechteckige Badewanne 170&#215;75 cm wei\u00df VS165"},"content":{"rendered":"<p>&nbsp;<\/p>\n<p>FREISTEHENDE BADWANNE 170x75cm &#8218;VS165&#8216;<\/p>\n<p>&nbsp;<\/p>\n<p>&nbsp;<\/p>\n<p>&nbsp;<\/p>\n<p>&nbsp;<\/p>\n<p>MERKMALE<\/p>\n<p>Rechteckige Badewanne, mit abgerundeten Kanten<\/p>\n<p>Abmessungen: 170xT75xH59 cm<\/p>\n<p>Freistehende Installation, geeignet f\u00fcr die Mitte des Raumes<\/p>\n<p>Material: doppelwandiges Acryl<\/p>\n<p>Farbe: wei\u00df<\/p>\n<p>Fassungsverm\u00f6gen: 250 Liter<\/p>\n<p>&nbsp;<\/p>\n<p>&nbsp;<\/p>\n<p>&nbsp;<\/p>\n<p>&nbsp;<\/p>\n<p>NB: Die Armaturen sind nicht im Preis inbegriffen, es besteht die M\u00f6glichkeit, eine S\u00e4ulenmischung aus dem Dropdown-Men\u00fc oben hinzuzuf\u00fcgen<\/p>\n<p>&nbsp;<\/p>\n<p>&nbsp;<\/p>\n<p>&nbsp;<\/p>\n<p>&nbsp;<\/p>\n<p>&nbsp;<\/p>\n<p>&nbsp;<\/p>\n<p>&nbsp;<\/p>\n<p>&nbsp;<\/p>\n<p>&nbsp;<\/p>\n<p>&nbsp;<\/p>\n<p>&nbsp;<\/p>\n<p>&nbsp;<\/p>\n<p>&nbsp;<\/p>\n<p>&nbsp;<\/p>\n<p>&nbsp;<\/p>\n<p>&nbsp;<\/p>\n<p>&nbsp;<\/p>\n<p>&nbsp;<\/p>\n<p>&nbsp;<\/p>\n<p>&nbsp;<\/p>\n<p>&nbsp;<\/p>\n<p>&nbsp;<\/p>\n<p>&nbsp;<\/p>\n<p>&nbsp;<\/p>\n<p>G9020<\/p>\n<p>&nbsp;<\/p>\n<p>&nbsp;<\/p>\n","protected":false},"excerpt":{"rendered":"<p>Rechteckige freistehende Badewanne mit abgerundeten Kanten. Sie ist ideal f\u00fcr den Einbau in der Mitte des Raumes und passt sowohl in klassische als auch in moderne Umgebungen. Es besteht auch die M\u00f6glichkeit, eine S\u00e4ulenmischung zu kombinieren, die in verschiedenen Ausf\u00fchrungen erh\u00e4ltlich ist.<\/p>\n","protected":false},"featured_media":103878,"comment_status":"open","ping_status":"closed","template":"","meta":[],"product_brand":[9943],"product_cat":[9840],"product_tag":[],"class_list":{"0":"post-103906","1":"product","2":"type-product","3":"status-publish","4":"has-post-thumbnail","6":"product_brand-sanotechnik-italia-de","7":"product_cat-freistehende-badewanne","9":"first","10":"instock","11":"sale","12":"taxable","13":"shipping-taxable","14":"purchasable","15":"product-type-simple"},"exclude_global_add_ons":false,"addons":[{"name":"Mischer","type":"multiple_choice","position":0,"required":false,"title_format":"label","default":"","description_enable":false,"description":"","placeholder_enable":false,"placeholder":"","display":"select","restrictions_type":"any_text","adjust_price":false,"price":"","price_type":"flat_fee","restrictions":false,"min":"0","max":"0","options":[{"label":"Nein","price":"","price_type":"flat_fee","image":0,"visibility":true},{"label":"GL03","price":"279","price_type":"flat_fee","image":0,"visibility":true},{"label":"GL04 - mattschwarz","price":"319","price_type":"flat_fee","image":0,"visibility":true},{"label":"GL02","price":"279","price_type":"flat_fee","image":0,"visibility":true},{"label":"GL016","price":"279","price_type":"flat_fee","image":0,"visibility":true}],"id":1741964519}],"yoast_head":"<!-- This site is optimized with the Yoast SEO plugin v26.7 - https:\/\/yoast.com\/wordpress\/plugins\/seo\/ -->\n<title>Freistehende rechteckige Badewanne 170x75 cm wei\u00df VS165 - Bagno Italia<\/title>\n<meta name=\"robots\" content=\"index, follow, max-snippet:-1, max-image-preview:large, max-video-preview:-1\" \/>\n<link rel=\"canonical\" href=\"https:\/\/www.bagnoitalia.com\/de\/produkt\/freestanding-rectangular-170x75-cm-bathtub-white-vs165.html\" \/>\n<meta property=\"og:locale\" content=\"de_DE\" \/>\n<meta property=\"og:type\" content=\"article\" \/>\n<meta property=\"og:title\" content=\"Freistehende rechteckige Badewanne 170x75 cm wei\u00df VS165 - Bagno Italia\" \/>\n<meta property=\"og:description\" content=\"Rechteckige freistehende Badewanne mit abgerundeten Kanten. Sie ist ideal f\u00fcr den Einbau in der Mitte des Raumes und passt sowohl in klassische als auch in moderne Umgebungen. Es besteht auch die M\u00f6glichkeit, eine S\u00e4ulenmischung zu kombinieren, die in verschiedenen Ausf\u00fchrungen erh\u00e4ltlich ist.\" \/>\n<meta property=\"og:url\" content=\"https:\/\/www.bagnoitalia.com\/de\/produkt\/freestanding-rectangular-170x75-cm-bathtub-white-vs165.html\" \/>\n<meta property=\"og:site_name\" content=\"Bagno Italia\" \/>\n<meta property=\"article:modified_time\" content=\"2025-03-14T14:03:23+00:00\" \/>\n<meta property=\"og:image\" content=\"https:\/\/img.bagnoitalia.com\/wp-content\/uploads\/1-228.webp\" \/>\n\t<meta property=\"og:image:width\" content=\"600\" \/>\n\t<meta property=\"og:image:height\" content=\"600\" \/>\n\t<meta property=\"og:image:type\" content=\"image\/webp\" \/>\n<meta name=\"twitter:card\" content=\"summary_large_image\" \/>\n<meta name=\"twitter:label1\" content=\"Gesch\u00e4tzte Lesezeit\" \/>\n\t<meta name=\"twitter:data1\" content=\"1\u00a0Minute\" \/>\n<script type=\"application\/ld+json\" class=\"yoast-schema-graph\">{\"@context\":\"https:\/\/schema.org\",\"@graph\":[{\"@type\":\"WebPage\",\"@id\":\"https:\/\/www.bagnoitalia.com\/de\/produkt\/freestanding-rectangular-170x75-cm-bathtub-white-vs165.html\",\"url\":\"https:\/\/www.bagnoitalia.com\/de\/produkt\/freestanding-rectangular-170x75-cm-bathtub-white-vs165.html\",\"name\":\"Freistehende rechteckige Badewanne 170x75 cm wei\u00df VS165 - Bagno Italia\",\"isPartOf\":{\"@id\":\"https:\/\/www.bagnoitalia.com\/de#website\"},\"primaryImageOfPage\":{\"@id\":\"https:\/\/www.bagnoitalia.com\/de\/produkt\/freestanding-rectangular-170x75-cm-bathtub-white-vs165.html#primaryimage\"},\"image\":{\"@id\":\"https:\/\/www.bagnoitalia.com\/de\/produkt\/freestanding-rectangular-170x75-cm-bathtub-white-vs165.html#primaryimage\"},\"thumbnailUrl\":\"https:\/\/img.bagnoitalia.com\/wp-content\/uploads\/1-228.webp\",\"datePublished\":\"2025-03-14T14:01:58+00:00\",\"dateModified\":\"2025-03-14T14:03:23+00:00\",\"breadcrumb\":{\"@id\":\"https:\/\/www.bagnoitalia.com\/de\/produkt\/freestanding-rectangular-170x75-cm-bathtub-white-vs165.html#breadcrumb\"},\"inLanguage\":\"de\",\"potentialAction\":[{\"@type\":\"ReadAction\",\"target\":[\"https:\/\/www.bagnoitalia.com\/de\/produkt\/freestanding-rectangular-170x75-cm-bathtub-white-vs165.html\"]}]},{\"@type\":\"ImageObject\",\"inLanguage\":\"de\",\"@id\":\"https:\/\/www.bagnoitalia.com\/de\/produkt\/freestanding-rectangular-170x75-cm-bathtub-white-vs165.html#primaryimage\",\"url\":\"https:\/\/img.bagnoitalia.com\/wp-content\/uploads\/1-228.webp\",\"contentUrl\":\"https:\/\/img.bagnoitalia.com\/wp-content\/uploads\/1-228.webp\",\"width\":600,\"height\":600},{\"@type\":\"BreadcrumbList\",\"@id\":\"https:\/\/www.bagnoitalia.com\/de\/produkt\/freestanding-rectangular-170x75-cm-bathtub-white-vs165.html#breadcrumb\",\"itemListElement\":[{\"@type\":\"ListItem\",\"position\":1,\"name\":\"Home\",\"item\":\"https:\/\/www.bagnoitalia.com\/de\"},{\"@type\":\"ListItem\",\"position\":2,\"name\":\"Produkte\",\"item\":\"https:\/\/www.bagnoitalia.com\/de\/shop\"},{\"@type\":\"ListItem\",\"position\":3,\"name\":\"Freistehende rechteckige Badewanne 170&#215;75 cm wei\u00df VS165\"}]},{\"@type\":\"WebSite\",\"@id\":\"https:\/\/www.bagnoitalia.com\/de#website\",\"url\":\"https:\/\/www.bagnoitalia.com\/de\",\"name\":\"Bagno Italia\",\"description\":\"\",\"publisher\":{\"@id\":\"https:\/\/www.bagnoitalia.com\/de#organization\"},\"potentialAction\":[{\"@type\":\"SearchAction\",\"target\":{\"@type\":\"EntryPoint\",\"urlTemplate\":\"https:\/\/www.bagnoitalia.com\/de?s={search_term_string}\"},\"query-input\":{\"@type\":\"PropertyValueSpecification\",\"valueRequired\":true,\"valueName\":\"search_term_string\"}}],\"inLanguage\":\"de\"},{\"@type\":\"Organization\",\"@id\":\"https:\/\/www.bagnoitalia.com\/de#organization\",\"name\":\"Bagno Italia\",\"url\":\"https:\/\/www.bagnoitalia.com\/de\",\"logo\":{\"@type\":\"ImageObject\",\"inLanguage\":\"de\",\"@id\":\"https:\/\/www.bagnoitalia.com\/de#\/schema\/logo\/image\/\",\"url\":\"https:\/\/img.bagnoitalia.com\/wp-content\/uploads\/logo-bagnoitalia.webp\",\"contentUrl\":\"https:\/\/img.bagnoitalia.com\/wp-content\/uploads\/logo-bagnoitalia.webp\",\"width\":400,\"height\":70,\"caption\":\"Bagno Italia\"},\"image\":{\"@id\":\"https:\/\/www.bagnoitalia.com\/de#\/schema\/logo\/image\/\"}}]}<\/script>\n<!-- \/ Yoast SEO plugin. -->","yoast_head_json":{"title":"Freistehende rechteckige Badewanne 170x75 cm wei\u00df VS165 - Bagno Italia","robots":{"index":"index","follow":"follow","max-snippet":"max-snippet:-1","max-image-preview":"max-image-preview:large","max-video-preview":"max-video-preview:-1"},"canonical":"https:\/\/www.bagnoitalia.com\/de\/produkt\/freestanding-rectangular-170x75-cm-bathtub-white-vs165.html","og_locale":"de_DE","og_type":"article","og_title":"Freistehende rechteckige Badewanne 170x75 cm wei\u00df VS165 - Bagno Italia","og_description":"Rechteckige freistehende Badewanne mit abgerundeten Kanten. Sie ist ideal f\u00fcr den Einbau in der Mitte des Raumes und passt sowohl in klassische als auch in moderne Umgebungen. Es besteht auch die M\u00f6glichkeit, eine S\u00e4ulenmischung zu kombinieren, die in verschiedenen Ausf\u00fchrungen erh\u00e4ltlich ist.","og_url":"https:\/\/www.bagnoitalia.com\/de\/produkt\/freestanding-rectangular-170x75-cm-bathtub-white-vs165.html","og_site_name":"Bagno Italia","article_modified_time":"2025-03-14T14:03:23+00:00","og_image":[{"width":600,"height":600,"url":"https:\/\/img.bagnoitalia.com\/wp-content\/uploads\/1-228.webp","type":"image\/webp"}],"twitter_card":"summary_large_image","twitter_misc":{"Gesch\u00e4tzte Lesezeit":"1\u00a0Minute"},"schema":{"@context":"https:\/\/schema.org","@graph":[{"@type":"WebPage","@id":"https:\/\/www.bagnoitalia.com\/de\/produkt\/freestanding-rectangular-170x75-cm-bathtub-white-vs165.html","url":"https:\/\/www.bagnoitalia.com\/de\/produkt\/freestanding-rectangular-170x75-cm-bathtub-white-vs165.html","name":"Freistehende rechteckige Badewanne 170x75 cm wei\u00df VS165 - Bagno Italia","isPartOf":{"@id":"https:\/\/www.bagnoitalia.com\/de#website"},"primaryImageOfPage":{"@id":"https:\/\/www.bagnoitalia.com\/de\/produkt\/freestanding-rectangular-170x75-cm-bathtub-white-vs165.html#primaryimage"},"image":{"@id":"https:\/\/www.bagnoitalia.com\/de\/produkt\/freestanding-rectangular-170x75-cm-bathtub-white-vs165.html#primaryimage"},"thumbnailUrl":"https:\/\/img.bagnoitalia.com\/wp-content\/uploads\/1-228.webp","datePublished":"2025-03-14T14:01:58+00:00","dateModified":"2025-03-14T14:03:23+00:00","breadcrumb":{"@id":"https:\/\/www.bagnoitalia.com\/de\/produkt\/freestanding-rectangular-170x75-cm-bathtub-white-vs165.html#breadcrumb"},"inLanguage":"de","potentialAction":[{"@type":"ReadAction","target":["https:\/\/www.bagnoitalia.com\/de\/produkt\/freestanding-rectangular-170x75-cm-bathtub-white-vs165.html"]}]},{"@type":"ImageObject","inLanguage":"de","@id":"https:\/\/www.bagnoitalia.com\/de\/produkt\/freestanding-rectangular-170x75-cm-bathtub-white-vs165.html#primaryimage","url":"https:\/\/img.bagnoitalia.com\/wp-content\/uploads\/1-228.webp","contentUrl":"https:\/\/img.bagnoitalia.com\/wp-content\/uploads\/1-228.webp","width":600,"height":600},{"@type":"BreadcrumbList","@id":"https:\/\/www.bagnoitalia.com\/de\/produkt\/freestanding-rectangular-170x75-cm-bathtub-white-vs165.html#breadcrumb","itemListElement":[{"@type":"ListItem","position":1,"name":"Home","item":"https:\/\/www.bagnoitalia.com\/de"},{"@type":"ListItem","position":2,"name":"Produkte","item":"https:\/\/www.bagnoitalia.com\/de\/shop"},{"@type":"ListItem","position":3,"name":"Freistehende rechteckige Badewanne 170&#215;75 cm wei\u00df VS165"}]},{"@type":"WebSite","@id":"https:\/\/www.bagnoitalia.com\/de#website","url":"https:\/\/www.bagnoitalia.com\/de","name":"Bagno Italia","description":"","publisher":{"@id":"https:\/\/www.bagnoitalia.com\/de#organization"},"potentialAction":[{"@type":"SearchAction","target":{"@type":"EntryPoint","urlTemplate":"https:\/\/www.bagnoitalia.com\/de?s={search_term_string}"},"query-input":{"@type":"PropertyValueSpecification","valueRequired":true,"valueName":"search_term_string"}}],"inLanguage":"de"},{"@type":"Organization","@id":"https:\/\/www.bagnoitalia.com\/de#organization","name":"Bagno Italia","url":"https:\/\/www.bagnoitalia.com\/de","logo":{"@type":"ImageObject","inLanguage":"de","@id":"https:\/\/www.bagnoitalia.com\/de#\/schema\/logo\/image\/","url":"https:\/\/img.bagnoitalia.com\/wp-content\/uploads\/logo-bagnoitalia.webp","contentUrl":"https:\/\/img.bagnoitalia.com\/wp-content\/uploads\/logo-bagnoitalia.webp","width":400,"height":70,"caption":"Bagno Italia"},"image":{"@id":"https:\/\/www.bagnoitalia.com\/de#\/schema\/logo\/image\/"}}]}},"_links":{"self":[{"href":"https:\/\/www.bagnoitalia.com\/de\/wp-json\/wp\/v2\/product\/103906","targetHints":{"allow":["GET"]}}],"collection":[{"href":"https:\/\/www.bagnoitalia.com\/de\/wp-json\/wp\/v2\/product"}],"about":[{"href":"https:\/\/www.bagnoitalia.com\/de\/wp-json\/wp\/v2\/types\/product"}],"replies":[{"embeddable":true,"href":"https:\/\/www.bagnoitalia.com\/de\/wp-json\/wp\/v2\/comments?post=103906"}],"version-history":[{"count":1,"href":"https:\/\/www.bagnoitalia.com\/de\/wp-json\/wp\/v2\/product\/103906\/revisions"}],"predecessor-version":[{"id":103908,"href":"https:\/\/www.bagnoitalia.com\/de\/wp-json\/wp\/v2\/product\/103906\/revisions\/103908"}],"wp:featuredmedia":[{"embeddable":true,"href":"https:\/\/www.bagnoitalia.com\/de\/wp-json\/wp\/v2\/media\/103878"}],"wp:attachment":[{"href":"https:\/\/www.bagnoitalia.com\/de\/wp-json\/wp\/v2\/media?parent=103906"}],"wp:term":[{"taxonomy":"product_brand","embeddable":true,"href":"https:\/\/www.bagnoitalia.com\/de\/wp-json\/wp\/v2\/product_brand?post=103906"},{"taxonomy":"product_cat","embeddable":true,"href":"https:\/\/www.bagnoitalia.com\/de\/wp-json\/wp\/v2\/product_cat?post=103906"},{"taxonomy":"product_tag","embeddable":true,"href":"https:\/\/www.bagnoitalia.com\/de\/wp-json\/wp\/v2\/product_tag?post=103906"}],"curies":[{"name":"wp","href":"https:\/\/api.w.org\/{rel}","templated":true}]}}