{"id":103771,"date":"2025-03-11T14:57:47","date_gmt":"2025-03-11T13:57:47","guid":{"rendered":"https:\/\/www.bagnoitalia.com\/whirlpool-tub-170x80-cm-30-air-and-water-jets-bluetooth-heater-and-led-vs163.html"},"modified":"2025-05-13T10:23:57","modified_gmt":"2025-05-13T08:23:57","slug":"whirlpool-tub-170x80-cm-30-air-and-water-jets-bluetooth-heater-and-led-vs163","status":"publish","type":"product","link":"https:\/\/www.bagnoitalia.com\/de\/produkt\/whirlpool-tub-170x80-cm-30-air-and-water-jets-bluetooth-heater-and-led-vs163.html","title":{"rendered":"Whirlpool 170&#215;80 cm 30 Luft- und Wasserd\u00fcsen bluetooth Heizung und Led VS163"},"content":{"rendered":"<p>VOLL OPTIONAL 170x80cm &#8218;VS163&#8216; HYDROMASSAGE BATHTUB<\/p>\n<p>&nbsp;<\/p>\n<p>&nbsp;<\/p>\n<p>&nbsp;<\/p>\n<p>&nbsp;<\/p>\n<p>FEATURES<\/p>\n<p>Rechteckige Whirlpool-Badewanne<\/p>\n<p>Abmessungen: 170x80xH60 cm<\/p>\n<p>n.30 D\u00fcsen insgesamt<\/p>\n<p>16 Wasserd\u00fcsen<br \/>\n14 Luftd\u00fcsen am Boden der Wanne, beleuchtet (AIR-LED)<\/p>\n<p>Bluetooth-Verbindung<\/p>\n<p>Ozon-Therapie<\/p>\n<p>Thermostatische Heizung<\/p>\n<p>Chromotherapie (mit LEDs sowohl innerhalb als auch au\u00dferhalb der Wanne)<\/p>\n<p>Wasserh\u00e4hne<\/p>\n<p>LED-Touchscreen-Steuerungsdisplay<\/p>\n<p>Radio mit Surround-Lautsprechern<\/p>\n<p>2 Kopfst\u00fctzen-Kissen<\/p>\n<p>Stahlrahmen<\/p>\n<p>4-Schicht-Acrylplatten<\/p>\n<p>8 mm starke Seitenwand aus geh\u00e4rtetem Glas<\/p>\n<p>1,5-PS-Wasserpumpe<\/p>\n<p>0,25-PS-Luftpumpe<\/p>\n<p>Inklusive elektrischem Lebensretter<\/p>\n<p>Verst\u00e4rkte Rohrleitungen f\u00fcr die Wasserzirkulation<\/p>\n<p>Regler f\u00fcr Warm-\/Kaltwasser<\/p>\n<p>&nbsp;<\/p>\n<p>&nbsp;<\/p>\n<p>&nbsp;<\/p>\n<p>&nbsp;<\/p>\n<p>&nbsp;<\/p>\n<p>&nbsp;<\/p>\n<p>&nbsp;<\/p>\n","protected":false},"excerpt":{"rendered":"<p>Voll ausgestattete Whirlwanne mit doppeltem Airpool und Whirlpoolpumpe f\u00fcr insgesamt 30 D\u00fcsen: 14 Bodend\u00fcsen, luftgesteuerte, beleuchtete und 16 Wasserd\u00fcsen. Zu seinen Funktionen geh\u00f6ren Bluetooth-Verbindung, Farbtherapie, Heizung und Ozontherapie.<\/p>\n","protected":false},"featured_media":103739,"comment_status":"open","ping_status":"closed","template":"","meta":[],"product_brand":[9925],"product_cat":[9744,9708],"product_tag":[],"class_list":{"0":"post-103771","1":"product","2":"type-product","3":"status-publish","4":"has-post-thumbnail","6":"product_brand-predator-arredo-casa-de","7":"product_cat-ausenwhirlpool","8":"product_cat-whirlpool","10":"first","11":"instock","12":"sale","13":"taxable","14":"shipping-taxable","15":"purchasable","16":"product-type-simple"},"exclude_global_add_ons":[],"addons":[],"yoast_head":"<!-- This site is optimized with the Yoast SEO plugin v26.7 - https:\/\/yoast.com\/wordpress\/plugins\/seo\/ -->\n<title>Whirlpool 170x80 cm 30 Luft- und Wasserd\u00fcsen bluetooth Heizung und Led VS163 - Bagno Italia<\/title>\n<meta name=\"robots\" content=\"index, follow, max-snippet:-1, max-image-preview:large, max-video-preview:-1\" \/>\n<link rel=\"canonical\" href=\"https:\/\/www.bagnoitalia.com\/de\/produkt\/whirlpool-tub-170x80-cm-30-air-and-water-jets-bluetooth-heater-and-led-vs163.html\" \/>\n<meta property=\"og:locale\" content=\"de_DE\" \/>\n<meta property=\"og:type\" content=\"article\" \/>\n<meta property=\"og:title\" content=\"Whirlpool 170x80 cm 30 Luft- und Wasserd\u00fcsen bluetooth Heizung und Led VS163 - Bagno Italia\" \/>\n<meta property=\"og:description\" content=\"Voll ausgestattete Whirlwanne mit doppeltem Airpool und Whirlpoolpumpe f\u00fcr insgesamt 30 D\u00fcsen: 14 Bodend\u00fcsen, luftgesteuerte, beleuchtete und 16 Wasserd\u00fcsen. Zu seinen Funktionen geh\u00f6ren Bluetooth-Verbindung, Farbtherapie, Heizung und Ozontherapie.\" \/>\n<meta property=\"og:url\" content=\"https:\/\/www.bagnoitalia.com\/de\/produkt\/whirlpool-tub-170x80-cm-30-air-and-water-jets-bluetooth-heater-and-led-vs163.html\" \/>\n<meta property=\"og:site_name\" content=\"Bagno Italia\" \/>\n<meta property=\"article:modified_time\" content=\"2025-05-13T08:23:57+00:00\" \/>\n<meta property=\"og:image\" content=\"https:\/\/img.bagnoitalia.com\/wp-content\/uploads\/1-225.webp\" \/>\n\t<meta property=\"og:image:width\" content=\"627\" \/>\n\t<meta property=\"og:image:height\" content=\"628\" \/>\n\t<meta property=\"og:image:type\" content=\"image\/webp\" \/>\n<meta name=\"twitter:card\" content=\"summary_large_image\" \/>\n<meta name=\"twitter:label1\" content=\"Gesch\u00e4tzte Lesezeit\" \/>\n\t<meta name=\"twitter:data1\" content=\"1\u00a0Minute\" \/>\n<script type=\"application\/ld+json\" class=\"yoast-schema-graph\">{\"@context\":\"https:\/\/schema.org\",\"@graph\":[{\"@type\":\"WebPage\",\"@id\":\"https:\/\/www.bagnoitalia.com\/de\/produkt\/whirlpool-tub-170x80-cm-30-air-and-water-jets-bluetooth-heater-and-led-vs163.html\",\"url\":\"https:\/\/www.bagnoitalia.com\/de\/produkt\/whirlpool-tub-170x80-cm-30-air-and-water-jets-bluetooth-heater-and-led-vs163.html\",\"name\":\"Whirlpool 170x80 cm 30 Luft- und Wasserd\u00fcsen bluetooth Heizung und Led VS163 - Bagno Italia\",\"isPartOf\":{\"@id\":\"https:\/\/www.bagnoitalia.com\/de#website\"},\"primaryImageOfPage\":{\"@id\":\"https:\/\/www.bagnoitalia.com\/de\/produkt\/whirlpool-tub-170x80-cm-30-air-and-water-jets-bluetooth-heater-and-led-vs163.html#primaryimage\"},\"image\":{\"@id\":\"https:\/\/www.bagnoitalia.com\/de\/produkt\/whirlpool-tub-170x80-cm-30-air-and-water-jets-bluetooth-heater-and-led-vs163.html#primaryimage\"},\"thumbnailUrl\":\"https:\/\/img.bagnoitalia.com\/wp-content\/uploads\/1-225.webp\",\"datePublished\":\"2025-03-11T13:57:47+00:00\",\"dateModified\":\"2025-05-13T08:23:57+00:00\",\"breadcrumb\":{\"@id\":\"https:\/\/www.bagnoitalia.com\/de\/produkt\/whirlpool-tub-170x80-cm-30-air-and-water-jets-bluetooth-heater-and-led-vs163.html#breadcrumb\"},\"inLanguage\":\"de\",\"potentialAction\":[{\"@type\":\"ReadAction\",\"target\":[\"https:\/\/www.bagnoitalia.com\/de\/produkt\/whirlpool-tub-170x80-cm-30-air-and-water-jets-bluetooth-heater-and-led-vs163.html\"]}]},{\"@type\":\"ImageObject\",\"inLanguage\":\"de\",\"@id\":\"https:\/\/www.bagnoitalia.com\/de\/produkt\/whirlpool-tub-170x80-cm-30-air-and-water-jets-bluetooth-heater-and-led-vs163.html#primaryimage\",\"url\":\"https:\/\/img.bagnoitalia.com\/wp-content\/uploads\/1-225.webp\",\"contentUrl\":\"https:\/\/img.bagnoitalia.com\/wp-content\/uploads\/1-225.webp\",\"width\":627,\"height\":628},{\"@type\":\"BreadcrumbList\",\"@id\":\"https:\/\/www.bagnoitalia.com\/de\/produkt\/whirlpool-tub-170x80-cm-30-air-and-water-jets-bluetooth-heater-and-led-vs163.html#breadcrumb\",\"itemListElement\":[{\"@type\":\"ListItem\",\"position\":1,\"name\":\"Home\",\"item\":\"https:\/\/www.bagnoitalia.com\/de\"},{\"@type\":\"ListItem\",\"position\":2,\"name\":\"Produkte\",\"item\":\"https:\/\/www.bagnoitalia.com\/de\/shop\"},{\"@type\":\"ListItem\",\"position\":3,\"name\":\"Whirlpool 170&#215;80 cm 30 Luft- und Wasserd\u00fcsen bluetooth Heizung und Led VS163\"}]},{\"@type\":\"WebSite\",\"@id\":\"https:\/\/www.bagnoitalia.com\/de#website\",\"url\":\"https:\/\/www.bagnoitalia.com\/de\",\"name\":\"Bagno Italia\",\"description\":\"\",\"publisher\":{\"@id\":\"https:\/\/www.bagnoitalia.com\/de#organization\"},\"potentialAction\":[{\"@type\":\"SearchAction\",\"target\":{\"@type\":\"EntryPoint\",\"urlTemplate\":\"https:\/\/www.bagnoitalia.com\/de?s={search_term_string}\"},\"query-input\":{\"@type\":\"PropertyValueSpecification\",\"valueRequired\":true,\"valueName\":\"search_term_string\"}}],\"inLanguage\":\"de\"},{\"@type\":\"Organization\",\"@id\":\"https:\/\/www.bagnoitalia.com\/de#organization\",\"name\":\"Bagno Italia\",\"url\":\"https:\/\/www.bagnoitalia.com\/de\",\"logo\":{\"@type\":\"ImageObject\",\"inLanguage\":\"de\",\"@id\":\"https:\/\/www.bagnoitalia.com\/de#\/schema\/logo\/image\/\",\"url\":\"https:\/\/img.bagnoitalia.com\/wp-content\/uploads\/logo-bagnoitalia.webp\",\"contentUrl\":\"https:\/\/img.bagnoitalia.com\/wp-content\/uploads\/logo-bagnoitalia.webp\",\"width\":400,\"height\":70,\"caption\":\"Bagno Italia\"},\"image\":{\"@id\":\"https:\/\/www.bagnoitalia.com\/de#\/schema\/logo\/image\/\"}}]}<\/script>\n<!-- \/ Yoast SEO plugin. -->","yoast_head_json":{"title":"Whirlpool 170x80 cm 30 Luft- und Wasserd\u00fcsen bluetooth Heizung und Led VS163 - Bagno Italia","robots":{"index":"index","follow":"follow","max-snippet":"max-snippet:-1","max-image-preview":"max-image-preview:large","max-video-preview":"max-video-preview:-1"},"canonical":"https:\/\/www.bagnoitalia.com\/de\/produkt\/whirlpool-tub-170x80-cm-30-air-and-water-jets-bluetooth-heater-and-led-vs163.html","og_locale":"de_DE","og_type":"article","og_title":"Whirlpool 170x80 cm 30 Luft- und Wasserd\u00fcsen bluetooth Heizung und Led VS163 - Bagno Italia","og_description":"Voll ausgestattete Whirlwanne mit doppeltem Airpool und Whirlpoolpumpe f\u00fcr insgesamt 30 D\u00fcsen: 14 Bodend\u00fcsen, luftgesteuerte, beleuchtete und 16 Wasserd\u00fcsen. Zu seinen Funktionen geh\u00f6ren Bluetooth-Verbindung, Farbtherapie, Heizung und Ozontherapie.","og_url":"https:\/\/www.bagnoitalia.com\/de\/produkt\/whirlpool-tub-170x80-cm-30-air-and-water-jets-bluetooth-heater-and-led-vs163.html","og_site_name":"Bagno Italia","article_modified_time":"2025-05-13T08:23:57+00:00","og_image":[{"width":627,"height":628,"url":"https:\/\/img.bagnoitalia.com\/wp-content\/uploads\/1-225.webp","type":"image\/webp"}],"twitter_card":"summary_large_image","twitter_misc":{"Gesch\u00e4tzte Lesezeit":"1\u00a0Minute"},"schema":{"@context":"https:\/\/schema.org","@graph":[{"@type":"WebPage","@id":"https:\/\/www.bagnoitalia.com\/de\/produkt\/whirlpool-tub-170x80-cm-30-air-and-water-jets-bluetooth-heater-and-led-vs163.html","url":"https:\/\/www.bagnoitalia.com\/de\/produkt\/whirlpool-tub-170x80-cm-30-air-and-water-jets-bluetooth-heater-and-led-vs163.html","name":"Whirlpool 170x80 cm 30 Luft- und Wasserd\u00fcsen bluetooth Heizung und Led VS163 - Bagno Italia","isPartOf":{"@id":"https:\/\/www.bagnoitalia.com\/de#website"},"primaryImageOfPage":{"@id":"https:\/\/www.bagnoitalia.com\/de\/produkt\/whirlpool-tub-170x80-cm-30-air-and-water-jets-bluetooth-heater-and-led-vs163.html#primaryimage"},"image":{"@id":"https:\/\/www.bagnoitalia.com\/de\/produkt\/whirlpool-tub-170x80-cm-30-air-and-water-jets-bluetooth-heater-and-led-vs163.html#primaryimage"},"thumbnailUrl":"https:\/\/img.bagnoitalia.com\/wp-content\/uploads\/1-225.webp","datePublished":"2025-03-11T13:57:47+00:00","dateModified":"2025-05-13T08:23:57+00:00","breadcrumb":{"@id":"https:\/\/www.bagnoitalia.com\/de\/produkt\/whirlpool-tub-170x80-cm-30-air-and-water-jets-bluetooth-heater-and-led-vs163.html#breadcrumb"},"inLanguage":"de","potentialAction":[{"@type":"ReadAction","target":["https:\/\/www.bagnoitalia.com\/de\/produkt\/whirlpool-tub-170x80-cm-30-air-and-water-jets-bluetooth-heater-and-led-vs163.html"]}]},{"@type":"ImageObject","inLanguage":"de","@id":"https:\/\/www.bagnoitalia.com\/de\/produkt\/whirlpool-tub-170x80-cm-30-air-and-water-jets-bluetooth-heater-and-led-vs163.html#primaryimage","url":"https:\/\/img.bagnoitalia.com\/wp-content\/uploads\/1-225.webp","contentUrl":"https:\/\/img.bagnoitalia.com\/wp-content\/uploads\/1-225.webp","width":627,"height":628},{"@type":"BreadcrumbList","@id":"https:\/\/www.bagnoitalia.com\/de\/produkt\/whirlpool-tub-170x80-cm-30-air-and-water-jets-bluetooth-heater-and-led-vs163.html#breadcrumb","itemListElement":[{"@type":"ListItem","position":1,"name":"Home","item":"https:\/\/www.bagnoitalia.com\/de"},{"@type":"ListItem","position":2,"name":"Produkte","item":"https:\/\/www.bagnoitalia.com\/de\/shop"},{"@type":"ListItem","position":3,"name":"Whirlpool 170&#215;80 cm 30 Luft- und Wasserd\u00fcsen bluetooth Heizung und Led VS163"}]},{"@type":"WebSite","@id":"https:\/\/www.bagnoitalia.com\/de#website","url":"https:\/\/www.bagnoitalia.com\/de","name":"Bagno Italia","description":"","publisher":{"@id":"https:\/\/www.bagnoitalia.com\/de#organization"},"potentialAction":[{"@type":"SearchAction","target":{"@type":"EntryPoint","urlTemplate":"https:\/\/www.bagnoitalia.com\/de?s={search_term_string}"},"query-input":{"@type":"PropertyValueSpecification","valueRequired":true,"valueName":"search_term_string"}}],"inLanguage":"de"},{"@type":"Organization","@id":"https:\/\/www.bagnoitalia.com\/de#organization","name":"Bagno Italia","url":"https:\/\/www.bagnoitalia.com\/de","logo":{"@type":"ImageObject","inLanguage":"de","@id":"https:\/\/www.bagnoitalia.com\/de#\/schema\/logo\/image\/","url":"https:\/\/img.bagnoitalia.com\/wp-content\/uploads\/logo-bagnoitalia.webp","contentUrl":"https:\/\/img.bagnoitalia.com\/wp-content\/uploads\/logo-bagnoitalia.webp","width":400,"height":70,"caption":"Bagno Italia"},"image":{"@id":"https:\/\/www.bagnoitalia.com\/de#\/schema\/logo\/image\/"}}]}},"_links":{"self":[{"href":"https:\/\/www.bagnoitalia.com\/de\/wp-json\/wp\/v2\/product\/103771","targetHints":{"allow":["GET"]}}],"collection":[{"href":"https:\/\/www.bagnoitalia.com\/de\/wp-json\/wp\/v2\/product"}],"about":[{"href":"https:\/\/www.bagnoitalia.com\/de\/wp-json\/wp\/v2\/types\/product"}],"replies":[{"embeddable":true,"href":"https:\/\/www.bagnoitalia.com\/de\/wp-json\/wp\/v2\/comments?post=103771"}],"version-history":[{"count":2,"href":"https:\/\/www.bagnoitalia.com\/de\/wp-json\/wp\/v2\/product\/103771\/revisions"}],"predecessor-version":[{"id":107618,"href":"https:\/\/www.bagnoitalia.com\/de\/wp-json\/wp\/v2\/product\/103771\/revisions\/107618"}],"wp:featuredmedia":[{"embeddable":true,"href":"https:\/\/www.bagnoitalia.com\/de\/wp-json\/wp\/v2\/media\/103739"}],"wp:attachment":[{"href":"https:\/\/www.bagnoitalia.com\/de\/wp-json\/wp\/v2\/media?parent=103771"}],"wp:term":[{"taxonomy":"product_brand","embeddable":true,"href":"https:\/\/www.bagnoitalia.com\/de\/wp-json\/wp\/v2\/product_brand?post=103771"},{"taxonomy":"product_cat","embeddable":true,"href":"https:\/\/www.bagnoitalia.com\/de\/wp-json\/wp\/v2\/product_cat?post=103771"},{"taxonomy":"product_tag","embeddable":true,"href":"https:\/\/www.bagnoitalia.com\/de\/wp-json\/wp\/v2\/product_tag?post=103771"}],"curies":[{"name":"wp","href":"https:\/\/api.w.org\/{rel}","templated":true}]}}