{"id":103144,"date":"2025-02-27T15:44:36","date_gmt":"2025-02-27T14:44:36","guid":{"rendered":"https:\/\/www.bagnoitalia.com\/6-person-outdoor-finnish-barrel-sauna-189x220-cm-sn092.html"},"modified":"2025-10-01T10:57:44","modified_gmt":"2025-10-01T08:57:44","slug":"6-person-outdoor-finnish-barrel-sauna-189x220-cm-sn092","status":"publish","type":"product","link":"https:\/\/www.bagnoitalia.com\/de\/produkt\/6-person-outdoor-finnish-barrel-sauna-189x220-cm-sn092.html","title":{"rendered":"Finnische Fasssauna f\u00fcr 6 Personen im Freien 189&#215;220 cm SN092"},"content":{"rendered":"<p>6-Sitzer FINNISCHE SAUNA &#8218;SN092<\/p>\n<p>&nbsp;<\/p>\n<p>FEATURES und ZUBEH\u00d6R INKLUSIVE<\/p>\n<p>Au\u00dfensauna, f\u00fcr 6 Personen<\/p>\n<p>Typ: Finnische Sauna<\/p>\n<p>Form: fassf\u00f6rmig<\/p>\n<p>Mit 2 L\u00fcftungsl\u00f6chern, f\u00fcr optimale Luftzirkulation<\/p>\n<p>Komplett mit:<\/p>\n<p>&#8211; Herd mit Steinen<\/p>\n<p>&#8211; Eimer mit Sch\u00f6pfkelle<\/p>\n<p>&#8211; Thermometer<\/p>\n<p>&#8211; Sanduhr<\/p>\n<p>&nbsp;<\/p>\n<p>&nbsp;<\/p>\n<p>&nbsp;<\/p>\n<p>&nbsp;<\/p>\n<p>ABMESSUNGEN UND TECHNISCHE DATEN<\/p>\n<p>\u00c4u\u00dfere Abmessungen: 189xD220xH191,5 cm<\/p>\n<p>Innenma\u00dfe: 176,8xT193,8xH176,8 cm<\/p>\n<p>Bodenma\u00dfe: ca. 135&#215;190 cm<\/p>\n<p>W\u00e4nde 3,8 cm dick<\/p>\n<p>n.2 193,5&#215;48 cm Sitzpl\u00e4tze<\/p>\n<p>Fichtenholzstruktur<\/p>\n<p>6mm Glas<\/p>\n<p>Dach aus Asphalt<\/p>\n<p>8 kW Ofen<\/p>\n<p>H\u00f6chsttemperatur: 70-90\u00b0C<\/p>\n<p>Schneelast auf dem Dach: ca. 150 kg\/m2<\/p>\n<p>T\u00fcr\u00f6ffnungswinkel: 180<\/p>\n<p>Versorgungsspannung 220V+380V<\/p>\n<p>&nbsp;<\/p>\n<p>&nbsp;<\/p>\n<p>&nbsp;<\/p>\n<p>&nbsp;<\/p>\n<p>&nbsp;<\/p>\n<p>&nbsp;<\/p>\n<p>&nbsp;<\/p>\n<p>&nbsp;<\/p>\n<p>&nbsp;<\/p>\n<p>&nbsp;<\/p>\n<p>&nbsp;<\/p>\n<p>&nbsp;<\/p>\n<p>&nbsp;<\/p>\n<p>&nbsp;<\/p>\n<p>&nbsp;<\/p>\n<p>&nbsp;<\/p>\n<p>&nbsp;<\/p>\n<p>&nbsp;<\/p>\n<p>&nbsp;<\/p>\n<p>&nbsp;<\/p>\n<p>&nbsp;<\/p>\n<p>&nbsp;<\/p>\n<p>F50220<\/p>\n<p>&nbsp;<\/p>\n<p>&nbsp;<\/p>\n","protected":false},"excerpt":{"rendered":"<p>Finnische Sauna in Tonnenbauweise, geeignet f\u00fcr 6 Personen. Aus Fichtenholz gefertigt, inklusive: Ofen mit Steinen, Thermometer, Sanduhr und Eimer mit Sch\u00f6pfkelle.<\/p>\n","protected":false},"featured_media":115760,"comment_status":"open","ping_status":"closed","template":"","meta":[],"product_brand":[9943],"product_cat":[9732],"product_tag":[],"class_list":{"0":"post-103144","1":"product","2":"type-product","3":"status-publish","4":"has-post-thumbnail","6":"product_brand-sanotechnik-italia-de","7":"product_cat-finnische-sauna","9":"first","10":"instock","11":"sale","12":"taxable","13":"shipping-taxable","14":"purchasable","15":"product-type-simple"},"exclude_global_add_ons":[],"addons":[],"yoast_head":"<!-- This site is optimized with the Yoast SEO plugin v26.7 - https:\/\/yoast.com\/wordpress\/plugins\/seo\/ -->\n<title>Finnische Fasssauna f\u00fcr 6 Personen im Freien 189x220 cm SN092 - Bagno Italia<\/title>\n<meta name=\"robots\" content=\"index, follow, max-snippet:-1, max-image-preview:large, max-video-preview:-1\" \/>\n<link rel=\"canonical\" href=\"https:\/\/www.bagnoitalia.com\/de\/produkt\/6-person-outdoor-finnish-barrel-sauna-189x220-cm-sn092.html\" \/>\n<meta property=\"og:locale\" content=\"de_DE\" \/>\n<meta property=\"og:type\" content=\"article\" \/>\n<meta property=\"og:title\" content=\"Finnische Fasssauna f\u00fcr 6 Personen im Freien 189x220 cm SN092 - Bagno Italia\" \/>\n<meta property=\"og:description\" content=\"Finnische Sauna in Tonnenbauweise, geeignet f\u00fcr 6 Personen. Aus Fichtenholz gefertigt, inklusive: Ofen mit Steinen, Thermometer, Sanduhr und Eimer mit Sch\u00f6pfkelle.\" \/>\n<meta property=\"og:url\" content=\"https:\/\/www.bagnoitalia.com\/de\/produkt\/6-person-outdoor-finnish-barrel-sauna-189x220-cm-sn092.html\" \/>\n<meta property=\"og:site_name\" content=\"Bagno Italia\" \/>\n<meta property=\"article:modified_time\" content=\"2025-10-01T08:57:44+00:00\" \/>\n<meta property=\"og:image\" content=\"https:\/\/img.bagnoitalia.com\/wp-content\/uploads\/1-210.webp\" \/>\n\t<meta property=\"og:image:width\" content=\"1000\" \/>\n\t<meta property=\"og:image:height\" content=\"1000\" \/>\n\t<meta property=\"og:image:type\" content=\"image\/webp\" \/>\n<meta name=\"twitter:card\" content=\"summary_large_image\" \/>\n<meta name=\"twitter:label1\" content=\"Gesch\u00e4tzte Lesezeit\" \/>\n\t<meta name=\"twitter:data1\" content=\"1\u00a0Minute\" \/>\n<script type=\"application\/ld+json\" class=\"yoast-schema-graph\">{\"@context\":\"https:\/\/schema.org\",\"@graph\":[{\"@type\":\"WebPage\",\"@id\":\"https:\/\/www.bagnoitalia.com\/de\/produkt\/6-person-outdoor-finnish-barrel-sauna-189x220-cm-sn092.html\",\"url\":\"https:\/\/www.bagnoitalia.com\/de\/produkt\/6-person-outdoor-finnish-barrel-sauna-189x220-cm-sn092.html\",\"name\":\"Finnische Fasssauna f\u00fcr 6 Personen im Freien 189x220 cm SN092 - Bagno Italia\",\"isPartOf\":{\"@id\":\"https:\/\/www.bagnoitalia.com\/de#website\"},\"primaryImageOfPage\":{\"@id\":\"https:\/\/www.bagnoitalia.com\/de\/produkt\/6-person-outdoor-finnish-barrel-sauna-189x220-cm-sn092.html#primaryimage\"},\"image\":{\"@id\":\"https:\/\/www.bagnoitalia.com\/de\/produkt\/6-person-outdoor-finnish-barrel-sauna-189x220-cm-sn092.html#primaryimage\"},\"thumbnailUrl\":\"https:\/\/img.bagnoitalia.com\/wp-content\/uploads\/sauna-finlandese-botte-189x220-cm-sn092-dettagli.jpg\",\"datePublished\":\"2025-02-27T14:44:36+00:00\",\"dateModified\":\"2025-10-01T08:57:44+00:00\",\"breadcrumb\":{\"@id\":\"https:\/\/www.bagnoitalia.com\/de\/produkt\/6-person-outdoor-finnish-barrel-sauna-189x220-cm-sn092.html#breadcrumb\"},\"inLanguage\":\"de\",\"potentialAction\":[{\"@type\":\"ReadAction\",\"target\":[\"https:\/\/www.bagnoitalia.com\/de\/produkt\/6-person-outdoor-finnish-barrel-sauna-189x220-cm-sn092.html\"]}]},{\"@type\":\"ImageObject\",\"inLanguage\":\"de\",\"@id\":\"https:\/\/www.bagnoitalia.com\/de\/produkt\/6-person-outdoor-finnish-barrel-sauna-189x220-cm-sn092.html#primaryimage\",\"url\":\"https:\/\/img.bagnoitalia.com\/wp-content\/uploads\/sauna-finlandese-botte-189x220-cm-sn092-dettagli.jpg\",\"contentUrl\":\"https:\/\/img.bagnoitalia.com\/wp-content\/uploads\/sauna-finlandese-botte-189x220-cm-sn092-dettagli.jpg\",\"width\":999,\"height\":1000},{\"@type\":\"BreadcrumbList\",\"@id\":\"https:\/\/www.bagnoitalia.com\/de\/produkt\/6-person-outdoor-finnish-barrel-sauna-189x220-cm-sn092.html#breadcrumb\",\"itemListElement\":[{\"@type\":\"ListItem\",\"position\":1,\"name\":\"Home\",\"item\":\"https:\/\/www.bagnoitalia.com\/de\"},{\"@type\":\"ListItem\",\"position\":2,\"name\":\"Produkte\",\"item\":\"https:\/\/www.bagnoitalia.com\/de\/shop\"},{\"@type\":\"ListItem\",\"position\":3,\"name\":\"Finnische Fasssauna f\u00fcr 6 Personen im Freien 189&#215;220 cm SN092\"}]},{\"@type\":\"WebSite\",\"@id\":\"https:\/\/www.bagnoitalia.com\/de#website\",\"url\":\"https:\/\/www.bagnoitalia.com\/de\",\"name\":\"Bagno Italia\",\"description\":\"\",\"publisher\":{\"@id\":\"https:\/\/www.bagnoitalia.com\/de#organization\"},\"potentialAction\":[{\"@type\":\"SearchAction\",\"target\":{\"@type\":\"EntryPoint\",\"urlTemplate\":\"https:\/\/www.bagnoitalia.com\/de?s={search_term_string}\"},\"query-input\":{\"@type\":\"PropertyValueSpecification\",\"valueRequired\":true,\"valueName\":\"search_term_string\"}}],\"inLanguage\":\"de\"},{\"@type\":\"Organization\",\"@id\":\"https:\/\/www.bagnoitalia.com\/de#organization\",\"name\":\"Bagno Italia\",\"url\":\"https:\/\/www.bagnoitalia.com\/de\",\"logo\":{\"@type\":\"ImageObject\",\"inLanguage\":\"de\",\"@id\":\"https:\/\/www.bagnoitalia.com\/de#\/schema\/logo\/image\/\",\"url\":\"https:\/\/img.bagnoitalia.com\/wp-content\/uploads\/logo-bagnoitalia.webp\",\"contentUrl\":\"https:\/\/img.bagnoitalia.com\/wp-content\/uploads\/logo-bagnoitalia.webp\",\"width\":400,\"height\":70,\"caption\":\"Bagno Italia\"},\"image\":{\"@id\":\"https:\/\/www.bagnoitalia.com\/de#\/schema\/logo\/image\/\"}}]}<\/script>\n<!-- \/ Yoast SEO plugin. -->","yoast_head_json":{"title":"Finnische Fasssauna f\u00fcr 6 Personen im Freien 189x220 cm SN092 - Bagno Italia","robots":{"index":"index","follow":"follow","max-snippet":"max-snippet:-1","max-image-preview":"max-image-preview:large","max-video-preview":"max-video-preview:-1"},"canonical":"https:\/\/www.bagnoitalia.com\/de\/produkt\/6-person-outdoor-finnish-barrel-sauna-189x220-cm-sn092.html","og_locale":"de_DE","og_type":"article","og_title":"Finnische Fasssauna f\u00fcr 6 Personen im Freien 189x220 cm SN092 - Bagno Italia","og_description":"Finnische Sauna in Tonnenbauweise, geeignet f\u00fcr 6 Personen. Aus Fichtenholz gefertigt, inklusive: Ofen mit Steinen, Thermometer, Sanduhr und Eimer mit Sch\u00f6pfkelle.","og_url":"https:\/\/www.bagnoitalia.com\/de\/produkt\/6-person-outdoor-finnish-barrel-sauna-189x220-cm-sn092.html","og_site_name":"Bagno Italia","article_modified_time":"2025-10-01T08:57:44+00:00","og_image":[{"width":1000,"height":1000,"url":"https:\/\/img.bagnoitalia.com\/wp-content\/uploads\/1-210.webp","type":"image\/webp"}],"twitter_card":"summary_large_image","twitter_misc":{"Gesch\u00e4tzte Lesezeit":"1\u00a0Minute"},"schema":{"@context":"https:\/\/schema.org","@graph":[{"@type":"WebPage","@id":"https:\/\/www.bagnoitalia.com\/de\/produkt\/6-person-outdoor-finnish-barrel-sauna-189x220-cm-sn092.html","url":"https:\/\/www.bagnoitalia.com\/de\/produkt\/6-person-outdoor-finnish-barrel-sauna-189x220-cm-sn092.html","name":"Finnische Fasssauna f\u00fcr 6 Personen im Freien 189x220 cm SN092 - Bagno Italia","isPartOf":{"@id":"https:\/\/www.bagnoitalia.com\/de#website"},"primaryImageOfPage":{"@id":"https:\/\/www.bagnoitalia.com\/de\/produkt\/6-person-outdoor-finnish-barrel-sauna-189x220-cm-sn092.html#primaryimage"},"image":{"@id":"https:\/\/www.bagnoitalia.com\/de\/produkt\/6-person-outdoor-finnish-barrel-sauna-189x220-cm-sn092.html#primaryimage"},"thumbnailUrl":"https:\/\/img.bagnoitalia.com\/wp-content\/uploads\/sauna-finlandese-botte-189x220-cm-sn092-dettagli.jpg","datePublished":"2025-02-27T14:44:36+00:00","dateModified":"2025-10-01T08:57:44+00:00","breadcrumb":{"@id":"https:\/\/www.bagnoitalia.com\/de\/produkt\/6-person-outdoor-finnish-barrel-sauna-189x220-cm-sn092.html#breadcrumb"},"inLanguage":"de","potentialAction":[{"@type":"ReadAction","target":["https:\/\/www.bagnoitalia.com\/de\/produkt\/6-person-outdoor-finnish-barrel-sauna-189x220-cm-sn092.html"]}]},{"@type":"ImageObject","inLanguage":"de","@id":"https:\/\/www.bagnoitalia.com\/de\/produkt\/6-person-outdoor-finnish-barrel-sauna-189x220-cm-sn092.html#primaryimage","url":"https:\/\/img.bagnoitalia.com\/wp-content\/uploads\/sauna-finlandese-botte-189x220-cm-sn092-dettagli.jpg","contentUrl":"https:\/\/img.bagnoitalia.com\/wp-content\/uploads\/sauna-finlandese-botte-189x220-cm-sn092-dettagli.jpg","width":999,"height":1000},{"@type":"BreadcrumbList","@id":"https:\/\/www.bagnoitalia.com\/de\/produkt\/6-person-outdoor-finnish-barrel-sauna-189x220-cm-sn092.html#breadcrumb","itemListElement":[{"@type":"ListItem","position":1,"name":"Home","item":"https:\/\/www.bagnoitalia.com\/de"},{"@type":"ListItem","position":2,"name":"Produkte","item":"https:\/\/www.bagnoitalia.com\/de\/shop"},{"@type":"ListItem","position":3,"name":"Finnische Fasssauna f\u00fcr 6 Personen im Freien 189&#215;220 cm SN092"}]},{"@type":"WebSite","@id":"https:\/\/www.bagnoitalia.com\/de#website","url":"https:\/\/www.bagnoitalia.com\/de","name":"Bagno Italia","description":"","publisher":{"@id":"https:\/\/www.bagnoitalia.com\/de#organization"},"potentialAction":[{"@type":"SearchAction","target":{"@type":"EntryPoint","urlTemplate":"https:\/\/www.bagnoitalia.com\/de?s={search_term_string}"},"query-input":{"@type":"PropertyValueSpecification","valueRequired":true,"valueName":"search_term_string"}}],"inLanguage":"de"},{"@type":"Organization","@id":"https:\/\/www.bagnoitalia.com\/de#organization","name":"Bagno Italia","url":"https:\/\/www.bagnoitalia.com\/de","logo":{"@type":"ImageObject","inLanguage":"de","@id":"https:\/\/www.bagnoitalia.com\/de#\/schema\/logo\/image\/","url":"https:\/\/img.bagnoitalia.com\/wp-content\/uploads\/logo-bagnoitalia.webp","contentUrl":"https:\/\/img.bagnoitalia.com\/wp-content\/uploads\/logo-bagnoitalia.webp","width":400,"height":70,"caption":"Bagno Italia"},"image":{"@id":"https:\/\/www.bagnoitalia.com\/de#\/schema\/logo\/image\/"}}]}},"_links":{"self":[{"href":"https:\/\/www.bagnoitalia.com\/de\/wp-json\/wp\/v2\/product\/103144","targetHints":{"allow":["GET"]}}],"collection":[{"href":"https:\/\/www.bagnoitalia.com\/de\/wp-json\/wp\/v2\/product"}],"about":[{"href":"https:\/\/www.bagnoitalia.com\/de\/wp-json\/wp\/v2\/types\/product"}],"replies":[{"embeddable":true,"href":"https:\/\/www.bagnoitalia.com\/de\/wp-json\/wp\/v2\/comments?post=103144"}],"version-history":[{"count":3,"href":"https:\/\/www.bagnoitalia.com\/de\/wp-json\/wp\/v2\/product\/103144\/revisions"}],"predecessor-version":[{"id":112160,"href":"https:\/\/www.bagnoitalia.com\/de\/wp-json\/wp\/v2\/product\/103144\/revisions\/112160"}],"wp:featuredmedia":[{"embeddable":true,"href":"https:\/\/www.bagnoitalia.com\/de\/wp-json\/wp\/v2\/media\/115760"}],"wp:attachment":[{"href":"https:\/\/www.bagnoitalia.com\/de\/wp-json\/wp\/v2\/media?parent=103144"}],"wp:term":[{"taxonomy":"product_brand","embeddable":true,"href":"https:\/\/www.bagnoitalia.com\/de\/wp-json\/wp\/v2\/product_brand?post=103144"},{"taxonomy":"product_cat","embeddable":true,"href":"https:\/\/www.bagnoitalia.com\/de\/wp-json\/wp\/v2\/product_cat?post=103144"},{"taxonomy":"product_tag","embeddable":true,"href":"https:\/\/www.bagnoitalia.com\/de\/wp-json\/wp\/v2\/product_tag?post=103144"}],"curies":[{"name":"wp","href":"https:\/\/api.w.org\/{rel}","templated":true}]}}