{"id":102807,"date":"2025-02-24T15:06:12","date_gmt":"2025-02-24T14:06:12","guid":{"rendered":"https:\/\/www.bagnoitalia.com\/whirlpool-cabin-with-white-or-black-120x90-cm-bottom-and-quick-line-system-cb099.html"},"modified":"2026-04-07T12:09:58","modified_gmt":"2026-04-07T10:09:58","slug":"whirlpool-cabin-with-white-or-black-120x90-cm-bottom-and-quick-line-system-cb099","status":"publish","type":"product","link":"https:\/\/www.bagnoitalia.com\/de\/produkt\/whirlpool-cabin-with-white-or-black-120x90-cm-bottom-and-quick-line-system-cb099.html","title":{"rendered":"Whirlpool-Kabine mit wei\u00dfem oder schwarzem Boden 120&#215;90 cm und Quick-Line-System CB099"},"content":{"rendered":"<p>Quick-line Whirlpool-Duschabtrennung CB099<\/p>\n<p>&nbsp;<\/p>\n<p>&nbsp;<\/p>\n<p>&nbsp;<\/p>\n<p>DETAILS ZUM PRODUKT<\/p>\n<p>&nbsp;<\/p>\n<p>Whirlpool-Kabine 120xP90xH215 cm<\/p>\n<p>erh\u00e4ltlich in zwei Ausf\u00fchrungen<\/p>\n<p>wei\u00dfes hinteres Glas und mattschwarze Profile<br \/>\nSchwarzes hinteres Glas und chromfarbene Profile<\/p>\n<p>W\u00e4hlen Sie den Typ \u00fcber das Men\u00fc oben<\/p>\n<p>Mit 14 cm hoher Duschwanne<\/p>\n<p>Ausgestattet mit einem Massagestrahl<\/p>\n<p>Glasdach mit Wasserspeier, LED-Beleuchtung, Ventilator und Lautsprecher<\/p>\n<p>Seitliche Dusche<\/p>\n<p>Ablage f\u00fcr Flaschenhalter<\/p>\n<p>5 mm-Schiebet\u00fcr<\/p>\n<p>Aluminium-Profile<\/p>\n<p>ABS-Griff (in der gleichen Farbe wie die Profile)<\/p>\n<p>Touchscreen-Bedienfeld mit Radio<\/p>\n<p>Quick-Line Schnellmontagesystem<\/p>\n<p>&nbsp;<\/p>\n<p>Schnelle Montage in 5 Minuten innovatives Quick-Line-System, Video:<\/p>\n<div class=\"video-container\"><iframe title=\"Montaggio rapido cabina idromassaggio Bagno Italia sistema Quick Line\" width=\"1170\" height=\"658\" src=\"https:\/\/www.youtube.com\/embed\/t6U-M3CwurE?feature=oembed\" frameborder=\"0\" allow=\"accelerometer; autoplay; clipboard-write; encrypted-media; gyroscope; picture-in-picture; web-share\" referrerpolicy=\"strict-origin-when-cross-origin\" allowfullscreen><\/iframe><\/div>\n<p>&nbsp;<\/p>\n<p>&nbsp;<\/p>\n<p>&nbsp;<\/p>\n<p>&nbsp;<\/p>\n<p>&nbsp;<\/p>\n<p>&nbsp;<\/p>\n<p>&nbsp;<\/p>\n<p>&nbsp;<\/p>\n<p>&nbsp;<\/p>\n<p>&nbsp;<\/p>\n<p>&nbsp;<\/p>\n<p>&nbsp;<\/p>\n<p>&nbsp;<\/p>\n<p>&nbsp;<\/p>\n<p>CL22<br \/>\nCL22B<\/p>\n<p>&nbsp;<\/p>\n<p>&nbsp;<\/p>\n","protected":false},"excerpt":{"rendered":"<p>Duschabtrennung 120x90xH215 cm mit einem Hydromassagestrahl, Duschwanne, LED-Licht, Radio und Lautsprecher. \u00c4sthetik zur Auswahl zwischen zwei Typen: mit wei\u00dfem R\u00fcckglas und mattschwarzen Aluminiumprofilen oder mit schwarzem R\u00fcckglas und verchromten Aluminiumprofilen.<\/p>\n","protected":false},"featured_media":102723,"comment_status":"open","ping_status":"closed","template":"","meta":[],"product_brand":[9943],"product_cat":[9736],"product_tag":[],"class_list":{"0":"post-102807","1":"product","2":"type-product","3":"status-publish","4":"has-post-thumbnail","6":"product_brand-sanotechnik-italia-de","7":"product_cat-whirlpool-duschkabine","9":"first","10":"instock","11":"sale","12":"taxable","13":"shipping-taxable","14":"purchasable","15":"product-type-simple"},"exclude_global_add_ons":false,"addons":[{"name":"Typ","type":"multiple_choice","position":0,"required":false,"title_format":"label","default":"","description_enable":false,"description":"","placeholder_enable":false,"placeholder":"","display":"select","restrictions_type":"any_text","adjust_price":false,"price":"","price_type":"flat_fee","restrictions":false,"min":"0","max":"0","options":[{"label":"(Verf\u00fcgbar ab Mitte Mai) mit schwarzer Heckscheibe und Chromprofilen","price":"","price_type":"flat_fee","image":0,"visibility":true},{"label":"(Verf\u00fcgbar ab Mitte Mai) mit wei\u00dfer Heckscheibe und schwarzen Profilen","price":"20","price_type":"flat_fee","image":0,"visibility":true}],"id":1740409573}],"yoast_head":"<!-- This site is optimized with the Yoast SEO plugin v26.7 - https:\/\/yoast.com\/wordpress\/plugins\/seo\/ -->\n<title>Whirlpool-Kabine mit wei\u00dfem oder schwarzem Boden 120x90 cm und Quick-Line-System CB099 - Bagno Italia<\/title>\n<meta name=\"robots\" content=\"index, follow, max-snippet:-1, max-image-preview:large, max-video-preview:-1\" \/>\n<link rel=\"canonical\" href=\"https:\/\/www.bagnoitalia.com\/de\/produkt\/whirlpool-cabin-with-white-or-black-120x90-cm-bottom-and-quick-line-system-cb099.html\" \/>\n<meta property=\"og:locale\" content=\"de_DE\" \/>\n<meta property=\"og:type\" content=\"article\" \/>\n<meta property=\"og:title\" content=\"Whirlpool-Kabine mit wei\u00dfem oder schwarzem Boden 120x90 cm und Quick-Line-System CB099 - Bagno Italia\" \/>\n<meta property=\"og:description\" content=\"Duschabtrennung 120x90xH215 cm mit einem Hydromassagestrahl, Duschwanne, LED-Licht, Radio und Lautsprecher. \u00c4sthetik zur Auswahl zwischen zwei Typen: mit wei\u00dfem R\u00fcckglas und mattschwarzen Aluminiumprofilen oder mit schwarzem R\u00fcckglas und verchromten Aluminiumprofilen.\" \/>\n<meta property=\"og:url\" content=\"https:\/\/www.bagnoitalia.com\/de\/produkt\/whirlpool-cabin-with-white-or-black-120x90-cm-bottom-and-quick-line-system-cb099.html\" \/>\n<meta property=\"og:site_name\" content=\"Bagno Italia\" \/>\n<meta property=\"article:modified_time\" content=\"2026-04-07T10:09:58+00:00\" \/>\n<meta property=\"og:image\" content=\"https:\/\/img.bagnoitalia.com\/wp-content\/uploads\/1-193.webp\" \/>\n\t<meta property=\"og:image:width\" content=\"1000\" \/>\n\t<meta property=\"og:image:height\" content=\"1000\" \/>\n\t<meta property=\"og:image:type\" content=\"image\/webp\" \/>\n<meta name=\"twitter:card\" content=\"summary_large_image\" \/>\n<meta name=\"twitter:label1\" content=\"Gesch\u00e4tzte Lesezeit\" \/>\n\t<meta name=\"twitter:data1\" content=\"1\u00a0Minute\" \/>\n<script type=\"application\/ld+json\" class=\"yoast-schema-graph\">{\"@context\":\"https:\/\/schema.org\",\"@graph\":[{\"@type\":\"WebPage\",\"@id\":\"https:\/\/www.bagnoitalia.com\/de\/produkt\/whirlpool-cabin-with-white-or-black-120x90-cm-bottom-and-quick-line-system-cb099.html\",\"url\":\"https:\/\/www.bagnoitalia.com\/de\/produkt\/whirlpool-cabin-with-white-or-black-120x90-cm-bottom-and-quick-line-system-cb099.html\",\"name\":\"Whirlpool-Kabine mit wei\u00dfem oder schwarzem Boden 120x90 cm und Quick-Line-System CB099 - Bagno Italia\",\"isPartOf\":{\"@id\":\"https:\/\/www.bagnoitalia.com\/de#website\"},\"primaryImageOfPage\":{\"@id\":\"https:\/\/www.bagnoitalia.com\/de\/produkt\/whirlpool-cabin-with-white-or-black-120x90-cm-bottom-and-quick-line-system-cb099.html#primaryimage\"},\"image\":{\"@id\":\"https:\/\/www.bagnoitalia.com\/de\/produkt\/whirlpool-cabin-with-white-or-black-120x90-cm-bottom-and-quick-line-system-cb099.html#primaryimage\"},\"thumbnailUrl\":\"https:\/\/img.bagnoitalia.com\/wp-content\/uploads\/1-193.webp\",\"datePublished\":\"2025-02-24T14:06:12+00:00\",\"dateModified\":\"2026-04-07T10:09:58+00:00\",\"breadcrumb\":{\"@id\":\"https:\/\/www.bagnoitalia.com\/de\/produkt\/whirlpool-cabin-with-white-or-black-120x90-cm-bottom-and-quick-line-system-cb099.html#breadcrumb\"},\"inLanguage\":\"de\",\"potentialAction\":[{\"@type\":\"ReadAction\",\"target\":[\"https:\/\/www.bagnoitalia.com\/de\/produkt\/whirlpool-cabin-with-white-or-black-120x90-cm-bottom-and-quick-line-system-cb099.html\"]}]},{\"@type\":\"ImageObject\",\"inLanguage\":\"de\",\"@id\":\"https:\/\/www.bagnoitalia.com\/de\/produkt\/whirlpool-cabin-with-white-or-black-120x90-cm-bottom-and-quick-line-system-cb099.html#primaryimage\",\"url\":\"https:\/\/img.bagnoitalia.com\/wp-content\/uploads\/1-193.webp\",\"contentUrl\":\"https:\/\/img.bagnoitalia.com\/wp-content\/uploads\/1-193.webp\",\"width\":1000,\"height\":1000},{\"@type\":\"BreadcrumbList\",\"@id\":\"https:\/\/www.bagnoitalia.com\/de\/produkt\/whirlpool-cabin-with-white-or-black-120x90-cm-bottom-and-quick-line-system-cb099.html#breadcrumb\",\"itemListElement\":[{\"@type\":\"ListItem\",\"position\":1,\"name\":\"Home\",\"item\":\"https:\/\/www.bagnoitalia.com\/de\"},{\"@type\":\"ListItem\",\"position\":2,\"name\":\"Produkte\",\"item\":\"https:\/\/www.bagnoitalia.com\/de\/shop\"},{\"@type\":\"ListItem\",\"position\":3,\"name\":\"Whirlpool-Kabine mit wei\u00dfem oder schwarzem Boden 120&#215;90 cm und Quick-Line-System CB099\"}]},{\"@type\":\"WebSite\",\"@id\":\"https:\/\/www.bagnoitalia.com\/de#website\",\"url\":\"https:\/\/www.bagnoitalia.com\/de\",\"name\":\"Bagno Italia\",\"description\":\"\",\"publisher\":{\"@id\":\"https:\/\/www.bagnoitalia.com\/de#organization\"},\"potentialAction\":[{\"@type\":\"SearchAction\",\"target\":{\"@type\":\"EntryPoint\",\"urlTemplate\":\"https:\/\/www.bagnoitalia.com\/de?s={search_term_string}\"},\"query-input\":{\"@type\":\"PropertyValueSpecification\",\"valueRequired\":true,\"valueName\":\"search_term_string\"}}],\"inLanguage\":\"de\"},{\"@type\":\"Organization\",\"@id\":\"https:\/\/www.bagnoitalia.com\/de#organization\",\"name\":\"Bagno Italia\",\"url\":\"https:\/\/www.bagnoitalia.com\/de\",\"logo\":{\"@type\":\"ImageObject\",\"inLanguage\":\"de\",\"@id\":\"https:\/\/www.bagnoitalia.com\/de#\/schema\/logo\/image\/\",\"url\":\"https:\/\/img.bagnoitalia.com\/wp-content\/uploads\/logo-bagnoitalia.webp\",\"contentUrl\":\"https:\/\/img.bagnoitalia.com\/wp-content\/uploads\/logo-bagnoitalia.webp\",\"width\":400,\"height\":70,\"caption\":\"Bagno Italia\"},\"image\":{\"@id\":\"https:\/\/www.bagnoitalia.com\/de#\/schema\/logo\/image\/\"}}]}<\/script>\n<!-- \/ Yoast SEO plugin. -->","yoast_head_json":{"title":"Whirlpool-Kabine mit wei\u00dfem oder schwarzem Boden 120x90 cm und Quick-Line-System CB099 - Bagno Italia","robots":{"index":"index","follow":"follow","max-snippet":"max-snippet:-1","max-image-preview":"max-image-preview:large","max-video-preview":"max-video-preview:-1"},"canonical":"https:\/\/www.bagnoitalia.com\/de\/produkt\/whirlpool-cabin-with-white-or-black-120x90-cm-bottom-and-quick-line-system-cb099.html","og_locale":"de_DE","og_type":"article","og_title":"Whirlpool-Kabine mit wei\u00dfem oder schwarzem Boden 120x90 cm und Quick-Line-System CB099 - Bagno Italia","og_description":"Duschabtrennung 120x90xH215 cm mit einem Hydromassagestrahl, Duschwanne, LED-Licht, Radio und Lautsprecher. \u00c4sthetik zur Auswahl zwischen zwei Typen: mit wei\u00dfem R\u00fcckglas und mattschwarzen Aluminiumprofilen oder mit schwarzem R\u00fcckglas und verchromten Aluminiumprofilen.","og_url":"https:\/\/www.bagnoitalia.com\/de\/produkt\/whirlpool-cabin-with-white-or-black-120x90-cm-bottom-and-quick-line-system-cb099.html","og_site_name":"Bagno Italia","article_modified_time":"2026-04-07T10:09:58+00:00","og_image":[{"width":1000,"height":1000,"url":"https:\/\/img.bagnoitalia.com\/wp-content\/uploads\/1-193.webp","type":"image\/webp"}],"twitter_card":"summary_large_image","twitter_misc":{"Gesch\u00e4tzte Lesezeit":"1\u00a0Minute"},"schema":{"@context":"https:\/\/schema.org","@graph":[{"@type":"WebPage","@id":"https:\/\/www.bagnoitalia.com\/de\/produkt\/whirlpool-cabin-with-white-or-black-120x90-cm-bottom-and-quick-line-system-cb099.html","url":"https:\/\/www.bagnoitalia.com\/de\/produkt\/whirlpool-cabin-with-white-or-black-120x90-cm-bottom-and-quick-line-system-cb099.html","name":"Whirlpool-Kabine mit wei\u00dfem oder schwarzem Boden 120x90 cm und Quick-Line-System CB099 - Bagno Italia","isPartOf":{"@id":"https:\/\/www.bagnoitalia.com\/de#website"},"primaryImageOfPage":{"@id":"https:\/\/www.bagnoitalia.com\/de\/produkt\/whirlpool-cabin-with-white-or-black-120x90-cm-bottom-and-quick-line-system-cb099.html#primaryimage"},"image":{"@id":"https:\/\/www.bagnoitalia.com\/de\/produkt\/whirlpool-cabin-with-white-or-black-120x90-cm-bottom-and-quick-line-system-cb099.html#primaryimage"},"thumbnailUrl":"https:\/\/img.bagnoitalia.com\/wp-content\/uploads\/1-193.webp","datePublished":"2025-02-24T14:06:12+00:00","dateModified":"2026-04-07T10:09:58+00:00","breadcrumb":{"@id":"https:\/\/www.bagnoitalia.com\/de\/produkt\/whirlpool-cabin-with-white-or-black-120x90-cm-bottom-and-quick-line-system-cb099.html#breadcrumb"},"inLanguage":"de","potentialAction":[{"@type":"ReadAction","target":["https:\/\/www.bagnoitalia.com\/de\/produkt\/whirlpool-cabin-with-white-or-black-120x90-cm-bottom-and-quick-line-system-cb099.html"]}]},{"@type":"ImageObject","inLanguage":"de","@id":"https:\/\/www.bagnoitalia.com\/de\/produkt\/whirlpool-cabin-with-white-or-black-120x90-cm-bottom-and-quick-line-system-cb099.html#primaryimage","url":"https:\/\/img.bagnoitalia.com\/wp-content\/uploads\/1-193.webp","contentUrl":"https:\/\/img.bagnoitalia.com\/wp-content\/uploads\/1-193.webp","width":1000,"height":1000},{"@type":"BreadcrumbList","@id":"https:\/\/www.bagnoitalia.com\/de\/produkt\/whirlpool-cabin-with-white-or-black-120x90-cm-bottom-and-quick-line-system-cb099.html#breadcrumb","itemListElement":[{"@type":"ListItem","position":1,"name":"Home","item":"https:\/\/www.bagnoitalia.com\/de"},{"@type":"ListItem","position":2,"name":"Produkte","item":"https:\/\/www.bagnoitalia.com\/de\/shop"},{"@type":"ListItem","position":3,"name":"Whirlpool-Kabine mit wei\u00dfem oder schwarzem Boden 120&#215;90 cm und Quick-Line-System CB099"}]},{"@type":"WebSite","@id":"https:\/\/www.bagnoitalia.com\/de#website","url":"https:\/\/www.bagnoitalia.com\/de","name":"Bagno Italia","description":"","publisher":{"@id":"https:\/\/www.bagnoitalia.com\/de#organization"},"potentialAction":[{"@type":"SearchAction","target":{"@type":"EntryPoint","urlTemplate":"https:\/\/www.bagnoitalia.com\/de?s={search_term_string}"},"query-input":{"@type":"PropertyValueSpecification","valueRequired":true,"valueName":"search_term_string"}}],"inLanguage":"de"},{"@type":"Organization","@id":"https:\/\/www.bagnoitalia.com\/de#organization","name":"Bagno Italia","url":"https:\/\/www.bagnoitalia.com\/de","logo":{"@type":"ImageObject","inLanguage":"de","@id":"https:\/\/www.bagnoitalia.com\/de#\/schema\/logo\/image\/","url":"https:\/\/img.bagnoitalia.com\/wp-content\/uploads\/logo-bagnoitalia.webp","contentUrl":"https:\/\/img.bagnoitalia.com\/wp-content\/uploads\/logo-bagnoitalia.webp","width":400,"height":70,"caption":"Bagno Italia"},"image":{"@id":"https:\/\/www.bagnoitalia.com\/de#\/schema\/logo\/image\/"}}]}},"_links":{"self":[{"href":"https:\/\/www.bagnoitalia.com\/de\/wp-json\/wp\/v2\/product\/102807","targetHints":{"allow":["GET"]}}],"collection":[{"href":"https:\/\/www.bagnoitalia.com\/de\/wp-json\/wp\/v2\/product"}],"about":[{"href":"https:\/\/www.bagnoitalia.com\/de\/wp-json\/wp\/v2\/types\/product"}],"replies":[{"embeddable":true,"href":"https:\/\/www.bagnoitalia.com\/de\/wp-json\/wp\/v2\/comments?post=102807"}],"version-history":[{"count":2,"href":"https:\/\/www.bagnoitalia.com\/de\/wp-json\/wp\/v2\/product\/102807\/revisions"}],"predecessor-version":[{"id":102810,"href":"https:\/\/www.bagnoitalia.com\/de\/wp-json\/wp\/v2\/product\/102807\/revisions\/102810"}],"wp:featuredmedia":[{"embeddable":true,"href":"https:\/\/www.bagnoitalia.com\/de\/wp-json\/wp\/v2\/media\/102723"}],"wp:attachment":[{"href":"https:\/\/www.bagnoitalia.com\/de\/wp-json\/wp\/v2\/media?parent=102807"}],"wp:term":[{"taxonomy":"product_brand","embeddable":true,"href":"https:\/\/www.bagnoitalia.com\/de\/wp-json\/wp\/v2\/product_brand?post=102807"},{"taxonomy":"product_cat","embeddable":true,"href":"https:\/\/www.bagnoitalia.com\/de\/wp-json\/wp\/v2\/product_cat?post=102807"},{"taxonomy":"product_tag","embeddable":true,"href":"https:\/\/www.bagnoitalia.com\/de\/wp-json\/wp\/v2\/product_tag?post=102807"}],"curies":[{"name":"wp","href":"https:\/\/api.w.org\/{rel}","templated":true}]}}