{"id":102428,"date":"2025-02-19T14:18:37","date_gmt":"2025-02-19T13:18:37","guid":{"rendered":"https:\/\/www.bagnoitalia.com\/multipurpose-white-cabinet-59x37xh180-cm-2-doors-with-shelves-bm138.html"},"modified":"2025-02-19T14:19:26","modified_gmt":"2025-02-19T13:19:26","slug":"multipurpose-white-cabinet-59x37xh180-cm-2-doors-with-shelves-bm138","status":"publish","type":"product","link":"https:\/\/www.bagnoitalia.com\/de\/produkt\/multipurpose-white-cabinet-59x37xh180-cm-2-doors-with-shelves-bm138.html","title":{"rendered":"Mehrzweckschrank wei\u00df 59x37xH180 cm 2 T\u00fcren mit Einlegeb\u00f6den BM138"},"content":{"rendered":"<p>BM138&#8242; 2-T\u00dcRIGER SCHRANK MIT EINLEGEB\u00d6DEN<\/p>\n<p>&nbsp;<\/p>\n<p>&nbsp;<\/p>\n<p>&nbsp;<\/p>\n<p>&nbsp;<\/p>\n<p>MERKMALE<\/p>\n<p>Schlanke zweit\u00fcrige S\u00e4ule, vielseitig verwendbar<\/p>\n<p>Abmessungen: 59xT37xH180 cm<\/p>\n<p>Wei\u00dfe Farbe<\/p>\n<p>Mit 3 Innenb\u00f6den, h\u00f6henverstellbar<\/p>\n<p>Griffe aus aluminiumgrauem ABS<\/p>\n<p>Scharniere aus Metall<\/p>\n<p>Holzstruktur mit Melaminharzbeschichtung und MDF-R\u00fcckenlehne<\/p>\n<p>Anti-L\u00e4rm- und Anti-Kratz-Stollen<\/p>\n<p>Maximal zul\u00e4ssiges Gesamtgewicht: 45 kg<\/p>\n<p>Maximal zul\u00e4ssiges Gewicht pro Fachboden: 8 kg<\/p>\n<p>Leicht zu montieren und zu reinigen<\/p>\n<p>&nbsp;<\/p>\n<p>&nbsp;<\/p>\n<p>&nbsp;<\/p>\n<p>&nbsp;<\/p>\n<p>&nbsp;<\/p>\n<p>&nbsp;<\/p>\n<p>&nbsp;<\/p>\n<p>&nbsp;<\/p>\n<p>&nbsp;<\/p>\n<p>&nbsp;<\/p>\n<p>&nbsp;<\/p>\n<p>&nbsp;<\/p>\n<p>&nbsp;<\/p>\n<p>&nbsp;<\/p>\n<p>&nbsp;<\/p>\n<p>&nbsp;<\/p>\n<p>&nbsp;<\/p>\n<p>&nbsp;<\/p>\n<p>&nbsp;<\/p>\n<p>99132<\/p>\n<p>&nbsp;<\/p>\n<p>&nbsp;<\/p>\n","protected":false},"excerpt":{"rendered":"<p>Zweit\u00fcriger Hochschrank aus Melaminholz mit wei\u00dfer Oberfl\u00e4che. Sehr schlank, ideal f\u00fcr die Unterbringung in Badezimmern oder kleinen Schr\u00e4nken. Mit Innenb\u00f6den, die auch als Schuhregal verwendet werden k\u00f6nnen.<\/p>\n","protected":false},"featured_media":102412,"comment_status":"open","ping_status":"closed","template":"","meta":[],"product_brand":[10113],"product_cat":[9788,9772,9664],"product_tag":[],"class_list":{"0":"post-102428","1":"product","2":"type-product","3":"status-publish","4":"has-post-thumbnail","6":"product_brand-antonio-capaldo","7":"product_cat-mobel-fur-die-dekoration-inneneinrichtung","8":"product_cat-inneneinrichtung","9":"product_cat-wirtschaftliche-erganzende-mobel","11":"first","12":"instock","13":"sale","14":"taxable","15":"shipping-taxable","16":"purchasable","17":"product-type-simple"},"exclude_global_add_ons":[],"addons":[],"yoast_head":"<!-- This site is optimized with the Yoast SEO plugin v26.7 - https:\/\/yoast.com\/wordpress\/plugins\/seo\/ -->\n<title>Mehrzweckschrank wei\u00df 59x37xH180 cm 2 T\u00fcren mit Einlegeb\u00f6den BM138 - Bagno Italia<\/title>\n<meta name=\"robots\" content=\"index, follow, max-snippet:-1, max-image-preview:large, max-video-preview:-1\" \/>\n<link rel=\"canonical\" href=\"https:\/\/www.bagnoitalia.com\/de\/produkt\/multipurpose-white-cabinet-59x37xh180-cm-2-doors-with-shelves-bm138.html\" \/>\n<meta property=\"og:locale\" content=\"de_DE\" \/>\n<meta property=\"og:type\" content=\"article\" \/>\n<meta property=\"og:title\" content=\"Mehrzweckschrank wei\u00df 59x37xH180 cm 2 T\u00fcren mit Einlegeb\u00f6den BM138 - Bagno Italia\" \/>\n<meta property=\"og:description\" content=\"Zweit\u00fcriger Hochschrank aus Melaminholz mit wei\u00dfer Oberfl\u00e4che. Sehr schlank, ideal f\u00fcr die Unterbringung in Badezimmern oder kleinen Schr\u00e4nken. Mit Innenb\u00f6den, die auch als Schuhregal verwendet werden k\u00f6nnen.\" \/>\n<meta property=\"og:url\" content=\"https:\/\/www.bagnoitalia.com\/de\/produkt\/multipurpose-white-cabinet-59x37xh180-cm-2-doors-with-shelves-bm138.html\" \/>\n<meta property=\"og:site_name\" content=\"Bagno Italia\" \/>\n<meta property=\"article:modified_time\" content=\"2025-02-19T13:19:26+00:00\" \/>\n<meta property=\"og:image\" content=\"https:\/\/img.bagnoitalia.com\/wp-content\/uploads\/1-180.webp\" \/>\n\t<meta property=\"og:image:width\" content=\"800\" \/>\n\t<meta property=\"og:image:height\" content=\"800\" \/>\n\t<meta property=\"og:image:type\" content=\"image\/webp\" \/>\n<meta name=\"twitter:card\" content=\"summary_large_image\" \/>\n<meta name=\"twitter:label1\" content=\"Gesch\u00e4tzte Lesezeit\" \/>\n\t<meta name=\"twitter:data1\" content=\"1\u00a0Minute\" \/>\n<script type=\"application\/ld+json\" class=\"yoast-schema-graph\">{\"@context\":\"https:\/\/schema.org\",\"@graph\":[{\"@type\":\"WebPage\",\"@id\":\"https:\/\/www.bagnoitalia.com\/de\/produkt\/multipurpose-white-cabinet-59x37xh180-cm-2-doors-with-shelves-bm138.html\",\"url\":\"https:\/\/www.bagnoitalia.com\/de\/produkt\/multipurpose-white-cabinet-59x37xh180-cm-2-doors-with-shelves-bm138.html\",\"name\":\"Mehrzweckschrank wei\u00df 59x37xH180 cm 2 T\u00fcren mit Einlegeb\u00f6den BM138 - Bagno Italia\",\"isPartOf\":{\"@id\":\"https:\/\/www.bagnoitalia.com\/de#website\"},\"primaryImageOfPage\":{\"@id\":\"https:\/\/www.bagnoitalia.com\/de\/produkt\/multipurpose-white-cabinet-59x37xh180-cm-2-doors-with-shelves-bm138.html#primaryimage\"},\"image\":{\"@id\":\"https:\/\/www.bagnoitalia.com\/de\/produkt\/multipurpose-white-cabinet-59x37xh180-cm-2-doors-with-shelves-bm138.html#primaryimage\"},\"thumbnailUrl\":\"https:\/\/img.bagnoitalia.com\/wp-content\/uploads\/1-180.webp\",\"datePublished\":\"2025-02-19T13:18:37+00:00\",\"dateModified\":\"2025-02-19T13:19:26+00:00\",\"breadcrumb\":{\"@id\":\"https:\/\/www.bagnoitalia.com\/de\/produkt\/multipurpose-white-cabinet-59x37xh180-cm-2-doors-with-shelves-bm138.html#breadcrumb\"},\"inLanguage\":\"de\",\"potentialAction\":[{\"@type\":\"ReadAction\",\"target\":[\"https:\/\/www.bagnoitalia.com\/de\/produkt\/multipurpose-white-cabinet-59x37xh180-cm-2-doors-with-shelves-bm138.html\"]}]},{\"@type\":\"ImageObject\",\"inLanguage\":\"de\",\"@id\":\"https:\/\/www.bagnoitalia.com\/de\/produkt\/multipurpose-white-cabinet-59x37xh180-cm-2-doors-with-shelves-bm138.html#primaryimage\",\"url\":\"https:\/\/img.bagnoitalia.com\/wp-content\/uploads\/1-180.webp\",\"contentUrl\":\"https:\/\/img.bagnoitalia.com\/wp-content\/uploads\/1-180.webp\",\"width\":800,\"height\":800},{\"@type\":\"BreadcrumbList\",\"@id\":\"https:\/\/www.bagnoitalia.com\/de\/produkt\/multipurpose-white-cabinet-59x37xh180-cm-2-doors-with-shelves-bm138.html#breadcrumb\",\"itemListElement\":[{\"@type\":\"ListItem\",\"position\":1,\"name\":\"Home\",\"item\":\"https:\/\/www.bagnoitalia.com\/de\"},{\"@type\":\"ListItem\",\"position\":2,\"name\":\"Produkte\",\"item\":\"https:\/\/www.bagnoitalia.com\/de\/shop\"},{\"@type\":\"ListItem\",\"position\":3,\"name\":\"Mehrzweckschrank wei\u00df 59x37xH180 cm 2 T\u00fcren mit Einlegeb\u00f6den BM138\"}]},{\"@type\":\"WebSite\",\"@id\":\"https:\/\/www.bagnoitalia.com\/de#website\",\"url\":\"https:\/\/www.bagnoitalia.com\/de\",\"name\":\"Bagno Italia\",\"description\":\"\",\"publisher\":{\"@id\":\"https:\/\/www.bagnoitalia.com\/de#organization\"},\"potentialAction\":[{\"@type\":\"SearchAction\",\"target\":{\"@type\":\"EntryPoint\",\"urlTemplate\":\"https:\/\/www.bagnoitalia.com\/de?s={search_term_string}\"},\"query-input\":{\"@type\":\"PropertyValueSpecification\",\"valueRequired\":true,\"valueName\":\"search_term_string\"}}],\"inLanguage\":\"de\"},{\"@type\":\"Organization\",\"@id\":\"https:\/\/www.bagnoitalia.com\/de#organization\",\"name\":\"Bagno Italia\",\"url\":\"https:\/\/www.bagnoitalia.com\/de\",\"logo\":{\"@type\":\"ImageObject\",\"inLanguage\":\"de\",\"@id\":\"https:\/\/www.bagnoitalia.com\/de#\/schema\/logo\/image\/\",\"url\":\"https:\/\/img.bagnoitalia.com\/wp-content\/uploads\/logo-bagnoitalia.webp\",\"contentUrl\":\"https:\/\/img.bagnoitalia.com\/wp-content\/uploads\/logo-bagnoitalia.webp\",\"width\":400,\"height\":70,\"caption\":\"Bagno Italia\"},\"image\":{\"@id\":\"https:\/\/www.bagnoitalia.com\/de#\/schema\/logo\/image\/\"}}]}<\/script>\n<!-- \/ Yoast SEO plugin. -->","yoast_head_json":{"title":"Mehrzweckschrank wei\u00df 59x37xH180 cm 2 T\u00fcren mit Einlegeb\u00f6den BM138 - Bagno Italia","robots":{"index":"index","follow":"follow","max-snippet":"max-snippet:-1","max-image-preview":"max-image-preview:large","max-video-preview":"max-video-preview:-1"},"canonical":"https:\/\/www.bagnoitalia.com\/de\/produkt\/multipurpose-white-cabinet-59x37xh180-cm-2-doors-with-shelves-bm138.html","og_locale":"de_DE","og_type":"article","og_title":"Mehrzweckschrank wei\u00df 59x37xH180 cm 2 T\u00fcren mit Einlegeb\u00f6den BM138 - Bagno Italia","og_description":"Zweit\u00fcriger Hochschrank aus Melaminholz mit wei\u00dfer Oberfl\u00e4che. Sehr schlank, ideal f\u00fcr die Unterbringung in Badezimmern oder kleinen Schr\u00e4nken. Mit Innenb\u00f6den, die auch als Schuhregal verwendet werden k\u00f6nnen.","og_url":"https:\/\/www.bagnoitalia.com\/de\/produkt\/multipurpose-white-cabinet-59x37xh180-cm-2-doors-with-shelves-bm138.html","og_site_name":"Bagno Italia","article_modified_time":"2025-02-19T13:19:26+00:00","og_image":[{"width":800,"height":800,"url":"https:\/\/img.bagnoitalia.com\/wp-content\/uploads\/1-180.webp","type":"image\/webp"}],"twitter_card":"summary_large_image","twitter_misc":{"Gesch\u00e4tzte Lesezeit":"1\u00a0Minute"},"schema":{"@context":"https:\/\/schema.org","@graph":[{"@type":"WebPage","@id":"https:\/\/www.bagnoitalia.com\/de\/produkt\/multipurpose-white-cabinet-59x37xh180-cm-2-doors-with-shelves-bm138.html","url":"https:\/\/www.bagnoitalia.com\/de\/produkt\/multipurpose-white-cabinet-59x37xh180-cm-2-doors-with-shelves-bm138.html","name":"Mehrzweckschrank wei\u00df 59x37xH180 cm 2 T\u00fcren mit Einlegeb\u00f6den BM138 - Bagno Italia","isPartOf":{"@id":"https:\/\/www.bagnoitalia.com\/de#website"},"primaryImageOfPage":{"@id":"https:\/\/www.bagnoitalia.com\/de\/produkt\/multipurpose-white-cabinet-59x37xh180-cm-2-doors-with-shelves-bm138.html#primaryimage"},"image":{"@id":"https:\/\/www.bagnoitalia.com\/de\/produkt\/multipurpose-white-cabinet-59x37xh180-cm-2-doors-with-shelves-bm138.html#primaryimage"},"thumbnailUrl":"https:\/\/img.bagnoitalia.com\/wp-content\/uploads\/1-180.webp","datePublished":"2025-02-19T13:18:37+00:00","dateModified":"2025-02-19T13:19:26+00:00","breadcrumb":{"@id":"https:\/\/www.bagnoitalia.com\/de\/produkt\/multipurpose-white-cabinet-59x37xh180-cm-2-doors-with-shelves-bm138.html#breadcrumb"},"inLanguage":"de","potentialAction":[{"@type":"ReadAction","target":["https:\/\/www.bagnoitalia.com\/de\/produkt\/multipurpose-white-cabinet-59x37xh180-cm-2-doors-with-shelves-bm138.html"]}]},{"@type":"ImageObject","inLanguage":"de","@id":"https:\/\/www.bagnoitalia.com\/de\/produkt\/multipurpose-white-cabinet-59x37xh180-cm-2-doors-with-shelves-bm138.html#primaryimage","url":"https:\/\/img.bagnoitalia.com\/wp-content\/uploads\/1-180.webp","contentUrl":"https:\/\/img.bagnoitalia.com\/wp-content\/uploads\/1-180.webp","width":800,"height":800},{"@type":"BreadcrumbList","@id":"https:\/\/www.bagnoitalia.com\/de\/produkt\/multipurpose-white-cabinet-59x37xh180-cm-2-doors-with-shelves-bm138.html#breadcrumb","itemListElement":[{"@type":"ListItem","position":1,"name":"Home","item":"https:\/\/www.bagnoitalia.com\/de"},{"@type":"ListItem","position":2,"name":"Produkte","item":"https:\/\/www.bagnoitalia.com\/de\/shop"},{"@type":"ListItem","position":3,"name":"Mehrzweckschrank wei\u00df 59x37xH180 cm 2 T\u00fcren mit Einlegeb\u00f6den BM138"}]},{"@type":"WebSite","@id":"https:\/\/www.bagnoitalia.com\/de#website","url":"https:\/\/www.bagnoitalia.com\/de","name":"Bagno Italia","description":"","publisher":{"@id":"https:\/\/www.bagnoitalia.com\/de#organization"},"potentialAction":[{"@type":"SearchAction","target":{"@type":"EntryPoint","urlTemplate":"https:\/\/www.bagnoitalia.com\/de?s={search_term_string}"},"query-input":{"@type":"PropertyValueSpecification","valueRequired":true,"valueName":"search_term_string"}}],"inLanguage":"de"},{"@type":"Organization","@id":"https:\/\/www.bagnoitalia.com\/de#organization","name":"Bagno Italia","url":"https:\/\/www.bagnoitalia.com\/de","logo":{"@type":"ImageObject","inLanguage":"de","@id":"https:\/\/www.bagnoitalia.com\/de#\/schema\/logo\/image\/","url":"https:\/\/img.bagnoitalia.com\/wp-content\/uploads\/logo-bagnoitalia.webp","contentUrl":"https:\/\/img.bagnoitalia.com\/wp-content\/uploads\/logo-bagnoitalia.webp","width":400,"height":70,"caption":"Bagno Italia"},"image":{"@id":"https:\/\/www.bagnoitalia.com\/de#\/schema\/logo\/image\/"}}]}},"_links":{"self":[{"href":"https:\/\/www.bagnoitalia.com\/de\/wp-json\/wp\/v2\/product\/102428","targetHints":{"allow":["GET"]}}],"collection":[{"href":"https:\/\/www.bagnoitalia.com\/de\/wp-json\/wp\/v2\/product"}],"about":[{"href":"https:\/\/www.bagnoitalia.com\/de\/wp-json\/wp\/v2\/types\/product"}],"replies":[{"embeddable":true,"href":"https:\/\/www.bagnoitalia.com\/de\/wp-json\/wp\/v2\/comments?post=102428"}],"version-history":[{"count":1,"href":"https:\/\/www.bagnoitalia.com\/de\/wp-json\/wp\/v2\/product\/102428\/revisions"}],"predecessor-version":[{"id":102430,"href":"https:\/\/www.bagnoitalia.com\/de\/wp-json\/wp\/v2\/product\/102428\/revisions\/102430"}],"wp:featuredmedia":[{"embeddable":true,"href":"https:\/\/www.bagnoitalia.com\/de\/wp-json\/wp\/v2\/media\/102412"}],"wp:attachment":[{"href":"https:\/\/www.bagnoitalia.com\/de\/wp-json\/wp\/v2\/media?parent=102428"}],"wp:term":[{"taxonomy":"product_brand","embeddable":true,"href":"https:\/\/www.bagnoitalia.com\/de\/wp-json\/wp\/v2\/product_brand?post=102428"},{"taxonomy":"product_cat","embeddable":true,"href":"https:\/\/www.bagnoitalia.com\/de\/wp-json\/wp\/v2\/product_cat?post=102428"},{"taxonomy":"product_tag","embeddable":true,"href":"https:\/\/www.bagnoitalia.com\/de\/wp-json\/wp\/v2\/product_tag?post=102428"}],"curies":[{"name":"wp","href":"https:\/\/api.w.org\/{rel}","templated":true}]}}