{"id":102128,"date":"2025-02-12T16:50:24","date_gmt":"2025-02-12T15:50:24","guid":{"rendered":"https:\/\/www.bagnoitalia.com\/whirlpool-bath-180x110-cm-right-or-left-50-jets-chromotherapy-and-bluetooth-vs156.html"},"modified":"2025-12-15T14:10:54","modified_gmt":"2025-12-15T13:10:54","slug":"whirlpool-bath-180x110-cm-right-or-left-50-jets-chromotherapy-and-bluetooth-vs156","status":"publish","type":"product","link":"https:\/\/www.bagnoitalia.com\/de\/produkt\/whirlpool-bath-180x110-cm-right-or-left-50-jets-chromotherapy-and-bluetooth-vs156.html","title":{"rendered":"Whirlwanne 180&#215;110 cm rechts oder links 50 D\u00fcsen Chromotherapie und Bluetooth VS156"},"content":{"rendered":"<p>HYDROMASSAGE-BADewanne 180x110cm &#8218;VS156<\/p>\n<p>&nbsp;<\/p>\n<p>PRODUKTSPEZIFIKATIONEN<\/p>\n<p>Eckbadewanne f\u00fcr zwei Personen<\/p>\n<p>Erh\u00e4ltlich in der Version RECHTS oder LINKS (w\u00e4hlen Sie die Version aus dem Dropdown-Men\u00fc oben)<\/p>\n<p>Abmessungen 180xT110xH63 cm<\/p>\n<p>Mit geschnitztem und beleuchtetem Wasserfall<\/p>\n<p>16 mm dickes, bruchsicheres Acrylglas<\/p>\n<p>Doppelte Hydromassagepumpe (1,5 PS Wasser und 0,50 PS Luft)<\/p>\n<p>50 D\u00fcsen, davon<\/p>\n<p>20 LED-Luftd\u00fcsen am Boden der Wanne (luftgef\u00fchrt)<br \/>\n24 kleine WASSERd\u00fcsen unter den Kopfst\u00fctzen<br \/>\n6 gro\u00dfe WASSERd\u00fcsen an der Seite der Wanne<\/p>\n<p>Bluetooth-Verbindung<\/p>\n<p>Chromotherapie (mit LEDs sowohl innerhalb als auch au\u00dferhalb der Wanne)<\/p>\n<p>Thermostatische Heizung<\/p>\n<p>Ozon-Therapie<\/p>\n<p>Thermisches Bedienfeld mit Full-Touch-Funktion<\/p>\n<p>Radio mit Surround-Lautsprechern<\/p>\n<p>2 Kopfst\u00fctzen-Kissen<\/p>\n<p>Wasserh\u00e4hne mit digitaler Temperaturanzeige<\/p>\n<p>Stahlrahmen<\/p>\n<p>4-Schicht-Acrylplatten<\/p>\n<p>&nbsp;<\/p>\n<p>&nbsp;<\/p>\n<p>&nbsp;<\/p>\n<p>&nbsp;<\/p>\n<p>&nbsp;<\/p>\n<p>&nbsp;<\/p>\n<p>&nbsp;<\/p>\n<p>&nbsp;<\/p>\n<p>&nbsp;<\/p>\n","protected":false},"excerpt":{"rendered":"<p>Voll ausgestattete Badewanne mit einem einzigartigen und modernen Design. Mit 20 LED-Luftd\u00fcsen und 30 Wasserd\u00fcsen, LED-Innen- und Au\u00dfenbeleuchtung, Full-Touch-Bedienungsdisplay, geschnitztem Wasserfall, Ozontherapie, thermostatischer Heizung. Erh\u00e4ltlich in linker oder rechter Ausf\u00fchrung.<\/p>\n","protected":false},"featured_media":102076,"comment_status":"open","ping_status":"closed","template":"","meta":[],"product_brand":[9925],"product_cat":[9744,9708],"product_tag":[],"class_list":{"0":"post-102128","1":"product","2":"type-product","3":"status-publish","4":"has-post-thumbnail","6":"product_brand-predator-arredo-casa-de","7":"product_cat-ausenwhirlpool","8":"product_cat-whirlpool","10":"first","11":"instock","12":"sale","13":"taxable","14":"shipping-taxable","15":"purchasable","16":"product-type-simple"},"exclude_global_add_ons":false,"addons":[{"name":"Fassung","type":"multiple_choice","position":0,"required":false,"title_format":"label","default":"","description_enable":false,"description":"","placeholder_enable":false,"placeholder":"","display":"select","restrictions_type":"any_text","adjust_price":false,"price":"","price_type":"flat_fee","restrictions":false,"min":"0","max":"0","options":[{"label":"rechts","price":"","price_type":"flat_fee","image":0,"visibility":true},{"label":"links","price":"","price_type":"flat_fee","image":0,"visibility":true}],"id":1739379025}],"yoast_head":"<!-- This site is optimized with the Yoast SEO plugin v26.7 - https:\/\/yoast.com\/wordpress\/plugins\/seo\/ -->\n<title>Whirlwanne 180x110 cm rechts oder links 50 D\u00fcsen Chromotherapie und Bluetooth VS156 - Bagno Italia<\/title>\n<meta name=\"robots\" content=\"index, follow, max-snippet:-1, max-image-preview:large, max-video-preview:-1\" \/>\n<link rel=\"canonical\" href=\"https:\/\/www.bagnoitalia.com\/de\/produkt\/whirlpool-bath-180x110-cm-right-or-left-50-jets-chromotherapy-and-bluetooth-vs156.html\" \/>\n<meta property=\"og:locale\" content=\"de_DE\" \/>\n<meta property=\"og:type\" content=\"article\" \/>\n<meta property=\"og:title\" content=\"Whirlwanne 180x110 cm rechts oder links 50 D\u00fcsen Chromotherapie und Bluetooth VS156 - Bagno Italia\" \/>\n<meta property=\"og:description\" content=\"Voll ausgestattete Badewanne mit einem einzigartigen und modernen Design. Mit 20 LED-Luftd\u00fcsen und 30 Wasserd\u00fcsen, LED-Innen- und Au\u00dfenbeleuchtung, Full-Touch-Bedienungsdisplay, geschnitztem Wasserfall, Ozontherapie, thermostatischer Heizung. Erh\u00e4ltlich in linker oder rechter Ausf\u00fchrung.\" \/>\n<meta property=\"og:url\" content=\"https:\/\/www.bagnoitalia.com\/de\/produkt\/whirlpool-bath-180x110-cm-right-or-left-50-jets-chromotherapy-and-bluetooth-vs156.html\" \/>\n<meta property=\"og:site_name\" content=\"Bagno Italia\" \/>\n<meta property=\"article:modified_time\" content=\"2025-12-15T13:10:54+00:00\" \/>\n<meta property=\"og:image\" content=\"https:\/\/img.bagnoitalia.com\/wp-content\/uploads\/1-173.webp\" \/>\n\t<meta property=\"og:image:width\" content=\"1000\" \/>\n\t<meta property=\"og:image:height\" content=\"1000\" \/>\n\t<meta property=\"og:image:type\" content=\"image\/webp\" \/>\n<meta name=\"twitter:card\" content=\"summary_large_image\" \/>\n<meta name=\"twitter:label1\" content=\"Gesch\u00e4tzte Lesezeit\" \/>\n\t<meta name=\"twitter:data1\" content=\"1\u00a0Minute\" \/>\n<script type=\"application\/ld+json\" class=\"yoast-schema-graph\">{\"@context\":\"https:\/\/schema.org\",\"@graph\":[{\"@type\":\"WebPage\",\"@id\":\"https:\/\/www.bagnoitalia.com\/de\/produkt\/whirlpool-bath-180x110-cm-right-or-left-50-jets-chromotherapy-and-bluetooth-vs156.html\",\"url\":\"https:\/\/www.bagnoitalia.com\/de\/produkt\/whirlpool-bath-180x110-cm-right-or-left-50-jets-chromotherapy-and-bluetooth-vs156.html\",\"name\":\"Whirlwanne 180x110 cm rechts oder links 50 D\u00fcsen Chromotherapie und Bluetooth VS156 - Bagno Italia\",\"isPartOf\":{\"@id\":\"https:\/\/www.bagnoitalia.com\/de#website\"},\"primaryImageOfPage\":{\"@id\":\"https:\/\/www.bagnoitalia.com\/de\/produkt\/whirlpool-bath-180x110-cm-right-or-left-50-jets-chromotherapy-and-bluetooth-vs156.html#primaryimage\"},\"image\":{\"@id\":\"https:\/\/www.bagnoitalia.com\/de\/produkt\/whirlpool-bath-180x110-cm-right-or-left-50-jets-chromotherapy-and-bluetooth-vs156.html#primaryimage\"},\"thumbnailUrl\":\"https:\/\/img.bagnoitalia.com\/wp-content\/uploads\/1-173.webp\",\"datePublished\":\"2025-02-12T15:50:24+00:00\",\"dateModified\":\"2025-12-15T13:10:54+00:00\",\"breadcrumb\":{\"@id\":\"https:\/\/www.bagnoitalia.com\/de\/produkt\/whirlpool-bath-180x110-cm-right-or-left-50-jets-chromotherapy-and-bluetooth-vs156.html#breadcrumb\"},\"inLanguage\":\"de\",\"potentialAction\":[{\"@type\":\"ReadAction\",\"target\":[\"https:\/\/www.bagnoitalia.com\/de\/produkt\/whirlpool-bath-180x110-cm-right-or-left-50-jets-chromotherapy-and-bluetooth-vs156.html\"]}]},{\"@type\":\"ImageObject\",\"inLanguage\":\"de\",\"@id\":\"https:\/\/www.bagnoitalia.com\/de\/produkt\/whirlpool-bath-180x110-cm-right-or-left-50-jets-chromotherapy-and-bluetooth-vs156.html#primaryimage\",\"url\":\"https:\/\/img.bagnoitalia.com\/wp-content\/uploads\/1-173.webp\",\"contentUrl\":\"https:\/\/img.bagnoitalia.com\/wp-content\/uploads\/1-173.webp\",\"width\":1000,\"height\":1000},{\"@type\":\"BreadcrumbList\",\"@id\":\"https:\/\/www.bagnoitalia.com\/de\/produkt\/whirlpool-bath-180x110-cm-right-or-left-50-jets-chromotherapy-and-bluetooth-vs156.html#breadcrumb\",\"itemListElement\":[{\"@type\":\"ListItem\",\"position\":1,\"name\":\"Home\",\"item\":\"https:\/\/www.bagnoitalia.com\/de\"},{\"@type\":\"ListItem\",\"position\":2,\"name\":\"Produkte\",\"item\":\"https:\/\/www.bagnoitalia.com\/de\/shop\"},{\"@type\":\"ListItem\",\"position\":3,\"name\":\"Whirlwanne 180&#215;110 cm rechts oder links 50 D\u00fcsen Chromotherapie und Bluetooth VS156\"}]},{\"@type\":\"WebSite\",\"@id\":\"https:\/\/www.bagnoitalia.com\/de#website\",\"url\":\"https:\/\/www.bagnoitalia.com\/de\",\"name\":\"Bagno Italia\",\"description\":\"\",\"publisher\":{\"@id\":\"https:\/\/www.bagnoitalia.com\/de#organization\"},\"potentialAction\":[{\"@type\":\"SearchAction\",\"target\":{\"@type\":\"EntryPoint\",\"urlTemplate\":\"https:\/\/www.bagnoitalia.com\/de?s={search_term_string}\"},\"query-input\":{\"@type\":\"PropertyValueSpecification\",\"valueRequired\":true,\"valueName\":\"search_term_string\"}}],\"inLanguage\":\"de\"},{\"@type\":\"Organization\",\"@id\":\"https:\/\/www.bagnoitalia.com\/de#organization\",\"name\":\"Bagno Italia\",\"url\":\"https:\/\/www.bagnoitalia.com\/de\",\"logo\":{\"@type\":\"ImageObject\",\"inLanguage\":\"de\",\"@id\":\"https:\/\/www.bagnoitalia.com\/de#\/schema\/logo\/image\/\",\"url\":\"https:\/\/img.bagnoitalia.com\/wp-content\/uploads\/logo-bagnoitalia.webp\",\"contentUrl\":\"https:\/\/img.bagnoitalia.com\/wp-content\/uploads\/logo-bagnoitalia.webp\",\"width\":400,\"height\":70,\"caption\":\"Bagno Italia\"},\"image\":{\"@id\":\"https:\/\/www.bagnoitalia.com\/de#\/schema\/logo\/image\/\"}}]}<\/script>\n<!-- \/ Yoast SEO plugin. -->","yoast_head_json":{"title":"Whirlwanne 180x110 cm rechts oder links 50 D\u00fcsen Chromotherapie und Bluetooth VS156 - Bagno Italia","robots":{"index":"index","follow":"follow","max-snippet":"max-snippet:-1","max-image-preview":"max-image-preview:large","max-video-preview":"max-video-preview:-1"},"canonical":"https:\/\/www.bagnoitalia.com\/de\/produkt\/whirlpool-bath-180x110-cm-right-or-left-50-jets-chromotherapy-and-bluetooth-vs156.html","og_locale":"de_DE","og_type":"article","og_title":"Whirlwanne 180x110 cm rechts oder links 50 D\u00fcsen Chromotherapie und Bluetooth VS156 - Bagno Italia","og_description":"Voll ausgestattete Badewanne mit einem einzigartigen und modernen Design. Mit 20 LED-Luftd\u00fcsen und 30 Wasserd\u00fcsen, LED-Innen- und Au\u00dfenbeleuchtung, Full-Touch-Bedienungsdisplay, geschnitztem Wasserfall, Ozontherapie, thermostatischer Heizung. Erh\u00e4ltlich in linker oder rechter Ausf\u00fchrung.","og_url":"https:\/\/www.bagnoitalia.com\/de\/produkt\/whirlpool-bath-180x110-cm-right-or-left-50-jets-chromotherapy-and-bluetooth-vs156.html","og_site_name":"Bagno Italia","article_modified_time":"2025-12-15T13:10:54+00:00","og_image":[{"width":1000,"height":1000,"url":"https:\/\/img.bagnoitalia.com\/wp-content\/uploads\/1-173.webp","type":"image\/webp"}],"twitter_card":"summary_large_image","twitter_misc":{"Gesch\u00e4tzte Lesezeit":"1\u00a0Minute"},"schema":{"@context":"https:\/\/schema.org","@graph":[{"@type":"WebPage","@id":"https:\/\/www.bagnoitalia.com\/de\/produkt\/whirlpool-bath-180x110-cm-right-or-left-50-jets-chromotherapy-and-bluetooth-vs156.html","url":"https:\/\/www.bagnoitalia.com\/de\/produkt\/whirlpool-bath-180x110-cm-right-or-left-50-jets-chromotherapy-and-bluetooth-vs156.html","name":"Whirlwanne 180x110 cm rechts oder links 50 D\u00fcsen Chromotherapie und Bluetooth VS156 - Bagno Italia","isPartOf":{"@id":"https:\/\/www.bagnoitalia.com\/de#website"},"primaryImageOfPage":{"@id":"https:\/\/www.bagnoitalia.com\/de\/produkt\/whirlpool-bath-180x110-cm-right-or-left-50-jets-chromotherapy-and-bluetooth-vs156.html#primaryimage"},"image":{"@id":"https:\/\/www.bagnoitalia.com\/de\/produkt\/whirlpool-bath-180x110-cm-right-or-left-50-jets-chromotherapy-and-bluetooth-vs156.html#primaryimage"},"thumbnailUrl":"https:\/\/img.bagnoitalia.com\/wp-content\/uploads\/1-173.webp","datePublished":"2025-02-12T15:50:24+00:00","dateModified":"2025-12-15T13:10:54+00:00","breadcrumb":{"@id":"https:\/\/www.bagnoitalia.com\/de\/produkt\/whirlpool-bath-180x110-cm-right-or-left-50-jets-chromotherapy-and-bluetooth-vs156.html#breadcrumb"},"inLanguage":"de","potentialAction":[{"@type":"ReadAction","target":["https:\/\/www.bagnoitalia.com\/de\/produkt\/whirlpool-bath-180x110-cm-right-or-left-50-jets-chromotherapy-and-bluetooth-vs156.html"]}]},{"@type":"ImageObject","inLanguage":"de","@id":"https:\/\/www.bagnoitalia.com\/de\/produkt\/whirlpool-bath-180x110-cm-right-or-left-50-jets-chromotherapy-and-bluetooth-vs156.html#primaryimage","url":"https:\/\/img.bagnoitalia.com\/wp-content\/uploads\/1-173.webp","contentUrl":"https:\/\/img.bagnoitalia.com\/wp-content\/uploads\/1-173.webp","width":1000,"height":1000},{"@type":"BreadcrumbList","@id":"https:\/\/www.bagnoitalia.com\/de\/produkt\/whirlpool-bath-180x110-cm-right-or-left-50-jets-chromotherapy-and-bluetooth-vs156.html#breadcrumb","itemListElement":[{"@type":"ListItem","position":1,"name":"Home","item":"https:\/\/www.bagnoitalia.com\/de"},{"@type":"ListItem","position":2,"name":"Produkte","item":"https:\/\/www.bagnoitalia.com\/de\/shop"},{"@type":"ListItem","position":3,"name":"Whirlwanne 180&#215;110 cm rechts oder links 50 D\u00fcsen Chromotherapie und Bluetooth VS156"}]},{"@type":"WebSite","@id":"https:\/\/www.bagnoitalia.com\/de#website","url":"https:\/\/www.bagnoitalia.com\/de","name":"Bagno Italia","description":"","publisher":{"@id":"https:\/\/www.bagnoitalia.com\/de#organization"},"potentialAction":[{"@type":"SearchAction","target":{"@type":"EntryPoint","urlTemplate":"https:\/\/www.bagnoitalia.com\/de?s={search_term_string}"},"query-input":{"@type":"PropertyValueSpecification","valueRequired":true,"valueName":"search_term_string"}}],"inLanguage":"de"},{"@type":"Organization","@id":"https:\/\/www.bagnoitalia.com\/de#organization","name":"Bagno Italia","url":"https:\/\/www.bagnoitalia.com\/de","logo":{"@type":"ImageObject","inLanguage":"de","@id":"https:\/\/www.bagnoitalia.com\/de#\/schema\/logo\/image\/","url":"https:\/\/img.bagnoitalia.com\/wp-content\/uploads\/logo-bagnoitalia.webp","contentUrl":"https:\/\/img.bagnoitalia.com\/wp-content\/uploads\/logo-bagnoitalia.webp","width":400,"height":70,"caption":"Bagno Italia"},"image":{"@id":"https:\/\/www.bagnoitalia.com\/de#\/schema\/logo\/image\/"}}]}},"_links":{"self":[{"href":"https:\/\/www.bagnoitalia.com\/de\/wp-json\/wp\/v2\/product\/102128","targetHints":{"allow":["GET"]}}],"collection":[{"href":"https:\/\/www.bagnoitalia.com\/de\/wp-json\/wp\/v2\/product"}],"about":[{"href":"https:\/\/www.bagnoitalia.com\/de\/wp-json\/wp\/v2\/types\/product"}],"replies":[{"embeddable":true,"href":"https:\/\/www.bagnoitalia.com\/de\/wp-json\/wp\/v2\/comments?post=102128"}],"version-history":[{"count":3,"href":"https:\/\/www.bagnoitalia.com\/de\/wp-json\/wp\/v2\/product\/102128\/revisions"}],"predecessor-version":[{"id":115175,"href":"https:\/\/www.bagnoitalia.com\/de\/wp-json\/wp\/v2\/product\/102128\/revisions\/115175"}],"wp:featuredmedia":[{"embeddable":true,"href":"https:\/\/www.bagnoitalia.com\/de\/wp-json\/wp\/v2\/media\/102076"}],"wp:attachment":[{"href":"https:\/\/www.bagnoitalia.com\/de\/wp-json\/wp\/v2\/media?parent=102128"}],"wp:term":[{"taxonomy":"product_brand","embeddable":true,"href":"https:\/\/www.bagnoitalia.com\/de\/wp-json\/wp\/v2\/product_brand?post=102128"},{"taxonomy":"product_cat","embeddable":true,"href":"https:\/\/www.bagnoitalia.com\/de\/wp-json\/wp\/v2\/product_cat?post=102128"},{"taxonomy":"product_tag","embeddable":true,"href":"https:\/\/www.bagnoitalia.com\/de\/wp-json\/wp\/v2\/product_tag?post=102128"}],"curies":[{"name":"wp","href":"https:\/\/api.w.org\/{rel}","templated":true}]}}