{"id":101571,"date":"2025-01-24T09:35:28","date_gmt":"2025-01-24T08:35:28","guid":{"rendered":"https:\/\/www.bagnoitalia.com\/120x48xh72-cm-oak-desk-with-3-white-drawers-and-one-open-compartment-tl046.html"},"modified":"2025-01-24T09:36:17","modified_gmt":"2025-01-24T08:36:17","slug":"120x48xh72-cm-oak-desk-with-3-white-drawers-and-one-open-compartment-tl046","status":"publish","type":"product","link":"https:\/\/www.bagnoitalia.com\/de\/produkt\/120x48xh72-cm-oak-desk-with-3-white-drawers-and-one-open-compartment-tl046.html","title":{"rendered":"120x48xH72 cm Eichenschreibtisch mit 3 wei\u00dfen Schubladen und einem offenen Fach TL046"},"content":{"rendered":"<p>Eichenwei\u00dfer Tisch mit 3 Schubladen &#8218;TL046&#8216;.<\/p>\n<p>&nbsp;<\/p>\n<p>&nbsp;<\/p>\n<p>&nbsp;<\/p>\n<p>&nbsp;<\/p>\n<p>FEATURES<\/p>\n<p>Schreibtisch ideal f\u00fcr B\u00fcros, Studien, Spiele.<\/p>\n<p>Abmessungen: 120xT48xH72 cm<\/p>\n<p>Besteht aus 3 Schubladen mit Griffen und einem offenen Fach oben<\/p>\n<p>Farbe der Struktur: Eiche<\/p>\n<p>Farbe der Schubladen: wei\u00df<\/p>\n<p>Farbe der Griffe: silber<\/p>\n<p>Ausgestattet mit R\u00fcckwand<\/p>\n<p>Struktur aus Furnierholz<\/p>\n<p>Leicht zu montieren und zu reinigen<\/p>\n<p>&nbsp;<\/p>\n<p>&nbsp;<\/p>\n<p>&nbsp;<\/p>\n<p>&nbsp;<\/p>\n<p>&nbsp;<\/p>\n<p>&nbsp;<\/p>\n<p>&nbsp;<\/p>\n<p>&nbsp;<\/p>\n<p>&nbsp;<\/p>\n<p>&nbsp;<\/p>\n<p>&nbsp;<\/p>\n<p>&nbsp;<\/p>\n<p>&nbsp;<\/p>\n<p>&nbsp;<\/p>\n<p>&nbsp;<\/p>\n<p>&nbsp;<\/p>\n<p>&nbsp;<\/p>\n<p>&nbsp;<\/p>\n<p>&nbsp;<\/p>\n<p>7579<\/p>\n<p>&nbsp;<\/p>\n<p>&nbsp;<\/p>\n","protected":false},"excerpt":{"rendered":"<p>Schreibtisch mit modernem Design, ideal f\u00fcr B\u00fcro, Arbeitszimmer oder Spiele. Zweifarbig, mit einem Gestell aus Eiche und wei\u00dfen Schubladenfronten.<\/p>\n","protected":false},"featured_media":101563,"comment_status":"open","ping_status":"closed","template":"","meta":[],"product_brand":[10113],"product_cat":[9998],"product_tag":[],"class_list":{"0":"post-101571","1":"product","2":"type-product","3":"status-publish","4":"has-post-thumbnail","6":"product_brand-antonio-capaldo","7":"product_cat-schreibtische","9":"first","10":"instock","11":"sale","12":"taxable","13":"shipping-taxable","14":"purchasable","15":"product-type-simple"},"exclude_global_add_ons":[],"addons":[],"yoast_head":"<!-- This site is optimized with the Yoast SEO plugin v26.7 - https:\/\/yoast.com\/wordpress\/plugins\/seo\/ -->\n<title>120x48xH72 cm Eichenschreibtisch mit 3 wei\u00dfen Schubladen und einem offenen Fach TL046 - Bagno Italia<\/title>\n<meta name=\"robots\" content=\"index, follow, max-snippet:-1, max-image-preview:large, max-video-preview:-1\" \/>\n<link rel=\"canonical\" href=\"https:\/\/www.bagnoitalia.com\/de\/produkt\/120x48xh72-cm-oak-desk-with-3-white-drawers-and-one-open-compartment-tl046.html\" \/>\n<meta property=\"og:locale\" content=\"de_DE\" \/>\n<meta property=\"og:type\" content=\"article\" \/>\n<meta property=\"og:title\" content=\"120x48xH72 cm Eichenschreibtisch mit 3 wei\u00dfen Schubladen und einem offenen Fach TL046 - Bagno Italia\" \/>\n<meta property=\"og:description\" content=\"Schreibtisch mit modernem Design, ideal f\u00fcr B\u00fcro, Arbeitszimmer oder Spiele. Zweifarbig, mit einem Gestell aus Eiche und wei\u00dfen Schubladenfronten.\" \/>\n<meta property=\"og:url\" content=\"https:\/\/www.bagnoitalia.com\/de\/produkt\/120x48xh72-cm-oak-desk-with-3-white-drawers-and-one-open-compartment-tl046.html\" \/>\n<meta property=\"og:site_name\" content=\"Bagno Italia\" \/>\n<meta property=\"article:modified_time\" content=\"2025-01-24T08:36:17+00:00\" \/>\n<meta property=\"og:image\" content=\"https:\/\/img.bagnoitalia.com\/wp-content\/uploads\/1-160.webp\" \/>\n\t<meta property=\"og:image:width\" content=\"600\" \/>\n\t<meta property=\"og:image:height\" content=\"600\" \/>\n\t<meta property=\"og:image:type\" content=\"image\/webp\" \/>\n<meta name=\"twitter:card\" content=\"summary_large_image\" \/>\n<meta name=\"twitter:label1\" content=\"Gesch\u00e4tzte Lesezeit\" \/>\n\t<meta name=\"twitter:data1\" content=\"1\u00a0Minute\" \/>\n<script type=\"application\/ld+json\" class=\"yoast-schema-graph\">{\"@context\":\"https:\/\/schema.org\",\"@graph\":[{\"@type\":\"WebPage\",\"@id\":\"https:\/\/www.bagnoitalia.com\/de\/produkt\/120x48xh72-cm-oak-desk-with-3-white-drawers-and-one-open-compartment-tl046.html\",\"url\":\"https:\/\/www.bagnoitalia.com\/de\/produkt\/120x48xh72-cm-oak-desk-with-3-white-drawers-and-one-open-compartment-tl046.html\",\"name\":\"120x48xH72 cm Eichenschreibtisch mit 3 wei\u00dfen Schubladen und einem offenen Fach TL046 - Bagno Italia\",\"isPartOf\":{\"@id\":\"https:\/\/www.bagnoitalia.com\/de#website\"},\"primaryImageOfPage\":{\"@id\":\"https:\/\/www.bagnoitalia.com\/de\/produkt\/120x48xh72-cm-oak-desk-with-3-white-drawers-and-one-open-compartment-tl046.html#primaryimage\"},\"image\":{\"@id\":\"https:\/\/www.bagnoitalia.com\/de\/produkt\/120x48xh72-cm-oak-desk-with-3-white-drawers-and-one-open-compartment-tl046.html#primaryimage\"},\"thumbnailUrl\":\"https:\/\/img.bagnoitalia.com\/wp-content\/uploads\/1-160.webp\",\"datePublished\":\"2025-01-24T08:35:28+00:00\",\"dateModified\":\"2025-01-24T08:36:17+00:00\",\"breadcrumb\":{\"@id\":\"https:\/\/www.bagnoitalia.com\/de\/produkt\/120x48xh72-cm-oak-desk-with-3-white-drawers-and-one-open-compartment-tl046.html#breadcrumb\"},\"inLanguage\":\"de\",\"potentialAction\":[{\"@type\":\"ReadAction\",\"target\":[\"https:\/\/www.bagnoitalia.com\/de\/produkt\/120x48xh72-cm-oak-desk-with-3-white-drawers-and-one-open-compartment-tl046.html\"]}]},{\"@type\":\"ImageObject\",\"inLanguage\":\"de\",\"@id\":\"https:\/\/www.bagnoitalia.com\/de\/produkt\/120x48xh72-cm-oak-desk-with-3-white-drawers-and-one-open-compartment-tl046.html#primaryimage\",\"url\":\"https:\/\/img.bagnoitalia.com\/wp-content\/uploads\/1-160.webp\",\"contentUrl\":\"https:\/\/img.bagnoitalia.com\/wp-content\/uploads\/1-160.webp\",\"width\":600,\"height\":600},{\"@type\":\"BreadcrumbList\",\"@id\":\"https:\/\/www.bagnoitalia.com\/de\/produkt\/120x48xh72-cm-oak-desk-with-3-white-drawers-and-one-open-compartment-tl046.html#breadcrumb\",\"itemListElement\":[{\"@type\":\"ListItem\",\"position\":1,\"name\":\"Home\",\"item\":\"https:\/\/www.bagnoitalia.com\/de\"},{\"@type\":\"ListItem\",\"position\":2,\"name\":\"Produkte\",\"item\":\"https:\/\/www.bagnoitalia.com\/de\/shop\"},{\"@type\":\"ListItem\",\"position\":3,\"name\":\"120x48xH72 cm Eichenschreibtisch mit 3 wei\u00dfen Schubladen und einem offenen Fach TL046\"}]},{\"@type\":\"WebSite\",\"@id\":\"https:\/\/www.bagnoitalia.com\/de#website\",\"url\":\"https:\/\/www.bagnoitalia.com\/de\",\"name\":\"Bagno Italia\",\"description\":\"\",\"publisher\":{\"@id\":\"https:\/\/www.bagnoitalia.com\/de#organization\"},\"potentialAction\":[{\"@type\":\"SearchAction\",\"target\":{\"@type\":\"EntryPoint\",\"urlTemplate\":\"https:\/\/www.bagnoitalia.com\/de?s={search_term_string}\"},\"query-input\":{\"@type\":\"PropertyValueSpecification\",\"valueRequired\":true,\"valueName\":\"search_term_string\"}}],\"inLanguage\":\"de\"},{\"@type\":\"Organization\",\"@id\":\"https:\/\/www.bagnoitalia.com\/de#organization\",\"name\":\"Bagno Italia\",\"url\":\"https:\/\/www.bagnoitalia.com\/de\",\"logo\":{\"@type\":\"ImageObject\",\"inLanguage\":\"de\",\"@id\":\"https:\/\/www.bagnoitalia.com\/de#\/schema\/logo\/image\/\",\"url\":\"https:\/\/img.bagnoitalia.com\/wp-content\/uploads\/logo-bagnoitalia.webp\",\"contentUrl\":\"https:\/\/img.bagnoitalia.com\/wp-content\/uploads\/logo-bagnoitalia.webp\",\"width\":400,\"height\":70,\"caption\":\"Bagno Italia\"},\"image\":{\"@id\":\"https:\/\/www.bagnoitalia.com\/de#\/schema\/logo\/image\/\"}}]}<\/script>\n<!-- \/ Yoast SEO plugin. -->","yoast_head_json":{"title":"120x48xH72 cm Eichenschreibtisch mit 3 wei\u00dfen Schubladen und einem offenen Fach TL046 - Bagno Italia","robots":{"index":"index","follow":"follow","max-snippet":"max-snippet:-1","max-image-preview":"max-image-preview:large","max-video-preview":"max-video-preview:-1"},"canonical":"https:\/\/www.bagnoitalia.com\/de\/produkt\/120x48xh72-cm-oak-desk-with-3-white-drawers-and-one-open-compartment-tl046.html","og_locale":"de_DE","og_type":"article","og_title":"120x48xH72 cm Eichenschreibtisch mit 3 wei\u00dfen Schubladen und einem offenen Fach TL046 - Bagno Italia","og_description":"Schreibtisch mit modernem Design, ideal f\u00fcr B\u00fcro, Arbeitszimmer oder Spiele. Zweifarbig, mit einem Gestell aus Eiche und wei\u00dfen Schubladenfronten.","og_url":"https:\/\/www.bagnoitalia.com\/de\/produkt\/120x48xh72-cm-oak-desk-with-3-white-drawers-and-one-open-compartment-tl046.html","og_site_name":"Bagno Italia","article_modified_time":"2025-01-24T08:36:17+00:00","og_image":[{"width":600,"height":600,"url":"https:\/\/img.bagnoitalia.com\/wp-content\/uploads\/1-160.webp","type":"image\/webp"}],"twitter_card":"summary_large_image","twitter_misc":{"Gesch\u00e4tzte Lesezeit":"1\u00a0Minute"},"schema":{"@context":"https:\/\/schema.org","@graph":[{"@type":"WebPage","@id":"https:\/\/www.bagnoitalia.com\/de\/produkt\/120x48xh72-cm-oak-desk-with-3-white-drawers-and-one-open-compartment-tl046.html","url":"https:\/\/www.bagnoitalia.com\/de\/produkt\/120x48xh72-cm-oak-desk-with-3-white-drawers-and-one-open-compartment-tl046.html","name":"120x48xH72 cm Eichenschreibtisch mit 3 wei\u00dfen Schubladen und einem offenen Fach TL046 - Bagno Italia","isPartOf":{"@id":"https:\/\/www.bagnoitalia.com\/de#website"},"primaryImageOfPage":{"@id":"https:\/\/www.bagnoitalia.com\/de\/produkt\/120x48xh72-cm-oak-desk-with-3-white-drawers-and-one-open-compartment-tl046.html#primaryimage"},"image":{"@id":"https:\/\/www.bagnoitalia.com\/de\/produkt\/120x48xh72-cm-oak-desk-with-3-white-drawers-and-one-open-compartment-tl046.html#primaryimage"},"thumbnailUrl":"https:\/\/img.bagnoitalia.com\/wp-content\/uploads\/1-160.webp","datePublished":"2025-01-24T08:35:28+00:00","dateModified":"2025-01-24T08:36:17+00:00","breadcrumb":{"@id":"https:\/\/www.bagnoitalia.com\/de\/produkt\/120x48xh72-cm-oak-desk-with-3-white-drawers-and-one-open-compartment-tl046.html#breadcrumb"},"inLanguage":"de","potentialAction":[{"@type":"ReadAction","target":["https:\/\/www.bagnoitalia.com\/de\/produkt\/120x48xh72-cm-oak-desk-with-3-white-drawers-and-one-open-compartment-tl046.html"]}]},{"@type":"ImageObject","inLanguage":"de","@id":"https:\/\/www.bagnoitalia.com\/de\/produkt\/120x48xh72-cm-oak-desk-with-3-white-drawers-and-one-open-compartment-tl046.html#primaryimage","url":"https:\/\/img.bagnoitalia.com\/wp-content\/uploads\/1-160.webp","contentUrl":"https:\/\/img.bagnoitalia.com\/wp-content\/uploads\/1-160.webp","width":600,"height":600},{"@type":"BreadcrumbList","@id":"https:\/\/www.bagnoitalia.com\/de\/produkt\/120x48xh72-cm-oak-desk-with-3-white-drawers-and-one-open-compartment-tl046.html#breadcrumb","itemListElement":[{"@type":"ListItem","position":1,"name":"Home","item":"https:\/\/www.bagnoitalia.com\/de"},{"@type":"ListItem","position":2,"name":"Produkte","item":"https:\/\/www.bagnoitalia.com\/de\/shop"},{"@type":"ListItem","position":3,"name":"120x48xH72 cm Eichenschreibtisch mit 3 wei\u00dfen Schubladen und einem offenen Fach TL046"}]},{"@type":"WebSite","@id":"https:\/\/www.bagnoitalia.com\/de#website","url":"https:\/\/www.bagnoitalia.com\/de","name":"Bagno Italia","description":"","publisher":{"@id":"https:\/\/www.bagnoitalia.com\/de#organization"},"potentialAction":[{"@type":"SearchAction","target":{"@type":"EntryPoint","urlTemplate":"https:\/\/www.bagnoitalia.com\/de?s={search_term_string}"},"query-input":{"@type":"PropertyValueSpecification","valueRequired":true,"valueName":"search_term_string"}}],"inLanguage":"de"},{"@type":"Organization","@id":"https:\/\/www.bagnoitalia.com\/de#organization","name":"Bagno Italia","url":"https:\/\/www.bagnoitalia.com\/de","logo":{"@type":"ImageObject","inLanguage":"de","@id":"https:\/\/www.bagnoitalia.com\/de#\/schema\/logo\/image\/","url":"https:\/\/img.bagnoitalia.com\/wp-content\/uploads\/logo-bagnoitalia.webp","contentUrl":"https:\/\/img.bagnoitalia.com\/wp-content\/uploads\/logo-bagnoitalia.webp","width":400,"height":70,"caption":"Bagno Italia"},"image":{"@id":"https:\/\/www.bagnoitalia.com\/de#\/schema\/logo\/image\/"}}]}},"_links":{"self":[{"href":"https:\/\/www.bagnoitalia.com\/de\/wp-json\/wp\/v2\/product\/101571","targetHints":{"allow":["GET"]}}],"collection":[{"href":"https:\/\/www.bagnoitalia.com\/de\/wp-json\/wp\/v2\/product"}],"about":[{"href":"https:\/\/www.bagnoitalia.com\/de\/wp-json\/wp\/v2\/types\/product"}],"replies":[{"embeddable":true,"href":"https:\/\/www.bagnoitalia.com\/de\/wp-json\/wp\/v2\/comments?post=101571"}],"version-history":[{"count":1,"href":"https:\/\/www.bagnoitalia.com\/de\/wp-json\/wp\/v2\/product\/101571\/revisions"}],"predecessor-version":[{"id":101573,"href":"https:\/\/www.bagnoitalia.com\/de\/wp-json\/wp\/v2\/product\/101571\/revisions\/101573"}],"wp:featuredmedia":[{"embeddable":true,"href":"https:\/\/www.bagnoitalia.com\/de\/wp-json\/wp\/v2\/media\/101563"}],"wp:attachment":[{"href":"https:\/\/www.bagnoitalia.com\/de\/wp-json\/wp\/v2\/media?parent=101571"}],"wp:term":[{"taxonomy":"product_brand","embeddable":true,"href":"https:\/\/www.bagnoitalia.com\/de\/wp-json\/wp\/v2\/product_brand?post=101571"},{"taxonomy":"product_cat","embeddable":true,"href":"https:\/\/www.bagnoitalia.com\/de\/wp-json\/wp\/v2\/product_cat?post=101571"},{"taxonomy":"product_tag","embeddable":true,"href":"https:\/\/www.bagnoitalia.com\/de\/wp-json\/wp\/v2\/product_tag?post=101571"}],"curies":[{"name":"wp","href":"https:\/\/api.w.org\/{rel}","templated":true}]}}