{"id":101462,"date":"2025-01-23T15:09:26","date_gmt":"2025-01-23T14:09:26","guid":{"rendered":"https:\/\/www.bagnoitalia.com\/desk-140-or-180-cm-cement-colour-also-with-drawers-tl042.html"},"modified":"2025-01-23T15:10:46","modified_gmt":"2025-01-23T14:10:46","slug":"desk-140-or-180-cm-cement-colour-also-with-drawers-tl042","status":"publish","type":"product","link":"https:\/\/www.bagnoitalia.com\/de\/produkt\/desk-140-or-180-cm-cement-colour-also-with-drawers-tl042.html","title":{"rendered":"Schreibtisch 140 oder 180 cm zementfarben auch mit Schubladen TL042"},"content":{"rendered":"<p>Schreibtisch &#8218;TL042&#8216;, 140 oder 180 cm, mit oder ohne Schubladen<\/p>\n<p>&nbsp;<\/p>\n<p>&nbsp;<\/p>\n<p>&nbsp;<\/p>\n<p>&nbsp;<\/p>\n<p>FEATURES<\/p>\n<p>Schreibtisch geeignet f\u00fcr B\u00fcros oder Zimmer<\/p>\n<p>H\u00f6he: 74 cm<\/p>\n<p>Tiefe: 69 cm<\/p>\n<p>L\u00e4nge erh\u00e4ltlich ab: 140cm oder 180cm (Gr\u00f6\u00dfe \u00fcber das Men\u00fc oben ausw\u00e4hlen)<\/p>\n<p>Farbe: zementgrau<\/p>\n<p>Es besteht die M\u00f6glichkeit, einen Unterschrank 55x45xH66 cm mit 3 Schubladen, zementgrau mit wei\u00dfen Fronten, zu kombinieren, indem Sie ihn im Men\u00fc oben ausw\u00e4hlen<\/p>\n<p>Holzstruktur mit Melaminharzbeschichtung<\/p>\n<p>Leicht zu montieren und zu reinigen<\/p>\n<p>&nbsp;<\/p>\n<p>&nbsp;<\/p>\n<p>&nbsp;<\/p>\n<p>&nbsp;<\/p>\n<p>&nbsp;<\/p>\n<p>&nbsp;<\/p>\n<p>&nbsp;<\/p>\n<p>&nbsp;<\/p>\n<p>&nbsp;<\/p>\n<p>&nbsp;<\/p>\n<p>&nbsp;<\/p>\n<p>&nbsp;<\/p>\n<p>&nbsp;<\/p>\n<p>83989<br \/>\n93064<br \/>\n83987<\/p>\n<p>&nbsp;<\/p>\n<p>&nbsp;<\/p>\n<p>&nbsp;<\/p>\n<p>&nbsp;<\/p>\n<p>&nbsp;<\/p>\n","protected":false},"excerpt":{"rendered":"<p>Moderner Schreibtisch f\u00fcr B\u00fcro oder Schlafzimmer, erh\u00e4ltlich in 140 oder 180 cm. Tiefe 69 cm und H\u00f6he 74 cm. Es besteht die M\u00f6glichkeit, einen bodenstehenden Unterschrank mit 3 Schubladen hinzuzuf\u00fcgen.<\/p>\n","protected":false},"featured_media":101446,"comment_status":"open","ping_status":"closed","template":"","meta":[],"product_brand":[10113],"product_cat":[9998],"product_tag":[],"class_list":{"0":"post-101462","1":"product","2":"type-product","3":"status-publish","4":"has-post-thumbnail","6":"product_brand-antonio-capaldo","7":"product_cat-schreibtische","9":"first","10":"instock","11":"sale","12":"taxable","13":"shipping-taxable","14":"purchasable","15":"product-type-simple"},"exclude_global_add_ons":false,"addons":[{"name":"Abmessungen","type":"multiple_choice","position":0,"required":false,"title_format":"label","default":"","description_enable":false,"description":"","placeholder_enable":false,"placeholder":"","display":"select","restrictions_type":"any_text","adjust_price":false,"price":"","price_type":"flat_fee","restrictions":false,"min":"0","max":"0","options":[{"label":"140x69 cm","price":"","price_type":"flat_fee","image":0,"visibility":true},{"label":"180x69 cm","price":"40","price_type":"flat_fee","image":0,"visibility":true}],"id":1737644967},{"name":"Kommode mit Schubladen","type":"multiple_choice","position":1,"required":false,"title_format":"label","default":"","description_enable":false,"description":"","placeholder_enable":false,"placeholder":"","display":"select","restrictions_type":"any_text","adjust_price":false,"price":"","price_type":"flat_fee","restrictions":false,"min":"0","max":"0","options":[{"label":"Nein","price":"","price_type":"flat_fee","image":0,"visibility":true},{"label":"Unterschrank mit 3 Schubladen 55x45xH66 cm","price":"189","price_type":"flat_fee","image":0,"visibility":true}],"id":1737644968}],"yoast_head":"<!-- This site is optimized with the Yoast SEO plugin v26.7 - https:\/\/yoast.com\/wordpress\/plugins\/seo\/ -->\n<title>Schreibtisch 140 oder 180 cm zementfarben auch mit Schubladen TL042 - Bagno Italia<\/title>\n<meta name=\"robots\" content=\"index, follow, max-snippet:-1, max-image-preview:large, max-video-preview:-1\" \/>\n<link rel=\"canonical\" href=\"https:\/\/www.bagnoitalia.com\/de\/produkt\/desk-140-or-180-cm-cement-colour-also-with-drawers-tl042.html\" \/>\n<meta property=\"og:locale\" content=\"de_DE\" \/>\n<meta property=\"og:type\" content=\"article\" \/>\n<meta property=\"og:title\" content=\"Schreibtisch 140 oder 180 cm zementfarben auch mit Schubladen TL042 - Bagno Italia\" \/>\n<meta property=\"og:description\" content=\"Moderner Schreibtisch f\u00fcr B\u00fcro oder Schlafzimmer, erh\u00e4ltlich in 140 oder 180 cm. Tiefe 69 cm und H\u00f6he 74 cm. Es besteht die M\u00f6glichkeit, einen bodenstehenden Unterschrank mit 3 Schubladen hinzuzuf\u00fcgen.\" \/>\n<meta property=\"og:url\" content=\"https:\/\/www.bagnoitalia.com\/de\/produkt\/desk-140-or-180-cm-cement-colour-also-with-drawers-tl042.html\" \/>\n<meta property=\"og:site_name\" content=\"Bagno Italia\" \/>\n<meta property=\"article:modified_time\" content=\"2025-01-23T14:10:46+00:00\" \/>\n<meta property=\"og:image\" content=\"https:\/\/img.bagnoitalia.com\/wp-content\/uploads\/1-154.webp\" \/>\n\t<meta property=\"og:image:width\" content=\"1000\" \/>\n\t<meta property=\"og:image:height\" content=\"1000\" \/>\n\t<meta property=\"og:image:type\" content=\"image\/webp\" \/>\n<meta name=\"twitter:card\" content=\"summary_large_image\" \/>\n<meta name=\"twitter:label1\" content=\"Gesch\u00e4tzte Lesezeit\" \/>\n\t<meta name=\"twitter:data1\" content=\"1\u00a0Minute\" \/>\n<script type=\"application\/ld+json\" class=\"yoast-schema-graph\">{\"@context\":\"https:\/\/schema.org\",\"@graph\":[{\"@type\":\"WebPage\",\"@id\":\"https:\/\/www.bagnoitalia.com\/de\/produkt\/desk-140-or-180-cm-cement-colour-also-with-drawers-tl042.html\",\"url\":\"https:\/\/www.bagnoitalia.com\/de\/produkt\/desk-140-or-180-cm-cement-colour-also-with-drawers-tl042.html\",\"name\":\"Schreibtisch 140 oder 180 cm zementfarben auch mit Schubladen TL042 - Bagno Italia\",\"isPartOf\":{\"@id\":\"https:\/\/www.bagnoitalia.com\/de#website\"},\"primaryImageOfPage\":{\"@id\":\"https:\/\/www.bagnoitalia.com\/de\/produkt\/desk-140-or-180-cm-cement-colour-also-with-drawers-tl042.html#primaryimage\"},\"image\":{\"@id\":\"https:\/\/www.bagnoitalia.com\/de\/produkt\/desk-140-or-180-cm-cement-colour-also-with-drawers-tl042.html#primaryimage\"},\"thumbnailUrl\":\"https:\/\/img.bagnoitalia.com\/wp-content\/uploads\/1-154.webp\",\"datePublished\":\"2025-01-23T14:09:26+00:00\",\"dateModified\":\"2025-01-23T14:10:46+00:00\",\"breadcrumb\":{\"@id\":\"https:\/\/www.bagnoitalia.com\/de\/produkt\/desk-140-or-180-cm-cement-colour-also-with-drawers-tl042.html#breadcrumb\"},\"inLanguage\":\"de\",\"potentialAction\":[{\"@type\":\"ReadAction\",\"target\":[\"https:\/\/www.bagnoitalia.com\/de\/produkt\/desk-140-or-180-cm-cement-colour-also-with-drawers-tl042.html\"]}]},{\"@type\":\"ImageObject\",\"inLanguage\":\"de\",\"@id\":\"https:\/\/www.bagnoitalia.com\/de\/produkt\/desk-140-or-180-cm-cement-colour-also-with-drawers-tl042.html#primaryimage\",\"url\":\"https:\/\/img.bagnoitalia.com\/wp-content\/uploads\/1-154.webp\",\"contentUrl\":\"https:\/\/img.bagnoitalia.com\/wp-content\/uploads\/1-154.webp\",\"width\":1000,\"height\":1000},{\"@type\":\"BreadcrumbList\",\"@id\":\"https:\/\/www.bagnoitalia.com\/de\/produkt\/desk-140-or-180-cm-cement-colour-also-with-drawers-tl042.html#breadcrumb\",\"itemListElement\":[{\"@type\":\"ListItem\",\"position\":1,\"name\":\"Home\",\"item\":\"https:\/\/www.bagnoitalia.com\/de\"},{\"@type\":\"ListItem\",\"position\":2,\"name\":\"Produkte\",\"item\":\"https:\/\/www.bagnoitalia.com\/de\/shop\"},{\"@type\":\"ListItem\",\"position\":3,\"name\":\"Schreibtisch 140 oder 180 cm zementfarben auch mit Schubladen TL042\"}]},{\"@type\":\"WebSite\",\"@id\":\"https:\/\/www.bagnoitalia.com\/de#website\",\"url\":\"https:\/\/www.bagnoitalia.com\/de\",\"name\":\"Bagno Italia\",\"description\":\"\",\"publisher\":{\"@id\":\"https:\/\/www.bagnoitalia.com\/de#organization\"},\"potentialAction\":[{\"@type\":\"SearchAction\",\"target\":{\"@type\":\"EntryPoint\",\"urlTemplate\":\"https:\/\/www.bagnoitalia.com\/de?s={search_term_string}\"},\"query-input\":{\"@type\":\"PropertyValueSpecification\",\"valueRequired\":true,\"valueName\":\"search_term_string\"}}],\"inLanguage\":\"de\"},{\"@type\":\"Organization\",\"@id\":\"https:\/\/www.bagnoitalia.com\/de#organization\",\"name\":\"Bagno Italia\",\"url\":\"https:\/\/www.bagnoitalia.com\/de\",\"logo\":{\"@type\":\"ImageObject\",\"inLanguage\":\"de\",\"@id\":\"https:\/\/www.bagnoitalia.com\/de#\/schema\/logo\/image\/\",\"url\":\"https:\/\/img.bagnoitalia.com\/wp-content\/uploads\/logo-bagnoitalia.webp\",\"contentUrl\":\"https:\/\/img.bagnoitalia.com\/wp-content\/uploads\/logo-bagnoitalia.webp\",\"width\":400,\"height\":70,\"caption\":\"Bagno Italia\"},\"image\":{\"@id\":\"https:\/\/www.bagnoitalia.com\/de#\/schema\/logo\/image\/\"}}]}<\/script>\n<!-- \/ Yoast SEO plugin. -->","yoast_head_json":{"title":"Schreibtisch 140 oder 180 cm zementfarben auch mit Schubladen TL042 - Bagno Italia","robots":{"index":"index","follow":"follow","max-snippet":"max-snippet:-1","max-image-preview":"max-image-preview:large","max-video-preview":"max-video-preview:-1"},"canonical":"https:\/\/www.bagnoitalia.com\/de\/produkt\/desk-140-or-180-cm-cement-colour-also-with-drawers-tl042.html","og_locale":"de_DE","og_type":"article","og_title":"Schreibtisch 140 oder 180 cm zementfarben auch mit Schubladen TL042 - Bagno Italia","og_description":"Moderner Schreibtisch f\u00fcr B\u00fcro oder Schlafzimmer, erh\u00e4ltlich in 140 oder 180 cm. Tiefe 69 cm und H\u00f6he 74 cm. Es besteht die M\u00f6glichkeit, einen bodenstehenden Unterschrank mit 3 Schubladen hinzuzuf\u00fcgen.","og_url":"https:\/\/www.bagnoitalia.com\/de\/produkt\/desk-140-or-180-cm-cement-colour-also-with-drawers-tl042.html","og_site_name":"Bagno Italia","article_modified_time":"2025-01-23T14:10:46+00:00","og_image":[{"width":1000,"height":1000,"url":"https:\/\/img.bagnoitalia.com\/wp-content\/uploads\/1-154.webp","type":"image\/webp"}],"twitter_card":"summary_large_image","twitter_misc":{"Gesch\u00e4tzte Lesezeit":"1\u00a0Minute"},"schema":{"@context":"https:\/\/schema.org","@graph":[{"@type":"WebPage","@id":"https:\/\/www.bagnoitalia.com\/de\/produkt\/desk-140-or-180-cm-cement-colour-also-with-drawers-tl042.html","url":"https:\/\/www.bagnoitalia.com\/de\/produkt\/desk-140-or-180-cm-cement-colour-also-with-drawers-tl042.html","name":"Schreibtisch 140 oder 180 cm zementfarben auch mit Schubladen TL042 - Bagno Italia","isPartOf":{"@id":"https:\/\/www.bagnoitalia.com\/de#website"},"primaryImageOfPage":{"@id":"https:\/\/www.bagnoitalia.com\/de\/produkt\/desk-140-or-180-cm-cement-colour-also-with-drawers-tl042.html#primaryimage"},"image":{"@id":"https:\/\/www.bagnoitalia.com\/de\/produkt\/desk-140-or-180-cm-cement-colour-also-with-drawers-tl042.html#primaryimage"},"thumbnailUrl":"https:\/\/img.bagnoitalia.com\/wp-content\/uploads\/1-154.webp","datePublished":"2025-01-23T14:09:26+00:00","dateModified":"2025-01-23T14:10:46+00:00","breadcrumb":{"@id":"https:\/\/www.bagnoitalia.com\/de\/produkt\/desk-140-or-180-cm-cement-colour-also-with-drawers-tl042.html#breadcrumb"},"inLanguage":"de","potentialAction":[{"@type":"ReadAction","target":["https:\/\/www.bagnoitalia.com\/de\/produkt\/desk-140-or-180-cm-cement-colour-also-with-drawers-tl042.html"]}]},{"@type":"ImageObject","inLanguage":"de","@id":"https:\/\/www.bagnoitalia.com\/de\/produkt\/desk-140-or-180-cm-cement-colour-also-with-drawers-tl042.html#primaryimage","url":"https:\/\/img.bagnoitalia.com\/wp-content\/uploads\/1-154.webp","contentUrl":"https:\/\/img.bagnoitalia.com\/wp-content\/uploads\/1-154.webp","width":1000,"height":1000},{"@type":"BreadcrumbList","@id":"https:\/\/www.bagnoitalia.com\/de\/produkt\/desk-140-or-180-cm-cement-colour-also-with-drawers-tl042.html#breadcrumb","itemListElement":[{"@type":"ListItem","position":1,"name":"Home","item":"https:\/\/www.bagnoitalia.com\/de"},{"@type":"ListItem","position":2,"name":"Produkte","item":"https:\/\/www.bagnoitalia.com\/de\/shop"},{"@type":"ListItem","position":3,"name":"Schreibtisch 140 oder 180 cm zementfarben auch mit Schubladen TL042"}]},{"@type":"WebSite","@id":"https:\/\/www.bagnoitalia.com\/de#website","url":"https:\/\/www.bagnoitalia.com\/de","name":"Bagno Italia","description":"","publisher":{"@id":"https:\/\/www.bagnoitalia.com\/de#organization"},"potentialAction":[{"@type":"SearchAction","target":{"@type":"EntryPoint","urlTemplate":"https:\/\/www.bagnoitalia.com\/de?s={search_term_string}"},"query-input":{"@type":"PropertyValueSpecification","valueRequired":true,"valueName":"search_term_string"}}],"inLanguage":"de"},{"@type":"Organization","@id":"https:\/\/www.bagnoitalia.com\/de#organization","name":"Bagno Italia","url":"https:\/\/www.bagnoitalia.com\/de","logo":{"@type":"ImageObject","inLanguage":"de","@id":"https:\/\/www.bagnoitalia.com\/de#\/schema\/logo\/image\/","url":"https:\/\/img.bagnoitalia.com\/wp-content\/uploads\/logo-bagnoitalia.webp","contentUrl":"https:\/\/img.bagnoitalia.com\/wp-content\/uploads\/logo-bagnoitalia.webp","width":400,"height":70,"caption":"Bagno Italia"},"image":{"@id":"https:\/\/www.bagnoitalia.com\/de#\/schema\/logo\/image\/"}}]}},"_links":{"self":[{"href":"https:\/\/www.bagnoitalia.com\/de\/wp-json\/wp\/v2\/product\/101462","targetHints":{"allow":["GET"]}}],"collection":[{"href":"https:\/\/www.bagnoitalia.com\/de\/wp-json\/wp\/v2\/product"}],"about":[{"href":"https:\/\/www.bagnoitalia.com\/de\/wp-json\/wp\/v2\/types\/product"}],"replies":[{"embeddable":true,"href":"https:\/\/www.bagnoitalia.com\/de\/wp-json\/wp\/v2\/comments?post=101462"}],"version-history":[{"count":1,"href":"https:\/\/www.bagnoitalia.com\/de\/wp-json\/wp\/v2\/product\/101462\/revisions"}],"predecessor-version":[{"id":101464,"href":"https:\/\/www.bagnoitalia.com\/de\/wp-json\/wp\/v2\/product\/101462\/revisions\/101464"}],"wp:featuredmedia":[{"embeddable":true,"href":"https:\/\/www.bagnoitalia.com\/de\/wp-json\/wp\/v2\/media\/101446"}],"wp:attachment":[{"href":"https:\/\/www.bagnoitalia.com\/de\/wp-json\/wp\/v2\/media?parent=101462"}],"wp:term":[{"taxonomy":"product_brand","embeddable":true,"href":"https:\/\/www.bagnoitalia.com\/de\/wp-json\/wp\/v2\/product_brand?post=101462"},{"taxonomy":"product_cat","embeddable":true,"href":"https:\/\/www.bagnoitalia.com\/de\/wp-json\/wp\/v2\/product_cat?post=101462"},{"taxonomy":"product_tag","embeddable":true,"href":"https:\/\/www.bagnoitalia.com\/de\/wp-json\/wp\/v2\/product_tag?post=101462"}],"curies":[{"name":"wp","href":"https:\/\/api.w.org\/{rel}","templated":true}]}}