{"id":101438,"date":"2025-01-23T14:57:31","date_gmt":"2025-01-23T13:57:31","guid":{"rendered":"https:\/\/www.bagnoitalia.com\/120x80-or-150x80-cm-desk-also-available-with-corner-tl041.html"},"modified":"2025-01-23T14:58:53","modified_gmt":"2025-01-23T13:58:53","slug":"120x80-or-150x80-cm-desk-also-available-with-corner-tl041","status":"publish","type":"product","link":"https:\/\/www.bagnoitalia.com\/de\/produkt\/120x80-or-150x80-cm-desk-also-available-with-corner-tl041.html","title":{"rendered":"Tisch 120&#215;80 oder 150&#215;80 cm auch mit Ecke TL041 erh\u00e4ltlich"},"content":{"rendered":"<p>TL041&#8242; 120 oder 150 cm SCHREIBTISCH mit oder ohne Ecke<\/p>\n<p>&nbsp;<\/p>\n<p>&nbsp;<\/p>\n<p>&nbsp;<\/p>\n<p>&nbsp;<\/p>\n<p>DETAILS ZUM PRODUKT<\/p>\n<p>Schreibtisch geeignet f\u00fcr B\u00fcros oder R\u00e4ume<\/p>\n<p>H\u00f6he: 74cm<\/p>\n<p>Tiefe: 80 cm<\/p>\n<p>L\u00e4nge verf\u00fcgbar ab: 120cm oder 150cm, w\u00e4hlen Sie die Gr\u00f6\u00dfe \u00fcber das Men\u00fc oben<\/p>\n<p>Es ist m\u00f6glich, eine 80&#215;80 cm gro\u00dfe Ecke (mit zentralem Metallbein) hinzuzuf\u00fcgen, indem Sie diese Option aus dem Men\u00fc oben ausw\u00e4hlen<\/p>\n<p>Farbe: Eiche mit wei\u00dfen Beinen<\/p>\n<p>Holzstruktur mit Melaminharzbeschichtung<\/p>\n<p>Leicht zu montieren und zu reinigen<\/p>\n<p>&nbsp;<\/p>\n<p>&nbsp;<\/p>\n<p>&nbsp;<\/p>\n<p>&nbsp;<\/p>\n<p>&nbsp;<\/p>\n<p>&nbsp;<\/p>\n<p>&nbsp;<\/p>\n<p>&nbsp;<\/p>\n<p>&nbsp;<\/p>\n<p>&nbsp;<\/p>\n<p>&nbsp;<\/p>\n<p>&nbsp;<\/p>\n<p>&nbsp;<\/p>\n<p>&nbsp;<\/p>\n<p>&nbsp;<\/p>\n<p>94876<br \/>\n94877<br \/>\n94878<\/p>\n<p>&nbsp;<\/p>\n<p>&nbsp;<\/p>\n<p>&nbsp;<\/p>\n","protected":false},"excerpt":{"rendered":"<p>Moderner Arbeitszimmertisch in zwei Gr\u00f6\u00dfen, 120 oder 150 cm, mit der M\u00f6glichkeit, eine zus\u00e4tzliche 80 cm lange Ecke hinzuzuf\u00fcgen. Aus Holz, mit eichenfarbener Melaminbeschichtung und wei\u00dfen Beinen.<\/p>\n","protected":false},"featured_media":101421,"comment_status":"open","ping_status":"closed","template":"","meta":[],"product_brand":[10113],"product_cat":[9998],"product_tag":[],"class_list":{"0":"post-101438","1":"product","2":"type-product","3":"status-publish","4":"has-post-thumbnail","6":"product_brand-antonio-capaldo","7":"product_cat-schreibtische","9":"first","10":"instock","11":"sale","12":"taxable","13":"shipping-taxable","14":"purchasable","15":"product-type-simple"},"exclude_global_add_ons":false,"addons":[{"name":"Abmessungen","type":"multiple_choice","position":0,"required":false,"title_format":"label","default":"","description_enable":false,"description":"","placeholder_enable":false,"placeholder":"","display":"select","restrictions_type":"any_text","adjust_price":false,"price":"","price_type":"flat_fee","restrictions":false,"min":"0","max":"0","options":[{"label":"120x80 cm","price":"","price_type":"flat_fee","image":0,"visibility":true},{"label":"nicht verf\u00fcgbar - 150x80 cm","price":"10","price_type":"flat_fee","image":0,"visibility":true}],"id":1737644252},{"name":"Ecke","type":"multiple_choice","position":1,"required":false,"title_format":"label","default":"","description_enable":false,"description":"","placeholder_enable":false,"placeholder":"","display":"select","restrictions_type":"any_text","adjust_price":false,"price":"","price_type":"flat_fee","restrictions":false,"min":"0","max":"0","options":[{"label":"Nein","price":"","price_type":"flat_fee","image":0,"visibility":true},{"label":"Zus\u00e4tzliche Ecke von 80x80 cm","price":"99","price_type":"flat_fee","image":0,"visibility":true}],"id":1737644253}],"yoast_head":"<!-- This site is optimized with the Yoast SEO plugin v26.7 - https:\/\/yoast.com\/wordpress\/plugins\/seo\/ -->\n<title>Tisch 120x80 oder 150x80 cm auch mit Ecke TL041 erh\u00e4ltlich - Bagno Italia<\/title>\n<meta name=\"robots\" content=\"index, follow, max-snippet:-1, max-image-preview:large, max-video-preview:-1\" \/>\n<link rel=\"canonical\" href=\"https:\/\/www.bagnoitalia.com\/de\/produkt\/120x80-or-150x80-cm-desk-also-available-with-corner-tl041.html\" \/>\n<meta property=\"og:locale\" content=\"de_DE\" \/>\n<meta property=\"og:type\" content=\"article\" \/>\n<meta property=\"og:title\" content=\"Tisch 120x80 oder 150x80 cm auch mit Ecke TL041 erh\u00e4ltlich - Bagno Italia\" \/>\n<meta property=\"og:description\" content=\"Moderner Arbeitszimmertisch in zwei Gr\u00f6\u00dfen, 120 oder 150 cm, mit der M\u00f6glichkeit, eine zus\u00e4tzliche 80 cm lange Ecke hinzuzuf\u00fcgen. Aus Holz, mit eichenfarbener Melaminbeschichtung und wei\u00dfen Beinen.\" \/>\n<meta property=\"og:url\" content=\"https:\/\/www.bagnoitalia.com\/de\/produkt\/120x80-or-150x80-cm-desk-also-available-with-corner-tl041.html\" \/>\n<meta property=\"og:site_name\" content=\"Bagno Italia\" \/>\n<meta property=\"article:modified_time\" content=\"2025-01-23T13:58:53+00:00\" \/>\n<meta property=\"og:image\" content=\"https:\/\/img.bagnoitalia.com\/wp-content\/uploads\/1-153.webp\" \/>\n\t<meta property=\"og:image:width\" content=\"1000\" \/>\n\t<meta property=\"og:image:height\" content=\"1000\" \/>\n\t<meta property=\"og:image:type\" content=\"image\/webp\" \/>\n<meta name=\"twitter:card\" content=\"summary_large_image\" \/>\n<meta name=\"twitter:label1\" content=\"Gesch\u00e4tzte Lesezeit\" \/>\n\t<meta name=\"twitter:data1\" content=\"1\u00a0Minute\" \/>\n<script type=\"application\/ld+json\" class=\"yoast-schema-graph\">{\"@context\":\"https:\/\/schema.org\",\"@graph\":[{\"@type\":\"WebPage\",\"@id\":\"https:\/\/www.bagnoitalia.com\/de\/produkt\/120x80-or-150x80-cm-desk-also-available-with-corner-tl041.html\",\"url\":\"https:\/\/www.bagnoitalia.com\/de\/produkt\/120x80-or-150x80-cm-desk-also-available-with-corner-tl041.html\",\"name\":\"Tisch 120x80 oder 150x80 cm auch mit Ecke TL041 erh\u00e4ltlich - Bagno Italia\",\"isPartOf\":{\"@id\":\"https:\/\/www.bagnoitalia.com\/de#website\"},\"primaryImageOfPage\":{\"@id\":\"https:\/\/www.bagnoitalia.com\/de\/produkt\/120x80-or-150x80-cm-desk-also-available-with-corner-tl041.html#primaryimage\"},\"image\":{\"@id\":\"https:\/\/www.bagnoitalia.com\/de\/produkt\/120x80-or-150x80-cm-desk-also-available-with-corner-tl041.html#primaryimage\"},\"thumbnailUrl\":\"https:\/\/img.bagnoitalia.com\/wp-content\/uploads\/1-153.webp\",\"datePublished\":\"2025-01-23T13:57:31+00:00\",\"dateModified\":\"2025-01-23T13:58:53+00:00\",\"breadcrumb\":{\"@id\":\"https:\/\/www.bagnoitalia.com\/de\/produkt\/120x80-or-150x80-cm-desk-also-available-with-corner-tl041.html#breadcrumb\"},\"inLanguage\":\"de\",\"potentialAction\":[{\"@type\":\"ReadAction\",\"target\":[\"https:\/\/www.bagnoitalia.com\/de\/produkt\/120x80-or-150x80-cm-desk-also-available-with-corner-tl041.html\"]}]},{\"@type\":\"ImageObject\",\"inLanguage\":\"de\",\"@id\":\"https:\/\/www.bagnoitalia.com\/de\/produkt\/120x80-or-150x80-cm-desk-also-available-with-corner-tl041.html#primaryimage\",\"url\":\"https:\/\/img.bagnoitalia.com\/wp-content\/uploads\/1-153.webp\",\"contentUrl\":\"https:\/\/img.bagnoitalia.com\/wp-content\/uploads\/1-153.webp\",\"width\":1000,\"height\":1000},{\"@type\":\"BreadcrumbList\",\"@id\":\"https:\/\/www.bagnoitalia.com\/de\/produkt\/120x80-or-150x80-cm-desk-also-available-with-corner-tl041.html#breadcrumb\",\"itemListElement\":[{\"@type\":\"ListItem\",\"position\":1,\"name\":\"Home\",\"item\":\"https:\/\/www.bagnoitalia.com\/de\"},{\"@type\":\"ListItem\",\"position\":2,\"name\":\"Produkte\",\"item\":\"https:\/\/www.bagnoitalia.com\/de\/shop\"},{\"@type\":\"ListItem\",\"position\":3,\"name\":\"Tisch 120&#215;80 oder 150&#215;80 cm auch mit Ecke TL041 erh\u00e4ltlich\"}]},{\"@type\":\"WebSite\",\"@id\":\"https:\/\/www.bagnoitalia.com\/de#website\",\"url\":\"https:\/\/www.bagnoitalia.com\/de\",\"name\":\"Bagno Italia\",\"description\":\"\",\"publisher\":{\"@id\":\"https:\/\/www.bagnoitalia.com\/de#organization\"},\"potentialAction\":[{\"@type\":\"SearchAction\",\"target\":{\"@type\":\"EntryPoint\",\"urlTemplate\":\"https:\/\/www.bagnoitalia.com\/de?s={search_term_string}\"},\"query-input\":{\"@type\":\"PropertyValueSpecification\",\"valueRequired\":true,\"valueName\":\"search_term_string\"}}],\"inLanguage\":\"de\"},{\"@type\":\"Organization\",\"@id\":\"https:\/\/www.bagnoitalia.com\/de#organization\",\"name\":\"Bagno Italia\",\"url\":\"https:\/\/www.bagnoitalia.com\/de\",\"logo\":{\"@type\":\"ImageObject\",\"inLanguage\":\"de\",\"@id\":\"https:\/\/www.bagnoitalia.com\/de#\/schema\/logo\/image\/\",\"url\":\"https:\/\/img.bagnoitalia.com\/wp-content\/uploads\/logo-bagnoitalia.webp\",\"contentUrl\":\"https:\/\/img.bagnoitalia.com\/wp-content\/uploads\/logo-bagnoitalia.webp\",\"width\":400,\"height\":70,\"caption\":\"Bagno Italia\"},\"image\":{\"@id\":\"https:\/\/www.bagnoitalia.com\/de#\/schema\/logo\/image\/\"}}]}<\/script>\n<!-- \/ Yoast SEO plugin. -->","yoast_head_json":{"title":"Tisch 120x80 oder 150x80 cm auch mit Ecke TL041 erh\u00e4ltlich - Bagno Italia","robots":{"index":"index","follow":"follow","max-snippet":"max-snippet:-1","max-image-preview":"max-image-preview:large","max-video-preview":"max-video-preview:-1"},"canonical":"https:\/\/www.bagnoitalia.com\/de\/produkt\/120x80-or-150x80-cm-desk-also-available-with-corner-tl041.html","og_locale":"de_DE","og_type":"article","og_title":"Tisch 120x80 oder 150x80 cm auch mit Ecke TL041 erh\u00e4ltlich - Bagno Italia","og_description":"Moderner Arbeitszimmertisch in zwei Gr\u00f6\u00dfen, 120 oder 150 cm, mit der M\u00f6glichkeit, eine zus\u00e4tzliche 80 cm lange Ecke hinzuzuf\u00fcgen. Aus Holz, mit eichenfarbener Melaminbeschichtung und wei\u00dfen Beinen.","og_url":"https:\/\/www.bagnoitalia.com\/de\/produkt\/120x80-or-150x80-cm-desk-also-available-with-corner-tl041.html","og_site_name":"Bagno Italia","article_modified_time":"2025-01-23T13:58:53+00:00","og_image":[{"width":1000,"height":1000,"url":"https:\/\/img.bagnoitalia.com\/wp-content\/uploads\/1-153.webp","type":"image\/webp"}],"twitter_card":"summary_large_image","twitter_misc":{"Gesch\u00e4tzte Lesezeit":"1\u00a0Minute"},"schema":{"@context":"https:\/\/schema.org","@graph":[{"@type":"WebPage","@id":"https:\/\/www.bagnoitalia.com\/de\/produkt\/120x80-or-150x80-cm-desk-also-available-with-corner-tl041.html","url":"https:\/\/www.bagnoitalia.com\/de\/produkt\/120x80-or-150x80-cm-desk-also-available-with-corner-tl041.html","name":"Tisch 120x80 oder 150x80 cm auch mit Ecke TL041 erh\u00e4ltlich - Bagno Italia","isPartOf":{"@id":"https:\/\/www.bagnoitalia.com\/de#website"},"primaryImageOfPage":{"@id":"https:\/\/www.bagnoitalia.com\/de\/produkt\/120x80-or-150x80-cm-desk-also-available-with-corner-tl041.html#primaryimage"},"image":{"@id":"https:\/\/www.bagnoitalia.com\/de\/produkt\/120x80-or-150x80-cm-desk-also-available-with-corner-tl041.html#primaryimage"},"thumbnailUrl":"https:\/\/img.bagnoitalia.com\/wp-content\/uploads\/1-153.webp","datePublished":"2025-01-23T13:57:31+00:00","dateModified":"2025-01-23T13:58:53+00:00","breadcrumb":{"@id":"https:\/\/www.bagnoitalia.com\/de\/produkt\/120x80-or-150x80-cm-desk-also-available-with-corner-tl041.html#breadcrumb"},"inLanguage":"de","potentialAction":[{"@type":"ReadAction","target":["https:\/\/www.bagnoitalia.com\/de\/produkt\/120x80-or-150x80-cm-desk-also-available-with-corner-tl041.html"]}]},{"@type":"ImageObject","inLanguage":"de","@id":"https:\/\/www.bagnoitalia.com\/de\/produkt\/120x80-or-150x80-cm-desk-also-available-with-corner-tl041.html#primaryimage","url":"https:\/\/img.bagnoitalia.com\/wp-content\/uploads\/1-153.webp","contentUrl":"https:\/\/img.bagnoitalia.com\/wp-content\/uploads\/1-153.webp","width":1000,"height":1000},{"@type":"BreadcrumbList","@id":"https:\/\/www.bagnoitalia.com\/de\/produkt\/120x80-or-150x80-cm-desk-also-available-with-corner-tl041.html#breadcrumb","itemListElement":[{"@type":"ListItem","position":1,"name":"Home","item":"https:\/\/www.bagnoitalia.com\/de"},{"@type":"ListItem","position":2,"name":"Produkte","item":"https:\/\/www.bagnoitalia.com\/de\/shop"},{"@type":"ListItem","position":3,"name":"Tisch 120&#215;80 oder 150&#215;80 cm auch mit Ecke TL041 erh\u00e4ltlich"}]},{"@type":"WebSite","@id":"https:\/\/www.bagnoitalia.com\/de#website","url":"https:\/\/www.bagnoitalia.com\/de","name":"Bagno Italia","description":"","publisher":{"@id":"https:\/\/www.bagnoitalia.com\/de#organization"},"potentialAction":[{"@type":"SearchAction","target":{"@type":"EntryPoint","urlTemplate":"https:\/\/www.bagnoitalia.com\/de?s={search_term_string}"},"query-input":{"@type":"PropertyValueSpecification","valueRequired":true,"valueName":"search_term_string"}}],"inLanguage":"de"},{"@type":"Organization","@id":"https:\/\/www.bagnoitalia.com\/de#organization","name":"Bagno Italia","url":"https:\/\/www.bagnoitalia.com\/de","logo":{"@type":"ImageObject","inLanguage":"de","@id":"https:\/\/www.bagnoitalia.com\/de#\/schema\/logo\/image\/","url":"https:\/\/img.bagnoitalia.com\/wp-content\/uploads\/logo-bagnoitalia.webp","contentUrl":"https:\/\/img.bagnoitalia.com\/wp-content\/uploads\/logo-bagnoitalia.webp","width":400,"height":70,"caption":"Bagno Italia"},"image":{"@id":"https:\/\/www.bagnoitalia.com\/de#\/schema\/logo\/image\/"}}]}},"_links":{"self":[{"href":"https:\/\/www.bagnoitalia.com\/de\/wp-json\/wp\/v2\/product\/101438","targetHints":{"allow":["GET"]}}],"collection":[{"href":"https:\/\/www.bagnoitalia.com\/de\/wp-json\/wp\/v2\/product"}],"about":[{"href":"https:\/\/www.bagnoitalia.com\/de\/wp-json\/wp\/v2\/types\/product"}],"replies":[{"embeddable":true,"href":"https:\/\/www.bagnoitalia.com\/de\/wp-json\/wp\/v2\/comments?post=101438"}],"version-history":[{"count":1,"href":"https:\/\/www.bagnoitalia.com\/de\/wp-json\/wp\/v2\/product\/101438\/revisions"}],"predecessor-version":[{"id":101440,"href":"https:\/\/www.bagnoitalia.com\/de\/wp-json\/wp\/v2\/product\/101438\/revisions\/101440"}],"wp:featuredmedia":[{"embeddable":true,"href":"https:\/\/www.bagnoitalia.com\/de\/wp-json\/wp\/v2\/media\/101421"}],"wp:attachment":[{"href":"https:\/\/www.bagnoitalia.com\/de\/wp-json\/wp\/v2\/media?parent=101438"}],"wp:term":[{"taxonomy":"product_brand","embeddable":true,"href":"https:\/\/www.bagnoitalia.com\/de\/wp-json\/wp\/v2\/product_brand?post=101438"},{"taxonomy":"product_cat","embeddable":true,"href":"https:\/\/www.bagnoitalia.com\/de\/wp-json\/wp\/v2\/product_cat?post=101438"},{"taxonomy":"product_tag","embeddable":true,"href":"https:\/\/www.bagnoitalia.com\/de\/wp-json\/wp\/v2\/product_tag?post=101438"}],"curies":[{"name":"wp","href":"https:\/\/api.w.org\/{rel}","templated":true}]}}