{"id":100825,"date":"2025-01-15T16:08:17","date_gmt":"2025-01-15T15:08:17","guid":{"rendered":"https:\/\/www.bagnoitalia.com\/40x50-or-77x50-cm-grey-drawer-unit-with-white-fronts-with-3-or-5-drawers-bm120.html"},"modified":"2025-01-15T16:09:36","modified_gmt":"2025-01-15T15:09:36","slug":"40x50-or-77x50-cm-grey-drawer-unit-with-white-fronts-with-3-or-5-drawers-bm120","status":"publish","type":"product","link":"https:\/\/www.bagnoitalia.com\/de\/produkt\/40x50-or-77x50-cm-grey-drawer-unit-with-white-fronts-with-3-or-5-drawers-bm120.html","title":{"rendered":"40&#215;50 oder 77&#215;50 cm grauer Schubladenschrank mit wei\u00dfen Fronten mit 3 oder 5 Schubladen BM120"},"content":{"rendered":"<p>M\u00d6BEL in 3 Ausf\u00fchrungen WHITE-CEMENT &#8218;BM120<\/p>\n<p>&nbsp;<\/p>\n<p>&nbsp;<\/p>\n<p>&nbsp;<\/p>\n<p>VERF\u00dcGBARE TYPEN<\/p>\n<p>Kommode erh\u00e4ltlich ab:<\/p>\n<p>77xT50xH70 cm mit 3 Schubladen<br \/>\n40xT50xH111 cm mit 5 Schubladen<br \/>\n77xP50xH111 cm mit 5 Schubladen<\/p>\n<p>W\u00e4hlen Sie den Typ aus dem Dropdown-Men\u00fc oben<\/p>\n<p>&nbsp;<\/p>\n<p>HAUPTEIGENSCHAFTEN<\/p>\n<p>Moderne Schubladenkommode, ideal f\u00fcr das Schlafzimmer<\/p>\n<p>Zweifarbig, mit zementgrauer Struktur und wei\u00dfen Schubladenfronten<\/p>\n<p>Ohne Griffe, mit Rillen\u00f6ffnung<\/p>\n<p>Struktur aus Furnierholz<\/p>\n<p>Leicht zu montieren und zu reinigen<\/p>\n<p>&nbsp;<\/p>\n<p>&nbsp;<\/p>\n<p>&nbsp;<\/p>\n<p>&nbsp;<\/p>\n<p>&nbsp;<\/p>\n<p>&nbsp;<\/p>\n<p>&nbsp;<\/p>\n<p>&nbsp;<\/p>\n<p>&nbsp;<\/p>\n<p>&nbsp;<\/p>\n<p>&nbsp;<\/p>\n<p>&nbsp;<\/p>\n<p>&nbsp;<\/p>\n<p>&nbsp;<\/p>\n<p>&nbsp;<\/p>\n<p>&nbsp;<\/p>\n<p>&nbsp;<\/p>\n<p>&nbsp;<\/p>\n<p>9085<br \/>\n90842<br \/>\n9095<\/p>\n<p>&nbsp;<\/p>\n<p>&nbsp;<\/p>\n<p>&nbsp;<\/p>\n","protected":false},"excerpt":{"rendered":"<p>Die Kommode ist in 3 Ausf\u00fchrungen erh\u00e4ltlich: 77x50cm mit 3 Schubladen oder 40x50cm mit 5 Schubladen oder 77x50cm mit 5 Schubladen. Modernes und anspruchsvolles Design, mit zementgrauer Struktur und wei\u00dfen Schubladen, ohne Griff.<\/p>\n","protected":false},"featured_media":100797,"comment_status":"open","ping_status":"closed","template":"","meta":[],"product_brand":[10113],"product_cat":[9788,9772],"product_tag":[],"class_list":{"0":"post-100825","1":"product","2":"type-product","3":"status-publish","4":"has-post-thumbnail","6":"product_brand-antonio-capaldo","7":"product_cat-mobel-fur-die-dekoration-inneneinrichtung","8":"product_cat-inneneinrichtung","10":"first","11":"instock","12":"sale","13":"taxable","14":"shipping-taxable","15":"purchasable","16":"product-type-simple"},"exclude_global_add_ons":false,"addons":[{"name":"Typ","type":"multiple_choice","position":0,"required":false,"title_format":"label","default":"","description_enable":false,"description":"","placeholder_enable":false,"placeholder":"","display":"select","restrictions_type":"any_text","adjust_price":false,"price":"","price_type":"flat_fee","restrictions":false,"min":"0","max":"0","options":[{"label":"77x50 cm mit 3 Schubladen","price":"","price_type":"flat_fee","image":0,"visibility":true},{"label":"40x50 cm mit 5 Schubladen","price":"10","price_type":"flat_fee","image":0,"visibility":true},{"label":"77x50 cm mit 5 Schubladen","price":"60","price_type":"flat_fee","image":0,"visibility":true}],"id":1736957298}],"yoast_head":"<!-- This site is optimized with the Yoast SEO plugin v26.7 - https:\/\/yoast.com\/wordpress\/plugins\/seo\/ -->\n<title>40x50 oder 77x50 cm grauer Schubladenschrank mit wei\u00dfen Fronten mit 3 oder 5 Schubladen BM120 - Bagno Italia<\/title>\n<meta name=\"robots\" content=\"index, follow, max-snippet:-1, max-image-preview:large, max-video-preview:-1\" \/>\n<link rel=\"canonical\" href=\"https:\/\/www.bagnoitalia.com\/de\/produkt\/40x50-or-77x50-cm-grey-drawer-unit-with-white-fronts-with-3-or-5-drawers-bm120.html\" \/>\n<meta property=\"og:locale\" content=\"de_DE\" \/>\n<meta property=\"og:type\" content=\"article\" \/>\n<meta property=\"og:title\" content=\"40x50 oder 77x50 cm grauer Schubladenschrank mit wei\u00dfen Fronten mit 3 oder 5 Schubladen BM120 - Bagno Italia\" \/>\n<meta property=\"og:description\" content=\"Die Kommode ist in 3 Ausf\u00fchrungen erh\u00e4ltlich: 77x50cm mit 3 Schubladen oder 40x50cm mit 5 Schubladen oder 77x50cm mit 5 Schubladen. Modernes und anspruchsvolles Design, mit zementgrauer Struktur und wei\u00dfen Schubladen, ohne Griff.\" \/>\n<meta property=\"og:url\" content=\"https:\/\/www.bagnoitalia.com\/de\/produkt\/40x50-or-77x50-cm-grey-drawer-unit-with-white-fronts-with-3-or-5-drawers-bm120.html\" \/>\n<meta property=\"og:site_name\" content=\"Bagno Italia\" \/>\n<meta property=\"article:modified_time\" content=\"2025-01-15T15:09:36+00:00\" \/>\n<meta property=\"og:image\" content=\"https:\/\/img.bagnoitalia.com\/wp-content\/uploads\/1-134.webp\" \/>\n\t<meta property=\"og:image:width\" content=\"1000\" \/>\n\t<meta property=\"og:image:height\" content=\"1000\" \/>\n\t<meta property=\"og:image:type\" content=\"image\/webp\" \/>\n<meta name=\"twitter:card\" content=\"summary_large_image\" \/>\n<meta name=\"twitter:label1\" content=\"Gesch\u00e4tzte Lesezeit\" \/>\n\t<meta name=\"twitter:data1\" content=\"1\u00a0Minute\" \/>\n<script type=\"application\/ld+json\" class=\"yoast-schema-graph\">{\"@context\":\"https:\/\/schema.org\",\"@graph\":[{\"@type\":\"WebPage\",\"@id\":\"https:\/\/www.bagnoitalia.com\/de\/produkt\/40x50-or-77x50-cm-grey-drawer-unit-with-white-fronts-with-3-or-5-drawers-bm120.html\",\"url\":\"https:\/\/www.bagnoitalia.com\/de\/produkt\/40x50-or-77x50-cm-grey-drawer-unit-with-white-fronts-with-3-or-5-drawers-bm120.html\",\"name\":\"40x50 oder 77x50 cm grauer Schubladenschrank mit wei\u00dfen Fronten mit 3 oder 5 Schubladen BM120 - Bagno Italia\",\"isPartOf\":{\"@id\":\"https:\/\/www.bagnoitalia.com\/de#website\"},\"primaryImageOfPage\":{\"@id\":\"https:\/\/www.bagnoitalia.com\/de\/produkt\/40x50-or-77x50-cm-grey-drawer-unit-with-white-fronts-with-3-or-5-drawers-bm120.html#primaryimage\"},\"image\":{\"@id\":\"https:\/\/www.bagnoitalia.com\/de\/produkt\/40x50-or-77x50-cm-grey-drawer-unit-with-white-fronts-with-3-or-5-drawers-bm120.html#primaryimage\"},\"thumbnailUrl\":\"https:\/\/img.bagnoitalia.com\/wp-content\/uploads\/1-134.webp\",\"datePublished\":\"2025-01-15T15:08:17+00:00\",\"dateModified\":\"2025-01-15T15:09:36+00:00\",\"breadcrumb\":{\"@id\":\"https:\/\/www.bagnoitalia.com\/de\/produkt\/40x50-or-77x50-cm-grey-drawer-unit-with-white-fronts-with-3-or-5-drawers-bm120.html#breadcrumb\"},\"inLanguage\":\"de\",\"potentialAction\":[{\"@type\":\"ReadAction\",\"target\":[\"https:\/\/www.bagnoitalia.com\/de\/produkt\/40x50-or-77x50-cm-grey-drawer-unit-with-white-fronts-with-3-or-5-drawers-bm120.html\"]}]},{\"@type\":\"ImageObject\",\"inLanguage\":\"de\",\"@id\":\"https:\/\/www.bagnoitalia.com\/de\/produkt\/40x50-or-77x50-cm-grey-drawer-unit-with-white-fronts-with-3-or-5-drawers-bm120.html#primaryimage\",\"url\":\"https:\/\/img.bagnoitalia.com\/wp-content\/uploads\/1-134.webp\",\"contentUrl\":\"https:\/\/img.bagnoitalia.com\/wp-content\/uploads\/1-134.webp\",\"width\":1000,\"height\":1000},{\"@type\":\"BreadcrumbList\",\"@id\":\"https:\/\/www.bagnoitalia.com\/de\/produkt\/40x50-or-77x50-cm-grey-drawer-unit-with-white-fronts-with-3-or-5-drawers-bm120.html#breadcrumb\",\"itemListElement\":[{\"@type\":\"ListItem\",\"position\":1,\"name\":\"Home\",\"item\":\"https:\/\/www.bagnoitalia.com\/de\"},{\"@type\":\"ListItem\",\"position\":2,\"name\":\"Produkte\",\"item\":\"https:\/\/www.bagnoitalia.com\/de\/shop\"},{\"@type\":\"ListItem\",\"position\":3,\"name\":\"40&#215;50 oder 77&#215;50 cm grauer Schubladenschrank mit wei\u00dfen Fronten mit 3 oder 5 Schubladen BM120\"}]},{\"@type\":\"WebSite\",\"@id\":\"https:\/\/www.bagnoitalia.com\/de#website\",\"url\":\"https:\/\/www.bagnoitalia.com\/de\",\"name\":\"Bagno Italia\",\"description\":\"\",\"publisher\":{\"@id\":\"https:\/\/www.bagnoitalia.com\/de#organization\"},\"potentialAction\":[{\"@type\":\"SearchAction\",\"target\":{\"@type\":\"EntryPoint\",\"urlTemplate\":\"https:\/\/www.bagnoitalia.com\/de?s={search_term_string}\"},\"query-input\":{\"@type\":\"PropertyValueSpecification\",\"valueRequired\":true,\"valueName\":\"search_term_string\"}}],\"inLanguage\":\"de\"},{\"@type\":\"Organization\",\"@id\":\"https:\/\/www.bagnoitalia.com\/de#organization\",\"name\":\"Bagno Italia\",\"url\":\"https:\/\/www.bagnoitalia.com\/de\",\"logo\":{\"@type\":\"ImageObject\",\"inLanguage\":\"de\",\"@id\":\"https:\/\/www.bagnoitalia.com\/de#\/schema\/logo\/image\/\",\"url\":\"https:\/\/img.bagnoitalia.com\/wp-content\/uploads\/logo-bagnoitalia.webp\",\"contentUrl\":\"https:\/\/img.bagnoitalia.com\/wp-content\/uploads\/logo-bagnoitalia.webp\",\"width\":400,\"height\":70,\"caption\":\"Bagno Italia\"},\"image\":{\"@id\":\"https:\/\/www.bagnoitalia.com\/de#\/schema\/logo\/image\/\"}}]}<\/script>\n<!-- \/ Yoast SEO plugin. -->","yoast_head_json":{"title":"40x50 oder 77x50 cm grauer Schubladenschrank mit wei\u00dfen Fronten mit 3 oder 5 Schubladen BM120 - Bagno Italia","robots":{"index":"index","follow":"follow","max-snippet":"max-snippet:-1","max-image-preview":"max-image-preview:large","max-video-preview":"max-video-preview:-1"},"canonical":"https:\/\/www.bagnoitalia.com\/de\/produkt\/40x50-or-77x50-cm-grey-drawer-unit-with-white-fronts-with-3-or-5-drawers-bm120.html","og_locale":"de_DE","og_type":"article","og_title":"40x50 oder 77x50 cm grauer Schubladenschrank mit wei\u00dfen Fronten mit 3 oder 5 Schubladen BM120 - Bagno Italia","og_description":"Die Kommode ist in 3 Ausf\u00fchrungen erh\u00e4ltlich: 77x50cm mit 3 Schubladen oder 40x50cm mit 5 Schubladen oder 77x50cm mit 5 Schubladen. Modernes und anspruchsvolles Design, mit zementgrauer Struktur und wei\u00dfen Schubladen, ohne Griff.","og_url":"https:\/\/www.bagnoitalia.com\/de\/produkt\/40x50-or-77x50-cm-grey-drawer-unit-with-white-fronts-with-3-or-5-drawers-bm120.html","og_site_name":"Bagno Italia","article_modified_time":"2025-01-15T15:09:36+00:00","og_image":[{"width":1000,"height":1000,"url":"https:\/\/img.bagnoitalia.com\/wp-content\/uploads\/1-134.webp","type":"image\/webp"}],"twitter_card":"summary_large_image","twitter_misc":{"Gesch\u00e4tzte Lesezeit":"1\u00a0Minute"},"schema":{"@context":"https:\/\/schema.org","@graph":[{"@type":"WebPage","@id":"https:\/\/www.bagnoitalia.com\/de\/produkt\/40x50-or-77x50-cm-grey-drawer-unit-with-white-fronts-with-3-or-5-drawers-bm120.html","url":"https:\/\/www.bagnoitalia.com\/de\/produkt\/40x50-or-77x50-cm-grey-drawer-unit-with-white-fronts-with-3-or-5-drawers-bm120.html","name":"40x50 oder 77x50 cm grauer Schubladenschrank mit wei\u00dfen Fronten mit 3 oder 5 Schubladen BM120 - Bagno Italia","isPartOf":{"@id":"https:\/\/www.bagnoitalia.com\/de#website"},"primaryImageOfPage":{"@id":"https:\/\/www.bagnoitalia.com\/de\/produkt\/40x50-or-77x50-cm-grey-drawer-unit-with-white-fronts-with-3-or-5-drawers-bm120.html#primaryimage"},"image":{"@id":"https:\/\/www.bagnoitalia.com\/de\/produkt\/40x50-or-77x50-cm-grey-drawer-unit-with-white-fronts-with-3-or-5-drawers-bm120.html#primaryimage"},"thumbnailUrl":"https:\/\/img.bagnoitalia.com\/wp-content\/uploads\/1-134.webp","datePublished":"2025-01-15T15:08:17+00:00","dateModified":"2025-01-15T15:09:36+00:00","breadcrumb":{"@id":"https:\/\/www.bagnoitalia.com\/de\/produkt\/40x50-or-77x50-cm-grey-drawer-unit-with-white-fronts-with-3-or-5-drawers-bm120.html#breadcrumb"},"inLanguage":"de","potentialAction":[{"@type":"ReadAction","target":["https:\/\/www.bagnoitalia.com\/de\/produkt\/40x50-or-77x50-cm-grey-drawer-unit-with-white-fronts-with-3-or-5-drawers-bm120.html"]}]},{"@type":"ImageObject","inLanguage":"de","@id":"https:\/\/www.bagnoitalia.com\/de\/produkt\/40x50-or-77x50-cm-grey-drawer-unit-with-white-fronts-with-3-or-5-drawers-bm120.html#primaryimage","url":"https:\/\/img.bagnoitalia.com\/wp-content\/uploads\/1-134.webp","contentUrl":"https:\/\/img.bagnoitalia.com\/wp-content\/uploads\/1-134.webp","width":1000,"height":1000},{"@type":"BreadcrumbList","@id":"https:\/\/www.bagnoitalia.com\/de\/produkt\/40x50-or-77x50-cm-grey-drawer-unit-with-white-fronts-with-3-or-5-drawers-bm120.html#breadcrumb","itemListElement":[{"@type":"ListItem","position":1,"name":"Home","item":"https:\/\/www.bagnoitalia.com\/de"},{"@type":"ListItem","position":2,"name":"Produkte","item":"https:\/\/www.bagnoitalia.com\/de\/shop"},{"@type":"ListItem","position":3,"name":"40&#215;50 oder 77&#215;50 cm grauer Schubladenschrank mit wei\u00dfen Fronten mit 3 oder 5 Schubladen BM120"}]},{"@type":"WebSite","@id":"https:\/\/www.bagnoitalia.com\/de#website","url":"https:\/\/www.bagnoitalia.com\/de","name":"Bagno Italia","description":"","publisher":{"@id":"https:\/\/www.bagnoitalia.com\/de#organization"},"potentialAction":[{"@type":"SearchAction","target":{"@type":"EntryPoint","urlTemplate":"https:\/\/www.bagnoitalia.com\/de?s={search_term_string}"},"query-input":{"@type":"PropertyValueSpecification","valueRequired":true,"valueName":"search_term_string"}}],"inLanguage":"de"},{"@type":"Organization","@id":"https:\/\/www.bagnoitalia.com\/de#organization","name":"Bagno Italia","url":"https:\/\/www.bagnoitalia.com\/de","logo":{"@type":"ImageObject","inLanguage":"de","@id":"https:\/\/www.bagnoitalia.com\/de#\/schema\/logo\/image\/","url":"https:\/\/img.bagnoitalia.com\/wp-content\/uploads\/logo-bagnoitalia.webp","contentUrl":"https:\/\/img.bagnoitalia.com\/wp-content\/uploads\/logo-bagnoitalia.webp","width":400,"height":70,"caption":"Bagno Italia"},"image":{"@id":"https:\/\/www.bagnoitalia.com\/de#\/schema\/logo\/image\/"}}]}},"_links":{"self":[{"href":"https:\/\/www.bagnoitalia.com\/de\/wp-json\/wp\/v2\/product\/100825","targetHints":{"allow":["GET"]}}],"collection":[{"href":"https:\/\/www.bagnoitalia.com\/de\/wp-json\/wp\/v2\/product"}],"about":[{"href":"https:\/\/www.bagnoitalia.com\/de\/wp-json\/wp\/v2\/types\/product"}],"replies":[{"embeddable":true,"href":"https:\/\/www.bagnoitalia.com\/de\/wp-json\/wp\/v2\/comments?post=100825"}],"version-history":[{"count":1,"href":"https:\/\/www.bagnoitalia.com\/de\/wp-json\/wp\/v2\/product\/100825\/revisions"}],"predecessor-version":[{"id":100827,"href":"https:\/\/www.bagnoitalia.com\/de\/wp-json\/wp\/v2\/product\/100825\/revisions\/100827"}],"wp:featuredmedia":[{"embeddable":true,"href":"https:\/\/www.bagnoitalia.com\/de\/wp-json\/wp\/v2\/media\/100797"}],"wp:attachment":[{"href":"https:\/\/www.bagnoitalia.com\/de\/wp-json\/wp\/v2\/media?parent=100825"}],"wp:term":[{"taxonomy":"product_brand","embeddable":true,"href":"https:\/\/www.bagnoitalia.com\/de\/wp-json\/wp\/v2\/product_brand?post=100825"},{"taxonomy":"product_cat","embeddable":true,"href":"https:\/\/www.bagnoitalia.com\/de\/wp-json\/wp\/v2\/product_cat?post=100825"},{"taxonomy":"product_tag","embeddable":true,"href":"https:\/\/www.bagnoitalia.com\/de\/wp-json\/wp\/v2\/product_tag?post=100825"}],"curies":[{"name":"wp","href":"https:\/\/api.w.org\/{rel}","templated":true}]}}