{"id":100737,"date":"2025-01-15T12:29:33","date_gmt":"2025-01-15T11:29:33","guid":{"rendered":"https:\/\/www.bagnoitalia.com\/135x52xh200-cm-oak-wardrobe-with-3-doors-and-4-drawers-bm116.html"},"modified":"2025-01-15T12:30:17","modified_gmt":"2025-01-15T11:30:17","slug":"135x52xh200-cm-oak-wardrobe-with-3-doors-and-4-drawers-bm116","status":"publish","type":"product","link":"https:\/\/www.bagnoitalia.com\/de\/produkt\/135x52xh200-cm-oak-wardrobe-with-3-doors-and-4-drawers-bm116.html","title":{"rendered":"135x52xH200 cm Kleiderschrank aus Eiche mit 3 T\u00fcren und 4 Schubladen BM116"},"content":{"rendered":"<p>SCHRANK 3 T\u00dcREN 4 SCHUBLADEN EICHE &#8218;BM116<\/p>\n<p>&nbsp;<\/p>\n<p>&nbsp;<\/p>\n<p>&nbsp;<\/p>\n<p>DETAILS ZUM PRODUKT<\/p>\n<p>Moderner Kleiderschrank f\u00fcr das Schlafzimmer<\/p>\n<p>Abmessungen: 135xP52xH200 cm<\/p>\n<p>Bestehend aus:<\/p>\n<p>3 T\u00fcren mit Scharnier\u00f6ffnung<br \/>\n2 gro\u00dfe Schubladen (Innenma\u00dfe 84,5xP45xH13 cm)<br \/>\n2 kleine Schubladen (Innenma\u00dfe 39,5xD45xH13 cm)<\/p>\n<p>Die beiden T\u00fcren auf der linken Seite haben innen eine Aluminium-H\u00e4ngestange (abnehmbar)<\/p>\n<p>Die rechte T\u00fcr ist innen mit 2 h\u00f6henverstellbaren Einlegeb\u00f6den ausgestattet<\/p>\n<p>Farbe au\u00dfen: Eiche<\/p>\n<p>Innenfarbe: Wei\u00df<\/p>\n<p>&nbsp;<\/p>\n<p>MATERIALIEN UND WEITERE SPEZIFIKATIONEN<\/p>\n<p>Melaminharzbeschichtete Holzstruktur<\/p>\n<p>R\u00fcckwand aus Mdf<\/p>\n<p>Schubladen aus Mdf<\/p>\n<p>pvc-Kanten<\/p>\n<p>Ger\u00e4usch- und kratzfeste ABS-Leisten<\/p>\n<p>Metalltr\u00e4ger f\u00fcr Einlegeb\u00f6den<\/p>\n<p>n.6 Griffe aus Aluminium<\/p>\n<p>Scharniere und F\u00fchrungsschienen aus Metall<\/p>\n<p>Maximal unterst\u00fctztes Gewicht der Kleiderstange: 8 kg<\/p>\n<p>Maximal unterst\u00fctztes Gewicht des Regals: 8 kg<\/p>\n<p>Maximal unterst\u00fctztes Schubladengewicht: 5 kg<\/p>\n<p>Maximal unterst\u00fctztes Schrankgewicht: 50 kg<\/p>\n<p>Leicht zu montieren und zu reinigen<\/p>\n<p>&nbsp;<\/p>\n<p>&nbsp;<\/p>\n<p>&nbsp;<\/p>\n<p>&nbsp;<\/p>\n<p>&nbsp;<\/p>\n<p>&nbsp;<\/p>\n<p>&nbsp;<\/p>\n<p>&nbsp;<\/p>\n<p>&nbsp;<\/p>\n<p>&nbsp;<\/p>\n<p>&nbsp;<\/p>\n<p>&nbsp;<\/p>\n<p>&nbsp;<\/p>\n<p>&nbsp;<\/p>\n<p>&nbsp;<\/p>\n<p>12560<\/p>\n<p>&nbsp;<\/p>\n<p>&nbsp;<\/p>\n<p>&nbsp;<\/p>\n","protected":false},"excerpt":{"rendered":"<p>Kleiderschrank bestehend aus 3 Fl\u00fcgelt\u00fcren, 2 gro\u00dfen Schubladen und 2 kleinen Schubladen. Komplett mit Kleiderb\u00fcgelstange f\u00fcr die linke Seite und Einlegeb\u00f6den (verstellbar) f\u00fcr die rechte Seite. Hergestellt aus Eiche Farbe, mit wei\u00dfem Interieur.<\/p>\n","protected":false},"featured_media":100721,"comment_status":"open","ping_status":"closed","template":"","meta":[],"product_brand":[10113],"product_cat":[9788,9772],"product_tag":[],"class_list":{"0":"post-100737","1":"product","2":"type-product","3":"status-publish","4":"has-post-thumbnail","6":"product_brand-antonio-capaldo","7":"product_cat-mobel-fur-die-dekoration-inneneinrichtung","8":"product_cat-inneneinrichtung","10":"first","11":"instock","12":"sale","13":"taxable","14":"shipping-taxable","15":"purchasable","16":"product-type-simple"},"exclude_global_add_ons":[],"addons":[],"yoast_head":"<!-- This site is optimized with the Yoast SEO plugin v26.7 - https:\/\/yoast.com\/wordpress\/plugins\/seo\/ -->\n<title>135x52xH200 cm Kleiderschrank aus Eiche mit 3 T\u00fcren und 4 Schubladen BM116 - Bagno Italia<\/title>\n<meta name=\"robots\" content=\"index, follow, max-snippet:-1, max-image-preview:large, max-video-preview:-1\" \/>\n<link rel=\"canonical\" href=\"https:\/\/www.bagnoitalia.com\/de\/produkt\/135x52xh200-cm-oak-wardrobe-with-3-doors-and-4-drawers-bm116.html\" \/>\n<meta property=\"og:locale\" content=\"de_DE\" \/>\n<meta property=\"og:type\" content=\"article\" \/>\n<meta property=\"og:title\" content=\"135x52xH200 cm Kleiderschrank aus Eiche mit 3 T\u00fcren und 4 Schubladen BM116 - Bagno Italia\" \/>\n<meta property=\"og:description\" content=\"Kleiderschrank bestehend aus 3 Fl\u00fcgelt\u00fcren, 2 gro\u00dfen Schubladen und 2 kleinen Schubladen. Komplett mit Kleiderb\u00fcgelstange f\u00fcr die linke Seite und Einlegeb\u00f6den (verstellbar) f\u00fcr die rechte Seite. Hergestellt aus Eiche Farbe, mit wei\u00dfem Interieur.\" \/>\n<meta property=\"og:url\" content=\"https:\/\/www.bagnoitalia.com\/de\/produkt\/135x52xh200-cm-oak-wardrobe-with-3-doors-and-4-drawers-bm116.html\" \/>\n<meta property=\"og:site_name\" content=\"Bagno Italia\" \/>\n<meta property=\"article:modified_time\" content=\"2025-01-15T11:30:17+00:00\" \/>\n<meta property=\"og:image\" content=\"https:\/\/img.bagnoitalia.com\/wp-content\/uploads\/1-130.webp\" \/>\n\t<meta property=\"og:image:width\" content=\"600\" \/>\n\t<meta property=\"og:image:height\" content=\"600\" \/>\n\t<meta property=\"og:image:type\" content=\"image\/webp\" \/>\n<meta name=\"twitter:card\" content=\"summary_large_image\" \/>\n<meta name=\"twitter:label1\" content=\"Gesch\u00e4tzte Lesezeit\" \/>\n\t<meta name=\"twitter:data1\" content=\"1\u00a0Minute\" \/>\n<script type=\"application\/ld+json\" class=\"yoast-schema-graph\">{\"@context\":\"https:\/\/schema.org\",\"@graph\":[{\"@type\":\"WebPage\",\"@id\":\"https:\/\/www.bagnoitalia.com\/de\/produkt\/135x52xh200-cm-oak-wardrobe-with-3-doors-and-4-drawers-bm116.html\",\"url\":\"https:\/\/www.bagnoitalia.com\/de\/produkt\/135x52xh200-cm-oak-wardrobe-with-3-doors-and-4-drawers-bm116.html\",\"name\":\"135x52xH200 cm Kleiderschrank aus Eiche mit 3 T\u00fcren und 4 Schubladen BM116 - Bagno Italia\",\"isPartOf\":{\"@id\":\"https:\/\/www.bagnoitalia.com\/de#website\"},\"primaryImageOfPage\":{\"@id\":\"https:\/\/www.bagnoitalia.com\/de\/produkt\/135x52xh200-cm-oak-wardrobe-with-3-doors-and-4-drawers-bm116.html#primaryimage\"},\"image\":{\"@id\":\"https:\/\/www.bagnoitalia.com\/de\/produkt\/135x52xh200-cm-oak-wardrobe-with-3-doors-and-4-drawers-bm116.html#primaryimage\"},\"thumbnailUrl\":\"https:\/\/img.bagnoitalia.com\/wp-content\/uploads\/1-130.webp\",\"datePublished\":\"2025-01-15T11:29:33+00:00\",\"dateModified\":\"2025-01-15T11:30:17+00:00\",\"breadcrumb\":{\"@id\":\"https:\/\/www.bagnoitalia.com\/de\/produkt\/135x52xh200-cm-oak-wardrobe-with-3-doors-and-4-drawers-bm116.html#breadcrumb\"},\"inLanguage\":\"de\",\"potentialAction\":[{\"@type\":\"ReadAction\",\"target\":[\"https:\/\/www.bagnoitalia.com\/de\/produkt\/135x52xh200-cm-oak-wardrobe-with-3-doors-and-4-drawers-bm116.html\"]}]},{\"@type\":\"ImageObject\",\"inLanguage\":\"de\",\"@id\":\"https:\/\/www.bagnoitalia.com\/de\/produkt\/135x52xh200-cm-oak-wardrobe-with-3-doors-and-4-drawers-bm116.html#primaryimage\",\"url\":\"https:\/\/img.bagnoitalia.com\/wp-content\/uploads\/1-130.webp\",\"contentUrl\":\"https:\/\/img.bagnoitalia.com\/wp-content\/uploads\/1-130.webp\",\"width\":600,\"height\":600},{\"@type\":\"BreadcrumbList\",\"@id\":\"https:\/\/www.bagnoitalia.com\/de\/produkt\/135x52xh200-cm-oak-wardrobe-with-3-doors-and-4-drawers-bm116.html#breadcrumb\",\"itemListElement\":[{\"@type\":\"ListItem\",\"position\":1,\"name\":\"Home\",\"item\":\"https:\/\/www.bagnoitalia.com\/de\"},{\"@type\":\"ListItem\",\"position\":2,\"name\":\"Produkte\",\"item\":\"https:\/\/www.bagnoitalia.com\/de\/shop\"},{\"@type\":\"ListItem\",\"position\":3,\"name\":\"135x52xH200 cm Kleiderschrank aus Eiche mit 3 T\u00fcren und 4 Schubladen BM116\"}]},{\"@type\":\"WebSite\",\"@id\":\"https:\/\/www.bagnoitalia.com\/de#website\",\"url\":\"https:\/\/www.bagnoitalia.com\/de\",\"name\":\"Bagno Italia\",\"description\":\"\",\"publisher\":{\"@id\":\"https:\/\/www.bagnoitalia.com\/de#organization\"},\"potentialAction\":[{\"@type\":\"SearchAction\",\"target\":{\"@type\":\"EntryPoint\",\"urlTemplate\":\"https:\/\/www.bagnoitalia.com\/de?s={search_term_string}\"},\"query-input\":{\"@type\":\"PropertyValueSpecification\",\"valueRequired\":true,\"valueName\":\"search_term_string\"}}],\"inLanguage\":\"de\"},{\"@type\":\"Organization\",\"@id\":\"https:\/\/www.bagnoitalia.com\/de#organization\",\"name\":\"Bagno Italia\",\"url\":\"https:\/\/www.bagnoitalia.com\/de\",\"logo\":{\"@type\":\"ImageObject\",\"inLanguage\":\"de\",\"@id\":\"https:\/\/www.bagnoitalia.com\/de#\/schema\/logo\/image\/\",\"url\":\"https:\/\/img.bagnoitalia.com\/wp-content\/uploads\/logo-bagnoitalia.webp\",\"contentUrl\":\"https:\/\/img.bagnoitalia.com\/wp-content\/uploads\/logo-bagnoitalia.webp\",\"width\":400,\"height\":70,\"caption\":\"Bagno Italia\"},\"image\":{\"@id\":\"https:\/\/www.bagnoitalia.com\/de#\/schema\/logo\/image\/\"}}]}<\/script>\n<!-- \/ Yoast SEO plugin. -->","yoast_head_json":{"title":"135x52xH200 cm Kleiderschrank aus Eiche mit 3 T\u00fcren und 4 Schubladen BM116 - Bagno Italia","robots":{"index":"index","follow":"follow","max-snippet":"max-snippet:-1","max-image-preview":"max-image-preview:large","max-video-preview":"max-video-preview:-1"},"canonical":"https:\/\/www.bagnoitalia.com\/de\/produkt\/135x52xh200-cm-oak-wardrobe-with-3-doors-and-4-drawers-bm116.html","og_locale":"de_DE","og_type":"article","og_title":"135x52xH200 cm Kleiderschrank aus Eiche mit 3 T\u00fcren und 4 Schubladen BM116 - Bagno Italia","og_description":"Kleiderschrank bestehend aus 3 Fl\u00fcgelt\u00fcren, 2 gro\u00dfen Schubladen und 2 kleinen Schubladen. Komplett mit Kleiderb\u00fcgelstange f\u00fcr die linke Seite und Einlegeb\u00f6den (verstellbar) f\u00fcr die rechte Seite. Hergestellt aus Eiche Farbe, mit wei\u00dfem Interieur.","og_url":"https:\/\/www.bagnoitalia.com\/de\/produkt\/135x52xh200-cm-oak-wardrobe-with-3-doors-and-4-drawers-bm116.html","og_site_name":"Bagno Italia","article_modified_time":"2025-01-15T11:30:17+00:00","og_image":[{"width":600,"height":600,"url":"https:\/\/img.bagnoitalia.com\/wp-content\/uploads\/1-130.webp","type":"image\/webp"}],"twitter_card":"summary_large_image","twitter_misc":{"Gesch\u00e4tzte Lesezeit":"1\u00a0Minute"},"schema":{"@context":"https:\/\/schema.org","@graph":[{"@type":"WebPage","@id":"https:\/\/www.bagnoitalia.com\/de\/produkt\/135x52xh200-cm-oak-wardrobe-with-3-doors-and-4-drawers-bm116.html","url":"https:\/\/www.bagnoitalia.com\/de\/produkt\/135x52xh200-cm-oak-wardrobe-with-3-doors-and-4-drawers-bm116.html","name":"135x52xH200 cm Kleiderschrank aus Eiche mit 3 T\u00fcren und 4 Schubladen BM116 - Bagno Italia","isPartOf":{"@id":"https:\/\/www.bagnoitalia.com\/de#website"},"primaryImageOfPage":{"@id":"https:\/\/www.bagnoitalia.com\/de\/produkt\/135x52xh200-cm-oak-wardrobe-with-3-doors-and-4-drawers-bm116.html#primaryimage"},"image":{"@id":"https:\/\/www.bagnoitalia.com\/de\/produkt\/135x52xh200-cm-oak-wardrobe-with-3-doors-and-4-drawers-bm116.html#primaryimage"},"thumbnailUrl":"https:\/\/img.bagnoitalia.com\/wp-content\/uploads\/1-130.webp","datePublished":"2025-01-15T11:29:33+00:00","dateModified":"2025-01-15T11:30:17+00:00","breadcrumb":{"@id":"https:\/\/www.bagnoitalia.com\/de\/produkt\/135x52xh200-cm-oak-wardrobe-with-3-doors-and-4-drawers-bm116.html#breadcrumb"},"inLanguage":"de","potentialAction":[{"@type":"ReadAction","target":["https:\/\/www.bagnoitalia.com\/de\/produkt\/135x52xh200-cm-oak-wardrobe-with-3-doors-and-4-drawers-bm116.html"]}]},{"@type":"ImageObject","inLanguage":"de","@id":"https:\/\/www.bagnoitalia.com\/de\/produkt\/135x52xh200-cm-oak-wardrobe-with-3-doors-and-4-drawers-bm116.html#primaryimage","url":"https:\/\/img.bagnoitalia.com\/wp-content\/uploads\/1-130.webp","contentUrl":"https:\/\/img.bagnoitalia.com\/wp-content\/uploads\/1-130.webp","width":600,"height":600},{"@type":"BreadcrumbList","@id":"https:\/\/www.bagnoitalia.com\/de\/produkt\/135x52xh200-cm-oak-wardrobe-with-3-doors-and-4-drawers-bm116.html#breadcrumb","itemListElement":[{"@type":"ListItem","position":1,"name":"Home","item":"https:\/\/www.bagnoitalia.com\/de"},{"@type":"ListItem","position":2,"name":"Produkte","item":"https:\/\/www.bagnoitalia.com\/de\/shop"},{"@type":"ListItem","position":3,"name":"135x52xH200 cm Kleiderschrank aus Eiche mit 3 T\u00fcren und 4 Schubladen BM116"}]},{"@type":"WebSite","@id":"https:\/\/www.bagnoitalia.com\/de#website","url":"https:\/\/www.bagnoitalia.com\/de","name":"Bagno Italia","description":"","publisher":{"@id":"https:\/\/www.bagnoitalia.com\/de#organization"},"potentialAction":[{"@type":"SearchAction","target":{"@type":"EntryPoint","urlTemplate":"https:\/\/www.bagnoitalia.com\/de?s={search_term_string}"},"query-input":{"@type":"PropertyValueSpecification","valueRequired":true,"valueName":"search_term_string"}}],"inLanguage":"de"},{"@type":"Organization","@id":"https:\/\/www.bagnoitalia.com\/de#organization","name":"Bagno Italia","url":"https:\/\/www.bagnoitalia.com\/de","logo":{"@type":"ImageObject","inLanguage":"de","@id":"https:\/\/www.bagnoitalia.com\/de#\/schema\/logo\/image\/","url":"https:\/\/img.bagnoitalia.com\/wp-content\/uploads\/logo-bagnoitalia.webp","contentUrl":"https:\/\/img.bagnoitalia.com\/wp-content\/uploads\/logo-bagnoitalia.webp","width":400,"height":70,"caption":"Bagno Italia"},"image":{"@id":"https:\/\/www.bagnoitalia.com\/de#\/schema\/logo\/image\/"}}]}},"_links":{"self":[{"href":"https:\/\/www.bagnoitalia.com\/de\/wp-json\/wp\/v2\/product\/100737","targetHints":{"allow":["GET"]}}],"collection":[{"href":"https:\/\/www.bagnoitalia.com\/de\/wp-json\/wp\/v2\/product"}],"about":[{"href":"https:\/\/www.bagnoitalia.com\/de\/wp-json\/wp\/v2\/types\/product"}],"replies":[{"embeddable":true,"href":"https:\/\/www.bagnoitalia.com\/de\/wp-json\/wp\/v2\/comments?post=100737"}],"version-history":[{"count":1,"href":"https:\/\/www.bagnoitalia.com\/de\/wp-json\/wp\/v2\/product\/100737\/revisions"}],"predecessor-version":[{"id":100739,"href":"https:\/\/www.bagnoitalia.com\/de\/wp-json\/wp\/v2\/product\/100737\/revisions\/100739"}],"wp:featuredmedia":[{"embeddable":true,"href":"https:\/\/www.bagnoitalia.com\/de\/wp-json\/wp\/v2\/media\/100721"}],"wp:attachment":[{"href":"https:\/\/www.bagnoitalia.com\/de\/wp-json\/wp\/v2\/media?parent=100737"}],"wp:term":[{"taxonomy":"product_brand","embeddable":true,"href":"https:\/\/www.bagnoitalia.com\/de\/wp-json\/wp\/v2\/product_brand?post=100737"},{"taxonomy":"product_cat","embeddable":true,"href":"https:\/\/www.bagnoitalia.com\/de\/wp-json\/wp\/v2\/product_cat?post=100737"},{"taxonomy":"product_tag","embeddable":true,"href":"https:\/\/www.bagnoitalia.com\/de\/wp-json\/wp\/v2\/product_tag?post=100737"}],"curies":[{"name":"wp","href":"https:\/\/api.w.org\/{rel}","templated":true}]}}