{"id":76801,"date":"2006-10-06T21:28:35","date_gmt":"2006-10-06T19:28:35","guid":{"rendered":"https:\/\/www.bagnoitalia.com\/rucktrittsrecht"},"modified":"2006-10-06T21:28:35","modified_gmt":"2006-10-06T19:28:35","slug":"rucktrittsrecht","status":"publish","type":"page","link":"https:\/\/www.bagnoitalia.com\/de\/rucktrittsrecht","title":{"rendered":"R\u00fccktrittsrecht"},"content":{"rendered":"<p><span style=\"font-size: 12pt;\"> <strong> Bagno Italia bietet alle notwendigen Garantien f\u00fcr Online-Eink\u00e4ufe.<\/strong><\/span><\/p>\n<\/p>\n<p class=\"Standard\">Wir sind uns bewusst, dass f\u00fcr viele Internet-K\u00e4ufe riskant oder riskant erscheinen, aber kaufen Sie bei uns k\u00f6nnen wir Ihnen alle Garantien f\u00fcr einen sicheren und risikofreien Kauf geben.<\/p>\n<\/p>\n<p class=\"Standard\">Wir sind ein Unternehmen mit 30 Jahren Erfahrung in der Badm\u00f6belbranche, mit der physischen Lage der Region Marken, und wir sind ein Bezugspunkt im Online-Handel, deshalb geben wir die folgenden Garantien und Dienstleistungen f\u00fcr jede Transaktion:<\/p>\n<\/p>\n<p><strong> 1. Geld zur\u00fcck Garantie<\/strong><\/p>\n<p><strong> 2. Telefonunterst\u00fctzung Montag bis Freitag von 9 bis 8:00 Uhr<\/strong><\/p>\n<p><strong> 3. Widerrufsrecht innerhalb von 10 Tagen nach Wareneingang<\/strong><\/p>\n<p><strong> 4. Versand auf Paletten mit passender Verpackung<\/strong><\/p>\n<p><strong> 5. Reintegration unserer Kosten f\u00fcr kaputte Artikel (wenn innerhalb von 24 Stunden nach Lieferung berichtet)<\/strong><\/p>\n<p><strong> 6. 70% der Produktion ist Made in Italy<\/strong><\/p>\n<p><strong> 7. Waren immer versichert<\/strong><\/p>\n<p><strong> 8. Telefonank\u00fcndigung in den Versandkosten inbegriffen<\/strong><\/p>\n<p><strong> 9. CE und TUF-Zertifizierung f\u00fcr alle unsere Produkte.<\/strong><\/p>\n<p><strong> 10. H\u00f6flichkeit und Verf\u00fcgbarkeit immer vs. verf\u00fcgbar<\/strong><\/p>\n<p><strong> 11. Online-Chat, um mit unserem Betreiber v\u00f6llig kostenlos zu kommunizieren<\/strong><\/p>\n<p><strong> 12. Transparenz beim Preis <\/strong><\/p>\n","protected":false},"excerpt":{"rendered":"<p>Bagno Italia bietet alle notwendigen Garantien f\u00fcr Online-Eink\u00e4ufe. Wir sind uns bewusst, dass f\u00fcr viele Internet-K\u00e4ufe riskant oder riskant erscheinen, aber kaufen Sie bei uns k\u00f6nnen wir Ihnen alle Garantien f\u00fcr einen sicheren und risikofreien Kauf geben. Wir sind ein Unternehmen mit 30 Jahren Erfahrung in der Badm\u00f6belbranche, mit der physischen Lage der Region Marken, [&hellip;]<\/p>\n","protected":false},"author":1,"featured_media":0,"parent":0,"menu_order":9,"comment_status":"closed","ping_status":"closed","template":"","meta":{"footnotes":""},"categories":[5047],"tags":[],"class_list":["post-76801","page","type-page","status-publish","hentry","category-base-4"],"yoast_head":"<!-- This site is optimized with the Yoast SEO plugin v26.7 - https:\/\/yoast.com\/wordpress\/plugins\/seo\/ -->\n<title>R\u00fccktrittsrecht - Bagno Italia<\/title>\n<meta name=\"robots\" content=\"index, follow, max-snippet:-1, max-image-preview:large, max-video-preview:-1\" \/>\n<link rel=\"canonical\" href=\"https:\/\/www.bagnoitalia.com\/de\/rucktrittsrecht\" \/>\n<meta property=\"og:locale\" content=\"de_DE\" \/>\n<meta property=\"og:type\" content=\"article\" \/>\n<meta property=\"og:title\" content=\"R\u00fccktrittsrecht - Bagno Italia\" \/>\n<meta property=\"og:description\" content=\"Bagno Italia bietet alle notwendigen Garantien f\u00fcr Online-Eink\u00e4ufe. Wir sind uns bewusst, dass f\u00fcr viele Internet-K\u00e4ufe riskant oder riskant erscheinen, aber kaufen Sie bei uns k\u00f6nnen wir Ihnen alle Garantien f\u00fcr einen sicheren und risikofreien Kauf geben. Wir sind ein Unternehmen mit 30 Jahren Erfahrung in der Badm\u00f6belbranche, mit der physischen Lage der Region Marken, [&hellip;]\" \/>\n<meta property=\"og:url\" content=\"https:\/\/www.bagnoitalia.com\/de\/rucktrittsrecht\" \/>\n<meta property=\"og:site_name\" content=\"Bagno Italia\" \/>\n<meta name=\"twitter:card\" content=\"summary_large_image\" \/>\n<meta name=\"twitter:label1\" content=\"Gesch\u00e4tzte Lesezeit\" \/>\n\t<meta name=\"twitter:data1\" content=\"1\u00a0Minute\" \/>\n<script type=\"application\/ld+json\" class=\"yoast-schema-graph\">{\"@context\":\"https:\/\/schema.org\",\"@graph\":[{\"@type\":\"WebPage\",\"@id\":\"https:\/\/www.bagnoitalia.com\/de\/rucktrittsrecht\",\"url\":\"https:\/\/www.bagnoitalia.com\/de\/rucktrittsrecht\",\"name\":\"R\u00fccktrittsrecht - Bagno Italia\",\"isPartOf\":{\"@id\":\"https:\/\/www.bagnoitalia.com\/de#website\"},\"datePublished\":\"2006-10-06T19:28:35+00:00\",\"breadcrumb\":{\"@id\":\"https:\/\/www.bagnoitalia.com\/de\/rucktrittsrecht#breadcrumb\"},\"inLanguage\":\"de\",\"potentialAction\":[{\"@type\":\"ReadAction\",\"target\":[\"https:\/\/www.bagnoitalia.com\/de\/rucktrittsrecht\"]}]},{\"@type\":\"BreadcrumbList\",\"@id\":\"https:\/\/www.bagnoitalia.com\/de\/rucktrittsrecht#breadcrumb\",\"itemListElement\":[{\"@type\":\"ListItem\",\"position\":1,\"name\":\"Home\",\"item\":\"https:\/\/www.bagnoitalia.com\/de\"},{\"@type\":\"ListItem\",\"position\":2,\"name\":\"R\u00fccktrittsrecht\"}]},{\"@type\":\"WebSite\",\"@id\":\"https:\/\/www.bagnoitalia.com\/de#website\",\"url\":\"https:\/\/www.bagnoitalia.com\/de\",\"name\":\"Bagno Italia\",\"description\":\"\",\"publisher\":{\"@id\":\"https:\/\/www.bagnoitalia.com\/de#organization\"},\"potentialAction\":[{\"@type\":\"SearchAction\",\"target\":{\"@type\":\"EntryPoint\",\"urlTemplate\":\"https:\/\/www.bagnoitalia.com\/de?s={search_term_string}\"},\"query-input\":{\"@type\":\"PropertyValueSpecification\",\"valueRequired\":true,\"valueName\":\"search_term_string\"}}],\"inLanguage\":\"de\"},{\"@type\":\"Organization\",\"@id\":\"https:\/\/www.bagnoitalia.com\/de#organization\",\"name\":\"Bagno Italia\",\"url\":\"https:\/\/www.bagnoitalia.com\/de\",\"logo\":{\"@type\":\"ImageObject\",\"inLanguage\":\"de\",\"@id\":\"https:\/\/www.bagnoitalia.com\/de#\/schema\/logo\/image\/\",\"url\":\"https:\/\/img.bagnoitalia.com\/wp-content\/uploads\/logo-bagnoitalia.webp\",\"contentUrl\":\"https:\/\/img.bagnoitalia.com\/wp-content\/uploads\/logo-bagnoitalia.webp\",\"width\":400,\"height\":70,\"caption\":\"Bagno Italia\"},\"image\":{\"@id\":\"https:\/\/www.bagnoitalia.com\/de#\/schema\/logo\/image\/\"}}]}<\/script>\n<!-- \/ Yoast SEO plugin. -->","yoast_head_json":{"title":"R\u00fccktrittsrecht - Bagno Italia","robots":{"index":"index","follow":"follow","max-snippet":"max-snippet:-1","max-image-preview":"max-image-preview:large","max-video-preview":"max-video-preview:-1"},"canonical":"https:\/\/www.bagnoitalia.com\/de\/rucktrittsrecht","og_locale":"de_DE","og_type":"article","og_title":"R\u00fccktrittsrecht - Bagno Italia","og_description":"Bagno Italia bietet alle notwendigen Garantien f\u00fcr Online-Eink\u00e4ufe. Wir sind uns bewusst, dass f\u00fcr viele Internet-K\u00e4ufe riskant oder riskant erscheinen, aber kaufen Sie bei uns k\u00f6nnen wir Ihnen alle Garantien f\u00fcr einen sicheren und risikofreien Kauf geben. Wir sind ein Unternehmen mit 30 Jahren Erfahrung in der Badm\u00f6belbranche, mit der physischen Lage der Region Marken, [&hellip;]","og_url":"https:\/\/www.bagnoitalia.com\/de\/rucktrittsrecht","og_site_name":"Bagno Italia","twitter_card":"summary_large_image","twitter_misc":{"Gesch\u00e4tzte Lesezeit":"1\u00a0Minute"},"schema":{"@context":"https:\/\/schema.org","@graph":[{"@type":"WebPage","@id":"https:\/\/www.bagnoitalia.com\/de\/rucktrittsrecht","url":"https:\/\/www.bagnoitalia.com\/de\/rucktrittsrecht","name":"R\u00fccktrittsrecht - Bagno Italia","isPartOf":{"@id":"https:\/\/www.bagnoitalia.com\/de#website"},"datePublished":"2006-10-06T19:28:35+00:00","breadcrumb":{"@id":"https:\/\/www.bagnoitalia.com\/de\/rucktrittsrecht#breadcrumb"},"inLanguage":"de","potentialAction":[{"@type":"ReadAction","target":["https:\/\/www.bagnoitalia.com\/de\/rucktrittsrecht"]}]},{"@type":"BreadcrumbList","@id":"https:\/\/www.bagnoitalia.com\/de\/rucktrittsrecht#breadcrumb","itemListElement":[{"@type":"ListItem","position":1,"name":"Home","item":"https:\/\/www.bagnoitalia.com\/de"},{"@type":"ListItem","position":2,"name":"R\u00fccktrittsrecht"}]},{"@type":"WebSite","@id":"https:\/\/www.bagnoitalia.com\/de#website","url":"https:\/\/www.bagnoitalia.com\/de","name":"Bagno Italia","description":"","publisher":{"@id":"https:\/\/www.bagnoitalia.com\/de#organization"},"potentialAction":[{"@type":"SearchAction","target":{"@type":"EntryPoint","urlTemplate":"https:\/\/www.bagnoitalia.com\/de?s={search_term_string}"},"query-input":{"@type":"PropertyValueSpecification","valueRequired":true,"valueName":"search_term_string"}}],"inLanguage":"de"},{"@type":"Organization","@id":"https:\/\/www.bagnoitalia.com\/de#organization","name":"Bagno Italia","url":"https:\/\/www.bagnoitalia.com\/de","logo":{"@type":"ImageObject","inLanguage":"de","@id":"https:\/\/www.bagnoitalia.com\/de#\/schema\/logo\/image\/","url":"https:\/\/img.bagnoitalia.com\/wp-content\/uploads\/logo-bagnoitalia.webp","contentUrl":"https:\/\/img.bagnoitalia.com\/wp-content\/uploads\/logo-bagnoitalia.webp","width":400,"height":70,"caption":"Bagno Italia"},"image":{"@id":"https:\/\/www.bagnoitalia.com\/de#\/schema\/logo\/image\/"}}]}},"_links":{"self":[{"href":"https:\/\/www.bagnoitalia.com\/de\/wp-json\/wp\/v2\/pages\/76801","targetHints":{"allow":["GET"]}}],"collection":[{"href":"https:\/\/www.bagnoitalia.com\/de\/wp-json\/wp\/v2\/pages"}],"about":[{"href":"https:\/\/www.bagnoitalia.com\/de\/wp-json\/wp\/v2\/types\/page"}],"author":[{"embeddable":true,"href":"https:\/\/www.bagnoitalia.com\/de\/wp-json\/wp\/v2\/users\/1"}],"replies":[{"embeddable":true,"href":"https:\/\/www.bagnoitalia.com\/de\/wp-json\/wp\/v2\/comments?post=76801"}],"version-history":[{"count":0,"href":"https:\/\/www.bagnoitalia.com\/de\/wp-json\/wp\/v2\/pages\/76801\/revisions"}],"wp:attachment":[{"href":"https:\/\/www.bagnoitalia.com\/de\/wp-json\/wp\/v2\/media?parent=76801"}],"wp:term":[{"taxonomy":"category","embeddable":true,"href":"https:\/\/www.bagnoitalia.com\/de\/wp-json\/wp\/v2\/categories?post=76801"},{"taxonomy":"post_tag","embeddable":true,"href":"https:\/\/www.bagnoitalia.com\/de\/wp-json\/wp\/v2\/tags?post=76801"}],"curies":[{"name":"wp","href":"https:\/\/api.w.org\/{rel}","templated":true}]}}