{"id":76799,"date":"2006-10-11T17:14:11","date_gmt":"2006-10-11T15:14:11","guid":{"rendered":"https:\/\/www.bagnoitalia.com\/zahlungsbedingungen"},"modified":"2006-10-11T17:14:11","modified_gmt":"2006-10-11T15:14:11","slug":"zahlungsbedingungen","status":"publish","type":"page","link":"https:\/\/www.bagnoitalia.com\/de\/zahlungsbedingungen","title":{"rendered":"Zahlungsbedingungen"},"content":{"rendered":"<p style=\"margin-bottom: 0.5cm;\"><span style=\"font-size: 12pt;\"> <strong> Bagno Italia bietet Ihnen viele M\u00f6glichkeiten, f\u00fcr Sie zu bezahlen. Eink\u00e4ufe:<\/p>\n<p><\/strong><\/span><\/p>\n<ul>\n<li><span style=\"font-size: 12pt;\"> <strong style=\"color: # cd3335;\"> PayPal oder Kreditkarte<br \/><\/strong><\/span><\/li>\n<li><span style=\"font-size: 12pt;\"> <strong style=\"color: # cd3335;\"> Vorverkauf<\/strong><br \/><span style=\"font-size: 12pt;\"><span style=\"color: # ef1a1a;\"><strong><br \/><\/strong><\/span><\/span> <\/span>\n<p><span style=\"text-decoration: underline;\"> <span style=\"font-size: 12pt;\"> <strong style=\"color: # cd3335; text-decoration: underline;\"> WARNING: Wir stellen eine Steuerrechnung aus, nur wenn Sie einen Tag nach dem Kauf w\u00fcnschen.<\/strong><\/span><\/span><\/p>\n<\/p>\n<h3>Zahlung via PayPal<\/h3>\n<p>Die Zahlungsmethode \u00fcber PayPal beinhaltet die Nutzung eines PayPal-Kontos. Weitere Informationen zu dieser Zahlungsmethode finden Sie auf der <a href=\"http:\/\/www.paypal.it\/\"> PayPal-Seite <\/a>.<\/p>\n<\/p>\n<h3>Zahlung per Nachladenkarte oder Bank\u00fcberweisung<\/h3>\n<p>Sobald die Bestellung aufgegeben wurde, werden die Daten angezeigt, um die Zahlung zu t\u00e4tigen.<\/p>\n<\/p>\n<h3>Zahlung mit Kreditkarte: VISA-VISA ELECTRON-POSTEPAY (als Visakarte verwendet)-MASTER CARD-IWSMILE<\/h3>\n<\/p>\n<\/li>\n<\/ul>\n","protected":false},"excerpt":{"rendered":"<p>Bagno Italia bietet Ihnen viele M\u00f6glichkeiten, f\u00fcr Sie zu bezahlen. Eink\u00e4ufe: PayPal oder Kreditkarte Vorverkauf WARNING: Wir stellen eine Steuerrechnung aus, nur wenn Sie einen Tag nach dem Kauf w\u00fcnschen. Zahlung via PayPal Die Zahlungsmethode \u00fcber PayPal beinhaltet die Nutzung eines PayPal-Kontos. Weitere Informationen zu dieser Zahlungsmethode finden Sie auf der PayPal-Seite . Zahlung per [&hellip;]<\/p>\n","protected":false},"author":1,"featured_media":0,"parent":0,"menu_order":7,"comment_status":"closed","ping_status":"closed","template":"","meta":{"footnotes":""},"categories":[5047],"tags":[],"class_list":["post-76799","page","type-page","status-publish","hentry","category-base-4"],"yoast_head":"<!-- This site is optimized with the Yoast SEO plugin v26.7 - https:\/\/yoast.com\/wordpress\/plugins\/seo\/ -->\n<title>Zahlungsbedingungen - Bagno Italia<\/title>\n<meta name=\"robots\" content=\"index, follow, max-snippet:-1, max-image-preview:large, max-video-preview:-1\" \/>\n<link rel=\"canonical\" href=\"https:\/\/www.bagnoitalia.com\/de\/zahlungsbedingungen\" \/>\n<meta property=\"og:locale\" content=\"de_DE\" \/>\n<meta property=\"og:type\" content=\"article\" \/>\n<meta property=\"og:title\" content=\"Zahlungsbedingungen - Bagno Italia\" \/>\n<meta property=\"og:description\" content=\"Bagno Italia bietet Ihnen viele M\u00f6glichkeiten, f\u00fcr Sie zu bezahlen. Eink\u00e4ufe: PayPal oder Kreditkarte Vorverkauf WARNING: Wir stellen eine Steuerrechnung aus, nur wenn Sie einen Tag nach dem Kauf w\u00fcnschen. Zahlung via PayPal Die Zahlungsmethode \u00fcber PayPal beinhaltet die Nutzung eines PayPal-Kontos. Weitere Informationen zu dieser Zahlungsmethode finden Sie auf der PayPal-Seite . Zahlung per [&hellip;]\" \/>\n<meta property=\"og:url\" content=\"https:\/\/www.bagnoitalia.com\/de\/zahlungsbedingungen\" \/>\n<meta property=\"og:site_name\" content=\"Bagno Italia\" \/>\n<meta name=\"twitter:card\" content=\"summary_large_image\" \/>\n<script type=\"application\/ld+json\" class=\"yoast-schema-graph\">{\"@context\":\"https:\/\/schema.org\",\"@graph\":[{\"@type\":\"WebPage\",\"@id\":\"https:\/\/www.bagnoitalia.com\/de\/zahlungsbedingungen\",\"url\":\"https:\/\/www.bagnoitalia.com\/de\/zahlungsbedingungen\",\"name\":\"Zahlungsbedingungen - Bagno Italia\",\"isPartOf\":{\"@id\":\"https:\/\/www.bagnoitalia.com\/de#website\"},\"datePublished\":\"2006-10-11T15:14:11+00:00\",\"breadcrumb\":{\"@id\":\"https:\/\/www.bagnoitalia.com\/de\/zahlungsbedingungen#breadcrumb\"},\"inLanguage\":\"de\",\"potentialAction\":[{\"@type\":\"ReadAction\",\"target\":[\"https:\/\/www.bagnoitalia.com\/de\/zahlungsbedingungen\"]}]},{\"@type\":\"BreadcrumbList\",\"@id\":\"https:\/\/www.bagnoitalia.com\/de\/zahlungsbedingungen#breadcrumb\",\"itemListElement\":[{\"@type\":\"ListItem\",\"position\":1,\"name\":\"Home\",\"item\":\"https:\/\/www.bagnoitalia.com\/de\"},{\"@type\":\"ListItem\",\"position\":2,\"name\":\"Zahlungsbedingungen\"}]},{\"@type\":\"WebSite\",\"@id\":\"https:\/\/www.bagnoitalia.com\/de#website\",\"url\":\"https:\/\/www.bagnoitalia.com\/de\",\"name\":\"Bagno Italia\",\"description\":\"\",\"publisher\":{\"@id\":\"https:\/\/www.bagnoitalia.com\/de#organization\"},\"potentialAction\":[{\"@type\":\"SearchAction\",\"target\":{\"@type\":\"EntryPoint\",\"urlTemplate\":\"https:\/\/www.bagnoitalia.com\/de?s={search_term_string}\"},\"query-input\":{\"@type\":\"PropertyValueSpecification\",\"valueRequired\":true,\"valueName\":\"search_term_string\"}}],\"inLanguage\":\"de\"},{\"@type\":\"Organization\",\"@id\":\"https:\/\/www.bagnoitalia.com\/de#organization\",\"name\":\"Bagno Italia\",\"url\":\"https:\/\/www.bagnoitalia.com\/de\",\"logo\":{\"@type\":\"ImageObject\",\"inLanguage\":\"de\",\"@id\":\"https:\/\/www.bagnoitalia.com\/de#\/schema\/logo\/image\/\",\"url\":\"https:\/\/img.bagnoitalia.com\/wp-content\/uploads\/logo-bagnoitalia.webp\",\"contentUrl\":\"https:\/\/img.bagnoitalia.com\/wp-content\/uploads\/logo-bagnoitalia.webp\",\"width\":400,\"height\":70,\"caption\":\"Bagno Italia\"},\"image\":{\"@id\":\"https:\/\/www.bagnoitalia.com\/de#\/schema\/logo\/image\/\"}}]}<\/script>\n<!-- \/ Yoast SEO plugin. -->","yoast_head_json":{"title":"Zahlungsbedingungen - Bagno Italia","robots":{"index":"index","follow":"follow","max-snippet":"max-snippet:-1","max-image-preview":"max-image-preview:large","max-video-preview":"max-video-preview:-1"},"canonical":"https:\/\/www.bagnoitalia.com\/de\/zahlungsbedingungen","og_locale":"de_DE","og_type":"article","og_title":"Zahlungsbedingungen - Bagno Italia","og_description":"Bagno Italia bietet Ihnen viele M\u00f6glichkeiten, f\u00fcr Sie zu bezahlen. Eink\u00e4ufe: PayPal oder Kreditkarte Vorverkauf WARNING: Wir stellen eine Steuerrechnung aus, nur wenn Sie einen Tag nach dem Kauf w\u00fcnschen. Zahlung via PayPal Die Zahlungsmethode \u00fcber PayPal beinhaltet die Nutzung eines PayPal-Kontos. Weitere Informationen zu dieser Zahlungsmethode finden Sie auf der PayPal-Seite . Zahlung per [&hellip;]","og_url":"https:\/\/www.bagnoitalia.com\/de\/zahlungsbedingungen","og_site_name":"Bagno Italia","twitter_card":"summary_large_image","schema":{"@context":"https:\/\/schema.org","@graph":[{"@type":"WebPage","@id":"https:\/\/www.bagnoitalia.com\/de\/zahlungsbedingungen","url":"https:\/\/www.bagnoitalia.com\/de\/zahlungsbedingungen","name":"Zahlungsbedingungen - Bagno Italia","isPartOf":{"@id":"https:\/\/www.bagnoitalia.com\/de#website"},"datePublished":"2006-10-11T15:14:11+00:00","breadcrumb":{"@id":"https:\/\/www.bagnoitalia.com\/de\/zahlungsbedingungen#breadcrumb"},"inLanguage":"de","potentialAction":[{"@type":"ReadAction","target":["https:\/\/www.bagnoitalia.com\/de\/zahlungsbedingungen"]}]},{"@type":"BreadcrumbList","@id":"https:\/\/www.bagnoitalia.com\/de\/zahlungsbedingungen#breadcrumb","itemListElement":[{"@type":"ListItem","position":1,"name":"Home","item":"https:\/\/www.bagnoitalia.com\/de"},{"@type":"ListItem","position":2,"name":"Zahlungsbedingungen"}]},{"@type":"WebSite","@id":"https:\/\/www.bagnoitalia.com\/de#website","url":"https:\/\/www.bagnoitalia.com\/de","name":"Bagno Italia","description":"","publisher":{"@id":"https:\/\/www.bagnoitalia.com\/de#organization"},"potentialAction":[{"@type":"SearchAction","target":{"@type":"EntryPoint","urlTemplate":"https:\/\/www.bagnoitalia.com\/de?s={search_term_string}"},"query-input":{"@type":"PropertyValueSpecification","valueRequired":true,"valueName":"search_term_string"}}],"inLanguage":"de"},{"@type":"Organization","@id":"https:\/\/www.bagnoitalia.com\/de#organization","name":"Bagno Italia","url":"https:\/\/www.bagnoitalia.com\/de","logo":{"@type":"ImageObject","inLanguage":"de","@id":"https:\/\/www.bagnoitalia.com\/de#\/schema\/logo\/image\/","url":"https:\/\/img.bagnoitalia.com\/wp-content\/uploads\/logo-bagnoitalia.webp","contentUrl":"https:\/\/img.bagnoitalia.com\/wp-content\/uploads\/logo-bagnoitalia.webp","width":400,"height":70,"caption":"Bagno Italia"},"image":{"@id":"https:\/\/www.bagnoitalia.com\/de#\/schema\/logo\/image\/"}}]}},"_links":{"self":[{"href":"https:\/\/www.bagnoitalia.com\/de\/wp-json\/wp\/v2\/pages\/76799","targetHints":{"allow":["GET"]}}],"collection":[{"href":"https:\/\/www.bagnoitalia.com\/de\/wp-json\/wp\/v2\/pages"}],"about":[{"href":"https:\/\/www.bagnoitalia.com\/de\/wp-json\/wp\/v2\/types\/page"}],"author":[{"embeddable":true,"href":"https:\/\/www.bagnoitalia.com\/de\/wp-json\/wp\/v2\/users\/1"}],"replies":[{"embeddable":true,"href":"https:\/\/www.bagnoitalia.com\/de\/wp-json\/wp\/v2\/comments?post=76799"}],"version-history":[{"count":0,"href":"https:\/\/www.bagnoitalia.com\/de\/wp-json\/wp\/v2\/pages\/76799\/revisions"}],"wp:attachment":[{"href":"https:\/\/www.bagnoitalia.com\/de\/wp-json\/wp\/v2\/media?parent=76799"}],"wp:term":[{"taxonomy":"category","embeddable":true,"href":"https:\/\/www.bagnoitalia.com\/de\/wp-json\/wp\/v2\/categories?post=76799"},{"taxonomy":"post_tag","embeddable":true,"href":"https:\/\/www.bagnoitalia.com\/de\/wp-json\/wp\/v2\/tags?post=76799"}],"curies":[{"name":"wp","href":"https:\/\/api.w.org\/{rel}","templated":true}]}}