{"id":76798,"date":"2006-10-11T01:15:36","date_gmt":"2006-10-10T23:15:36","guid":{"rendered":"https:\/\/www.bagnoitalia.com\/wer-wir-sind"},"modified":"2006-10-11T01:15:36","modified_gmt":"2006-10-10T23:15:36","slug":"wer-wir-sind","status":"publish","type":"page","link":"https:\/\/www.bagnoitalia.com\/de\/wer-wir-sind","title":{"rendered":"Wer wir sind"},"content":{"rendered":"<p>&nbsp;<\/p>\n<\/p>\n<h3>Bagno Italia<\/h3>\n<p>Ist ein Unternehmen, das sich auf den Online-Verkauf von Badezimmerm\u00f6beln, Hydromassage-St\u00e4nden, Wannen, Sanit\u00e4rutensilien, Mischern mit 30 Jahren Erfahrung spezialisiert hat.<\/p>\n<p>Auf unserer Website k\u00f6nnen Sie Markenprodukte und Qualit\u00e4tsprodukte zu den besten Preisen suchen, ausw\u00e4hlen und sicher kaufen, ohne von zu Hause aus zu ziehen. Alle unsere Produkte k\u00f6nnen auch telefonisch bei uns eingesehen werden.<\/p>\n<p>&nbsp;<\/p>\n<h3>Die besten Produkte<\/h3>\n<p>Auf Bagno Italia finden Sie M\u00f6bel und Einrichtungsaccessoires verschiedener Art: Klassisch, modern oder traditionell. Eine breite Palette von Produkten, die mit einer pr\u00e4zisen Vertriebspolitik passen: Garantieren Sie seinen Kunden die beste Ernsthaftigkeit ALWAYS.<\/p>\n<p>&nbsp;<\/p>\n<h3>Fabrikpreise und mehr&#8230;<\/h3>\n<p>Bagno Italia verkauft nicht nur moderne M\u00f6bel, Accessoires, etc. Bei Fabrikpreisen, bietet aber auch eine Vor-\/Nachverkaufsassistenz, eine fachliche Kompetenz und viele andere Dienstleistungen, v\u00f6llig kostenlos, bietet auch auf allen Produkten die Geld-zur\u00fcck-Garantie.<\/p>\n<p>&nbsp;<\/p>\n<h3>Schnell nach Hause<\/h3>\n<p>BagnoItalia bearbeitet jeden Tag eine Vielzahl von Auftr\u00e4gen, aber mit seiner Organisationsmaschine k\u00f6nnen Sie Ihre Anfragen so schnell wie m\u00f6glich bearbeiten.<\/p>\n<p>Dank der st\u00e4ndigen Suche nach den besten Partnern in der Logistik ist BagnoItalia auch in der Lage, Ihre Eink\u00e4ufe an jeder beliebigen Adresse in Italien zu liefern, in der durchschnittlichen Zeit von 7 Arbeitstagen!<\/p>\n<p>Sie k\u00f6nnen die Ware auch bei uns abholen. Hauptquartier oder an den Vorkommen unseres Kuriers TNT, die in ganz ITALY verstreut sind.<\/p>\n<p>&nbsp;<\/p>\n<h3>Sichere Zahlungen<\/h3>\n<p>Mit Bagno Italia sind Ihre Eink\u00e4ufe ALWAYS gesch\u00fctzt, jede Zahlungsmethode, die Sie w\u00e4hlen: Kabeljau (mit Vorkasse von 30%), Prepaid-Card, Early Wire Transfer oder PayPal.<\/p>\n<p>Online-Transaktionen mit PayPal werden direkt auf der Website der Bank durchgef\u00fchrt, \u00fcber einen sicheren Server, der das SSL-Sicherheitssystem nutzt, das f\u00fcr&nbsp; &#8222;Secure Socket Layer &#8220; steht. Niemand, nicht einmal BagnoItalia, kann von den Kreditkartencodes erfahren, die von seinen Kunden verwendet werden.<\/p>\n<p>F\u00fcr diejenigen, die eine Zahlung \u00fcber Wire Transfer oder PostePay Recharge bevorzugen, wird BagnoItalia das kostenpflichtige Produkt erhalten.<\/p>\n<p>&nbsp;<\/p>\n<h3>Achtung der Privatsph\u00e4re<\/h3>\n<p>Auf Bagno Italia ist eine Anmeldung erforderlich, um einen Kauf zu t\u00e4tigen. Um einen h\u00f6heren Sicherheitsstandard zu gew\u00e4hrleisten.<\/p>\n<p>Durch die korrekte und vollst\u00e4ndige Einhaltung der geltenden Rechtsvorschriften \u00fcber die Verarbeitung personenbezogener Daten garantiert Bagno Italia Ihnen die uneingeschr\u00e4nkte Wahrung Ihrer Privatsph\u00e4re und gibt Ihnen die Sicherheit, dass Ihre pers\u00f6nlichen Daten aus keinem Grund verwendet werden, ohne Ihre explizite und spezifische Autorisierung.<\/p>\n<p>&nbsp;<\/p>\n<h3>Wir arbeiten f\u00fcr Sie<\/h3>\n<p>BagnoItalia hat das Online-Shopping noch einfacher gemacht, mit einer Website, die immer einfacher zu navigieren, zu erforschen und zu recherchieren das Produkt, das wirklich f\u00fcr Sie macht, voll von Dienstleistungen entwickelt, um Sie zu informieren und zu dem Produkt, das Sie brauchen, zu leiten, um Ihnen Zeit und Geld zu sparen, um Ihnen Zeit und Geld zu sparen, um Ihnen Zeit und Geld zu sparen : F\u00fchrungen, Nachrichten und Informationen \u00fcber die Hersteller.<\/p>\n<p>&nbsp;<\/p>\n<h4>Guter Aufenthalt auf BagnoItalia!<\/h4>\n","protected":false},"excerpt":{"rendered":"<p>&nbsp; Bagno Italia Ist ein Unternehmen, das sich auf den Online-Verkauf von Badezimmerm\u00f6beln, Hydromassage-St\u00e4nden, Wannen, Sanit\u00e4rutensilien, Mischern mit 30 Jahren Erfahrung spezialisiert hat. Auf unserer Website k\u00f6nnen Sie Markenprodukte und Qualit\u00e4tsprodukte zu den besten Preisen suchen, ausw\u00e4hlen und sicher kaufen, ohne von zu Hause aus zu ziehen. Alle unsere Produkte k\u00f6nnen auch telefonisch bei uns [&hellip;]<\/p>\n","protected":false},"author":1,"featured_media":37598,"parent":0,"menu_order":4,"comment_status":"closed","ping_status":"closed","template":"","meta":{"footnotes":""},"categories":[5047],"tags":[],"class_list":["post-76798","page","type-page","status-publish","has-post-thumbnail","hentry","category-base-4"],"yoast_head":"<!-- This site is optimized with the Yoast SEO plugin v26.7 - https:\/\/yoast.com\/wordpress\/plugins\/seo\/ -->\n<title>Wer wir sind - Bagno Italia<\/title>\n<meta name=\"robots\" content=\"index, follow, max-snippet:-1, max-image-preview:large, max-video-preview:-1\" \/>\n<link rel=\"canonical\" href=\"https:\/\/www.bagnoitalia.com\/de\/wer-wir-sind\" \/>\n<meta property=\"og:locale\" content=\"de_DE\" \/>\n<meta property=\"og:type\" content=\"article\" \/>\n<meta property=\"og:title\" content=\"Wer wir sind - Bagno Italia\" \/>\n<meta property=\"og:description\" content=\"&nbsp; Bagno Italia Ist ein Unternehmen, das sich auf den Online-Verkauf von Badezimmerm\u00f6beln, Hydromassage-St\u00e4nden, Wannen, Sanit\u00e4rutensilien, Mischern mit 30 Jahren Erfahrung spezialisiert hat. Auf unserer Website k\u00f6nnen Sie Markenprodukte und Qualit\u00e4tsprodukte zu den besten Preisen suchen, ausw\u00e4hlen und sicher kaufen, ohne von zu Hause aus zu ziehen. Alle unsere Produkte k\u00f6nnen auch telefonisch bei uns [&hellip;]\" \/>\n<meta property=\"og:url\" content=\"https:\/\/www.bagnoitalia.com\/de\/wer-wir-sind\" \/>\n<meta property=\"og:site_name\" content=\"Bagno Italia\" \/>\n<meta property=\"og:image\" content=\"https:\/\/img.bagnoitalia.com\/wp-content\/uploads\/virtuemart\/product\/azienda1.jpg\" \/>\n\t<meta property=\"og:image:width\" content=\"577\" \/>\n\t<meta property=\"og:image:height\" content=\"417\" \/>\n\t<meta property=\"og:image:type\" content=\"image\/jpeg\" \/>\n<meta name=\"twitter:card\" content=\"summary_large_image\" \/>\n<meta name=\"twitter:label1\" content=\"Gesch\u00e4tzte Lesezeit\" \/>\n\t<meta name=\"twitter:data1\" content=\"2\u00a0Minuten\" \/>\n<script type=\"application\/ld+json\" class=\"yoast-schema-graph\">{\"@context\":\"https:\/\/schema.org\",\"@graph\":[{\"@type\":\"WebPage\",\"@id\":\"https:\/\/www.bagnoitalia.com\/de\/wer-wir-sind\",\"url\":\"https:\/\/www.bagnoitalia.com\/de\/wer-wir-sind\",\"name\":\"Wer wir sind - Bagno Italia\",\"isPartOf\":{\"@id\":\"https:\/\/www.bagnoitalia.com\/de#website\"},\"primaryImageOfPage\":{\"@id\":\"https:\/\/www.bagnoitalia.com\/de\/wer-wir-sind#primaryimage\"},\"image\":{\"@id\":\"https:\/\/www.bagnoitalia.com\/de\/wer-wir-sind#primaryimage\"},\"thumbnailUrl\":\"https:\/\/img.bagnoitalia.com\/wp-content\/uploads\/virtuemart\/product\/azienda1.jpg\",\"datePublished\":\"2006-10-10T23:15:36+00:00\",\"breadcrumb\":{\"@id\":\"https:\/\/www.bagnoitalia.com\/de\/wer-wir-sind#breadcrumb\"},\"inLanguage\":\"de\",\"potentialAction\":[{\"@type\":\"ReadAction\",\"target\":[\"https:\/\/www.bagnoitalia.com\/de\/wer-wir-sind\"]}]},{\"@type\":\"ImageObject\",\"inLanguage\":\"de\",\"@id\":\"https:\/\/www.bagnoitalia.com\/de\/wer-wir-sind#primaryimage\",\"url\":\"https:\/\/img.bagnoitalia.com\/wp-content\/uploads\/virtuemart\/product\/azienda1.jpg\",\"contentUrl\":\"https:\/\/img.bagnoitalia.com\/wp-content\/uploads\/virtuemart\/product\/azienda1.jpg\",\"width\":577,\"height\":417},{\"@type\":\"BreadcrumbList\",\"@id\":\"https:\/\/www.bagnoitalia.com\/de\/wer-wir-sind#breadcrumb\",\"itemListElement\":[{\"@type\":\"ListItem\",\"position\":1,\"name\":\"Home\",\"item\":\"https:\/\/www.bagnoitalia.com\/de\"},{\"@type\":\"ListItem\",\"position\":2,\"name\":\"Wer wir sind\"}]},{\"@type\":\"WebSite\",\"@id\":\"https:\/\/www.bagnoitalia.com\/de#website\",\"url\":\"https:\/\/www.bagnoitalia.com\/de\",\"name\":\"Bagno Italia\",\"description\":\"\",\"publisher\":{\"@id\":\"https:\/\/www.bagnoitalia.com\/de#organization\"},\"potentialAction\":[{\"@type\":\"SearchAction\",\"target\":{\"@type\":\"EntryPoint\",\"urlTemplate\":\"https:\/\/www.bagnoitalia.com\/de?s={search_term_string}\"},\"query-input\":{\"@type\":\"PropertyValueSpecification\",\"valueRequired\":true,\"valueName\":\"search_term_string\"}}],\"inLanguage\":\"de\"},{\"@type\":\"Organization\",\"@id\":\"https:\/\/www.bagnoitalia.com\/de#organization\",\"name\":\"Bagno Italia\",\"url\":\"https:\/\/www.bagnoitalia.com\/de\",\"logo\":{\"@type\":\"ImageObject\",\"inLanguage\":\"de\",\"@id\":\"https:\/\/www.bagnoitalia.com\/de#\/schema\/logo\/image\/\",\"url\":\"https:\/\/img.bagnoitalia.com\/wp-content\/uploads\/logo-bagnoitalia.webp\",\"contentUrl\":\"https:\/\/img.bagnoitalia.com\/wp-content\/uploads\/logo-bagnoitalia.webp\",\"width\":400,\"height\":70,\"caption\":\"Bagno Italia\"},\"image\":{\"@id\":\"https:\/\/www.bagnoitalia.com\/de#\/schema\/logo\/image\/\"}}]}<\/script>\n<!-- \/ Yoast SEO plugin. -->","yoast_head_json":{"title":"Wer wir sind - Bagno Italia","robots":{"index":"index","follow":"follow","max-snippet":"max-snippet:-1","max-image-preview":"max-image-preview:large","max-video-preview":"max-video-preview:-1"},"canonical":"https:\/\/www.bagnoitalia.com\/de\/wer-wir-sind","og_locale":"de_DE","og_type":"article","og_title":"Wer wir sind - Bagno Italia","og_description":"&nbsp; Bagno Italia Ist ein Unternehmen, das sich auf den Online-Verkauf von Badezimmerm\u00f6beln, Hydromassage-St\u00e4nden, Wannen, Sanit\u00e4rutensilien, Mischern mit 30 Jahren Erfahrung spezialisiert hat. Auf unserer Website k\u00f6nnen Sie Markenprodukte und Qualit\u00e4tsprodukte zu den besten Preisen suchen, ausw\u00e4hlen und sicher kaufen, ohne von zu Hause aus zu ziehen. Alle unsere Produkte k\u00f6nnen auch telefonisch bei uns [&hellip;]","og_url":"https:\/\/www.bagnoitalia.com\/de\/wer-wir-sind","og_site_name":"Bagno Italia","og_image":[{"width":577,"height":417,"url":"https:\/\/img.bagnoitalia.com\/wp-content\/uploads\/virtuemart\/product\/azienda1.jpg","type":"image\/jpeg"}],"twitter_card":"summary_large_image","twitter_misc":{"Gesch\u00e4tzte Lesezeit":"2\u00a0Minuten"},"schema":{"@context":"https:\/\/schema.org","@graph":[{"@type":"WebPage","@id":"https:\/\/www.bagnoitalia.com\/de\/wer-wir-sind","url":"https:\/\/www.bagnoitalia.com\/de\/wer-wir-sind","name":"Wer wir sind - Bagno Italia","isPartOf":{"@id":"https:\/\/www.bagnoitalia.com\/de#website"},"primaryImageOfPage":{"@id":"https:\/\/www.bagnoitalia.com\/de\/wer-wir-sind#primaryimage"},"image":{"@id":"https:\/\/www.bagnoitalia.com\/de\/wer-wir-sind#primaryimage"},"thumbnailUrl":"https:\/\/img.bagnoitalia.com\/wp-content\/uploads\/virtuemart\/product\/azienda1.jpg","datePublished":"2006-10-10T23:15:36+00:00","breadcrumb":{"@id":"https:\/\/www.bagnoitalia.com\/de\/wer-wir-sind#breadcrumb"},"inLanguage":"de","potentialAction":[{"@type":"ReadAction","target":["https:\/\/www.bagnoitalia.com\/de\/wer-wir-sind"]}]},{"@type":"ImageObject","inLanguage":"de","@id":"https:\/\/www.bagnoitalia.com\/de\/wer-wir-sind#primaryimage","url":"https:\/\/img.bagnoitalia.com\/wp-content\/uploads\/virtuemart\/product\/azienda1.jpg","contentUrl":"https:\/\/img.bagnoitalia.com\/wp-content\/uploads\/virtuemart\/product\/azienda1.jpg","width":577,"height":417},{"@type":"BreadcrumbList","@id":"https:\/\/www.bagnoitalia.com\/de\/wer-wir-sind#breadcrumb","itemListElement":[{"@type":"ListItem","position":1,"name":"Home","item":"https:\/\/www.bagnoitalia.com\/de"},{"@type":"ListItem","position":2,"name":"Wer wir sind"}]},{"@type":"WebSite","@id":"https:\/\/www.bagnoitalia.com\/de#website","url":"https:\/\/www.bagnoitalia.com\/de","name":"Bagno Italia","description":"","publisher":{"@id":"https:\/\/www.bagnoitalia.com\/de#organization"},"potentialAction":[{"@type":"SearchAction","target":{"@type":"EntryPoint","urlTemplate":"https:\/\/www.bagnoitalia.com\/de?s={search_term_string}"},"query-input":{"@type":"PropertyValueSpecification","valueRequired":true,"valueName":"search_term_string"}}],"inLanguage":"de"},{"@type":"Organization","@id":"https:\/\/www.bagnoitalia.com\/de#organization","name":"Bagno Italia","url":"https:\/\/www.bagnoitalia.com\/de","logo":{"@type":"ImageObject","inLanguage":"de","@id":"https:\/\/www.bagnoitalia.com\/de#\/schema\/logo\/image\/","url":"https:\/\/img.bagnoitalia.com\/wp-content\/uploads\/logo-bagnoitalia.webp","contentUrl":"https:\/\/img.bagnoitalia.com\/wp-content\/uploads\/logo-bagnoitalia.webp","width":400,"height":70,"caption":"Bagno Italia"},"image":{"@id":"https:\/\/www.bagnoitalia.com\/de#\/schema\/logo\/image\/"}}]}},"_links":{"self":[{"href":"https:\/\/www.bagnoitalia.com\/de\/wp-json\/wp\/v2\/pages\/76798","targetHints":{"allow":["GET"]}}],"collection":[{"href":"https:\/\/www.bagnoitalia.com\/de\/wp-json\/wp\/v2\/pages"}],"about":[{"href":"https:\/\/www.bagnoitalia.com\/de\/wp-json\/wp\/v2\/types\/page"}],"author":[{"embeddable":true,"href":"https:\/\/www.bagnoitalia.com\/de\/wp-json\/wp\/v2\/users\/1"}],"replies":[{"embeddable":true,"href":"https:\/\/www.bagnoitalia.com\/de\/wp-json\/wp\/v2\/comments?post=76798"}],"version-history":[{"count":0,"href":"https:\/\/www.bagnoitalia.com\/de\/wp-json\/wp\/v2\/pages\/76798\/revisions"}],"wp:featuredmedia":[{"embeddable":true,"href":"https:\/\/www.bagnoitalia.com\/de\/wp-json\/wp\/v2\/media\/37598"}],"wp:attachment":[{"href":"https:\/\/www.bagnoitalia.com\/de\/wp-json\/wp\/v2\/media?parent=76798"}],"wp:term":[{"taxonomy":"category","embeddable":true,"href":"https:\/\/www.bagnoitalia.com\/de\/wp-json\/wp\/v2\/categories?post=76798"},{"taxonomy":"post_tag","embeddable":true,"href":"https:\/\/www.bagnoitalia.com\/de\/wp-json\/wp\/v2\/tags?post=76798"}],"curies":[{"name":"wp","href":"https:\/\/api.w.org\/{rel}","templated":true}]}}