{"id":76792,"date":"2015-06-03T17:47:10","date_gmt":"2015-06-03T15:47:10","guid":{"rendered":"https:\/\/www.bagnoitalia.com\/cookie-policy-2"},"modified":"2025-12-29T11:38:24","modified_gmt":"2025-12-29T10:38:24","slug":"cookie-policy-2","status":"publish","type":"page","link":"https:\/\/www.bagnoitalia.com\/de\/cookie-policy-2","title":{"rendered":"Cookie-Richtlinie"},"content":{"rendered":"\t\t<div data-elementor-type=\"wp-page\" data-elementor-id=\"76792\" class=\"elementor elementor-76792 elementor-76635\" data-elementor-post-type=\"page\">\n\t\t\t\t\t\t<section class=\"elementor-section elementor-top-section elementor-element elementor-element-f49bff elementor-section-boxed elementor-section-height-default elementor-section-height-default\" data-id=\"f49bff\" data-element_type=\"section\">\n\t\t\t\t\t\t<div class=\"elementor-container elementor-column-gap-default\">\n\t\t\t\t\t<div class=\"elementor-column elementor-col-100 elementor-top-column elementor-element elementor-element-73543f56\" data-id=\"73543f56\" data-element_type=\"column\">\n\t\t\t<div class=\"elementor-widget-wrap elementor-element-populated\">\n\t\t\t\t\t\t<div class=\"elementor-element elementor-element-7ba171bd elementor-widget elementor-widget-text-editor\" data-id=\"7ba171bd\" data-element_type=\"widget\" data-widget_type=\"text-editor.default\">\n\t\t\t\t<div class=\"elementor-widget-container\">\n\t\t\t\t\t\t\t\t\t<p><span class=\"goog-text-highlight\">Diese Informationen dienen speziell der Veranschaulichung der Arten und Verwendungsmethoden sowie der Angabe von Ma\u00dfnahmen zur Ablehnung oder Beseitigung der Cookies auf der Website.<\/span><\/p><h3>1. Was sind Cookies?<\/h3><p>Cookies kleine Textdateien mit Informationen, die direkt auf dem Ger\u00e4t des Benutzers gespeichert und bei jedem Auftreten oder nachfolgenden Zugriff auf die Site automatisch an den Server zur\u00fcckgesendet werden. Normalerweise enth\u00e4lt ein Cookie den Namen der Website, von der das Cookie stammt, seine Dauer und einen Wert. Standardm\u00e4\u00dfig akzeptieren fast alle Webbrowser Cookies automatisch.<\/p><h3>2. Wof\u00fcr werden Cookies verwendet?<\/h3><p>Cookies werden zum Authentifizieren, Speichern und \u00dcberwachen von Sitzungen sowie zum Speichern von Informationen verwendet. Durch die Verwendung von Cookies ist es auch m\u00f6glich, Daten und Informationen \u00fcber die Gewohnheiten von Website-Besuchern zu sammeln und zu \u00fcberwachen, um Benutzer f\u00fcr Werbeaktivit\u00e4ten oder gezielte Marketingma\u00dfnahmen zu profilieren.<\/p><h3>3. Herkunft der Cookies<\/h3><p>Cookies k\u00f6nnen direkt von der Website, die Sie besuchen, erstellt und verwaltet werden, oder sie k\u00f6nnen von Dritten erstellt und verwaltet werden.<\/p><h3>4. Welche Cookies werden in <strong>bagnoitalia.com<\/strong> verwendet <strong>?<\/strong><\/h3><p><strong>Eigene Cookies:<\/strong><\/p><p>Alle eigenen Cookies von <strong>bagnoitalia.com<\/strong> fallen unter die Kategorie der technischen Cookies, f\u00fcr die die bereitgestellten Informationen obligatorisch sind, jedoch nicht die ausdr\u00fcckliche Zustimmung des Benutzers.<\/p><p><em>Navigations- oder Sitzungscookies<\/em><br \/>Vom Server automatisch generierte <em>Sitzungscookies<\/em> .<br \/><em>Funktionscookies<\/em><br \/>Cookie zum Anzeigen der Warnmeldung Cookie-Richtlinie.<\/p><p><strong>Cookies von Drittanbietern:<\/strong><\/p><p><em>Google Analytics<\/em><br \/>Dieser Webanalysedienst sammelt Informationen dar\u00fcber, wie Besucher unsere Website nutzen, auf welcher Website der Benutzer kommt, wie viele Besuche jeder Benutzer hat und wie lange der Benutzer auf der Website bleibt. Diese Informationen enthalten keine spezifischen Details zum einzelnen Benutzer und werden verwendet, um Statistiken \u00fcber die Nutzung des Webs auf aggregierter Ebene zu erstellen. Verwenden Sie eine Reihe von Cookies, um die erforderlichen Informationen zu sammeln. Google kann die gesammelten Daten verwenden, um die Werbung seines Werbenetzwerks zu kontextualisieren und zu personalisieren.<br \/><a href=\"https:\/\/translate.googleusercontent.com\/translate_c?depth=1&amp;pto=aue&amp;rurl=translate.google.it&amp;sl=it&amp;sp=nmt4&amp;tl=de&amp;u=http:\/\/www.google.com\/intl\/it\/policies\/privacy\/&amp;usg=ALkJrhiDv9W8E3jA7EkbWL8cpXj_qV9D7Q\" target=\"_blank\" rel=\"noopener noreferrer\">Link zur Datenschutzerkl\u00e4rung<\/a><\/p><p><em>Google Ads<\/em><br \/>Google Ads ist ein Google-Dienst, der f\u00fcr das Conversion-Tracking und Remarketing verwendet wird. Google Ads verwendet und verwaltet Cookies, um die f\u00fcr den Betrieb erforderlichen Informationen zu sammeln.<br \/><a href=\"https:\/\/translate.googleusercontent.com\/translate_c?depth=1&amp;pto=aue&amp;rurl=translate.google.it&amp;sl=it&amp;sp=nmt4&amp;tl=de&amp;u=http:\/\/www.google.com\/intl\/it\/policies\/privacy\/&amp;usg=ALkJrhiDv9W8E3jA7EkbWL8cpXj_qV9D7Q\" target=\"_blank\" rel=\"noopener noreferrer\">Link zur Datenschutzerkl\u00e4rung<\/a><\/p><p><em>Facebook Like and Share<\/em><br \/>Mit der <em>Facebook Like and Share-<\/em> Schaltfl\u00e4che k\u00f6nnen Sie mit dem sozialen Netzwerk Facebook interagieren. Diese Funktionen erstellen Cookies in Ihrem Browser von Facebook. Weitere Informationen und Einverst\u00e4ndniserkl\u00e4rungen Dritter finden Sie unter dem <a href=\"https:\/\/translate.googleusercontent.com\/translate_c?depth=1&amp;pto=aue&amp;rurl=translate.google.it&amp;sl=it&amp;sp=nmt4&amp;tl=de&amp;u=https:\/\/www.facebook.com\/policy.php&amp;usg=ALkJrhgTKEQtTUsU9wVeFyh6n-zzpznivQ\" target=\"_blank\" rel=\"noopener noreferrer\">Link zur Datenschutzrichtlinie<\/a> des Diensteanbieters.<\/p><p><em>Facebook-Pixel-<\/em><br \/>Retargeting Mit Retargeting oder Remarketing k\u00f6nnen Sie Facebook-Anzeigen basierend auf den zuvor von Benutzern besuchten Seiten anpassen. Weitere Informationen und Einverst\u00e4ndniserkl\u00e4rungen Dritter finden Sie unter dem <a href=\"https:\/\/translate.googleusercontent.com\/translate_c?depth=1&amp;pto=aue&amp;rurl=translate.google.it&amp;sl=it&amp;sp=nmt4&amp;tl=de&amp;u=https:\/\/www.facebook.com\/policy.php&amp;usg=ALkJrhgTKEQtTUsU9wVeFyh6n-zzpznivQ\" target=\"_blank\" rel=\"noopener noreferrer\">Link zur Datenschutzerkl\u00e4rung<\/a> des Diensteanbieters.<\/p><h3>5. Kontrolle, L\u00f6schung und Verbot von Cookies<\/h3><p>Durch das Surfen auf <strong>bagnoitalia.com<\/strong> stimmt der Benutzer implizit der Verwendung von Cookies zu. Standardm\u00e4\u00dfig akzeptieren Browser im Allgemeinen die Verwendung von Cookies von beiden Websites Dritter.<br \/><strong>bagnoitalia.com<\/strong> Es ist jedoch m\u00f6glich, diese Einstellungen je nach verwendetem Browsertyp in verschiedenen Modi zu \u00e4ndern.<br \/>Wenn verschiedene Ger\u00e4te zum Anzeigen und Zugreifen auf die Internetseiten verwendet werden (z. B. Computer, Smartphones, Tablets usw.), muss sichergestellt werden, dass jeder Browser auf jedem Ger\u00e4t an die Cookie-Einstellungen angepasst ist.<br \/>Das Deaktivieren von Cookies kann sich auf die Benutzererfahrung der Website auswirken. Beispielsweise k\u00f6nnen Sie bestimmte Bereiche nicht besuchen oder keine personalisierten Informationen erhalten.<br \/>Um die Verwendung von Cookies zu verwalten, m\u00fcssen die Browsereinstellungen wie folgt f\u00fcr die g\u00e4ngigsten Browser ge\u00e4ndert werden:<br \/>Internet Explorer: <a href=\"https:\/\/translate.googleusercontent.com\/translate_c?depth=1&amp;pto=aue&amp;rurl=translate.google.it&amp;sl=it&amp;sp=nmt4&amp;tl=de&amp;u=http:\/\/windows.microsoft.com\/it-it\/internet-explorer\/delete-manage-cookies&amp;usg=ALkJrhioN_8-WzYsNud7rWj3FwF4q95qJA#ie=ie-11\" target=\"_blank\" rel=\"noopener noreferrer\">Verwaltung von Cookies<\/a><br \/>Mozilla Firefox: <a href=\"https:\/\/translate.googleusercontent.com\/translate_c?depth=1&amp;pto=aue&amp;rurl=translate.google.it&amp;sl=it&amp;sp=nmt4&amp;tl=de&amp;u=https:\/\/support.mozilla.org\/it\/kb\/Eliminare%2520i%2520cookie%3Fesab%3Da%26s%3Dcookie%26r%3D5%26as%3Ds&amp;usg=ALkJrhjv5XEfHg7IPNbVluQ1OTH1NDNbHQ\" target=\"_blank\" rel=\"noopener noreferrer\">Verwaltung von Cookies<\/a><br \/>Google Chrome: <a href=\"https:\/\/translate.googleusercontent.com\/translate_c?depth=1&amp;pto=aue&amp;rurl=translate.google.it&amp;sl=it&amp;sp=nmt4&amp;tl=de&amp;u=https:\/\/support.google.com\/chrome\/answer\/95647%3Fhl%3Dit&amp;usg=ALkJrhhLL4ZhW50V0nBA2rJ55yRky0IJnQ\" target=\"_blank\" rel=\"noopener noreferrer\">Verwaltung von Cookies<\/a><br \/>Opera: <a href=\"https:\/\/translate.googleusercontent.com\/translate_c?depth=1&amp;pto=aue&amp;rurl=translate.google.it&amp;sl=it&amp;sp=nmt4&amp;tl=de&amp;u=http:\/\/help.opera.com\/Windows\/12.10\/it\/cookies.html&amp;usg=ALkJrhiCIsIS6EPhrADlqqaDQMtBkOIBCw\" target=\"_blank\" rel=\"noopener noreferrer\">Verwaltung von Cookies<\/a><br \/>Safari: <a href=\"https:\/\/translate.googleusercontent.com\/translate_c?depth=1&amp;pto=aue&amp;rurl=translate.google.it&amp;sl=it&amp;sp=nmt4&amp;tl=de&amp;u=https:\/\/support.apple.com\/it-it\/HT201265&amp;usg=ALkJrhh2TXue70dOX9813Gu4WGn_DeylKQ\" target=\"_blank\" rel=\"noopener noreferrer\">Verwaltung Cookies<\/a><\/p><p>Weitere Tools zum Verwalten von Cookies:<br \/><a href=\"https:\/\/translate.googleusercontent.com\/translate_c?depth=1&amp;pto=aue&amp;rurl=translate.google.it&amp;sl=it&amp;sp=nmt4&amp;tl=de&amp;u=https:\/\/tools.google.com\/dlpage\/gaoptout&amp;usg=ALkJrhhzhNHycsKY3iTFjczHsEo4d9MQ1g\" target=\"_blank\" rel=\"noopener noreferrer\">Zus\u00e4tzliche Browserkomponente zum Deaktivieren von Google Analytics<\/a><br \/><a href=\"https:\/\/translate.googleusercontent.com\/translate_c?depth=1&amp;pto=aue&amp;rurl=translate.google.it&amp;sl=it&amp;sp=nmt4&amp;tl=de&amp;u=http:\/\/www.networkadvertising.org\/choices\/&amp;usg=ALkJrhjAwg9VQb2Z6CP66zBVYkjuROFT0g#completed\" target=\"_blank\" rel=\"noopener noreferrer\">Tool zur Steuerung und Deaktivierung einiger Cookies von Drittanbietern (auf Englisch) <\/a><br \/><a href=\"https:\/\/translate.googleusercontent.com\/translate_c?depth=1&amp;pto=aue&amp;rurl=translate.google.it&amp;sl=it&amp;sp=nmt4&amp;tl=de&amp;u=http:\/\/www.youronlinechoices.com\/it\/le-tue-scelte&amp;usg=ALkJrhhrT0B9Yn0aRy2f8D_UAA9lRcfDuw\" target=\"_blank\" rel=\"noopener noreferrer\">Tool zur Steuerung und Deaktivierung einiger Cookies von Drittanbietern<\/a><\/p>\t\t\t\t\t\t\t\t<\/div>\n\t\t\t\t<\/div>\n\t\t\t\t\t<\/div>\n\t\t<\/div>\n\t\t\t\t\t<\/div>\n\t\t<\/section>\n\t\t\t\t<section class=\"elementor-section elementor-top-section elementor-element elementor-element-2323206 elementor-section-boxed elementor-section-height-default elementor-section-height-default\" data-id=\"2323206\" data-element_type=\"section\">\n\t\t\t\t\t\t<div class=\"elementor-container elementor-column-gap-default\">\n\t\t\t\t\t<div class=\"elementor-column elementor-col-100 elementor-top-column elementor-element elementor-element-939136c\" data-id=\"939136c\" data-element_type=\"column\">\n\t\t\t<div class=\"elementor-widget-wrap elementor-element-populated\">\n\t\t\t\t\t\t<div class=\"elementor-element elementor-element-71bd792 elementor-widget elementor-widget-html\" data-id=\"71bd792\" data-element_type=\"widget\" data-widget_type=\"html.default\">\n\t\t\t\t<div class=\"elementor-widget-container\">\n\t\t\t\t\t<div id=\"cc-cookie-declaration-table\">Cookie declaration by Cookie Confirm<\/div>\t\t\t\t<\/div>\n\t\t\t\t<\/div>\n\t\t\t\t\t<\/div>\n\t\t<\/div>\n\t\t\t\t\t<\/div>\n\t\t<\/section>\n\t\t\t\t<\/div>\n\t\t","protected":false},"excerpt":{"rendered":"<p>Diese Informationen dienen speziell der Veranschaulichung der Arten und Verwendungsmethoden sowie der Angabe von Ma\u00dfnahmen zur Ablehnung oder Beseitigung der Cookies auf der Website. 1. Was sind Cookies? Cookies kleine Textdateien mit Informationen, die direkt auf dem Ger\u00e4t des Benutzers gespeichert und bei jedem Auftreten oder nachfolgenden Zugriff auf die Site automatisch an den Server [&hellip;]<\/p>\n","protected":false},"author":1,"featured_media":0,"parent":0,"menu_order":1,"comment_status":"closed","ping_status":"closed","template":"","meta":{"footnotes":""},"categories":[5044],"tags":[],"class_list":["post-76792","page","type-page","status-publish","hentry","category-base-3"],"yoast_head":"<!-- This site is optimized with the Yoast SEO plugin v26.7 - https:\/\/yoast.com\/wordpress\/plugins\/seo\/ -->\n<title>Cookie-Richtlinie - Bagno Italia<\/title>\n<meta name=\"robots\" content=\"index, follow, max-snippet:-1, max-image-preview:large, max-video-preview:-1\" \/>\n<link rel=\"canonical\" href=\"https:\/\/www.bagnoitalia.com\/de\/cookie-policy-2\" \/>\n<meta property=\"og:locale\" content=\"de_DE\" \/>\n<meta property=\"og:type\" content=\"article\" \/>\n<meta property=\"og:title\" content=\"Cookie-Richtlinie - Bagno Italia\" \/>\n<meta property=\"og:description\" content=\"Diese Informationen dienen speziell der Veranschaulichung der Arten und Verwendungsmethoden sowie der Angabe von Ma\u00dfnahmen zur Ablehnung oder Beseitigung der Cookies auf der Website. 1. Was sind Cookies? Cookies kleine Textdateien mit Informationen, die direkt auf dem Ger\u00e4t des Benutzers gespeichert und bei jedem Auftreten oder nachfolgenden Zugriff auf die Site automatisch an den Server [&hellip;]\" \/>\n<meta property=\"og:url\" content=\"https:\/\/www.bagnoitalia.com\/de\/cookie-policy-2\" \/>\n<meta property=\"og:site_name\" content=\"Bagno Italia\" \/>\n<meta property=\"article:modified_time\" content=\"2025-12-29T10:38:24+00:00\" \/>\n<meta name=\"twitter:card\" content=\"summary_large_image\" \/>\n<meta name=\"twitter:label1\" content=\"Gesch\u00e4tzte Lesezeit\" \/>\n\t<meta name=\"twitter:data1\" content=\"4\u00a0Minuten\" \/>\n<script type=\"application\/ld+json\" class=\"yoast-schema-graph\">{\"@context\":\"https:\/\/schema.org\",\"@graph\":[{\"@type\":\"WebPage\",\"@id\":\"https:\/\/www.bagnoitalia.com\/de\/cookie-policy-2\",\"url\":\"https:\/\/www.bagnoitalia.com\/de\/cookie-policy-2\",\"name\":\"Cookie-Richtlinie - Bagno Italia\",\"isPartOf\":{\"@id\":\"https:\/\/www.bagnoitalia.com\/de#website\"},\"datePublished\":\"2015-06-03T15:47:10+00:00\",\"dateModified\":\"2025-12-29T10:38:24+00:00\",\"breadcrumb\":{\"@id\":\"https:\/\/www.bagnoitalia.com\/de\/cookie-policy-2#breadcrumb\"},\"inLanguage\":\"de\",\"potentialAction\":[{\"@type\":\"ReadAction\",\"target\":[\"https:\/\/www.bagnoitalia.com\/de\/cookie-policy-2\"]}]},{\"@type\":\"BreadcrumbList\",\"@id\":\"https:\/\/www.bagnoitalia.com\/de\/cookie-policy-2#breadcrumb\",\"itemListElement\":[{\"@type\":\"ListItem\",\"position\":1,\"name\":\"Home\",\"item\":\"https:\/\/www.bagnoitalia.com\/de\"},{\"@type\":\"ListItem\",\"position\":2,\"name\":\"Cookie-Richtlinie\"}]},{\"@type\":\"WebSite\",\"@id\":\"https:\/\/www.bagnoitalia.com\/de#website\",\"url\":\"https:\/\/www.bagnoitalia.com\/de\",\"name\":\"Bagno Italia\",\"description\":\"\",\"publisher\":{\"@id\":\"https:\/\/www.bagnoitalia.com\/de#organization\"},\"potentialAction\":[{\"@type\":\"SearchAction\",\"target\":{\"@type\":\"EntryPoint\",\"urlTemplate\":\"https:\/\/www.bagnoitalia.com\/de?s={search_term_string}\"},\"query-input\":{\"@type\":\"PropertyValueSpecification\",\"valueRequired\":true,\"valueName\":\"search_term_string\"}}],\"inLanguage\":\"de\"},{\"@type\":\"Organization\",\"@id\":\"https:\/\/www.bagnoitalia.com\/de#organization\",\"name\":\"Bagno Italia\",\"url\":\"https:\/\/www.bagnoitalia.com\/de\",\"logo\":{\"@type\":\"ImageObject\",\"inLanguage\":\"de\",\"@id\":\"https:\/\/www.bagnoitalia.com\/de#\/schema\/logo\/image\/\",\"url\":\"https:\/\/img.bagnoitalia.com\/wp-content\/uploads\/logo-bagnoitalia.webp\",\"contentUrl\":\"https:\/\/img.bagnoitalia.com\/wp-content\/uploads\/logo-bagnoitalia.webp\",\"width\":400,\"height\":70,\"caption\":\"Bagno Italia\"},\"image\":{\"@id\":\"https:\/\/www.bagnoitalia.com\/de#\/schema\/logo\/image\/\"}}]}<\/script>\n<!-- \/ Yoast SEO plugin. -->","yoast_head_json":{"title":"Cookie-Richtlinie - Bagno Italia","robots":{"index":"index","follow":"follow","max-snippet":"max-snippet:-1","max-image-preview":"max-image-preview:large","max-video-preview":"max-video-preview:-1"},"canonical":"https:\/\/www.bagnoitalia.com\/de\/cookie-policy-2","og_locale":"de_DE","og_type":"article","og_title":"Cookie-Richtlinie - Bagno Italia","og_description":"Diese Informationen dienen speziell der Veranschaulichung der Arten und Verwendungsmethoden sowie der Angabe von Ma\u00dfnahmen zur Ablehnung oder Beseitigung der Cookies auf der Website. 1. Was sind Cookies? Cookies kleine Textdateien mit Informationen, die direkt auf dem Ger\u00e4t des Benutzers gespeichert und bei jedem Auftreten oder nachfolgenden Zugriff auf die Site automatisch an den Server [&hellip;]","og_url":"https:\/\/www.bagnoitalia.com\/de\/cookie-policy-2","og_site_name":"Bagno Italia","article_modified_time":"2025-12-29T10:38:24+00:00","twitter_card":"summary_large_image","twitter_misc":{"Gesch\u00e4tzte Lesezeit":"4\u00a0Minuten"},"schema":{"@context":"https:\/\/schema.org","@graph":[{"@type":"WebPage","@id":"https:\/\/www.bagnoitalia.com\/de\/cookie-policy-2","url":"https:\/\/www.bagnoitalia.com\/de\/cookie-policy-2","name":"Cookie-Richtlinie - Bagno Italia","isPartOf":{"@id":"https:\/\/www.bagnoitalia.com\/de#website"},"datePublished":"2015-06-03T15:47:10+00:00","dateModified":"2025-12-29T10:38:24+00:00","breadcrumb":{"@id":"https:\/\/www.bagnoitalia.com\/de\/cookie-policy-2#breadcrumb"},"inLanguage":"de","potentialAction":[{"@type":"ReadAction","target":["https:\/\/www.bagnoitalia.com\/de\/cookie-policy-2"]}]},{"@type":"BreadcrumbList","@id":"https:\/\/www.bagnoitalia.com\/de\/cookie-policy-2#breadcrumb","itemListElement":[{"@type":"ListItem","position":1,"name":"Home","item":"https:\/\/www.bagnoitalia.com\/de"},{"@type":"ListItem","position":2,"name":"Cookie-Richtlinie"}]},{"@type":"WebSite","@id":"https:\/\/www.bagnoitalia.com\/de#website","url":"https:\/\/www.bagnoitalia.com\/de","name":"Bagno Italia","description":"","publisher":{"@id":"https:\/\/www.bagnoitalia.com\/de#organization"},"potentialAction":[{"@type":"SearchAction","target":{"@type":"EntryPoint","urlTemplate":"https:\/\/www.bagnoitalia.com\/de?s={search_term_string}"},"query-input":{"@type":"PropertyValueSpecification","valueRequired":true,"valueName":"search_term_string"}}],"inLanguage":"de"},{"@type":"Organization","@id":"https:\/\/www.bagnoitalia.com\/de#organization","name":"Bagno Italia","url":"https:\/\/www.bagnoitalia.com\/de","logo":{"@type":"ImageObject","inLanguage":"de","@id":"https:\/\/www.bagnoitalia.com\/de#\/schema\/logo\/image\/","url":"https:\/\/img.bagnoitalia.com\/wp-content\/uploads\/logo-bagnoitalia.webp","contentUrl":"https:\/\/img.bagnoitalia.com\/wp-content\/uploads\/logo-bagnoitalia.webp","width":400,"height":70,"caption":"Bagno Italia"},"image":{"@id":"https:\/\/www.bagnoitalia.com\/de#\/schema\/logo\/image\/"}}]}},"_links":{"self":[{"href":"https:\/\/www.bagnoitalia.com\/de\/wp-json\/wp\/v2\/pages\/76792","targetHints":{"allow":["GET"]}}],"collection":[{"href":"https:\/\/www.bagnoitalia.com\/de\/wp-json\/wp\/v2\/pages"}],"about":[{"href":"https:\/\/www.bagnoitalia.com\/de\/wp-json\/wp\/v2\/types\/page"}],"author":[{"embeddable":true,"href":"https:\/\/www.bagnoitalia.com\/de\/wp-json\/wp\/v2\/users\/1"}],"replies":[{"embeddable":true,"href":"https:\/\/www.bagnoitalia.com\/de\/wp-json\/wp\/v2\/comments?post=76792"}],"version-history":[{"count":3,"href":"https:\/\/www.bagnoitalia.com\/de\/wp-json\/wp\/v2\/pages\/76792\/revisions"}],"predecessor-version":[{"id":115517,"href":"https:\/\/www.bagnoitalia.com\/de\/wp-json\/wp\/v2\/pages\/76792\/revisions\/115517"}],"wp:attachment":[{"href":"https:\/\/www.bagnoitalia.com\/de\/wp-json\/wp\/v2\/media?parent=76792"}],"wp:term":[{"taxonomy":"category","embeddable":true,"href":"https:\/\/www.bagnoitalia.com\/de\/wp-json\/wp\/v2\/categories?post=76792"},{"taxonomy":"post_tag","embeddable":true,"href":"https:\/\/www.bagnoitalia.com\/de\/wp-json\/wp\/v2\/tags?post=76792"}],"curies":[{"name":"wp","href":"https:\/\/api.w.org\/{rel}","templated":true}]}}